{"id":438223,"date":"2026-05-05T17:29:09","date_gmt":"2026-05-05T15:29:09","guid":{"rendered":"https:\/\/www.miomiorun.com\/?post_type=product&#038;p=438223"},"modified":"2026-05-11T19:36:27","modified_gmt":"2026-05-11T17:36:27","slug":"cloudrunner-3-femme","status":"publish","type":"product","link":"https:\/\/www.miomiorun.com\/fr\/produit\/cloudrunner-3-femme\/","title":{"rendered":"Cloudrunner 3 femme"},"content":{"rendered":"<table style=\"border-collapse: collapse;width: 100%\">\n<tbody>\n<tr>\n<td style=\"width: 33.3333%;vertical-align: top;text-align: center\">\n<h4 style=\"text-align: left\">Caract\u00e9ristiques techniques<\/h4>\n<p style=\"text-align: left\">Cat\u00e9gorie : stables<br \/>\nD\u00e9port : 8 mm<br \/>\nPoids : 250 g<br \/>\nId\u00e9ale pour : ceux qui recherchent une chaussure offrant un bon maintien pour leurs sorties quotidiennes<br \/>\nPoids de l&#8217;athl\u00e8te : 70-90 kg<br \/>\nAllure de course : 5,00-6,00 min\/km<br \/>\n<a href=\"https:\/\/miomiorun.com\/guida-alle-specifiche-tecniche\/\">Guide des caract\u00e9ristiques techniques<\/a><\/p>\n<\/td>\n<td style=\"width: 66.6666%;vertical-align: top;text-align: center\">\n<p style=\"text-align: left\" data-start=\"0\" data-end=\"321\">Les On Cloudrunner 3 sont con\u00e7ues pour offrir <strong data-start=\"76\" data-end=\"89\">stabilit\u00e9<\/strong>, <strong data-start=\"91\" data-end=\"102\">confort<\/strong> et <strong data-start=\"105\" data-end=\"118\">contr\u00f4le<\/strong> lors de la course quotidienne. \u00c9volution de l&#8217;une des chaussures d&#8217;entra\u00eenement quotidien les plus appr\u00e9ci\u00e9es, elles pr\u00e9sentent une <strong data-start=\"217\" data-end=\"235\">base plus large<\/strong> et un <strong data-start=\"241\" data-end=\"272\">soutien cibl\u00e9 au niveau du talon<\/strong> pour garantir une course plus s\u00fbre et \u00e9quilibr\u00e9e.<\/p>\n<p style=\"text-align: left\" data-start=\"323\" data-end=\"363\">La construction est con\u00e7ue pour garantir :<\/p>\n<ul style=\"text-align: left\" data-start=\"364\" data-end=\"585\">\n<li data-section-id=\"1agvpcn\" data-start=\"364\" data-end=\"439\"><strong data-start=\"366\" data-end=\"388\">Une stabilit\u00e9 constante<\/strong> gr\u00e2ce \u00e0 la base large et au soutien asym\u00e9trique<\/li>\n<li data-section-id=\"70b83n\" data-start=\"440\" data-end=\"522\"><strong data-start=\"442\" data-end=\"472\">Absorption des chocs<\/strong> gr\u00e2ce \u00e0 l&#8217;amorti CloudTec\u00ae et \u00e0 la mousse Helion\u2122<\/li>\n<li data-section-id=\"8izctm\" data-start=\"523\" data-end=\"585\"><strong data-start=\"525\" data-end=\"547\">Transition fluide<\/strong> gr\u00e2ce \u00e0 la g\u00e9om\u00e9trie rocker de l&#8217;avant-pied<\/li>\n<\/ul>\n<p style=\"text-align: left\" data-start=\"587\" data-end=\"1004\">La <strong data-start=\"590\" data-end=\"612\">tige respirante<\/strong> favorise la ventilation pendant l&#8217;activit\u00e9, tandis que <strong data-start=\"666\" data-end=\"703\">le talon et la languette ultra-souples<\/strong> am\u00e9liorent l&#8217;ajustement et le confort g\u00e9n\u00e9ral. Le renfort lat\u00e9ral sur\u00e9lev\u00e9 contribue \u00e0 maintenir le pied stable, tandis que la <strong data-start=\"832\" data-end=\"861\">semelle en caoutchouc r\u00e9sistant<\/strong> assure adh\u00e9rence et durabilit\u00e9. Les <strong data-start=\"902\" data-end=\"926\">d\u00e9tails r\u00e9fl\u00e9chissants<\/strong> augmentent la visibilit\u00e9 dans des conditions de faible luminosit\u00e9.<\/p>\n<\/td>\n<\/tr>\n<\/tbody>\n<\/table>\n<p>&nbsp;<\/p>\n","protected":false},"excerpt":{"rendered":"<ul>\n<li data-section-id=\"1est7wv\" data-start=\"1187\" data-end=\"1279\"><strong data-start=\"1189\" data-end=\"1238\">Amorti CloudTec\u00ae avec mousse Helion\u2122<\/strong> pour plus de confort et une meilleure protection contre les chocs<\/li>\n<li data-section-id=\"g70yup\" data-start=\"1280\" data-end=\"1344\"><strong data-start=\"1282\" data-end=\"1319\">Base large et maintien au talon<\/strong> pour une meilleure stabilit\u00e9<\/li>\n<li data-section-id=\"d8mzss\" data-start=\"1345\" data-end=\"1409\" data-is-last-node=\"\"><strong data-start=\"1347\" data-end=\"1388\">Tige respirante et semelle r\u00e9sistante<\/strong> pour plus de confort et de durabilit\u00e9<\/li>\n<\/ul>\n","protected":false},"featured_media":438339,"template":"","meta":{"_acf_changed":false,"inline_featured_image":false},"product_brand":[],"product_cat":[22605,22606],"product_tag":[38524,39204],"class_list":{"0":"post-438223","1":"product","2":"type-product","3":"status-publish","4":"has-post-thumbnail","6":"product_cat-chaussures-pour-femmes","7":"product_cat-neutre","8":"product_tag-on","9":"product_tag-on-femme","10":"pa_attivita-lifestyle-fr","11":"pa_attivita-marcher","12":"pa_attivita-running-fr","13":"pa_colore-cloudrunner-3-w-ivory-dew","14":"pa_marca-on","15":"pa_sesso-femme","16":"pa_size-38-fr","17":"pa_size-38-5-fr","18":"pa_size-39-fr","19":"pa_size-40-fr","20":"pa_size-40-5-fr","21":"pa_size-41-fr","23":"first","24":"instock","25":"taxable","26":"shipping-taxable","27":"purchasable","28":"product-type-variable","29":"wvs-archive-product-wrapper"},"acf":[],"yoast_head":"<!-- This site is optimized with the Yoast SEO plugin v26.8 - https:\/\/yoast.com\/product\/yoast-seo-wordpress\/ -->\n<title>On Cloudrunner 3 femme - chaussures de course pour femmes - MioMioRun.com<\/title>\n<meta name=\"description\" content=\"Chaussure de course \u00e0 pied \u00e0 semelle large, stable et amortissante, con\u00e7ue pour offrir confort, contr\u00f4le et s\u00e9curit\u00e9 \u00e0 chaque sortie.\" \/>\n<meta name=\"robots\" content=\"index, follow, max-snippet:-1, max-image-preview:large, max-video-preview:-1\" \/>\n<link rel=\"canonical\" href=\"https:\/\/www.miomiorun.com\/fr\/produit\/cloudrunner-3-femme\/\" \/>\n<meta property=\"og:locale\" content=\"fr_FR\" \/>\n<meta property=\"og:type\" content=\"article\" \/>\n<meta property=\"og:title\" content=\"On Cloudrunner 3 femme - chaussures de course pour femmes - MioMioRun.com\" \/>\n<meta property=\"og:description\" content=\"Chaussure de course \u00e0 pied \u00e0 semelle large, stable et amortissante, con\u00e7ue pour offrir confort, contr\u00f4le et s\u00e9curit\u00e9 \u00e0 chaque sortie.\" \/>\n<meta property=\"og:url\" content=\"https:\/\/www.miomiorun.com\/fr\/produit\/cloudrunner-3-femme\/\" \/>\n<meta property=\"og:site_name\" content=\"MioMioRun\" \/>\n<meta property=\"article:publisher\" content=\"https:\/\/www.facebook.com\/miomiorun\/\" \/>\n<meta property=\"article:modified_time\" content=\"2026-05-11T17:36:27+00:00\" \/>\n<meta property=\"og:image\" content=\"https:\/\/www.miomiorun.com\/app\/uploads\/2026\/05\/On-Cloudrunner-3-W-ivory-dew-3WG10053387.webp\" \/>\n\t<meta property=\"og:image:width\" content=\"720\" \/>\n\t<meta property=\"og:image:height\" content=\"720\" \/>\n\t<meta property=\"og:image:type\" content=\"image\/webp\" \/>\n<meta name=\"twitter:card\" content=\"summary_large_image\" \/>\n<meta name=\"twitter:label1\" content=\"Est. reading time\" \/>\n\t<meta name=\"twitter:data1\" content=\"1 minute\" \/>\n<script type=\"application\/ld+json\" class=\"yoast-schema-graph\">{\"@context\":\"https:\/\/schema.org\",\"@graph\":[{\"@type\":\"WebPage\",\"@id\":\"https:\/\/www.miomiorun.com\/fr\/produit\/cloudrunner-3-femme\/\",\"url\":\"https:\/\/www.miomiorun.com\/fr\/produit\/cloudrunner-3-femme\/\",\"name\":\"On Cloudrunner 3 femme - chaussures de course pour femmes - MioMioRun.com\",\"isPartOf\":{\"@id\":\"https:\/\/www.miomiorun.com\/fr\/#website\"},\"primaryImageOfPage\":{\"@id\":\"https:\/\/www.miomiorun.com\/fr\/produit\/cloudrunner-3-femme\/#primaryimage\"},\"image\":{\"@id\":\"https:\/\/www.miomiorun.com\/fr\/produit\/cloudrunner-3-femme\/#primaryimage\"},\"thumbnailUrl\":\"https:\/\/www.miomiorun.com\/app\/uploads\/2026\/05\/On-Cloudrunner-3-W-ivory-dew-3WG10053387.webp\",\"datePublished\":\"2026-05-05T15:29:09+00:00\",\"dateModified\":\"2026-05-11T17:36:27+00:00\",\"description\":\"Chaussure de course \u00e0 pied \u00e0 semelle large, stable et amortissante, con\u00e7ue pour offrir confort, contr\u00f4le et s\u00e9curit\u00e9 \u00e0 chaque sortie.\",\"breadcrumb\":{\"@id\":\"https:\/\/www.miomiorun.com\/fr\/produit\/cloudrunner-3-femme\/#breadcrumb\"},\"inLanguage\":\"fr-FR\",\"potentialAction\":[{\"@type\":\"ReadAction\",\"target\":[\"https:\/\/www.miomiorun.com\/fr\/produit\/cloudrunner-3-femme\/\"]}]},{\"@type\":\"ImageObject\",\"inLanguage\":\"fr-FR\",\"@id\":\"https:\/\/www.miomiorun.com\/fr\/produit\/cloudrunner-3-femme\/#primaryimage\",\"url\":\"https:\/\/www.miomiorun.com\/app\/uploads\/2026\/05\/On-Cloudrunner-3-W-ivory-dew-3WG10053387.webp\",\"contentUrl\":\"https:\/\/www.miomiorun.com\/app\/uploads\/2026\/05\/On-Cloudrunner-3-W-ivory-dew-3WG10053387.webp\",\"width\":720,\"height\":720,\"caption\":\"On Cloudrunner 3 W ivory dew 3WG10053387\"},{\"@type\":\"BreadcrumbList\",\"@id\":\"https:\/\/www.miomiorun.com\/fr\/produit\/cloudrunner-3-femme\/#breadcrumb\",\"itemListElement\":[{\"@type\":\"ListItem\",\"position\":1,\"name\":\"Home\",\"item\":\"https:\/\/www.miomiorun.com\/fr\/home-page\/\"},{\"@type\":\"ListItem\",\"position\":2,\"name\":\"Shop\",\"item\":\"https:\/\/www.miomiorun.com\/shop\/\"},{\"@type\":\"ListItem\",\"position\":3,\"name\":\"Cloudrunner 3 femme\"}]},{\"@type\":\"WebSite\",\"@id\":\"https:\/\/www.miomiorun.com\/fr\/#website\",\"url\":\"https:\/\/www.miomiorun.com\/fr\/\",\"name\":\"MioMioRun\",\"description\":\"Boutique 100% running et trail\",\"publisher\":{\"@id\":\"https:\/\/www.miomiorun.com\/fr\/#organization\"},\"potentialAction\":[{\"@type\":\"SearchAction\",\"target\":{\"@type\":\"EntryPoint\",\"urlTemplate\":\"https:\/\/www.miomiorun.com\/fr\/?s={search_term_string}\"},\"query-input\":{\"@type\":\"PropertyValueSpecification\",\"valueRequired\":true,\"valueName\":\"search_term_string\"}}],\"inLanguage\":\"fr-FR\"},{\"@type\":\"Organization\",\"@id\":\"https:\/\/www.miomiorun.com\/fr\/#organization\",\"name\":\"MioMio Run\",\"url\":\"https:\/\/www.miomiorun.com\/fr\/\",\"logo\":{\"@type\":\"ImageObject\",\"inLanguage\":\"fr-FR\",\"@id\":\"https:\/\/www.miomiorun.com\/fr\/#\/schema\/logo\/image\/\",\"url\":\"https:\/\/www.miomiorun.com\/app\/uploads\/2019\/12\/logomio.png\",\"contentUrl\":\"https:\/\/www.miomiorun.com\/app\/uploads\/2019\/12\/logomio.png\",\"width\":115,\"height\":82,\"caption\":\"MioMio Run\"},\"image\":{\"@id\":\"https:\/\/www.miomiorun.com\/fr\/#\/schema\/logo\/image\/\"},\"sameAs\":[\"https:\/\/www.facebook.com\/miomiorun\/\",\"https:\/\/www.instagram.com\/miomiorun\/\"]}]}<\/script>\n<!-- \/ Yoast SEO plugin. -->","yoast_head_json":{"title":"On Cloudrunner 3 femme - chaussures de course pour femmes - MioMioRun.com","description":"Chaussure de course \u00e0 pied \u00e0 semelle large, stable et amortissante, con\u00e7ue pour offrir confort, contr\u00f4le et s\u00e9curit\u00e9 \u00e0 chaque sortie.","robots":{"index":"index","follow":"follow","max-snippet":"max-snippet:-1","max-image-preview":"max-image-preview:large","max-video-preview":"max-video-preview:-1"},"canonical":"https:\/\/www.miomiorun.com\/fr\/produit\/cloudrunner-3-femme\/","og_locale":"fr_FR","og_type":"article","og_title":"On Cloudrunner 3 femme - chaussures de course pour femmes - MioMioRun.com","og_description":"Chaussure de course \u00e0 pied \u00e0 semelle large, stable et amortissante, con\u00e7ue pour offrir confort, contr\u00f4le et s\u00e9curit\u00e9 \u00e0 chaque sortie.","og_url":"https:\/\/www.miomiorun.com\/fr\/produit\/cloudrunner-3-femme\/","og_site_name":"MioMioRun","article_publisher":"https:\/\/www.facebook.com\/miomiorun\/","article_modified_time":"2026-05-11T17:36:27+00:00","og_image":[{"width":720,"height":720,"url":"https:\/\/www.miomiorun.com\/app\/uploads\/2026\/05\/On-Cloudrunner-3-W-ivory-dew-3WG10053387.webp","type":"image\/webp"}],"twitter_card":"summary_large_image","twitter_misc":{"Est. reading time":"1 minute"},"schema":{"@context":"https:\/\/schema.org","@graph":[{"@type":"WebPage","@id":"https:\/\/www.miomiorun.com\/fr\/produit\/cloudrunner-3-femme\/","url":"https:\/\/www.miomiorun.com\/fr\/produit\/cloudrunner-3-femme\/","name":"On Cloudrunner 3 femme - chaussures de course pour femmes - MioMioRun.com","isPartOf":{"@id":"https:\/\/www.miomiorun.com\/fr\/#website"},"primaryImageOfPage":{"@id":"https:\/\/www.miomiorun.com\/fr\/produit\/cloudrunner-3-femme\/#primaryimage"},"image":{"@id":"https:\/\/www.miomiorun.com\/fr\/produit\/cloudrunner-3-femme\/#primaryimage"},"thumbnailUrl":"https:\/\/www.miomiorun.com\/app\/uploads\/2026\/05\/On-Cloudrunner-3-W-ivory-dew-3WG10053387.webp","datePublished":"2026-05-05T15:29:09+00:00","dateModified":"2026-05-11T17:36:27+00:00","description":"Chaussure de course \u00e0 pied \u00e0 semelle large, stable et amortissante, con\u00e7ue pour offrir confort, contr\u00f4le et s\u00e9curit\u00e9 \u00e0 chaque sortie.","breadcrumb":{"@id":"https:\/\/www.miomiorun.com\/fr\/produit\/cloudrunner-3-femme\/#breadcrumb"},"inLanguage":"fr-FR","potentialAction":[{"@type":"ReadAction","target":["https:\/\/www.miomiorun.com\/fr\/produit\/cloudrunner-3-femme\/"]}]},{"@type":"ImageObject","inLanguage":"fr-FR","@id":"https:\/\/www.miomiorun.com\/fr\/produit\/cloudrunner-3-femme\/#primaryimage","url":"https:\/\/www.miomiorun.com\/app\/uploads\/2026\/05\/On-Cloudrunner-3-W-ivory-dew-3WG10053387.webp","contentUrl":"https:\/\/www.miomiorun.com\/app\/uploads\/2026\/05\/On-Cloudrunner-3-W-ivory-dew-3WG10053387.webp","width":720,"height":720,"caption":"On Cloudrunner 3 W ivory dew 3WG10053387"},{"@type":"BreadcrumbList","@id":"https:\/\/www.miomiorun.com\/fr\/produit\/cloudrunner-3-femme\/#breadcrumb","itemListElement":[{"@type":"ListItem","position":1,"name":"Home","item":"https:\/\/www.miomiorun.com\/fr\/home-page\/"},{"@type":"ListItem","position":2,"name":"Shop","item":"https:\/\/www.miomiorun.com\/shop\/"},{"@type":"ListItem","position":3,"name":"Cloudrunner 3 femme"}]},{"@type":"WebSite","@id":"https:\/\/www.miomiorun.com\/fr\/#website","url":"https:\/\/www.miomiorun.com\/fr\/","name":"MioMioRun","description":"Boutique 100% running et trail","publisher":{"@id":"https:\/\/www.miomiorun.com\/fr\/#organization"},"potentialAction":[{"@type":"SearchAction","target":{"@type":"EntryPoint","urlTemplate":"https:\/\/www.miomiorun.com\/fr\/?s={search_term_string}"},"query-input":{"@type":"PropertyValueSpecification","valueRequired":true,"valueName":"search_term_string"}}],"inLanguage":"fr-FR"},{"@type":"Organization","@id":"https:\/\/www.miomiorun.com\/fr\/#organization","name":"MioMio Run","url":"https:\/\/www.miomiorun.com\/fr\/","logo":{"@type":"ImageObject","inLanguage":"fr-FR","@id":"https:\/\/www.miomiorun.com\/fr\/#\/schema\/logo\/image\/","url":"https:\/\/www.miomiorun.com\/app\/uploads\/2019\/12\/logomio.png","contentUrl":"https:\/\/www.miomiorun.com\/app\/uploads\/2019\/12\/logomio.png","width":115,"height":82,"caption":"MioMio Run"},"image":{"@id":"https:\/\/www.miomiorun.com\/fr\/#\/schema\/logo\/image\/"},"sameAs":["https:\/\/www.facebook.com\/miomiorun\/","https:\/\/www.instagram.com\/miomiorun\/"]}]}},"_links":{"self":[{"href":"https:\/\/www.miomiorun.com\/fr\/wp-json\/wp\/v2\/product\/438223","targetHints":{"allow":["GET"]}}],"collection":[{"href":"https:\/\/www.miomiorun.com\/fr\/wp-json\/wp\/v2\/product"}],"about":[{"href":"https:\/\/www.miomiorun.com\/fr\/wp-json\/wp\/v2\/types\/product"}],"wp:featuredmedia":[{"embeddable":true,"href":"https:\/\/www.miomiorun.com\/fr\/wp-json\/wp\/v2\/media\/438339"}],"wp:attachment":[{"href":"https:\/\/www.miomiorun.com\/fr\/wp-json\/wp\/v2\/media?parent=438223"}],"wp:term":[{"taxonomy":"product_brand","embeddable":true,"href":"https:\/\/www.miomiorun.com\/fr\/wp-json\/wp\/v2\/product_brand?post=438223"},{"taxonomy":"product_cat","embeddable":true,"href":"https:\/\/www.miomiorun.com\/fr\/wp-json\/wp\/v2\/product_cat?post=438223"},{"taxonomy":"product_tag","embeddable":true,"href":"https:\/\/www.miomiorun.com\/fr\/wp-json\/wp\/v2\/product_tag?post=438223"}],"curies":[{"name":"wp","href":"https:\/\/api.w.org\/{rel}","templated":true}]}}