{"id":438085,"date":"2026-05-05T17:01:49","date_gmt":"2026-05-05T15:01:49","guid":{"rendered":"https:\/\/www.miomiorun.com\/?post_type=product&#038;p=438085"},"modified":"2026-05-12T09:38:29","modified_gmt":"2026-05-12T07:38:29","slug":"cloudrunner-3-homme","status":"publish","type":"product","link":"https:\/\/www.miomiorun.com\/fr\/produit\/cloudrunner-3-homme\/","title":{"rendered":"Cloudrunner 3 homme"},"content":{"rendered":"<table style=\"border-collapse: collapse;width: 100%\">\n<tbody>\n<tr>\n<td style=\"width: 33.2595%;vertical-align: top;text-align: center\">\n<h4 style=\"text-align: left\">Caract\u00e9ristiques techniques<\/h4>\n<p style=\"text-align: left\">Cat\u00e9gorie : stable<br \/>\nD\u00e9port : 8 mm<br \/>\nPoids : 311 g<br \/>\nId\u00e9ale pour : ceux qui recherchent une chaussure offrant un bon maintien pour leurs sorties quotidiennes<br \/>\nPoids de l&#8217;athl\u00e8te : 70-90 kg<br \/>\nAllure de course : 5,00-6,00 min\/km<br \/>\n<a href=\"https:\/\/miomiorun.com\/guida-alle-specifiche-tecniche\/\">Guide des caract\u00e9ristiques techniques<\/a><\/p>\n<\/td>\n<td style=\"width: 66.7404%;vertical-align: top;text-align: center\">\n<p style=\"text-align: left\" data-start=\"0\" data-end=\"370\">Les On Cloudrunner 3 repr\u00e9sentent l&#8217;\u00e9volution d&#8217;une <strong data-start=\"82\" data-end=\"99\">chaussure d&#8217;entra\u00eenement quotidien<\/strong> con\u00e7ue pour offrir <strong data-start=\"120\" data-end=\"133\">stabilit\u00e9<\/strong>, <strong data-start=\"135\" data-end=\"146\">confort<\/strong> et <strong data-start=\"149\" data-end=\"162\">contr\u00f4le<\/strong> \u00e0 chaque sortie. Con\u00e7ues pour vous accompagner dans vos courses quotidiennes, elles combinent une structure plus large et un maintien cibl\u00e9 pour garantir une sensation de s\u00e9curit\u00e9 constante du premier au dernier kilom\u00e8tre.<\/p>\n<p style=\"text-align: left\" data-start=\"372\" data-end=\"412\">La construction est \u00e9tudi\u00e9e pour garantir :<\/p>\n<ul style=\"text-align: left\" data-start=\"413\" data-end=\"647\">\n<li data-section-id=\"12unlx0\" data-start=\"413\" data-end=\"493\"><strong data-start=\"415\" data-end=\"438\">Une stabilit\u00e9 sup\u00e9rieure<\/strong> gr\u00e2ce \u00e0 une base plus large et \u00e0 un maintien au niveau du talon<\/li>\n<li data-section-id=\"70b83n\" data-start=\"494\" data-end=\"576\"><strong data-start=\"496\" data-end=\"526\">Absorption des chocs<\/strong> gr\u00e2ce \u00e0 l&#8217;amorti CloudTec\u00ae et \u00e0 la mousse Helion\u2122<\/li>\n<li data-section-id=\"1fi20hk\" data-start=\"577\" data-end=\"647\"><strong data-start=\"579\" data-end=\"609\">Une foul\u00e9e fluide et contr\u00f4l\u00e9e<\/strong> gr\u00e2ce \u00e0 la g\u00e9om\u00e9trie rocker de l&#8217;avant-pied<\/li>\n<\/ul>\n<p style=\"text-align: left\" data-start=\"649\" data-end=\"1106\">La <strong data-start=\"652\" data-end=\"674\">tige respirante<\/strong> am\u00e9liore la ventilation, tandis que <strong data-start=\"708\" data-end=\"745\">le talon et la languette ultra-souples<\/strong> facilitent l&#8217;enfilage et augmentent le confort. Le <strong data-start=\"795\" data-end=\"831\">soutien asym\u00e9trique au talon<\/strong> et le renfort lat\u00e9ral sur\u00e9lev\u00e9 contribuent \u00e0 une plus grande stabilit\u00e9 pendant la course. La <strong data-start=\"920\" data-end=\"949\">semelle en caoutchouc r\u00e9sistant<\/strong> est con\u00e7ue pour offrir adh\u00e9rence et durabilit\u00e9, tandis que les <strong data-start=\"1003\" data-end=\"1027\">d\u00e9tails r\u00e9fl\u00e9chissants<\/strong> am\u00e9liorent la visibilit\u00e9 dans des conditions de faible luminosit\u00e9.<\/p>\n<\/td>\n<\/tr>\n<\/tbody>\n<\/table>\n<p>&nbsp;<\/p>\n","protected":false},"excerpt":{"rendered":"<ul>\n<li data-section-id=\"12i0lt6\" data-start=\"1297\" data-end=\"1391\"><strong data-start=\"1299\" data-end=\"1348\">Amorti CloudTec\u00ae avec mousse Helion\u2122<\/strong> pour plus de confort et une meilleure absorption des chocs<\/li>\n<li data-section-id=\"n33kkt\" data-start=\"1392\" data-end=\"1459\"><strong data-start=\"1394\" data-end=\"1431\">Base large et renfort au talon<\/strong> pour plus de stabilit\u00e9 et de contr\u00f4le<\/li>\n<li data-section-id=\"r1szv7\" data-start=\"1460\" data-end=\"1532\" data-is-last-node=\"\"><strong data-start=\"1462\" data-end=\"1507\">Tige respirante et d\u00e9tails r\u00e9fl\u00e9chissants<\/strong> pour plus de confort et de visibilit\u00e9<\/li>\n<\/ul>\n","protected":false},"featured_media":438167,"template":"","meta":{"_acf_changed":false,"inline_featured_image":false},"product_brand":[],"product_cat":[24448,24447],"product_tag":[38524,38525],"class_list":{"0":"post-438085","1":"product","2":"type-product","3":"status-publish","4":"has-post-thumbnail","6":"product_cat-chaussures-pour-hommes-fr","7":"product_cat-neutre-fr-3","8":"product_tag-on","9":"product_tag-on-uomo","10":"pa_attivita-lifestyle-fr","11":"pa_attivita-marcher","12":"pa_attivita-running-fr","13":"pa_colore-cloudrunner-3-m-ivory-robin","14":"pa_marca-on","15":"pa_sesso-homme","16":"pa_size-41-fr","17":"pa_size-42-fr","18":"pa_size-42-5-fr","19":"pa_size-43-fr","20":"pa_size-44-fr","21":"pa_size-44-5-fr","22":"pa_size-45-fr","23":"pa_size-46-fr","25":"first","26":"instock","27":"taxable","28":"shipping-taxable","29":"purchasable","30":"product-type-variable","31":"wvs-archive-product-wrapper"},"acf":[],"yoast_head":"<!-- This site is optimized with the Yoast SEO plugin v26.8 - https:\/\/yoast.com\/product\/yoast-seo-wordpress\/ -->\n<title>On Cloudrunner 3 homme - chaussures de course pour homme - MioMioRun<\/title>\n<meta name=\"description\" content=\"Chaussure de course stable et amortissante, con\u00e7ue pour offrir confort, contr\u00f4le et s\u00e9curit\u00e9 lors de vos courses quotidiennes.\" \/>\n<meta name=\"robots\" content=\"index, follow, max-snippet:-1, max-image-preview:large, max-video-preview:-1\" \/>\n<link rel=\"canonical\" href=\"https:\/\/www.miomiorun.com\/fr\/produit\/cloudrunner-3-homme\/\" \/>\n<meta property=\"og:locale\" content=\"fr_FR\" \/>\n<meta property=\"og:type\" content=\"article\" \/>\n<meta property=\"og:title\" content=\"On Cloudrunner 3 homme - chaussures de course pour homme - MioMioRun\" \/>\n<meta property=\"og:description\" content=\"Chaussure de course stable et amortissante, con\u00e7ue pour offrir confort, contr\u00f4le et s\u00e9curit\u00e9 lors de vos courses quotidiennes.\" \/>\n<meta property=\"og:url\" content=\"https:\/\/www.miomiorun.com\/fr\/produit\/cloudrunner-3-homme\/\" \/>\n<meta property=\"og:site_name\" content=\"MioMioRun\" \/>\n<meta property=\"article:publisher\" content=\"https:\/\/www.facebook.com\/miomiorun\/\" \/>\n<meta property=\"article:modified_time\" content=\"2026-05-12T07:38:29+00:00\" \/>\n<meta property=\"og:image\" content=\"https:\/\/www.miomiorun.com\/app\/uploads\/2026\/05\/On-Cloudrunner-3-M-ivory-robin-3MG10074351.webp\" \/>\n\t<meta property=\"og:image:width\" content=\"720\" \/>\n\t<meta property=\"og:image:height\" content=\"720\" \/>\n\t<meta property=\"og:image:type\" content=\"image\/webp\" \/>\n<meta name=\"twitter:card\" content=\"summary_large_image\" \/>\n<meta name=\"twitter:label1\" content=\"Est. reading time\" \/>\n\t<meta name=\"twitter:data1\" content=\"1 minute\" \/>\n<script type=\"application\/ld+json\" class=\"yoast-schema-graph\">{\"@context\":\"https:\/\/schema.org\",\"@graph\":[{\"@type\":\"WebPage\",\"@id\":\"https:\/\/www.miomiorun.com\/fr\/produit\/cloudrunner-3-homme\/\",\"url\":\"https:\/\/www.miomiorun.com\/fr\/produit\/cloudrunner-3-homme\/\",\"name\":\"On Cloudrunner 3 homme - chaussures de course pour homme - MioMioRun\",\"isPartOf\":{\"@id\":\"https:\/\/www.miomiorun.com\/fr\/#website\"},\"primaryImageOfPage\":{\"@id\":\"https:\/\/www.miomiorun.com\/fr\/produit\/cloudrunner-3-homme\/#primaryimage\"},\"image\":{\"@id\":\"https:\/\/www.miomiorun.com\/fr\/produit\/cloudrunner-3-homme\/#primaryimage\"},\"thumbnailUrl\":\"https:\/\/www.miomiorun.com\/app\/uploads\/2026\/05\/On-Cloudrunner-3-M-ivory-robin-3MG10074351.webp\",\"datePublished\":\"2026-05-05T15:01:49+00:00\",\"dateModified\":\"2026-05-12T07:38:29+00:00\",\"description\":\"Chaussure de course stable et amortissante, con\u00e7ue pour offrir confort, contr\u00f4le et s\u00e9curit\u00e9 lors de vos courses quotidiennes.\",\"breadcrumb\":{\"@id\":\"https:\/\/www.miomiorun.com\/fr\/produit\/cloudrunner-3-homme\/#breadcrumb\"},\"inLanguage\":\"fr-FR\",\"potentialAction\":[{\"@type\":\"ReadAction\",\"target\":[\"https:\/\/www.miomiorun.com\/fr\/produit\/cloudrunner-3-homme\/\"]}]},{\"@type\":\"ImageObject\",\"inLanguage\":\"fr-FR\",\"@id\":\"https:\/\/www.miomiorun.com\/fr\/produit\/cloudrunner-3-homme\/#primaryimage\",\"url\":\"https:\/\/www.miomiorun.com\/app\/uploads\/2026\/05\/On-Cloudrunner-3-M-ivory-robin-3MG10074351.webp\",\"contentUrl\":\"https:\/\/www.miomiorun.com\/app\/uploads\/2026\/05\/On-Cloudrunner-3-M-ivory-robin-3MG10074351.webp\",\"width\":720,\"height\":720,\"caption\":\"On Cloudrunner 3 M ivory robin 3MG10074351\"},{\"@type\":\"BreadcrumbList\",\"@id\":\"https:\/\/www.miomiorun.com\/fr\/produit\/cloudrunner-3-homme\/#breadcrumb\",\"itemListElement\":[{\"@type\":\"ListItem\",\"position\":1,\"name\":\"Home\",\"item\":\"https:\/\/www.miomiorun.com\/fr\/home-page\/\"},{\"@type\":\"ListItem\",\"position\":2,\"name\":\"Shop\",\"item\":\"https:\/\/www.miomiorun.com\/shop\/\"},{\"@type\":\"ListItem\",\"position\":3,\"name\":\"Cloudrunner 3 homme\"}]},{\"@type\":\"WebSite\",\"@id\":\"https:\/\/www.miomiorun.com\/fr\/#website\",\"url\":\"https:\/\/www.miomiorun.com\/fr\/\",\"name\":\"MioMioRun\",\"description\":\"Boutique 100% running et trail\",\"publisher\":{\"@id\":\"https:\/\/www.miomiorun.com\/fr\/#organization\"},\"potentialAction\":[{\"@type\":\"SearchAction\",\"target\":{\"@type\":\"EntryPoint\",\"urlTemplate\":\"https:\/\/www.miomiorun.com\/fr\/?s={search_term_string}\"},\"query-input\":{\"@type\":\"PropertyValueSpecification\",\"valueRequired\":true,\"valueName\":\"search_term_string\"}}],\"inLanguage\":\"fr-FR\"},{\"@type\":\"Organization\",\"@id\":\"https:\/\/www.miomiorun.com\/fr\/#organization\",\"name\":\"MioMio Run\",\"url\":\"https:\/\/www.miomiorun.com\/fr\/\",\"logo\":{\"@type\":\"ImageObject\",\"inLanguage\":\"fr-FR\",\"@id\":\"https:\/\/www.miomiorun.com\/fr\/#\/schema\/logo\/image\/\",\"url\":\"https:\/\/www.miomiorun.com\/app\/uploads\/2019\/12\/logomio.png\",\"contentUrl\":\"https:\/\/www.miomiorun.com\/app\/uploads\/2019\/12\/logomio.png\",\"width\":115,\"height\":82,\"caption\":\"MioMio Run\"},\"image\":{\"@id\":\"https:\/\/www.miomiorun.com\/fr\/#\/schema\/logo\/image\/\"},\"sameAs\":[\"https:\/\/www.facebook.com\/miomiorun\/\",\"https:\/\/www.instagram.com\/miomiorun\/\"]}]}<\/script>\n<!-- \/ Yoast SEO plugin. -->","yoast_head_json":{"title":"On Cloudrunner 3 homme - chaussures de course pour homme - MioMioRun","description":"Chaussure de course stable et amortissante, con\u00e7ue pour offrir confort, contr\u00f4le et s\u00e9curit\u00e9 lors de vos courses quotidiennes.","robots":{"index":"index","follow":"follow","max-snippet":"max-snippet:-1","max-image-preview":"max-image-preview:large","max-video-preview":"max-video-preview:-1"},"canonical":"https:\/\/www.miomiorun.com\/fr\/produit\/cloudrunner-3-homme\/","og_locale":"fr_FR","og_type":"article","og_title":"On Cloudrunner 3 homme - chaussures de course pour homme - MioMioRun","og_description":"Chaussure de course stable et amortissante, con\u00e7ue pour offrir confort, contr\u00f4le et s\u00e9curit\u00e9 lors de vos courses quotidiennes.","og_url":"https:\/\/www.miomiorun.com\/fr\/produit\/cloudrunner-3-homme\/","og_site_name":"MioMioRun","article_publisher":"https:\/\/www.facebook.com\/miomiorun\/","article_modified_time":"2026-05-12T07:38:29+00:00","og_image":[{"width":720,"height":720,"url":"https:\/\/www.miomiorun.com\/app\/uploads\/2026\/05\/On-Cloudrunner-3-M-ivory-robin-3MG10074351.webp","type":"image\/webp"}],"twitter_card":"summary_large_image","twitter_misc":{"Est. reading time":"1 minute"},"schema":{"@context":"https:\/\/schema.org","@graph":[{"@type":"WebPage","@id":"https:\/\/www.miomiorun.com\/fr\/produit\/cloudrunner-3-homme\/","url":"https:\/\/www.miomiorun.com\/fr\/produit\/cloudrunner-3-homme\/","name":"On Cloudrunner 3 homme - chaussures de course pour homme - MioMioRun","isPartOf":{"@id":"https:\/\/www.miomiorun.com\/fr\/#website"},"primaryImageOfPage":{"@id":"https:\/\/www.miomiorun.com\/fr\/produit\/cloudrunner-3-homme\/#primaryimage"},"image":{"@id":"https:\/\/www.miomiorun.com\/fr\/produit\/cloudrunner-3-homme\/#primaryimage"},"thumbnailUrl":"https:\/\/www.miomiorun.com\/app\/uploads\/2026\/05\/On-Cloudrunner-3-M-ivory-robin-3MG10074351.webp","datePublished":"2026-05-05T15:01:49+00:00","dateModified":"2026-05-12T07:38:29+00:00","description":"Chaussure de course stable et amortissante, con\u00e7ue pour offrir confort, contr\u00f4le et s\u00e9curit\u00e9 lors de vos courses quotidiennes.","breadcrumb":{"@id":"https:\/\/www.miomiorun.com\/fr\/produit\/cloudrunner-3-homme\/#breadcrumb"},"inLanguage":"fr-FR","potentialAction":[{"@type":"ReadAction","target":["https:\/\/www.miomiorun.com\/fr\/produit\/cloudrunner-3-homme\/"]}]},{"@type":"ImageObject","inLanguage":"fr-FR","@id":"https:\/\/www.miomiorun.com\/fr\/produit\/cloudrunner-3-homme\/#primaryimage","url":"https:\/\/www.miomiorun.com\/app\/uploads\/2026\/05\/On-Cloudrunner-3-M-ivory-robin-3MG10074351.webp","contentUrl":"https:\/\/www.miomiorun.com\/app\/uploads\/2026\/05\/On-Cloudrunner-3-M-ivory-robin-3MG10074351.webp","width":720,"height":720,"caption":"On Cloudrunner 3 M ivory robin 3MG10074351"},{"@type":"BreadcrumbList","@id":"https:\/\/www.miomiorun.com\/fr\/produit\/cloudrunner-3-homme\/#breadcrumb","itemListElement":[{"@type":"ListItem","position":1,"name":"Home","item":"https:\/\/www.miomiorun.com\/fr\/home-page\/"},{"@type":"ListItem","position":2,"name":"Shop","item":"https:\/\/www.miomiorun.com\/shop\/"},{"@type":"ListItem","position":3,"name":"Cloudrunner 3 homme"}]},{"@type":"WebSite","@id":"https:\/\/www.miomiorun.com\/fr\/#website","url":"https:\/\/www.miomiorun.com\/fr\/","name":"MioMioRun","description":"Boutique 100% running et trail","publisher":{"@id":"https:\/\/www.miomiorun.com\/fr\/#organization"},"potentialAction":[{"@type":"SearchAction","target":{"@type":"EntryPoint","urlTemplate":"https:\/\/www.miomiorun.com\/fr\/?s={search_term_string}"},"query-input":{"@type":"PropertyValueSpecification","valueRequired":true,"valueName":"search_term_string"}}],"inLanguage":"fr-FR"},{"@type":"Organization","@id":"https:\/\/www.miomiorun.com\/fr\/#organization","name":"MioMio Run","url":"https:\/\/www.miomiorun.com\/fr\/","logo":{"@type":"ImageObject","inLanguage":"fr-FR","@id":"https:\/\/www.miomiorun.com\/fr\/#\/schema\/logo\/image\/","url":"https:\/\/www.miomiorun.com\/app\/uploads\/2019\/12\/logomio.png","contentUrl":"https:\/\/www.miomiorun.com\/app\/uploads\/2019\/12\/logomio.png","width":115,"height":82,"caption":"MioMio Run"},"image":{"@id":"https:\/\/www.miomiorun.com\/fr\/#\/schema\/logo\/image\/"},"sameAs":["https:\/\/www.facebook.com\/miomiorun\/","https:\/\/www.instagram.com\/miomiorun\/"]}]}},"_links":{"self":[{"href":"https:\/\/www.miomiorun.com\/fr\/wp-json\/wp\/v2\/product\/438085","targetHints":{"allow":["GET"]}}],"collection":[{"href":"https:\/\/www.miomiorun.com\/fr\/wp-json\/wp\/v2\/product"}],"about":[{"href":"https:\/\/www.miomiorun.com\/fr\/wp-json\/wp\/v2\/types\/product"}],"wp:featuredmedia":[{"embeddable":true,"href":"https:\/\/www.miomiorun.com\/fr\/wp-json\/wp\/v2\/media\/438167"}],"wp:attachment":[{"href":"https:\/\/www.miomiorun.com\/fr\/wp-json\/wp\/v2\/media?parent=438085"}],"wp:term":[{"taxonomy":"product_brand","embeddable":true,"href":"https:\/\/www.miomiorun.com\/fr\/wp-json\/wp\/v2\/product_brand?post=438085"},{"taxonomy":"product_cat","embeddable":true,"href":"https:\/\/www.miomiorun.com\/fr\/wp-json\/wp\/v2\/product_cat?post=438085"},{"taxonomy":"product_tag","embeddable":true,"href":"https:\/\/www.miomiorun.com\/fr\/wp-json\/wp\/v2\/product_tag?post=438085"}],"curies":[{"name":"wp","href":"https:\/\/api.w.org\/{rel}","templated":true}]}}