{"id":437845,"date":"2026-05-05T16:10:39","date_gmt":"2026-05-05T14:10:39","guid":{"rendered":"https:\/\/www.miomiorun.com\/?post_type=product&#038;p=437845"},"modified":"2026-05-12T10:37:33","modified_gmt":"2026-05-12T08:37:33","slug":"tank-thunder-homme","status":"publish","type":"product","link":"https:\/\/www.miomiorun.com\/fr\/produit\/tank-thunder-homme\/","title":{"rendered":"Tank Thunder homme"},"content":{"rendered":"<p data-start=\"0\" data-end=\"388\">Le d\u00e9bardeur Thunder est un d\u00e9bardeur de course \u00e0 pied con\u00e7u pour offrir <strong data-start=\"96\" data-end=\"110\">l\u00e9g\u00e8ret\u00e9<\/strong>, <strong data-start=\"112\" data-end=\"130\">respirabilit\u00e9<\/strong> et <strong data-start=\"133\" data-end=\"144\">confort<\/strong> lors des entra\u00eenements par temps chaud. Fabriqu\u00e9 \u00e0 partir de <strong data-start=\"210\" data-end=\"258\">deux tissus micro-perfor\u00e9s de nouvelle g\u00e9n\u00e9ration<\/strong>, il allie r\u00e9sistance \u00e0 l&#8217;abrasion et gestion de l&#8217;humidit\u00e9 pour garder la peau au sec m\u00eame lors des s\u00e9ances les plus intenses.<\/p>\n<p data-start=\"390\" data-end=\"428\">Sa conception est \u00e9tudi\u00e9e pour garantir :<\/p>\n<ul data-start=\"429\" data-end=\"595\">\n<li data-section-id=\"vi2wvz\" data-start=\"429\" data-end=\"488\"><strong data-start=\"431\" data-end=\"456\">Une ventilation optimale<\/strong> gr\u00e2ce aux tissus microperfor\u00e9s<\/li>\n<li data-section-id=\"1gclcfl\" data-start=\"489\" data-end=\"539\"><strong data-start=\"491\" data-end=\"513\">Un s\u00e9chage rapide<\/strong> avec traitement wicking<\/li>\n<li data-section-id=\"rjxe9p\" data-start=\"540\" data-end=\"595\"><strong data-start=\"542\" data-end=\"571\">Un confort sans frottements<\/strong> gr\u00e2ce \u00e0 des finitions techniques<\/li>\n<\/ul>\n<p data-start=\"597\" data-end=\"930\">La <strong data-start=\"600\" data-end=\"627\">coupe moderne et \u00e9pur\u00e9e<\/strong> assure une coupe essentielle et fonctionnelle, tandis que les <strong data-start=\"689\" data-end=\"728\">ourlets coll\u00e9s avec bande r\u00e9fl\u00e9chissante<\/strong> am\u00e9liorent le confort et \u00e9vitent les irritations lors des mouvements. Les <strong data-start=\"800\" data-end=\"823\">fentes lat\u00e9rales<\/strong> augmentent la libert\u00e9 de mouvement et les <strong data-start=\"863\" data-end=\"883\">imprim\u00e9s exclusifs<\/strong> compl\u00e8tent un design dynamique et contemporain.<\/p>\n","protected":false},"excerpt":{"rendered":"<ul>\n<li data-section-id=\"14dm7q7\" data-start=\"1130\" data-end=\"1219\"><strong data-start=\"1132\" data-end=\"1178\">Tissus micro-perfor\u00e9s \u00e0 s\u00e9chage rapide<\/strong> pour une meilleure ventilation et une meilleure gestion de la transpiration<\/li>\n<li data-section-id=\"13x6zcy\" data-start=\"1220\" data-end=\"1295\"><strong data-start=\"1222\" data-end=\"1251\">Ourlets avec bande r\u00e9fl\u00e9chissante<\/strong> pour plus de confort et une r\u00e9duction des frottements<\/li>\n<li data-section-id=\"bihrp3\" data-start=\"1296\" data-end=\"1374\" data-is-last-node=\"\"><strong data-start=\"1298\" data-end=\"1340\">Design moderne avec fentes lat\u00e9rales<\/strong> pour une plus grande libert\u00e9 de mouvement<\/li>\n<\/ul>\n","protected":false},"featured_media":437905,"template":"","meta":{"_acf_changed":false,"inline_featured_image":false},"product_brand":[],"product_cat":[24257,24482,24484],"product_tag":[23489,23610],"class_list":{"0":"post-437845","1":"product","2":"type-product","3":"status-publish","4":"has-post-thumbnail","6":"product_cat-gilets-fr","7":"product_cat-vetements-pour-hommes-fr","8":"product_cat-homme","9":"product_tag-crazy-idea-fr","10":"product_tag-crazy-idea-homme","11":"pa_attivita-fitness-fr","12":"pa_attivita-lifestyle-fr","13":"pa_attivita-running-fr","14":"pa_colore-tank-thunder-black","15":"pa_colore-tank-thunder-pine-tree","16":"pa_colore-tank-thunder-zenith","17":"pa_marca-crazy-idea-fr","18":"pa_sesso-homme","19":"pa_size-small-fr","20":"pa_size-medium-fr","21":"pa_size-large-fr","22":"pa_size-extra-large-fr","24":"first","25":"instock","26":"sale","27":"taxable","28":"shipping-taxable","29":"purchasable","30":"product-type-variable","31":"wvs-archive-product-wrapper"},"acf":[],"yoast_head":"<!-- This site is optimized with the Yoast SEO plugin v26.8 - https:\/\/yoast.com\/product\/yoast-seo-wordpress\/ -->\n<title>Crazy Idea Tank Thunder homme - D\u00e9bardeur de course \u00e0 pied - MioMioRun<\/title>\n<meta name=\"description\" content=\"D\u00e9bardeur de course l\u00e9ger et respirant, con\u00e7u pour offrir fra\u00eecheur, confort et libert\u00e9 de mouvement lors de vos sorties estivales.\" \/>\n<meta name=\"robots\" content=\"index, follow, max-snippet:-1, max-image-preview:large, max-video-preview:-1\" \/>\n<link rel=\"canonical\" href=\"https:\/\/www.miomiorun.com\/fr\/produit\/tank-thunder-homme\/\" \/>\n<meta property=\"og:locale\" content=\"fr_FR\" \/>\n<meta property=\"og:type\" content=\"article\" \/>\n<meta property=\"og:title\" content=\"Crazy Idea Tank Thunder homme - D\u00e9bardeur de course \u00e0 pied - MioMioRun\" \/>\n<meta property=\"og:description\" content=\"D\u00e9bardeur de course l\u00e9ger et respirant, con\u00e7u pour offrir fra\u00eecheur, confort et libert\u00e9 de mouvement lors de vos sorties estivales.\" \/>\n<meta property=\"og:url\" content=\"https:\/\/www.miomiorun.com\/fr\/produit\/tank-thunder-homme\/\" \/>\n<meta property=\"og:site_name\" content=\"MioMioRun\" \/>\n<meta property=\"article:publisher\" content=\"https:\/\/www.facebook.com\/miomiorun\/\" \/>\n<meta property=\"article:modified_time\" content=\"2026-05-12T08:37:33+00:00\" \/>\n<meta property=\"og:image\" content=\"https:\/\/www.miomiorun.com\/app\/uploads\/2026\/05\/Crazy-Tank-thunder-black-S26195030U-0001.webp\" \/>\n\t<meta property=\"og:image:width\" content=\"720\" \/>\n\t<meta property=\"og:image:height\" content=\"720\" \/>\n\t<meta property=\"og:image:type\" content=\"image\/webp\" \/>\n<meta name=\"twitter:card\" content=\"summary_large_image\" \/>\n<meta name=\"twitter:label1\" content=\"Est. reading time\" \/>\n\t<meta name=\"twitter:data1\" content=\"1 minute\" \/>\n<script type=\"application\/ld+json\" class=\"yoast-schema-graph\">{\"@context\":\"https:\/\/schema.org\",\"@graph\":[{\"@type\":\"WebPage\",\"@id\":\"https:\/\/www.miomiorun.com\/fr\/produit\/tank-thunder-homme\/\",\"url\":\"https:\/\/www.miomiorun.com\/fr\/produit\/tank-thunder-homme\/\",\"name\":\"Crazy Idea Tank Thunder homme - D\u00e9bardeur de course \u00e0 pied - MioMioRun\",\"isPartOf\":{\"@id\":\"https:\/\/www.miomiorun.com\/fr\/#website\"},\"primaryImageOfPage\":{\"@id\":\"https:\/\/www.miomiorun.com\/fr\/produit\/tank-thunder-homme\/#primaryimage\"},\"image\":{\"@id\":\"https:\/\/www.miomiorun.com\/fr\/produit\/tank-thunder-homme\/#primaryimage\"},\"thumbnailUrl\":\"https:\/\/www.miomiorun.com\/app\/uploads\/2026\/05\/Crazy-Tank-thunder-black-S26195030U-0001.webp\",\"datePublished\":\"2026-05-05T14:10:39+00:00\",\"dateModified\":\"2026-05-12T08:37:33+00:00\",\"description\":\"D\u00e9bardeur de course l\u00e9ger et respirant, con\u00e7u pour offrir fra\u00eecheur, confort et libert\u00e9 de mouvement lors de vos sorties estivales.\",\"breadcrumb\":{\"@id\":\"https:\/\/www.miomiorun.com\/fr\/produit\/tank-thunder-homme\/#breadcrumb\"},\"inLanguage\":\"fr-FR\",\"potentialAction\":[{\"@type\":\"ReadAction\",\"target\":[\"https:\/\/www.miomiorun.com\/fr\/produit\/tank-thunder-homme\/\"]}]},{\"@type\":\"ImageObject\",\"inLanguage\":\"fr-FR\",\"@id\":\"https:\/\/www.miomiorun.com\/fr\/produit\/tank-thunder-homme\/#primaryimage\",\"url\":\"https:\/\/www.miomiorun.com\/app\/uploads\/2026\/05\/Crazy-Tank-thunder-black-S26195030U-0001.webp\",\"contentUrl\":\"https:\/\/www.miomiorun.com\/app\/uploads\/2026\/05\/Crazy-Tank-thunder-black-S26195030U-0001.webp\",\"width\":720,\"height\":720,\"caption\":\"Crazy Tank thunder black S26195030U-0001\"},{\"@type\":\"BreadcrumbList\",\"@id\":\"https:\/\/www.miomiorun.com\/fr\/produit\/tank-thunder-homme\/#breadcrumb\",\"itemListElement\":[{\"@type\":\"ListItem\",\"position\":1,\"name\":\"Home\",\"item\":\"https:\/\/www.miomiorun.com\/fr\/home-page\/\"},{\"@type\":\"ListItem\",\"position\":2,\"name\":\"Shop\",\"item\":\"https:\/\/www.miomiorun.com\/shop\/\"},{\"@type\":\"ListItem\",\"position\":3,\"name\":\"Tank Thunder homme\"}]},{\"@type\":\"WebSite\",\"@id\":\"https:\/\/www.miomiorun.com\/fr\/#website\",\"url\":\"https:\/\/www.miomiorun.com\/fr\/\",\"name\":\"MioMioRun\",\"description\":\"Boutique 100% running et trail\",\"publisher\":{\"@id\":\"https:\/\/www.miomiorun.com\/fr\/#organization\"},\"potentialAction\":[{\"@type\":\"SearchAction\",\"target\":{\"@type\":\"EntryPoint\",\"urlTemplate\":\"https:\/\/www.miomiorun.com\/fr\/?s={search_term_string}\"},\"query-input\":{\"@type\":\"PropertyValueSpecification\",\"valueRequired\":true,\"valueName\":\"search_term_string\"}}],\"inLanguage\":\"fr-FR\"},{\"@type\":\"Organization\",\"@id\":\"https:\/\/www.miomiorun.com\/fr\/#organization\",\"name\":\"MioMio Run\",\"url\":\"https:\/\/www.miomiorun.com\/fr\/\",\"logo\":{\"@type\":\"ImageObject\",\"inLanguage\":\"fr-FR\",\"@id\":\"https:\/\/www.miomiorun.com\/fr\/#\/schema\/logo\/image\/\",\"url\":\"https:\/\/www.miomiorun.com\/app\/uploads\/2019\/12\/logomio.png\",\"contentUrl\":\"https:\/\/www.miomiorun.com\/app\/uploads\/2019\/12\/logomio.png\",\"width\":115,\"height\":82,\"caption\":\"MioMio Run\"},\"image\":{\"@id\":\"https:\/\/www.miomiorun.com\/fr\/#\/schema\/logo\/image\/\"},\"sameAs\":[\"https:\/\/www.facebook.com\/miomiorun\/\",\"https:\/\/www.instagram.com\/miomiorun\/\"]}]}<\/script>\n<!-- \/ Yoast SEO plugin. -->","yoast_head_json":{"title":"Crazy Idea Tank Thunder homme - D\u00e9bardeur de course \u00e0 pied - MioMioRun","description":"D\u00e9bardeur de course l\u00e9ger et respirant, con\u00e7u pour offrir fra\u00eecheur, confort et libert\u00e9 de mouvement lors de vos sorties estivales.","robots":{"index":"index","follow":"follow","max-snippet":"max-snippet:-1","max-image-preview":"max-image-preview:large","max-video-preview":"max-video-preview:-1"},"canonical":"https:\/\/www.miomiorun.com\/fr\/produit\/tank-thunder-homme\/","og_locale":"fr_FR","og_type":"article","og_title":"Crazy Idea Tank Thunder homme - D\u00e9bardeur de course \u00e0 pied - MioMioRun","og_description":"D\u00e9bardeur de course l\u00e9ger et respirant, con\u00e7u pour offrir fra\u00eecheur, confort et libert\u00e9 de mouvement lors de vos sorties estivales.","og_url":"https:\/\/www.miomiorun.com\/fr\/produit\/tank-thunder-homme\/","og_site_name":"MioMioRun","article_publisher":"https:\/\/www.facebook.com\/miomiorun\/","article_modified_time":"2026-05-12T08:37:33+00:00","og_image":[{"width":720,"height":720,"url":"https:\/\/www.miomiorun.com\/app\/uploads\/2026\/05\/Crazy-Tank-thunder-black-S26195030U-0001.webp","type":"image\/webp"}],"twitter_card":"summary_large_image","twitter_misc":{"Est. reading time":"1 minute"},"schema":{"@context":"https:\/\/schema.org","@graph":[{"@type":"WebPage","@id":"https:\/\/www.miomiorun.com\/fr\/produit\/tank-thunder-homme\/","url":"https:\/\/www.miomiorun.com\/fr\/produit\/tank-thunder-homme\/","name":"Crazy Idea Tank Thunder homme - D\u00e9bardeur de course \u00e0 pied - MioMioRun","isPartOf":{"@id":"https:\/\/www.miomiorun.com\/fr\/#website"},"primaryImageOfPage":{"@id":"https:\/\/www.miomiorun.com\/fr\/produit\/tank-thunder-homme\/#primaryimage"},"image":{"@id":"https:\/\/www.miomiorun.com\/fr\/produit\/tank-thunder-homme\/#primaryimage"},"thumbnailUrl":"https:\/\/www.miomiorun.com\/app\/uploads\/2026\/05\/Crazy-Tank-thunder-black-S26195030U-0001.webp","datePublished":"2026-05-05T14:10:39+00:00","dateModified":"2026-05-12T08:37:33+00:00","description":"D\u00e9bardeur de course l\u00e9ger et respirant, con\u00e7u pour offrir fra\u00eecheur, confort et libert\u00e9 de mouvement lors de vos sorties estivales.","breadcrumb":{"@id":"https:\/\/www.miomiorun.com\/fr\/produit\/tank-thunder-homme\/#breadcrumb"},"inLanguage":"fr-FR","potentialAction":[{"@type":"ReadAction","target":["https:\/\/www.miomiorun.com\/fr\/produit\/tank-thunder-homme\/"]}]},{"@type":"ImageObject","inLanguage":"fr-FR","@id":"https:\/\/www.miomiorun.com\/fr\/produit\/tank-thunder-homme\/#primaryimage","url":"https:\/\/www.miomiorun.com\/app\/uploads\/2026\/05\/Crazy-Tank-thunder-black-S26195030U-0001.webp","contentUrl":"https:\/\/www.miomiorun.com\/app\/uploads\/2026\/05\/Crazy-Tank-thunder-black-S26195030U-0001.webp","width":720,"height":720,"caption":"Crazy Tank thunder black S26195030U-0001"},{"@type":"BreadcrumbList","@id":"https:\/\/www.miomiorun.com\/fr\/produit\/tank-thunder-homme\/#breadcrumb","itemListElement":[{"@type":"ListItem","position":1,"name":"Home","item":"https:\/\/www.miomiorun.com\/fr\/home-page\/"},{"@type":"ListItem","position":2,"name":"Shop","item":"https:\/\/www.miomiorun.com\/shop\/"},{"@type":"ListItem","position":3,"name":"Tank Thunder homme"}]},{"@type":"WebSite","@id":"https:\/\/www.miomiorun.com\/fr\/#website","url":"https:\/\/www.miomiorun.com\/fr\/","name":"MioMioRun","description":"Boutique 100% running et trail","publisher":{"@id":"https:\/\/www.miomiorun.com\/fr\/#organization"},"potentialAction":[{"@type":"SearchAction","target":{"@type":"EntryPoint","urlTemplate":"https:\/\/www.miomiorun.com\/fr\/?s={search_term_string}"},"query-input":{"@type":"PropertyValueSpecification","valueRequired":true,"valueName":"search_term_string"}}],"inLanguage":"fr-FR"},{"@type":"Organization","@id":"https:\/\/www.miomiorun.com\/fr\/#organization","name":"MioMio Run","url":"https:\/\/www.miomiorun.com\/fr\/","logo":{"@type":"ImageObject","inLanguage":"fr-FR","@id":"https:\/\/www.miomiorun.com\/fr\/#\/schema\/logo\/image\/","url":"https:\/\/www.miomiorun.com\/app\/uploads\/2019\/12\/logomio.png","contentUrl":"https:\/\/www.miomiorun.com\/app\/uploads\/2019\/12\/logomio.png","width":115,"height":82,"caption":"MioMio Run"},"image":{"@id":"https:\/\/www.miomiorun.com\/fr\/#\/schema\/logo\/image\/"},"sameAs":["https:\/\/www.facebook.com\/miomiorun\/","https:\/\/www.instagram.com\/miomiorun\/"]}]}},"_links":{"self":[{"href":"https:\/\/www.miomiorun.com\/fr\/wp-json\/wp\/v2\/product\/437845","targetHints":{"allow":["GET"]}}],"collection":[{"href":"https:\/\/www.miomiorun.com\/fr\/wp-json\/wp\/v2\/product"}],"about":[{"href":"https:\/\/www.miomiorun.com\/fr\/wp-json\/wp\/v2\/types\/product"}],"wp:featuredmedia":[{"embeddable":true,"href":"https:\/\/www.miomiorun.com\/fr\/wp-json\/wp\/v2\/media\/437905"}],"wp:attachment":[{"href":"https:\/\/www.miomiorun.com\/fr\/wp-json\/wp\/v2\/media?parent=437845"}],"wp:term":[{"taxonomy":"product_brand","embeddable":true,"href":"https:\/\/www.miomiorun.com\/fr\/wp-json\/wp\/v2\/product_brand?post=437845"},{"taxonomy":"product_cat","embeddable":true,"href":"https:\/\/www.miomiorun.com\/fr\/wp-json\/wp\/v2\/product_cat?post=437845"},{"taxonomy":"product_tag","embeddable":true,"href":"https:\/\/www.miomiorun.com\/fr\/wp-json\/wp\/v2\/product_tag?post=437845"}],"curies":[{"name":"wp","href":"https:\/\/api.w.org\/{rel}","templated":true}]}}