{"id":437710,"date":"2026-05-05T11:42:52","date_gmt":"2026-05-05T09:42:52","guid":{"rendered":"https:\/\/www.miomiorun.com\/?post_type=product&#038;p=437710"},"modified":"2026-05-12T10:35:52","modified_gmt":"2026-05-12T08:35:52","slug":"top-light-up-femme","status":"publish","type":"product","link":"https:\/\/www.miomiorun.com\/fr\/produit\/top-light-up-femme\/","title":{"rendered":"Top Light UP femme"},"content":{"rendered":"<p data-start=\"0\" data-end=\"360\">Le haut Light Up est un d\u00e9bardeur de course \u00e0 pied con\u00e7u pour offrir <strong data-start=\"92\" data-end=\"106\">l\u00e9g\u00e8ret\u00e9<\/strong>, <strong data-start=\"108\" data-end=\"126\">respirabilit\u00e9<\/strong> et <strong data-start=\"129\" data-end=\"140\">confort<\/strong> lors des sorties par temps chaud. R\u00e9alis\u00e9 \u00e0 partir de <strong data-start=\"200\" data-end=\"248\">deux tissus micro-perfor\u00e9s de nouvelle g\u00e9n\u00e9ration<\/strong>, il allie r\u00e9sistance et gestion de l&#8217;humidit\u00e9 pour garder la peau au sec m\u00eame lors des entra\u00eenements les plus intenses.<\/p>\n<p data-start=\"362\" data-end=\"400\">Sa structure est con\u00e7ue pour garantir :<\/p>\n<ul data-start=\"401\" data-end=\"566\">\n<li data-section-id=\"z6dgd1\" data-start=\"401\" data-end=\"459\"><strong data-start=\"403\" data-end=\"427\">Une ventilation maximale<\/strong> gr\u00e2ce aux tissus micro-perfor\u00e9s<\/li>\n<li data-section-id=\"1gclcfl\" data-start=\"460\" data-end=\"510\"><strong data-start=\"462\" data-end=\"484\">Un s\u00e9chage rapide<\/strong> gr\u00e2ce au traitement wicking<\/li>\n<li data-section-id=\"rjxe9p\" data-start=\"511\" data-end=\"566\"><strong data-start=\"513\" data-end=\"542\">Un confort sans frottements<\/strong> gr\u00e2ce \u00e0 des finitions techniques<\/li>\n<\/ul>\n<p data-start=\"568\" data-end=\"964\">La <strong data-start=\"571\" data-end=\"591\">coupe f\u00e9minine<\/strong> assure un ajustement soign\u00e9 et naturel, tandis que les <strong data-start=\"647\" data-end=\"686\">ourlets coll\u00e9s avec bande r\u00e9fl\u00e9chissante<\/strong> am\u00e9liorent le confort et \u00e9vitent les irritations lors des mouvements. Les <strong data-start=\"758\" data-end=\"781\">fentes lat\u00e9rales<\/strong> augmentent la libert\u00e9 de mouvement, tandis que les <strong data-start=\"827\" data-end=\"847\">imprim\u00e9s exclusifs<\/strong> compl\u00e8tent un design \u00e9pur\u00e9 et moderne. Un v\u00eatement con\u00e7u pour celles qui recherchent un \u00e9quilibre parfait entre performance et style.<\/p>\n","protected":false},"excerpt":{"rendered":"<div class=\"flex flex-grow flex-col max-w-full\">\n<div class=\"min-h-[20px] text-message flex flex-col items-start whitespace-pre-wrap break-words [.text-message+&amp;]:mt-5 overflow-x-auto gap-3\" dir=\"auto\" data-message-author-role=\"assistant\" data-message-id=\"5c194ca5-da90-4871-9d49-f5f33601269a\">\n<div class=\"markdown prose w-full break-words dark:prose-invert light\">\n<ul>\n<li data-section-id=\"b0kki4\" data-start=\"1164\" data-end=\"1239\"><strong data-start=\"1166\" data-end=\"1212\">Tissus micro-perfor\u00e9s \u00e0 s\u00e9chage rapide<\/strong> pour une ventilation optimale<\/li>\n<li data-section-id=\"192erl7\" data-start=\"1240\" data-end=\"1308\"><strong data-start=\"1242\" data-end=\"1281\">Ourlets coll\u00e9s avec bande r\u00e9fl\u00e9chissante<\/strong> pour plus de confort et de visibilit\u00e9<\/li>\n<li data-section-id=\"4ucltg\" data-start=\"1309\" data-end=\"1380\" data-is-last-node=\"\"><strong data-start=\"1311\" data-end=\"1355\">Coupe f\u00e9minine avec fentes lat\u00e9rales<\/strong> pour une libert\u00e9 de mouvement optimale<\/li>\n<\/ul>\n<\/div>\n<\/div>\n<\/div>\n","protected":false},"featured_media":437757,"template":"","meta":{"_acf_changed":false,"inline_featured_image":false},"product_brand":[],"product_cat":[22598,22596],"product_tag":[23489,23491],"class_list":{"0":"post-437710","1":"product","2":"type-product","3":"status-publish","4":"has-post-thumbnail","6":"product_cat-gilets","7":"product_cat-vetements-pour-femmes","8":"product_tag-crazy-idea-fr","9":"product_tag-crazy-idea-femme","10":"pa_attivita-lifestyle-fr","11":"pa_attivita-running-fr","12":"pa_colore-top-light-up-aster","13":"pa_colore-top-light-up-pop","14":"pa_marca-crazy-idea-fr","15":"pa_sesso-femme","16":"pa_size-small-fr","17":"pa_size-medium-fr","18":"pa_size-large-fr","19":"pa_size-extra-large-fr","21":"first","22":"instock","23":"taxable","24":"shipping-taxable","25":"purchasable","26":"product-type-variable","27":"wvs-archive-product-wrapper"},"acf":[],"yoast_head":"<!-- This site is optimized with the Yoast SEO plugin v26.8 - https:\/\/yoast.com\/product\/yoast-seo-wordpress\/ -->\n<title>Crazy Idea Top Light UP femme - d\u00e9bardeur de course \u00e0 pied - MioMioRun<\/title>\n<meta name=\"description\" content=\"D\u00e9bardeur de course l\u00e9ger et respirant, con\u00e7u pour offrir fra\u00eecheur, confort et libert\u00e9 de mouvement lors des journ\u00e9es les plus chaudes.\" \/>\n<meta name=\"robots\" content=\"index, follow, max-snippet:-1, max-image-preview:large, max-video-preview:-1\" \/>\n<link rel=\"canonical\" href=\"https:\/\/www.miomiorun.com\/fr\/produit\/top-light-up-femme\/\" \/>\n<meta property=\"og:locale\" content=\"fr_FR\" \/>\n<meta property=\"og:type\" content=\"article\" \/>\n<meta property=\"og:title\" content=\"Crazy Idea Top Light UP femme - d\u00e9bardeur de course \u00e0 pied - MioMioRun\" \/>\n<meta property=\"og:description\" content=\"D\u00e9bardeur de course l\u00e9ger et respirant, con\u00e7u pour offrir fra\u00eecheur, confort et libert\u00e9 de mouvement lors des journ\u00e9es les plus chaudes.\" \/>\n<meta property=\"og:url\" content=\"https:\/\/www.miomiorun.com\/fr\/produit\/top-light-up-femme\/\" \/>\n<meta property=\"og:site_name\" content=\"MioMioRun\" \/>\n<meta property=\"article:publisher\" content=\"https:\/\/www.facebook.com\/miomiorun\/\" \/>\n<meta property=\"article:modified_time\" content=\"2026-05-12T08:35:52+00:00\" \/>\n<meta property=\"og:image\" content=\"https:\/\/www.miomiorun.com\/app\/uploads\/2026\/05\/Crazy-Top-Light-UP-pop-S26195044D-0063.webp\" \/>\n\t<meta property=\"og:image:width\" content=\"720\" \/>\n\t<meta property=\"og:image:height\" content=\"720\" \/>\n\t<meta property=\"og:image:type\" content=\"image\/webp\" \/>\n<meta name=\"twitter:card\" content=\"summary_large_image\" \/>\n<meta name=\"twitter:label1\" content=\"Est. reading time\" \/>\n\t<meta name=\"twitter:data1\" content=\"1 minute\" \/>\n<script type=\"application\/ld+json\" class=\"yoast-schema-graph\">{\"@context\":\"https:\/\/schema.org\",\"@graph\":[{\"@type\":\"WebPage\",\"@id\":\"https:\/\/www.miomiorun.com\/fr\/produit\/top-light-up-femme\/\",\"url\":\"https:\/\/www.miomiorun.com\/fr\/produit\/top-light-up-femme\/\",\"name\":\"Crazy Idea Top Light UP femme - d\u00e9bardeur de course \u00e0 pied - MioMioRun\",\"isPartOf\":{\"@id\":\"https:\/\/www.miomiorun.com\/fr\/#website\"},\"primaryImageOfPage\":{\"@id\":\"https:\/\/www.miomiorun.com\/fr\/produit\/top-light-up-femme\/#primaryimage\"},\"image\":{\"@id\":\"https:\/\/www.miomiorun.com\/fr\/produit\/top-light-up-femme\/#primaryimage\"},\"thumbnailUrl\":\"https:\/\/www.miomiorun.com\/app\/uploads\/2026\/05\/Crazy-Top-Light-UP-pop-S26195044D-0063.webp\",\"datePublished\":\"2026-05-05T09:42:52+00:00\",\"dateModified\":\"2026-05-12T08:35:52+00:00\",\"description\":\"D\u00e9bardeur de course l\u00e9ger et respirant, con\u00e7u pour offrir fra\u00eecheur, confort et libert\u00e9 de mouvement lors des journ\u00e9es les plus chaudes.\",\"breadcrumb\":{\"@id\":\"https:\/\/www.miomiorun.com\/fr\/produit\/top-light-up-femme\/#breadcrumb\"},\"inLanguage\":\"fr-FR\",\"potentialAction\":[{\"@type\":\"ReadAction\",\"target\":[\"https:\/\/www.miomiorun.com\/fr\/produit\/top-light-up-femme\/\"]}]},{\"@type\":\"ImageObject\",\"inLanguage\":\"fr-FR\",\"@id\":\"https:\/\/www.miomiorun.com\/fr\/produit\/top-light-up-femme\/#primaryimage\",\"url\":\"https:\/\/www.miomiorun.com\/app\/uploads\/2026\/05\/Crazy-Top-Light-UP-pop-S26195044D-0063.webp\",\"contentUrl\":\"https:\/\/www.miomiorun.com\/app\/uploads\/2026\/05\/Crazy-Top-Light-UP-pop-S26195044D-0063.webp\",\"width\":720,\"height\":720,\"caption\":\"Crazy Top Light UP pop S26195044D-0063\"},{\"@type\":\"BreadcrumbList\",\"@id\":\"https:\/\/www.miomiorun.com\/fr\/produit\/top-light-up-femme\/#breadcrumb\",\"itemListElement\":[{\"@type\":\"ListItem\",\"position\":1,\"name\":\"Home\",\"item\":\"https:\/\/www.miomiorun.com\/fr\/home-page\/\"},{\"@type\":\"ListItem\",\"position\":2,\"name\":\"Shop\",\"item\":\"https:\/\/www.miomiorun.com\/shop\/\"},{\"@type\":\"ListItem\",\"position\":3,\"name\":\"Top Light UP femme\"}]},{\"@type\":\"WebSite\",\"@id\":\"https:\/\/www.miomiorun.com\/fr\/#website\",\"url\":\"https:\/\/www.miomiorun.com\/fr\/\",\"name\":\"MioMioRun\",\"description\":\"Boutique 100% running et trail\",\"publisher\":{\"@id\":\"https:\/\/www.miomiorun.com\/fr\/#organization\"},\"potentialAction\":[{\"@type\":\"SearchAction\",\"target\":{\"@type\":\"EntryPoint\",\"urlTemplate\":\"https:\/\/www.miomiorun.com\/fr\/?s={search_term_string}\"},\"query-input\":{\"@type\":\"PropertyValueSpecification\",\"valueRequired\":true,\"valueName\":\"search_term_string\"}}],\"inLanguage\":\"fr-FR\"},{\"@type\":\"Organization\",\"@id\":\"https:\/\/www.miomiorun.com\/fr\/#organization\",\"name\":\"MioMio Run\",\"url\":\"https:\/\/www.miomiorun.com\/fr\/\",\"logo\":{\"@type\":\"ImageObject\",\"inLanguage\":\"fr-FR\",\"@id\":\"https:\/\/www.miomiorun.com\/fr\/#\/schema\/logo\/image\/\",\"url\":\"https:\/\/www.miomiorun.com\/app\/uploads\/2019\/12\/logomio.png\",\"contentUrl\":\"https:\/\/www.miomiorun.com\/app\/uploads\/2019\/12\/logomio.png\",\"width\":115,\"height\":82,\"caption\":\"MioMio Run\"},\"image\":{\"@id\":\"https:\/\/www.miomiorun.com\/fr\/#\/schema\/logo\/image\/\"},\"sameAs\":[\"https:\/\/www.facebook.com\/miomiorun\/\",\"https:\/\/www.instagram.com\/miomiorun\/\"]}]}<\/script>\n<!-- \/ Yoast SEO plugin. -->","yoast_head_json":{"title":"Crazy Idea Top Light UP femme - d\u00e9bardeur de course \u00e0 pied - MioMioRun","description":"D\u00e9bardeur de course l\u00e9ger et respirant, con\u00e7u pour offrir fra\u00eecheur, confort et libert\u00e9 de mouvement lors des journ\u00e9es les plus chaudes.","robots":{"index":"index","follow":"follow","max-snippet":"max-snippet:-1","max-image-preview":"max-image-preview:large","max-video-preview":"max-video-preview:-1"},"canonical":"https:\/\/www.miomiorun.com\/fr\/produit\/top-light-up-femme\/","og_locale":"fr_FR","og_type":"article","og_title":"Crazy Idea Top Light UP femme - d\u00e9bardeur de course \u00e0 pied - MioMioRun","og_description":"D\u00e9bardeur de course l\u00e9ger et respirant, con\u00e7u pour offrir fra\u00eecheur, confort et libert\u00e9 de mouvement lors des journ\u00e9es les plus chaudes.","og_url":"https:\/\/www.miomiorun.com\/fr\/produit\/top-light-up-femme\/","og_site_name":"MioMioRun","article_publisher":"https:\/\/www.facebook.com\/miomiorun\/","article_modified_time":"2026-05-12T08:35:52+00:00","og_image":[{"width":720,"height":720,"url":"https:\/\/www.miomiorun.com\/app\/uploads\/2026\/05\/Crazy-Top-Light-UP-pop-S26195044D-0063.webp","type":"image\/webp"}],"twitter_card":"summary_large_image","twitter_misc":{"Est. reading time":"1 minute"},"schema":{"@context":"https:\/\/schema.org","@graph":[{"@type":"WebPage","@id":"https:\/\/www.miomiorun.com\/fr\/produit\/top-light-up-femme\/","url":"https:\/\/www.miomiorun.com\/fr\/produit\/top-light-up-femme\/","name":"Crazy Idea Top Light UP femme - d\u00e9bardeur de course \u00e0 pied - MioMioRun","isPartOf":{"@id":"https:\/\/www.miomiorun.com\/fr\/#website"},"primaryImageOfPage":{"@id":"https:\/\/www.miomiorun.com\/fr\/produit\/top-light-up-femme\/#primaryimage"},"image":{"@id":"https:\/\/www.miomiorun.com\/fr\/produit\/top-light-up-femme\/#primaryimage"},"thumbnailUrl":"https:\/\/www.miomiorun.com\/app\/uploads\/2026\/05\/Crazy-Top-Light-UP-pop-S26195044D-0063.webp","datePublished":"2026-05-05T09:42:52+00:00","dateModified":"2026-05-12T08:35:52+00:00","description":"D\u00e9bardeur de course l\u00e9ger et respirant, con\u00e7u pour offrir fra\u00eecheur, confort et libert\u00e9 de mouvement lors des journ\u00e9es les plus chaudes.","breadcrumb":{"@id":"https:\/\/www.miomiorun.com\/fr\/produit\/top-light-up-femme\/#breadcrumb"},"inLanguage":"fr-FR","potentialAction":[{"@type":"ReadAction","target":["https:\/\/www.miomiorun.com\/fr\/produit\/top-light-up-femme\/"]}]},{"@type":"ImageObject","inLanguage":"fr-FR","@id":"https:\/\/www.miomiorun.com\/fr\/produit\/top-light-up-femme\/#primaryimage","url":"https:\/\/www.miomiorun.com\/app\/uploads\/2026\/05\/Crazy-Top-Light-UP-pop-S26195044D-0063.webp","contentUrl":"https:\/\/www.miomiorun.com\/app\/uploads\/2026\/05\/Crazy-Top-Light-UP-pop-S26195044D-0063.webp","width":720,"height":720,"caption":"Crazy Top Light UP pop S26195044D-0063"},{"@type":"BreadcrumbList","@id":"https:\/\/www.miomiorun.com\/fr\/produit\/top-light-up-femme\/#breadcrumb","itemListElement":[{"@type":"ListItem","position":1,"name":"Home","item":"https:\/\/www.miomiorun.com\/fr\/home-page\/"},{"@type":"ListItem","position":2,"name":"Shop","item":"https:\/\/www.miomiorun.com\/shop\/"},{"@type":"ListItem","position":3,"name":"Top Light UP femme"}]},{"@type":"WebSite","@id":"https:\/\/www.miomiorun.com\/fr\/#website","url":"https:\/\/www.miomiorun.com\/fr\/","name":"MioMioRun","description":"Boutique 100% running et trail","publisher":{"@id":"https:\/\/www.miomiorun.com\/fr\/#organization"},"potentialAction":[{"@type":"SearchAction","target":{"@type":"EntryPoint","urlTemplate":"https:\/\/www.miomiorun.com\/fr\/?s={search_term_string}"},"query-input":{"@type":"PropertyValueSpecification","valueRequired":true,"valueName":"search_term_string"}}],"inLanguage":"fr-FR"},{"@type":"Organization","@id":"https:\/\/www.miomiorun.com\/fr\/#organization","name":"MioMio Run","url":"https:\/\/www.miomiorun.com\/fr\/","logo":{"@type":"ImageObject","inLanguage":"fr-FR","@id":"https:\/\/www.miomiorun.com\/fr\/#\/schema\/logo\/image\/","url":"https:\/\/www.miomiorun.com\/app\/uploads\/2019\/12\/logomio.png","contentUrl":"https:\/\/www.miomiorun.com\/app\/uploads\/2019\/12\/logomio.png","width":115,"height":82,"caption":"MioMio Run"},"image":{"@id":"https:\/\/www.miomiorun.com\/fr\/#\/schema\/logo\/image\/"},"sameAs":["https:\/\/www.facebook.com\/miomiorun\/","https:\/\/www.instagram.com\/miomiorun\/"]}]}},"_links":{"self":[{"href":"https:\/\/www.miomiorun.com\/fr\/wp-json\/wp\/v2\/product\/437710","targetHints":{"allow":["GET"]}}],"collection":[{"href":"https:\/\/www.miomiorun.com\/fr\/wp-json\/wp\/v2\/product"}],"about":[{"href":"https:\/\/www.miomiorun.com\/fr\/wp-json\/wp\/v2\/types\/product"}],"wp:featuredmedia":[{"embeddable":true,"href":"https:\/\/www.miomiorun.com\/fr\/wp-json\/wp\/v2\/media\/437757"}],"wp:attachment":[{"href":"https:\/\/www.miomiorun.com\/fr\/wp-json\/wp\/v2\/media?parent=437710"}],"wp:term":[{"taxonomy":"product_brand","embeddable":true,"href":"https:\/\/www.miomiorun.com\/fr\/wp-json\/wp\/v2\/product_brand?post=437710"},{"taxonomy":"product_cat","embeddable":true,"href":"https:\/\/www.miomiorun.com\/fr\/wp-json\/wp\/v2\/product_cat?post=437710"},{"taxonomy":"product_tag","embeddable":true,"href":"https:\/\/www.miomiorun.com\/fr\/wp-json\/wp\/v2\/product_tag?post=437710"}],"curies":[{"name":"wp","href":"https:\/\/api.w.org\/{rel}","templated":true}]}}