{"id":436592,"date":"2026-04-28T18:10:43","date_gmt":"2026-04-28T16:10:43","guid":{"rendered":"https:\/\/www.miomiorun.com\/?post_type=product&#038;p=436592"},"modified":"2026-05-12T10:32:59","modified_gmt":"2026-05-12T08:32:59","slug":"ru-compression-stabilizing-femme","status":"publish","type":"product","link":"https:\/\/www.miomiorun.com\/fr\/produit\/ru-compression-stabilizing-femme\/","title":{"rendered":"RU Compression Stabilizing femme"},"content":{"rendered":"<p data-start=\"0\" data-end=\"334\">Les chaussettes de course pour femme RU Compression Stabilizing sont con\u00e7ues pour offrir <strong data-start=\"109\" data-end=\"122\">stabilit\u00e9<\/strong>, <strong data-start=\"124\" data-end=\"143\">soutien cibl\u00e9<\/strong> et <strong data-start=\"146\" data-end=\"166\">confort optimal<\/strong> pendant la course. Con\u00e7ues pour un <strong data-start=\"201\" data-end=\"234\">chaussant f\u00e9minin plus ajust\u00e9<\/strong>, elles allient compression et mat\u00e9riaux techniques pour accompagner chaque mouvement avec un meilleur contr\u00f4le.<\/p>\n<p data-start=\"336\" data-end=\"376\">Leur conception est \u00e9tudi\u00e9e pour garantir :<\/p>\n<ul data-start=\"377\" data-end=\"587\">\n<li data-section-id=\"1tqz0zt\" data-start=\"377\" data-end=\"451\"><strong data-start=\"379\" data-end=\"416\">Une meilleure stabilit\u00e9 de la cheville<\/strong> gr\u00e2ce aux zones de compression<\/li>\n<li data-section-id=\"1gnzllt\" data-start=\"452\" data-end=\"528\"><strong data-start=\"454\" data-end=\"489\">Des pieds secs et sans ampoules<\/strong> gr\u00e2ce \u00e0 une structure respirante \u00e0 3 couches<\/li>\n<li data-section-id=\"f5ia93\" data-start=\"529\" data-end=\"587\"><strong data-start=\"531\" data-end=\"555\">Confort et protection<\/strong> gr\u00e2ce \u00e0 un rembourrage moyennement \u00e9pais<\/li>\n<\/ul>\n<p data-start=\"589\" data-end=\"1104\">Les <strong data-start=\"592\" data-end=\"623\">zones de compression cibl\u00e9es<\/strong> contribuent \u00e0 am\u00e9liorer la stabilit\u00e9 pendant la course, offrant une sensation de meilleur contr\u00f4le. La <strong data-start=\"733\" data-end=\"769\">structure \u00e0 3 couches avec lyocell<\/strong> favorise la gestion de l&#8217;humidit\u00e9, gardant le pied frais et sec m\u00eame lors d&#8217;activit\u00e9s intenses. La <strong data-start=\"879\" data-end=\"920\">coupe anatomique droite\/gauche<\/strong> assure un ajustement pr\u00e9cis, tandis que le rembourrage cibl\u00e9 am\u00e9liore l&#8217;amorti et le confort global. Longueur au mollet et conception pens\u00e9e pour des performances fiables.<\/p>\n<p data-start=\"1106\" data-end=\"1198\">Composition : <strong data-start=\"1120\" data-end=\"1197\">42 % polypropyl\u00e8ne, 28 % polyamide, 15 % lyocell, 8 % \u00e9lasthanne, 7 % polyester<\/strong>.<\/p>\n","protected":false},"excerpt":{"rendered":"<ul>\n<li data-section-id=\"1vur00x\" data-start=\"1398\" data-end=\"1470\"><strong data-start=\"1400\" data-end=\"1431\">Zones de compression cibl\u00e9es<\/strong> pour am\u00e9liorer la stabilit\u00e9 et le contr\u00f4le<\/li>\n<li data-section-id=\"cl4ruu\" data-start=\"1471\" data-end=\"1543\"><strong data-start=\"1473\" data-end=\"1509\">Structure \u00e0 3 couches respirante<\/strong> pour garder le pied au sec<\/li>\n<li data-section-id=\"j3azyi\" data-start=\"1544\" data-end=\"1627\" data-is-last-node=\"\"><strong data-start=\"1546\" data-end=\"1602\">Coupe anatomique f\u00e9minine et rembourrage cibl\u00e9<\/strong> pour plus de confort et de protection<\/li>\n<\/ul>\n","protected":false},"featured_media":436667,"template":"","meta":{"_acf_changed":false,"inline_featured_image":false},"product_brand":[],"product_cat":[22597,22596,22595],"product_tag":[23482,23493],"class_list":{"0":"post-436592","1":"product","2":"type-product","3":"status-publish","4":"has-post-thumbnail","6":"product_cat-chaussettes","7":"product_cat-vetements-pour-femmes","8":"product_cat-femme","9":"product_tag-falke-fr","10":"product_tag-falke-femme","11":"pa_attivita-marcher","12":"pa_attivita-running-fr","13":"pa_attivita-trail-fr","14":"pa_colore-ru-comp-stabilizing-w-fiji","15":"pa_marca-falke-fr","16":"pa_sesso-femme","17":"pa_size-35-36-fr","18":"pa_size-37-38-fr","19":"pa_size-39-40-fr","20":"pa_size-41-42-fr","22":"first","23":"instock","24":"sale","25":"taxable","26":"shipping-taxable","27":"purchasable","28":"product-type-variable","29":"wvs-archive-product-wrapper"},"acf":[],"yoast_head":"<!-- This site is optimized with the Yoast SEO plugin v26.8 - https:\/\/yoast.com\/product\/yoast-seo-wordpress\/ -->\n<title>Falke RU Compression Stabilizing femme - Chaussettes de course \u00e0 pied - MioMioRun.com<\/title>\n<meta name=\"description\" content=\"Chaussettes de course \u00e0 pied \u00e0 compression pour femmes, con\u00e7ues pour offrir stabilit\u00e9, confort et gestion de l&#039;humidit\u00e9 \u00e0 chaque entra\u00eenement\" \/>\n<meta name=\"robots\" content=\"index, follow, max-snippet:-1, max-image-preview:large, max-video-preview:-1\" \/>\n<link rel=\"canonical\" href=\"https:\/\/www.miomiorun.com\/fr\/produit\/ru-compression-stabilizing-femme\/\" \/>\n<meta property=\"og:locale\" content=\"fr_FR\" \/>\n<meta property=\"og:type\" content=\"article\" \/>\n<meta property=\"og:title\" content=\"Falke RU Compression Stabilizing femme - Chaussettes de course \u00e0 pied - MioMioRun.com\" \/>\n<meta property=\"og:description\" content=\"Chaussettes de course \u00e0 pied \u00e0 compression pour femmes, con\u00e7ues pour offrir stabilit\u00e9, confort et gestion de l&#039;humidit\u00e9 \u00e0 chaque entra\u00eenement\" \/>\n<meta property=\"og:url\" content=\"https:\/\/www.miomiorun.com\/fr\/produit\/ru-compression-stabilizing-femme\/\" \/>\n<meta property=\"og:site_name\" content=\"MioMioRun\" \/>\n<meta property=\"article:publisher\" content=\"https:\/\/www.facebook.com\/miomiorun\/\" \/>\n<meta property=\"article:modified_time\" content=\"2026-05-12T08:32:59+00:00\" \/>\n<meta property=\"og:image\" content=\"https:\/\/www.miomiorun.com\/app\/uploads\/2026\/04\/Falke-RU-Comp-Stabilizing-W-fiji-16228-6423.webp\" \/>\n\t<meta property=\"og:image:width\" content=\"720\" \/>\n\t<meta property=\"og:image:height\" content=\"720\" \/>\n\t<meta property=\"og:image:type\" content=\"image\/webp\" \/>\n<meta name=\"twitter:card\" content=\"summary_large_image\" \/>\n<meta name=\"twitter:label1\" content=\"Est. reading time\" \/>\n\t<meta name=\"twitter:data1\" content=\"1 minute\" \/>\n<script type=\"application\/ld+json\" class=\"yoast-schema-graph\">{\"@context\":\"https:\/\/schema.org\",\"@graph\":[{\"@type\":\"WebPage\",\"@id\":\"https:\/\/www.miomiorun.com\/fr\/produit\/ru-compression-stabilizing-femme\/\",\"url\":\"https:\/\/www.miomiorun.com\/fr\/produit\/ru-compression-stabilizing-femme\/\",\"name\":\"Falke RU Compression Stabilizing femme - Chaussettes de course \u00e0 pied - MioMioRun.com\",\"isPartOf\":{\"@id\":\"https:\/\/www.miomiorun.com\/fr\/#website\"},\"primaryImageOfPage\":{\"@id\":\"https:\/\/www.miomiorun.com\/fr\/produit\/ru-compression-stabilizing-femme\/#primaryimage\"},\"image\":{\"@id\":\"https:\/\/www.miomiorun.com\/fr\/produit\/ru-compression-stabilizing-femme\/#primaryimage\"},\"thumbnailUrl\":\"https:\/\/www.miomiorun.com\/app\/uploads\/2026\/04\/Falke-RU-Comp-Stabilizing-W-fiji-16228-6423.webp\",\"datePublished\":\"2026-04-28T16:10:43+00:00\",\"dateModified\":\"2026-05-12T08:32:59+00:00\",\"description\":\"Chaussettes de course \u00e0 pied \u00e0 compression pour femmes, con\u00e7ues pour offrir stabilit\u00e9, confort et gestion de l'humidit\u00e9 \u00e0 chaque entra\u00eenement\",\"breadcrumb\":{\"@id\":\"https:\/\/www.miomiorun.com\/fr\/produit\/ru-compression-stabilizing-femme\/#breadcrumb\"},\"inLanguage\":\"fr-FR\",\"potentialAction\":[{\"@type\":\"ReadAction\",\"target\":[\"https:\/\/www.miomiorun.com\/fr\/produit\/ru-compression-stabilizing-femme\/\"]}]},{\"@type\":\"ImageObject\",\"inLanguage\":\"fr-FR\",\"@id\":\"https:\/\/www.miomiorun.com\/fr\/produit\/ru-compression-stabilizing-femme\/#primaryimage\",\"url\":\"https:\/\/www.miomiorun.com\/app\/uploads\/2026\/04\/Falke-RU-Comp-Stabilizing-W-fiji-16228-6423.webp\",\"contentUrl\":\"https:\/\/www.miomiorun.com\/app\/uploads\/2026\/04\/Falke-RU-Comp-Stabilizing-W-fiji-16228-6423.webp\",\"width\":720,\"height\":720,\"caption\":\"Falke RU Comp Stabilizing W fiji 16228 6423\"},{\"@type\":\"BreadcrumbList\",\"@id\":\"https:\/\/www.miomiorun.com\/fr\/produit\/ru-compression-stabilizing-femme\/#breadcrumb\",\"itemListElement\":[{\"@type\":\"ListItem\",\"position\":1,\"name\":\"Home\",\"item\":\"https:\/\/www.miomiorun.com\/fr\/home-page\/\"},{\"@type\":\"ListItem\",\"position\":2,\"name\":\"Shop\",\"item\":\"https:\/\/www.miomiorun.com\/shop\/\"},{\"@type\":\"ListItem\",\"position\":3,\"name\":\"RU Compression Stabilizing femme\"}]},{\"@type\":\"WebSite\",\"@id\":\"https:\/\/www.miomiorun.com\/fr\/#website\",\"url\":\"https:\/\/www.miomiorun.com\/fr\/\",\"name\":\"MioMioRun\",\"description\":\"Boutique 100% running et trail\",\"publisher\":{\"@id\":\"https:\/\/www.miomiorun.com\/fr\/#organization\"},\"potentialAction\":[{\"@type\":\"SearchAction\",\"target\":{\"@type\":\"EntryPoint\",\"urlTemplate\":\"https:\/\/www.miomiorun.com\/fr\/?s={search_term_string}\"},\"query-input\":{\"@type\":\"PropertyValueSpecification\",\"valueRequired\":true,\"valueName\":\"search_term_string\"}}],\"inLanguage\":\"fr-FR\"},{\"@type\":\"Organization\",\"@id\":\"https:\/\/www.miomiorun.com\/fr\/#organization\",\"name\":\"MioMio Run\",\"url\":\"https:\/\/www.miomiorun.com\/fr\/\",\"logo\":{\"@type\":\"ImageObject\",\"inLanguage\":\"fr-FR\",\"@id\":\"https:\/\/www.miomiorun.com\/fr\/#\/schema\/logo\/image\/\",\"url\":\"https:\/\/www.miomiorun.com\/app\/uploads\/2019\/12\/logomio.png\",\"contentUrl\":\"https:\/\/www.miomiorun.com\/app\/uploads\/2019\/12\/logomio.png\",\"width\":115,\"height\":82,\"caption\":\"MioMio Run\"},\"image\":{\"@id\":\"https:\/\/www.miomiorun.com\/fr\/#\/schema\/logo\/image\/\"},\"sameAs\":[\"https:\/\/www.facebook.com\/miomiorun\/\",\"https:\/\/www.instagram.com\/miomiorun\/\"]}]}<\/script>\n<!-- \/ Yoast SEO plugin. -->","yoast_head_json":{"title":"Falke RU Compression Stabilizing femme - Chaussettes de course \u00e0 pied - MioMioRun.com","description":"Chaussettes de course \u00e0 pied \u00e0 compression pour femmes, con\u00e7ues pour offrir stabilit\u00e9, confort et gestion de l'humidit\u00e9 \u00e0 chaque entra\u00eenement","robots":{"index":"index","follow":"follow","max-snippet":"max-snippet:-1","max-image-preview":"max-image-preview:large","max-video-preview":"max-video-preview:-1"},"canonical":"https:\/\/www.miomiorun.com\/fr\/produit\/ru-compression-stabilizing-femme\/","og_locale":"fr_FR","og_type":"article","og_title":"Falke RU Compression Stabilizing femme - Chaussettes de course \u00e0 pied - MioMioRun.com","og_description":"Chaussettes de course \u00e0 pied \u00e0 compression pour femmes, con\u00e7ues pour offrir stabilit\u00e9, confort et gestion de l'humidit\u00e9 \u00e0 chaque entra\u00eenement","og_url":"https:\/\/www.miomiorun.com\/fr\/produit\/ru-compression-stabilizing-femme\/","og_site_name":"MioMioRun","article_publisher":"https:\/\/www.facebook.com\/miomiorun\/","article_modified_time":"2026-05-12T08:32:59+00:00","og_image":[{"width":720,"height":720,"url":"https:\/\/www.miomiorun.com\/app\/uploads\/2026\/04\/Falke-RU-Comp-Stabilizing-W-fiji-16228-6423.webp","type":"image\/webp"}],"twitter_card":"summary_large_image","twitter_misc":{"Est. reading time":"1 minute"},"schema":{"@context":"https:\/\/schema.org","@graph":[{"@type":"WebPage","@id":"https:\/\/www.miomiorun.com\/fr\/produit\/ru-compression-stabilizing-femme\/","url":"https:\/\/www.miomiorun.com\/fr\/produit\/ru-compression-stabilizing-femme\/","name":"Falke RU Compression Stabilizing femme - Chaussettes de course \u00e0 pied - MioMioRun.com","isPartOf":{"@id":"https:\/\/www.miomiorun.com\/fr\/#website"},"primaryImageOfPage":{"@id":"https:\/\/www.miomiorun.com\/fr\/produit\/ru-compression-stabilizing-femme\/#primaryimage"},"image":{"@id":"https:\/\/www.miomiorun.com\/fr\/produit\/ru-compression-stabilizing-femme\/#primaryimage"},"thumbnailUrl":"https:\/\/www.miomiorun.com\/app\/uploads\/2026\/04\/Falke-RU-Comp-Stabilizing-W-fiji-16228-6423.webp","datePublished":"2026-04-28T16:10:43+00:00","dateModified":"2026-05-12T08:32:59+00:00","description":"Chaussettes de course \u00e0 pied \u00e0 compression pour femmes, con\u00e7ues pour offrir stabilit\u00e9, confort et gestion de l'humidit\u00e9 \u00e0 chaque entra\u00eenement","breadcrumb":{"@id":"https:\/\/www.miomiorun.com\/fr\/produit\/ru-compression-stabilizing-femme\/#breadcrumb"},"inLanguage":"fr-FR","potentialAction":[{"@type":"ReadAction","target":["https:\/\/www.miomiorun.com\/fr\/produit\/ru-compression-stabilizing-femme\/"]}]},{"@type":"ImageObject","inLanguage":"fr-FR","@id":"https:\/\/www.miomiorun.com\/fr\/produit\/ru-compression-stabilizing-femme\/#primaryimage","url":"https:\/\/www.miomiorun.com\/app\/uploads\/2026\/04\/Falke-RU-Comp-Stabilizing-W-fiji-16228-6423.webp","contentUrl":"https:\/\/www.miomiorun.com\/app\/uploads\/2026\/04\/Falke-RU-Comp-Stabilizing-W-fiji-16228-6423.webp","width":720,"height":720,"caption":"Falke RU Comp Stabilizing W fiji 16228 6423"},{"@type":"BreadcrumbList","@id":"https:\/\/www.miomiorun.com\/fr\/produit\/ru-compression-stabilizing-femme\/#breadcrumb","itemListElement":[{"@type":"ListItem","position":1,"name":"Home","item":"https:\/\/www.miomiorun.com\/fr\/home-page\/"},{"@type":"ListItem","position":2,"name":"Shop","item":"https:\/\/www.miomiorun.com\/shop\/"},{"@type":"ListItem","position":3,"name":"RU Compression Stabilizing femme"}]},{"@type":"WebSite","@id":"https:\/\/www.miomiorun.com\/fr\/#website","url":"https:\/\/www.miomiorun.com\/fr\/","name":"MioMioRun","description":"Boutique 100% running et trail","publisher":{"@id":"https:\/\/www.miomiorun.com\/fr\/#organization"},"potentialAction":[{"@type":"SearchAction","target":{"@type":"EntryPoint","urlTemplate":"https:\/\/www.miomiorun.com\/fr\/?s={search_term_string}"},"query-input":{"@type":"PropertyValueSpecification","valueRequired":true,"valueName":"search_term_string"}}],"inLanguage":"fr-FR"},{"@type":"Organization","@id":"https:\/\/www.miomiorun.com\/fr\/#organization","name":"MioMio Run","url":"https:\/\/www.miomiorun.com\/fr\/","logo":{"@type":"ImageObject","inLanguage":"fr-FR","@id":"https:\/\/www.miomiorun.com\/fr\/#\/schema\/logo\/image\/","url":"https:\/\/www.miomiorun.com\/app\/uploads\/2019\/12\/logomio.png","contentUrl":"https:\/\/www.miomiorun.com\/app\/uploads\/2019\/12\/logomio.png","width":115,"height":82,"caption":"MioMio Run"},"image":{"@id":"https:\/\/www.miomiorun.com\/fr\/#\/schema\/logo\/image\/"},"sameAs":["https:\/\/www.facebook.com\/miomiorun\/","https:\/\/www.instagram.com\/miomiorun\/"]}]}},"_links":{"self":[{"href":"https:\/\/www.miomiorun.com\/fr\/wp-json\/wp\/v2\/product\/436592","targetHints":{"allow":["GET"]}}],"collection":[{"href":"https:\/\/www.miomiorun.com\/fr\/wp-json\/wp\/v2\/product"}],"about":[{"href":"https:\/\/www.miomiorun.com\/fr\/wp-json\/wp\/v2\/types\/product"}],"wp:featuredmedia":[{"embeddable":true,"href":"https:\/\/www.miomiorun.com\/fr\/wp-json\/wp\/v2\/media\/436667"}],"wp:attachment":[{"href":"https:\/\/www.miomiorun.com\/fr\/wp-json\/wp\/v2\/media?parent=436592"}],"wp:term":[{"taxonomy":"product_brand","embeddable":true,"href":"https:\/\/www.miomiorun.com\/fr\/wp-json\/wp\/v2\/product_brand?post=436592"},{"taxonomy":"product_cat","embeddable":true,"href":"https:\/\/www.miomiorun.com\/fr\/wp-json\/wp\/v2\/product_cat?post=436592"},{"taxonomy":"product_tag","embeddable":true,"href":"https:\/\/www.miomiorun.com\/fr\/wp-json\/wp\/v2\/product_tag?post=436592"}],"curies":[{"name":"wp","href":"https:\/\/api.w.org\/{rel}","templated":true}]}}