{"id":436554,"date":"2026-04-28T17:58:12","date_gmt":"2026-04-28T15:58:12","guid":{"rendered":"https:\/\/www.miomiorun.com\/?post_type=product&#038;p=436554"},"modified":"2026-05-09T16:15:08","modified_gmt":"2026-05-09T14:15:08","slug":"ru-ultralight-homme","status":"publish","type":"product","link":"https:\/\/www.miomiorun.com\/fr\/produit\/ru-ultralight-homme\/","title":{"rendered":"RU ultralight homme"},"content":{"rendered":"<p>&nbsp;<\/p>\n<table style=\"border-collapse: collapse;width: 100%\">\n<tbody>\n<tr>\n<td style=\"width: 20%;text-align: center\"><img decoding=\"async\" class=\"product-functional-symbols__image aligncenter\" src=\"https:\/\/www.falke.com\/it_it\/4db1c784dda527a5a838b3006792a33f7ba86246\/assets\/base\/staticImages\/functionalsymbols\/icon_cooling-effect.svg\"><\/p>\n<p>Effet rafra\u00eechissant<\/td>\n<td style=\"width: 20%;text-align: center\"><img decoding=\"async\" class=\"product-functional-symbols__image aligncenter\" src=\"https:\/\/www.falke.com\/it_it\/4db1c784dda527a5a838b3006792a33f7ba86246\/assets\/base\/staticImages\/functionalsymbols\/icon_feuchtigkeitsregulierend.svg\"><\/p>\n<p>R\u00e9gule l&#8217;humidit\u00e9<\/td>\n<td style=\"width: 20%;text-align: center\"><img decoding=\"async\" class=\"product-functional-symbols__image aligncenter\" src=\"https:\/\/www.falke.com\/it_it\/4db1c784dda527a5a838b3006792a33f7ba86246\/assets\/base\/staticImages\/functionalsymbols\/icon_stabilisierend.svg\"><\/p>\n<p>Stabilisateur<\/td>\n<td style=\"width: 20%;text-align: center\"><img decoding=\"async\" class=\"product-functional-symbols__image aligncenter\" src=\"https:\/\/www.falke.com\/it_it\/4db1c784dda527a5a838b3006792a33f7ba86246\/assets\/base\/staticImages\/functionalsymbols\/icon_schnellste_ruecktrocknung.svg\"><\/p>\n<p>S\u00e9chage plus rapide<\/td>\n<td style=\"width: 20%;text-align: center\"><strong><img decoding=\"async\" class=\"product-functional-symbols__image aligncenter\" src=\"https:\/\/www.falke.com\/it_it\/4db1c784dda527a5a838b3006792a33f7ba86246\/assets\/base\/staticImages\/functionalsymbols\/icon_daempfende-wirkung.svg\"><\/strong><\/p>\n<p>Effet amortissant<\/td>\n<\/tr>\n<\/tbody>\n<\/table>\n<div class=\"product-functional-symbols__content\"><\/div>\n<p data-start=\"0\" data-end=\"347\">Les chaussettes de course pour homme RU5 Race Pro sont con\u00e7ues pour offrir <strong data-start=\"94\" data-end=\"114\">une vitesse maximale<\/strong>, <strong data-start=\"116\" data-end=\"138\">une extr\u00eame l\u00e9g\u00e8ret\u00e9<\/strong> et <strong data-start=\"141\" data-end=\"175\">un contact direct avec la chaussure<\/strong>, id\u00e9ales pour les comp\u00e9titions et les performances de haut niveau. Con\u00e7ues pour \u00eatre associ\u00e9es \u00e0 des chaussures dot\u00e9es d&#8217;une semelle en carbone, elles permettent une course plus efficace et r\u00e9active.<\/p>\n<p data-start=\"349\" data-end=\"389\">Leur conception est \u00e9tudi\u00e9e pour garantir :<\/p>\n<ul data-start=\"390\" data-end=\"602\">\n<li data-section-id=\"1dot8ya\" data-start=\"390\" data-end=\"464\"><strong data-start=\"392\" data-end=\"427\">Un contact direct avec le sol<\/strong> gr\u00e2ce \u00e0 leur structure ultral\u00e9g\u00e8re<\/li>\n<li data-section-id=\"mne6wp\" data-start=\"465\" data-end=\"530\"><strong data-start=\"467\" data-end=\"502\">Des pieds secs et sans ampoules<\/strong> gr\u00e2ce \u00e0 la technologie \u00e0 3 couches<\/li>\n<li data-section-id=\"j7qiqc\" data-start=\"531\" data-end=\"602\"><strong data-start=\"533\" data-end=\"556\">Hautes performances<\/strong> gr\u00e2ce \u00e0 des mat\u00e9riaux techniques \u00e0 s\u00e9chage rapide<\/li>\n<\/ul>\n<p data-start=\"604\" data-end=\"1028\">L&#8217;utilisation de <strong data-start=\"620\" data-end=\"648\">polypropyl\u00e8ne r\u00e9sistant<\/strong> augmente la durabilit\u00e9, tandis que la <strong data-start=\"688\" data-end=\"729\">coupe anatomique droite\/gauche<\/strong> garantit pr\u00e9cision et confort. Le <strong data-start=\"763\" data-end=\"787\">rembourrage localis\u00e9<\/strong> r\u00e9duit la pression sur les orteils, la plante du pied et le talon sans compromettre la sensibilit\u00e9, ce qui les rend id\u00e9ales pour la course rapide. Le tissu technique favorise la <strong data-start=\"938\" data-end=\"971\">r\u00e9gulation de la temp\u00e9rature<\/strong> et garde le pied au frais m\u00eame lors d\u2019efforts intenses.<\/p>\n<p data-start=\"1030\" data-end=\"1126\">Composition : <strong data-start=\"1044\" data-end=\"1125\">38 % polyester, 34 % polyamide, 24 % polypropyl\u00e8ne, 3 % \u00e9lasthanne, 1 % polyur\u00e9thane<\/strong>.<\/p>\n","protected":false},"excerpt":{"rendered":"<ul>\n<li data-section-id=\"1cx6ywy\" data-start=\"1344\" data-end=\"1417\"><strong data-start=\"1346\" data-end=\"1372\">Structure ultral\u00e9g\u00e8re<\/strong> pour un contact optimal et des performances \u00e9lev\u00e9es<\/li>\n<li data-section-id=\"prw53x\" data-start=\"1418\" data-end=\"1495\"><strong data-start=\"1420\" data-end=\"1457\">Technologie 3 couches respirante<\/strong> pour des pieds secs et sans ampoules<\/li>\n<li data-section-id=\"5m30ig\" data-start=\"1496\" data-end=\"1577\" data-is-last-node=\"\"><strong data-start=\"1498\" data-end=\"1546\">Coupe anatomique et mat\u00e9riaux r\u00e9sistants<\/strong> pour un confort et une durabilit\u00e9 optimaux<\/li>\n<\/ul>\n","protected":false},"featured_media":436572,"template":"","meta":{"_acf_changed":false,"inline_featured_image":false},"product_brand":[],"product_cat":[24256,24482],"product_tag":[23482,23606],"class_list":{"0":"post-436554","1":"product","2":"type-product","3":"status-publish","4":"has-post-thumbnail","6":"product_cat-chaussettes-fr","7":"product_cat-vetements-pour-hommes-fr","8":"product_tag-falke-fr","9":"product_tag-falke-homme","10":"pa_attivita-marcher","11":"pa_attivita-running-fr","12":"pa_marca-falke-fr","13":"pa_sesso-homme","14":"pa_size-44-45-fr","16":"first","17":"instock","18":"sale","19":"taxable","20":"shipping-taxable","21":"purchasable","22":"product-type-variable","23":"wvs-archive-product-wrapper"},"acf":[],"yoast_head":"<!-- This site is optimized with the Yoast SEO plugin v26.8 - https:\/\/yoast.com\/product\/yoast-seo-wordpress\/ -->\n<title>Falke RU ultralight homme - Chaussettes de course \u00e0 pied - MioMioRun.com<\/title>\n<meta name=\"description\" content=\"Chaussettes de course ultral\u00e9g\u00e8res de comp\u00e9tition, con\u00e7ues pour offrir vitesse, pr\u00e9cision et une respirabilit\u00e9 maximale lors des efforts les plus intenses\" \/>\n<meta name=\"robots\" content=\"index, follow, max-snippet:-1, max-image-preview:large, max-video-preview:-1\" \/>\n<link rel=\"canonical\" href=\"https:\/\/www.miomiorun.com\/fr\/produit\/ru-ultralight-homme\/\" \/>\n<meta property=\"og:locale\" content=\"fr_FR\" \/>\n<meta property=\"og:type\" content=\"article\" \/>\n<meta property=\"og:title\" content=\"Falke RU ultralight homme - Chaussettes de course \u00e0 pied - MioMioRun.com\" \/>\n<meta property=\"og:description\" content=\"Chaussettes de course ultral\u00e9g\u00e8res de comp\u00e9tition, con\u00e7ues pour offrir vitesse, pr\u00e9cision et une respirabilit\u00e9 maximale lors des efforts les plus intenses\" \/>\n<meta property=\"og:url\" content=\"https:\/\/www.miomiorun.com\/fr\/produit\/ru-ultralight-homme\/\" \/>\n<meta property=\"og:site_name\" content=\"MioMioRun\" \/>\n<meta property=\"article:publisher\" content=\"https:\/\/www.facebook.com\/miomiorun\/\" \/>\n<meta property=\"article:modified_time\" content=\"2026-05-09T14:15:08+00:00\" \/>\n<meta property=\"og:image\" content=\"https:\/\/www.miomiorun.com\/app\/uploads\/2026\/04\/Falke-RU-Ultralight-M-76025-3002.webp\" \/>\n\t<meta property=\"og:image:width\" content=\"720\" \/>\n\t<meta property=\"og:image:height\" content=\"720\" \/>\n\t<meta property=\"og:image:type\" content=\"image\/webp\" \/>\n<meta name=\"twitter:card\" content=\"summary_large_image\" \/>\n<meta name=\"twitter:label1\" content=\"Est. reading time\" \/>\n\t<meta name=\"twitter:data1\" content=\"1 minute\" \/>\n<script type=\"application\/ld+json\" class=\"yoast-schema-graph\">{\"@context\":\"https:\/\/schema.org\",\"@graph\":[{\"@type\":\"WebPage\",\"@id\":\"https:\/\/www.miomiorun.com\/fr\/produit\/ru-ultralight-homme\/\",\"url\":\"https:\/\/www.miomiorun.com\/fr\/produit\/ru-ultralight-homme\/\",\"name\":\"Falke RU ultralight homme - Chaussettes de course \u00e0 pied - MioMioRun.com\",\"isPartOf\":{\"@id\":\"https:\/\/www.miomiorun.com\/fr\/#website\"},\"primaryImageOfPage\":{\"@id\":\"https:\/\/www.miomiorun.com\/fr\/produit\/ru-ultralight-homme\/#primaryimage\"},\"image\":{\"@id\":\"https:\/\/www.miomiorun.com\/fr\/produit\/ru-ultralight-homme\/#primaryimage\"},\"thumbnailUrl\":\"https:\/\/www.miomiorun.com\/app\/uploads\/2026\/04\/Falke-RU-Ultralight-M-76025-3002.webp\",\"datePublished\":\"2026-04-28T15:58:12+00:00\",\"dateModified\":\"2026-05-09T14:15:08+00:00\",\"description\":\"Chaussettes de course ultral\u00e9g\u00e8res de comp\u00e9tition, con\u00e7ues pour offrir vitesse, pr\u00e9cision et une respirabilit\u00e9 maximale lors des efforts les plus intenses\",\"breadcrumb\":{\"@id\":\"https:\/\/www.miomiorun.com\/fr\/produit\/ru-ultralight-homme\/#breadcrumb\"},\"inLanguage\":\"fr-FR\",\"potentialAction\":[{\"@type\":\"ReadAction\",\"target\":[\"https:\/\/www.miomiorun.com\/fr\/produit\/ru-ultralight-homme\/\"]}]},{\"@type\":\"ImageObject\",\"inLanguage\":\"fr-FR\",\"@id\":\"https:\/\/www.miomiorun.com\/fr\/produit\/ru-ultralight-homme\/#primaryimage\",\"url\":\"https:\/\/www.miomiorun.com\/app\/uploads\/2026\/04\/Falke-RU-Ultralight-M-76025-3002.webp\",\"contentUrl\":\"https:\/\/www.miomiorun.com\/app\/uploads\/2026\/04\/Falke-RU-Ultralight-M-76025-3002.webp\",\"width\":720,\"height\":720,\"caption\":\"Falke RU Ultralight M 76025 3002\"},{\"@type\":\"BreadcrumbList\",\"@id\":\"https:\/\/www.miomiorun.com\/fr\/produit\/ru-ultralight-homme\/#breadcrumb\",\"itemListElement\":[{\"@type\":\"ListItem\",\"position\":1,\"name\":\"Home\",\"item\":\"https:\/\/www.miomiorun.com\/fr\/home-page\/\"},{\"@type\":\"ListItem\",\"position\":2,\"name\":\"Shop\",\"item\":\"https:\/\/www.miomiorun.com\/shop\/\"},{\"@type\":\"ListItem\",\"position\":3,\"name\":\"RU ultralight homme\"}]},{\"@type\":\"WebSite\",\"@id\":\"https:\/\/www.miomiorun.com\/fr\/#website\",\"url\":\"https:\/\/www.miomiorun.com\/fr\/\",\"name\":\"MioMioRun\",\"description\":\"Boutique 100% running et trail\",\"publisher\":{\"@id\":\"https:\/\/www.miomiorun.com\/fr\/#organization\"},\"potentialAction\":[{\"@type\":\"SearchAction\",\"target\":{\"@type\":\"EntryPoint\",\"urlTemplate\":\"https:\/\/www.miomiorun.com\/fr\/?s={search_term_string}\"},\"query-input\":{\"@type\":\"PropertyValueSpecification\",\"valueRequired\":true,\"valueName\":\"search_term_string\"}}],\"inLanguage\":\"fr-FR\"},{\"@type\":\"Organization\",\"@id\":\"https:\/\/www.miomiorun.com\/fr\/#organization\",\"name\":\"MioMio Run\",\"url\":\"https:\/\/www.miomiorun.com\/fr\/\",\"logo\":{\"@type\":\"ImageObject\",\"inLanguage\":\"fr-FR\",\"@id\":\"https:\/\/www.miomiorun.com\/fr\/#\/schema\/logo\/image\/\",\"url\":\"https:\/\/www.miomiorun.com\/app\/uploads\/2019\/12\/logomio.png\",\"contentUrl\":\"https:\/\/www.miomiorun.com\/app\/uploads\/2019\/12\/logomio.png\",\"width\":115,\"height\":82,\"caption\":\"MioMio Run\"},\"image\":{\"@id\":\"https:\/\/www.miomiorun.com\/fr\/#\/schema\/logo\/image\/\"},\"sameAs\":[\"https:\/\/www.facebook.com\/miomiorun\/\",\"https:\/\/www.instagram.com\/miomiorun\/\"]}]}<\/script>\n<!-- \/ Yoast SEO plugin. -->","yoast_head_json":{"title":"Falke RU ultralight homme - Chaussettes de course \u00e0 pied - MioMioRun.com","description":"Chaussettes de course ultral\u00e9g\u00e8res de comp\u00e9tition, con\u00e7ues pour offrir vitesse, pr\u00e9cision et une respirabilit\u00e9 maximale lors des efforts les plus intenses","robots":{"index":"index","follow":"follow","max-snippet":"max-snippet:-1","max-image-preview":"max-image-preview:large","max-video-preview":"max-video-preview:-1"},"canonical":"https:\/\/www.miomiorun.com\/fr\/produit\/ru-ultralight-homme\/","og_locale":"fr_FR","og_type":"article","og_title":"Falke RU ultralight homme - Chaussettes de course \u00e0 pied - MioMioRun.com","og_description":"Chaussettes de course ultral\u00e9g\u00e8res de comp\u00e9tition, con\u00e7ues pour offrir vitesse, pr\u00e9cision et une respirabilit\u00e9 maximale lors des efforts les plus intenses","og_url":"https:\/\/www.miomiorun.com\/fr\/produit\/ru-ultralight-homme\/","og_site_name":"MioMioRun","article_publisher":"https:\/\/www.facebook.com\/miomiorun\/","article_modified_time":"2026-05-09T14:15:08+00:00","og_image":[{"width":720,"height":720,"url":"https:\/\/www.miomiorun.com\/app\/uploads\/2026\/04\/Falke-RU-Ultralight-M-76025-3002.webp","type":"image\/webp"}],"twitter_card":"summary_large_image","twitter_misc":{"Est. reading time":"1 minute"},"schema":{"@context":"https:\/\/schema.org","@graph":[{"@type":"WebPage","@id":"https:\/\/www.miomiorun.com\/fr\/produit\/ru-ultralight-homme\/","url":"https:\/\/www.miomiorun.com\/fr\/produit\/ru-ultralight-homme\/","name":"Falke RU ultralight homme - Chaussettes de course \u00e0 pied - MioMioRun.com","isPartOf":{"@id":"https:\/\/www.miomiorun.com\/fr\/#website"},"primaryImageOfPage":{"@id":"https:\/\/www.miomiorun.com\/fr\/produit\/ru-ultralight-homme\/#primaryimage"},"image":{"@id":"https:\/\/www.miomiorun.com\/fr\/produit\/ru-ultralight-homme\/#primaryimage"},"thumbnailUrl":"https:\/\/www.miomiorun.com\/app\/uploads\/2026\/04\/Falke-RU-Ultralight-M-76025-3002.webp","datePublished":"2026-04-28T15:58:12+00:00","dateModified":"2026-05-09T14:15:08+00:00","description":"Chaussettes de course ultral\u00e9g\u00e8res de comp\u00e9tition, con\u00e7ues pour offrir vitesse, pr\u00e9cision et une respirabilit\u00e9 maximale lors des efforts les plus intenses","breadcrumb":{"@id":"https:\/\/www.miomiorun.com\/fr\/produit\/ru-ultralight-homme\/#breadcrumb"},"inLanguage":"fr-FR","potentialAction":[{"@type":"ReadAction","target":["https:\/\/www.miomiorun.com\/fr\/produit\/ru-ultralight-homme\/"]}]},{"@type":"ImageObject","inLanguage":"fr-FR","@id":"https:\/\/www.miomiorun.com\/fr\/produit\/ru-ultralight-homme\/#primaryimage","url":"https:\/\/www.miomiorun.com\/app\/uploads\/2026\/04\/Falke-RU-Ultralight-M-76025-3002.webp","contentUrl":"https:\/\/www.miomiorun.com\/app\/uploads\/2026\/04\/Falke-RU-Ultralight-M-76025-3002.webp","width":720,"height":720,"caption":"Falke RU Ultralight M 76025 3002"},{"@type":"BreadcrumbList","@id":"https:\/\/www.miomiorun.com\/fr\/produit\/ru-ultralight-homme\/#breadcrumb","itemListElement":[{"@type":"ListItem","position":1,"name":"Home","item":"https:\/\/www.miomiorun.com\/fr\/home-page\/"},{"@type":"ListItem","position":2,"name":"Shop","item":"https:\/\/www.miomiorun.com\/shop\/"},{"@type":"ListItem","position":3,"name":"RU ultralight homme"}]},{"@type":"WebSite","@id":"https:\/\/www.miomiorun.com\/fr\/#website","url":"https:\/\/www.miomiorun.com\/fr\/","name":"MioMioRun","description":"Boutique 100% running et trail","publisher":{"@id":"https:\/\/www.miomiorun.com\/fr\/#organization"},"potentialAction":[{"@type":"SearchAction","target":{"@type":"EntryPoint","urlTemplate":"https:\/\/www.miomiorun.com\/fr\/?s={search_term_string}"},"query-input":{"@type":"PropertyValueSpecification","valueRequired":true,"valueName":"search_term_string"}}],"inLanguage":"fr-FR"},{"@type":"Organization","@id":"https:\/\/www.miomiorun.com\/fr\/#organization","name":"MioMio Run","url":"https:\/\/www.miomiorun.com\/fr\/","logo":{"@type":"ImageObject","inLanguage":"fr-FR","@id":"https:\/\/www.miomiorun.com\/fr\/#\/schema\/logo\/image\/","url":"https:\/\/www.miomiorun.com\/app\/uploads\/2019\/12\/logomio.png","contentUrl":"https:\/\/www.miomiorun.com\/app\/uploads\/2019\/12\/logomio.png","width":115,"height":82,"caption":"MioMio Run"},"image":{"@id":"https:\/\/www.miomiorun.com\/fr\/#\/schema\/logo\/image\/"},"sameAs":["https:\/\/www.facebook.com\/miomiorun\/","https:\/\/www.instagram.com\/miomiorun\/"]}]}},"_links":{"self":[{"href":"https:\/\/www.miomiorun.com\/fr\/wp-json\/wp\/v2\/product\/436554","targetHints":{"allow":["GET"]}}],"collection":[{"href":"https:\/\/www.miomiorun.com\/fr\/wp-json\/wp\/v2\/product"}],"about":[{"href":"https:\/\/www.miomiorun.com\/fr\/wp-json\/wp\/v2\/types\/product"}],"wp:featuredmedia":[{"embeddable":true,"href":"https:\/\/www.miomiorun.com\/fr\/wp-json\/wp\/v2\/media\/436572"}],"wp:attachment":[{"href":"https:\/\/www.miomiorun.com\/fr\/wp-json\/wp\/v2\/media?parent=436554"}],"wp:term":[{"taxonomy":"product_brand","embeddable":true,"href":"https:\/\/www.miomiorun.com\/fr\/wp-json\/wp\/v2\/product_brand?post=436554"},{"taxonomy":"product_cat","embeddable":true,"href":"https:\/\/www.miomiorun.com\/fr\/wp-json\/wp\/v2\/product_cat?post=436554"},{"taxonomy":"product_tag","embeddable":true,"href":"https:\/\/www.miomiorun.com\/fr\/wp-json\/wp\/v2\/product_tag?post=436554"}],"curies":[{"name":"wp","href":"https:\/\/api.w.org\/{rel}","templated":true}]}}