{"id":436317,"date":"2026-04-28T15:43:05","date_gmt":"2026-04-28T13:43:05","guid":{"rendered":"https:\/\/www.miomiorun.com\/?post_type=product&#038;p=436317"},"modified":"2026-05-09T16:13:48","modified_gmt":"2026-05-09T14:13:48","slug":"tk5-homme","status":"publish","type":"product","link":"https:\/\/www.miomiorun.com\/fr\/produit\/tk5-homme\/","title":{"rendered":"TK5 homme"},"content":{"rendered":"<p data-start=\"0\" data-end=\"355\">Les chaussettes de randonn\u00e9e pour homme TK5 sont con\u00e7ues pour offrir <strong data-start=\"83\" data-end=\"97\">l\u00e9g\u00e8ret\u00e9<\/strong>, <strong data-start=\"99\" data-end=\"110\">confort<\/strong> et <strong data-start=\"113\" data-end=\"133\">thermor\u00e9gulation<\/strong> lors de randonn\u00e9es occasionnelles et d&#8217;activit\u00e9s quotidiennes. Gr\u00e2ce \u00e0 l&#8217;association de mat\u00e9riaux techniques et de <strong data-start=\"236\" data-end=\"251\">laine m\u00e9rinos<\/strong>, elles garantissent une sensation naturelle sur la peau et un bon \u00e9quilibre entre isolation et respirabilit\u00e9. <\/p>\n<p data-start=\"357\" data-end=\"395\">La structure est con\u00e7ue pour garantir :<\/p>\n<ul data-start=\"396\" data-end=\"614\">\n<li data-section-id=\"1jf61o\" data-start=\"396\" data-end=\"474\"><strong data-start=\"398\" data-end=\"433\">Des pieds secs et sans ampoules<\/strong> gr\u00e2ce \u00e0 une construction respirante \u00e0 3 couches<\/li>\n<li data-section-id=\"1fanno9\" data-start=\"475\" data-end=\"554\"><strong data-start=\"477\" data-end=\"514\">Un contact direct avec la chaussure<\/strong> pour plus de pr\u00e9cision et de sensibilit\u00e9<\/li>\n<li data-section-id=\"6y2wud\" data-start=\"555\" data-end=\"614\"><strong data-start=\"557\" data-end=\"588\">Confort et protection cibl\u00e9e<\/strong> gr\u00e2ce \u00e0 un rembourrage l\u00e9ger<\/li>\n<\/ul>\n<p data-start=\"616\" data-end=\"1049\">Le <strong data-start=\"619\" data-end=\"646\">tissu en laine m\u00e9rinos<\/strong> contribue \u00e0 la <strong data-start=\"665\" data-end=\"685\">thermor\u00e9gulation<\/strong> et offre un effet anti-odeurs naturel, id\u00e9al pour une utilisation prolong\u00e9e. La <strong data-start=\"761\" data-end=\"802\">coupe anatomique droite\/gauche<\/strong> assure un ajustement pr\u00e9cis, tandis que la structure l\u00e9g\u00e8re facilite l&#8217;enfilage dans la chaussure et am\u00e9liore le confort lors de la marche. Longueur au mollet et conception pens\u00e9es pour une utilisation polyvalente, de la ville aux randonn\u00e9es l\u00e9g\u00e8res.<\/p>\n<p data-start=\"1051\" data-end=\"1121\">Composition : <strong data-start=\"1065\" data-end=\"1120\">38 % laine de tonte, 34 % polypropyl\u00e8ne, 28 % polyamide<\/strong>.<\/p>\n","protected":false},"excerpt":{"rendered":"<ul>\n<li data-section-id=\"m9zf9c\" data-start=\"1350\" data-end=\"1420\"><strong data-start=\"1352\" data-end=\"1382\">Laine m\u00e9rinos thermor\u00e9gulatrice<\/strong> pour plus de confort et un contr\u00f4le des odeurs<\/li>\n<li data-section-id=\"cl4ruu\" data-start=\"1421\" data-end=\"1493\"><strong data-start=\"1423\" data-end=\"1459\">Structure \u00e0 3 couches respirante<\/strong> pour garder le pied au sec<\/li>\n<li data-section-id=\"lvu357\" data-start=\"1494\" data-end=\"1568\" data-is-last-node=\"\"><strong data-start=\"1496\" data-end=\"1543\">Rembourrage l\u00e9ger et coupe anatomique<\/strong> pour plus de pr\u00e9cision et de confort<\/li>\n<\/ul>\n","protected":false},"featured_media":436339,"template":"","meta":{"_acf_changed":false,"inline_featured_image":false},"product_brand":[],"product_cat":[24256,24482],"product_tag":[23482,23606],"class_list":{"0":"post-436317","1":"product","2":"type-product","3":"status-publish","4":"has-post-thumbnail","6":"product_cat-chaussettes-fr","7":"product_cat-vetements-pour-hommes-fr","8":"product_tag-falke-fr","9":"product_tag-falke-homme","10":"pa_attivita-marcher","11":"pa_attivita-outdoor-fr","12":"pa_colore-tk5-m-yve","13":"pa_marca-falke-fr","14":"pa_sesso-homme","15":"pa_size-39-41-fr","16":"pa_size-42-43-fr","17":"pa_size-44-45-fr","19":"first","20":"instock","21":"sale","22":"taxable","23":"shipping-taxable","24":"purchasable","25":"product-type-variable","26":"wvs-archive-product-wrapper"},"acf":[],"yoast_head":"<!-- This site is optimized with the Yoast SEO plugin v26.8 - https:\/\/yoast.com\/product\/yoast-seo-wordpress\/ -->\n<title>Falke TK5 homme - Chaussettes de course \u00e0 pied- MioMioRun.com<\/title>\n<meta name=\"description\" content=\"L\u00e9g\u00e8res et respirantes, con\u00e7ues pour offrir confort, r\u00e9gulation thermique et un contact optimal avec la chaussure lors des randonn\u00e9es et des activit\u00e9s quotidiennes\" \/>\n<meta name=\"robots\" content=\"index, follow, max-snippet:-1, max-image-preview:large, max-video-preview:-1\" \/>\n<link rel=\"canonical\" href=\"https:\/\/www.miomiorun.com\/fr\/produit\/tk5-homme\/\" \/>\n<meta property=\"og:locale\" content=\"fr_FR\" \/>\n<meta property=\"og:type\" content=\"article\" \/>\n<meta property=\"og:title\" content=\"Falke TK5 homme - Chaussettes de course \u00e0 pied- MioMioRun.com\" \/>\n<meta property=\"og:description\" content=\"L\u00e9g\u00e8res et respirantes, con\u00e7ues pour offrir confort, r\u00e9gulation thermique et un contact optimal avec la chaussure lors des randonn\u00e9es et des activit\u00e9s quotidiennes\" \/>\n<meta property=\"og:url\" content=\"https:\/\/www.miomiorun.com\/fr\/produit\/tk5-homme\/\" \/>\n<meta property=\"og:site_name\" content=\"MioMioRun\" \/>\n<meta property=\"article:publisher\" content=\"https:\/\/www.facebook.com\/miomiorun\/\" \/>\n<meta property=\"article:modified_time\" content=\"2026-05-09T14:13:48+00:00\" \/>\n<meta property=\"og:image\" content=\"https:\/\/www.miomiorun.com\/app\/uploads\/2026\/04\/Falke-TK5-M-YVE-16242-6714.webp\" \/>\n\t<meta property=\"og:image:width\" content=\"720\" \/>\n\t<meta property=\"og:image:height\" content=\"720\" \/>\n\t<meta property=\"og:image:type\" content=\"image\/webp\" \/>\n<meta name=\"twitter:card\" content=\"summary_large_image\" \/>\n<meta name=\"twitter:label1\" content=\"Est. reading time\" \/>\n\t<meta name=\"twitter:data1\" content=\"1 minute\" \/>\n<script type=\"application\/ld+json\" class=\"yoast-schema-graph\">{\"@context\":\"https:\/\/schema.org\",\"@graph\":[{\"@type\":\"WebPage\",\"@id\":\"https:\/\/www.miomiorun.com\/fr\/produit\/tk5-homme\/\",\"url\":\"https:\/\/www.miomiorun.com\/fr\/produit\/tk5-homme\/\",\"name\":\"Falke TK5 homme - Chaussettes de course \u00e0 pied- MioMioRun.com\",\"isPartOf\":{\"@id\":\"https:\/\/www.miomiorun.com\/fr\/#website\"},\"primaryImageOfPage\":{\"@id\":\"https:\/\/www.miomiorun.com\/fr\/produit\/tk5-homme\/#primaryimage\"},\"image\":{\"@id\":\"https:\/\/www.miomiorun.com\/fr\/produit\/tk5-homme\/#primaryimage\"},\"thumbnailUrl\":\"https:\/\/www.miomiorun.com\/app\/uploads\/2026\/04\/Falke-TK5-M-YVE-16242-6714.webp\",\"datePublished\":\"2026-04-28T13:43:05+00:00\",\"dateModified\":\"2026-05-09T14:13:48+00:00\",\"description\":\"L\u00e9g\u00e8res et respirantes, con\u00e7ues pour offrir confort, r\u00e9gulation thermique et un contact optimal avec la chaussure lors des randonn\u00e9es et des activit\u00e9s quotidiennes\",\"breadcrumb\":{\"@id\":\"https:\/\/www.miomiorun.com\/fr\/produit\/tk5-homme\/#breadcrumb\"},\"inLanguage\":\"fr-FR\",\"potentialAction\":[{\"@type\":\"ReadAction\",\"target\":[\"https:\/\/www.miomiorun.com\/fr\/produit\/tk5-homme\/\"]}]},{\"@type\":\"ImageObject\",\"inLanguage\":\"fr-FR\",\"@id\":\"https:\/\/www.miomiorun.com\/fr\/produit\/tk5-homme\/#primaryimage\",\"url\":\"https:\/\/www.miomiorun.com\/app\/uploads\/2026\/04\/Falke-TK5-M-YVE-16242-6714.webp\",\"contentUrl\":\"https:\/\/www.miomiorun.com\/app\/uploads\/2026\/04\/Falke-TK5-M-YVE-16242-6714.webp\",\"width\":720,\"height\":720,\"caption\":\"Falke TK5 M YVE 16242 6714\"},{\"@type\":\"BreadcrumbList\",\"@id\":\"https:\/\/www.miomiorun.com\/fr\/produit\/tk5-homme\/#breadcrumb\",\"itemListElement\":[{\"@type\":\"ListItem\",\"position\":1,\"name\":\"Home\",\"item\":\"https:\/\/www.miomiorun.com\/fr\/home-page\/\"},{\"@type\":\"ListItem\",\"position\":2,\"name\":\"Shop\",\"item\":\"https:\/\/www.miomiorun.com\/shop\/\"},{\"@type\":\"ListItem\",\"position\":3,\"name\":\"TK5 homme\"}]},{\"@type\":\"WebSite\",\"@id\":\"https:\/\/www.miomiorun.com\/fr\/#website\",\"url\":\"https:\/\/www.miomiorun.com\/fr\/\",\"name\":\"MioMioRun\",\"description\":\"Boutique 100% running et trail\",\"publisher\":{\"@id\":\"https:\/\/www.miomiorun.com\/fr\/#organization\"},\"potentialAction\":[{\"@type\":\"SearchAction\",\"target\":{\"@type\":\"EntryPoint\",\"urlTemplate\":\"https:\/\/www.miomiorun.com\/fr\/?s={search_term_string}\"},\"query-input\":{\"@type\":\"PropertyValueSpecification\",\"valueRequired\":true,\"valueName\":\"search_term_string\"}}],\"inLanguage\":\"fr-FR\"},{\"@type\":\"Organization\",\"@id\":\"https:\/\/www.miomiorun.com\/fr\/#organization\",\"name\":\"MioMio Run\",\"url\":\"https:\/\/www.miomiorun.com\/fr\/\",\"logo\":{\"@type\":\"ImageObject\",\"inLanguage\":\"fr-FR\",\"@id\":\"https:\/\/www.miomiorun.com\/fr\/#\/schema\/logo\/image\/\",\"url\":\"https:\/\/www.miomiorun.com\/app\/uploads\/2019\/12\/logomio.png\",\"contentUrl\":\"https:\/\/www.miomiorun.com\/app\/uploads\/2019\/12\/logomio.png\",\"width\":115,\"height\":82,\"caption\":\"MioMio Run\"},\"image\":{\"@id\":\"https:\/\/www.miomiorun.com\/fr\/#\/schema\/logo\/image\/\"},\"sameAs\":[\"https:\/\/www.facebook.com\/miomiorun\/\",\"https:\/\/www.instagram.com\/miomiorun\/\"]}]}<\/script>\n<!-- \/ Yoast SEO plugin. -->","yoast_head_json":{"title":"Falke TK5 homme - Chaussettes de course \u00e0 pied- MioMioRun.com","description":"L\u00e9g\u00e8res et respirantes, con\u00e7ues pour offrir confort, r\u00e9gulation thermique et un contact optimal avec la chaussure lors des randonn\u00e9es et des activit\u00e9s quotidiennes","robots":{"index":"index","follow":"follow","max-snippet":"max-snippet:-1","max-image-preview":"max-image-preview:large","max-video-preview":"max-video-preview:-1"},"canonical":"https:\/\/www.miomiorun.com\/fr\/produit\/tk5-homme\/","og_locale":"fr_FR","og_type":"article","og_title":"Falke TK5 homme - Chaussettes de course \u00e0 pied- MioMioRun.com","og_description":"L\u00e9g\u00e8res et respirantes, con\u00e7ues pour offrir confort, r\u00e9gulation thermique et un contact optimal avec la chaussure lors des randonn\u00e9es et des activit\u00e9s quotidiennes","og_url":"https:\/\/www.miomiorun.com\/fr\/produit\/tk5-homme\/","og_site_name":"MioMioRun","article_publisher":"https:\/\/www.facebook.com\/miomiorun\/","article_modified_time":"2026-05-09T14:13:48+00:00","og_image":[{"width":720,"height":720,"url":"https:\/\/www.miomiorun.com\/app\/uploads\/2026\/04\/Falke-TK5-M-YVE-16242-6714.webp","type":"image\/webp"}],"twitter_card":"summary_large_image","twitter_misc":{"Est. reading time":"1 minute"},"schema":{"@context":"https:\/\/schema.org","@graph":[{"@type":"WebPage","@id":"https:\/\/www.miomiorun.com\/fr\/produit\/tk5-homme\/","url":"https:\/\/www.miomiorun.com\/fr\/produit\/tk5-homme\/","name":"Falke TK5 homme - Chaussettes de course \u00e0 pied- MioMioRun.com","isPartOf":{"@id":"https:\/\/www.miomiorun.com\/fr\/#website"},"primaryImageOfPage":{"@id":"https:\/\/www.miomiorun.com\/fr\/produit\/tk5-homme\/#primaryimage"},"image":{"@id":"https:\/\/www.miomiorun.com\/fr\/produit\/tk5-homme\/#primaryimage"},"thumbnailUrl":"https:\/\/www.miomiorun.com\/app\/uploads\/2026\/04\/Falke-TK5-M-YVE-16242-6714.webp","datePublished":"2026-04-28T13:43:05+00:00","dateModified":"2026-05-09T14:13:48+00:00","description":"L\u00e9g\u00e8res et respirantes, con\u00e7ues pour offrir confort, r\u00e9gulation thermique et un contact optimal avec la chaussure lors des randonn\u00e9es et des activit\u00e9s quotidiennes","breadcrumb":{"@id":"https:\/\/www.miomiorun.com\/fr\/produit\/tk5-homme\/#breadcrumb"},"inLanguage":"fr-FR","potentialAction":[{"@type":"ReadAction","target":["https:\/\/www.miomiorun.com\/fr\/produit\/tk5-homme\/"]}]},{"@type":"ImageObject","inLanguage":"fr-FR","@id":"https:\/\/www.miomiorun.com\/fr\/produit\/tk5-homme\/#primaryimage","url":"https:\/\/www.miomiorun.com\/app\/uploads\/2026\/04\/Falke-TK5-M-YVE-16242-6714.webp","contentUrl":"https:\/\/www.miomiorun.com\/app\/uploads\/2026\/04\/Falke-TK5-M-YVE-16242-6714.webp","width":720,"height":720,"caption":"Falke TK5 M YVE 16242 6714"},{"@type":"BreadcrumbList","@id":"https:\/\/www.miomiorun.com\/fr\/produit\/tk5-homme\/#breadcrumb","itemListElement":[{"@type":"ListItem","position":1,"name":"Home","item":"https:\/\/www.miomiorun.com\/fr\/home-page\/"},{"@type":"ListItem","position":2,"name":"Shop","item":"https:\/\/www.miomiorun.com\/shop\/"},{"@type":"ListItem","position":3,"name":"TK5 homme"}]},{"@type":"WebSite","@id":"https:\/\/www.miomiorun.com\/fr\/#website","url":"https:\/\/www.miomiorun.com\/fr\/","name":"MioMioRun","description":"Boutique 100% running et trail","publisher":{"@id":"https:\/\/www.miomiorun.com\/fr\/#organization"},"potentialAction":[{"@type":"SearchAction","target":{"@type":"EntryPoint","urlTemplate":"https:\/\/www.miomiorun.com\/fr\/?s={search_term_string}"},"query-input":{"@type":"PropertyValueSpecification","valueRequired":true,"valueName":"search_term_string"}}],"inLanguage":"fr-FR"},{"@type":"Organization","@id":"https:\/\/www.miomiorun.com\/fr\/#organization","name":"MioMio Run","url":"https:\/\/www.miomiorun.com\/fr\/","logo":{"@type":"ImageObject","inLanguage":"fr-FR","@id":"https:\/\/www.miomiorun.com\/fr\/#\/schema\/logo\/image\/","url":"https:\/\/www.miomiorun.com\/app\/uploads\/2019\/12\/logomio.png","contentUrl":"https:\/\/www.miomiorun.com\/app\/uploads\/2019\/12\/logomio.png","width":115,"height":82,"caption":"MioMio Run"},"image":{"@id":"https:\/\/www.miomiorun.com\/fr\/#\/schema\/logo\/image\/"},"sameAs":["https:\/\/www.facebook.com\/miomiorun\/","https:\/\/www.instagram.com\/miomiorun\/"]}]}},"_links":{"self":[{"href":"https:\/\/www.miomiorun.com\/fr\/wp-json\/wp\/v2\/product\/436317","targetHints":{"allow":["GET"]}}],"collection":[{"href":"https:\/\/www.miomiorun.com\/fr\/wp-json\/wp\/v2\/product"}],"about":[{"href":"https:\/\/www.miomiorun.com\/fr\/wp-json\/wp\/v2\/types\/product"}],"wp:featuredmedia":[{"embeddable":true,"href":"https:\/\/www.miomiorun.com\/fr\/wp-json\/wp\/v2\/media\/436339"}],"wp:attachment":[{"href":"https:\/\/www.miomiorun.com\/fr\/wp-json\/wp\/v2\/media?parent=436317"}],"wp:term":[{"taxonomy":"product_brand","embeddable":true,"href":"https:\/\/www.miomiorun.com\/fr\/wp-json\/wp\/v2\/product_brand?post=436317"},{"taxonomy":"product_cat","embeddable":true,"href":"https:\/\/www.miomiorun.com\/fr\/wp-json\/wp\/v2\/product_cat?post=436317"},{"taxonomy":"product_tag","embeddable":true,"href":"https:\/\/www.miomiorun.com\/fr\/wp-json\/wp\/v2\/product_tag?post=436317"}],"curies":[{"name":"wp","href":"https:\/\/api.w.org\/{rel}","templated":true}]}}