{"id":436264,"date":"2026-04-28T12:15:51","date_gmt":"2026-04-28T10:15:51","guid":{"rendered":"https:\/\/www.miomiorun.com\/?post_type=product&#038;p=436264"},"modified":"2026-05-09T16:12:29","modified_gmt":"2026-05-09T14:12:29","slug":"ru-compression-stabilizing-homme","status":"publish","type":"product","link":"https:\/\/www.miomiorun.com\/fr\/produit\/ru-compression-stabilizing-homme\/","title":{"rendered":"RU Compression Stabilizing homme"},"content":{"rendered":"<p data-start=\"0\" data-end=\"349\">Les chaussettes de course \u00e0 compression RU Compression Stabilizing sont con\u00e7ues pour offrir <strong data-start=\"118\" data-end=\"131\">stabilit\u00e9<\/strong>, <strong data-start=\"133\" data-end=\"152\">soutien cibl\u00e9<\/strong> et <strong data-start=\"155\" data-end=\"175\">confort optimal<\/strong> pendant la course. Destin\u00e9es aux coureurs \u00e0 la recherche d&#8217;une meilleure sensation de contr\u00f4le, elles allient une structure technique \u00e0 des mat\u00e9riaux performants pour accompagner chaque foul\u00e9e.<\/p>\n<p data-start=\"351\" data-end=\"391\">La conception est \u00e9tudi\u00e9e pour garantir :<\/p>\n<ul data-start=\"392\" data-end=\"595\">\n<li data-section-id=\"1tqz0zt\" data-start=\"392\" data-end=\"466\"><strong data-start=\"394\" data-end=\"431\">Une meilleure stabilit\u00e9 de la cheville<\/strong> gr\u00e2ce aux zones de compression<\/li>\n<li data-section-id=\"1gnzllt\" data-start=\"467\" data-end=\"543\"><strong data-start=\"469\" data-end=\"504\">Des pieds secs et sans ampoules<\/strong> gr\u00e2ce \u00e0 une structure respirante \u00e0 3 couches<\/li>\n<li data-section-id=\"x269lm\" data-start=\"544\" data-end=\"595\"><strong data-start=\"546\" data-end=\"570\">Confort et protection<\/strong> gr\u00e2ce \u00e0 un rembourrage cibl\u00e9<\/li>\n<\/ul>\n<p data-start=\"597\" data-end=\"1096\">Les <strong data-start=\"600\" data-end=\"624\">zones de compression<\/strong> am\u00e9liorent la stabilit\u00e9 pendant la course, offrant une sensation de meilleur contr\u00f4le. La <strong data-start=\"717\" data-end=\"753\">structure \u00e0 3 couches avec lyocell<\/strong> favorise la gestion de l&#8217;humidit\u00e9, gardant le pied frais et sec m\u00eame lors d&#8217;efforts prolong\u00e9s. La <strong data-start=\"864\" data-end=\"905\">coupe anatomique droite\/gauche<\/strong> assure un ajustement pr\u00e9cis, tandis que le <strong data-start=\"945\" data-end=\"974\">rembourrage moyennement \u00e9pais<\/strong> contribue \u00e0 l&#8217;amorti. Longueur au mollet, look sportif et conception pens\u00e9e pour des performances fiables.<\/p>\n<p data-start=\"1098\" data-end=\"1190\">Composition : <strong data-start=\"1112\" data-end=\"1189\">42 % polypropyl\u00e8ne, 28 % polyamide, 15 % lyocell, 8 % \u00e9lasthanne, 7 % polyester<\/strong>.<\/p>\n","protected":false},"excerpt":{"rendered":"<ul>\n<li data-section-id=\"14tn3rn\" data-start=\"1374\" data-end=\"1452\"><strong data-start=\"1376\" data-end=\"1407\">Zones de compression cibl\u00e9es<\/strong> pour am\u00e9liorer la stabilit\u00e9 de la cheville<\/li>\n<li data-section-id=\"cl4ruu\" data-start=\"1453\" data-end=\"1525\"><strong data-start=\"1455\" data-end=\"1491\">Structure respirante \u00e0 3 couches<\/strong> pour garder le pied au sec<\/li>\n<li data-section-id=\"7arg36\" data-start=\"1526\" data-end=\"1604\" data-is-last-node=\"\"><strong data-start=\"1528\" data-end=\"1574\">Coupe anatomique et rembourrage cibl\u00e9<\/strong> pour plus de confort et d&#8217;amorti<\/li>\n<\/ul>\n","protected":false},"featured_media":436302,"template":"","meta":{"_acf_changed":false,"inline_featured_image":false},"product_brand":[],"product_cat":[24256,24482,24484],"product_tag":[23482,23606],"class_list":{"0":"post-436264","1":"product","2":"type-product","3":"status-publish","4":"has-post-thumbnail","6":"product_cat-chaussettes-fr","7":"product_cat-vetements-pour-hommes-fr","8":"product_cat-homme","9":"product_tag-falke-fr","10":"product_tag-falke-homme","11":"pa_attivita-marcher","12":"pa_attivita-running-fr","13":"pa_attivita-trail-fr","14":"pa_colore-ru-comp-stabilizing-m-black","15":"pa_colore-ru-comp-stabilizing-m-space-blue","16":"pa_marca-falke-fr","17":"pa_sesso-homme","18":"pa_size-39-41-fr","19":"pa_size-42-43-fr","20":"pa_size-44-45-fr","21":"pa_size-46-48-fr","23":"first","24":"instock","25":"sale","26":"taxable","27":"shipping-taxable","28":"purchasable","29":"product-type-variable","30":"wvs-archive-product-wrapper"},"acf":[],"yoast_head":"<!-- This site is optimized with the Yoast SEO plugin v26.8 - https:\/\/yoast.com\/product\/yoast-seo-wordpress\/ -->\n<title>Falke RU Compression Stabilizing homme -Chaussettes de course \u00e0 pied - MioMioRun.com<\/title>\n<meta name=\"description\" content=\"Chaussettes de course \u00e0 pied \u00e0 compression con\u00e7ues pour offrir stabilit\u00e9, confort optimal et gestion de l&#039;humidit\u00e9 \u00e0 chaque course\" \/>\n<meta name=\"robots\" content=\"index, follow, max-snippet:-1, max-image-preview:large, max-video-preview:-1\" \/>\n<link rel=\"canonical\" href=\"https:\/\/www.miomiorun.com\/fr\/produit\/ru-compression-stabilizing-homme\/\" \/>\n<meta property=\"og:locale\" content=\"fr_FR\" \/>\n<meta property=\"og:type\" content=\"article\" \/>\n<meta property=\"og:title\" content=\"Falke RU Compression Stabilizing homme -Chaussettes de course \u00e0 pied - MioMioRun.com\" \/>\n<meta property=\"og:description\" content=\"Chaussettes de course \u00e0 pied \u00e0 compression con\u00e7ues pour offrir stabilit\u00e9, confort optimal et gestion de l&#039;humidit\u00e9 \u00e0 chaque course\" \/>\n<meta property=\"og:url\" content=\"https:\/\/www.miomiorun.com\/fr\/produit\/ru-compression-stabilizing-homme\/\" \/>\n<meta property=\"og:site_name\" content=\"MioMioRun\" \/>\n<meta property=\"article:publisher\" content=\"https:\/\/www.facebook.com\/miomiorun\/\" \/>\n<meta property=\"article:modified_time\" content=\"2026-05-09T14:12:29+00:00\" \/>\n<meta property=\"og:image\" content=\"https:\/\/www.miomiorun.com\/app\/uploads\/2026\/04\/Falke-RU-COMP-STABILIZING-M-SPACE-BLUE-16227-6116.webp\" \/>\n\t<meta property=\"og:image:width\" content=\"720\" \/>\n\t<meta property=\"og:image:height\" content=\"720\" \/>\n\t<meta property=\"og:image:type\" content=\"image\/webp\" \/>\n<meta name=\"twitter:card\" content=\"summary_large_image\" \/>\n<meta name=\"twitter:label1\" content=\"Est. reading time\" \/>\n\t<meta name=\"twitter:data1\" content=\"1 minute\" \/>\n<script type=\"application\/ld+json\" class=\"yoast-schema-graph\">{\"@context\":\"https:\/\/schema.org\",\"@graph\":[{\"@type\":\"WebPage\",\"@id\":\"https:\/\/www.miomiorun.com\/fr\/produit\/ru-compression-stabilizing-homme\/\",\"url\":\"https:\/\/www.miomiorun.com\/fr\/produit\/ru-compression-stabilizing-homme\/\",\"name\":\"Falke RU Compression Stabilizing homme -Chaussettes de course \u00e0 pied - MioMioRun.com\",\"isPartOf\":{\"@id\":\"https:\/\/www.miomiorun.com\/fr\/#website\"},\"primaryImageOfPage\":{\"@id\":\"https:\/\/www.miomiorun.com\/fr\/produit\/ru-compression-stabilizing-homme\/#primaryimage\"},\"image\":{\"@id\":\"https:\/\/www.miomiorun.com\/fr\/produit\/ru-compression-stabilizing-homme\/#primaryimage\"},\"thumbnailUrl\":\"https:\/\/www.miomiorun.com\/app\/uploads\/2026\/04\/Falke-RU-COMP-STABILIZING-M-SPACE-BLUE-16227-6116.webp\",\"datePublished\":\"2026-04-28T10:15:51+00:00\",\"dateModified\":\"2026-05-09T14:12:29+00:00\",\"description\":\"Chaussettes de course \u00e0 pied \u00e0 compression con\u00e7ues pour offrir stabilit\u00e9, confort optimal et gestion de l'humidit\u00e9 \u00e0 chaque course\",\"breadcrumb\":{\"@id\":\"https:\/\/www.miomiorun.com\/fr\/produit\/ru-compression-stabilizing-homme\/#breadcrumb\"},\"inLanguage\":\"fr-FR\",\"potentialAction\":[{\"@type\":\"ReadAction\",\"target\":[\"https:\/\/www.miomiorun.com\/fr\/produit\/ru-compression-stabilizing-homme\/\"]}]},{\"@type\":\"ImageObject\",\"inLanguage\":\"fr-FR\",\"@id\":\"https:\/\/www.miomiorun.com\/fr\/produit\/ru-compression-stabilizing-homme\/#primaryimage\",\"url\":\"https:\/\/www.miomiorun.com\/app\/uploads\/2026\/04\/Falke-RU-COMP-STABILIZING-M-SPACE-BLUE-16227-6116.webp\",\"contentUrl\":\"https:\/\/www.miomiorun.com\/app\/uploads\/2026\/04\/Falke-RU-COMP-STABILIZING-M-SPACE-BLUE-16227-6116.webp\",\"width\":720,\"height\":720,\"caption\":\"Falke RU COMP STABILIZING M SPACE BLUE 16227 6116\"},{\"@type\":\"BreadcrumbList\",\"@id\":\"https:\/\/www.miomiorun.com\/fr\/produit\/ru-compression-stabilizing-homme\/#breadcrumb\",\"itemListElement\":[{\"@type\":\"ListItem\",\"position\":1,\"name\":\"Home\",\"item\":\"https:\/\/www.miomiorun.com\/fr\/home-page\/\"},{\"@type\":\"ListItem\",\"position\":2,\"name\":\"Shop\",\"item\":\"https:\/\/www.miomiorun.com\/shop\/\"},{\"@type\":\"ListItem\",\"position\":3,\"name\":\"RU Compression Stabilizing homme\"}]},{\"@type\":\"WebSite\",\"@id\":\"https:\/\/www.miomiorun.com\/fr\/#website\",\"url\":\"https:\/\/www.miomiorun.com\/fr\/\",\"name\":\"MioMioRun\",\"description\":\"Boutique 100% running et trail\",\"publisher\":{\"@id\":\"https:\/\/www.miomiorun.com\/fr\/#organization\"},\"potentialAction\":[{\"@type\":\"SearchAction\",\"target\":{\"@type\":\"EntryPoint\",\"urlTemplate\":\"https:\/\/www.miomiorun.com\/fr\/?s={search_term_string}\"},\"query-input\":{\"@type\":\"PropertyValueSpecification\",\"valueRequired\":true,\"valueName\":\"search_term_string\"}}],\"inLanguage\":\"fr-FR\"},{\"@type\":\"Organization\",\"@id\":\"https:\/\/www.miomiorun.com\/fr\/#organization\",\"name\":\"MioMio Run\",\"url\":\"https:\/\/www.miomiorun.com\/fr\/\",\"logo\":{\"@type\":\"ImageObject\",\"inLanguage\":\"fr-FR\",\"@id\":\"https:\/\/www.miomiorun.com\/fr\/#\/schema\/logo\/image\/\",\"url\":\"https:\/\/www.miomiorun.com\/app\/uploads\/2019\/12\/logomio.png\",\"contentUrl\":\"https:\/\/www.miomiorun.com\/app\/uploads\/2019\/12\/logomio.png\",\"width\":115,\"height\":82,\"caption\":\"MioMio Run\"},\"image\":{\"@id\":\"https:\/\/www.miomiorun.com\/fr\/#\/schema\/logo\/image\/\"},\"sameAs\":[\"https:\/\/www.facebook.com\/miomiorun\/\",\"https:\/\/www.instagram.com\/miomiorun\/\"]}]}<\/script>\n<!-- \/ Yoast SEO plugin. -->","yoast_head_json":{"title":"Falke RU Compression Stabilizing homme -Chaussettes de course \u00e0 pied - MioMioRun.com","description":"Chaussettes de course \u00e0 pied \u00e0 compression con\u00e7ues pour offrir stabilit\u00e9, confort optimal et gestion de l'humidit\u00e9 \u00e0 chaque course","robots":{"index":"index","follow":"follow","max-snippet":"max-snippet:-1","max-image-preview":"max-image-preview:large","max-video-preview":"max-video-preview:-1"},"canonical":"https:\/\/www.miomiorun.com\/fr\/produit\/ru-compression-stabilizing-homme\/","og_locale":"fr_FR","og_type":"article","og_title":"Falke RU Compression Stabilizing homme -Chaussettes de course \u00e0 pied - MioMioRun.com","og_description":"Chaussettes de course \u00e0 pied \u00e0 compression con\u00e7ues pour offrir stabilit\u00e9, confort optimal et gestion de l'humidit\u00e9 \u00e0 chaque course","og_url":"https:\/\/www.miomiorun.com\/fr\/produit\/ru-compression-stabilizing-homme\/","og_site_name":"MioMioRun","article_publisher":"https:\/\/www.facebook.com\/miomiorun\/","article_modified_time":"2026-05-09T14:12:29+00:00","og_image":[{"width":720,"height":720,"url":"https:\/\/www.miomiorun.com\/app\/uploads\/2026\/04\/Falke-RU-COMP-STABILIZING-M-SPACE-BLUE-16227-6116.webp","type":"image\/webp"}],"twitter_card":"summary_large_image","twitter_misc":{"Est. reading time":"1 minute"},"schema":{"@context":"https:\/\/schema.org","@graph":[{"@type":"WebPage","@id":"https:\/\/www.miomiorun.com\/fr\/produit\/ru-compression-stabilizing-homme\/","url":"https:\/\/www.miomiorun.com\/fr\/produit\/ru-compression-stabilizing-homme\/","name":"Falke RU Compression Stabilizing homme -Chaussettes de course \u00e0 pied - MioMioRun.com","isPartOf":{"@id":"https:\/\/www.miomiorun.com\/fr\/#website"},"primaryImageOfPage":{"@id":"https:\/\/www.miomiorun.com\/fr\/produit\/ru-compression-stabilizing-homme\/#primaryimage"},"image":{"@id":"https:\/\/www.miomiorun.com\/fr\/produit\/ru-compression-stabilizing-homme\/#primaryimage"},"thumbnailUrl":"https:\/\/www.miomiorun.com\/app\/uploads\/2026\/04\/Falke-RU-COMP-STABILIZING-M-SPACE-BLUE-16227-6116.webp","datePublished":"2026-04-28T10:15:51+00:00","dateModified":"2026-05-09T14:12:29+00:00","description":"Chaussettes de course \u00e0 pied \u00e0 compression con\u00e7ues pour offrir stabilit\u00e9, confort optimal et gestion de l'humidit\u00e9 \u00e0 chaque course","breadcrumb":{"@id":"https:\/\/www.miomiorun.com\/fr\/produit\/ru-compression-stabilizing-homme\/#breadcrumb"},"inLanguage":"fr-FR","potentialAction":[{"@type":"ReadAction","target":["https:\/\/www.miomiorun.com\/fr\/produit\/ru-compression-stabilizing-homme\/"]}]},{"@type":"ImageObject","inLanguage":"fr-FR","@id":"https:\/\/www.miomiorun.com\/fr\/produit\/ru-compression-stabilizing-homme\/#primaryimage","url":"https:\/\/www.miomiorun.com\/app\/uploads\/2026\/04\/Falke-RU-COMP-STABILIZING-M-SPACE-BLUE-16227-6116.webp","contentUrl":"https:\/\/www.miomiorun.com\/app\/uploads\/2026\/04\/Falke-RU-COMP-STABILIZING-M-SPACE-BLUE-16227-6116.webp","width":720,"height":720,"caption":"Falke RU COMP STABILIZING M SPACE BLUE 16227 6116"},{"@type":"BreadcrumbList","@id":"https:\/\/www.miomiorun.com\/fr\/produit\/ru-compression-stabilizing-homme\/#breadcrumb","itemListElement":[{"@type":"ListItem","position":1,"name":"Home","item":"https:\/\/www.miomiorun.com\/fr\/home-page\/"},{"@type":"ListItem","position":2,"name":"Shop","item":"https:\/\/www.miomiorun.com\/shop\/"},{"@type":"ListItem","position":3,"name":"RU Compression Stabilizing homme"}]},{"@type":"WebSite","@id":"https:\/\/www.miomiorun.com\/fr\/#website","url":"https:\/\/www.miomiorun.com\/fr\/","name":"MioMioRun","description":"Boutique 100% running et trail","publisher":{"@id":"https:\/\/www.miomiorun.com\/fr\/#organization"},"potentialAction":[{"@type":"SearchAction","target":{"@type":"EntryPoint","urlTemplate":"https:\/\/www.miomiorun.com\/fr\/?s={search_term_string}"},"query-input":{"@type":"PropertyValueSpecification","valueRequired":true,"valueName":"search_term_string"}}],"inLanguage":"fr-FR"},{"@type":"Organization","@id":"https:\/\/www.miomiorun.com\/fr\/#organization","name":"MioMio Run","url":"https:\/\/www.miomiorun.com\/fr\/","logo":{"@type":"ImageObject","inLanguage":"fr-FR","@id":"https:\/\/www.miomiorun.com\/fr\/#\/schema\/logo\/image\/","url":"https:\/\/www.miomiorun.com\/app\/uploads\/2019\/12\/logomio.png","contentUrl":"https:\/\/www.miomiorun.com\/app\/uploads\/2019\/12\/logomio.png","width":115,"height":82,"caption":"MioMio Run"},"image":{"@id":"https:\/\/www.miomiorun.com\/fr\/#\/schema\/logo\/image\/"},"sameAs":["https:\/\/www.facebook.com\/miomiorun\/","https:\/\/www.instagram.com\/miomiorun\/"]}]}},"_links":{"self":[{"href":"https:\/\/www.miomiorun.com\/fr\/wp-json\/wp\/v2\/product\/436264","targetHints":{"allow":["GET"]}}],"collection":[{"href":"https:\/\/www.miomiorun.com\/fr\/wp-json\/wp\/v2\/product"}],"about":[{"href":"https:\/\/www.miomiorun.com\/fr\/wp-json\/wp\/v2\/types\/product"}],"wp:featuredmedia":[{"embeddable":true,"href":"https:\/\/www.miomiorun.com\/fr\/wp-json\/wp\/v2\/media\/436302"}],"wp:attachment":[{"href":"https:\/\/www.miomiorun.com\/fr\/wp-json\/wp\/v2\/media?parent=436264"}],"wp:term":[{"taxonomy":"product_brand","embeddable":true,"href":"https:\/\/www.miomiorun.com\/fr\/wp-json\/wp\/v2\/product_brand?post=436264"},{"taxonomy":"product_cat","embeddable":true,"href":"https:\/\/www.miomiorun.com\/fr\/wp-json\/wp\/v2\/product_cat?post=436264"},{"taxonomy":"product_tag","embeddable":true,"href":"https:\/\/www.miomiorun.com\/fr\/wp-json\/wp\/v2\/product_tag?post=436264"}],"curies":[{"name":"wp","href":"https:\/\/api.w.org\/{rel}","templated":true}]}}