{"id":436240,"date":"2026-04-28T12:15:32","date_gmt":"2026-04-28T10:15:32","guid":{"rendered":"https:\/\/www.miomiorun.com\/?post_type=product&#038;p=436240"},"modified":"2026-05-08T12:01:25","modified_gmt":"2026-05-08T10:01:25","slug":"tk5-femme","status":"publish","type":"product","link":"https:\/\/www.miomiorun.com\/fr\/produit\/tk5-femme\/","title":{"rendered":"TK5 femme"},"content":{"rendered":"<p data-start=\"0\" data-end=\"327\">Les chaussettes de randonn\u00e9e pour femme TK5 sont con\u00e7ues pour offrir <strong data-start=\"84\" data-end=\"98\">l\u00e9g\u00e8ret\u00e9<\/strong>, <strong data-start=\"100\" data-end=\"111\">confort<\/strong> et <strong data-start=\"114\" data-end=\"134\">thermor\u00e9gulation<\/strong> lors de randonn\u00e9es occasionnelles et d&#8217;activit\u00e9s quotidiennes. Con\u00e7ues pour un <strong data-start=\"205\" data-end=\"238\">chaussant f\u00e9minin plus \u00e9troit<\/strong>, elles garantissent un ajustement pr\u00e9cis et une sensation naturelle au contact du pied.<\/p>\n<p data-start=\"329\" data-end=\"367\">La structure est con\u00e7ue pour garantir :<\/p>\n<ul data-start=\"368\" data-end=\"594\">\n<li data-section-id=\"1k8ndto\" data-start=\"368\" data-end=\"454\"><strong data-start=\"370\" data-end=\"405\">Des pieds secs et sans ampoules<\/strong> gr\u00e2ce \u00e0 la construction respirante \u00e0 3 couches<\/li>\n<li data-section-id=\"1fanno9\" data-start=\"455\" data-end=\"534\"><strong data-start=\"457\" data-end=\"494\">Un contact direct avec la chaussure<\/strong> pour plus de pr\u00e9cision et de sensibilit\u00e9<\/li>\n<li data-section-id=\"6y2wud\" data-start=\"535\" data-end=\"594\"><strong data-start=\"537\" data-end=\"568\">Confort et protection cibl\u00e9e<\/strong> gr\u00e2ce \u00e0 un rembourrage l\u00e9ger<\/li>\n<\/ul>\n<p data-start=\"596\" data-end=\"1059\">Le <strong data-start=\"599\" data-end=\"626\">tissu en laine m\u00e9rinos<\/strong> favorise la <strong data-start=\"640\" data-end=\"660\">thermor\u00e9gulation<\/strong> et contribue \u00e0 r\u00e9duire la formation d\u2019odeurs, rendant ces chaussettes adapt\u00e9es m\u00eame \u00e0 une utilisation prolong\u00e9e. La <strong data-start=\"767\" data-end=\"808\">coupe anatomique droite\/gauche<\/strong> am\u00e9liore l&#8217;adh\u00e9rence, tandis que la structure l\u00e9g\u00e8re facilite l&#8217;enfilage dans la chaussure et augmente le confort lors de la marche. Id\u00e9ales aussi bien pour les loisirs que pour les randonn\u00e9es l\u00e9g\u00e8res, elles offrent un \u00e9quilibre efficace entre respirabilit\u00e9 et isolation.<\/p>\n<p data-start=\"1061\" data-end=\"1131\">Composition : <strong data-start=\"1075\" data-end=\"1130\">38 % laine de tonte, 34 % polypropyl\u00e8ne, 28 % polyamide<\/strong>.<\/p>\n","protected":false},"excerpt":{"rendered":"<ul>\n<li data-section-id=\"m9zf9c\" data-start=\"1357\" data-end=\"1427\"><strong data-start=\"1359\" data-end=\"1389\">Laine m\u00e9rinos thermor\u00e9gulatrice<\/strong> pour plus de confort et un contr\u00f4le des odeurs<\/li>\n<li data-section-id=\"cl4ruu\" data-start=\"1428\" data-end=\"1500\"><strong data-start=\"1430\" data-end=\"1466\">Structure respirante \u00e0 3 couches<\/strong> pour garder le pied au sec<\/li>\n<li data-section-id=\"zojfvz\" data-start=\"1501\" data-end=\"1585\" data-is-last-node=\"\"><strong data-start=\"1503\" data-end=\"1560\">Coupe anatomique f\u00e9minine et rembourrage l\u00e9ger<\/strong> pour plus de pr\u00e9cision et de confort<\/li>\n<\/ul>\n","protected":false},"featured_media":436372,"template":"","meta":{"_acf_changed":false,"inline_featured_image":false},"product_brand":[],"product_cat":[22597,22596],"product_tag":[23482,23493],"class_list":{"0":"post-436240","1":"product","2":"type-product","3":"status-publish","4":"has-post-thumbnail","6":"product_cat-chaussettes","7":"product_cat-vetements-pour-femmes","8":"product_tag-falke-fr","9":"product_tag-falke-femme","10":"pa_attivita-marcher","11":"pa_attivita-outdoor-fr","12":"pa_colore-tk5-w-rose-grey","13":"pa_marca-falke-fr","14":"pa_sesso-femme","15":"pa_size-35-36-fr","16":"pa_size-37-38-fr","17":"pa_size-39-40-fr","18":"pa_size-41-42-fr","20":"first","21":"instock","22":"sale","23":"taxable","24":"shipping-taxable","25":"purchasable","26":"product-type-variable","27":"wvs-archive-product-wrapper"},"acf":[],"yoast_head":"<!-- This site is optimized with the Yoast SEO plugin v26.8 - https:\/\/yoast.com\/product\/yoast-seo-wordpress\/ -->\n<title>Falke TK5 femme - Chaussettes de course \u00e0 pied - MioMioRun.com<\/title>\n<meta name=\"description\" content=\"L\u00e9g\u00e8res et respirantes, ces chaussures pour femmes sont con\u00e7ues pour offrir confort, r\u00e9gulation thermique et ajustement parfait lors des randonn\u00e9es et des activit\u00e9s quotidiennes\" \/>\n<meta name=\"robots\" content=\"index, follow, max-snippet:-1, max-image-preview:large, max-video-preview:-1\" \/>\n<link rel=\"canonical\" href=\"https:\/\/www.miomiorun.com\/fr\/produit\/tk5-femme\/\" \/>\n<meta property=\"og:locale\" content=\"fr_FR\" \/>\n<meta property=\"og:type\" content=\"article\" \/>\n<meta property=\"og:title\" content=\"Falke TK5 femme - Chaussettes de course \u00e0 pied - MioMioRun.com\" \/>\n<meta property=\"og:description\" content=\"L\u00e9g\u00e8res et respirantes, ces chaussures pour femmes sont con\u00e7ues pour offrir confort, r\u00e9gulation thermique et ajustement parfait lors des randonn\u00e9es et des activit\u00e9s quotidiennes\" \/>\n<meta property=\"og:url\" content=\"https:\/\/www.miomiorun.com\/fr\/produit\/tk5-femme\/\" \/>\n<meta property=\"og:site_name\" content=\"MioMioRun\" \/>\n<meta property=\"article:publisher\" content=\"https:\/\/www.facebook.com\/miomiorun\/\" \/>\n<meta property=\"article:modified_time\" content=\"2026-05-08T10:01:25+00:00\" \/>\n<meta property=\"og:image\" content=\"https:\/\/www.miomiorun.com\/app\/uploads\/2026\/04\/Falke-TK5-W-rose-grey-16243-8560.webp\" \/>\n\t<meta property=\"og:image:width\" content=\"720\" \/>\n\t<meta property=\"og:image:height\" content=\"720\" \/>\n\t<meta property=\"og:image:type\" content=\"image\/webp\" \/>\n<meta name=\"twitter:card\" content=\"summary_large_image\" \/>\n<meta name=\"twitter:label1\" content=\"Est. reading time\" \/>\n\t<meta name=\"twitter:data1\" content=\"1 minute\" \/>\n<script type=\"application\/ld+json\" class=\"yoast-schema-graph\">{\"@context\":\"https:\/\/schema.org\",\"@graph\":[{\"@type\":\"WebPage\",\"@id\":\"https:\/\/www.miomiorun.com\/fr\/produit\/tk5-femme\/\",\"url\":\"https:\/\/www.miomiorun.com\/fr\/produit\/tk5-femme\/\",\"name\":\"Falke TK5 femme - Chaussettes de course \u00e0 pied - MioMioRun.com\",\"isPartOf\":{\"@id\":\"https:\/\/www.miomiorun.com\/fr\/#website\"},\"primaryImageOfPage\":{\"@id\":\"https:\/\/www.miomiorun.com\/fr\/produit\/tk5-femme\/#primaryimage\"},\"image\":{\"@id\":\"https:\/\/www.miomiorun.com\/fr\/produit\/tk5-femme\/#primaryimage\"},\"thumbnailUrl\":\"https:\/\/www.miomiorun.com\/app\/uploads\/2026\/04\/Falke-TK5-W-rose-grey-16243-8560.webp\",\"datePublished\":\"2026-04-28T10:15:32+00:00\",\"dateModified\":\"2026-05-08T10:01:25+00:00\",\"description\":\"L\u00e9g\u00e8res et respirantes, ces chaussures pour femmes sont con\u00e7ues pour offrir confort, r\u00e9gulation thermique et ajustement parfait lors des randonn\u00e9es et des activit\u00e9s quotidiennes\",\"breadcrumb\":{\"@id\":\"https:\/\/www.miomiorun.com\/fr\/produit\/tk5-femme\/#breadcrumb\"},\"inLanguage\":\"fr-FR\",\"potentialAction\":[{\"@type\":\"ReadAction\",\"target\":[\"https:\/\/www.miomiorun.com\/fr\/produit\/tk5-femme\/\"]}]},{\"@type\":\"ImageObject\",\"inLanguage\":\"fr-FR\",\"@id\":\"https:\/\/www.miomiorun.com\/fr\/produit\/tk5-femme\/#primaryimage\",\"url\":\"https:\/\/www.miomiorun.com\/app\/uploads\/2026\/04\/Falke-TK5-W-rose-grey-16243-8560.webp\",\"contentUrl\":\"https:\/\/www.miomiorun.com\/app\/uploads\/2026\/04\/Falke-TK5-W-rose-grey-16243-8560.webp\",\"width\":720,\"height\":720,\"caption\":\"Falke TK5 W rose grey 16243 8560\"},{\"@type\":\"BreadcrumbList\",\"@id\":\"https:\/\/www.miomiorun.com\/fr\/produit\/tk5-femme\/#breadcrumb\",\"itemListElement\":[{\"@type\":\"ListItem\",\"position\":1,\"name\":\"Home\",\"item\":\"https:\/\/www.miomiorun.com\/fr\/home-page\/\"},{\"@type\":\"ListItem\",\"position\":2,\"name\":\"Shop\",\"item\":\"https:\/\/www.miomiorun.com\/shop\/\"},{\"@type\":\"ListItem\",\"position\":3,\"name\":\"TK5 femme\"}]},{\"@type\":\"WebSite\",\"@id\":\"https:\/\/www.miomiorun.com\/fr\/#website\",\"url\":\"https:\/\/www.miomiorun.com\/fr\/\",\"name\":\"MioMioRun\",\"description\":\"Boutique 100% running et trail\",\"publisher\":{\"@id\":\"https:\/\/www.miomiorun.com\/fr\/#organization\"},\"potentialAction\":[{\"@type\":\"SearchAction\",\"target\":{\"@type\":\"EntryPoint\",\"urlTemplate\":\"https:\/\/www.miomiorun.com\/fr\/?s={search_term_string}\"},\"query-input\":{\"@type\":\"PropertyValueSpecification\",\"valueRequired\":true,\"valueName\":\"search_term_string\"}}],\"inLanguage\":\"fr-FR\"},{\"@type\":\"Organization\",\"@id\":\"https:\/\/www.miomiorun.com\/fr\/#organization\",\"name\":\"MioMio Run\",\"url\":\"https:\/\/www.miomiorun.com\/fr\/\",\"logo\":{\"@type\":\"ImageObject\",\"inLanguage\":\"fr-FR\",\"@id\":\"https:\/\/www.miomiorun.com\/fr\/#\/schema\/logo\/image\/\",\"url\":\"https:\/\/www.miomiorun.com\/app\/uploads\/2019\/12\/logomio.png\",\"contentUrl\":\"https:\/\/www.miomiorun.com\/app\/uploads\/2019\/12\/logomio.png\",\"width\":115,\"height\":82,\"caption\":\"MioMio Run\"},\"image\":{\"@id\":\"https:\/\/www.miomiorun.com\/fr\/#\/schema\/logo\/image\/\"},\"sameAs\":[\"https:\/\/www.facebook.com\/miomiorun\/\",\"https:\/\/www.instagram.com\/miomiorun\/\"]}]}<\/script>\n<!-- \/ Yoast SEO plugin. -->","yoast_head_json":{"title":"Falke TK5 femme - Chaussettes de course \u00e0 pied - MioMioRun.com","description":"L\u00e9g\u00e8res et respirantes, ces chaussures pour femmes sont con\u00e7ues pour offrir confort, r\u00e9gulation thermique et ajustement parfait lors des randonn\u00e9es et des activit\u00e9s quotidiennes","robots":{"index":"index","follow":"follow","max-snippet":"max-snippet:-1","max-image-preview":"max-image-preview:large","max-video-preview":"max-video-preview:-1"},"canonical":"https:\/\/www.miomiorun.com\/fr\/produit\/tk5-femme\/","og_locale":"fr_FR","og_type":"article","og_title":"Falke TK5 femme - Chaussettes de course \u00e0 pied - MioMioRun.com","og_description":"L\u00e9g\u00e8res et respirantes, ces chaussures pour femmes sont con\u00e7ues pour offrir confort, r\u00e9gulation thermique et ajustement parfait lors des randonn\u00e9es et des activit\u00e9s quotidiennes","og_url":"https:\/\/www.miomiorun.com\/fr\/produit\/tk5-femme\/","og_site_name":"MioMioRun","article_publisher":"https:\/\/www.facebook.com\/miomiorun\/","article_modified_time":"2026-05-08T10:01:25+00:00","og_image":[{"width":720,"height":720,"url":"https:\/\/www.miomiorun.com\/app\/uploads\/2026\/04\/Falke-TK5-W-rose-grey-16243-8560.webp","type":"image\/webp"}],"twitter_card":"summary_large_image","twitter_misc":{"Est. reading time":"1 minute"},"schema":{"@context":"https:\/\/schema.org","@graph":[{"@type":"WebPage","@id":"https:\/\/www.miomiorun.com\/fr\/produit\/tk5-femme\/","url":"https:\/\/www.miomiorun.com\/fr\/produit\/tk5-femme\/","name":"Falke TK5 femme - Chaussettes de course \u00e0 pied - MioMioRun.com","isPartOf":{"@id":"https:\/\/www.miomiorun.com\/fr\/#website"},"primaryImageOfPage":{"@id":"https:\/\/www.miomiorun.com\/fr\/produit\/tk5-femme\/#primaryimage"},"image":{"@id":"https:\/\/www.miomiorun.com\/fr\/produit\/tk5-femme\/#primaryimage"},"thumbnailUrl":"https:\/\/www.miomiorun.com\/app\/uploads\/2026\/04\/Falke-TK5-W-rose-grey-16243-8560.webp","datePublished":"2026-04-28T10:15:32+00:00","dateModified":"2026-05-08T10:01:25+00:00","description":"L\u00e9g\u00e8res et respirantes, ces chaussures pour femmes sont con\u00e7ues pour offrir confort, r\u00e9gulation thermique et ajustement parfait lors des randonn\u00e9es et des activit\u00e9s quotidiennes","breadcrumb":{"@id":"https:\/\/www.miomiorun.com\/fr\/produit\/tk5-femme\/#breadcrumb"},"inLanguage":"fr-FR","potentialAction":[{"@type":"ReadAction","target":["https:\/\/www.miomiorun.com\/fr\/produit\/tk5-femme\/"]}]},{"@type":"ImageObject","inLanguage":"fr-FR","@id":"https:\/\/www.miomiorun.com\/fr\/produit\/tk5-femme\/#primaryimage","url":"https:\/\/www.miomiorun.com\/app\/uploads\/2026\/04\/Falke-TK5-W-rose-grey-16243-8560.webp","contentUrl":"https:\/\/www.miomiorun.com\/app\/uploads\/2026\/04\/Falke-TK5-W-rose-grey-16243-8560.webp","width":720,"height":720,"caption":"Falke TK5 W rose grey 16243 8560"},{"@type":"BreadcrumbList","@id":"https:\/\/www.miomiorun.com\/fr\/produit\/tk5-femme\/#breadcrumb","itemListElement":[{"@type":"ListItem","position":1,"name":"Home","item":"https:\/\/www.miomiorun.com\/fr\/home-page\/"},{"@type":"ListItem","position":2,"name":"Shop","item":"https:\/\/www.miomiorun.com\/shop\/"},{"@type":"ListItem","position":3,"name":"TK5 femme"}]},{"@type":"WebSite","@id":"https:\/\/www.miomiorun.com\/fr\/#website","url":"https:\/\/www.miomiorun.com\/fr\/","name":"MioMioRun","description":"Boutique 100% running et trail","publisher":{"@id":"https:\/\/www.miomiorun.com\/fr\/#organization"},"potentialAction":[{"@type":"SearchAction","target":{"@type":"EntryPoint","urlTemplate":"https:\/\/www.miomiorun.com\/fr\/?s={search_term_string}"},"query-input":{"@type":"PropertyValueSpecification","valueRequired":true,"valueName":"search_term_string"}}],"inLanguage":"fr-FR"},{"@type":"Organization","@id":"https:\/\/www.miomiorun.com\/fr\/#organization","name":"MioMio Run","url":"https:\/\/www.miomiorun.com\/fr\/","logo":{"@type":"ImageObject","inLanguage":"fr-FR","@id":"https:\/\/www.miomiorun.com\/fr\/#\/schema\/logo\/image\/","url":"https:\/\/www.miomiorun.com\/app\/uploads\/2019\/12\/logomio.png","contentUrl":"https:\/\/www.miomiorun.com\/app\/uploads\/2019\/12\/logomio.png","width":115,"height":82,"caption":"MioMio Run"},"image":{"@id":"https:\/\/www.miomiorun.com\/fr\/#\/schema\/logo\/image\/"},"sameAs":["https:\/\/www.facebook.com\/miomiorun\/","https:\/\/www.instagram.com\/miomiorun\/"]}]}},"_links":{"self":[{"href":"https:\/\/www.miomiorun.com\/fr\/wp-json\/wp\/v2\/product\/436240","targetHints":{"allow":["GET"]}}],"collection":[{"href":"https:\/\/www.miomiorun.com\/fr\/wp-json\/wp\/v2\/product"}],"about":[{"href":"https:\/\/www.miomiorun.com\/fr\/wp-json\/wp\/v2\/types\/product"}],"wp:featuredmedia":[{"embeddable":true,"href":"https:\/\/www.miomiorun.com\/fr\/wp-json\/wp\/v2\/media\/436372"}],"wp:attachment":[{"href":"https:\/\/www.miomiorun.com\/fr\/wp-json\/wp\/v2\/media?parent=436240"}],"wp:term":[{"taxonomy":"product_brand","embeddable":true,"href":"https:\/\/www.miomiorun.com\/fr\/wp-json\/wp\/v2\/product_brand?post=436240"},{"taxonomy":"product_cat","embeddable":true,"href":"https:\/\/www.miomiorun.com\/fr\/wp-json\/wp\/v2\/product_cat?post=436240"},{"taxonomy":"product_tag","embeddable":true,"href":"https:\/\/www.miomiorun.com\/fr\/wp-json\/wp\/v2\/product_tag?post=436240"}],"curies":[{"name":"wp","href":"https:\/\/api.w.org\/{rel}","templated":true}]}}