{"id":436125,"date":"2026-04-28T11:40:54","date_gmt":"2026-04-28T09:40:54","guid":{"rendered":"https:\/\/www.miomiorun.com\/?post_type=product&#038;p=436125"},"modified":"2026-05-09T16:10:23","modified_gmt":"2026-05-09T14:10:23","slug":"tk2-explore-cool-homme","status":"publish","type":"product","link":"https:\/\/www.miomiorun.com\/fr\/produit\/tk2-explore-cool-homme\/","title":{"rendered":"TK2 Explore Cool homme"},"content":{"rendered":"<p data-start=\"0\" data-end=\"369\">Les chaussettes de randonn\u00e9e pour homme TK2 Explore Cool sont con\u00e7ues pour offrir <strong data-start=\"96\" data-end=\"115\">un confort optimal<\/strong>, <strong data-start=\"117\" data-end=\"142\">une bonne gestion de l&#8217;humidit\u00e9<\/strong> et <strong data-start=\"145\" data-end=\"159\">de la fra\u00eecheur<\/strong> lors de randonn\u00e9es sur des terrains peu difficiles. Id\u00e9ales par temps chaud, elles associent des mat\u00e9riaux techniques et une conception avanc\u00e9e pour garder le pied au sec et prot\u00e9g\u00e9, m\u00eame lors d&#8217;utilisations prolong\u00e9es.<\/p>\n<p data-start=\"371\" data-end=\"409\">La structure est con\u00e7ue pour garantir :<\/p>\n<ul data-start=\"410\" data-end=\"604\">\n<li data-section-id=\"1w6i6wt\" data-start=\"410\" data-end=\"484\"><strong data-start=\"412\" data-end=\"447\">Des pieds secs et sans ampoules<\/strong> gr\u00e2ce \u00e0 la construction \u00e0 3 couches<\/li>\n<li data-section-id=\"1wb82s7\" data-start=\"485\" data-end=\"542\"><strong data-start=\"487\" data-end=\"511\">Un effet rafra\u00eechissant<\/strong> gr\u00e2ce aux fibres techniques et au lyocell<\/li>\n<li data-section-id=\"87p4aq\" data-start=\"543\" data-end=\"604\"><strong data-start=\"545\" data-end=\"580\">Confort et protection \u00e9quilibr\u00e9s<\/strong> avec un rembourrage moyen<\/li>\n<\/ul>\n<p data-start=\"606\" data-end=\"1091\">Le m\u00e9lange de mat\u00e9riaux avec du <strong data-start=\"630\" data-end=\"654\">lyocell rafra\u00eechissant<\/strong> favorise une sensation de fra\u00eecheur lors des journ\u00e9es les plus chaudes, tandis que la <strong data-start=\"730\" data-end=\"771\">coupe anatomique droite\/gauche<\/strong> am\u00e9liore l\u2019adh\u00e9rence et la stabilit\u00e9. Le <strong data-start=\"810\" data-end=\"832\">rembourrage cibl\u00e9<\/strong> assure protection et amorti, ce qui les rend parfaites pour les chaussures de randonn\u00e9e et de marche l\u00e9g\u00e8re (cat\u00e9gorie A-B). La longueur au mollet et la construction technique contribuent \u00e0 un confort d&#8217;utilisation sur les sentiers de montagne moins exigeants.<\/p>\n<p data-start=\"1093\" data-end=\"1186\">Composition : <strong data-start=\"1107\" data-end=\"1185\">36 % polypropyl\u00e8ne, 33 % lyocell, 15 % polyamide, 15 % polyester, 1 % \u00e9lasthanne<\/strong>.<\/p>\n","protected":false},"excerpt":{"rendered":"<ul>\n<li data-section-id=\"1ns4s76\" data-start=\"1386\" data-end=\"1469\"><strong data-start=\"1388\" data-end=\"1412\">Structure \u00e0 3 couches<\/strong> pour la gestion de l&#8217;humidit\u00e9 et la pr\u00e9vention des ampoules<\/li>\n<li data-section-id=\"1thx557\" data-start=\"1470\" data-end=\"1549\"><strong data-start=\"1472\" data-end=\"1516\">Lyocell rafra\u00eechissant et mat\u00e9riaux techniques<\/strong> id\u00e9aux pour les temp\u00e9ratures \u00e9lev\u00e9es<\/li>\n<li data-section-id=\"edqoua\" data-start=\"1550\" data-end=\"1639\" data-is-last-node=\"\"><strong data-start=\"1552\" data-end=\"1597\">Rembourrage moyen et coupe anatomique<\/strong> pour un confort et une stabilit\u00e9 sur les terrains faciles<\/li>\n<\/ul>\n","protected":false},"featured_media":436151,"template":"","meta":{"_acf_changed":false,"inline_featured_image":false},"product_brand":[],"product_cat":[24256,24482],"product_tag":[23482,23606],"class_list":{"0":"post-436125","1":"product","2":"type-product","3":"status-publish","4":"has-post-thumbnail","6":"product_cat-chaussettes-fr","7":"product_cat-vetements-pour-hommes-fr","8":"product_tag-falke-fr","9":"product_tag-falke-homme","10":"pa_attivita-marcher","11":"pa_attivita-outdoor-fr","12":"pa_colore-tk2-explore-cool-m-blue-note","13":"pa_marca-falke-fr","14":"pa_sesso-homme","15":"pa_size-39-41-fr","16":"pa_size-42-43-fr","17":"pa_size-44-45-fr","19":"first","20":"instock","21":"sale","22":"taxable","23":"shipping-taxable","24":"purchasable","25":"product-type-variable","26":"wvs-archive-product-wrapper"},"acf":[],"yoast_head":"<!-- This site is optimized with the Yoast SEO plugin v26.8 - https:\/\/yoast.com\/product\/yoast-seo-wordpress\/ -->\n<title>Falke TK2 Explore Cool homme - Chaussettes de course \u00e0 pied - MioMioRun.com<\/title>\n<meta name=\"description\" content=\"Chaussettes de randonn\u00e9e l\u00e9g\u00e8res et respirantes, con\u00e7ues pour offrir confort, fra\u00eecheur et protection lors des randonn\u00e9es par temps chaud\" \/>\n<meta name=\"robots\" content=\"index, follow, max-snippet:-1, max-image-preview:large, max-video-preview:-1\" \/>\n<link rel=\"canonical\" href=\"https:\/\/www.miomiorun.com\/fr\/produit\/tk2-explore-cool-homme\/\" \/>\n<meta property=\"og:locale\" content=\"fr_FR\" \/>\n<meta property=\"og:type\" content=\"article\" \/>\n<meta property=\"og:title\" content=\"Falke TK2 Explore Cool homme - Chaussettes de course \u00e0 pied - MioMioRun.com\" \/>\n<meta property=\"og:description\" content=\"Chaussettes de randonn\u00e9e l\u00e9g\u00e8res et respirantes, con\u00e7ues pour offrir confort, fra\u00eecheur et protection lors des randonn\u00e9es par temps chaud\" \/>\n<meta property=\"og:url\" content=\"https:\/\/www.miomiorun.com\/fr\/produit\/tk2-explore-cool-homme\/\" \/>\n<meta property=\"og:site_name\" content=\"MioMioRun\" \/>\n<meta property=\"article:publisher\" content=\"https:\/\/www.facebook.com\/miomiorun\/\" \/>\n<meta property=\"article:modified_time\" content=\"2026-05-09T14:10:23+00:00\" \/>\n<meta property=\"og:image\" content=\"https:\/\/www.miomiorun.com\/app\/uploads\/2026\/04\/Falke-TK2-Explore-Cool-M-blue-note-16138-6545.webp\" \/>\n\t<meta property=\"og:image:width\" content=\"720\" \/>\n\t<meta property=\"og:image:height\" content=\"720\" \/>\n\t<meta property=\"og:image:type\" content=\"image\/webp\" \/>\n<meta name=\"twitter:card\" content=\"summary_large_image\" \/>\n<meta name=\"twitter:label1\" content=\"Est. reading time\" \/>\n\t<meta name=\"twitter:data1\" content=\"1 minute\" \/>\n<script type=\"application\/ld+json\" class=\"yoast-schema-graph\">{\"@context\":\"https:\/\/schema.org\",\"@graph\":[{\"@type\":\"WebPage\",\"@id\":\"https:\/\/www.miomiorun.com\/fr\/produit\/tk2-explore-cool-homme\/\",\"url\":\"https:\/\/www.miomiorun.com\/fr\/produit\/tk2-explore-cool-homme\/\",\"name\":\"Falke TK2 Explore Cool homme - Chaussettes de course \u00e0 pied - MioMioRun.com\",\"isPartOf\":{\"@id\":\"https:\/\/www.miomiorun.com\/fr\/#website\"},\"primaryImageOfPage\":{\"@id\":\"https:\/\/www.miomiorun.com\/fr\/produit\/tk2-explore-cool-homme\/#primaryimage\"},\"image\":{\"@id\":\"https:\/\/www.miomiorun.com\/fr\/produit\/tk2-explore-cool-homme\/#primaryimage\"},\"thumbnailUrl\":\"https:\/\/www.miomiorun.com\/app\/uploads\/2026\/04\/Falke-TK2-Explore-Cool-M-blue-note-16138-6545.webp\",\"datePublished\":\"2026-04-28T09:40:54+00:00\",\"dateModified\":\"2026-05-09T14:10:23+00:00\",\"description\":\"Chaussettes de randonn\u00e9e l\u00e9g\u00e8res et respirantes, con\u00e7ues pour offrir confort, fra\u00eecheur et protection lors des randonn\u00e9es par temps chaud\",\"breadcrumb\":{\"@id\":\"https:\/\/www.miomiorun.com\/fr\/produit\/tk2-explore-cool-homme\/#breadcrumb\"},\"inLanguage\":\"fr-FR\",\"potentialAction\":[{\"@type\":\"ReadAction\",\"target\":[\"https:\/\/www.miomiorun.com\/fr\/produit\/tk2-explore-cool-homme\/\"]}]},{\"@type\":\"ImageObject\",\"inLanguage\":\"fr-FR\",\"@id\":\"https:\/\/www.miomiorun.com\/fr\/produit\/tk2-explore-cool-homme\/#primaryimage\",\"url\":\"https:\/\/www.miomiorun.com\/app\/uploads\/2026\/04\/Falke-TK2-Explore-Cool-M-blue-note-16138-6545.webp\",\"contentUrl\":\"https:\/\/www.miomiorun.com\/app\/uploads\/2026\/04\/Falke-TK2-Explore-Cool-M-blue-note-16138-6545.webp\",\"width\":720,\"height\":720,\"caption\":\"Falke TK2 Explore Cool M blue note 16138 6545\"},{\"@type\":\"BreadcrumbList\",\"@id\":\"https:\/\/www.miomiorun.com\/fr\/produit\/tk2-explore-cool-homme\/#breadcrumb\",\"itemListElement\":[{\"@type\":\"ListItem\",\"position\":1,\"name\":\"Home\",\"item\":\"https:\/\/www.miomiorun.com\/fr\/home-page\/\"},{\"@type\":\"ListItem\",\"position\":2,\"name\":\"Shop\",\"item\":\"https:\/\/www.miomiorun.com\/shop\/\"},{\"@type\":\"ListItem\",\"position\":3,\"name\":\"TK2 Explore Cool homme\"}]},{\"@type\":\"WebSite\",\"@id\":\"https:\/\/www.miomiorun.com\/fr\/#website\",\"url\":\"https:\/\/www.miomiorun.com\/fr\/\",\"name\":\"MioMioRun\",\"description\":\"Boutique 100% running et trail\",\"publisher\":{\"@id\":\"https:\/\/www.miomiorun.com\/fr\/#organization\"},\"potentialAction\":[{\"@type\":\"SearchAction\",\"target\":{\"@type\":\"EntryPoint\",\"urlTemplate\":\"https:\/\/www.miomiorun.com\/fr\/?s={search_term_string}\"},\"query-input\":{\"@type\":\"PropertyValueSpecification\",\"valueRequired\":true,\"valueName\":\"search_term_string\"}}],\"inLanguage\":\"fr-FR\"},{\"@type\":\"Organization\",\"@id\":\"https:\/\/www.miomiorun.com\/fr\/#organization\",\"name\":\"MioMio Run\",\"url\":\"https:\/\/www.miomiorun.com\/fr\/\",\"logo\":{\"@type\":\"ImageObject\",\"inLanguage\":\"fr-FR\",\"@id\":\"https:\/\/www.miomiorun.com\/fr\/#\/schema\/logo\/image\/\",\"url\":\"https:\/\/www.miomiorun.com\/app\/uploads\/2019\/12\/logomio.png\",\"contentUrl\":\"https:\/\/www.miomiorun.com\/app\/uploads\/2019\/12\/logomio.png\",\"width\":115,\"height\":82,\"caption\":\"MioMio Run\"},\"image\":{\"@id\":\"https:\/\/www.miomiorun.com\/fr\/#\/schema\/logo\/image\/\"},\"sameAs\":[\"https:\/\/www.facebook.com\/miomiorun\/\",\"https:\/\/www.instagram.com\/miomiorun\/\"]}]}<\/script>\n<!-- \/ Yoast SEO plugin. -->","yoast_head_json":{"title":"Falke TK2 Explore Cool homme - Chaussettes de course \u00e0 pied - MioMioRun.com","description":"Chaussettes de randonn\u00e9e l\u00e9g\u00e8res et respirantes, con\u00e7ues pour offrir confort, fra\u00eecheur et protection lors des randonn\u00e9es par temps chaud","robots":{"index":"index","follow":"follow","max-snippet":"max-snippet:-1","max-image-preview":"max-image-preview:large","max-video-preview":"max-video-preview:-1"},"canonical":"https:\/\/www.miomiorun.com\/fr\/produit\/tk2-explore-cool-homme\/","og_locale":"fr_FR","og_type":"article","og_title":"Falke TK2 Explore Cool homme - Chaussettes de course \u00e0 pied - MioMioRun.com","og_description":"Chaussettes de randonn\u00e9e l\u00e9g\u00e8res et respirantes, con\u00e7ues pour offrir confort, fra\u00eecheur et protection lors des randonn\u00e9es par temps chaud","og_url":"https:\/\/www.miomiorun.com\/fr\/produit\/tk2-explore-cool-homme\/","og_site_name":"MioMioRun","article_publisher":"https:\/\/www.facebook.com\/miomiorun\/","article_modified_time":"2026-05-09T14:10:23+00:00","og_image":[{"width":720,"height":720,"url":"https:\/\/www.miomiorun.com\/app\/uploads\/2026\/04\/Falke-TK2-Explore-Cool-M-blue-note-16138-6545.webp","type":"image\/webp"}],"twitter_card":"summary_large_image","twitter_misc":{"Est. reading time":"1 minute"},"schema":{"@context":"https:\/\/schema.org","@graph":[{"@type":"WebPage","@id":"https:\/\/www.miomiorun.com\/fr\/produit\/tk2-explore-cool-homme\/","url":"https:\/\/www.miomiorun.com\/fr\/produit\/tk2-explore-cool-homme\/","name":"Falke TK2 Explore Cool homme - Chaussettes de course \u00e0 pied - MioMioRun.com","isPartOf":{"@id":"https:\/\/www.miomiorun.com\/fr\/#website"},"primaryImageOfPage":{"@id":"https:\/\/www.miomiorun.com\/fr\/produit\/tk2-explore-cool-homme\/#primaryimage"},"image":{"@id":"https:\/\/www.miomiorun.com\/fr\/produit\/tk2-explore-cool-homme\/#primaryimage"},"thumbnailUrl":"https:\/\/www.miomiorun.com\/app\/uploads\/2026\/04\/Falke-TK2-Explore-Cool-M-blue-note-16138-6545.webp","datePublished":"2026-04-28T09:40:54+00:00","dateModified":"2026-05-09T14:10:23+00:00","description":"Chaussettes de randonn\u00e9e l\u00e9g\u00e8res et respirantes, con\u00e7ues pour offrir confort, fra\u00eecheur et protection lors des randonn\u00e9es par temps chaud","breadcrumb":{"@id":"https:\/\/www.miomiorun.com\/fr\/produit\/tk2-explore-cool-homme\/#breadcrumb"},"inLanguage":"fr-FR","potentialAction":[{"@type":"ReadAction","target":["https:\/\/www.miomiorun.com\/fr\/produit\/tk2-explore-cool-homme\/"]}]},{"@type":"ImageObject","inLanguage":"fr-FR","@id":"https:\/\/www.miomiorun.com\/fr\/produit\/tk2-explore-cool-homme\/#primaryimage","url":"https:\/\/www.miomiorun.com\/app\/uploads\/2026\/04\/Falke-TK2-Explore-Cool-M-blue-note-16138-6545.webp","contentUrl":"https:\/\/www.miomiorun.com\/app\/uploads\/2026\/04\/Falke-TK2-Explore-Cool-M-blue-note-16138-6545.webp","width":720,"height":720,"caption":"Falke TK2 Explore Cool M blue note 16138 6545"},{"@type":"BreadcrumbList","@id":"https:\/\/www.miomiorun.com\/fr\/produit\/tk2-explore-cool-homme\/#breadcrumb","itemListElement":[{"@type":"ListItem","position":1,"name":"Home","item":"https:\/\/www.miomiorun.com\/fr\/home-page\/"},{"@type":"ListItem","position":2,"name":"Shop","item":"https:\/\/www.miomiorun.com\/shop\/"},{"@type":"ListItem","position":3,"name":"TK2 Explore Cool homme"}]},{"@type":"WebSite","@id":"https:\/\/www.miomiorun.com\/fr\/#website","url":"https:\/\/www.miomiorun.com\/fr\/","name":"MioMioRun","description":"Boutique 100% running et trail","publisher":{"@id":"https:\/\/www.miomiorun.com\/fr\/#organization"},"potentialAction":[{"@type":"SearchAction","target":{"@type":"EntryPoint","urlTemplate":"https:\/\/www.miomiorun.com\/fr\/?s={search_term_string}"},"query-input":{"@type":"PropertyValueSpecification","valueRequired":true,"valueName":"search_term_string"}}],"inLanguage":"fr-FR"},{"@type":"Organization","@id":"https:\/\/www.miomiorun.com\/fr\/#organization","name":"MioMio Run","url":"https:\/\/www.miomiorun.com\/fr\/","logo":{"@type":"ImageObject","inLanguage":"fr-FR","@id":"https:\/\/www.miomiorun.com\/fr\/#\/schema\/logo\/image\/","url":"https:\/\/www.miomiorun.com\/app\/uploads\/2019\/12\/logomio.png","contentUrl":"https:\/\/www.miomiorun.com\/app\/uploads\/2019\/12\/logomio.png","width":115,"height":82,"caption":"MioMio Run"},"image":{"@id":"https:\/\/www.miomiorun.com\/fr\/#\/schema\/logo\/image\/"},"sameAs":["https:\/\/www.facebook.com\/miomiorun\/","https:\/\/www.instagram.com\/miomiorun\/"]}]}},"_links":{"self":[{"href":"https:\/\/www.miomiorun.com\/fr\/wp-json\/wp\/v2\/product\/436125","targetHints":{"allow":["GET"]}}],"collection":[{"href":"https:\/\/www.miomiorun.com\/fr\/wp-json\/wp\/v2\/product"}],"about":[{"href":"https:\/\/www.miomiorun.com\/fr\/wp-json\/wp\/v2\/types\/product"}],"wp:featuredmedia":[{"embeddable":true,"href":"https:\/\/www.miomiorun.com\/fr\/wp-json\/wp\/v2\/media\/436151"}],"wp:attachment":[{"href":"https:\/\/www.miomiorun.com\/fr\/wp-json\/wp\/v2\/media?parent=436125"}],"wp:term":[{"taxonomy":"product_brand","embeddable":true,"href":"https:\/\/www.miomiorun.com\/fr\/wp-json\/wp\/v2\/product_brand?post=436125"},{"taxonomy":"product_cat","embeddable":true,"href":"https:\/\/www.miomiorun.com\/fr\/wp-json\/wp\/v2\/product_cat?post=436125"},{"taxonomy":"product_tag","embeddable":true,"href":"https:\/\/www.miomiorun.com\/fr\/wp-json\/wp\/v2\/product_tag?post=436125"}],"curies":[{"name":"wp","href":"https:\/\/api.w.org\/{rel}","templated":true}]}}