{"id":435623,"date":"2026-04-23T17:40:21","date_gmt":"2026-04-23T15:40:21","guid":{"rendered":"https:\/\/www.miomiorun.com\/?post_type=product&#038;p=435623"},"modified":"2026-05-12T10:28:00","modified_gmt":"2026-05-12T08:28:00","slug":"color-block-fallen-rock-manches-longues-homme","status":"publish","type":"product","link":"https:\/\/www.miomiorun.com\/fr\/produit\/color-block-fallen-rock-manches-longues-homme\/","title":{"rendered":"Color Block Fallen Rock Manches longues homme"},"content":{"rendered":"<p data-start=\"0\" data-end=\"371\">Ce maillot technique \u00e0 manches longues est la <strong data-start=\"71\" data-end=\"123\">derni\u00e8re nouveaut\u00e9 de la collection Color Block FW24<\/strong>, con\u00e7ue pour offrir <strong data-start=\"145\" data-end=\"156\">confort<\/strong>, <strong data-start=\"158\" data-end=\"172\">protection<\/strong> et <strong data-start=\"175\" data-end=\"184\">style<\/strong> pendant les mois les plus froids. Les <strong data-start=\"208\" data-end=\"261\">tons chromatiques pens\u00e9s pour la saison hivernale<\/strong> la rendent parfaite \u00e0 associer au bonnet Endurance Fallen Rock, cr\u00e9ant ainsi une tenue coordonn\u00e9e et fonctionnelle.<\/p>\n<p data-start=\"373\" data-end=\"413\">Sa conception est pens\u00e9e pour garantir :<\/p>\n<ul data-start=\"414\" data-end=\"574\">\n<li data-section-id=\"vsh0rr\" data-start=\"414\" data-end=\"474\"><strong data-start=\"416\" data-end=\"436\">Un confort constant<\/strong> gr\u00e2ce \u00e0 un tissu doux et l\u00e9ger<\/li>\n<li data-section-id=\"iux1in\" data-start=\"475\" data-end=\"525\"><strong data-start=\"477\" data-end=\"504\">Une bonne respirabilit\u00e9<\/strong> pendant l\u2019activit\u00e9<\/li>\n<li data-section-id=\"1coh4vr\" data-start=\"526\" data-end=\"574\"><strong data-start=\"528\" data-end=\"554\">Une grande polyvalence d\u2019utilisation<\/strong> entre piste et trail<\/li>\n<\/ul>\n<p data-start=\"576\" data-end=\"1028\">Fabriqu\u00e9 en <strong data-start=\"590\" data-end=\"625\">tissu Gotex doux comme de la soie<\/strong>, il offre une sensation de fluidit\u00e9 sur la peau et est id\u00e9al aussi bien pour les <strong data-start=\"687\" data-end=\"708\">s\u00e9ances d&#8217;entra\u00eenement sur piste<\/strong> que pour les sorties sur sentier en for\u00eat. Sa conception technique la rend adapt\u00e9e m\u00eame aux temp\u00e9ratures plus fra\u00eeches, en conservant un bon \u00e9quilibre entre a\u00e9ration et protection. Fabriqu\u00e9e dans l&#8217;Union europ\u00e9enne, elle p\u00e8se environ <strong data-start=\"927\" data-end=\"941\">125 grammes<\/strong> et est con\u00e7ue pour vous accompagner dans tous vos entra\u00eenements. Composition : <strong data-start=\"1008\" data-end=\"1027\">100 % polyester<\/strong>.<\/p>\n","protected":false},"excerpt":{"rendered":"<ul>\n<li data-section-id=\"1l54a83\" data-start=\"1245\" data-end=\"1313\"><strong data-start=\"1247\" data-end=\"1286\">Tissu Gotex souple et respirant<\/strong> pour plus de confort et de fra\u00eecheur<\/li>\n<li data-section-id=\"1juegis\" data-start=\"1314\" data-end=\"1373\"><strong data-start=\"1316\" data-end=\"1343\">Design Color Block FW24<\/strong> id\u00e9al pour les climats plus froids<\/li>\n<li data-section-id=\"1bmm8uc\" data-start=\"1374\" data-end=\"1425\" data-is-last-node=\"\"><strong data-start=\"1376\" data-end=\"1402\">Adapt\u00e9 \u00e0 la piste et au trail<\/strong> et fabriqu\u00e9 en Europe<\/li>\n<\/ul>\n","protected":false},"featured_media":435654,"template":"","meta":{"_acf_changed":false,"inline_featured_image":false},"product_brand":[],"product_cat":[24478,24482,24484],"product_tag":[23528,23567],"class_list":{"0":"post-435623","1":"product","2":"type-product","3":"status-publish","4":"has-post-thumbnail","6":"product_cat-maillots-fr-2","7":"product_cat-vetements-pour-hommes-fr","8":"product_cat-homme","9":"product_tag-wild-tee-fr","10":"product_tag-wild-tee-homme","11":"pa_attivita-lifestyle-fr","12":"pa_attivita-marcher","13":"pa_attivita-outdoor-fr","14":"pa_attivita-trail-fr","15":"pa_marca-wild-tee-fr","16":"pa_sesso-homme","17":"pa_size-small-fr","18":"pa_size-medium-fr","19":"pa_size-large-fr","20":"pa_size-extra-large-fr","22":"first","23":"instock","24":"sale","25":"taxable","26":"shipping-taxable","27":"purchasable","28":"product-type-variable","29":"wvs-archive-product-wrapper"},"acf":[],"yoast_head":"<!-- This site is optimized with the Yoast SEO plugin v26.8 - https:\/\/yoast.com\/product\/yoast-seo-wordpress\/ -->\n<title>Wild Tee Color Block Fallen Rock Manches longues homme -T-shirt de course \u00e0 pied - MioMioRun.com<\/title>\n<meta name=\"description\" content=\"Maillot technique \u00e0 manches longues, l\u00e9ger et respirant, con\u00e7u pour offrir confort, protection et polyvalence lors des entra\u00eenements pendant les mois les plus froids.\" \/>\n<meta name=\"robots\" content=\"index, follow, max-snippet:-1, max-image-preview:large, max-video-preview:-1\" \/>\n<link rel=\"canonical\" href=\"https:\/\/www.miomiorun.com\/fr\/produit\/color-block-fallen-rock-manches-longues-homme\/\" \/>\n<meta property=\"og:locale\" content=\"fr_FR\" \/>\n<meta property=\"og:type\" content=\"article\" \/>\n<meta property=\"og:title\" content=\"Wild Tee Color Block Fallen Rock Manches longues homme -T-shirt de course \u00e0 pied - MioMioRun.com\" \/>\n<meta property=\"og:description\" content=\"Maillot technique \u00e0 manches longues, l\u00e9ger et respirant, con\u00e7u pour offrir confort, protection et polyvalence lors des entra\u00eenements pendant les mois les plus froids.\" \/>\n<meta property=\"og:url\" content=\"https:\/\/www.miomiorun.com\/fr\/produit\/color-block-fallen-rock-manches-longues-homme\/\" \/>\n<meta property=\"og:site_name\" content=\"MioMioRun\" \/>\n<meta property=\"article:publisher\" content=\"https:\/\/www.facebook.com\/miomiorun\/\" \/>\n<meta property=\"article:modified_time\" content=\"2026-05-12T08:28:00+00:00\" \/>\n<meta property=\"og:image\" content=\"https:\/\/www.miomiorun.com\/app\/uploads\/2026\/04\/WildTee-Longsleeve-M-colorblock-fallen-rock-WT006WT212.webp\" \/>\n\t<meta property=\"og:image:width\" content=\"720\" \/>\n\t<meta property=\"og:image:height\" content=\"720\" \/>\n\t<meta property=\"og:image:type\" content=\"image\/webp\" \/>\n<meta name=\"twitter:card\" content=\"summary_large_image\" \/>\n<meta name=\"twitter:label1\" content=\"Est. reading time\" \/>\n\t<meta name=\"twitter:data1\" content=\"1 minute\" \/>\n<script type=\"application\/ld+json\" class=\"yoast-schema-graph\">{\"@context\":\"https:\/\/schema.org\",\"@graph\":[{\"@type\":\"WebPage\",\"@id\":\"https:\/\/www.miomiorun.com\/fr\/produit\/color-block-fallen-rock-manches-longues-homme\/\",\"url\":\"https:\/\/www.miomiorun.com\/fr\/produit\/color-block-fallen-rock-manches-longues-homme\/\",\"name\":\"Wild Tee Color Block Fallen Rock Manches longues homme -T-shirt de course \u00e0 pied - MioMioRun.com\",\"isPartOf\":{\"@id\":\"https:\/\/www.miomiorun.com\/fr\/#website\"},\"primaryImageOfPage\":{\"@id\":\"https:\/\/www.miomiorun.com\/fr\/produit\/color-block-fallen-rock-manches-longues-homme\/#primaryimage\"},\"image\":{\"@id\":\"https:\/\/www.miomiorun.com\/fr\/produit\/color-block-fallen-rock-manches-longues-homme\/#primaryimage\"},\"thumbnailUrl\":\"https:\/\/www.miomiorun.com\/app\/uploads\/2026\/04\/WildTee-Longsleeve-M-colorblock-fallen-rock-WT006WT212.webp\",\"datePublished\":\"2026-04-23T15:40:21+00:00\",\"dateModified\":\"2026-05-12T08:28:00+00:00\",\"description\":\"Maillot technique \u00e0 manches longues, l\u00e9ger et respirant, con\u00e7u pour offrir confort, protection et polyvalence lors des entra\u00eenements pendant les mois les plus froids.\",\"breadcrumb\":{\"@id\":\"https:\/\/www.miomiorun.com\/fr\/produit\/color-block-fallen-rock-manches-longues-homme\/#breadcrumb\"},\"inLanguage\":\"fr-FR\",\"potentialAction\":[{\"@type\":\"ReadAction\",\"target\":[\"https:\/\/www.miomiorun.com\/fr\/produit\/color-block-fallen-rock-manches-longues-homme\/\"]}]},{\"@type\":\"ImageObject\",\"inLanguage\":\"fr-FR\",\"@id\":\"https:\/\/www.miomiorun.com\/fr\/produit\/color-block-fallen-rock-manches-longues-homme\/#primaryimage\",\"url\":\"https:\/\/www.miomiorun.com\/app\/uploads\/2026\/04\/WildTee-Longsleeve-M-colorblock-fallen-rock-WT006WT212.webp\",\"contentUrl\":\"https:\/\/www.miomiorun.com\/app\/uploads\/2026\/04\/WildTee-Longsleeve-M-colorblock-fallen-rock-WT006WT212.webp\",\"width\":720,\"height\":720,\"caption\":\"WildTee Longsleeve M colorblock fallen rock WT006WT212\"},{\"@type\":\"BreadcrumbList\",\"@id\":\"https:\/\/www.miomiorun.com\/fr\/produit\/color-block-fallen-rock-manches-longues-homme\/#breadcrumb\",\"itemListElement\":[{\"@type\":\"ListItem\",\"position\":1,\"name\":\"Home\",\"item\":\"https:\/\/www.miomiorun.com\/fr\/home-page\/\"},{\"@type\":\"ListItem\",\"position\":2,\"name\":\"Shop\",\"item\":\"https:\/\/www.miomiorun.com\/shop\/\"},{\"@type\":\"ListItem\",\"position\":3,\"name\":\"Color Block Fallen Rock Manches longues homme\"}]},{\"@type\":\"WebSite\",\"@id\":\"https:\/\/www.miomiorun.com\/fr\/#website\",\"url\":\"https:\/\/www.miomiorun.com\/fr\/\",\"name\":\"MioMioRun\",\"description\":\"Boutique 100% running et trail\",\"publisher\":{\"@id\":\"https:\/\/www.miomiorun.com\/fr\/#organization\"},\"potentialAction\":[{\"@type\":\"SearchAction\",\"target\":{\"@type\":\"EntryPoint\",\"urlTemplate\":\"https:\/\/www.miomiorun.com\/fr\/?s={search_term_string}\"},\"query-input\":{\"@type\":\"PropertyValueSpecification\",\"valueRequired\":true,\"valueName\":\"search_term_string\"}}],\"inLanguage\":\"fr-FR\"},{\"@type\":\"Organization\",\"@id\":\"https:\/\/www.miomiorun.com\/fr\/#organization\",\"name\":\"MioMio Run\",\"url\":\"https:\/\/www.miomiorun.com\/fr\/\",\"logo\":{\"@type\":\"ImageObject\",\"inLanguage\":\"fr-FR\",\"@id\":\"https:\/\/www.miomiorun.com\/fr\/#\/schema\/logo\/image\/\",\"url\":\"https:\/\/www.miomiorun.com\/app\/uploads\/2019\/12\/logomio.png\",\"contentUrl\":\"https:\/\/www.miomiorun.com\/app\/uploads\/2019\/12\/logomio.png\",\"width\":115,\"height\":82,\"caption\":\"MioMio Run\"},\"image\":{\"@id\":\"https:\/\/www.miomiorun.com\/fr\/#\/schema\/logo\/image\/\"},\"sameAs\":[\"https:\/\/www.facebook.com\/miomiorun\/\",\"https:\/\/www.instagram.com\/miomiorun\/\"]}]}<\/script>\n<!-- \/ Yoast SEO plugin. -->","yoast_head_json":{"title":"Wild Tee Color Block Fallen Rock Manches longues homme -T-shirt de course \u00e0 pied - MioMioRun.com","description":"Maillot technique \u00e0 manches longues, l\u00e9ger et respirant, con\u00e7u pour offrir confort, protection et polyvalence lors des entra\u00eenements pendant les mois les plus froids.","robots":{"index":"index","follow":"follow","max-snippet":"max-snippet:-1","max-image-preview":"max-image-preview:large","max-video-preview":"max-video-preview:-1"},"canonical":"https:\/\/www.miomiorun.com\/fr\/produit\/color-block-fallen-rock-manches-longues-homme\/","og_locale":"fr_FR","og_type":"article","og_title":"Wild Tee Color Block Fallen Rock Manches longues homme -T-shirt de course \u00e0 pied - MioMioRun.com","og_description":"Maillot technique \u00e0 manches longues, l\u00e9ger et respirant, con\u00e7u pour offrir confort, protection et polyvalence lors des entra\u00eenements pendant les mois les plus froids.","og_url":"https:\/\/www.miomiorun.com\/fr\/produit\/color-block-fallen-rock-manches-longues-homme\/","og_site_name":"MioMioRun","article_publisher":"https:\/\/www.facebook.com\/miomiorun\/","article_modified_time":"2026-05-12T08:28:00+00:00","og_image":[{"width":720,"height":720,"url":"https:\/\/www.miomiorun.com\/app\/uploads\/2026\/04\/WildTee-Longsleeve-M-colorblock-fallen-rock-WT006WT212.webp","type":"image\/webp"}],"twitter_card":"summary_large_image","twitter_misc":{"Est. reading time":"1 minute"},"schema":{"@context":"https:\/\/schema.org","@graph":[{"@type":"WebPage","@id":"https:\/\/www.miomiorun.com\/fr\/produit\/color-block-fallen-rock-manches-longues-homme\/","url":"https:\/\/www.miomiorun.com\/fr\/produit\/color-block-fallen-rock-manches-longues-homme\/","name":"Wild Tee Color Block Fallen Rock Manches longues homme -T-shirt de course \u00e0 pied - MioMioRun.com","isPartOf":{"@id":"https:\/\/www.miomiorun.com\/fr\/#website"},"primaryImageOfPage":{"@id":"https:\/\/www.miomiorun.com\/fr\/produit\/color-block-fallen-rock-manches-longues-homme\/#primaryimage"},"image":{"@id":"https:\/\/www.miomiorun.com\/fr\/produit\/color-block-fallen-rock-manches-longues-homme\/#primaryimage"},"thumbnailUrl":"https:\/\/www.miomiorun.com\/app\/uploads\/2026\/04\/WildTee-Longsleeve-M-colorblock-fallen-rock-WT006WT212.webp","datePublished":"2026-04-23T15:40:21+00:00","dateModified":"2026-05-12T08:28:00+00:00","description":"Maillot technique \u00e0 manches longues, l\u00e9ger et respirant, con\u00e7u pour offrir confort, protection et polyvalence lors des entra\u00eenements pendant les mois les plus froids.","breadcrumb":{"@id":"https:\/\/www.miomiorun.com\/fr\/produit\/color-block-fallen-rock-manches-longues-homme\/#breadcrumb"},"inLanguage":"fr-FR","potentialAction":[{"@type":"ReadAction","target":["https:\/\/www.miomiorun.com\/fr\/produit\/color-block-fallen-rock-manches-longues-homme\/"]}]},{"@type":"ImageObject","inLanguage":"fr-FR","@id":"https:\/\/www.miomiorun.com\/fr\/produit\/color-block-fallen-rock-manches-longues-homme\/#primaryimage","url":"https:\/\/www.miomiorun.com\/app\/uploads\/2026\/04\/WildTee-Longsleeve-M-colorblock-fallen-rock-WT006WT212.webp","contentUrl":"https:\/\/www.miomiorun.com\/app\/uploads\/2026\/04\/WildTee-Longsleeve-M-colorblock-fallen-rock-WT006WT212.webp","width":720,"height":720,"caption":"WildTee Longsleeve M colorblock fallen rock WT006WT212"},{"@type":"BreadcrumbList","@id":"https:\/\/www.miomiorun.com\/fr\/produit\/color-block-fallen-rock-manches-longues-homme\/#breadcrumb","itemListElement":[{"@type":"ListItem","position":1,"name":"Home","item":"https:\/\/www.miomiorun.com\/fr\/home-page\/"},{"@type":"ListItem","position":2,"name":"Shop","item":"https:\/\/www.miomiorun.com\/shop\/"},{"@type":"ListItem","position":3,"name":"Color Block Fallen Rock Manches longues homme"}]},{"@type":"WebSite","@id":"https:\/\/www.miomiorun.com\/fr\/#website","url":"https:\/\/www.miomiorun.com\/fr\/","name":"MioMioRun","description":"Boutique 100% running et trail","publisher":{"@id":"https:\/\/www.miomiorun.com\/fr\/#organization"},"potentialAction":[{"@type":"SearchAction","target":{"@type":"EntryPoint","urlTemplate":"https:\/\/www.miomiorun.com\/fr\/?s={search_term_string}"},"query-input":{"@type":"PropertyValueSpecification","valueRequired":true,"valueName":"search_term_string"}}],"inLanguage":"fr-FR"},{"@type":"Organization","@id":"https:\/\/www.miomiorun.com\/fr\/#organization","name":"MioMio Run","url":"https:\/\/www.miomiorun.com\/fr\/","logo":{"@type":"ImageObject","inLanguage":"fr-FR","@id":"https:\/\/www.miomiorun.com\/fr\/#\/schema\/logo\/image\/","url":"https:\/\/www.miomiorun.com\/app\/uploads\/2019\/12\/logomio.png","contentUrl":"https:\/\/www.miomiorun.com\/app\/uploads\/2019\/12\/logomio.png","width":115,"height":82,"caption":"MioMio Run"},"image":{"@id":"https:\/\/www.miomiorun.com\/fr\/#\/schema\/logo\/image\/"},"sameAs":["https:\/\/www.facebook.com\/miomiorun\/","https:\/\/www.instagram.com\/miomiorun\/"]}]}},"_links":{"self":[{"href":"https:\/\/www.miomiorun.com\/fr\/wp-json\/wp\/v2\/product\/435623","targetHints":{"allow":["GET"]}}],"collection":[{"href":"https:\/\/www.miomiorun.com\/fr\/wp-json\/wp\/v2\/product"}],"about":[{"href":"https:\/\/www.miomiorun.com\/fr\/wp-json\/wp\/v2\/types\/product"}],"wp:featuredmedia":[{"embeddable":true,"href":"https:\/\/www.miomiorun.com\/fr\/wp-json\/wp\/v2\/media\/435654"}],"wp:attachment":[{"href":"https:\/\/www.miomiorun.com\/fr\/wp-json\/wp\/v2\/media?parent=435623"}],"wp:term":[{"taxonomy":"product_brand","embeddable":true,"href":"https:\/\/www.miomiorun.com\/fr\/wp-json\/wp\/v2\/product_brand?post=435623"},{"taxonomy":"product_cat","embeddable":true,"href":"https:\/\/www.miomiorun.com\/fr\/wp-json\/wp\/v2\/product_cat?post=435623"},{"taxonomy":"product_tag","embeddable":true,"href":"https:\/\/www.miomiorun.com\/fr\/wp-json\/wp\/v2\/product_tag?post=435623"}],"curies":[{"name":"wp","href":"https:\/\/api.w.org\/{rel}","templated":true}]}}