{"id":435477,"date":"2026-04-23T17:09:30","date_gmt":"2026-04-23T15:09:30","guid":{"rendered":"https:\/\/www.miomiorun.com\/?post_type=product&#038;p=435477"},"modified":"2026-05-11T19:29:03","modified_gmt":"2026-05-11T17:29:03","slug":"t-shirt-road-green-homme","status":"publish","type":"product","link":"https:\/\/www.miomiorun.com\/fr\/produit\/t-shirt-road-green-homme\/","title":{"rendered":"T-shirt road green homme"},"content":{"rendered":"<p data-start=\"0\" data-end=\"355\">Le t-shirt Essential de la collection Wild Tee SS26 est con\u00e7u pour offrir <strong data-start=\"102\" data-end=\"117\">polyvalence<\/strong>, <strong data-start=\"119\" data-end=\"130\">confort<\/strong> et <strong data-start=\"133\" data-end=\"150\">un style minimaliste<\/strong>, s&#8217;adaptant facilement \u00e0 n&#8217;importe quelle tenue sportive ou d\u00e9contract\u00e9e. Un v\u00eatement incontournable con\u00e7u pour vous accompagner lors de vos <strong data-start=\"267\" data-end=\"283\">courses en ville<\/strong> et de vos entra\u00eenements quotidiens, tout en conservant un look \u00e9pur\u00e9 et fonctionnel. <\/p>\n<p data-start=\"357\" data-end=\"397\">Sa conception garantit :<\/p>\n<ul data-start=\"398\" data-end=\"579\">\n<li data-section-id=\"4nc1bl\" data-start=\"398\" data-end=\"460\"><strong data-start=\"400\" data-end=\"439\">Une l\u00e9g\u00e8ret\u00e9 et une respirabilit\u00e9 maximales<\/strong> pendant l&#8217;activit\u00e9<\/li>\n<li data-section-id=\"v35urp\" data-start=\"461\" data-end=\"518\"><strong data-start=\"463\" data-end=\"483\">Un confort constant<\/strong> m\u00eame lors des s\u00e9ances les plus intenses<\/li>\n<li data-section-id=\"1omwavm\" data-start=\"519\" data-end=\"579\"><strong data-start=\"521\" data-end=\"546\">Une visibilit\u00e9 am\u00e9lior\u00e9e<\/strong> gr\u00e2ce aux d\u00e9tails r\u00e9fl\u00e9chissants<\/li>\n<\/ul>\n<p data-start=\"581\" data-end=\"1135\">Fabriqu\u00e9 en <strong data-start=\"595\" data-end=\"639\">tissu italien recycl\u00e9 post-consommation<\/strong> et produit dans l&#8217;Union europ\u00e9enne, il offre une sensation de l\u00e9g\u00e8ret\u00e9 et de naturel sur la peau. Le <strong data-start=\"726\" data-end=\"784\">logo imprim\u00e9 sur la poitrine et dans le dos en 3M\u2122 r\u00e9fl\u00e9chissant<\/strong> augmente la visibilit\u00e9 m\u00eame dans des conditions de faible luminosit\u00e9, ce qui la rend id\u00e9ale pour s&#8217;entra\u00eener m\u00eame en soir\u00e9e. Avec un poids d&#8217;environ <strong data-start=\"925\" data-end=\"938\">96 grammes<\/strong>, c&#8217;est un v\u00eatement pratique et performant pour un usage quotidien. Le tissu est certifi\u00e9 <strong data-start=\"1024\" data-end=\"1037\">bluesign\u00ae<\/strong> et <strong data-start=\"1040\" data-end=\"1066\">Oeko-Tex\u00ae Standard 100<\/strong>. Composition : <strong data-start=\"1082\" data-end=\"1134\">87 % polyester recycl\u00e9 et 13 % \u00e9lasthanne recycl\u00e9<\/strong>.<\/p>\n","protected":false},"excerpt":{"rendered":"<ul>\n<li data-section-id=\"5y5hid\" data-start=\"1338\" data-end=\"1399\"><strong data-start=\"1340\" data-end=\"1397\">Tissu recycl\u00e9 l\u00e9ger et respirant, fabriqu\u00e9 en Italie<\/strong><\/li>\n<li data-section-id=\"oaopdl\" data-start=\"1400\" data-end=\"1471\"><strong data-start=\"1402\" data-end=\"1430\">D\u00e9tails r\u00e9fl\u00e9chissants 3M\u2122<\/strong> pour une meilleure visibilit\u00e9, m\u00eame la nuit<\/li>\n<li data-section-id=\"12ww1tm\" data-start=\"1472\" data-end=\"1539\" data-is-last-node=\"\"><strong data-start=\"1474\" data-end=\"1507\">Design \u00e9pur\u00e9 et polyvalent<\/strong> adapt\u00e9 au sport et \u00e0 un usage quotidien<\/li>\n<\/ul>\n","protected":false},"featured_media":435512,"template":"","meta":{"_acf_changed":false,"inline_featured_image":false},"product_brand":[],"product_cat":[24449,24482,24484],"product_tag":[23528,23567],"class_list":{"0":"post-435477","1":"product","2":"type-product","3":"status-publish","4":"has-post-thumbnail","6":"product_cat-t-shirt-fr-3","7":"product_cat-vetements-pour-hommes-fr","8":"product_cat-homme","9":"product_tag-wild-tee-fr","10":"product_tag-wild-tee-homme","11":"pa_attivita-marcher","12":"pa_attivita-running-fr","13":"pa_attivita-trail-fr","14":"pa_marca-wild-tee-fr","15":"pa_sesso-homme","16":"pa_size-small-fr","17":"pa_size-medium-fr","18":"pa_size-large-fr","19":"pa_size-extra-large-fr","21":"first","22":"instock","23":"sale","24":"taxable","25":"shipping-taxable","26":"purchasable","27":"product-type-variable","28":"wvs-archive-product-wrapper"},"acf":[],"yoast_head":"<!-- This site is optimized with the Yoast SEO plugin v26.8 - https:\/\/yoast.com\/product\/yoast-seo-wordpress\/ -->\n<title>Wild Tee T-shirt road green homme - T-shirt de course \u00e0 pied - MioMioRun.com<\/title>\n<meta name=\"description\" content=\"T-shirt technique l\u00e9ger et polyvalent, con\u00e7u pour offrir confort, respirabilit\u00e9 et visibilit\u00e9 lors des courses en ville et des entra\u00eenements.\" \/>\n<meta name=\"robots\" content=\"index, follow, max-snippet:-1, max-image-preview:large, max-video-preview:-1\" \/>\n<link rel=\"canonical\" href=\"https:\/\/www.miomiorun.com\/fr\/produit\/t-shirt-road-green-homme\/\" \/>\n<meta property=\"og:locale\" content=\"fr_FR\" \/>\n<meta property=\"og:type\" content=\"article\" \/>\n<meta property=\"og:title\" content=\"Wild Tee T-shirt road green homme - T-shirt de course \u00e0 pied - MioMioRun.com\" \/>\n<meta property=\"og:description\" content=\"T-shirt technique l\u00e9ger et polyvalent, con\u00e7u pour offrir confort, respirabilit\u00e9 et visibilit\u00e9 lors des courses en ville et des entra\u00eenements.\" \/>\n<meta property=\"og:url\" content=\"https:\/\/www.miomiorun.com\/fr\/produit\/t-shirt-road-green-homme\/\" \/>\n<meta property=\"og:site_name\" content=\"MioMioRun\" \/>\n<meta property=\"article:publisher\" content=\"https:\/\/www.facebook.com\/miomiorun\/\" \/>\n<meta property=\"article:modified_time\" content=\"2026-05-11T17:29:03+00:00\" \/>\n<meta property=\"og:image\" content=\"https:\/\/www.miomiorun.com\/app\/uploads\/2026\/04\/WildTee-T-shirt-M-road-green-WT009WT238.webp\" \/>\n\t<meta property=\"og:image:width\" content=\"720\" \/>\n\t<meta property=\"og:image:height\" content=\"720\" \/>\n\t<meta property=\"og:image:type\" content=\"image\/webp\" \/>\n<meta name=\"twitter:card\" content=\"summary_large_image\" \/>\n<meta name=\"twitter:label1\" content=\"Est. reading time\" \/>\n\t<meta name=\"twitter:data1\" content=\"1 minute\" \/>\n<script type=\"application\/ld+json\" class=\"yoast-schema-graph\">{\"@context\":\"https:\/\/schema.org\",\"@graph\":[{\"@type\":\"WebPage\",\"@id\":\"https:\/\/www.miomiorun.com\/fr\/produit\/t-shirt-road-green-homme\/\",\"url\":\"https:\/\/www.miomiorun.com\/fr\/produit\/t-shirt-road-green-homme\/\",\"name\":\"Wild Tee T-shirt road green homme - T-shirt de course \u00e0 pied - MioMioRun.com\",\"isPartOf\":{\"@id\":\"https:\/\/www.miomiorun.com\/fr\/#website\"},\"primaryImageOfPage\":{\"@id\":\"https:\/\/www.miomiorun.com\/fr\/produit\/t-shirt-road-green-homme\/#primaryimage\"},\"image\":{\"@id\":\"https:\/\/www.miomiorun.com\/fr\/produit\/t-shirt-road-green-homme\/#primaryimage\"},\"thumbnailUrl\":\"https:\/\/www.miomiorun.com\/app\/uploads\/2026\/04\/WildTee-T-shirt-M-road-green-WT009WT238.webp\",\"datePublished\":\"2026-04-23T15:09:30+00:00\",\"dateModified\":\"2026-05-11T17:29:03+00:00\",\"description\":\"T-shirt technique l\u00e9ger et polyvalent, con\u00e7u pour offrir confort, respirabilit\u00e9 et visibilit\u00e9 lors des courses en ville et des entra\u00eenements.\",\"breadcrumb\":{\"@id\":\"https:\/\/www.miomiorun.com\/fr\/produit\/t-shirt-road-green-homme\/#breadcrumb\"},\"inLanguage\":\"fr-FR\",\"potentialAction\":[{\"@type\":\"ReadAction\",\"target\":[\"https:\/\/www.miomiorun.com\/fr\/produit\/t-shirt-road-green-homme\/\"]}]},{\"@type\":\"ImageObject\",\"inLanguage\":\"fr-FR\",\"@id\":\"https:\/\/www.miomiorun.com\/fr\/produit\/t-shirt-road-green-homme\/#primaryimage\",\"url\":\"https:\/\/www.miomiorun.com\/app\/uploads\/2026\/04\/WildTee-T-shirt-M-road-green-WT009WT238.webp\",\"contentUrl\":\"https:\/\/www.miomiorun.com\/app\/uploads\/2026\/04\/WildTee-T-shirt-M-road-green-WT009WT238.webp\",\"width\":720,\"height\":720,\"caption\":\"WildTee T-shirt M road green WT009WT238\"},{\"@type\":\"BreadcrumbList\",\"@id\":\"https:\/\/www.miomiorun.com\/fr\/produit\/t-shirt-road-green-homme\/#breadcrumb\",\"itemListElement\":[{\"@type\":\"ListItem\",\"position\":1,\"name\":\"Home\",\"item\":\"https:\/\/www.miomiorun.com\/fr\/home-page\/\"},{\"@type\":\"ListItem\",\"position\":2,\"name\":\"Shop\",\"item\":\"https:\/\/www.miomiorun.com\/shop\/\"},{\"@type\":\"ListItem\",\"position\":3,\"name\":\"T-shirt road green homme\"}]},{\"@type\":\"WebSite\",\"@id\":\"https:\/\/www.miomiorun.com\/fr\/#website\",\"url\":\"https:\/\/www.miomiorun.com\/fr\/\",\"name\":\"MioMioRun\",\"description\":\"Boutique 100% running et trail\",\"publisher\":{\"@id\":\"https:\/\/www.miomiorun.com\/fr\/#organization\"},\"potentialAction\":[{\"@type\":\"SearchAction\",\"target\":{\"@type\":\"EntryPoint\",\"urlTemplate\":\"https:\/\/www.miomiorun.com\/fr\/?s={search_term_string}\"},\"query-input\":{\"@type\":\"PropertyValueSpecification\",\"valueRequired\":true,\"valueName\":\"search_term_string\"}}],\"inLanguage\":\"fr-FR\"},{\"@type\":\"Organization\",\"@id\":\"https:\/\/www.miomiorun.com\/fr\/#organization\",\"name\":\"MioMio Run\",\"url\":\"https:\/\/www.miomiorun.com\/fr\/\",\"logo\":{\"@type\":\"ImageObject\",\"inLanguage\":\"fr-FR\",\"@id\":\"https:\/\/www.miomiorun.com\/fr\/#\/schema\/logo\/image\/\",\"url\":\"https:\/\/www.miomiorun.com\/app\/uploads\/2019\/12\/logomio.png\",\"contentUrl\":\"https:\/\/www.miomiorun.com\/app\/uploads\/2019\/12\/logomio.png\",\"width\":115,\"height\":82,\"caption\":\"MioMio Run\"},\"image\":{\"@id\":\"https:\/\/www.miomiorun.com\/fr\/#\/schema\/logo\/image\/\"},\"sameAs\":[\"https:\/\/www.facebook.com\/miomiorun\/\",\"https:\/\/www.instagram.com\/miomiorun\/\"]}]}<\/script>\n<!-- \/ Yoast SEO plugin. -->","yoast_head_json":{"title":"Wild Tee T-shirt road green homme - T-shirt de course \u00e0 pied - MioMioRun.com","description":"T-shirt technique l\u00e9ger et polyvalent, con\u00e7u pour offrir confort, respirabilit\u00e9 et visibilit\u00e9 lors des courses en ville et des entra\u00eenements.","robots":{"index":"index","follow":"follow","max-snippet":"max-snippet:-1","max-image-preview":"max-image-preview:large","max-video-preview":"max-video-preview:-1"},"canonical":"https:\/\/www.miomiorun.com\/fr\/produit\/t-shirt-road-green-homme\/","og_locale":"fr_FR","og_type":"article","og_title":"Wild Tee T-shirt road green homme - T-shirt de course \u00e0 pied - MioMioRun.com","og_description":"T-shirt technique l\u00e9ger et polyvalent, con\u00e7u pour offrir confort, respirabilit\u00e9 et visibilit\u00e9 lors des courses en ville et des entra\u00eenements.","og_url":"https:\/\/www.miomiorun.com\/fr\/produit\/t-shirt-road-green-homme\/","og_site_name":"MioMioRun","article_publisher":"https:\/\/www.facebook.com\/miomiorun\/","article_modified_time":"2026-05-11T17:29:03+00:00","og_image":[{"width":720,"height":720,"url":"https:\/\/www.miomiorun.com\/app\/uploads\/2026\/04\/WildTee-T-shirt-M-road-green-WT009WT238.webp","type":"image\/webp"}],"twitter_card":"summary_large_image","twitter_misc":{"Est. reading time":"1 minute"},"schema":{"@context":"https:\/\/schema.org","@graph":[{"@type":"WebPage","@id":"https:\/\/www.miomiorun.com\/fr\/produit\/t-shirt-road-green-homme\/","url":"https:\/\/www.miomiorun.com\/fr\/produit\/t-shirt-road-green-homme\/","name":"Wild Tee T-shirt road green homme - T-shirt de course \u00e0 pied - MioMioRun.com","isPartOf":{"@id":"https:\/\/www.miomiorun.com\/fr\/#website"},"primaryImageOfPage":{"@id":"https:\/\/www.miomiorun.com\/fr\/produit\/t-shirt-road-green-homme\/#primaryimage"},"image":{"@id":"https:\/\/www.miomiorun.com\/fr\/produit\/t-shirt-road-green-homme\/#primaryimage"},"thumbnailUrl":"https:\/\/www.miomiorun.com\/app\/uploads\/2026\/04\/WildTee-T-shirt-M-road-green-WT009WT238.webp","datePublished":"2026-04-23T15:09:30+00:00","dateModified":"2026-05-11T17:29:03+00:00","description":"T-shirt technique l\u00e9ger et polyvalent, con\u00e7u pour offrir confort, respirabilit\u00e9 et visibilit\u00e9 lors des courses en ville et des entra\u00eenements.","breadcrumb":{"@id":"https:\/\/www.miomiorun.com\/fr\/produit\/t-shirt-road-green-homme\/#breadcrumb"},"inLanguage":"fr-FR","potentialAction":[{"@type":"ReadAction","target":["https:\/\/www.miomiorun.com\/fr\/produit\/t-shirt-road-green-homme\/"]}]},{"@type":"ImageObject","inLanguage":"fr-FR","@id":"https:\/\/www.miomiorun.com\/fr\/produit\/t-shirt-road-green-homme\/#primaryimage","url":"https:\/\/www.miomiorun.com\/app\/uploads\/2026\/04\/WildTee-T-shirt-M-road-green-WT009WT238.webp","contentUrl":"https:\/\/www.miomiorun.com\/app\/uploads\/2026\/04\/WildTee-T-shirt-M-road-green-WT009WT238.webp","width":720,"height":720,"caption":"WildTee T-shirt M road green WT009WT238"},{"@type":"BreadcrumbList","@id":"https:\/\/www.miomiorun.com\/fr\/produit\/t-shirt-road-green-homme\/#breadcrumb","itemListElement":[{"@type":"ListItem","position":1,"name":"Home","item":"https:\/\/www.miomiorun.com\/fr\/home-page\/"},{"@type":"ListItem","position":2,"name":"Shop","item":"https:\/\/www.miomiorun.com\/shop\/"},{"@type":"ListItem","position":3,"name":"T-shirt road green homme"}]},{"@type":"WebSite","@id":"https:\/\/www.miomiorun.com\/fr\/#website","url":"https:\/\/www.miomiorun.com\/fr\/","name":"MioMioRun","description":"Boutique 100% running et trail","publisher":{"@id":"https:\/\/www.miomiorun.com\/fr\/#organization"},"potentialAction":[{"@type":"SearchAction","target":{"@type":"EntryPoint","urlTemplate":"https:\/\/www.miomiorun.com\/fr\/?s={search_term_string}"},"query-input":{"@type":"PropertyValueSpecification","valueRequired":true,"valueName":"search_term_string"}}],"inLanguage":"fr-FR"},{"@type":"Organization","@id":"https:\/\/www.miomiorun.com\/fr\/#organization","name":"MioMio Run","url":"https:\/\/www.miomiorun.com\/fr\/","logo":{"@type":"ImageObject","inLanguage":"fr-FR","@id":"https:\/\/www.miomiorun.com\/fr\/#\/schema\/logo\/image\/","url":"https:\/\/www.miomiorun.com\/app\/uploads\/2019\/12\/logomio.png","contentUrl":"https:\/\/www.miomiorun.com\/app\/uploads\/2019\/12\/logomio.png","width":115,"height":82,"caption":"MioMio Run"},"image":{"@id":"https:\/\/www.miomiorun.com\/fr\/#\/schema\/logo\/image\/"},"sameAs":["https:\/\/www.facebook.com\/miomiorun\/","https:\/\/www.instagram.com\/miomiorun\/"]}]}},"_links":{"self":[{"href":"https:\/\/www.miomiorun.com\/fr\/wp-json\/wp\/v2\/product\/435477","targetHints":{"allow":["GET"]}}],"collection":[{"href":"https:\/\/www.miomiorun.com\/fr\/wp-json\/wp\/v2\/product"}],"about":[{"href":"https:\/\/www.miomiorun.com\/fr\/wp-json\/wp\/v2\/types\/product"}],"wp:featuredmedia":[{"embeddable":true,"href":"https:\/\/www.miomiorun.com\/fr\/wp-json\/wp\/v2\/media\/435512"}],"wp:attachment":[{"href":"https:\/\/www.miomiorun.com\/fr\/wp-json\/wp\/v2\/media?parent=435477"}],"wp:term":[{"taxonomy":"product_brand","embeddable":true,"href":"https:\/\/www.miomiorun.com\/fr\/wp-json\/wp\/v2\/product_brand?post=435477"},{"taxonomy":"product_cat","embeddable":true,"href":"https:\/\/www.miomiorun.com\/fr\/wp-json\/wp\/v2\/product_cat?post=435477"},{"taxonomy":"product_tag","embeddable":true,"href":"https:\/\/www.miomiorun.com\/fr\/wp-json\/wp\/v2\/product_tag?post=435477"}],"curies":[{"name":"wp","href":"https:\/\/api.w.org\/{rel}","templated":true}]}}