{"id":435422,"date":"2026-04-23T16:47:14","date_gmt":"2026-04-23T14:47:14","guid":{"rendered":"https:\/\/www.miomiorun.com\/?post_type=product&#038;p=435422"},"modified":"2026-05-11T19:27:37","modified_gmt":"2026-05-11T17:27:37","slug":"buckled-tre-cime-di-lavaredo-t-shirt-homme","status":"publish","type":"product","link":"https:\/\/www.miomiorun.com\/fr\/produit\/buckled-tre-cime-di-lavaredo-t-shirt-homme\/","title":{"rendered":"Buckled Tre Cime di Lavaredo t-shirt homme"},"content":{"rendered":"<p data-start=\"0\" data-end=\"361\">Ce t-shirt technique en <strong data-start=\"54\" data-end=\"75\">\u00e9dition limit\u00e9e<\/strong> est le fruit d&#8217;une collaboration avec <strong data-start=\"107\" data-end=\"126\">Buckled Podcast<\/strong>, inspir\u00e9 par les embl\u00e9matiques <strong data-start=\"151\" data-end=\"175\">Tre Cime di Lavaredo<\/strong> et le l\u00e9gendaire Lavaredo Ultra Trail. Un v\u00eatement con\u00e7u pour ceux qui vivent le trail avec passion, alliant <strong data-start=\"276\" data-end=\"296\">style distinctif<\/strong>, <strong data-start=\"298\" data-end=\"314\">fonctionnalit\u00e9<\/strong> et r\u00e9f\u00e9rences au monde des grandes comp\u00e9titions.<\/p>\n<p data-start=\"363\" data-end=\"403\">Sa conception est pens\u00e9e pour garantir :<\/p>\n<ul data-start=\"404\" data-end=\"570\">\n<li data-section-id=\"aksz37\" data-start=\"404\" data-end=\"465\"><strong data-start=\"406\" data-end=\"432\">Une respirabilit\u00e9 maximale<\/strong> lors des efforts les plus intenses<\/li>\n<li data-section-id=\"44cimc\" data-start=\"466\" data-end=\"520\"><strong data-start=\"468\" data-end=\"490\">Un confort prolong\u00e9<\/strong> m\u00eame sur de longues distances<\/li>\n<li data-section-id=\"1haqzyi\" data-start=\"521\" data-end=\"570\"><strong data-start=\"523\" data-end=\"551\">Protection et polyvalence<\/strong> en toutes circonstances<\/li>\n<\/ul>\n<p data-start=\"572\" data-end=\"1202\">R\u00e9alis\u00e9 en <strong data-start=\"586\" data-end=\"617\">Micromesh doux comme de la soie<\/strong>, il offre une sensation de l\u00e9g\u00e8ret\u00e9 et de fluidit\u00e9 sur la peau. Son grammage est \u00e9tudi\u00e9 pour s&#8217;adapter parfaitement au <strong data-start=\"725\" data-end=\"748\">trail et \u00e0 l&#8217;ultra-trail<\/strong>, en \u00e9tant respirant lors des moments les plus chauds et suffisamment couvrant lorsque les temp\u00e9ratures baissent. Sa conception aide \u00e9galement \u00e0 <strong data-start=\"884\" data-end=\"923\">r\u00e9duire les frottements du sac \u00e0 dos<\/strong> sur les \u00e9paules, am\u00e9liorant ainsi le confort lors des sorties les plus longues. L&#8217;<strong data-start=\"989\" data-end=\"1021\">impression par sublimation int\u00e9grale<\/strong> garantit des couleurs et des d\u00e9tails r\u00e9sistants dans le temps, sans d\u00e9t\u00e9rioration ni d\u00e9coloration. Avec un poids d&#8217;environ <strong data-start=\"1126\" data-end=\"1140\">105 grammes<\/strong>, il est id\u00e9al aussi bien pour la montagne que pour les entra\u00eenements en ville.<\/p>\n","protected":false},"excerpt":{"rendered":"<ul>\n<li data-section-id=\"16d23x0\" data-start=\"1418\" data-end=\"1499\"><strong data-start=\"1420\" data-end=\"1463\">Tissu Micromesh l\u00e9ger et respirant<\/strong> pour plus de confort et une meilleure gestion de la chaleur<\/li>\n<li data-section-id=\"1s0ecz\" data-start=\"1500\" data-end=\"1566\"><strong data-start=\"1502\" data-end=\"1538\">Impression par sublimation r\u00e9sistante<\/strong> qui ne se d\u00e9colore pas avec le temps<\/li>\n<li data-section-id=\"1euwc4x\" data-start=\"1567\" data-end=\"1647\" data-is-last-node=\"\"><strong data-start=\"1569\" data-end=\"1616\">Id\u00e9al pour le trail, l&#8217;ultra-trail et l&#8217;entra\u00eenement<\/strong> avec une protection m\u00eame avec un sac \u00e0 dos<\/li>\n<\/ul>\n","protected":false},"featured_media":435456,"template":"","meta":{"_acf_changed":false,"inline_featured_image":false},"product_brand":[],"product_cat":[24449,24482,24484],"product_tag":[23528,23567],"class_list":{"0":"post-435422","1":"product","2":"type-product","3":"status-publish","4":"has-post-thumbnail","6":"product_cat-t-shirt-fr-3","7":"product_cat-vetements-pour-hommes-fr","8":"product_cat-homme","9":"product_tag-wild-tee-fr","10":"product_tag-wild-tee-homme","11":"pa_attivita-marcher","12":"pa_attivita-running-fr","13":"pa_attivita-trail-fr","14":"pa_marca-wild-tee-fr","15":"pa_sesso-homme","16":"pa_size-small-fr","17":"pa_size-medium-fr","18":"pa_size-large-fr","19":"pa_size-extra-large-fr","21":"first","22":"instock","23":"sale","24":"taxable","25":"shipping-taxable","26":"purchasable","27":"product-type-variable","28":"wvs-archive-product-wrapper"},"acf":[],"yoast_head":"<!-- This site is optimized with the Yoast SEO plugin v26.8 - https:\/\/yoast.com\/product\/yoast-seo-wordpress\/ -->\n<title>Wild Tee Buckled Tre Cime di Lavaredo t-shirt homme - T-shirt de course \u00e0 pied - MioMioRun.com<\/title>\n<meta name=\"description\" content=\"T-shirt technique l\u00e9ger et respirant en \u00e9dition limit\u00e9e, con\u00e7u pour offrir confort, r\u00e9sistance et un style inspir\u00e9 du trail lors de chaque sortie.\" \/>\n<meta name=\"robots\" content=\"index, follow, max-snippet:-1, max-image-preview:large, max-video-preview:-1\" \/>\n<link rel=\"canonical\" href=\"https:\/\/www.miomiorun.com\/fr\/produit\/buckled-tre-cime-di-lavaredo-t-shirt-homme\/\" \/>\n<meta property=\"og:locale\" content=\"fr_FR\" \/>\n<meta property=\"og:type\" content=\"article\" \/>\n<meta property=\"og:title\" content=\"Wild Tee Buckled Tre Cime di Lavaredo t-shirt homme - T-shirt de course \u00e0 pied - MioMioRun.com\" \/>\n<meta property=\"og:description\" content=\"T-shirt technique l\u00e9ger et respirant en \u00e9dition limit\u00e9e, con\u00e7u pour offrir confort, r\u00e9sistance et un style inspir\u00e9 du trail lors de chaque sortie.\" \/>\n<meta property=\"og:url\" content=\"https:\/\/www.miomiorun.com\/fr\/produit\/buckled-tre-cime-di-lavaredo-t-shirt-homme\/\" \/>\n<meta property=\"og:site_name\" content=\"MioMioRun\" \/>\n<meta property=\"article:publisher\" content=\"https:\/\/www.facebook.com\/miomiorun\/\" \/>\n<meta property=\"article:modified_time\" content=\"2026-05-11T17:27:37+00:00\" \/>\n<meta property=\"og:image\" content=\"https:\/\/www.miomiorun.com\/app\/uploads\/2026\/04\/WildTee-T-shirt-M-buckled-tre-cime-WT001WT193.webp\" \/>\n\t<meta property=\"og:image:width\" content=\"720\" \/>\n\t<meta property=\"og:image:height\" content=\"720\" \/>\n\t<meta property=\"og:image:type\" content=\"image\/webp\" \/>\n<meta name=\"twitter:card\" content=\"summary_large_image\" \/>\n<meta name=\"twitter:label1\" content=\"Est. reading time\" \/>\n\t<meta name=\"twitter:data1\" content=\"1 minute\" \/>\n<script type=\"application\/ld+json\" class=\"yoast-schema-graph\">{\"@context\":\"https:\/\/schema.org\",\"@graph\":[{\"@type\":\"WebPage\",\"@id\":\"https:\/\/www.miomiorun.com\/fr\/produit\/buckled-tre-cime-di-lavaredo-t-shirt-homme\/\",\"url\":\"https:\/\/www.miomiorun.com\/fr\/produit\/buckled-tre-cime-di-lavaredo-t-shirt-homme\/\",\"name\":\"Wild Tee Buckled Tre Cime di Lavaredo t-shirt homme - T-shirt de course \u00e0 pied - MioMioRun.com\",\"isPartOf\":{\"@id\":\"https:\/\/www.miomiorun.com\/fr\/#website\"},\"primaryImageOfPage\":{\"@id\":\"https:\/\/www.miomiorun.com\/fr\/produit\/buckled-tre-cime-di-lavaredo-t-shirt-homme\/#primaryimage\"},\"image\":{\"@id\":\"https:\/\/www.miomiorun.com\/fr\/produit\/buckled-tre-cime-di-lavaredo-t-shirt-homme\/#primaryimage\"},\"thumbnailUrl\":\"https:\/\/www.miomiorun.com\/app\/uploads\/2026\/04\/WildTee-T-shirt-M-buckled-tre-cime-WT001WT193.webp\",\"datePublished\":\"2026-04-23T14:47:14+00:00\",\"dateModified\":\"2026-05-11T17:27:37+00:00\",\"description\":\"T-shirt technique l\u00e9ger et respirant en \u00e9dition limit\u00e9e, con\u00e7u pour offrir confort, r\u00e9sistance et un style inspir\u00e9 du trail lors de chaque sortie.\",\"breadcrumb\":{\"@id\":\"https:\/\/www.miomiorun.com\/fr\/produit\/buckled-tre-cime-di-lavaredo-t-shirt-homme\/#breadcrumb\"},\"inLanguage\":\"fr-FR\",\"potentialAction\":[{\"@type\":\"ReadAction\",\"target\":[\"https:\/\/www.miomiorun.com\/fr\/produit\/buckled-tre-cime-di-lavaredo-t-shirt-homme\/\"]}]},{\"@type\":\"ImageObject\",\"inLanguage\":\"fr-FR\",\"@id\":\"https:\/\/www.miomiorun.com\/fr\/produit\/buckled-tre-cime-di-lavaredo-t-shirt-homme\/#primaryimage\",\"url\":\"https:\/\/www.miomiorun.com\/app\/uploads\/2026\/04\/WildTee-T-shirt-M-buckled-tre-cime-WT001WT193.webp\",\"contentUrl\":\"https:\/\/www.miomiorun.com\/app\/uploads\/2026\/04\/WildTee-T-shirt-M-buckled-tre-cime-WT001WT193.webp\",\"width\":720,\"height\":720,\"caption\":\"WildTee T-shirt M buckled tre cime WT001WT193\"},{\"@type\":\"BreadcrumbList\",\"@id\":\"https:\/\/www.miomiorun.com\/fr\/produit\/buckled-tre-cime-di-lavaredo-t-shirt-homme\/#breadcrumb\",\"itemListElement\":[{\"@type\":\"ListItem\",\"position\":1,\"name\":\"Home\",\"item\":\"https:\/\/www.miomiorun.com\/fr\/home-page\/\"},{\"@type\":\"ListItem\",\"position\":2,\"name\":\"Shop\",\"item\":\"https:\/\/www.miomiorun.com\/shop\/\"},{\"@type\":\"ListItem\",\"position\":3,\"name\":\"Buckled Tre Cime di Lavaredo t-shirt homme\"}]},{\"@type\":\"WebSite\",\"@id\":\"https:\/\/www.miomiorun.com\/fr\/#website\",\"url\":\"https:\/\/www.miomiorun.com\/fr\/\",\"name\":\"MioMioRun\",\"description\":\"Boutique 100% running et trail\",\"publisher\":{\"@id\":\"https:\/\/www.miomiorun.com\/fr\/#organization\"},\"potentialAction\":[{\"@type\":\"SearchAction\",\"target\":{\"@type\":\"EntryPoint\",\"urlTemplate\":\"https:\/\/www.miomiorun.com\/fr\/?s={search_term_string}\"},\"query-input\":{\"@type\":\"PropertyValueSpecification\",\"valueRequired\":true,\"valueName\":\"search_term_string\"}}],\"inLanguage\":\"fr-FR\"},{\"@type\":\"Organization\",\"@id\":\"https:\/\/www.miomiorun.com\/fr\/#organization\",\"name\":\"MioMio Run\",\"url\":\"https:\/\/www.miomiorun.com\/fr\/\",\"logo\":{\"@type\":\"ImageObject\",\"inLanguage\":\"fr-FR\",\"@id\":\"https:\/\/www.miomiorun.com\/fr\/#\/schema\/logo\/image\/\",\"url\":\"https:\/\/www.miomiorun.com\/app\/uploads\/2019\/12\/logomio.png\",\"contentUrl\":\"https:\/\/www.miomiorun.com\/app\/uploads\/2019\/12\/logomio.png\",\"width\":115,\"height\":82,\"caption\":\"MioMio Run\"},\"image\":{\"@id\":\"https:\/\/www.miomiorun.com\/fr\/#\/schema\/logo\/image\/\"},\"sameAs\":[\"https:\/\/www.facebook.com\/miomiorun\/\",\"https:\/\/www.instagram.com\/miomiorun\/\"]}]}<\/script>\n<!-- \/ Yoast SEO plugin. -->","yoast_head_json":{"title":"Wild Tee Buckled Tre Cime di Lavaredo t-shirt homme - T-shirt de course \u00e0 pied - MioMioRun.com","description":"T-shirt technique l\u00e9ger et respirant en \u00e9dition limit\u00e9e, con\u00e7u pour offrir confort, r\u00e9sistance et un style inspir\u00e9 du trail lors de chaque sortie.","robots":{"index":"index","follow":"follow","max-snippet":"max-snippet:-1","max-image-preview":"max-image-preview:large","max-video-preview":"max-video-preview:-1"},"canonical":"https:\/\/www.miomiorun.com\/fr\/produit\/buckled-tre-cime-di-lavaredo-t-shirt-homme\/","og_locale":"fr_FR","og_type":"article","og_title":"Wild Tee Buckled Tre Cime di Lavaredo t-shirt homme - T-shirt de course \u00e0 pied - MioMioRun.com","og_description":"T-shirt technique l\u00e9ger et respirant en \u00e9dition limit\u00e9e, con\u00e7u pour offrir confort, r\u00e9sistance et un style inspir\u00e9 du trail lors de chaque sortie.","og_url":"https:\/\/www.miomiorun.com\/fr\/produit\/buckled-tre-cime-di-lavaredo-t-shirt-homme\/","og_site_name":"MioMioRun","article_publisher":"https:\/\/www.facebook.com\/miomiorun\/","article_modified_time":"2026-05-11T17:27:37+00:00","og_image":[{"width":720,"height":720,"url":"https:\/\/www.miomiorun.com\/app\/uploads\/2026\/04\/WildTee-T-shirt-M-buckled-tre-cime-WT001WT193.webp","type":"image\/webp"}],"twitter_card":"summary_large_image","twitter_misc":{"Est. reading time":"1 minute"},"schema":{"@context":"https:\/\/schema.org","@graph":[{"@type":"WebPage","@id":"https:\/\/www.miomiorun.com\/fr\/produit\/buckled-tre-cime-di-lavaredo-t-shirt-homme\/","url":"https:\/\/www.miomiorun.com\/fr\/produit\/buckled-tre-cime-di-lavaredo-t-shirt-homme\/","name":"Wild Tee Buckled Tre Cime di Lavaredo t-shirt homme - T-shirt de course \u00e0 pied - MioMioRun.com","isPartOf":{"@id":"https:\/\/www.miomiorun.com\/fr\/#website"},"primaryImageOfPage":{"@id":"https:\/\/www.miomiorun.com\/fr\/produit\/buckled-tre-cime-di-lavaredo-t-shirt-homme\/#primaryimage"},"image":{"@id":"https:\/\/www.miomiorun.com\/fr\/produit\/buckled-tre-cime-di-lavaredo-t-shirt-homme\/#primaryimage"},"thumbnailUrl":"https:\/\/www.miomiorun.com\/app\/uploads\/2026\/04\/WildTee-T-shirt-M-buckled-tre-cime-WT001WT193.webp","datePublished":"2026-04-23T14:47:14+00:00","dateModified":"2026-05-11T17:27:37+00:00","description":"T-shirt technique l\u00e9ger et respirant en \u00e9dition limit\u00e9e, con\u00e7u pour offrir confort, r\u00e9sistance et un style inspir\u00e9 du trail lors de chaque sortie.","breadcrumb":{"@id":"https:\/\/www.miomiorun.com\/fr\/produit\/buckled-tre-cime-di-lavaredo-t-shirt-homme\/#breadcrumb"},"inLanguage":"fr-FR","potentialAction":[{"@type":"ReadAction","target":["https:\/\/www.miomiorun.com\/fr\/produit\/buckled-tre-cime-di-lavaredo-t-shirt-homme\/"]}]},{"@type":"ImageObject","inLanguage":"fr-FR","@id":"https:\/\/www.miomiorun.com\/fr\/produit\/buckled-tre-cime-di-lavaredo-t-shirt-homme\/#primaryimage","url":"https:\/\/www.miomiorun.com\/app\/uploads\/2026\/04\/WildTee-T-shirt-M-buckled-tre-cime-WT001WT193.webp","contentUrl":"https:\/\/www.miomiorun.com\/app\/uploads\/2026\/04\/WildTee-T-shirt-M-buckled-tre-cime-WT001WT193.webp","width":720,"height":720,"caption":"WildTee T-shirt M buckled tre cime WT001WT193"},{"@type":"BreadcrumbList","@id":"https:\/\/www.miomiorun.com\/fr\/produit\/buckled-tre-cime-di-lavaredo-t-shirt-homme\/#breadcrumb","itemListElement":[{"@type":"ListItem","position":1,"name":"Home","item":"https:\/\/www.miomiorun.com\/fr\/home-page\/"},{"@type":"ListItem","position":2,"name":"Shop","item":"https:\/\/www.miomiorun.com\/shop\/"},{"@type":"ListItem","position":3,"name":"Buckled Tre Cime di Lavaredo t-shirt homme"}]},{"@type":"WebSite","@id":"https:\/\/www.miomiorun.com\/fr\/#website","url":"https:\/\/www.miomiorun.com\/fr\/","name":"MioMioRun","description":"Boutique 100% running et trail","publisher":{"@id":"https:\/\/www.miomiorun.com\/fr\/#organization"},"potentialAction":[{"@type":"SearchAction","target":{"@type":"EntryPoint","urlTemplate":"https:\/\/www.miomiorun.com\/fr\/?s={search_term_string}"},"query-input":{"@type":"PropertyValueSpecification","valueRequired":true,"valueName":"search_term_string"}}],"inLanguage":"fr-FR"},{"@type":"Organization","@id":"https:\/\/www.miomiorun.com\/fr\/#organization","name":"MioMio Run","url":"https:\/\/www.miomiorun.com\/fr\/","logo":{"@type":"ImageObject","inLanguage":"fr-FR","@id":"https:\/\/www.miomiorun.com\/fr\/#\/schema\/logo\/image\/","url":"https:\/\/www.miomiorun.com\/app\/uploads\/2019\/12\/logomio.png","contentUrl":"https:\/\/www.miomiorun.com\/app\/uploads\/2019\/12\/logomio.png","width":115,"height":82,"caption":"MioMio Run"},"image":{"@id":"https:\/\/www.miomiorun.com\/fr\/#\/schema\/logo\/image\/"},"sameAs":["https:\/\/www.facebook.com\/miomiorun\/","https:\/\/www.instagram.com\/miomiorun\/"]}]}},"_links":{"self":[{"href":"https:\/\/www.miomiorun.com\/fr\/wp-json\/wp\/v2\/product\/435422","targetHints":{"allow":["GET"]}}],"collection":[{"href":"https:\/\/www.miomiorun.com\/fr\/wp-json\/wp\/v2\/product"}],"about":[{"href":"https:\/\/www.miomiorun.com\/fr\/wp-json\/wp\/v2\/types\/product"}],"wp:featuredmedia":[{"embeddable":true,"href":"https:\/\/www.miomiorun.com\/fr\/wp-json\/wp\/v2\/media\/435456"}],"wp:attachment":[{"href":"https:\/\/www.miomiorun.com\/fr\/wp-json\/wp\/v2\/media?parent=435422"}],"wp:term":[{"taxonomy":"product_brand","embeddable":true,"href":"https:\/\/www.miomiorun.com\/fr\/wp-json\/wp\/v2\/product_brand?post=435422"},{"taxonomy":"product_cat","embeddable":true,"href":"https:\/\/www.miomiorun.com\/fr\/wp-json\/wp\/v2\/product_cat?post=435422"},{"taxonomy":"product_tag","embeddable":true,"href":"https:\/\/www.miomiorun.com\/fr\/wp-json\/wp\/v2\/product_tag?post=435422"}],"curies":[{"name":"wp","href":"https:\/\/api.w.org\/{rel}","templated":true}]}}