{"id":435192,"date":"2026-04-22T16:12:02","date_gmt":"2026-04-22T14:12:02","guid":{"rendered":"https:\/\/www.miomiorun.com\/?post_type=product&#038;p=435192"},"modified":"2026-05-11T19:17:48","modified_gmt":"2026-05-11T17:17:48","slug":"veste-coupe-vent-a-capuche-lava-femme","status":"publish","type":"product","link":"https:\/\/www.miomiorun.com\/fr\/produit\/veste-coupe-vent-a-capuche-lava-femme\/","title":{"rendered":"Veste coupe-vent \u00e0 capuche Lava femme"},"content":{"rendered":"<p data-start=\"0\" data-end=\"343\">Cette veste coupe-vent \u00e0 capuche est con\u00e7ue pour offrir <strong data-start=\"86\" data-end=\"100\">protection<\/strong>, <strong data-start=\"102\" data-end=\"116\">l\u00e9g\u00e8ret\u00e9<\/strong> et <strong data-start=\"119\" data-end=\"140\">un maximum de praticit\u00e9<\/strong> en toute circonstance. Indispensable \u00e0 emporter partout avec soi, elle se distingue par sa capacit\u00e9 \u00e0 <strong data-start=\"232\" data-end=\"288\">se replier et \u00e0 se compacter dans sa propre poche int\u00e9rieure<\/strong>, ce qui la rend facile \u00e0 transporter lors de chaque sortie.<\/p>\n<p data-start=\"345\" data-end=\"385\">Sa conception est pens\u00e9e pour garantir :<\/p>\n<ul data-start=\"386\" data-end=\"530\">\n<li data-section-id=\"m4yz1f\" data-start=\"386\" data-end=\"429\"><strong data-start=\"388\" data-end=\"427\">Protection contre le vent et les intemp\u00e9ries<\/strong><\/li>\n<li data-section-id=\"pyr7i\" data-start=\"430\" data-end=\"484\"><strong data-start=\"432\" data-end=\"456\">Libert\u00e9 de mouvement<\/strong> gr\u00e2ce au tissu stretch<\/li>\n<li data-section-id=\"27up1e\" data-start=\"485\" data-end=\"530\"><strong data-start=\"487\" data-end=\"508\">Un maximum de praticit\u00e9<\/strong> avec un design compactable<\/li>\n<\/ul>\n<p data-start=\"532\" data-end=\"957\">Le <strong data-start=\"535\" data-end=\"572\">tissu extensible \u00e0 effet cr\u00eap\u00e9<\/strong> suit naturellement les mouvements du corps, cr\u00e9ant un jeu dynamique de plis qui laisse entrevoir la <strong data-start=\"681\" data-end=\"711\">couleur fuchsia \u00e0 l&#8217;int\u00e9rieur<\/strong>, ajoutant une touche distinctive au design. L\u00e9ger et confortable, il est id\u00e9al pour les activit\u00e9s de plein air et un usage quotidien. Avec un poids d&#8217;environ <strong data-start=\"854\" data-end=\"867\">88 grammes<\/strong>, c&#8217;est un v\u00eatement technique extr\u00eamement compact et fonctionnel. Composition : <strong data-start=\"937\" data-end=\"956\">100 % polyester<\/strong>.<\/p>\n","protected":false},"excerpt":{"rendered":"<ul>\n<li data-section-id=\"9g4ejv\" data-start=\"1137\" data-end=\"1221\"><strong data-start=\"1139\" data-end=\"1176\">Tissu extensible \u00e0 effet cr\u00eap\u00e9<\/strong> pour une grande libert\u00e9 de mouvement et un design dynamique<\/li>\n<li data-section-id=\"1tr5ok6\" data-start=\"1222\" data-end=\"1300\"><strong data-start=\"1224\" data-end=\"1259\">Se replie dans la poche int\u00e9rieure<\/strong> pour un transport facile et un encombrement minimal<\/li>\n<li data-section-id=\"1uzlqi8\" data-start=\"1301\" data-end=\"1370\" data-is-last-node=\"\"><strong data-start=\"1303\" data-end=\"1327\">L\u00e9g\u00e8re et protectrice<\/strong>, id\u00e9ale pour affronter des conditions variables<\/li>\n<\/ul>\n","protected":false},"featured_media":435226,"template":"","meta":{"_acf_changed":false,"inline_featured_image":false},"product_brand":[],"product_cat":[22599,22596],"product_tag":[23528,23568],"class_list":{"0":"post-435192","1":"product","2":"type-product","3":"status-publish","4":"has-post-thumbnail","6":"product_cat-vestes","7":"product_cat-vetements-pour-femmes","8":"product_tag-wild-tee-fr","9":"product_tag-wild-tee-femme","10":"pa_attivita-marcher","11":"pa_attivita-running-fr","12":"pa_attivita-trail-fr","13":"pa_marca-wild-tee-fr","14":"pa_sesso-femme","15":"pa_size-extra-small-fr","16":"pa_size-small-fr","17":"pa_size-medium-fr","18":"pa_size-large-fr","20":"first","21":"instock","22":"sale","23":"taxable","24":"shipping-taxable","25":"purchasable","26":"product-type-variable","27":"wvs-archive-product-wrapper"},"acf":[],"yoast_head":"<!-- This site is optimized with the Yoast SEO plugin v26.8 - https:\/\/yoast.com\/product\/yoast-seo-wordpress\/ -->\n<title>Wild Tee Veste coupe-vent \u00e0 capuche Lava femme - Veste pour femme - MioMioRun<\/title>\n<meta name=\"description\" content=\"Veste coupe-vent l\u00e9g\u00e8re et compacte \u00e0 l&#039;aspect cr\u00eap\u00e9, con\u00e7ue pour offrir protection, confort et praticit\u00e9 maximale lors de chaque sortie\" \/>\n<meta name=\"robots\" content=\"index, follow, max-snippet:-1, max-image-preview:large, max-video-preview:-1\" \/>\n<link rel=\"canonical\" href=\"https:\/\/www.miomiorun.com\/fr\/produit\/veste-coupe-vent-a-capuche-lava-femme\/\" \/>\n<meta property=\"og:locale\" content=\"fr_FR\" \/>\n<meta property=\"og:type\" content=\"article\" \/>\n<meta property=\"og:title\" content=\"Wild Tee Veste coupe-vent \u00e0 capuche Lava femme - Veste pour femme - MioMioRun\" \/>\n<meta property=\"og:description\" content=\"Veste coupe-vent l\u00e9g\u00e8re et compacte \u00e0 l&#039;aspect cr\u00eap\u00e9, con\u00e7ue pour offrir protection, confort et praticit\u00e9 maximale lors de chaque sortie\" \/>\n<meta property=\"og:url\" content=\"https:\/\/www.miomiorun.com\/fr\/produit\/veste-coupe-vent-a-capuche-lava-femme\/\" \/>\n<meta property=\"og:site_name\" content=\"MioMioRun\" \/>\n<meta property=\"article:publisher\" content=\"https:\/\/www.facebook.com\/miomiorun\/\" \/>\n<meta property=\"article:modified_time\" content=\"2026-05-11T17:17:48+00:00\" \/>\n<meta property=\"og:image\" content=\"https:\/\/www.miomiorun.com\/app\/uploads\/2026\/04\/WildTee-Lava-hoodie-W-fuchsia-WT755WT04.webp\" \/>\n\t<meta property=\"og:image:width\" content=\"720\" \/>\n\t<meta property=\"og:image:height\" content=\"720\" \/>\n\t<meta property=\"og:image:type\" content=\"image\/webp\" \/>\n<meta name=\"twitter:card\" content=\"summary_large_image\" \/>\n<meta name=\"twitter:label1\" content=\"Est. reading time\" \/>\n\t<meta name=\"twitter:data1\" content=\"1 minute\" \/>\n<script type=\"application\/ld+json\" class=\"yoast-schema-graph\">{\"@context\":\"https:\/\/schema.org\",\"@graph\":[{\"@type\":\"WebPage\",\"@id\":\"https:\/\/www.miomiorun.com\/fr\/produit\/veste-coupe-vent-a-capuche-lava-femme\/\",\"url\":\"https:\/\/www.miomiorun.com\/fr\/produit\/veste-coupe-vent-a-capuche-lava-femme\/\",\"name\":\"Wild Tee Veste coupe-vent \u00e0 capuche Lava femme - Veste pour femme - MioMioRun\",\"isPartOf\":{\"@id\":\"https:\/\/www.miomiorun.com\/fr\/#website\"},\"primaryImageOfPage\":{\"@id\":\"https:\/\/www.miomiorun.com\/fr\/produit\/veste-coupe-vent-a-capuche-lava-femme\/#primaryimage\"},\"image\":{\"@id\":\"https:\/\/www.miomiorun.com\/fr\/produit\/veste-coupe-vent-a-capuche-lava-femme\/#primaryimage\"},\"thumbnailUrl\":\"https:\/\/www.miomiorun.com\/app\/uploads\/2026\/04\/WildTee-Lava-hoodie-W-fuchsia-WT755WT04.webp\",\"datePublished\":\"2026-04-22T14:12:02+00:00\",\"dateModified\":\"2026-05-11T17:17:48+00:00\",\"description\":\"Veste coupe-vent l\u00e9g\u00e8re et compacte \u00e0 l'aspect cr\u00eap\u00e9, con\u00e7ue pour offrir protection, confort et praticit\u00e9 maximale lors de chaque sortie\",\"breadcrumb\":{\"@id\":\"https:\/\/www.miomiorun.com\/fr\/produit\/veste-coupe-vent-a-capuche-lava-femme\/#breadcrumb\"},\"inLanguage\":\"fr-FR\",\"potentialAction\":[{\"@type\":\"ReadAction\",\"target\":[\"https:\/\/www.miomiorun.com\/fr\/produit\/veste-coupe-vent-a-capuche-lava-femme\/\"]}]},{\"@type\":\"ImageObject\",\"inLanguage\":\"fr-FR\",\"@id\":\"https:\/\/www.miomiorun.com\/fr\/produit\/veste-coupe-vent-a-capuche-lava-femme\/#primaryimage\",\"url\":\"https:\/\/www.miomiorun.com\/app\/uploads\/2026\/04\/WildTee-Lava-hoodie-W-fuchsia-WT755WT04.webp\",\"contentUrl\":\"https:\/\/www.miomiorun.com\/app\/uploads\/2026\/04\/WildTee-Lava-hoodie-W-fuchsia-WT755WT04.webp\",\"width\":720,\"height\":720,\"caption\":\"WildTee Lava hoodie W fuchsia WT755WT04\"},{\"@type\":\"BreadcrumbList\",\"@id\":\"https:\/\/www.miomiorun.com\/fr\/produit\/veste-coupe-vent-a-capuche-lava-femme\/#breadcrumb\",\"itemListElement\":[{\"@type\":\"ListItem\",\"position\":1,\"name\":\"Home\",\"item\":\"https:\/\/www.miomiorun.com\/fr\/home-page\/\"},{\"@type\":\"ListItem\",\"position\":2,\"name\":\"Shop\",\"item\":\"https:\/\/www.miomiorun.com\/shop\/\"},{\"@type\":\"ListItem\",\"position\":3,\"name\":\"Veste coupe-vent \u00e0 capuche Lava femme\"}]},{\"@type\":\"WebSite\",\"@id\":\"https:\/\/www.miomiorun.com\/fr\/#website\",\"url\":\"https:\/\/www.miomiorun.com\/fr\/\",\"name\":\"MioMioRun\",\"description\":\"Boutique 100% running et trail\",\"publisher\":{\"@id\":\"https:\/\/www.miomiorun.com\/fr\/#organization\"},\"potentialAction\":[{\"@type\":\"SearchAction\",\"target\":{\"@type\":\"EntryPoint\",\"urlTemplate\":\"https:\/\/www.miomiorun.com\/fr\/?s={search_term_string}\"},\"query-input\":{\"@type\":\"PropertyValueSpecification\",\"valueRequired\":true,\"valueName\":\"search_term_string\"}}],\"inLanguage\":\"fr-FR\"},{\"@type\":\"Organization\",\"@id\":\"https:\/\/www.miomiorun.com\/fr\/#organization\",\"name\":\"MioMio Run\",\"url\":\"https:\/\/www.miomiorun.com\/fr\/\",\"logo\":{\"@type\":\"ImageObject\",\"inLanguage\":\"fr-FR\",\"@id\":\"https:\/\/www.miomiorun.com\/fr\/#\/schema\/logo\/image\/\",\"url\":\"https:\/\/www.miomiorun.com\/app\/uploads\/2019\/12\/logomio.png\",\"contentUrl\":\"https:\/\/www.miomiorun.com\/app\/uploads\/2019\/12\/logomio.png\",\"width\":115,\"height\":82,\"caption\":\"MioMio Run\"},\"image\":{\"@id\":\"https:\/\/www.miomiorun.com\/fr\/#\/schema\/logo\/image\/\"},\"sameAs\":[\"https:\/\/www.facebook.com\/miomiorun\/\",\"https:\/\/www.instagram.com\/miomiorun\/\"]}]}<\/script>\n<!-- \/ Yoast SEO plugin. -->","yoast_head_json":{"title":"Wild Tee Veste coupe-vent \u00e0 capuche Lava femme - Veste pour femme - MioMioRun","description":"Veste coupe-vent l\u00e9g\u00e8re et compacte \u00e0 l'aspect cr\u00eap\u00e9, con\u00e7ue pour offrir protection, confort et praticit\u00e9 maximale lors de chaque sortie","robots":{"index":"index","follow":"follow","max-snippet":"max-snippet:-1","max-image-preview":"max-image-preview:large","max-video-preview":"max-video-preview:-1"},"canonical":"https:\/\/www.miomiorun.com\/fr\/produit\/veste-coupe-vent-a-capuche-lava-femme\/","og_locale":"fr_FR","og_type":"article","og_title":"Wild Tee Veste coupe-vent \u00e0 capuche Lava femme - Veste pour femme - MioMioRun","og_description":"Veste coupe-vent l\u00e9g\u00e8re et compacte \u00e0 l'aspect cr\u00eap\u00e9, con\u00e7ue pour offrir protection, confort et praticit\u00e9 maximale lors de chaque sortie","og_url":"https:\/\/www.miomiorun.com\/fr\/produit\/veste-coupe-vent-a-capuche-lava-femme\/","og_site_name":"MioMioRun","article_publisher":"https:\/\/www.facebook.com\/miomiorun\/","article_modified_time":"2026-05-11T17:17:48+00:00","og_image":[{"width":720,"height":720,"url":"https:\/\/www.miomiorun.com\/app\/uploads\/2026\/04\/WildTee-Lava-hoodie-W-fuchsia-WT755WT04.webp","type":"image\/webp"}],"twitter_card":"summary_large_image","twitter_misc":{"Est. reading time":"1 minute"},"schema":{"@context":"https:\/\/schema.org","@graph":[{"@type":"WebPage","@id":"https:\/\/www.miomiorun.com\/fr\/produit\/veste-coupe-vent-a-capuche-lava-femme\/","url":"https:\/\/www.miomiorun.com\/fr\/produit\/veste-coupe-vent-a-capuche-lava-femme\/","name":"Wild Tee Veste coupe-vent \u00e0 capuche Lava femme - Veste pour femme - MioMioRun","isPartOf":{"@id":"https:\/\/www.miomiorun.com\/fr\/#website"},"primaryImageOfPage":{"@id":"https:\/\/www.miomiorun.com\/fr\/produit\/veste-coupe-vent-a-capuche-lava-femme\/#primaryimage"},"image":{"@id":"https:\/\/www.miomiorun.com\/fr\/produit\/veste-coupe-vent-a-capuche-lava-femme\/#primaryimage"},"thumbnailUrl":"https:\/\/www.miomiorun.com\/app\/uploads\/2026\/04\/WildTee-Lava-hoodie-W-fuchsia-WT755WT04.webp","datePublished":"2026-04-22T14:12:02+00:00","dateModified":"2026-05-11T17:17:48+00:00","description":"Veste coupe-vent l\u00e9g\u00e8re et compacte \u00e0 l'aspect cr\u00eap\u00e9, con\u00e7ue pour offrir protection, confort et praticit\u00e9 maximale lors de chaque sortie","breadcrumb":{"@id":"https:\/\/www.miomiorun.com\/fr\/produit\/veste-coupe-vent-a-capuche-lava-femme\/#breadcrumb"},"inLanguage":"fr-FR","potentialAction":[{"@type":"ReadAction","target":["https:\/\/www.miomiorun.com\/fr\/produit\/veste-coupe-vent-a-capuche-lava-femme\/"]}]},{"@type":"ImageObject","inLanguage":"fr-FR","@id":"https:\/\/www.miomiorun.com\/fr\/produit\/veste-coupe-vent-a-capuche-lava-femme\/#primaryimage","url":"https:\/\/www.miomiorun.com\/app\/uploads\/2026\/04\/WildTee-Lava-hoodie-W-fuchsia-WT755WT04.webp","contentUrl":"https:\/\/www.miomiorun.com\/app\/uploads\/2026\/04\/WildTee-Lava-hoodie-W-fuchsia-WT755WT04.webp","width":720,"height":720,"caption":"WildTee Lava hoodie W fuchsia WT755WT04"},{"@type":"BreadcrumbList","@id":"https:\/\/www.miomiorun.com\/fr\/produit\/veste-coupe-vent-a-capuche-lava-femme\/#breadcrumb","itemListElement":[{"@type":"ListItem","position":1,"name":"Home","item":"https:\/\/www.miomiorun.com\/fr\/home-page\/"},{"@type":"ListItem","position":2,"name":"Shop","item":"https:\/\/www.miomiorun.com\/shop\/"},{"@type":"ListItem","position":3,"name":"Veste coupe-vent \u00e0 capuche Lava femme"}]},{"@type":"WebSite","@id":"https:\/\/www.miomiorun.com\/fr\/#website","url":"https:\/\/www.miomiorun.com\/fr\/","name":"MioMioRun","description":"Boutique 100% running et trail","publisher":{"@id":"https:\/\/www.miomiorun.com\/fr\/#organization"},"potentialAction":[{"@type":"SearchAction","target":{"@type":"EntryPoint","urlTemplate":"https:\/\/www.miomiorun.com\/fr\/?s={search_term_string}"},"query-input":{"@type":"PropertyValueSpecification","valueRequired":true,"valueName":"search_term_string"}}],"inLanguage":"fr-FR"},{"@type":"Organization","@id":"https:\/\/www.miomiorun.com\/fr\/#organization","name":"MioMio Run","url":"https:\/\/www.miomiorun.com\/fr\/","logo":{"@type":"ImageObject","inLanguage":"fr-FR","@id":"https:\/\/www.miomiorun.com\/fr\/#\/schema\/logo\/image\/","url":"https:\/\/www.miomiorun.com\/app\/uploads\/2019\/12\/logomio.png","contentUrl":"https:\/\/www.miomiorun.com\/app\/uploads\/2019\/12\/logomio.png","width":115,"height":82,"caption":"MioMio Run"},"image":{"@id":"https:\/\/www.miomiorun.com\/fr\/#\/schema\/logo\/image\/"},"sameAs":["https:\/\/www.facebook.com\/miomiorun\/","https:\/\/www.instagram.com\/miomiorun\/"]}]}},"_links":{"self":[{"href":"https:\/\/www.miomiorun.com\/fr\/wp-json\/wp\/v2\/product\/435192","targetHints":{"allow":["GET"]}}],"collection":[{"href":"https:\/\/www.miomiorun.com\/fr\/wp-json\/wp\/v2\/product"}],"about":[{"href":"https:\/\/www.miomiorun.com\/fr\/wp-json\/wp\/v2\/types\/product"}],"wp:featuredmedia":[{"embeddable":true,"href":"https:\/\/www.miomiorun.com\/fr\/wp-json\/wp\/v2\/media\/435226"}],"wp:attachment":[{"href":"https:\/\/www.miomiorun.com\/fr\/wp-json\/wp\/v2\/media?parent=435192"}],"wp:term":[{"taxonomy":"product_brand","embeddable":true,"href":"https:\/\/www.miomiorun.com\/fr\/wp-json\/wp\/v2\/product_brand?post=435192"},{"taxonomy":"product_cat","embeddable":true,"href":"https:\/\/www.miomiorun.com\/fr\/wp-json\/wp\/v2\/product_cat?post=435192"},{"taxonomy":"product_tag","embeddable":true,"href":"https:\/\/www.miomiorun.com\/fr\/wp-json\/wp\/v2\/product_tag?post=435192"}],"curies":[{"name":"wp","href":"https:\/\/api.w.org\/{rel}","templated":true}]}}