{"id":434948,"date":"2026-04-22T11:29:45","date_gmt":"2026-04-22T09:29:45","guid":{"rendered":"https:\/\/www.miomiorun.com\/?post_type=product&#038;p=434948"},"modified":"2026-05-08T12:02:24","modified_gmt":"2026-05-08T10:02:24","slug":"road-abstract-crop-t-shirt-femme","status":"publish","type":"product","link":"https:\/\/www.miomiorun.com\/fr\/produit\/road-abstract-crop-t-shirt-femme\/","title":{"rendered":"Road Abstract Crop T-shirt femme"},"content":{"rendered":"<p data-start=\"0\" data-end=\"374\">Ce pull court est une <strong data-start=\"67\" data-end=\"125\">nouveaut\u00e9 absolue de la collection printemps-\u00e9t\u00e9 2024<\/strong>, con\u00e7ue pour allier <strong data-start=\"145\" data-end=\"165\">style distinctif<\/strong> et <strong data-start=\"168\" data-end=\"183\">performance<\/strong>. Son design abstrait allie <strong data-start=\"212\" data-end=\"247\">des formes anguleuses et des lignes fluides<\/strong>, avec une palette de couleurs vives o\u00f9 se distinguent le <strong data-start=\"288\" data-end=\"300\">violet<\/strong>, l&#8217;<strong data-start=\"302\" data-end=\"313\">orange<\/strong> et des d\u00e9tails marron, cr\u00e9ant un look moderne et reconnaissable.<\/p>\n<p data-start=\"376\" data-end=\"416\">Sa structure est con\u00e7ue pour garantir :<\/p>\n<ul data-start=\"417\" data-end=\"598\">\n<li data-section-id=\"4nc1bl\" data-start=\"417\" data-end=\"479\"><strong data-start=\"419\" data-end=\"458\">Une l\u00e9g\u00e8ret\u00e9 et une respirabilit\u00e9 maximales<\/strong> pendant l\u2019activit\u00e9<\/li>\n<li data-section-id=\"1si7r42\" data-start=\"480\" data-end=\"543\"><strong data-start=\"482\" data-end=\"516\">Confort et libert\u00e9 de mouvement<\/strong> gr\u00e2ce \u00e0 la coupe courte<\/li>\n<li data-section-id=\"haef2u\" data-start=\"544\" data-end=\"598\"><strong data-start=\"546\" data-end=\"572\">Polyvalence d&#8217;utilisation<\/strong> entre sport et entra\u00eenement<\/li>\n<\/ul>\n<p data-start=\"600\" data-end=\"1011\">Fabriqu\u00e9 en <strong data-start=\"614\" data-end=\"649\">tissu recycl\u00e9 Made in Italy<\/strong>, il est id\u00e9al pour les <strong data-start=\"664\" data-end=\"682\">courses urbaines<\/strong> et les s\u00e9ances en salle, offrant une sensation de l\u00e9g\u00e8ret\u00e9 et de fluidit\u00e9 sur la peau. Avec un poids d\u2019environ <strong data-start=\"782\" data-end=\"795\">67 grammes<\/strong>, il est con\u00e7u pour vous accompagner dans vos entra\u00eenements les plus dynamiques sans vous alourdir. Le tissu est certifi\u00e9 <strong data-start=\"900\" data-end=\"913\">bluesign\u00ae<\/strong> et <strong data-start=\"916\" data-end=\"942\">Oeko-Tex\u00ae Standard 100<\/strong>.<\/p>\n<p data-start=\"600\" data-end=\"1011\">Composition : <strong data-start=\"958\" data-end=\"1010\">87 % polyester recycl\u00e9 et 13 % \u00e9lasthanne recycl\u00e9<\/strong>.<\/p>\n","protected":false},"excerpt":{"rendered":"<ul>\n<li data-section-id=\"1ggsm2b\" data-start=\"1233\" data-end=\"1298\"><strong data-start=\"1235\" data-end=\"1276\">Motif abstrait aux couleurs vives<\/strong> pour un style unique<\/li>\n<li data-section-id=\"5y5hid\" data-start=\"1299\" data-end=\"1360\"><strong data-start=\"1301\" data-end=\"1358\">Tissu recycl\u00e9 l\u00e9ger et respirant, fabriqu\u00e9 en Italie<\/strong><\/li>\n<li data-section-id=\"wunbsq\" data-start=\"1361\" data-end=\"1433\" data-is-last-node=\"\"><strong data-start=\"1363\" data-end=\"1403\">Coupe courte et poids r\u00e9duit (67 g)<\/strong> pour une libert\u00e9 et un confort maximum<\/li>\n<\/ul>\n","protected":false},"featured_media":435011,"template":"","meta":{"_acf_changed":false,"inline_featured_image":false},"product_brand":[],"product_cat":[22604,22596],"product_tag":[23528,23568],"class_list":{"0":"post-434948","1":"product","2":"type-product","3":"status-publish","4":"has-post-thumbnail","6":"product_cat-t-shirt","7":"product_cat-vetements-pour-femmes","8":"product_tag-wild-tee-fr","9":"product_tag-wild-tee-femme","10":"pa_attivita-fitness-fr","11":"pa_attivita-marcher","12":"pa_attivita-running-fr","13":"pa_attivita-trail-fr","14":"pa_marca-wild-tee-fr","15":"pa_sesso-femme","16":"pa_size-extra-small-fr","17":"pa_size-small-fr","18":"pa_size-medium-fr","20":"first","21":"instock","22":"sale","23":"taxable","24":"shipping-taxable","25":"purchasable","26":"product-type-variable","27":"wvs-archive-product-wrapper"},"acf":[],"yoast_head":"<!-- This site is optimized with the Yoast SEO plugin v26.8 - https:\/\/yoast.com\/product\/yoast-seo-wordpress\/ -->\n<title>Wild Tee Road Abstract Crop T-shirt femme - T-shirt de course \u00e0 pied - MioMioRun<\/title>\n<meta name=\"description\" content=\"T-shirt court technique, l\u00e9ger et respirant, con\u00e7u pour allier style moderne, confort et libert\u00e9 de mouvement lors des entra\u00eenements et des activit\u00e9s sportives\" \/>\n<meta name=\"robots\" content=\"index, follow, max-snippet:-1, max-image-preview:large, max-video-preview:-1\" \/>\n<link rel=\"canonical\" href=\"https:\/\/www.miomiorun.com\/fr\/produit\/road-abstract-crop-t-shirt-femme\/\" \/>\n<meta property=\"og:locale\" content=\"fr_FR\" \/>\n<meta property=\"og:type\" content=\"article\" \/>\n<meta property=\"og:title\" content=\"Wild Tee Road Abstract Crop T-shirt femme - T-shirt de course \u00e0 pied - MioMioRun\" \/>\n<meta property=\"og:description\" content=\"T-shirt court technique, l\u00e9ger et respirant, con\u00e7u pour allier style moderne, confort et libert\u00e9 de mouvement lors des entra\u00eenements et des activit\u00e9s sportives\" \/>\n<meta property=\"og:url\" content=\"https:\/\/www.miomiorun.com\/fr\/produit\/road-abstract-crop-t-shirt-femme\/\" \/>\n<meta property=\"og:site_name\" content=\"MioMioRun\" \/>\n<meta property=\"article:publisher\" content=\"https:\/\/www.facebook.com\/miomiorun\/\" \/>\n<meta property=\"article:modified_time\" content=\"2026-05-08T10:02:24+00:00\" \/>\n<meta property=\"og:image\" content=\"https:\/\/www.miomiorun.com\/app\/uploads\/2026\/04\/WildTee-CROP-T-SHIRT-W-ROAD-ABSTRACT-WT023WT175.webp\" \/>\n\t<meta property=\"og:image:width\" content=\"720\" \/>\n\t<meta property=\"og:image:height\" content=\"720\" \/>\n\t<meta property=\"og:image:type\" content=\"image\/webp\" \/>\n<meta name=\"twitter:card\" content=\"summary_large_image\" \/>\n<meta name=\"twitter:label1\" content=\"Est. reading time\" \/>\n\t<meta name=\"twitter:data1\" content=\"1 minute\" \/>\n<script type=\"application\/ld+json\" class=\"yoast-schema-graph\">{\"@context\":\"https:\/\/schema.org\",\"@graph\":[{\"@type\":\"WebPage\",\"@id\":\"https:\/\/www.miomiorun.com\/fr\/produit\/road-abstract-crop-t-shirt-femme\/\",\"url\":\"https:\/\/www.miomiorun.com\/fr\/produit\/road-abstract-crop-t-shirt-femme\/\",\"name\":\"Wild Tee Road Abstract Crop T-shirt femme - T-shirt de course \u00e0 pied - MioMioRun\",\"isPartOf\":{\"@id\":\"https:\/\/www.miomiorun.com\/fr\/#website\"},\"primaryImageOfPage\":{\"@id\":\"https:\/\/www.miomiorun.com\/fr\/produit\/road-abstract-crop-t-shirt-femme\/#primaryimage\"},\"image\":{\"@id\":\"https:\/\/www.miomiorun.com\/fr\/produit\/road-abstract-crop-t-shirt-femme\/#primaryimage\"},\"thumbnailUrl\":\"https:\/\/www.miomiorun.com\/app\/uploads\/2026\/04\/WildTee-CROP-T-SHIRT-W-ROAD-ABSTRACT-WT023WT175.webp\",\"datePublished\":\"2026-04-22T09:29:45+00:00\",\"dateModified\":\"2026-05-08T10:02:24+00:00\",\"description\":\"T-shirt court technique, l\u00e9ger et respirant, con\u00e7u pour allier style moderne, confort et libert\u00e9 de mouvement lors des entra\u00eenements et des activit\u00e9s sportives\",\"breadcrumb\":{\"@id\":\"https:\/\/www.miomiorun.com\/fr\/produit\/road-abstract-crop-t-shirt-femme\/#breadcrumb\"},\"inLanguage\":\"fr-FR\",\"potentialAction\":[{\"@type\":\"ReadAction\",\"target\":[\"https:\/\/www.miomiorun.com\/fr\/produit\/road-abstract-crop-t-shirt-femme\/\"]}]},{\"@type\":\"ImageObject\",\"inLanguage\":\"fr-FR\",\"@id\":\"https:\/\/www.miomiorun.com\/fr\/produit\/road-abstract-crop-t-shirt-femme\/#primaryimage\",\"url\":\"https:\/\/www.miomiorun.com\/app\/uploads\/2026\/04\/WildTee-CROP-T-SHIRT-W-ROAD-ABSTRACT-WT023WT175.webp\",\"contentUrl\":\"https:\/\/www.miomiorun.com\/app\/uploads\/2026\/04\/WildTee-CROP-T-SHIRT-W-ROAD-ABSTRACT-WT023WT175.webp\",\"width\":720,\"height\":720,\"caption\":\"WildTee CROP T-SHIRT W ROAD ABSTRACT WT023WT175\"},{\"@type\":\"BreadcrumbList\",\"@id\":\"https:\/\/www.miomiorun.com\/fr\/produit\/road-abstract-crop-t-shirt-femme\/#breadcrumb\",\"itemListElement\":[{\"@type\":\"ListItem\",\"position\":1,\"name\":\"Home\",\"item\":\"https:\/\/www.miomiorun.com\/fr\/home-page\/\"},{\"@type\":\"ListItem\",\"position\":2,\"name\":\"Shop\",\"item\":\"https:\/\/www.miomiorun.com\/shop\/\"},{\"@type\":\"ListItem\",\"position\":3,\"name\":\"Road Abstract Crop T-shirt femme\"}]},{\"@type\":\"WebSite\",\"@id\":\"https:\/\/www.miomiorun.com\/fr\/#website\",\"url\":\"https:\/\/www.miomiorun.com\/fr\/\",\"name\":\"MioMioRun\",\"description\":\"Boutique 100% running et trail\",\"publisher\":{\"@id\":\"https:\/\/www.miomiorun.com\/fr\/#organization\"},\"potentialAction\":[{\"@type\":\"SearchAction\",\"target\":{\"@type\":\"EntryPoint\",\"urlTemplate\":\"https:\/\/www.miomiorun.com\/fr\/?s={search_term_string}\"},\"query-input\":{\"@type\":\"PropertyValueSpecification\",\"valueRequired\":true,\"valueName\":\"search_term_string\"}}],\"inLanguage\":\"fr-FR\"},{\"@type\":\"Organization\",\"@id\":\"https:\/\/www.miomiorun.com\/fr\/#organization\",\"name\":\"MioMio Run\",\"url\":\"https:\/\/www.miomiorun.com\/fr\/\",\"logo\":{\"@type\":\"ImageObject\",\"inLanguage\":\"fr-FR\",\"@id\":\"https:\/\/www.miomiorun.com\/fr\/#\/schema\/logo\/image\/\",\"url\":\"https:\/\/www.miomiorun.com\/app\/uploads\/2019\/12\/logomio.png\",\"contentUrl\":\"https:\/\/www.miomiorun.com\/app\/uploads\/2019\/12\/logomio.png\",\"width\":115,\"height\":82,\"caption\":\"MioMio Run\"},\"image\":{\"@id\":\"https:\/\/www.miomiorun.com\/fr\/#\/schema\/logo\/image\/\"},\"sameAs\":[\"https:\/\/www.facebook.com\/miomiorun\/\",\"https:\/\/www.instagram.com\/miomiorun\/\"]}]}<\/script>\n<!-- \/ Yoast SEO plugin. -->","yoast_head_json":{"title":"Wild Tee Road Abstract Crop T-shirt femme - T-shirt de course \u00e0 pied - MioMioRun","description":"T-shirt court technique, l\u00e9ger et respirant, con\u00e7u pour allier style moderne, confort et libert\u00e9 de mouvement lors des entra\u00eenements et des activit\u00e9s sportives","robots":{"index":"index","follow":"follow","max-snippet":"max-snippet:-1","max-image-preview":"max-image-preview:large","max-video-preview":"max-video-preview:-1"},"canonical":"https:\/\/www.miomiorun.com\/fr\/produit\/road-abstract-crop-t-shirt-femme\/","og_locale":"fr_FR","og_type":"article","og_title":"Wild Tee Road Abstract Crop T-shirt femme - T-shirt de course \u00e0 pied - MioMioRun","og_description":"T-shirt court technique, l\u00e9ger et respirant, con\u00e7u pour allier style moderne, confort et libert\u00e9 de mouvement lors des entra\u00eenements et des activit\u00e9s sportives","og_url":"https:\/\/www.miomiorun.com\/fr\/produit\/road-abstract-crop-t-shirt-femme\/","og_site_name":"MioMioRun","article_publisher":"https:\/\/www.facebook.com\/miomiorun\/","article_modified_time":"2026-05-08T10:02:24+00:00","og_image":[{"width":720,"height":720,"url":"https:\/\/www.miomiorun.com\/app\/uploads\/2026\/04\/WildTee-CROP-T-SHIRT-W-ROAD-ABSTRACT-WT023WT175.webp","type":"image\/webp"}],"twitter_card":"summary_large_image","twitter_misc":{"Est. reading time":"1 minute"},"schema":{"@context":"https:\/\/schema.org","@graph":[{"@type":"WebPage","@id":"https:\/\/www.miomiorun.com\/fr\/produit\/road-abstract-crop-t-shirt-femme\/","url":"https:\/\/www.miomiorun.com\/fr\/produit\/road-abstract-crop-t-shirt-femme\/","name":"Wild Tee Road Abstract Crop T-shirt femme - T-shirt de course \u00e0 pied - MioMioRun","isPartOf":{"@id":"https:\/\/www.miomiorun.com\/fr\/#website"},"primaryImageOfPage":{"@id":"https:\/\/www.miomiorun.com\/fr\/produit\/road-abstract-crop-t-shirt-femme\/#primaryimage"},"image":{"@id":"https:\/\/www.miomiorun.com\/fr\/produit\/road-abstract-crop-t-shirt-femme\/#primaryimage"},"thumbnailUrl":"https:\/\/www.miomiorun.com\/app\/uploads\/2026\/04\/WildTee-CROP-T-SHIRT-W-ROAD-ABSTRACT-WT023WT175.webp","datePublished":"2026-04-22T09:29:45+00:00","dateModified":"2026-05-08T10:02:24+00:00","description":"T-shirt court technique, l\u00e9ger et respirant, con\u00e7u pour allier style moderne, confort et libert\u00e9 de mouvement lors des entra\u00eenements et des activit\u00e9s sportives","breadcrumb":{"@id":"https:\/\/www.miomiorun.com\/fr\/produit\/road-abstract-crop-t-shirt-femme\/#breadcrumb"},"inLanguage":"fr-FR","potentialAction":[{"@type":"ReadAction","target":["https:\/\/www.miomiorun.com\/fr\/produit\/road-abstract-crop-t-shirt-femme\/"]}]},{"@type":"ImageObject","inLanguage":"fr-FR","@id":"https:\/\/www.miomiorun.com\/fr\/produit\/road-abstract-crop-t-shirt-femme\/#primaryimage","url":"https:\/\/www.miomiorun.com\/app\/uploads\/2026\/04\/WildTee-CROP-T-SHIRT-W-ROAD-ABSTRACT-WT023WT175.webp","contentUrl":"https:\/\/www.miomiorun.com\/app\/uploads\/2026\/04\/WildTee-CROP-T-SHIRT-W-ROAD-ABSTRACT-WT023WT175.webp","width":720,"height":720,"caption":"WildTee CROP T-SHIRT W ROAD ABSTRACT WT023WT175"},{"@type":"BreadcrumbList","@id":"https:\/\/www.miomiorun.com\/fr\/produit\/road-abstract-crop-t-shirt-femme\/#breadcrumb","itemListElement":[{"@type":"ListItem","position":1,"name":"Home","item":"https:\/\/www.miomiorun.com\/fr\/home-page\/"},{"@type":"ListItem","position":2,"name":"Shop","item":"https:\/\/www.miomiorun.com\/shop\/"},{"@type":"ListItem","position":3,"name":"Road Abstract Crop T-shirt femme"}]},{"@type":"WebSite","@id":"https:\/\/www.miomiorun.com\/fr\/#website","url":"https:\/\/www.miomiorun.com\/fr\/","name":"MioMioRun","description":"Boutique 100% running et trail","publisher":{"@id":"https:\/\/www.miomiorun.com\/fr\/#organization"},"potentialAction":[{"@type":"SearchAction","target":{"@type":"EntryPoint","urlTemplate":"https:\/\/www.miomiorun.com\/fr\/?s={search_term_string}"},"query-input":{"@type":"PropertyValueSpecification","valueRequired":true,"valueName":"search_term_string"}}],"inLanguage":"fr-FR"},{"@type":"Organization","@id":"https:\/\/www.miomiorun.com\/fr\/#organization","name":"MioMio Run","url":"https:\/\/www.miomiorun.com\/fr\/","logo":{"@type":"ImageObject","inLanguage":"fr-FR","@id":"https:\/\/www.miomiorun.com\/fr\/#\/schema\/logo\/image\/","url":"https:\/\/www.miomiorun.com\/app\/uploads\/2019\/12\/logomio.png","contentUrl":"https:\/\/www.miomiorun.com\/app\/uploads\/2019\/12\/logomio.png","width":115,"height":82,"caption":"MioMio Run"},"image":{"@id":"https:\/\/www.miomiorun.com\/fr\/#\/schema\/logo\/image\/"},"sameAs":["https:\/\/www.facebook.com\/miomiorun\/","https:\/\/www.instagram.com\/miomiorun\/"]}]}},"_links":{"self":[{"href":"https:\/\/www.miomiorun.com\/fr\/wp-json\/wp\/v2\/product\/434948","targetHints":{"allow":["GET"]}}],"collection":[{"href":"https:\/\/www.miomiorun.com\/fr\/wp-json\/wp\/v2\/product"}],"about":[{"href":"https:\/\/www.miomiorun.com\/fr\/wp-json\/wp\/v2\/types\/product"}],"wp:featuredmedia":[{"embeddable":true,"href":"https:\/\/www.miomiorun.com\/fr\/wp-json\/wp\/v2\/media\/435011"}],"wp:attachment":[{"href":"https:\/\/www.miomiorun.com\/fr\/wp-json\/wp\/v2\/media?parent=434948"}],"wp:term":[{"taxonomy":"product_brand","embeddable":true,"href":"https:\/\/www.miomiorun.com\/fr\/wp-json\/wp\/v2\/product_brand?post=434948"},{"taxonomy":"product_cat","embeddable":true,"href":"https:\/\/www.miomiorun.com\/fr\/wp-json\/wp\/v2\/product_cat?post=434948"},{"taxonomy":"product_tag","embeddable":true,"href":"https:\/\/www.miomiorun.com\/fr\/wp-json\/wp\/v2\/product_tag?post=434948"}],"curies":[{"name":"wp","href":"https:\/\/api.w.org\/{rel}","templated":true}]}}