{"id":434903,"date":"2026-04-22T11:23:30","date_gmt":"2026-04-22T09:23:30","guid":{"rendered":"https:\/\/www.miomiorun.com\/?post_type=product&#038;p=434903"},"modified":"2026-05-09T15:58:12","modified_gmt":"2026-05-09T13:58:12","slug":"aiguille-du-midi-tech-t-shirt-femme","status":"publish","type":"product","link":"https:\/\/www.miomiorun.com\/fr\/produit\/aiguille-du-midi-tech-t-shirt-femme\/","title":{"rendered":"Aiguille du Midi tech t-shirt femme"},"content":{"rendered":"<p data-start=\"0\" data-end=\"487\">Ce t-shirt technique s&#8217;inspire de l&#8217;<strong data-start=\"66\" data-end=\"86\">Aiguille du Midi<\/strong>, l&#8217;un des sommets les plus embl\u00e9matiques du massif du Mont-Blanc, et \u00e9voque son atmosph\u00e8re unique faite d&#8217;<strong data-start=\"190\" data-end=\"206\">air rar\u00e9fi\u00e9<\/strong>, de <strong data-start=\"208\" data-end=\"224\">lumi\u00e8re intense<\/strong> et de panoramas au-dessus des nuages. Les nuances allant du <strong data-start=\"280\" data-end=\"309\">vert au rose en passant par le bleu<\/strong> traduisent visuellement ces sensations, cr\u00e9ant un design distinctif et reconnaissable. \u00c9galement disponible en version homme, il pr\u00e9sente une <strong data-start=\"442\" data-end=\"486\">coupe f\u00e9minine aux proportions europ\u00e9ennes<\/strong>.<\/p>\n<p data-start=\"489\" data-end=\"529\">Sa conception est pens\u00e9e pour garantir :<\/p>\n<ul data-start=\"530\" data-end=\"682\">\n<li data-section-id=\"1c1bcwe\" data-start=\"530\" data-end=\"579\"><strong data-start=\"532\" data-end=\"558\">Une respirabilit\u00e9 maximale<\/strong> pendant l\u2019activit\u00e9<\/li>\n<li data-section-id=\"1vj1phy\" data-start=\"580\" data-end=\"637\"><strong data-start=\"582\" data-end=\"602\">Un confort constant<\/strong> quelle que soit l\u2019intensit\u00e9 de l\u2019effort<\/li>\n<li data-section-id=\"11zgkf7\" data-start=\"638\" data-end=\"682\"><strong data-start=\"640\" data-end=\"655\">Une polyvalence<\/strong> entre sport et loisirs<\/li>\n<\/ul>\n<p data-start=\"684\" data-end=\"1188\">R\u00e9alis\u00e9 en <strong data-start=\"698\" data-end=\"729\">micromesh doux comme de la soie<\/strong>, il offre une sensation de l\u00e9g\u00e8ret\u00e9 et de fluidit\u00e9 sur la peau, id\u00e9ale aussi bien pour les <strong data-start=\"797\" data-end=\"820\">comp\u00e9titions d\u2019ultra-trail<\/strong> que pour une utilisation plus d\u00e9contract\u00e9e. Le tissu technique assure une bonne ventilation lors des moments les plus chauds tout en offrant une bonne protection lorsque la temp\u00e9rature baisse. L&#8217;<strong data-start=\"980\" data-end=\"1012\">impression par sublimation int\u00e9grale<\/strong> garantit un graphisme r\u00e9sistant dans le temps. Avec un poids d&#8217;environ <strong data-start=\"1079\" data-end=\"1092\">95 grammes<\/strong>, c&#8217;est un v\u00eatement pratique et performant. Composition : <strong data-start=\"1141\" data-end=\"1160\">100 % polyester<\/strong>, enti\u00e8rement recyclable.<\/p>\n","protected":false},"excerpt":{"rendered":"<ul>\n<li data-section-id=\"12luz3e\" data-start=\"1413\" data-end=\"1485\"><strong data-start=\"1415\" data-end=\"1458\">Tissu Micromesh l\u00e9ger et respirant<\/strong> pour plus de confort et de fra\u00eecheur<\/li>\n<li data-section-id=\"1eiup6h\" data-start=\"1486\" data-end=\"1566\"><strong data-start=\"1488\" data-end=\"1528\">Design inspir\u00e9 de l&#8217;Aiguille du Midi<\/strong> avec des couleurs vives et reconnaissables<\/li>\n<li data-section-id=\"1uknhqx\" data-start=\"1567\" data-end=\"1641\" data-is-last-node=\"\"><strong data-start=\"1569\" data-end=\"1609\">Polyvalent pour le sport et le quotidien<\/strong> avec un imprim\u00e9 r\u00e9sistant au temps<\/li>\n<\/ul>\n","protected":false},"featured_media":434930,"template":"","meta":{"_acf_changed":false,"inline_featured_image":false},"product_brand":[],"product_cat":[22604,22596],"product_tag":[23528,23568],"class_list":{"0":"post-434903","1":"product","2":"type-product","3":"status-publish","4":"has-post-thumbnail","6":"product_cat-t-shirt","7":"product_cat-vetements-pour-femmes","8":"product_tag-wild-tee-fr","9":"product_tag-wild-tee-femme","10":"pa_attivita-fitness-fr","11":"pa_attivita-marcher","12":"pa_attivita-running-fr","13":"pa_attivita-trail-fr","14":"pa_marca-wild-tee-fr","15":"pa_sesso-femme","16":"pa_size-small-fr","17":"pa_size-medium-fr","18":"pa_size-large-fr","20":"first","21":"instock","22":"sale","23":"taxable","24":"shipping-taxable","25":"purchasable","26":"product-type-variable","27":"wvs-archive-product-wrapper"},"acf":[],"yoast_head":"<!-- This site is optimized with the Yoast SEO plugin v26.8 - https:\/\/yoast.com\/product\/yoast-seo-wordpress\/ -->\n<title>Wild Tee Aiguille du Midi tech t-shirt femme - T-shirt de course \u00e0 pied - MioMioRun<\/title>\n<meta name=\"description\" content=\"Technique, l\u00e9g\u00e8re et respirante, inspir\u00e9e de l&#039;Aiguille du Midi, con\u00e7ue pour offrir confort, polyvalence et style unique, tant pour le trail que pour les loisirs\" \/>\n<meta name=\"robots\" content=\"index, follow, max-snippet:-1, max-image-preview:large, max-video-preview:-1\" \/>\n<link rel=\"canonical\" href=\"https:\/\/www.miomiorun.com\/fr\/produit\/aiguille-du-midi-tech-t-shirt-femme\/\" \/>\n<meta property=\"og:locale\" content=\"fr_FR\" \/>\n<meta property=\"og:type\" content=\"article\" \/>\n<meta property=\"og:title\" content=\"Wild Tee Aiguille du Midi tech t-shirt femme - T-shirt de course \u00e0 pied - MioMioRun\" \/>\n<meta property=\"og:description\" content=\"Technique, l\u00e9g\u00e8re et respirante, inspir\u00e9e de l&#039;Aiguille du Midi, con\u00e7ue pour offrir confort, polyvalence et style unique, tant pour le trail que pour les loisirs\" \/>\n<meta property=\"og:url\" content=\"https:\/\/www.miomiorun.com\/fr\/produit\/aiguille-du-midi-tech-t-shirt-femme\/\" \/>\n<meta property=\"og:site_name\" content=\"MioMioRun\" \/>\n<meta property=\"article:publisher\" content=\"https:\/\/www.facebook.com\/miomiorun\/\" \/>\n<meta property=\"article:modified_time\" content=\"2026-05-09T13:58:12+00:00\" \/>\n<meta property=\"og:image\" content=\"https:\/\/www.miomiorun.com\/app\/uploads\/2026\/04\/WildTee-AIGUILLE-DU-MIDI-W-TECH-T-SHIRT-WT002WT83.webp\" \/>\n\t<meta property=\"og:image:width\" content=\"720\" \/>\n\t<meta property=\"og:image:height\" content=\"720\" \/>\n\t<meta property=\"og:image:type\" content=\"image\/webp\" \/>\n<meta name=\"twitter:card\" content=\"summary_large_image\" \/>\n<meta name=\"twitter:label1\" content=\"Est. reading time\" \/>\n\t<meta name=\"twitter:data1\" content=\"1 minute\" \/>\n<script type=\"application\/ld+json\" class=\"yoast-schema-graph\">{\"@context\":\"https:\/\/schema.org\",\"@graph\":[{\"@type\":\"WebPage\",\"@id\":\"https:\/\/www.miomiorun.com\/fr\/produit\/aiguille-du-midi-tech-t-shirt-femme\/\",\"url\":\"https:\/\/www.miomiorun.com\/fr\/produit\/aiguille-du-midi-tech-t-shirt-femme\/\",\"name\":\"Wild Tee Aiguille du Midi tech t-shirt femme - T-shirt de course \u00e0 pied - MioMioRun\",\"isPartOf\":{\"@id\":\"https:\/\/www.miomiorun.com\/fr\/#website\"},\"primaryImageOfPage\":{\"@id\":\"https:\/\/www.miomiorun.com\/fr\/produit\/aiguille-du-midi-tech-t-shirt-femme\/#primaryimage\"},\"image\":{\"@id\":\"https:\/\/www.miomiorun.com\/fr\/produit\/aiguille-du-midi-tech-t-shirt-femme\/#primaryimage\"},\"thumbnailUrl\":\"https:\/\/www.miomiorun.com\/app\/uploads\/2026\/04\/WildTee-AIGUILLE-DU-MIDI-W-TECH-T-SHIRT-WT002WT83.webp\",\"datePublished\":\"2026-04-22T09:23:30+00:00\",\"dateModified\":\"2026-05-09T13:58:12+00:00\",\"description\":\"Technique, l\u00e9g\u00e8re et respirante, inspir\u00e9e de l'Aiguille du Midi, con\u00e7ue pour offrir confort, polyvalence et style unique, tant pour le trail que pour les loisirs\",\"breadcrumb\":{\"@id\":\"https:\/\/www.miomiorun.com\/fr\/produit\/aiguille-du-midi-tech-t-shirt-femme\/#breadcrumb\"},\"inLanguage\":\"fr-FR\",\"potentialAction\":[{\"@type\":\"ReadAction\",\"target\":[\"https:\/\/www.miomiorun.com\/fr\/produit\/aiguille-du-midi-tech-t-shirt-femme\/\"]}]},{\"@type\":\"ImageObject\",\"inLanguage\":\"fr-FR\",\"@id\":\"https:\/\/www.miomiorun.com\/fr\/produit\/aiguille-du-midi-tech-t-shirt-femme\/#primaryimage\",\"url\":\"https:\/\/www.miomiorun.com\/app\/uploads\/2026\/04\/WildTee-AIGUILLE-DU-MIDI-W-TECH-T-SHIRT-WT002WT83.webp\",\"contentUrl\":\"https:\/\/www.miomiorun.com\/app\/uploads\/2026\/04\/WildTee-AIGUILLE-DU-MIDI-W-TECH-T-SHIRT-WT002WT83.webp\",\"width\":720,\"height\":720,\"caption\":\"WildTee AIGUILLE DU MIDI W TECH T-SHIRT WT002WT83\"},{\"@type\":\"BreadcrumbList\",\"@id\":\"https:\/\/www.miomiorun.com\/fr\/produit\/aiguille-du-midi-tech-t-shirt-femme\/#breadcrumb\",\"itemListElement\":[{\"@type\":\"ListItem\",\"position\":1,\"name\":\"Home\",\"item\":\"https:\/\/www.miomiorun.com\/fr\/home-page\/\"},{\"@type\":\"ListItem\",\"position\":2,\"name\":\"Shop\",\"item\":\"https:\/\/www.miomiorun.com\/shop\/\"},{\"@type\":\"ListItem\",\"position\":3,\"name\":\"Aiguille du Midi tech t-shirt femme\"}]},{\"@type\":\"WebSite\",\"@id\":\"https:\/\/www.miomiorun.com\/fr\/#website\",\"url\":\"https:\/\/www.miomiorun.com\/fr\/\",\"name\":\"MioMioRun\",\"description\":\"Boutique 100% running et trail\",\"publisher\":{\"@id\":\"https:\/\/www.miomiorun.com\/fr\/#organization\"},\"potentialAction\":[{\"@type\":\"SearchAction\",\"target\":{\"@type\":\"EntryPoint\",\"urlTemplate\":\"https:\/\/www.miomiorun.com\/fr\/?s={search_term_string}\"},\"query-input\":{\"@type\":\"PropertyValueSpecification\",\"valueRequired\":true,\"valueName\":\"search_term_string\"}}],\"inLanguage\":\"fr-FR\"},{\"@type\":\"Organization\",\"@id\":\"https:\/\/www.miomiorun.com\/fr\/#organization\",\"name\":\"MioMio Run\",\"url\":\"https:\/\/www.miomiorun.com\/fr\/\",\"logo\":{\"@type\":\"ImageObject\",\"inLanguage\":\"fr-FR\",\"@id\":\"https:\/\/www.miomiorun.com\/fr\/#\/schema\/logo\/image\/\",\"url\":\"https:\/\/www.miomiorun.com\/app\/uploads\/2019\/12\/logomio.png\",\"contentUrl\":\"https:\/\/www.miomiorun.com\/app\/uploads\/2019\/12\/logomio.png\",\"width\":115,\"height\":82,\"caption\":\"MioMio Run\"},\"image\":{\"@id\":\"https:\/\/www.miomiorun.com\/fr\/#\/schema\/logo\/image\/\"},\"sameAs\":[\"https:\/\/www.facebook.com\/miomiorun\/\",\"https:\/\/www.instagram.com\/miomiorun\/\"]}]}<\/script>\n<!-- \/ Yoast SEO plugin. -->","yoast_head_json":{"title":"Wild Tee Aiguille du Midi tech t-shirt femme - T-shirt de course \u00e0 pied - MioMioRun","description":"Technique, l\u00e9g\u00e8re et respirante, inspir\u00e9e de l'Aiguille du Midi, con\u00e7ue pour offrir confort, polyvalence et style unique, tant pour le trail que pour les loisirs","robots":{"index":"index","follow":"follow","max-snippet":"max-snippet:-1","max-image-preview":"max-image-preview:large","max-video-preview":"max-video-preview:-1"},"canonical":"https:\/\/www.miomiorun.com\/fr\/produit\/aiguille-du-midi-tech-t-shirt-femme\/","og_locale":"fr_FR","og_type":"article","og_title":"Wild Tee Aiguille du Midi tech t-shirt femme - T-shirt de course \u00e0 pied - MioMioRun","og_description":"Technique, l\u00e9g\u00e8re et respirante, inspir\u00e9e de l'Aiguille du Midi, con\u00e7ue pour offrir confort, polyvalence et style unique, tant pour le trail que pour les loisirs","og_url":"https:\/\/www.miomiorun.com\/fr\/produit\/aiguille-du-midi-tech-t-shirt-femme\/","og_site_name":"MioMioRun","article_publisher":"https:\/\/www.facebook.com\/miomiorun\/","article_modified_time":"2026-05-09T13:58:12+00:00","og_image":[{"width":720,"height":720,"url":"https:\/\/www.miomiorun.com\/app\/uploads\/2026\/04\/WildTee-AIGUILLE-DU-MIDI-W-TECH-T-SHIRT-WT002WT83.webp","type":"image\/webp"}],"twitter_card":"summary_large_image","twitter_misc":{"Est. reading time":"1 minute"},"schema":{"@context":"https:\/\/schema.org","@graph":[{"@type":"WebPage","@id":"https:\/\/www.miomiorun.com\/fr\/produit\/aiguille-du-midi-tech-t-shirt-femme\/","url":"https:\/\/www.miomiorun.com\/fr\/produit\/aiguille-du-midi-tech-t-shirt-femme\/","name":"Wild Tee Aiguille du Midi tech t-shirt femme - T-shirt de course \u00e0 pied - MioMioRun","isPartOf":{"@id":"https:\/\/www.miomiorun.com\/fr\/#website"},"primaryImageOfPage":{"@id":"https:\/\/www.miomiorun.com\/fr\/produit\/aiguille-du-midi-tech-t-shirt-femme\/#primaryimage"},"image":{"@id":"https:\/\/www.miomiorun.com\/fr\/produit\/aiguille-du-midi-tech-t-shirt-femme\/#primaryimage"},"thumbnailUrl":"https:\/\/www.miomiorun.com\/app\/uploads\/2026\/04\/WildTee-AIGUILLE-DU-MIDI-W-TECH-T-SHIRT-WT002WT83.webp","datePublished":"2026-04-22T09:23:30+00:00","dateModified":"2026-05-09T13:58:12+00:00","description":"Technique, l\u00e9g\u00e8re et respirante, inspir\u00e9e de l'Aiguille du Midi, con\u00e7ue pour offrir confort, polyvalence et style unique, tant pour le trail que pour les loisirs","breadcrumb":{"@id":"https:\/\/www.miomiorun.com\/fr\/produit\/aiguille-du-midi-tech-t-shirt-femme\/#breadcrumb"},"inLanguage":"fr-FR","potentialAction":[{"@type":"ReadAction","target":["https:\/\/www.miomiorun.com\/fr\/produit\/aiguille-du-midi-tech-t-shirt-femme\/"]}]},{"@type":"ImageObject","inLanguage":"fr-FR","@id":"https:\/\/www.miomiorun.com\/fr\/produit\/aiguille-du-midi-tech-t-shirt-femme\/#primaryimage","url":"https:\/\/www.miomiorun.com\/app\/uploads\/2026\/04\/WildTee-AIGUILLE-DU-MIDI-W-TECH-T-SHIRT-WT002WT83.webp","contentUrl":"https:\/\/www.miomiorun.com\/app\/uploads\/2026\/04\/WildTee-AIGUILLE-DU-MIDI-W-TECH-T-SHIRT-WT002WT83.webp","width":720,"height":720,"caption":"WildTee AIGUILLE DU MIDI W TECH T-SHIRT WT002WT83"},{"@type":"BreadcrumbList","@id":"https:\/\/www.miomiorun.com\/fr\/produit\/aiguille-du-midi-tech-t-shirt-femme\/#breadcrumb","itemListElement":[{"@type":"ListItem","position":1,"name":"Home","item":"https:\/\/www.miomiorun.com\/fr\/home-page\/"},{"@type":"ListItem","position":2,"name":"Shop","item":"https:\/\/www.miomiorun.com\/shop\/"},{"@type":"ListItem","position":3,"name":"Aiguille du Midi tech t-shirt femme"}]},{"@type":"WebSite","@id":"https:\/\/www.miomiorun.com\/fr\/#website","url":"https:\/\/www.miomiorun.com\/fr\/","name":"MioMioRun","description":"Boutique 100% running et trail","publisher":{"@id":"https:\/\/www.miomiorun.com\/fr\/#organization"},"potentialAction":[{"@type":"SearchAction","target":{"@type":"EntryPoint","urlTemplate":"https:\/\/www.miomiorun.com\/fr\/?s={search_term_string}"},"query-input":{"@type":"PropertyValueSpecification","valueRequired":true,"valueName":"search_term_string"}}],"inLanguage":"fr-FR"},{"@type":"Organization","@id":"https:\/\/www.miomiorun.com\/fr\/#organization","name":"MioMio Run","url":"https:\/\/www.miomiorun.com\/fr\/","logo":{"@type":"ImageObject","inLanguage":"fr-FR","@id":"https:\/\/www.miomiorun.com\/fr\/#\/schema\/logo\/image\/","url":"https:\/\/www.miomiorun.com\/app\/uploads\/2019\/12\/logomio.png","contentUrl":"https:\/\/www.miomiorun.com\/app\/uploads\/2019\/12\/logomio.png","width":115,"height":82,"caption":"MioMio Run"},"image":{"@id":"https:\/\/www.miomiorun.com\/fr\/#\/schema\/logo\/image\/"},"sameAs":["https:\/\/www.facebook.com\/miomiorun\/","https:\/\/www.instagram.com\/miomiorun\/"]}]}},"_links":{"self":[{"href":"https:\/\/www.miomiorun.com\/fr\/wp-json\/wp\/v2\/product\/434903","targetHints":{"allow":["GET"]}}],"collection":[{"href":"https:\/\/www.miomiorun.com\/fr\/wp-json\/wp\/v2\/product"}],"about":[{"href":"https:\/\/www.miomiorun.com\/fr\/wp-json\/wp\/v2\/types\/product"}],"wp:featuredmedia":[{"embeddable":true,"href":"https:\/\/www.miomiorun.com\/fr\/wp-json\/wp\/v2\/media\/434930"}],"wp:attachment":[{"href":"https:\/\/www.miomiorun.com\/fr\/wp-json\/wp\/v2\/media?parent=434903"}],"wp:term":[{"taxonomy":"product_brand","embeddable":true,"href":"https:\/\/www.miomiorun.com\/fr\/wp-json\/wp\/v2\/product_brand?post=434903"},{"taxonomy":"product_cat","embeddable":true,"href":"https:\/\/www.miomiorun.com\/fr\/wp-json\/wp\/v2\/product_cat?post=434903"},{"taxonomy":"product_tag","embeddable":true,"href":"https:\/\/www.miomiorun.com\/fr\/wp-json\/wp\/v2\/product_tag?post=434903"}],"curies":[{"name":"wp","href":"https:\/\/api.w.org\/{rel}","templated":true}]}}