{"id":434886,"date":"2026-04-22T11:21:25","date_gmt":"2026-04-22T09:21:25","guid":{"rendered":"https:\/\/www.miomiorun.com\/?post_type=product&#038;p=434886"},"modified":"2026-05-09T15:57:10","modified_gmt":"2026-05-09T13:57:10","slug":"color-block-orange-manches-longues-homme","status":"publish","type":"product","link":"https:\/\/www.miomiorun.com\/fr\/produit\/color-block-orange-manches-longues-homme\/","title":{"rendered":"Color Block Orange manches longues homme"},"content":{"rendered":"<p data-start=\"0\" data-end=\"396\">Ce maillot technique \u00e0 manches longues associe <strong data-start=\"75\" data-end=\"102\">des couleurs intenses et vives<\/strong> dans un design dynamique compos\u00e9 de <strong data-start=\"134\" data-end=\"174\">blocs et de rayures orange et grises<\/strong>, con\u00e7u pour exprimer \u00e9nergie et caract\u00e8re. Le d\u00e9tail <strong data-start=\"232\" data-end=\"273\">\u00ab The Wild Side \u00bb sur la manche gauche<\/strong> \u00e9voque un esprit libre et authentique, id\u00e9al pour ceux qui veulent se d\u00e9marquer aussi bien \u00e0 l&#8217;entra\u00eenement que pendant leurs loisirs.<\/p>\n<p data-start=\"398\" data-end=\"438\">La structure est con\u00e7ue pour garantir :<\/p>\n<ul data-start=\"439\" data-end=\"595\">\n<li data-section-id=\"vsh0rr\" data-start=\"439\" data-end=\"499\"><strong data-start=\"441\" data-end=\"461\">Un confort constant<\/strong> gr\u00e2ce \u00e0 un tissu doux et l\u00e9ger<\/li>\n<li data-section-id=\"1c1bcwe\" data-start=\"500\" data-end=\"549\"><strong data-start=\"502\" data-end=\"528\">Une respirabilit\u00e9 maximale<\/strong> pendant l\u2019activit\u00e9<\/li>\n<li data-section-id=\"1azd61f\" data-start=\"550\" data-end=\"595\"><strong data-start=\"552\" data-end=\"573\">Une polyvalence d\u2019utilisation<\/strong> entre sport et plein air<\/li>\n<\/ul>\n<p data-start=\"597\" data-end=\"977\">Fabriqu\u00e9 en <strong data-start=\"611\" data-end=\"646\">tissu Gotex doux comme de la soie<\/strong>, il offre une sensation de fluidit\u00e9 sur la peau et convient aussi bien aux <strong data-start=\"708\" data-end=\"729\">entra\u00eenements intensifs sur piste<\/strong> qu&#8217;aux sorties plus d\u00e9tendues, comme une course en for\u00eat. L&#8217;<strong data-start=\"788\" data-end=\"820\">impression par sublimation int\u00e9grale<\/strong> garantit des couleurs durables dans le temps, sans d\u00e9t\u00e9rioration ni d\u00e9coloration. Avec un poids d&#8217;environ <strong data-start=\"911\" data-end=\"925\">125 grammes<\/strong>, c&#8217;est un v\u00eatement l\u00e9ger et performant pour toutes les saisons.<\/p>\n","protected":false},"excerpt":{"rendered":"<ul>\n<li data-section-id=\"1uesoxm\" data-start=\"1201\" data-end=\"1269\"><strong data-start=\"1203\" data-end=\"1238\">Tissu Gotex souple et l\u00e9ger<\/strong> pour plus de confort et de respirabilit\u00e9<\/li>\n<li data-section-id=\"16ykr5f\" data-start=\"1270\" data-end=\"1338\"><strong data-start=\"1272\" data-end=\"1316\">Design dynamique avec l&#8217;imprim\u00e9 \u00ab The Wild Side \u00bb<\/strong> pour un style unique<\/li>\n<li data-section-id=\"jlx3oi\" data-start=\"1339\" data-end=\"1401\" data-is-last-node=\"\"><strong data-start=\"1341\" data-end=\"1369\">Adapt\u00e9 \u00e0 la piste et aux activit\u00e9s de plein air<\/strong> avec un imprim\u00e9 r\u00e9sistant dans le temps<\/li>\n<\/ul>\n","protected":false},"featured_media":435090,"template":"","meta":{"_acf_changed":false,"inline_featured_image":false},"product_brand":[],"product_cat":[24478,24482,24484],"product_tag":[23528,23567],"class_list":{"0":"post-434886","1":"product","2":"type-product","3":"status-publish","4":"has-post-thumbnail","6":"product_cat-maillots-fr-2","7":"product_cat-vetements-pour-hommes-fr","8":"product_cat-homme","9":"product_tag-wild-tee-fr","10":"product_tag-wild-tee-homme","11":"pa_attivita-lifestyle-fr","12":"pa_attivita-marcher","13":"pa_attivita-outdoor-fr","14":"pa_attivita-trail-fr","15":"pa_marca-wild-tee-fr","16":"pa_sesso-homme","17":"pa_size-small-fr","18":"pa_size-medium-fr","19":"pa_size-large-fr","20":"pa_size-extra-large-fr","22":"first","23":"instock","24":"sale","25":"taxable","26":"shipping-taxable","27":"purchasable","28":"product-type-variable","29":"wvs-archive-product-wrapper"},"acf":[],"yoast_head":"<!-- This site is optimized with the Yoast SEO plugin v26.8 - https:\/\/yoast.com\/product\/yoast-seo-wordpress\/ -->\n<title>Wild Tee Color Block Orange manches longues homme - T-shirt de course \u00e0 pied - MioMioRun.com<\/title>\n<meta name=\"description\" content=\"Maillot technique \u00e0 manches longues, l\u00e9ger et respirant, con\u00e7u pour offrir confort, polyvalence et style unique lors des entra\u00eenements et des activit\u00e9s en plein air\" \/>\n<meta name=\"robots\" content=\"index, follow, max-snippet:-1, max-image-preview:large, max-video-preview:-1\" \/>\n<link rel=\"canonical\" href=\"https:\/\/www.miomiorun.com\/fr\/produit\/color-block-orange-manches-longues-homme\/\" \/>\n<meta property=\"og:locale\" content=\"fr_FR\" \/>\n<meta property=\"og:type\" content=\"article\" \/>\n<meta property=\"og:title\" content=\"Wild Tee Color Block Orange manches longues homme - T-shirt de course \u00e0 pied - MioMioRun.com\" \/>\n<meta property=\"og:description\" content=\"Maillot technique \u00e0 manches longues, l\u00e9ger et respirant, con\u00e7u pour offrir confort, polyvalence et style unique lors des entra\u00eenements et des activit\u00e9s en plein air\" \/>\n<meta property=\"og:url\" content=\"https:\/\/www.miomiorun.com\/fr\/produit\/color-block-orange-manches-longues-homme\/\" \/>\n<meta property=\"og:site_name\" content=\"MioMioRun\" \/>\n<meta property=\"article:publisher\" content=\"https:\/\/www.facebook.com\/miomiorun\/\" \/>\n<meta property=\"article:modified_time\" content=\"2026-05-09T13:57:10+00:00\" \/>\n<meta property=\"og:image\" content=\"https:\/\/www.miomiorun.com\/app\/uploads\/2026\/04\/WildTee-Longsleeve-M-color-block-orange-WT06WT102.webp\" \/>\n\t<meta property=\"og:image:width\" content=\"720\" \/>\n\t<meta property=\"og:image:height\" content=\"720\" \/>\n\t<meta property=\"og:image:type\" content=\"image\/webp\" \/>\n<meta name=\"twitter:card\" content=\"summary_large_image\" \/>\n<meta name=\"twitter:label1\" content=\"Est. reading time\" \/>\n\t<meta name=\"twitter:data1\" content=\"1 minute\" \/>\n<script type=\"application\/ld+json\" class=\"yoast-schema-graph\">{\"@context\":\"https:\/\/schema.org\",\"@graph\":[{\"@type\":\"WebPage\",\"@id\":\"https:\/\/www.miomiorun.com\/fr\/produit\/color-block-orange-manches-longues-homme\/\",\"url\":\"https:\/\/www.miomiorun.com\/fr\/produit\/color-block-orange-manches-longues-homme\/\",\"name\":\"Wild Tee Color Block Orange manches longues homme - T-shirt de course \u00e0 pied - MioMioRun.com\",\"isPartOf\":{\"@id\":\"https:\/\/www.miomiorun.com\/fr\/#website\"},\"primaryImageOfPage\":{\"@id\":\"https:\/\/www.miomiorun.com\/fr\/produit\/color-block-orange-manches-longues-homme\/#primaryimage\"},\"image\":{\"@id\":\"https:\/\/www.miomiorun.com\/fr\/produit\/color-block-orange-manches-longues-homme\/#primaryimage\"},\"thumbnailUrl\":\"https:\/\/www.miomiorun.com\/app\/uploads\/2026\/04\/WildTee-Longsleeve-M-color-block-orange-WT06WT102.webp\",\"datePublished\":\"2026-04-22T09:21:25+00:00\",\"dateModified\":\"2026-05-09T13:57:10+00:00\",\"description\":\"Maillot technique \u00e0 manches longues, l\u00e9ger et respirant, con\u00e7u pour offrir confort, polyvalence et style unique lors des entra\u00eenements et des activit\u00e9s en plein air\",\"breadcrumb\":{\"@id\":\"https:\/\/www.miomiorun.com\/fr\/produit\/color-block-orange-manches-longues-homme\/#breadcrumb\"},\"inLanguage\":\"fr-FR\",\"potentialAction\":[{\"@type\":\"ReadAction\",\"target\":[\"https:\/\/www.miomiorun.com\/fr\/produit\/color-block-orange-manches-longues-homme\/\"]}]},{\"@type\":\"ImageObject\",\"inLanguage\":\"fr-FR\",\"@id\":\"https:\/\/www.miomiorun.com\/fr\/produit\/color-block-orange-manches-longues-homme\/#primaryimage\",\"url\":\"https:\/\/www.miomiorun.com\/app\/uploads\/2026\/04\/WildTee-Longsleeve-M-color-block-orange-WT06WT102.webp\",\"contentUrl\":\"https:\/\/www.miomiorun.com\/app\/uploads\/2026\/04\/WildTee-Longsleeve-M-color-block-orange-WT06WT102.webp\",\"width\":720,\"height\":720,\"caption\":\"WildTee Longsleeve M color block orange WT06WT102\"},{\"@type\":\"BreadcrumbList\",\"@id\":\"https:\/\/www.miomiorun.com\/fr\/produit\/color-block-orange-manches-longues-homme\/#breadcrumb\",\"itemListElement\":[{\"@type\":\"ListItem\",\"position\":1,\"name\":\"Home\",\"item\":\"https:\/\/www.miomiorun.com\/fr\/home-page\/\"},{\"@type\":\"ListItem\",\"position\":2,\"name\":\"Shop\",\"item\":\"https:\/\/www.miomiorun.com\/shop\/\"},{\"@type\":\"ListItem\",\"position\":3,\"name\":\"Color Block Orange manches longues homme\"}]},{\"@type\":\"WebSite\",\"@id\":\"https:\/\/www.miomiorun.com\/fr\/#website\",\"url\":\"https:\/\/www.miomiorun.com\/fr\/\",\"name\":\"MioMioRun\",\"description\":\"Boutique 100% running et trail\",\"publisher\":{\"@id\":\"https:\/\/www.miomiorun.com\/fr\/#organization\"},\"potentialAction\":[{\"@type\":\"SearchAction\",\"target\":{\"@type\":\"EntryPoint\",\"urlTemplate\":\"https:\/\/www.miomiorun.com\/fr\/?s={search_term_string}\"},\"query-input\":{\"@type\":\"PropertyValueSpecification\",\"valueRequired\":true,\"valueName\":\"search_term_string\"}}],\"inLanguage\":\"fr-FR\"},{\"@type\":\"Organization\",\"@id\":\"https:\/\/www.miomiorun.com\/fr\/#organization\",\"name\":\"MioMio Run\",\"url\":\"https:\/\/www.miomiorun.com\/fr\/\",\"logo\":{\"@type\":\"ImageObject\",\"inLanguage\":\"fr-FR\",\"@id\":\"https:\/\/www.miomiorun.com\/fr\/#\/schema\/logo\/image\/\",\"url\":\"https:\/\/www.miomiorun.com\/app\/uploads\/2019\/12\/logomio.png\",\"contentUrl\":\"https:\/\/www.miomiorun.com\/app\/uploads\/2019\/12\/logomio.png\",\"width\":115,\"height\":82,\"caption\":\"MioMio Run\"},\"image\":{\"@id\":\"https:\/\/www.miomiorun.com\/fr\/#\/schema\/logo\/image\/\"},\"sameAs\":[\"https:\/\/www.facebook.com\/miomiorun\/\",\"https:\/\/www.instagram.com\/miomiorun\/\"]}]}<\/script>\n<!-- \/ Yoast SEO plugin. -->","yoast_head_json":{"title":"Wild Tee Color Block Orange manches longues homme - T-shirt de course \u00e0 pied - MioMioRun.com","description":"Maillot technique \u00e0 manches longues, l\u00e9ger et respirant, con\u00e7u pour offrir confort, polyvalence et style unique lors des entra\u00eenements et des activit\u00e9s en plein air","robots":{"index":"index","follow":"follow","max-snippet":"max-snippet:-1","max-image-preview":"max-image-preview:large","max-video-preview":"max-video-preview:-1"},"canonical":"https:\/\/www.miomiorun.com\/fr\/produit\/color-block-orange-manches-longues-homme\/","og_locale":"fr_FR","og_type":"article","og_title":"Wild Tee Color Block Orange manches longues homme - T-shirt de course \u00e0 pied - MioMioRun.com","og_description":"Maillot technique \u00e0 manches longues, l\u00e9ger et respirant, con\u00e7u pour offrir confort, polyvalence et style unique lors des entra\u00eenements et des activit\u00e9s en plein air","og_url":"https:\/\/www.miomiorun.com\/fr\/produit\/color-block-orange-manches-longues-homme\/","og_site_name":"MioMioRun","article_publisher":"https:\/\/www.facebook.com\/miomiorun\/","article_modified_time":"2026-05-09T13:57:10+00:00","og_image":[{"width":720,"height":720,"url":"https:\/\/www.miomiorun.com\/app\/uploads\/2026\/04\/WildTee-Longsleeve-M-color-block-orange-WT06WT102.webp","type":"image\/webp"}],"twitter_card":"summary_large_image","twitter_misc":{"Est. reading time":"1 minute"},"schema":{"@context":"https:\/\/schema.org","@graph":[{"@type":"WebPage","@id":"https:\/\/www.miomiorun.com\/fr\/produit\/color-block-orange-manches-longues-homme\/","url":"https:\/\/www.miomiorun.com\/fr\/produit\/color-block-orange-manches-longues-homme\/","name":"Wild Tee Color Block Orange manches longues homme - T-shirt de course \u00e0 pied - MioMioRun.com","isPartOf":{"@id":"https:\/\/www.miomiorun.com\/fr\/#website"},"primaryImageOfPage":{"@id":"https:\/\/www.miomiorun.com\/fr\/produit\/color-block-orange-manches-longues-homme\/#primaryimage"},"image":{"@id":"https:\/\/www.miomiorun.com\/fr\/produit\/color-block-orange-manches-longues-homme\/#primaryimage"},"thumbnailUrl":"https:\/\/www.miomiorun.com\/app\/uploads\/2026\/04\/WildTee-Longsleeve-M-color-block-orange-WT06WT102.webp","datePublished":"2026-04-22T09:21:25+00:00","dateModified":"2026-05-09T13:57:10+00:00","description":"Maillot technique \u00e0 manches longues, l\u00e9ger et respirant, con\u00e7u pour offrir confort, polyvalence et style unique lors des entra\u00eenements et des activit\u00e9s en plein air","breadcrumb":{"@id":"https:\/\/www.miomiorun.com\/fr\/produit\/color-block-orange-manches-longues-homme\/#breadcrumb"},"inLanguage":"fr-FR","potentialAction":[{"@type":"ReadAction","target":["https:\/\/www.miomiorun.com\/fr\/produit\/color-block-orange-manches-longues-homme\/"]}]},{"@type":"ImageObject","inLanguage":"fr-FR","@id":"https:\/\/www.miomiorun.com\/fr\/produit\/color-block-orange-manches-longues-homme\/#primaryimage","url":"https:\/\/www.miomiorun.com\/app\/uploads\/2026\/04\/WildTee-Longsleeve-M-color-block-orange-WT06WT102.webp","contentUrl":"https:\/\/www.miomiorun.com\/app\/uploads\/2026\/04\/WildTee-Longsleeve-M-color-block-orange-WT06WT102.webp","width":720,"height":720,"caption":"WildTee Longsleeve M color block orange WT06WT102"},{"@type":"BreadcrumbList","@id":"https:\/\/www.miomiorun.com\/fr\/produit\/color-block-orange-manches-longues-homme\/#breadcrumb","itemListElement":[{"@type":"ListItem","position":1,"name":"Home","item":"https:\/\/www.miomiorun.com\/fr\/home-page\/"},{"@type":"ListItem","position":2,"name":"Shop","item":"https:\/\/www.miomiorun.com\/shop\/"},{"@type":"ListItem","position":3,"name":"Color Block Orange manches longues homme"}]},{"@type":"WebSite","@id":"https:\/\/www.miomiorun.com\/fr\/#website","url":"https:\/\/www.miomiorun.com\/fr\/","name":"MioMioRun","description":"Boutique 100% running et trail","publisher":{"@id":"https:\/\/www.miomiorun.com\/fr\/#organization"},"potentialAction":[{"@type":"SearchAction","target":{"@type":"EntryPoint","urlTemplate":"https:\/\/www.miomiorun.com\/fr\/?s={search_term_string}"},"query-input":{"@type":"PropertyValueSpecification","valueRequired":true,"valueName":"search_term_string"}}],"inLanguage":"fr-FR"},{"@type":"Organization","@id":"https:\/\/www.miomiorun.com\/fr\/#organization","name":"MioMio Run","url":"https:\/\/www.miomiorun.com\/fr\/","logo":{"@type":"ImageObject","inLanguage":"fr-FR","@id":"https:\/\/www.miomiorun.com\/fr\/#\/schema\/logo\/image\/","url":"https:\/\/www.miomiorun.com\/app\/uploads\/2019\/12\/logomio.png","contentUrl":"https:\/\/www.miomiorun.com\/app\/uploads\/2019\/12\/logomio.png","width":115,"height":82,"caption":"MioMio Run"},"image":{"@id":"https:\/\/www.miomiorun.com\/fr\/#\/schema\/logo\/image\/"},"sameAs":["https:\/\/www.facebook.com\/miomiorun\/","https:\/\/www.instagram.com\/miomiorun\/"]}]}},"_links":{"self":[{"href":"https:\/\/www.miomiorun.com\/fr\/wp-json\/wp\/v2\/product\/434886","targetHints":{"allow":["GET"]}}],"collection":[{"href":"https:\/\/www.miomiorun.com\/fr\/wp-json\/wp\/v2\/product"}],"about":[{"href":"https:\/\/www.miomiorun.com\/fr\/wp-json\/wp\/v2\/types\/product"}],"wp:featuredmedia":[{"embeddable":true,"href":"https:\/\/www.miomiorun.com\/fr\/wp-json\/wp\/v2\/media\/435090"}],"wp:attachment":[{"href":"https:\/\/www.miomiorun.com\/fr\/wp-json\/wp\/v2\/media?parent=434886"}],"wp:term":[{"taxonomy":"product_brand","embeddable":true,"href":"https:\/\/www.miomiorun.com\/fr\/wp-json\/wp\/v2\/product_brand?post=434886"},{"taxonomy":"product_cat","embeddable":true,"href":"https:\/\/www.miomiorun.com\/fr\/wp-json\/wp\/v2\/product_cat?post=434886"},{"taxonomy":"product_tag","embeddable":true,"href":"https:\/\/www.miomiorun.com\/fr\/wp-json\/wp\/v2\/product_tag?post=434886"}],"curies":[{"name":"wp","href":"https:\/\/api.w.org\/{rel}","templated":true}]}}