{"id":434751,"date":"2026-04-22T10:54:12","date_gmt":"2026-04-22T08:54:12","guid":{"rendered":"https:\/\/www.miomiorun.com\/?post_type=product&#038;p=434751"},"modified":"2026-05-08T12:02:38","modified_gmt":"2026-05-08T10:02:38","slug":"t-shirt-apocalypse-homme","status":"publish","type":"product","link":"https:\/\/www.miomiorun.com\/fr\/produit\/t-shirt-apocalypse-homme\/","title":{"rendered":"T-shirt apocalypse homme"},"content":{"rendered":"<p data-start=\"0\" data-end=\"389\">Ce t-shirt technique allie <strong data-start=\"58\" data-end=\"78\">un style distinctif<\/strong> et <strong data-start=\"81\" data-end=\"96\">la performance<\/strong>, et rejoint la collection Capsule Apocalypse Running Club dans une <strong data-start=\"153\" data-end=\"174\">teinte lilas<\/strong> affirm\u00e9e et reconnaissable. Le design, r\u00e9alis\u00e9 en collaboration avec <span class=\"hover:entity-accent entity-underline inline cursor-pointer align-baseline\"><span class=\"whitespace-normal\">Sebastiano Boni<\/span><\/span>, r\u00e9interpr\u00e8te l\u2019univers de la course \u00e0 pied dans une optique contemporaine, tout en conservant une identit\u00e9 forte entre la route et l\u2019entra\u00eenement.<\/p>\n<p data-start=\"391\" data-end=\"524\">Ce v\u00eatement pr\u00e9sente un <strong data-start=\"408\" data-end=\"446\">design unisexe avec une coupe pour homme<\/strong> (pour les femmes, il est conseill\u00e9 de choisir une taille en dessous) et est con\u00e7u pour garantir :<\/p>\n<ul data-start=\"525\" data-end=\"698\">\n<li data-section-id=\"4nc1bl\" data-start=\"525\" data-end=\"587\"><strong data-start=\"527\" data-end=\"566\">Une l\u00e9g\u00e8ret\u00e9 et une respirabilit\u00e9 maximales<\/strong> pendant l&#8217;activit\u00e9<\/li>\n<li data-section-id=\"nrqxh1\" data-start=\"588\" data-end=\"637\"><strong data-start=\"590\" data-end=\"610\">Un confort constant<\/strong> \u00e0 l&#8217;entra\u00eenement et en comp\u00e9tition<\/li>\n<li data-section-id=\"1omwavm\" data-start=\"638\" data-end=\"698\"><strong data-start=\"640\" data-end=\"665\">Une visibilit\u00e9 am\u00e9lior\u00e9e<\/strong> gr\u00e2ce \u00e0 des d\u00e9tails r\u00e9fl\u00e9chissants<\/li>\n<\/ul>\n<p data-start=\"700\" data-end=\"1218\">Fabriqu\u00e9 en <strong data-start=\"714\" data-end=\"760\">tissu italien recycl\u00e9 de haute qualit\u00e9<\/strong>, il est id\u00e9al pour les <strong data-start=\"775\" data-end=\"793\">courses urbaines<\/strong> et les entra\u00eenements en tout type de contexte. Le <strong data-start=\"834\" data-end=\"878\">logo Wild Tee \u00ab Metal \u00bb r\u00e9fl\u00e9chissant en 3M\u2122<\/strong> sur la poitrine offre une meilleure visibilit\u00e9 et ajoute du caract\u00e8re, m\u00eame dans des conditions de faible luminosit\u00e9. Avec un poids d\u2019environ <strong data-start=\"979\" data-end=\"992\">96 grammes<\/strong>, c\u2019est un v\u00eatement pratique et performant pour un usage quotidien. Le tissu est certifi\u00e9 <strong data-start=\"1073\" data-end=\"1086\">bluesign\u00ae<\/strong> et <strong data-start=\"1089\" data-end=\"1115\">Oeko-Tex\u00ae Standard 100<\/strong>, et est fabriqu\u00e9 dans l&#8217;Union europ\u00e9enne. Composition : <strong data-start=\"1165\" data-end=\"1217\">87 % polyester recycl\u00e9 et 13 % \u00e9lasthanne recycl\u00e9<\/strong>.<\/p>\n","protected":false},"excerpt":{"rendered":"<ul>\n<li data-section-id=\"1yztbf8\" data-start=\"1430\" data-end=\"1526\"><strong data-start=\"1432\" data-end=\"1501\">Collection capsule Apocalypse Running Club et d\u00e9tails r\u00e9fl\u00e9chissants 3M\u2122<\/strong> pour le style et la visibilit\u00e9<\/li>\n<li data-section-id=\"7biofk\" data-start=\"1527\" data-end=\"1600\"><strong data-start=\"1529\" data-end=\"1572\">Tissu recycl\u00e9 l\u00e9ger et respirant<\/strong> pour plus de confort et de performance<\/li>\n<li data-section-id=\"pc9rh0\" data-start=\"1601\" data-end=\"1671\" data-is-last-node=\"\"><strong data-start=\"1603\" data-end=\"1638\">Coupe unisexe avec une coupe masculine<\/strong> et une fabrication europ\u00e9enne certifi\u00e9e<\/li>\n<\/ul>\n","protected":false},"featured_media":434792,"template":"","meta":{"_acf_changed":false,"inline_featured_image":false},"product_brand":[],"product_cat":[24449,24482],"product_tag":[23528,23567],"class_list":{"0":"post-434751","1":"product","2":"type-product","3":"status-publish","4":"has-post-thumbnail","6":"product_cat-t-shirt-fr-3","7":"product_cat-vetements-pour-hommes-fr","8":"product_tag-wild-tee-fr","9":"product_tag-wild-tee-homme","10":"pa_attivita-marcher","11":"pa_attivita-running-fr","12":"pa_attivita-trail-fr","13":"pa_marca-wild-tee-fr","14":"pa_sesso-homme","15":"pa_size-small-fr","16":"pa_size-medium-fr","17":"pa_size-large-fr","18":"pa_size-extra-large-fr","20":"first","21":"instock","22":"sale","23":"taxable","24":"shipping-taxable","25":"purchasable","26":"product-type-variable","27":"wvs-archive-product-wrapper"},"acf":[],"yoast_head":"<!-- This site is optimized with the Yoast SEO plugin v26.8 - https:\/\/yoast.com\/product\/yoast-seo-wordpress\/ -->\n<title>Wild Tee T-shirt apocalypse homme - T-shirt de course \u00e0 pied - MioMioRun<\/title>\n<meta name=\"description\" content=\"T-shirt technique unisexe, l\u00e9ger et respirant, con\u00e7u pour allier style contemporain, confort et visibilit\u00e9 lors des entra\u00eenements et des courses en ville\" \/>\n<meta name=\"robots\" content=\"index, follow, max-snippet:-1, max-image-preview:large, max-video-preview:-1\" \/>\n<link rel=\"canonical\" href=\"https:\/\/www.miomiorun.com\/fr\/produit\/t-shirt-apocalypse-homme\/\" \/>\n<meta property=\"og:locale\" content=\"fr_FR\" \/>\n<meta property=\"og:type\" content=\"article\" \/>\n<meta property=\"og:title\" content=\"Wild Tee T-shirt apocalypse homme - T-shirt de course \u00e0 pied - MioMioRun\" \/>\n<meta property=\"og:description\" content=\"T-shirt technique unisexe, l\u00e9ger et respirant, con\u00e7u pour allier style contemporain, confort et visibilit\u00e9 lors des entra\u00eenements et des courses en ville\" \/>\n<meta property=\"og:url\" content=\"https:\/\/www.miomiorun.com\/fr\/produit\/t-shirt-apocalypse-homme\/\" \/>\n<meta property=\"og:site_name\" content=\"MioMioRun\" \/>\n<meta property=\"article:publisher\" content=\"https:\/\/www.facebook.com\/miomiorun\/\" \/>\n<meta property=\"article:modified_time\" content=\"2026-05-08T10:02:38+00:00\" \/>\n<meta property=\"og:image\" content=\"https:\/\/www.miomiorun.com\/app\/uploads\/2026\/04\/WildTee-T-shirt-M-apocalypse-WT009WT203.webp\" \/>\n\t<meta property=\"og:image:width\" content=\"720\" \/>\n\t<meta property=\"og:image:height\" content=\"720\" \/>\n\t<meta property=\"og:image:type\" content=\"image\/webp\" \/>\n<meta name=\"twitter:card\" content=\"summary_large_image\" \/>\n<meta name=\"twitter:label1\" content=\"Est. reading time\" \/>\n\t<meta name=\"twitter:data1\" content=\"1 minute\" \/>\n<script type=\"application\/ld+json\" class=\"yoast-schema-graph\">{\"@context\":\"https:\/\/schema.org\",\"@graph\":[{\"@type\":\"WebPage\",\"@id\":\"https:\/\/www.miomiorun.com\/fr\/produit\/t-shirt-apocalypse-homme\/\",\"url\":\"https:\/\/www.miomiorun.com\/fr\/produit\/t-shirt-apocalypse-homme\/\",\"name\":\"Wild Tee T-shirt apocalypse homme - T-shirt de course \u00e0 pied - MioMioRun\",\"isPartOf\":{\"@id\":\"https:\/\/www.miomiorun.com\/fr\/#website\"},\"primaryImageOfPage\":{\"@id\":\"https:\/\/www.miomiorun.com\/fr\/produit\/t-shirt-apocalypse-homme\/#primaryimage\"},\"image\":{\"@id\":\"https:\/\/www.miomiorun.com\/fr\/produit\/t-shirt-apocalypse-homme\/#primaryimage\"},\"thumbnailUrl\":\"https:\/\/www.miomiorun.com\/app\/uploads\/2026\/04\/WildTee-T-shirt-M-apocalypse-WT009WT203.webp\",\"datePublished\":\"2026-04-22T08:54:12+00:00\",\"dateModified\":\"2026-05-08T10:02:38+00:00\",\"description\":\"T-shirt technique unisexe, l\u00e9ger et respirant, con\u00e7u pour allier style contemporain, confort et visibilit\u00e9 lors des entra\u00eenements et des courses en ville\",\"breadcrumb\":{\"@id\":\"https:\/\/www.miomiorun.com\/fr\/produit\/t-shirt-apocalypse-homme\/#breadcrumb\"},\"inLanguage\":\"fr-FR\",\"potentialAction\":[{\"@type\":\"ReadAction\",\"target\":[\"https:\/\/www.miomiorun.com\/fr\/produit\/t-shirt-apocalypse-homme\/\"]}]},{\"@type\":\"ImageObject\",\"inLanguage\":\"fr-FR\",\"@id\":\"https:\/\/www.miomiorun.com\/fr\/produit\/t-shirt-apocalypse-homme\/#primaryimage\",\"url\":\"https:\/\/www.miomiorun.com\/app\/uploads\/2026\/04\/WildTee-T-shirt-M-apocalypse-WT009WT203.webp\",\"contentUrl\":\"https:\/\/www.miomiorun.com\/app\/uploads\/2026\/04\/WildTee-T-shirt-M-apocalypse-WT009WT203.webp\",\"width\":720,\"height\":720,\"caption\":\"WildTee T-shirt M apocalypse WT009WT203\"},{\"@type\":\"BreadcrumbList\",\"@id\":\"https:\/\/www.miomiorun.com\/fr\/produit\/t-shirt-apocalypse-homme\/#breadcrumb\",\"itemListElement\":[{\"@type\":\"ListItem\",\"position\":1,\"name\":\"Home\",\"item\":\"https:\/\/www.miomiorun.com\/fr\/home-page\/\"},{\"@type\":\"ListItem\",\"position\":2,\"name\":\"Shop\",\"item\":\"https:\/\/www.miomiorun.com\/shop\/\"},{\"@type\":\"ListItem\",\"position\":3,\"name\":\"T-shirt apocalypse homme\"}]},{\"@type\":\"WebSite\",\"@id\":\"https:\/\/www.miomiorun.com\/fr\/#website\",\"url\":\"https:\/\/www.miomiorun.com\/fr\/\",\"name\":\"MioMioRun\",\"description\":\"Boutique 100% running et trail\",\"publisher\":{\"@id\":\"https:\/\/www.miomiorun.com\/fr\/#organization\"},\"potentialAction\":[{\"@type\":\"SearchAction\",\"target\":{\"@type\":\"EntryPoint\",\"urlTemplate\":\"https:\/\/www.miomiorun.com\/fr\/?s={search_term_string}\"},\"query-input\":{\"@type\":\"PropertyValueSpecification\",\"valueRequired\":true,\"valueName\":\"search_term_string\"}}],\"inLanguage\":\"fr-FR\"},{\"@type\":\"Organization\",\"@id\":\"https:\/\/www.miomiorun.com\/fr\/#organization\",\"name\":\"MioMio Run\",\"url\":\"https:\/\/www.miomiorun.com\/fr\/\",\"logo\":{\"@type\":\"ImageObject\",\"inLanguage\":\"fr-FR\",\"@id\":\"https:\/\/www.miomiorun.com\/fr\/#\/schema\/logo\/image\/\",\"url\":\"https:\/\/www.miomiorun.com\/app\/uploads\/2019\/12\/logomio.png\",\"contentUrl\":\"https:\/\/www.miomiorun.com\/app\/uploads\/2019\/12\/logomio.png\",\"width\":115,\"height\":82,\"caption\":\"MioMio Run\"},\"image\":{\"@id\":\"https:\/\/www.miomiorun.com\/fr\/#\/schema\/logo\/image\/\"},\"sameAs\":[\"https:\/\/www.facebook.com\/miomiorun\/\",\"https:\/\/www.instagram.com\/miomiorun\/\"]}]}<\/script>\n<!-- \/ Yoast SEO plugin. -->","yoast_head_json":{"title":"Wild Tee T-shirt apocalypse homme - T-shirt de course \u00e0 pied - MioMioRun","description":"T-shirt technique unisexe, l\u00e9ger et respirant, con\u00e7u pour allier style contemporain, confort et visibilit\u00e9 lors des entra\u00eenements et des courses en ville","robots":{"index":"index","follow":"follow","max-snippet":"max-snippet:-1","max-image-preview":"max-image-preview:large","max-video-preview":"max-video-preview:-1"},"canonical":"https:\/\/www.miomiorun.com\/fr\/produit\/t-shirt-apocalypse-homme\/","og_locale":"fr_FR","og_type":"article","og_title":"Wild Tee T-shirt apocalypse homme - T-shirt de course \u00e0 pied - MioMioRun","og_description":"T-shirt technique unisexe, l\u00e9ger et respirant, con\u00e7u pour allier style contemporain, confort et visibilit\u00e9 lors des entra\u00eenements et des courses en ville","og_url":"https:\/\/www.miomiorun.com\/fr\/produit\/t-shirt-apocalypse-homme\/","og_site_name":"MioMioRun","article_publisher":"https:\/\/www.facebook.com\/miomiorun\/","article_modified_time":"2026-05-08T10:02:38+00:00","og_image":[{"width":720,"height":720,"url":"https:\/\/www.miomiorun.com\/app\/uploads\/2026\/04\/WildTee-T-shirt-M-apocalypse-WT009WT203.webp","type":"image\/webp"}],"twitter_card":"summary_large_image","twitter_misc":{"Est. reading time":"1 minute"},"schema":{"@context":"https:\/\/schema.org","@graph":[{"@type":"WebPage","@id":"https:\/\/www.miomiorun.com\/fr\/produit\/t-shirt-apocalypse-homme\/","url":"https:\/\/www.miomiorun.com\/fr\/produit\/t-shirt-apocalypse-homme\/","name":"Wild Tee T-shirt apocalypse homme - T-shirt de course \u00e0 pied - MioMioRun","isPartOf":{"@id":"https:\/\/www.miomiorun.com\/fr\/#website"},"primaryImageOfPage":{"@id":"https:\/\/www.miomiorun.com\/fr\/produit\/t-shirt-apocalypse-homme\/#primaryimage"},"image":{"@id":"https:\/\/www.miomiorun.com\/fr\/produit\/t-shirt-apocalypse-homme\/#primaryimage"},"thumbnailUrl":"https:\/\/www.miomiorun.com\/app\/uploads\/2026\/04\/WildTee-T-shirt-M-apocalypse-WT009WT203.webp","datePublished":"2026-04-22T08:54:12+00:00","dateModified":"2026-05-08T10:02:38+00:00","description":"T-shirt technique unisexe, l\u00e9ger et respirant, con\u00e7u pour allier style contemporain, confort et visibilit\u00e9 lors des entra\u00eenements et des courses en ville","breadcrumb":{"@id":"https:\/\/www.miomiorun.com\/fr\/produit\/t-shirt-apocalypse-homme\/#breadcrumb"},"inLanguage":"fr-FR","potentialAction":[{"@type":"ReadAction","target":["https:\/\/www.miomiorun.com\/fr\/produit\/t-shirt-apocalypse-homme\/"]}]},{"@type":"ImageObject","inLanguage":"fr-FR","@id":"https:\/\/www.miomiorun.com\/fr\/produit\/t-shirt-apocalypse-homme\/#primaryimage","url":"https:\/\/www.miomiorun.com\/app\/uploads\/2026\/04\/WildTee-T-shirt-M-apocalypse-WT009WT203.webp","contentUrl":"https:\/\/www.miomiorun.com\/app\/uploads\/2026\/04\/WildTee-T-shirt-M-apocalypse-WT009WT203.webp","width":720,"height":720,"caption":"WildTee T-shirt M apocalypse WT009WT203"},{"@type":"BreadcrumbList","@id":"https:\/\/www.miomiorun.com\/fr\/produit\/t-shirt-apocalypse-homme\/#breadcrumb","itemListElement":[{"@type":"ListItem","position":1,"name":"Home","item":"https:\/\/www.miomiorun.com\/fr\/home-page\/"},{"@type":"ListItem","position":2,"name":"Shop","item":"https:\/\/www.miomiorun.com\/shop\/"},{"@type":"ListItem","position":3,"name":"T-shirt apocalypse homme"}]},{"@type":"WebSite","@id":"https:\/\/www.miomiorun.com\/fr\/#website","url":"https:\/\/www.miomiorun.com\/fr\/","name":"MioMioRun","description":"Boutique 100% running et trail","publisher":{"@id":"https:\/\/www.miomiorun.com\/fr\/#organization"},"potentialAction":[{"@type":"SearchAction","target":{"@type":"EntryPoint","urlTemplate":"https:\/\/www.miomiorun.com\/fr\/?s={search_term_string}"},"query-input":{"@type":"PropertyValueSpecification","valueRequired":true,"valueName":"search_term_string"}}],"inLanguage":"fr-FR"},{"@type":"Organization","@id":"https:\/\/www.miomiorun.com\/fr\/#organization","name":"MioMio Run","url":"https:\/\/www.miomiorun.com\/fr\/","logo":{"@type":"ImageObject","inLanguage":"fr-FR","@id":"https:\/\/www.miomiorun.com\/fr\/#\/schema\/logo\/image\/","url":"https:\/\/www.miomiorun.com\/app\/uploads\/2019\/12\/logomio.png","contentUrl":"https:\/\/www.miomiorun.com\/app\/uploads\/2019\/12\/logomio.png","width":115,"height":82,"caption":"MioMio Run"},"image":{"@id":"https:\/\/www.miomiorun.com\/fr\/#\/schema\/logo\/image\/"},"sameAs":["https:\/\/www.facebook.com\/miomiorun\/","https:\/\/www.instagram.com\/miomiorun\/"]}]}},"_links":{"self":[{"href":"https:\/\/www.miomiorun.com\/fr\/wp-json\/wp\/v2\/product\/434751","targetHints":{"allow":["GET"]}}],"collection":[{"href":"https:\/\/www.miomiorun.com\/fr\/wp-json\/wp\/v2\/product"}],"about":[{"href":"https:\/\/www.miomiorun.com\/fr\/wp-json\/wp\/v2\/types\/product"}],"wp:featuredmedia":[{"embeddable":true,"href":"https:\/\/www.miomiorun.com\/fr\/wp-json\/wp\/v2\/media\/434792"}],"wp:attachment":[{"href":"https:\/\/www.miomiorun.com\/fr\/wp-json\/wp\/v2\/media?parent=434751"}],"wp:term":[{"taxonomy":"product_brand","embeddable":true,"href":"https:\/\/www.miomiorun.com\/fr\/wp-json\/wp\/v2\/product_brand?post=434751"},{"taxonomy":"product_cat","embeddable":true,"href":"https:\/\/www.miomiorun.com\/fr\/wp-json\/wp\/v2\/product_cat?post=434751"},{"taxonomy":"product_tag","embeddable":true,"href":"https:\/\/www.miomiorun.com\/fr\/wp-json\/wp\/v2\/product_tag?post=434751"}],"curies":[{"name":"wp","href":"https:\/\/api.w.org\/{rel}","templated":true}]}}