{"id":434693,"date":"2026-04-22T10:42:34","date_gmt":"2026-04-22T08:42:34","guid":{"rendered":"https:\/\/www.miomiorun.com\/?post_type=product&#038;p=434693"},"modified":"2026-05-08T12:02:40","modified_gmt":"2026-05-08T10:02:40","slug":"t-shirt-street-blazer-homme","status":"publish","type":"product","link":"https:\/\/www.miomiorun.com\/fr\/produit\/t-shirt-street-blazer-homme\/","title":{"rendered":"T-shirt street blazer homme"},"content":{"rendered":"<p data-start=\"0\" data-end=\"395\">Ce t-shirt technique allie <strong data-start=\"58\" data-end=\"79\">un design distinctif<\/strong> et <strong data-start=\"82\" data-end=\"97\">la performance<\/strong>, avec le concept Street Blazer sign\u00e9 par <span class=\"hover:entity-accent entity-underline inline cursor-pointer align-baseline\"><span class=\"whitespace-normal\">Sebastiano Boni<\/span><\/span>. Con\u00e7u avec un <strong data-start=\"190\" data-end=\"221\">design unisexe et une coupe pour homme<\/strong> (il est conseill\u00e9 aux femmes de choisir une taille en dessous), il pr\u00e9sente une <strong data-start=\"283\" data-end=\"306\">couleur invers\u00e9e<\/strong> par rapport \u00e0 la version \u00e0 manches longues originale, pour un style encore plus reconnaissable.<\/p>\n<p data-start=\"397\" data-end=\"437\">Sa structure est con\u00e7ue pour garantir :<\/p>\n<ul data-start=\"438\" data-end=\"617\">\n<li data-section-id=\"4nc1bl\" data-start=\"438\" data-end=\"500\"><strong data-start=\"440\" data-end=\"479\">Une l\u00e9g\u00e8ret\u00e9 et une respirabilit\u00e9 maximales<\/strong> pendant l&#8217;activit\u00e9<\/li>\n<li data-section-id=\"1lq3fyo\" data-start=\"501\" data-end=\"556\"><strong data-start=\"503\" data-end=\"523\">Un confort constant<\/strong> \u00e0 l&#8217;entra\u00eenement et en comp\u00e9tition<\/li>\n<li data-section-id=\"1omwavm\" data-start=\"557\" data-end=\"617\"><strong data-start=\"559\" data-end=\"584\">Une visibilit\u00e9 am\u00e9lior\u00e9e<\/strong> gr\u00e2ce aux d\u00e9tails r\u00e9fl\u00e9chissants<\/li>\n<\/ul>\n<p data-start=\"619\" data-end=\"1172\">Fabriqu\u00e9 en <strong data-start=\"633\" data-end=\"677\">tissu italien recycl\u00e9 post-consommation<\/strong>, il est id\u00e9al pour les <strong data-start=\"692\" data-end=\"710\">comp\u00e9titions urbaines<\/strong> et les entra\u00eenements en salle. Le <strong data-start=\"741\" data-end=\"785\">logo Wild Tee \u00ab Metal \u00bb r\u00e9fl\u00e9chissant en 3M\u2122<\/strong> sur le devant et le motif <strong data-start=\"810\" data-end=\"831\">\u00ab Ultra \u00bb dans le dos<\/strong> ajoutent du caract\u00e8re et de la visibilit\u00e9, m\u00eame dans des conditions de faible luminosit\u00e9. Avec un poids d\u2019environ <strong data-start=\"924\" data-end=\"937\">96 grammes<\/strong>, c\u2019est un v\u00eatement pratique et performant pour un usage quotidien. Le tissu est certifi\u00e9 <strong data-start=\"1018\" data-end=\"1031\">Bluesign\u00ae<\/strong> et <strong data-start=\"1034\" data-end=\"1060\">Oeko-Tex\u00ae Standard 100<\/strong>, et la production a lieu dans l&#8217;Union europ\u00e9enne. Composition : <strong data-start=\"1119\" data-end=\"1171\">87 % polyester recycl\u00e9 et 13 % \u00e9lasthanne recycl\u00e9<\/strong>.<\/p>\n","protected":false},"excerpt":{"rendered":"<ul>\n<li data-section-id=\"1dnjy2i\" data-start=\"1385\" data-end=\"1463\"><strong data-start=\"1387\" data-end=\"1438\">Blazer au style urbain et d\u00e9tails r\u00e9fl\u00e9chissants 3M\u2122<\/strong> pour allier style et visibilit\u00e9<\/li>\n<li data-section-id=\"1hwsy1w\" data-start=\"1464\" data-end=\"1542\"><strong data-start=\"1466\" data-end=\"1509\">Tissu recycl\u00e9 l\u00e9ger et respirant<\/strong> pour un confort optimal pendant l&#8217;activit\u00e9<\/li>\n<li data-section-id=\"pc9rh0\" data-start=\"1543\" data-end=\"1613\" data-is-last-node=\"\"><strong data-start=\"1545\" data-end=\"1580\">Coupe unisexe de style masculin<\/strong> et fabrication europ\u00e9enne certifi\u00e9e<\/li>\n<\/ul>\n","protected":false},"featured_media":434729,"template":"","meta":{"_acf_changed":false,"inline_featured_image":false},"product_brand":[],"product_cat":[24449,24482],"product_tag":[23528,23567],"class_list":{"0":"post-434693","1":"product","2":"type-product","3":"status-publish","4":"has-post-thumbnail","6":"product_cat-t-shirt-fr-3","7":"product_cat-vetements-pour-hommes-fr","8":"product_tag-wild-tee-fr","9":"product_tag-wild-tee-homme","10":"pa_attivita-marcher","11":"pa_attivita-running-fr","12":"pa_attivita-trail-fr","13":"pa_marca-wild-tee-fr","14":"pa_sesso-homme","15":"pa_size-small-fr","16":"pa_size-medium-fr","17":"pa_size-large-fr","18":"pa_size-extra-large-fr","20":"first","21":"instock","22":"sale","23":"taxable","24":"shipping-taxable","25":"purchasable","26":"product-type-variable","27":"wvs-archive-product-wrapper"},"acf":[],"yoast_head":"<!-- This site is optimized with the Yoast SEO plugin v26.8 - https:\/\/yoast.com\/product\/yoast-seo-wordpress\/ -->\n<title>Wild Tee T-shirt street blazer homme - T-shirt de course \u00e0 pied - MioMioRun.com<\/title>\n<meta name=\"description\" content=\"T-shirt technique unisexe, l\u00e9ger et respirant, con\u00e7u pour offrir un style unique, un confort optimal et une bonne visibilit\u00e9 lors des entra\u00eenements et des courses urbaines.\" \/>\n<meta name=\"robots\" content=\"index, follow, max-snippet:-1, max-image-preview:large, max-video-preview:-1\" \/>\n<link rel=\"canonical\" href=\"https:\/\/www.miomiorun.com\/fr\/produit\/t-shirt-street-blazer-homme\/\" \/>\n<meta property=\"og:locale\" content=\"fr_FR\" \/>\n<meta property=\"og:type\" content=\"article\" \/>\n<meta property=\"og:title\" content=\"Wild Tee T-shirt street blazer homme - T-shirt de course \u00e0 pied - MioMioRun.com\" \/>\n<meta property=\"og:description\" content=\"T-shirt technique unisexe, l\u00e9ger et respirant, con\u00e7u pour offrir un style unique, un confort optimal et une bonne visibilit\u00e9 lors des entra\u00eenements et des courses urbaines.\" \/>\n<meta property=\"og:url\" content=\"https:\/\/www.miomiorun.com\/fr\/produit\/t-shirt-street-blazer-homme\/\" \/>\n<meta property=\"og:site_name\" content=\"MioMioRun\" \/>\n<meta property=\"article:publisher\" content=\"https:\/\/www.facebook.com\/miomiorun\/\" \/>\n<meta property=\"article:modified_time\" content=\"2026-05-08T10:02:40+00:00\" \/>\n<meta property=\"og:image\" content=\"https:\/\/www.miomiorun.com\/app\/uploads\/2026\/04\/WildTee-T-shirt-M-street-blazer-WT009WT202.webp\" \/>\n\t<meta property=\"og:image:width\" content=\"720\" \/>\n\t<meta property=\"og:image:height\" content=\"720\" \/>\n\t<meta property=\"og:image:type\" content=\"image\/webp\" \/>\n<meta name=\"twitter:card\" content=\"summary_large_image\" \/>\n<meta name=\"twitter:label1\" content=\"Est. reading time\" \/>\n\t<meta name=\"twitter:data1\" content=\"1 minute\" \/>\n<script type=\"application\/ld+json\" class=\"yoast-schema-graph\">{\"@context\":\"https:\/\/schema.org\",\"@graph\":[{\"@type\":\"WebPage\",\"@id\":\"https:\/\/www.miomiorun.com\/fr\/produit\/t-shirt-street-blazer-homme\/\",\"url\":\"https:\/\/www.miomiorun.com\/fr\/produit\/t-shirt-street-blazer-homme\/\",\"name\":\"Wild Tee T-shirt street blazer homme - T-shirt de course \u00e0 pied - MioMioRun.com\",\"isPartOf\":{\"@id\":\"https:\/\/www.miomiorun.com\/fr\/#website\"},\"primaryImageOfPage\":{\"@id\":\"https:\/\/www.miomiorun.com\/fr\/produit\/t-shirt-street-blazer-homme\/#primaryimage\"},\"image\":{\"@id\":\"https:\/\/www.miomiorun.com\/fr\/produit\/t-shirt-street-blazer-homme\/#primaryimage\"},\"thumbnailUrl\":\"https:\/\/www.miomiorun.com\/app\/uploads\/2026\/04\/WildTee-T-shirt-M-street-blazer-WT009WT202.webp\",\"datePublished\":\"2026-04-22T08:42:34+00:00\",\"dateModified\":\"2026-05-08T10:02:40+00:00\",\"description\":\"T-shirt technique unisexe, l\u00e9ger et respirant, con\u00e7u pour offrir un style unique, un confort optimal et une bonne visibilit\u00e9 lors des entra\u00eenements et des courses urbaines.\",\"breadcrumb\":{\"@id\":\"https:\/\/www.miomiorun.com\/fr\/produit\/t-shirt-street-blazer-homme\/#breadcrumb\"},\"inLanguage\":\"fr-FR\",\"potentialAction\":[{\"@type\":\"ReadAction\",\"target\":[\"https:\/\/www.miomiorun.com\/fr\/produit\/t-shirt-street-blazer-homme\/\"]}]},{\"@type\":\"ImageObject\",\"inLanguage\":\"fr-FR\",\"@id\":\"https:\/\/www.miomiorun.com\/fr\/produit\/t-shirt-street-blazer-homme\/#primaryimage\",\"url\":\"https:\/\/www.miomiorun.com\/app\/uploads\/2026\/04\/WildTee-T-shirt-M-street-blazer-WT009WT202.webp\",\"contentUrl\":\"https:\/\/www.miomiorun.com\/app\/uploads\/2026\/04\/WildTee-T-shirt-M-street-blazer-WT009WT202.webp\",\"width\":720,\"height\":720,\"caption\":\"WildTee T-shirt M street blazer WT009WT202\"},{\"@type\":\"BreadcrumbList\",\"@id\":\"https:\/\/www.miomiorun.com\/fr\/produit\/t-shirt-street-blazer-homme\/#breadcrumb\",\"itemListElement\":[{\"@type\":\"ListItem\",\"position\":1,\"name\":\"Home\",\"item\":\"https:\/\/www.miomiorun.com\/fr\/home-page\/\"},{\"@type\":\"ListItem\",\"position\":2,\"name\":\"Shop\",\"item\":\"https:\/\/www.miomiorun.com\/shop\/\"},{\"@type\":\"ListItem\",\"position\":3,\"name\":\"T-shirt street blazer homme\"}]},{\"@type\":\"WebSite\",\"@id\":\"https:\/\/www.miomiorun.com\/fr\/#website\",\"url\":\"https:\/\/www.miomiorun.com\/fr\/\",\"name\":\"MioMioRun\",\"description\":\"Boutique 100% running et trail\",\"publisher\":{\"@id\":\"https:\/\/www.miomiorun.com\/fr\/#organization\"},\"potentialAction\":[{\"@type\":\"SearchAction\",\"target\":{\"@type\":\"EntryPoint\",\"urlTemplate\":\"https:\/\/www.miomiorun.com\/fr\/?s={search_term_string}\"},\"query-input\":{\"@type\":\"PropertyValueSpecification\",\"valueRequired\":true,\"valueName\":\"search_term_string\"}}],\"inLanguage\":\"fr-FR\"},{\"@type\":\"Organization\",\"@id\":\"https:\/\/www.miomiorun.com\/fr\/#organization\",\"name\":\"MioMio Run\",\"url\":\"https:\/\/www.miomiorun.com\/fr\/\",\"logo\":{\"@type\":\"ImageObject\",\"inLanguage\":\"fr-FR\",\"@id\":\"https:\/\/www.miomiorun.com\/fr\/#\/schema\/logo\/image\/\",\"url\":\"https:\/\/www.miomiorun.com\/app\/uploads\/2019\/12\/logomio.png\",\"contentUrl\":\"https:\/\/www.miomiorun.com\/app\/uploads\/2019\/12\/logomio.png\",\"width\":115,\"height\":82,\"caption\":\"MioMio Run\"},\"image\":{\"@id\":\"https:\/\/www.miomiorun.com\/fr\/#\/schema\/logo\/image\/\"},\"sameAs\":[\"https:\/\/www.facebook.com\/miomiorun\/\",\"https:\/\/www.instagram.com\/miomiorun\/\"]}]}<\/script>\n<!-- \/ Yoast SEO plugin. -->","yoast_head_json":{"title":"Wild Tee T-shirt street blazer homme - T-shirt de course \u00e0 pied - MioMioRun.com","description":"T-shirt technique unisexe, l\u00e9ger et respirant, con\u00e7u pour offrir un style unique, un confort optimal et une bonne visibilit\u00e9 lors des entra\u00eenements et des courses urbaines.","robots":{"index":"index","follow":"follow","max-snippet":"max-snippet:-1","max-image-preview":"max-image-preview:large","max-video-preview":"max-video-preview:-1"},"canonical":"https:\/\/www.miomiorun.com\/fr\/produit\/t-shirt-street-blazer-homme\/","og_locale":"fr_FR","og_type":"article","og_title":"Wild Tee T-shirt street blazer homme - T-shirt de course \u00e0 pied - MioMioRun.com","og_description":"T-shirt technique unisexe, l\u00e9ger et respirant, con\u00e7u pour offrir un style unique, un confort optimal et une bonne visibilit\u00e9 lors des entra\u00eenements et des courses urbaines.","og_url":"https:\/\/www.miomiorun.com\/fr\/produit\/t-shirt-street-blazer-homme\/","og_site_name":"MioMioRun","article_publisher":"https:\/\/www.facebook.com\/miomiorun\/","article_modified_time":"2026-05-08T10:02:40+00:00","og_image":[{"width":720,"height":720,"url":"https:\/\/www.miomiorun.com\/app\/uploads\/2026\/04\/WildTee-T-shirt-M-street-blazer-WT009WT202.webp","type":"image\/webp"}],"twitter_card":"summary_large_image","twitter_misc":{"Est. reading time":"1 minute"},"schema":{"@context":"https:\/\/schema.org","@graph":[{"@type":"WebPage","@id":"https:\/\/www.miomiorun.com\/fr\/produit\/t-shirt-street-blazer-homme\/","url":"https:\/\/www.miomiorun.com\/fr\/produit\/t-shirt-street-blazer-homme\/","name":"Wild Tee T-shirt street blazer homme - T-shirt de course \u00e0 pied - MioMioRun.com","isPartOf":{"@id":"https:\/\/www.miomiorun.com\/fr\/#website"},"primaryImageOfPage":{"@id":"https:\/\/www.miomiorun.com\/fr\/produit\/t-shirt-street-blazer-homme\/#primaryimage"},"image":{"@id":"https:\/\/www.miomiorun.com\/fr\/produit\/t-shirt-street-blazer-homme\/#primaryimage"},"thumbnailUrl":"https:\/\/www.miomiorun.com\/app\/uploads\/2026\/04\/WildTee-T-shirt-M-street-blazer-WT009WT202.webp","datePublished":"2026-04-22T08:42:34+00:00","dateModified":"2026-05-08T10:02:40+00:00","description":"T-shirt technique unisexe, l\u00e9ger et respirant, con\u00e7u pour offrir un style unique, un confort optimal et une bonne visibilit\u00e9 lors des entra\u00eenements et des courses urbaines.","breadcrumb":{"@id":"https:\/\/www.miomiorun.com\/fr\/produit\/t-shirt-street-blazer-homme\/#breadcrumb"},"inLanguage":"fr-FR","potentialAction":[{"@type":"ReadAction","target":["https:\/\/www.miomiorun.com\/fr\/produit\/t-shirt-street-blazer-homme\/"]}]},{"@type":"ImageObject","inLanguage":"fr-FR","@id":"https:\/\/www.miomiorun.com\/fr\/produit\/t-shirt-street-blazer-homme\/#primaryimage","url":"https:\/\/www.miomiorun.com\/app\/uploads\/2026\/04\/WildTee-T-shirt-M-street-blazer-WT009WT202.webp","contentUrl":"https:\/\/www.miomiorun.com\/app\/uploads\/2026\/04\/WildTee-T-shirt-M-street-blazer-WT009WT202.webp","width":720,"height":720,"caption":"WildTee T-shirt M street blazer WT009WT202"},{"@type":"BreadcrumbList","@id":"https:\/\/www.miomiorun.com\/fr\/produit\/t-shirt-street-blazer-homme\/#breadcrumb","itemListElement":[{"@type":"ListItem","position":1,"name":"Home","item":"https:\/\/www.miomiorun.com\/fr\/home-page\/"},{"@type":"ListItem","position":2,"name":"Shop","item":"https:\/\/www.miomiorun.com\/shop\/"},{"@type":"ListItem","position":3,"name":"T-shirt street blazer homme"}]},{"@type":"WebSite","@id":"https:\/\/www.miomiorun.com\/fr\/#website","url":"https:\/\/www.miomiorun.com\/fr\/","name":"MioMioRun","description":"Boutique 100% running et trail","publisher":{"@id":"https:\/\/www.miomiorun.com\/fr\/#organization"},"potentialAction":[{"@type":"SearchAction","target":{"@type":"EntryPoint","urlTemplate":"https:\/\/www.miomiorun.com\/fr\/?s={search_term_string}"},"query-input":{"@type":"PropertyValueSpecification","valueRequired":true,"valueName":"search_term_string"}}],"inLanguage":"fr-FR"},{"@type":"Organization","@id":"https:\/\/www.miomiorun.com\/fr\/#organization","name":"MioMio Run","url":"https:\/\/www.miomiorun.com\/fr\/","logo":{"@type":"ImageObject","inLanguage":"fr-FR","@id":"https:\/\/www.miomiorun.com\/fr\/#\/schema\/logo\/image\/","url":"https:\/\/www.miomiorun.com\/app\/uploads\/2019\/12\/logomio.png","contentUrl":"https:\/\/www.miomiorun.com\/app\/uploads\/2019\/12\/logomio.png","width":115,"height":82,"caption":"MioMio Run"},"image":{"@id":"https:\/\/www.miomiorun.com\/fr\/#\/schema\/logo\/image\/"},"sameAs":["https:\/\/www.facebook.com\/miomiorun\/","https:\/\/www.instagram.com\/miomiorun\/"]}]}},"_links":{"self":[{"href":"https:\/\/www.miomiorun.com\/fr\/wp-json\/wp\/v2\/product\/434693","targetHints":{"allow":["GET"]}}],"collection":[{"href":"https:\/\/www.miomiorun.com\/fr\/wp-json\/wp\/v2\/product"}],"about":[{"href":"https:\/\/www.miomiorun.com\/fr\/wp-json\/wp\/v2\/types\/product"}],"wp:featuredmedia":[{"embeddable":true,"href":"https:\/\/www.miomiorun.com\/fr\/wp-json\/wp\/v2\/media\/434729"}],"wp:attachment":[{"href":"https:\/\/www.miomiorun.com\/fr\/wp-json\/wp\/v2\/media?parent=434693"}],"wp:term":[{"taxonomy":"product_brand","embeddable":true,"href":"https:\/\/www.miomiorun.com\/fr\/wp-json\/wp\/v2\/product_brand?post=434693"},{"taxonomy":"product_cat","embeddable":true,"href":"https:\/\/www.miomiorun.com\/fr\/wp-json\/wp\/v2\/product_cat?post=434693"},{"taxonomy":"product_tag","embeddable":true,"href":"https:\/\/www.miomiorun.com\/fr\/wp-json\/wp\/v2\/product_tag?post=434693"}],"curies":[{"name":"wp","href":"https:\/\/api.w.org\/{rel}","templated":true}]}}