{"id":434639,"date":"2026-04-22T10:32:57","date_gmt":"2026-04-22T08:32:57","guid":{"rendered":"https:\/\/www.miomiorun.com\/?post_type=product&#038;p=434639"},"modified":"2026-05-08T12:02:49","modified_gmt":"2026-05-08T10:02:49","slug":"t-shirt-road-alluminium-homme","status":"publish","type":"product","link":"https:\/\/www.miomiorun.com\/fr\/produit\/t-shirt-road-alluminium-homme\/","title":{"rendered":"T-shirt road alluminium homme"},"content":{"rendered":"<p data-start=\"0\" data-end=\"325\">Le t-shirt Essential de la collection Wild Tee SS25 est con\u00e7u pour offrir <strong data-start=\"102\" data-end=\"117\">polyvalence<\/strong>, <strong data-start=\"119\" data-end=\"133\">l\u00e9g\u00e8ret\u00e9<\/strong> et <strong data-start=\"136\" data-end=\"156\">un style \u00e9pur\u00e9<\/strong> en toute occasion. Facile \u00e0 associer \u00e0 n&#8217;importe quelle tenue sportive ou d\u00e9contract\u00e9e, il est id\u00e9al pour vous accompagner aussi bien lors de vos <strong data-start=\"271\" data-end=\"290\">courses en ville<\/strong> que lors de vos s\u00e9ances d&#8217;entra\u00eenement en salle. <\/p>\n<p data-start=\"327\" data-end=\"367\">Sa conception est \u00e9tudi\u00e9e pour garantir :<\/p>\n<ul data-start=\"368\" data-end=\"523\">\n<li data-section-id=\"1c1bcwe\" data-start=\"368\" data-end=\"417\"><strong data-start=\"370\" data-end=\"396\">Une respirabilit\u00e9 maximale<\/strong> pendant l&#8217;activit\u00e9<\/li>\n<li data-section-id=\"18e8i8i\" data-start=\"418\" data-end=\"468\"><strong data-start=\"420\" data-end=\"440\">Un confort constant<\/strong> gr\u00e2ce \u00e0 son tissu l\u00e9ger<\/li>\n<li data-section-id=\"29phq2\" data-start=\"469\" data-end=\"523\"><strong data-start=\"471\" data-end=\"496\">Une visibilit\u00e9 am\u00e9lior\u00e9e<\/strong> gr\u00e2ce \u00e0 des d\u00e9tails r\u00e9fl\u00e9chissants<\/li>\n<\/ul>\n<p data-start=\"525\" data-end=\"1013\">Fabriqu\u00e9 en <strong data-start=\"539\" data-end=\"583\">tissu italien recycl\u00e9 post-consommation<\/strong> et produit dans l&#8217;Union europ\u00e9enne, il garantit qualit\u00e9 et soin apport\u00e9 aux mat\u00e9riaux. Le <strong data-start=\"661\" data-end=\"719\">logo imprim\u00e9 sur la poitrine et dans le dos en 3M\u2122 r\u00e9fl\u00e9chissant<\/strong> augmente la visibilit\u00e9 m\u00eame dans des conditions de faible luminosit\u00e9. Avec un poids d&#8217;environ <strong data-start=\"808\" data-end=\"821\">96 grammes<\/strong>, c&#8217;est un v\u00eatement pratique et performant pour un usage quotidien. Le tissu est certifi\u00e9 <strong data-start=\"902\" data-end=\"915\">bluesign\u00ae<\/strong> et <strong data-start=\"918\" data-end=\"944\">Oeko-Tex\u00ae Standard 100<\/strong>. Composition : <strong data-start=\"960\" data-end=\"1012\">87 % polyester recycl\u00e9 et 13 % \u00e9lasthanne recycl\u00e9<\/strong>.<\/p>\n","protected":false},"excerpt":{"rendered":"<ul>\n<li data-section-id=\"yvrpwz\" data-start=\"1217\" data-end=\"1298\"><strong data-start=\"1219\" data-end=\"1262\">Tissu recycl\u00e9 l\u00e9ger et respirant<\/strong> pour un confort optimal et un usage quotidien<\/li>\n<li data-section-id=\"4qswwc\" data-start=\"1299\" data-end=\"1369\"><strong data-start=\"1301\" data-end=\"1329\">D\u00e9tails r\u00e9fl\u00e9chissants 3M\u2122<\/strong> pour une meilleure visibilit\u00e9, m\u00eame dans l&#8217;obscurit\u00e9<\/li>\n<li data-section-id=\"1arvk7j\" data-start=\"1370\" data-end=\"1455\" data-is-last-node=\"\"><strong data-start=\"1372\" data-end=\"1422\">Certifications de qualit\u00e9 et fabrication europ\u00e9enne<\/strong> pour plus de fiabilit\u00e9 et de durabilit\u00e9<\/li>\n<\/ul>\n","protected":false},"featured_media":434656,"template":"","meta":{"_acf_changed":false,"inline_featured_image":false},"product_brand":[],"product_cat":[24449,24482],"product_tag":[23528,23567],"class_list":{"0":"post-434639","1":"product","2":"type-product","3":"status-publish","4":"has-post-thumbnail","6":"product_cat-t-shirt-fr-3","7":"product_cat-vetements-pour-hommes-fr","8":"product_tag-wild-tee-fr","9":"product_tag-wild-tee-homme","10":"pa_attivita-marcher","11":"pa_attivita-running-fr","12":"pa_attivita-trail-fr","13":"pa_marca-wild-tee-fr","14":"pa_sesso-homme","15":"pa_size-small-fr","16":"pa_size-medium-fr","17":"pa_size-large-fr","18":"pa_size-extra-large-fr","20":"first","21":"instock","22":"sale","23":"taxable","24":"shipping-taxable","25":"purchasable","26":"product-type-variable","27":"wvs-archive-product-wrapper"},"acf":[],"yoast_head":"<!-- This site is optimized with the Yoast SEO plugin v26.8 - https:\/\/yoast.com\/product\/yoast-seo-wordpress\/ -->\n<title>Wild Tee T-shirt road alluminium homme - T-shirt de course \u00e0 pied - MioMioRun.com<\/title>\n<meta name=\"description\" content=\"T-shirt technique l\u00e9ger et polyvalent, con\u00e7u pour offrir confort, respirabilit\u00e9 et visibilit\u00e9 lors des entra\u00eenements et au quotidien\" \/>\n<meta name=\"robots\" content=\"index, follow, max-snippet:-1, max-image-preview:large, max-video-preview:-1\" \/>\n<link rel=\"canonical\" href=\"https:\/\/www.miomiorun.com\/fr\/produit\/t-shirt-road-alluminium-homme\/\" \/>\n<meta property=\"og:locale\" content=\"fr_FR\" \/>\n<meta property=\"og:type\" content=\"article\" \/>\n<meta property=\"og:title\" content=\"Wild Tee T-shirt road alluminium homme - T-shirt de course \u00e0 pied - MioMioRun.com\" \/>\n<meta property=\"og:description\" content=\"T-shirt technique l\u00e9ger et polyvalent, con\u00e7u pour offrir confort, respirabilit\u00e9 et visibilit\u00e9 lors des entra\u00eenements et au quotidien\" \/>\n<meta property=\"og:url\" content=\"https:\/\/www.miomiorun.com\/fr\/produit\/t-shirt-road-alluminium-homme\/\" \/>\n<meta property=\"og:site_name\" content=\"MioMioRun\" \/>\n<meta property=\"article:publisher\" content=\"https:\/\/www.facebook.com\/miomiorun\/\" \/>\n<meta property=\"article:modified_time\" content=\"2026-05-08T10:02:49+00:00\" \/>\n<meta property=\"og:image\" content=\"https:\/\/www.miomiorun.com\/app\/uploads\/2026\/04\/WildTee-T-shirt-M-road-alluminium-WT009WT215.webp\" \/>\n\t<meta property=\"og:image:width\" content=\"720\" \/>\n\t<meta property=\"og:image:height\" content=\"720\" \/>\n\t<meta property=\"og:image:type\" content=\"image\/webp\" \/>\n<meta name=\"twitter:card\" content=\"summary_large_image\" \/>\n<meta name=\"twitter:label1\" content=\"Est. reading time\" \/>\n\t<meta name=\"twitter:data1\" content=\"1 minute\" \/>\n<script type=\"application\/ld+json\" class=\"yoast-schema-graph\">{\"@context\":\"https:\/\/schema.org\",\"@graph\":[{\"@type\":\"WebPage\",\"@id\":\"https:\/\/www.miomiorun.com\/fr\/produit\/t-shirt-road-alluminium-homme\/\",\"url\":\"https:\/\/www.miomiorun.com\/fr\/produit\/t-shirt-road-alluminium-homme\/\",\"name\":\"Wild Tee T-shirt road alluminium homme - T-shirt de course \u00e0 pied - MioMioRun.com\",\"isPartOf\":{\"@id\":\"https:\/\/www.miomiorun.com\/fr\/#website\"},\"primaryImageOfPage\":{\"@id\":\"https:\/\/www.miomiorun.com\/fr\/produit\/t-shirt-road-alluminium-homme\/#primaryimage\"},\"image\":{\"@id\":\"https:\/\/www.miomiorun.com\/fr\/produit\/t-shirt-road-alluminium-homme\/#primaryimage\"},\"thumbnailUrl\":\"https:\/\/www.miomiorun.com\/app\/uploads\/2026\/04\/WildTee-T-shirt-M-road-alluminium-WT009WT215.webp\",\"datePublished\":\"2026-04-22T08:32:57+00:00\",\"dateModified\":\"2026-05-08T10:02:49+00:00\",\"description\":\"T-shirt technique l\u00e9ger et polyvalent, con\u00e7u pour offrir confort, respirabilit\u00e9 et visibilit\u00e9 lors des entra\u00eenements et au quotidien\",\"breadcrumb\":{\"@id\":\"https:\/\/www.miomiorun.com\/fr\/produit\/t-shirt-road-alluminium-homme\/#breadcrumb\"},\"inLanguage\":\"fr-FR\",\"potentialAction\":[{\"@type\":\"ReadAction\",\"target\":[\"https:\/\/www.miomiorun.com\/fr\/produit\/t-shirt-road-alluminium-homme\/\"]}]},{\"@type\":\"ImageObject\",\"inLanguage\":\"fr-FR\",\"@id\":\"https:\/\/www.miomiorun.com\/fr\/produit\/t-shirt-road-alluminium-homme\/#primaryimage\",\"url\":\"https:\/\/www.miomiorun.com\/app\/uploads\/2026\/04\/WildTee-T-shirt-M-road-alluminium-WT009WT215.webp\",\"contentUrl\":\"https:\/\/www.miomiorun.com\/app\/uploads\/2026\/04\/WildTee-T-shirt-M-road-alluminium-WT009WT215.webp\",\"width\":720,\"height\":720,\"caption\":\"WildTee T-shirt M road alluminium WT009WT215\"},{\"@type\":\"BreadcrumbList\",\"@id\":\"https:\/\/www.miomiorun.com\/fr\/produit\/t-shirt-road-alluminium-homme\/#breadcrumb\",\"itemListElement\":[{\"@type\":\"ListItem\",\"position\":1,\"name\":\"Home\",\"item\":\"https:\/\/www.miomiorun.com\/fr\/home-page\/\"},{\"@type\":\"ListItem\",\"position\":2,\"name\":\"Shop\",\"item\":\"https:\/\/www.miomiorun.com\/shop\/\"},{\"@type\":\"ListItem\",\"position\":3,\"name\":\"T-shirt road alluminium homme\"}]},{\"@type\":\"WebSite\",\"@id\":\"https:\/\/www.miomiorun.com\/fr\/#website\",\"url\":\"https:\/\/www.miomiorun.com\/fr\/\",\"name\":\"MioMioRun\",\"description\":\"Boutique 100% running et trail\",\"publisher\":{\"@id\":\"https:\/\/www.miomiorun.com\/fr\/#organization\"},\"potentialAction\":[{\"@type\":\"SearchAction\",\"target\":{\"@type\":\"EntryPoint\",\"urlTemplate\":\"https:\/\/www.miomiorun.com\/fr\/?s={search_term_string}\"},\"query-input\":{\"@type\":\"PropertyValueSpecification\",\"valueRequired\":true,\"valueName\":\"search_term_string\"}}],\"inLanguage\":\"fr-FR\"},{\"@type\":\"Organization\",\"@id\":\"https:\/\/www.miomiorun.com\/fr\/#organization\",\"name\":\"MioMio Run\",\"url\":\"https:\/\/www.miomiorun.com\/fr\/\",\"logo\":{\"@type\":\"ImageObject\",\"inLanguage\":\"fr-FR\",\"@id\":\"https:\/\/www.miomiorun.com\/fr\/#\/schema\/logo\/image\/\",\"url\":\"https:\/\/www.miomiorun.com\/app\/uploads\/2019\/12\/logomio.png\",\"contentUrl\":\"https:\/\/www.miomiorun.com\/app\/uploads\/2019\/12\/logomio.png\",\"width\":115,\"height\":82,\"caption\":\"MioMio Run\"},\"image\":{\"@id\":\"https:\/\/www.miomiorun.com\/fr\/#\/schema\/logo\/image\/\"},\"sameAs\":[\"https:\/\/www.facebook.com\/miomiorun\/\",\"https:\/\/www.instagram.com\/miomiorun\/\"]}]}<\/script>\n<!-- \/ Yoast SEO plugin. -->","yoast_head_json":{"title":"Wild Tee T-shirt road alluminium homme - T-shirt de course \u00e0 pied - MioMioRun.com","description":"T-shirt technique l\u00e9ger et polyvalent, con\u00e7u pour offrir confort, respirabilit\u00e9 et visibilit\u00e9 lors des entra\u00eenements et au quotidien","robots":{"index":"index","follow":"follow","max-snippet":"max-snippet:-1","max-image-preview":"max-image-preview:large","max-video-preview":"max-video-preview:-1"},"canonical":"https:\/\/www.miomiorun.com\/fr\/produit\/t-shirt-road-alluminium-homme\/","og_locale":"fr_FR","og_type":"article","og_title":"Wild Tee T-shirt road alluminium homme - T-shirt de course \u00e0 pied - MioMioRun.com","og_description":"T-shirt technique l\u00e9ger et polyvalent, con\u00e7u pour offrir confort, respirabilit\u00e9 et visibilit\u00e9 lors des entra\u00eenements et au quotidien","og_url":"https:\/\/www.miomiorun.com\/fr\/produit\/t-shirt-road-alluminium-homme\/","og_site_name":"MioMioRun","article_publisher":"https:\/\/www.facebook.com\/miomiorun\/","article_modified_time":"2026-05-08T10:02:49+00:00","og_image":[{"width":720,"height":720,"url":"https:\/\/www.miomiorun.com\/app\/uploads\/2026\/04\/WildTee-T-shirt-M-road-alluminium-WT009WT215.webp","type":"image\/webp"}],"twitter_card":"summary_large_image","twitter_misc":{"Est. reading time":"1 minute"},"schema":{"@context":"https:\/\/schema.org","@graph":[{"@type":"WebPage","@id":"https:\/\/www.miomiorun.com\/fr\/produit\/t-shirt-road-alluminium-homme\/","url":"https:\/\/www.miomiorun.com\/fr\/produit\/t-shirt-road-alluminium-homme\/","name":"Wild Tee T-shirt road alluminium homme - T-shirt de course \u00e0 pied - MioMioRun.com","isPartOf":{"@id":"https:\/\/www.miomiorun.com\/fr\/#website"},"primaryImageOfPage":{"@id":"https:\/\/www.miomiorun.com\/fr\/produit\/t-shirt-road-alluminium-homme\/#primaryimage"},"image":{"@id":"https:\/\/www.miomiorun.com\/fr\/produit\/t-shirt-road-alluminium-homme\/#primaryimage"},"thumbnailUrl":"https:\/\/www.miomiorun.com\/app\/uploads\/2026\/04\/WildTee-T-shirt-M-road-alluminium-WT009WT215.webp","datePublished":"2026-04-22T08:32:57+00:00","dateModified":"2026-05-08T10:02:49+00:00","description":"T-shirt technique l\u00e9ger et polyvalent, con\u00e7u pour offrir confort, respirabilit\u00e9 et visibilit\u00e9 lors des entra\u00eenements et au quotidien","breadcrumb":{"@id":"https:\/\/www.miomiorun.com\/fr\/produit\/t-shirt-road-alluminium-homme\/#breadcrumb"},"inLanguage":"fr-FR","potentialAction":[{"@type":"ReadAction","target":["https:\/\/www.miomiorun.com\/fr\/produit\/t-shirt-road-alluminium-homme\/"]}]},{"@type":"ImageObject","inLanguage":"fr-FR","@id":"https:\/\/www.miomiorun.com\/fr\/produit\/t-shirt-road-alluminium-homme\/#primaryimage","url":"https:\/\/www.miomiorun.com\/app\/uploads\/2026\/04\/WildTee-T-shirt-M-road-alluminium-WT009WT215.webp","contentUrl":"https:\/\/www.miomiorun.com\/app\/uploads\/2026\/04\/WildTee-T-shirt-M-road-alluminium-WT009WT215.webp","width":720,"height":720,"caption":"WildTee T-shirt M road alluminium WT009WT215"},{"@type":"BreadcrumbList","@id":"https:\/\/www.miomiorun.com\/fr\/produit\/t-shirt-road-alluminium-homme\/#breadcrumb","itemListElement":[{"@type":"ListItem","position":1,"name":"Home","item":"https:\/\/www.miomiorun.com\/fr\/home-page\/"},{"@type":"ListItem","position":2,"name":"Shop","item":"https:\/\/www.miomiorun.com\/shop\/"},{"@type":"ListItem","position":3,"name":"T-shirt road alluminium homme"}]},{"@type":"WebSite","@id":"https:\/\/www.miomiorun.com\/fr\/#website","url":"https:\/\/www.miomiorun.com\/fr\/","name":"MioMioRun","description":"Boutique 100% running et trail","publisher":{"@id":"https:\/\/www.miomiorun.com\/fr\/#organization"},"potentialAction":[{"@type":"SearchAction","target":{"@type":"EntryPoint","urlTemplate":"https:\/\/www.miomiorun.com\/fr\/?s={search_term_string}"},"query-input":{"@type":"PropertyValueSpecification","valueRequired":true,"valueName":"search_term_string"}}],"inLanguage":"fr-FR"},{"@type":"Organization","@id":"https:\/\/www.miomiorun.com\/fr\/#organization","name":"MioMio Run","url":"https:\/\/www.miomiorun.com\/fr\/","logo":{"@type":"ImageObject","inLanguage":"fr-FR","@id":"https:\/\/www.miomiorun.com\/fr\/#\/schema\/logo\/image\/","url":"https:\/\/www.miomiorun.com\/app\/uploads\/2019\/12\/logomio.png","contentUrl":"https:\/\/www.miomiorun.com\/app\/uploads\/2019\/12\/logomio.png","width":115,"height":82,"caption":"MioMio Run"},"image":{"@id":"https:\/\/www.miomiorun.com\/fr\/#\/schema\/logo\/image\/"},"sameAs":["https:\/\/www.facebook.com\/miomiorun\/","https:\/\/www.instagram.com\/miomiorun\/"]}]}},"_links":{"self":[{"href":"https:\/\/www.miomiorun.com\/fr\/wp-json\/wp\/v2\/product\/434639","targetHints":{"allow":["GET"]}}],"collection":[{"href":"https:\/\/www.miomiorun.com\/fr\/wp-json\/wp\/v2\/product"}],"about":[{"href":"https:\/\/www.miomiorun.com\/fr\/wp-json\/wp\/v2\/types\/product"}],"wp:featuredmedia":[{"embeddable":true,"href":"https:\/\/www.miomiorun.com\/fr\/wp-json\/wp\/v2\/media\/434656"}],"wp:attachment":[{"href":"https:\/\/www.miomiorun.com\/fr\/wp-json\/wp\/v2\/media?parent=434639"}],"wp:term":[{"taxonomy":"product_brand","embeddable":true,"href":"https:\/\/www.miomiorun.com\/fr\/wp-json\/wp\/v2\/product_brand?post=434639"},{"taxonomy":"product_cat","embeddable":true,"href":"https:\/\/www.miomiorun.com\/fr\/wp-json\/wp\/v2\/product_cat?post=434639"},{"taxonomy":"product_tag","embeddable":true,"href":"https:\/\/www.miomiorun.com\/fr\/wp-json\/wp\/v2\/product_tag?post=434639"}],"curies":[{"name":"wp","href":"https:\/\/api.w.org\/{rel}","templated":true}]}}