{"id":434517,"date":"2026-04-22T10:06:18","date_gmt":"2026-04-22T08:06:18","guid":{"rendered":"https:\/\/www.miomiorun.com\/?post_type=product&#038;p=434517"},"modified":"2026-05-08T12:02:50","modified_gmt":"2026-05-08T10:02:50","slug":"t-shirt-buckled-r2r-homme","status":"publish","type":"product","link":"https:\/\/www.miomiorun.com\/fr\/produit\/t-shirt-buckled-r2r-homme\/","title":{"rendered":"T-shirt buckled R2R homme"},"content":{"rendered":"<p data-start=\"0\" data-end=\"407\">Ce t-shirt technique incarne la <strong data-start=\"65\" data-end=\"127\">derni\u00e8re \u00e9volution de notre collaboration avec Buckled Podcast<\/strong> pour la saison SS25, n\u00e9e \u00e0 l&#8217;occasion de l&#8217;\u00e9v\u00e9nement en magasin d\u00e9di\u00e9 au FKT <strong data-start=\"194\" data-end=\"221\">Rim to Rim to Rim (R2R)<\/strong> du Grand Canyon. Une version \u00e0 manches courtes qui conserve l&#8217;esprit du mod\u00e8le \u00e0 manches longues original, con\u00e7ue pour ceux qui vivent le trail avec une approche authentique et ax\u00e9e sur la performance.<\/p>\n<p data-start=\"409\" data-end=\"449\">Sa conception est pens\u00e9e pour garantir :<\/p>\n<ul data-start=\"450\" data-end=\"627\">\n<li data-section-id=\"aksz37\" data-start=\"450\" data-end=\"511\"><strong data-start=\"452\" data-end=\"478\">Une respirabilit\u00e9 maximale<\/strong> lors des efforts les plus intenses<\/li>\n<li data-section-id=\"1mlflmb\" data-start=\"512\" data-end=\"561\"><strong data-start=\"514\" data-end=\"534\">Un confort constant<\/strong> m\u00eame sur de longues distances<\/li>\n<li data-section-id=\"1bn4uo5\" data-start=\"562\" data-end=\"627\"><strong data-start=\"564\" data-end=\"590\">Une polyvalence d\u2019utilisation<\/strong> entre le trail et les entra\u00eenements quotidiens<\/li>\n<\/ul>\n<p data-start=\"629\" data-end=\"1109\">Confectionn\u00e9 dans un tissu technique l\u00e9ger, il offre une sensation de fluidit\u00e9 sur la peau et est id\u00e9al pour les <strong data-start=\"724\" data-end=\"755\">courses de trail et d&#8217;ultra-trail<\/strong>, s&#8217;av\u00e9rant efficace dans les conditions les plus chaudes et suffisamment couvrant lorsque les temp\u00e9ratures baissent. L&#8217;<strong data-start=\"867\" data-end=\"899\">impression par sublimation int\u00e9grale<\/strong> garantit un graphisme r\u00e9sistant dans le temps, qui ne s&#8217;ab\u00eeme pas et ne se d\u00e9colore pas. Avec un poids d&#8217;environ <strong data-start=\"1002\" data-end=\"1016\">125 grammes<\/strong>, c&#8217;est un v\u00eatement con\u00e7u pour vous accompagner dans toutes vos sorties, de la montagne aux entra\u00eenements urbains.<\/p>\n","protected":false},"excerpt":{"rendered":"<ul>\n<li data-section-id=\"vxzxvo\" data-start=\"1328\" data-end=\"1407\"><strong data-start=\"1330\" data-end=\"1371\">Tissu technique l\u00e9ger et respirant<\/strong> pour plus de confort et une meilleure gestion de la chaleur<\/li>\n<li data-section-id=\"1s0ecz\" data-start=\"1408\" data-end=\"1474\"><strong data-start=\"1410\" data-end=\"1446\">Impression par sublimation r\u00e9sistante<\/strong> qui ne se d\u00e9colore pas avec le temps<\/li>\n<li data-section-id=\"pb1wpk\" data-start=\"1475\" data-end=\"1557\" data-is-last-node=\"\"><strong data-start=\"1477\" data-end=\"1524\">Id\u00e9al pour le trail, l&#8217;ultra-trail et l&#8217;entra\u00eenement<\/strong> dans diff\u00e9rentes conditions climatiques<\/li>\n<\/ul>\n","protected":false},"featured_media":434551,"template":"","meta":{"_acf_changed":false,"inline_featured_image":false},"product_brand":[],"product_cat":[24449,24482],"product_tag":[23528,23567],"class_list":{"0":"post-434517","1":"product","2":"type-product","3":"status-publish","4":"has-post-thumbnail","6":"product_cat-t-shirt-fr-3","7":"product_cat-vetements-pour-hommes-fr","8":"product_tag-wild-tee-fr","9":"product_tag-wild-tee-homme","10":"pa_attivita-marcher","11":"pa_attivita-running-fr","12":"pa_attivita-trail-fr","13":"pa_marca-wild-tee-fr","14":"pa_sesso-homme","15":"pa_size-small-fr","16":"pa_size-medium-fr","17":"pa_size-extra-large-fr","19":"first","20":"instock","21":"sale","22":"taxable","23":"shipping-taxable","24":"purchasable","25":"product-type-variable","26":"wvs-archive-product-wrapper"},"acf":[],"yoast_head":"<!-- This site is optimized with the Yoast SEO plugin v26.8 - https:\/\/yoast.com\/product\/yoast-seo-wordpress\/ -->\n<title>Wild Tee T-shirt buckled R2R homme - T-shirt de course \u00e0 pied - MioMioRun.com<\/title>\n<meta name=\"description\" content=\"T-shirt technique l\u00e9ger et respirant, inspir\u00e9 du Grand Canyon et des records FKT R2R, con\u00e7u pour offrir confort, r\u00e9sistance et polyvalence \u00e0 chaque sortie.\" \/>\n<meta name=\"robots\" content=\"index, follow, max-snippet:-1, max-image-preview:large, max-video-preview:-1\" \/>\n<link rel=\"canonical\" href=\"https:\/\/www.miomiorun.com\/fr\/produit\/t-shirt-buckled-r2r-homme\/\" \/>\n<meta property=\"og:locale\" content=\"fr_FR\" \/>\n<meta property=\"og:type\" content=\"article\" \/>\n<meta property=\"og:title\" content=\"Wild Tee T-shirt buckled R2R homme - T-shirt de course \u00e0 pied - MioMioRun.com\" \/>\n<meta property=\"og:description\" content=\"T-shirt technique l\u00e9ger et respirant, inspir\u00e9 du Grand Canyon et des records FKT R2R, con\u00e7u pour offrir confort, r\u00e9sistance et polyvalence \u00e0 chaque sortie.\" \/>\n<meta property=\"og:url\" content=\"https:\/\/www.miomiorun.com\/fr\/produit\/t-shirt-buckled-r2r-homme\/\" \/>\n<meta property=\"og:site_name\" content=\"MioMioRun\" \/>\n<meta property=\"article:publisher\" content=\"https:\/\/www.facebook.com\/miomiorun\/\" \/>\n<meta property=\"article:modified_time\" content=\"2026-05-08T10:02:50+00:00\" \/>\n<meta property=\"og:image\" content=\"https:\/\/www.miomiorun.com\/app\/uploads\/2026\/04\/WildTee-T-shirt-M-buckled-R2R-WT001WT213.webp\" \/>\n\t<meta property=\"og:image:width\" content=\"720\" \/>\n\t<meta property=\"og:image:height\" content=\"720\" \/>\n\t<meta property=\"og:image:type\" content=\"image\/webp\" \/>\n<meta name=\"twitter:card\" content=\"summary_large_image\" \/>\n<meta name=\"twitter:label1\" content=\"Est. reading time\" \/>\n\t<meta name=\"twitter:data1\" content=\"1 minute\" \/>\n<script type=\"application\/ld+json\" class=\"yoast-schema-graph\">{\"@context\":\"https:\/\/schema.org\",\"@graph\":[{\"@type\":\"WebPage\",\"@id\":\"https:\/\/www.miomiorun.com\/fr\/produit\/t-shirt-buckled-r2r-homme\/\",\"url\":\"https:\/\/www.miomiorun.com\/fr\/produit\/t-shirt-buckled-r2r-homme\/\",\"name\":\"Wild Tee T-shirt buckled R2R homme - T-shirt de course \u00e0 pied - MioMioRun.com\",\"isPartOf\":{\"@id\":\"https:\/\/www.miomiorun.com\/fr\/#website\"},\"primaryImageOfPage\":{\"@id\":\"https:\/\/www.miomiorun.com\/fr\/produit\/t-shirt-buckled-r2r-homme\/#primaryimage\"},\"image\":{\"@id\":\"https:\/\/www.miomiorun.com\/fr\/produit\/t-shirt-buckled-r2r-homme\/#primaryimage\"},\"thumbnailUrl\":\"https:\/\/www.miomiorun.com\/app\/uploads\/2026\/04\/WildTee-T-shirt-M-buckled-R2R-WT001WT213.webp\",\"datePublished\":\"2026-04-22T08:06:18+00:00\",\"dateModified\":\"2026-05-08T10:02:50+00:00\",\"description\":\"T-shirt technique l\u00e9ger et respirant, inspir\u00e9 du Grand Canyon et des records FKT R2R, con\u00e7u pour offrir confort, r\u00e9sistance et polyvalence \u00e0 chaque sortie.\",\"breadcrumb\":{\"@id\":\"https:\/\/www.miomiorun.com\/fr\/produit\/t-shirt-buckled-r2r-homme\/#breadcrumb\"},\"inLanguage\":\"fr-FR\",\"potentialAction\":[{\"@type\":\"ReadAction\",\"target\":[\"https:\/\/www.miomiorun.com\/fr\/produit\/t-shirt-buckled-r2r-homme\/\"]}]},{\"@type\":\"ImageObject\",\"inLanguage\":\"fr-FR\",\"@id\":\"https:\/\/www.miomiorun.com\/fr\/produit\/t-shirt-buckled-r2r-homme\/#primaryimage\",\"url\":\"https:\/\/www.miomiorun.com\/app\/uploads\/2026\/04\/WildTee-T-shirt-M-buckled-R2R-WT001WT213.webp\",\"contentUrl\":\"https:\/\/www.miomiorun.com\/app\/uploads\/2026\/04\/WildTee-T-shirt-M-buckled-R2R-WT001WT213.webp\",\"width\":720,\"height\":720,\"caption\":\"WildTee T-shirt M buckled R2R WT001WT213\"},{\"@type\":\"BreadcrumbList\",\"@id\":\"https:\/\/www.miomiorun.com\/fr\/produit\/t-shirt-buckled-r2r-homme\/#breadcrumb\",\"itemListElement\":[{\"@type\":\"ListItem\",\"position\":1,\"name\":\"Home\",\"item\":\"https:\/\/www.miomiorun.com\/fr\/home-page\/\"},{\"@type\":\"ListItem\",\"position\":2,\"name\":\"Shop\",\"item\":\"https:\/\/www.miomiorun.com\/shop\/\"},{\"@type\":\"ListItem\",\"position\":3,\"name\":\"T-shirt buckled R2R homme\"}]},{\"@type\":\"WebSite\",\"@id\":\"https:\/\/www.miomiorun.com\/fr\/#website\",\"url\":\"https:\/\/www.miomiorun.com\/fr\/\",\"name\":\"MioMioRun\",\"description\":\"Boutique 100% running et trail\",\"publisher\":{\"@id\":\"https:\/\/www.miomiorun.com\/fr\/#organization\"},\"potentialAction\":[{\"@type\":\"SearchAction\",\"target\":{\"@type\":\"EntryPoint\",\"urlTemplate\":\"https:\/\/www.miomiorun.com\/fr\/?s={search_term_string}\"},\"query-input\":{\"@type\":\"PropertyValueSpecification\",\"valueRequired\":true,\"valueName\":\"search_term_string\"}}],\"inLanguage\":\"fr-FR\"},{\"@type\":\"Organization\",\"@id\":\"https:\/\/www.miomiorun.com\/fr\/#organization\",\"name\":\"MioMio Run\",\"url\":\"https:\/\/www.miomiorun.com\/fr\/\",\"logo\":{\"@type\":\"ImageObject\",\"inLanguage\":\"fr-FR\",\"@id\":\"https:\/\/www.miomiorun.com\/fr\/#\/schema\/logo\/image\/\",\"url\":\"https:\/\/www.miomiorun.com\/app\/uploads\/2019\/12\/logomio.png\",\"contentUrl\":\"https:\/\/www.miomiorun.com\/app\/uploads\/2019\/12\/logomio.png\",\"width\":115,\"height\":82,\"caption\":\"MioMio Run\"},\"image\":{\"@id\":\"https:\/\/www.miomiorun.com\/fr\/#\/schema\/logo\/image\/\"},\"sameAs\":[\"https:\/\/www.facebook.com\/miomiorun\/\",\"https:\/\/www.instagram.com\/miomiorun\/\"]}]}<\/script>\n<!-- \/ Yoast SEO plugin. -->","yoast_head_json":{"title":"Wild Tee T-shirt buckled R2R homme - T-shirt de course \u00e0 pied - MioMioRun.com","description":"T-shirt technique l\u00e9ger et respirant, inspir\u00e9 du Grand Canyon et des records FKT R2R, con\u00e7u pour offrir confort, r\u00e9sistance et polyvalence \u00e0 chaque sortie.","robots":{"index":"index","follow":"follow","max-snippet":"max-snippet:-1","max-image-preview":"max-image-preview:large","max-video-preview":"max-video-preview:-1"},"canonical":"https:\/\/www.miomiorun.com\/fr\/produit\/t-shirt-buckled-r2r-homme\/","og_locale":"fr_FR","og_type":"article","og_title":"Wild Tee T-shirt buckled R2R homme - T-shirt de course \u00e0 pied - MioMioRun.com","og_description":"T-shirt technique l\u00e9ger et respirant, inspir\u00e9 du Grand Canyon et des records FKT R2R, con\u00e7u pour offrir confort, r\u00e9sistance et polyvalence \u00e0 chaque sortie.","og_url":"https:\/\/www.miomiorun.com\/fr\/produit\/t-shirt-buckled-r2r-homme\/","og_site_name":"MioMioRun","article_publisher":"https:\/\/www.facebook.com\/miomiorun\/","article_modified_time":"2026-05-08T10:02:50+00:00","og_image":[{"width":720,"height":720,"url":"https:\/\/www.miomiorun.com\/app\/uploads\/2026\/04\/WildTee-T-shirt-M-buckled-R2R-WT001WT213.webp","type":"image\/webp"}],"twitter_card":"summary_large_image","twitter_misc":{"Est. reading time":"1 minute"},"schema":{"@context":"https:\/\/schema.org","@graph":[{"@type":"WebPage","@id":"https:\/\/www.miomiorun.com\/fr\/produit\/t-shirt-buckled-r2r-homme\/","url":"https:\/\/www.miomiorun.com\/fr\/produit\/t-shirt-buckled-r2r-homme\/","name":"Wild Tee T-shirt buckled R2R homme - T-shirt de course \u00e0 pied - MioMioRun.com","isPartOf":{"@id":"https:\/\/www.miomiorun.com\/fr\/#website"},"primaryImageOfPage":{"@id":"https:\/\/www.miomiorun.com\/fr\/produit\/t-shirt-buckled-r2r-homme\/#primaryimage"},"image":{"@id":"https:\/\/www.miomiorun.com\/fr\/produit\/t-shirt-buckled-r2r-homme\/#primaryimage"},"thumbnailUrl":"https:\/\/www.miomiorun.com\/app\/uploads\/2026\/04\/WildTee-T-shirt-M-buckled-R2R-WT001WT213.webp","datePublished":"2026-04-22T08:06:18+00:00","dateModified":"2026-05-08T10:02:50+00:00","description":"T-shirt technique l\u00e9ger et respirant, inspir\u00e9 du Grand Canyon et des records FKT R2R, con\u00e7u pour offrir confort, r\u00e9sistance et polyvalence \u00e0 chaque sortie.","breadcrumb":{"@id":"https:\/\/www.miomiorun.com\/fr\/produit\/t-shirt-buckled-r2r-homme\/#breadcrumb"},"inLanguage":"fr-FR","potentialAction":[{"@type":"ReadAction","target":["https:\/\/www.miomiorun.com\/fr\/produit\/t-shirt-buckled-r2r-homme\/"]}]},{"@type":"ImageObject","inLanguage":"fr-FR","@id":"https:\/\/www.miomiorun.com\/fr\/produit\/t-shirt-buckled-r2r-homme\/#primaryimage","url":"https:\/\/www.miomiorun.com\/app\/uploads\/2026\/04\/WildTee-T-shirt-M-buckled-R2R-WT001WT213.webp","contentUrl":"https:\/\/www.miomiorun.com\/app\/uploads\/2026\/04\/WildTee-T-shirt-M-buckled-R2R-WT001WT213.webp","width":720,"height":720,"caption":"WildTee T-shirt M buckled R2R WT001WT213"},{"@type":"BreadcrumbList","@id":"https:\/\/www.miomiorun.com\/fr\/produit\/t-shirt-buckled-r2r-homme\/#breadcrumb","itemListElement":[{"@type":"ListItem","position":1,"name":"Home","item":"https:\/\/www.miomiorun.com\/fr\/home-page\/"},{"@type":"ListItem","position":2,"name":"Shop","item":"https:\/\/www.miomiorun.com\/shop\/"},{"@type":"ListItem","position":3,"name":"T-shirt buckled R2R homme"}]},{"@type":"WebSite","@id":"https:\/\/www.miomiorun.com\/fr\/#website","url":"https:\/\/www.miomiorun.com\/fr\/","name":"MioMioRun","description":"Boutique 100% running et trail","publisher":{"@id":"https:\/\/www.miomiorun.com\/fr\/#organization"},"potentialAction":[{"@type":"SearchAction","target":{"@type":"EntryPoint","urlTemplate":"https:\/\/www.miomiorun.com\/fr\/?s={search_term_string}"},"query-input":{"@type":"PropertyValueSpecification","valueRequired":true,"valueName":"search_term_string"}}],"inLanguage":"fr-FR"},{"@type":"Organization","@id":"https:\/\/www.miomiorun.com\/fr\/#organization","name":"MioMio Run","url":"https:\/\/www.miomiorun.com\/fr\/","logo":{"@type":"ImageObject","inLanguage":"fr-FR","@id":"https:\/\/www.miomiorun.com\/fr\/#\/schema\/logo\/image\/","url":"https:\/\/www.miomiorun.com\/app\/uploads\/2019\/12\/logomio.png","contentUrl":"https:\/\/www.miomiorun.com\/app\/uploads\/2019\/12\/logomio.png","width":115,"height":82,"caption":"MioMio Run"},"image":{"@id":"https:\/\/www.miomiorun.com\/fr\/#\/schema\/logo\/image\/"},"sameAs":["https:\/\/www.facebook.com\/miomiorun\/","https:\/\/www.instagram.com\/miomiorun\/"]}]}},"_links":{"self":[{"href":"https:\/\/www.miomiorun.com\/fr\/wp-json\/wp\/v2\/product\/434517","targetHints":{"allow":["GET"]}}],"collection":[{"href":"https:\/\/www.miomiorun.com\/fr\/wp-json\/wp\/v2\/product"}],"about":[{"href":"https:\/\/www.miomiorun.com\/fr\/wp-json\/wp\/v2\/types\/product"}],"wp:featuredmedia":[{"embeddable":true,"href":"https:\/\/www.miomiorun.com\/fr\/wp-json\/wp\/v2\/media\/434551"}],"wp:attachment":[{"href":"https:\/\/www.miomiorun.com\/fr\/wp-json\/wp\/v2\/media?parent=434517"}],"wp:term":[{"taxonomy":"product_brand","embeddable":true,"href":"https:\/\/www.miomiorun.com\/fr\/wp-json\/wp\/v2\/product_brand?post=434517"},{"taxonomy":"product_cat","embeddable":true,"href":"https:\/\/www.miomiorun.com\/fr\/wp-json\/wp\/v2\/product_cat?post=434517"},{"taxonomy":"product_tag","embeddable":true,"href":"https:\/\/www.miomiorun.com\/fr\/wp-json\/wp\/v2\/product_tag?post=434517"}],"curies":[{"name":"wp","href":"https:\/\/api.w.org\/{rel}","templated":true}]}}