{"id":434408,"date":"2026-04-22T09:47:43","date_gmt":"2026-04-22T07:47:43","guid":{"rendered":"https:\/\/www.miomiorun.com\/?post_type=product&#038;p=434408"},"modified":"2026-05-08T12:02:52","modified_gmt":"2026-05-08T10:02:52","slug":"t-shirt-denali-homme","status":"publish","type":"product","link":"https:\/\/www.miomiorun.com\/fr\/produit\/t-shirt-denali-homme\/","title":{"rendered":"T-shirt denali homme"},"content":{"rendered":"<p data-start=\"0\" data-end=\"451\">Ce t-shirt technique s&#8217;inspire du <strong data-start=\"65\" data-end=\"75\">Denali<\/strong>, le plus haut sommet d&#8217;Am\u00e9rique du Nord, symbole de grandeur et de nature extr\u00eame. Son nom, qui signifie <strong data-start=\"175\" data-end=\"185\">\u00ab Haut \u00bb<\/strong> dans la langue du peuple Koyukon, \u00e9voque une identit\u00e9 profonde et authentique, faisant de ce v\u00eatement un \u00e9l\u00e9ment de la collection <strong data-start=\"306\" data-end=\"329\">\u00ab Montagnes embl\u00e9matiques \u00bb<\/strong> SS25. Un design qui allie <strong data-start=\"357\" data-end=\"367\">histoire<\/strong>, <strong data-start=\"369\" data-end=\"383\">territoire<\/strong> et <strong data-start=\"386\" data-end=\"405\">esprit outdoor<\/strong>, con\u00e7u pour ceux qui vivent la course avec caract\u00e8re.<\/p>\n<p data-start=\"453\" data-end=\"493\">La structure est con\u00e7ue pour garantir :<\/p>\n<ul data-start=\"494\" data-end=\"672\">\n<li data-section-id=\"11kowoy\" data-start=\"494\" data-end=\"552\"><strong data-start=\"496\" data-end=\"522\">Une respirabilit\u00e9 maximale<\/strong> pendant les phases les plus intenses<\/li>\n<li data-section-id=\"44cimc\" data-start=\"553\" data-end=\"607\"><strong data-start=\"555\" data-end=\"577\">Un confort prolong\u00e9<\/strong> m\u00eame sur de longues distances<\/li>\n<li data-section-id=\"vsqpcq\" data-start=\"608\" data-end=\"672\"><strong data-start=\"610\" data-end=\"638\">Protection et polyvalence<\/strong> dans diff\u00e9rents contextes d\u2019utilisation<\/li>\n<\/ul>\n<p data-start=\"674\" data-end=\"1241\">Fabriqu\u00e9 dans un tissu technique l\u00e9ger, il est id\u00e9al pour le <strong data-start=\"726\" data-end=\"749\">trail et l&#8217;ultra-trail<\/strong>, gr\u00e2ce \u00e0 sa capacit\u00e9 \u00e0 maintenir un \u00e9quilibre entre ventilation et couverture : efficace par temps chaud et adapt\u00e9 \u00e9galement aux temp\u00e9ratures plus fra\u00eeches. Sa structure contribue en outre \u00e0 <strong data-start=\"931\" data-end=\"970\">r\u00e9duire les frottements du sac \u00e0 dos<\/strong> sur les \u00e9paules. L&#8217;<strong data-start=\"988\" data-end=\"1020\">impression par sublimation int\u00e9grale<\/strong> garantit un graphisme r\u00e9sistant dans le temps, qui ne se d\u00e9t\u00e9riore pas et ne se d\u00e9colore pas. Avec un poids d&#8217;environ <strong data-start=\"1123\" data-end=\"1137\">105 grammes<\/strong>, elle est con\u00e7ue pour offrir performance et l\u00e9g\u00e8ret\u00e9 \u00e0 chaque sortie, de la montagne aux entra\u00eenements urbains.<\/p>\n","protected":false},"excerpt":{"rendered":"<ul>\n<li data-section-id=\"vxzxvo\" data-start=\"1462\" data-end=\"1541\"><strong data-start=\"1464\" data-end=\"1505\">Tissu technique l\u00e9ger et respirant<\/strong> pour plus de confort et une meilleure gestion de la chaleur<\/li>\n<li data-section-id=\"1s0ecz\" data-start=\"1542\" data-end=\"1608\"><strong data-start=\"1544\" data-end=\"1580\">Impression par sublimation r\u00e9sistante<\/strong> qui ne se d\u00e9colore pas avec le temps<\/li>\n<li data-section-id=\"1euwc4x\" data-start=\"1609\" data-end=\"1689\" data-is-last-node=\"\"><strong data-start=\"1611\" data-end=\"1658\">Id\u00e9al pour le trail, l&#8217;ultra-trail et l&#8217;entra\u00eenement<\/strong> avec une protection m\u00eame avec un sac \u00e0 dos<\/li>\n<\/ul>\n","protected":false},"featured_media":434483,"template":"","meta":{"_acf_changed":false,"inline_featured_image":false},"product_brand":[],"product_cat":[24449,24482],"product_tag":[23528,23567],"class_list":{"0":"post-434408","1":"product","2":"type-product","3":"status-publish","4":"has-post-thumbnail","6":"product_cat-t-shirt-fr-3","7":"product_cat-vetements-pour-hommes-fr","8":"product_tag-wild-tee-fr","9":"product_tag-wild-tee-homme","10":"pa_attivita-fitness-fr","11":"pa_attivita-marcher","12":"pa_attivita-running-fr","13":"pa_attivita-trail-fr","14":"pa_marca-wild-tee-fr","15":"pa_sesso-homme","16":"pa_size-small-fr","17":"pa_size-medium-fr","18":"pa_size-large-fr","19":"pa_size-extra-large-fr","21":"first","22":"instock","23":"sale","24":"taxable","25":"shipping-taxable","26":"purchasable","27":"product-type-variable","28":"wvs-archive-product-wrapper"},"acf":[],"yoast_head":"<!-- This site is optimized with the Yoast SEO plugin v26.8 - https:\/\/yoast.com\/product\/yoast-seo-wordpress\/ -->\n<title>Wild Tee T-shirt denali homme - T-shirt de course \u00e0 pied - MioMioRun<\/title>\n<meta name=\"description\" content=\"T-shirt technique l\u00e9ger et respirant, inspir\u00e9 du mod\u00e8le Denali, con\u00e7u pour offrir confort, r\u00e9sistance et polyvalence lors des courses de trail et des entra\u00eenements\" \/>\n<meta name=\"robots\" content=\"index, follow, max-snippet:-1, max-image-preview:large, max-video-preview:-1\" \/>\n<link rel=\"canonical\" href=\"https:\/\/www.miomiorun.com\/fr\/produit\/t-shirt-denali-homme\/\" \/>\n<meta property=\"og:locale\" content=\"fr_FR\" \/>\n<meta property=\"og:type\" content=\"article\" \/>\n<meta property=\"og:title\" content=\"Wild Tee T-shirt denali homme - T-shirt de course \u00e0 pied - MioMioRun\" \/>\n<meta property=\"og:description\" content=\"T-shirt technique l\u00e9ger et respirant, inspir\u00e9 du mod\u00e8le Denali, con\u00e7u pour offrir confort, r\u00e9sistance et polyvalence lors des courses de trail et des entra\u00eenements\" \/>\n<meta property=\"og:url\" content=\"https:\/\/www.miomiorun.com\/fr\/produit\/t-shirt-denali-homme\/\" \/>\n<meta property=\"og:site_name\" content=\"MioMioRun\" \/>\n<meta property=\"article:publisher\" content=\"https:\/\/www.facebook.com\/miomiorun\/\" \/>\n<meta property=\"article:modified_time\" content=\"2026-05-08T10:02:52+00:00\" \/>\n<meta property=\"og:image\" content=\"https:\/\/www.miomiorun.com\/app\/uploads\/2026\/04\/WildTee-T-shirt-M-denali-WT001WT221.webp\" \/>\n\t<meta property=\"og:image:width\" content=\"720\" \/>\n\t<meta property=\"og:image:height\" content=\"720\" \/>\n\t<meta property=\"og:image:type\" content=\"image\/webp\" \/>\n<meta name=\"twitter:card\" content=\"summary_large_image\" \/>\n<meta name=\"twitter:label1\" content=\"Est. reading time\" \/>\n\t<meta name=\"twitter:data1\" content=\"1 minute\" \/>\n<script type=\"application\/ld+json\" class=\"yoast-schema-graph\">{\"@context\":\"https:\/\/schema.org\",\"@graph\":[{\"@type\":\"WebPage\",\"@id\":\"https:\/\/www.miomiorun.com\/fr\/produit\/t-shirt-denali-homme\/\",\"url\":\"https:\/\/www.miomiorun.com\/fr\/produit\/t-shirt-denali-homme\/\",\"name\":\"Wild Tee T-shirt denali homme - T-shirt de course \u00e0 pied - MioMioRun\",\"isPartOf\":{\"@id\":\"https:\/\/www.miomiorun.com\/fr\/#website\"},\"primaryImageOfPage\":{\"@id\":\"https:\/\/www.miomiorun.com\/fr\/produit\/t-shirt-denali-homme\/#primaryimage\"},\"image\":{\"@id\":\"https:\/\/www.miomiorun.com\/fr\/produit\/t-shirt-denali-homme\/#primaryimage\"},\"thumbnailUrl\":\"https:\/\/www.miomiorun.com\/app\/uploads\/2026\/04\/WildTee-T-shirt-M-denali-WT001WT221.webp\",\"datePublished\":\"2026-04-22T07:47:43+00:00\",\"dateModified\":\"2026-05-08T10:02:52+00:00\",\"description\":\"T-shirt technique l\u00e9ger et respirant, inspir\u00e9 du mod\u00e8le Denali, con\u00e7u pour offrir confort, r\u00e9sistance et polyvalence lors des courses de trail et des entra\u00eenements\",\"breadcrumb\":{\"@id\":\"https:\/\/www.miomiorun.com\/fr\/produit\/t-shirt-denali-homme\/#breadcrumb\"},\"inLanguage\":\"fr-FR\",\"potentialAction\":[{\"@type\":\"ReadAction\",\"target\":[\"https:\/\/www.miomiorun.com\/fr\/produit\/t-shirt-denali-homme\/\"]}]},{\"@type\":\"ImageObject\",\"inLanguage\":\"fr-FR\",\"@id\":\"https:\/\/www.miomiorun.com\/fr\/produit\/t-shirt-denali-homme\/#primaryimage\",\"url\":\"https:\/\/www.miomiorun.com\/app\/uploads\/2026\/04\/WildTee-T-shirt-M-denali-WT001WT221.webp\",\"contentUrl\":\"https:\/\/www.miomiorun.com\/app\/uploads\/2026\/04\/WildTee-T-shirt-M-denali-WT001WT221.webp\",\"width\":720,\"height\":720,\"caption\":\"WildTee T-shirt M denali WT001WT221\"},{\"@type\":\"BreadcrumbList\",\"@id\":\"https:\/\/www.miomiorun.com\/fr\/produit\/t-shirt-denali-homme\/#breadcrumb\",\"itemListElement\":[{\"@type\":\"ListItem\",\"position\":1,\"name\":\"Home\",\"item\":\"https:\/\/www.miomiorun.com\/fr\/home-page\/\"},{\"@type\":\"ListItem\",\"position\":2,\"name\":\"Shop\",\"item\":\"https:\/\/www.miomiorun.com\/shop\/\"},{\"@type\":\"ListItem\",\"position\":3,\"name\":\"T-shirt denali homme\"}]},{\"@type\":\"WebSite\",\"@id\":\"https:\/\/www.miomiorun.com\/fr\/#website\",\"url\":\"https:\/\/www.miomiorun.com\/fr\/\",\"name\":\"MioMioRun\",\"description\":\"Boutique 100% running et trail\",\"publisher\":{\"@id\":\"https:\/\/www.miomiorun.com\/fr\/#organization\"},\"potentialAction\":[{\"@type\":\"SearchAction\",\"target\":{\"@type\":\"EntryPoint\",\"urlTemplate\":\"https:\/\/www.miomiorun.com\/fr\/?s={search_term_string}\"},\"query-input\":{\"@type\":\"PropertyValueSpecification\",\"valueRequired\":true,\"valueName\":\"search_term_string\"}}],\"inLanguage\":\"fr-FR\"},{\"@type\":\"Organization\",\"@id\":\"https:\/\/www.miomiorun.com\/fr\/#organization\",\"name\":\"MioMio Run\",\"url\":\"https:\/\/www.miomiorun.com\/fr\/\",\"logo\":{\"@type\":\"ImageObject\",\"inLanguage\":\"fr-FR\",\"@id\":\"https:\/\/www.miomiorun.com\/fr\/#\/schema\/logo\/image\/\",\"url\":\"https:\/\/www.miomiorun.com\/app\/uploads\/2019\/12\/logomio.png\",\"contentUrl\":\"https:\/\/www.miomiorun.com\/app\/uploads\/2019\/12\/logomio.png\",\"width\":115,\"height\":82,\"caption\":\"MioMio Run\"},\"image\":{\"@id\":\"https:\/\/www.miomiorun.com\/fr\/#\/schema\/logo\/image\/\"},\"sameAs\":[\"https:\/\/www.facebook.com\/miomiorun\/\",\"https:\/\/www.instagram.com\/miomiorun\/\"]}]}<\/script>\n<!-- \/ Yoast SEO plugin. -->","yoast_head_json":{"title":"Wild Tee T-shirt denali homme - T-shirt de course \u00e0 pied - MioMioRun","description":"T-shirt technique l\u00e9ger et respirant, inspir\u00e9 du mod\u00e8le Denali, con\u00e7u pour offrir confort, r\u00e9sistance et polyvalence lors des courses de trail et des entra\u00eenements","robots":{"index":"index","follow":"follow","max-snippet":"max-snippet:-1","max-image-preview":"max-image-preview:large","max-video-preview":"max-video-preview:-1"},"canonical":"https:\/\/www.miomiorun.com\/fr\/produit\/t-shirt-denali-homme\/","og_locale":"fr_FR","og_type":"article","og_title":"Wild Tee T-shirt denali homme - T-shirt de course \u00e0 pied - MioMioRun","og_description":"T-shirt technique l\u00e9ger et respirant, inspir\u00e9 du mod\u00e8le Denali, con\u00e7u pour offrir confort, r\u00e9sistance et polyvalence lors des courses de trail et des entra\u00eenements","og_url":"https:\/\/www.miomiorun.com\/fr\/produit\/t-shirt-denali-homme\/","og_site_name":"MioMioRun","article_publisher":"https:\/\/www.facebook.com\/miomiorun\/","article_modified_time":"2026-05-08T10:02:52+00:00","og_image":[{"width":720,"height":720,"url":"https:\/\/www.miomiorun.com\/app\/uploads\/2026\/04\/WildTee-T-shirt-M-denali-WT001WT221.webp","type":"image\/webp"}],"twitter_card":"summary_large_image","twitter_misc":{"Est. reading time":"1 minute"},"schema":{"@context":"https:\/\/schema.org","@graph":[{"@type":"WebPage","@id":"https:\/\/www.miomiorun.com\/fr\/produit\/t-shirt-denali-homme\/","url":"https:\/\/www.miomiorun.com\/fr\/produit\/t-shirt-denali-homme\/","name":"Wild Tee T-shirt denali homme - T-shirt de course \u00e0 pied - MioMioRun","isPartOf":{"@id":"https:\/\/www.miomiorun.com\/fr\/#website"},"primaryImageOfPage":{"@id":"https:\/\/www.miomiorun.com\/fr\/produit\/t-shirt-denali-homme\/#primaryimage"},"image":{"@id":"https:\/\/www.miomiorun.com\/fr\/produit\/t-shirt-denali-homme\/#primaryimage"},"thumbnailUrl":"https:\/\/www.miomiorun.com\/app\/uploads\/2026\/04\/WildTee-T-shirt-M-denali-WT001WT221.webp","datePublished":"2026-04-22T07:47:43+00:00","dateModified":"2026-05-08T10:02:52+00:00","description":"T-shirt technique l\u00e9ger et respirant, inspir\u00e9 du mod\u00e8le Denali, con\u00e7u pour offrir confort, r\u00e9sistance et polyvalence lors des courses de trail et des entra\u00eenements","breadcrumb":{"@id":"https:\/\/www.miomiorun.com\/fr\/produit\/t-shirt-denali-homme\/#breadcrumb"},"inLanguage":"fr-FR","potentialAction":[{"@type":"ReadAction","target":["https:\/\/www.miomiorun.com\/fr\/produit\/t-shirt-denali-homme\/"]}]},{"@type":"ImageObject","inLanguage":"fr-FR","@id":"https:\/\/www.miomiorun.com\/fr\/produit\/t-shirt-denali-homme\/#primaryimage","url":"https:\/\/www.miomiorun.com\/app\/uploads\/2026\/04\/WildTee-T-shirt-M-denali-WT001WT221.webp","contentUrl":"https:\/\/www.miomiorun.com\/app\/uploads\/2026\/04\/WildTee-T-shirt-M-denali-WT001WT221.webp","width":720,"height":720,"caption":"WildTee T-shirt M denali WT001WT221"},{"@type":"BreadcrumbList","@id":"https:\/\/www.miomiorun.com\/fr\/produit\/t-shirt-denali-homme\/#breadcrumb","itemListElement":[{"@type":"ListItem","position":1,"name":"Home","item":"https:\/\/www.miomiorun.com\/fr\/home-page\/"},{"@type":"ListItem","position":2,"name":"Shop","item":"https:\/\/www.miomiorun.com\/shop\/"},{"@type":"ListItem","position":3,"name":"T-shirt denali homme"}]},{"@type":"WebSite","@id":"https:\/\/www.miomiorun.com\/fr\/#website","url":"https:\/\/www.miomiorun.com\/fr\/","name":"MioMioRun","description":"Boutique 100% running et trail","publisher":{"@id":"https:\/\/www.miomiorun.com\/fr\/#organization"},"potentialAction":[{"@type":"SearchAction","target":{"@type":"EntryPoint","urlTemplate":"https:\/\/www.miomiorun.com\/fr\/?s={search_term_string}"},"query-input":{"@type":"PropertyValueSpecification","valueRequired":true,"valueName":"search_term_string"}}],"inLanguage":"fr-FR"},{"@type":"Organization","@id":"https:\/\/www.miomiorun.com\/fr\/#organization","name":"MioMio Run","url":"https:\/\/www.miomiorun.com\/fr\/","logo":{"@type":"ImageObject","inLanguage":"fr-FR","@id":"https:\/\/www.miomiorun.com\/fr\/#\/schema\/logo\/image\/","url":"https:\/\/www.miomiorun.com\/app\/uploads\/2019\/12\/logomio.png","contentUrl":"https:\/\/www.miomiorun.com\/app\/uploads\/2019\/12\/logomio.png","width":115,"height":82,"caption":"MioMio Run"},"image":{"@id":"https:\/\/www.miomiorun.com\/fr\/#\/schema\/logo\/image\/"},"sameAs":["https:\/\/www.facebook.com\/miomiorun\/","https:\/\/www.instagram.com\/miomiorun\/"]}]}},"_links":{"self":[{"href":"https:\/\/www.miomiorun.com\/fr\/wp-json\/wp\/v2\/product\/434408","targetHints":{"allow":["GET"]}}],"collection":[{"href":"https:\/\/www.miomiorun.com\/fr\/wp-json\/wp\/v2\/product"}],"about":[{"href":"https:\/\/www.miomiorun.com\/fr\/wp-json\/wp\/v2\/types\/product"}],"wp:featuredmedia":[{"embeddable":true,"href":"https:\/\/www.miomiorun.com\/fr\/wp-json\/wp\/v2\/media\/434483"}],"wp:attachment":[{"href":"https:\/\/www.miomiorun.com\/fr\/wp-json\/wp\/v2\/media?parent=434408"}],"wp:term":[{"taxonomy":"product_brand","embeddable":true,"href":"https:\/\/www.miomiorun.com\/fr\/wp-json\/wp\/v2\/product_brand?post=434408"},{"taxonomy":"product_cat","embeddable":true,"href":"https:\/\/www.miomiorun.com\/fr\/wp-json\/wp\/v2\/product_cat?post=434408"},{"taxonomy":"product_tag","embeddable":true,"href":"https:\/\/www.miomiorun.com\/fr\/wp-json\/wp\/v2\/product_tag?post=434408"}],"curies":[{"name":"wp","href":"https:\/\/api.w.org\/{rel}","templated":true}]}}