{"id":434352,"date":"2026-04-22T09:33:38","date_gmt":"2026-04-22T07:33:38","guid":{"rendered":"https:\/\/www.miomiorun.com\/?post_type=product&#038;p=434352"},"modified":"2026-05-09T15:51:03","modified_gmt":"2026-05-09T13:51:03","slug":"t-shirt-dune-homme","status":"publish","type":"product","link":"https:\/\/www.miomiorun.com\/fr\/produit\/t-shirt-dune-homme\/","title":{"rendered":"T-shirt dune homme"},"content":{"rendered":"<p data-start=\"0\" data-end=\"398\">Ce t-shirt technique \u00e9voque l&#8217;ambiance du <strong data-start=\"78\" data-end=\"101\">Marathon des Sables<\/strong>, entre <strong data-start=\"107\" data-end=\"115\">dunes<\/strong>, <strong data-start=\"117\" data-end=\"128\">mirages<\/strong> et paysages extr\u00eames, transformant chaque course en une exp\u00e9rience \u00e9vocatrice. Le design associe <strong data-start=\"219\" data-end=\"247\">des formes g\u00e9om\u00e9triques marqu\u00e9es<\/strong> \u00e0 des \u00e9l\u00e9ments inspir\u00e9s du d\u00e9sert, cr\u00e9ant un motif distinctif qui \u00e9voque une oasis cach\u00e9e, compl\u00e9t\u00e9 par le <strong data-start=\"358\" data-end=\"387\">logo Wild Tee contrast\u00e9<\/strong> sur la poitrine.<\/p>\n<p data-start=\"400\" data-end=\"440\">La structure est con\u00e7ue pour garantir :<\/p>\n<ul data-start=\"441\" data-end=\"617\">\n<li data-section-id=\"11kowoy\" data-start=\"441\" data-end=\"499\"><strong data-start=\"443\" data-end=\"469\">Une respirabilit\u00e9 maximale<\/strong> pendant les phases les plus intenses<\/li>\n<li data-section-id=\"1tam1nj\" data-start=\"500\" data-end=\"556\"><strong data-start=\"502\" data-end=\"522\">Un confort constant<\/strong> m\u00eame en cas de variations de temp\u00e9rature<\/li>\n<li data-section-id=\"lv85lu\" data-start=\"557\" data-end=\"617\"><strong data-start=\"559\" data-end=\"587\">Protection et polyvalence<\/strong> pour diff\u00e9rents types d\u2019utilisation<\/li>\n<\/ul>\n<p data-start=\"619\" data-end=\"1244\">Fabriqu\u00e9 en <strong data-start=\"633\" data-end=\"664\">micromesh doux comme de la soie<\/strong>, il offre une sensation de l\u00e9g\u00e8ret\u00e9 et de fluidit\u00e9 sur la peau, avec un grammage \u00e9tudi\u00e9 pour s&#8217;adapter aussi bien aux <strong data-start=\"768\" data-end=\"799\">courses de trail et d&#8217;ultra-trail<\/strong> qu&#8217;aux entra\u00eenements quotidiens. Le tissu est respirant par temps chaud mais offre une couverture suffisante lorsque les temp\u00e9ratures baissent, contribuant \u00e9galement \u00e0 r\u00e9duire les frottements du sac \u00e0 dos sur les \u00e9paules. L&#8217;<strong data-start=\"1015\" data-end=\"1047\">impression par sublimation int\u00e9grale<\/strong> pr\u00e9serve les couleurs et les d\u00e9tails au fil du temps sans se d\u00e9t\u00e9riorer ni se d\u00e9colorer. Avec un poids d&#8217;environ <strong data-start=\"1138\" data-end=\"1152\">105 grammes<\/strong>, elle est con\u00e7ue pour vous accompagner dans toutes vos sorties, de la course en pleine nature aux entra\u00eenements en ville.<\/p>\n","protected":false},"excerpt":{"rendered":"<ul>\n<li data-section-id=\"16d23x0\" data-start=\"1477\" data-end=\"1558\"><strong data-start=\"1479\" data-end=\"1522\">Tissu Micromesh l\u00e9ger et respirant<\/strong> pour plus de confort et une meilleure gestion de la chaleur<\/li>\n<li data-section-id=\"1s0ecz\" data-start=\"1559\" data-end=\"1625\"><strong data-start=\"1561\" data-end=\"1597\">Impression par sublimation r\u00e9sistante<\/strong> qui ne se d\u00e9colore pas avec le temps<\/li>\n<li data-section-id=\"6itmty\" data-start=\"1626\" data-end=\"1709\" data-is-last-node=\"\"><strong data-start=\"1628\" data-end=\"1678\">Polyvalent pour le trail, l&#8217;ultra-trail et l&#8217;entra\u00eenement<\/strong> avec une protection m\u00eame avec un sac \u00e0 dos<\/li>\n<\/ul>\n","protected":false},"featured_media":434389,"template":"","meta":{"_acf_changed":false,"inline_featured_image":false},"product_brand":[],"product_cat":[24449,24482],"product_tag":[23528,23567],"class_list":{"0":"post-434352","1":"product","2":"type-product","3":"status-publish","4":"has-post-thumbnail","6":"product_cat-t-shirt-fr-3","7":"product_cat-vetements-pour-hommes-fr","8":"product_tag-wild-tee-fr","9":"product_tag-wild-tee-homme","10":"pa_attivita-fitness-fr","11":"pa_attivita-lifestyle-fr","12":"pa_attivita-running-fr","13":"pa_marca-wild-tee-fr","14":"pa_sesso-homme","15":"pa_size-small-fr","16":"pa_size-medium-fr","17":"pa_size-large-fr","18":"pa_size-extra-large-fr","20":"first","21":"instock","22":"sale","23":"taxable","24":"shipping-taxable","25":"purchasable","26":"product-type-variable","27":"wvs-archive-product-wrapper"},"acf":[],"yoast_head":"<!-- This site is optimized with the Yoast SEO plugin v26.8 - https:\/\/yoast.com\/product\/yoast-seo-wordpress\/ -->\n<title>Wild Tee T-shirt dune homme - T-shirt de course \u00e0 pied - MioMioRun<\/title>\n<meta name=\"description\" content=\"Tissu l\u00e9ger et respirant, inspir\u00e9 du d\u00e9sert, con\u00e7u pour offrir confort, r\u00e9sistance et polyvalence lors des courses de trail et des entra\u00eenements\" \/>\n<meta name=\"robots\" content=\"index, follow, max-snippet:-1, max-image-preview:large, max-video-preview:-1\" \/>\n<link rel=\"canonical\" href=\"https:\/\/www.miomiorun.com\/fr\/produit\/t-shirt-dune-homme\/\" \/>\n<meta property=\"og:locale\" content=\"fr_FR\" \/>\n<meta property=\"og:type\" content=\"article\" \/>\n<meta property=\"og:title\" content=\"Wild Tee T-shirt dune homme - T-shirt de course \u00e0 pied - MioMioRun\" \/>\n<meta property=\"og:description\" content=\"Tissu l\u00e9ger et respirant, inspir\u00e9 du d\u00e9sert, con\u00e7u pour offrir confort, r\u00e9sistance et polyvalence lors des courses de trail et des entra\u00eenements\" \/>\n<meta property=\"og:url\" content=\"https:\/\/www.miomiorun.com\/fr\/produit\/t-shirt-dune-homme\/\" \/>\n<meta property=\"og:site_name\" content=\"MioMioRun\" \/>\n<meta property=\"article:publisher\" content=\"https:\/\/www.facebook.com\/miomiorun\/\" \/>\n<meta property=\"article:modified_time\" content=\"2026-05-09T13:51:03+00:00\" \/>\n<meta property=\"og:image\" content=\"https:\/\/www.miomiorun.com\/app\/uploads\/2026\/04\/WildTee-T-shirt-M-dune-WT001WT146.webp\" \/>\n\t<meta property=\"og:image:width\" content=\"720\" \/>\n\t<meta property=\"og:image:height\" content=\"720\" \/>\n\t<meta property=\"og:image:type\" content=\"image\/webp\" \/>\n<meta name=\"twitter:card\" content=\"summary_large_image\" \/>\n<meta name=\"twitter:label1\" content=\"Est. reading time\" \/>\n\t<meta name=\"twitter:data1\" content=\"1 minute\" \/>\n<script type=\"application\/ld+json\" class=\"yoast-schema-graph\">{\"@context\":\"https:\/\/schema.org\",\"@graph\":[{\"@type\":\"WebPage\",\"@id\":\"https:\/\/www.miomiorun.com\/fr\/produit\/t-shirt-dune-homme\/\",\"url\":\"https:\/\/www.miomiorun.com\/fr\/produit\/t-shirt-dune-homme\/\",\"name\":\"Wild Tee T-shirt dune homme - T-shirt de course \u00e0 pied - MioMioRun\",\"isPartOf\":{\"@id\":\"https:\/\/www.miomiorun.com\/fr\/#website\"},\"primaryImageOfPage\":{\"@id\":\"https:\/\/www.miomiorun.com\/fr\/produit\/t-shirt-dune-homme\/#primaryimage\"},\"image\":{\"@id\":\"https:\/\/www.miomiorun.com\/fr\/produit\/t-shirt-dune-homme\/#primaryimage\"},\"thumbnailUrl\":\"https:\/\/www.miomiorun.com\/app\/uploads\/2026\/04\/WildTee-T-shirt-M-dune-WT001WT146.webp\",\"datePublished\":\"2026-04-22T07:33:38+00:00\",\"dateModified\":\"2026-05-09T13:51:03+00:00\",\"description\":\"Tissu l\u00e9ger et respirant, inspir\u00e9 du d\u00e9sert, con\u00e7u pour offrir confort, r\u00e9sistance et polyvalence lors des courses de trail et des entra\u00eenements\",\"breadcrumb\":{\"@id\":\"https:\/\/www.miomiorun.com\/fr\/produit\/t-shirt-dune-homme\/#breadcrumb\"},\"inLanguage\":\"fr-FR\",\"potentialAction\":[{\"@type\":\"ReadAction\",\"target\":[\"https:\/\/www.miomiorun.com\/fr\/produit\/t-shirt-dune-homme\/\"]}]},{\"@type\":\"ImageObject\",\"inLanguage\":\"fr-FR\",\"@id\":\"https:\/\/www.miomiorun.com\/fr\/produit\/t-shirt-dune-homme\/#primaryimage\",\"url\":\"https:\/\/www.miomiorun.com\/app\/uploads\/2026\/04\/WildTee-T-shirt-M-dune-WT001WT146.webp\",\"contentUrl\":\"https:\/\/www.miomiorun.com\/app\/uploads\/2026\/04\/WildTee-T-shirt-M-dune-WT001WT146.webp\",\"width\":720,\"height\":720,\"caption\":\"WildTee T-shirt M dune WT001WT146\"},{\"@type\":\"BreadcrumbList\",\"@id\":\"https:\/\/www.miomiorun.com\/fr\/produit\/t-shirt-dune-homme\/#breadcrumb\",\"itemListElement\":[{\"@type\":\"ListItem\",\"position\":1,\"name\":\"Home\",\"item\":\"https:\/\/www.miomiorun.com\/fr\/home-page\/\"},{\"@type\":\"ListItem\",\"position\":2,\"name\":\"Shop\",\"item\":\"https:\/\/www.miomiorun.com\/shop\/\"},{\"@type\":\"ListItem\",\"position\":3,\"name\":\"T-shirt dune homme\"}]},{\"@type\":\"WebSite\",\"@id\":\"https:\/\/www.miomiorun.com\/fr\/#website\",\"url\":\"https:\/\/www.miomiorun.com\/fr\/\",\"name\":\"MioMioRun\",\"description\":\"Boutique 100% running et trail\",\"publisher\":{\"@id\":\"https:\/\/www.miomiorun.com\/fr\/#organization\"},\"potentialAction\":[{\"@type\":\"SearchAction\",\"target\":{\"@type\":\"EntryPoint\",\"urlTemplate\":\"https:\/\/www.miomiorun.com\/fr\/?s={search_term_string}\"},\"query-input\":{\"@type\":\"PropertyValueSpecification\",\"valueRequired\":true,\"valueName\":\"search_term_string\"}}],\"inLanguage\":\"fr-FR\"},{\"@type\":\"Organization\",\"@id\":\"https:\/\/www.miomiorun.com\/fr\/#organization\",\"name\":\"MioMio Run\",\"url\":\"https:\/\/www.miomiorun.com\/fr\/\",\"logo\":{\"@type\":\"ImageObject\",\"inLanguage\":\"fr-FR\",\"@id\":\"https:\/\/www.miomiorun.com\/fr\/#\/schema\/logo\/image\/\",\"url\":\"https:\/\/www.miomiorun.com\/app\/uploads\/2019\/12\/logomio.png\",\"contentUrl\":\"https:\/\/www.miomiorun.com\/app\/uploads\/2019\/12\/logomio.png\",\"width\":115,\"height\":82,\"caption\":\"MioMio Run\"},\"image\":{\"@id\":\"https:\/\/www.miomiorun.com\/fr\/#\/schema\/logo\/image\/\"},\"sameAs\":[\"https:\/\/www.facebook.com\/miomiorun\/\",\"https:\/\/www.instagram.com\/miomiorun\/\"]}]}<\/script>\n<!-- \/ Yoast SEO plugin. -->","yoast_head_json":{"title":"Wild Tee T-shirt dune homme - T-shirt de course \u00e0 pied - MioMioRun","description":"Tissu l\u00e9ger et respirant, inspir\u00e9 du d\u00e9sert, con\u00e7u pour offrir confort, r\u00e9sistance et polyvalence lors des courses de trail et des entra\u00eenements","robots":{"index":"index","follow":"follow","max-snippet":"max-snippet:-1","max-image-preview":"max-image-preview:large","max-video-preview":"max-video-preview:-1"},"canonical":"https:\/\/www.miomiorun.com\/fr\/produit\/t-shirt-dune-homme\/","og_locale":"fr_FR","og_type":"article","og_title":"Wild Tee T-shirt dune homme - T-shirt de course \u00e0 pied - MioMioRun","og_description":"Tissu l\u00e9ger et respirant, inspir\u00e9 du d\u00e9sert, con\u00e7u pour offrir confort, r\u00e9sistance et polyvalence lors des courses de trail et des entra\u00eenements","og_url":"https:\/\/www.miomiorun.com\/fr\/produit\/t-shirt-dune-homme\/","og_site_name":"MioMioRun","article_publisher":"https:\/\/www.facebook.com\/miomiorun\/","article_modified_time":"2026-05-09T13:51:03+00:00","og_image":[{"width":720,"height":720,"url":"https:\/\/www.miomiorun.com\/app\/uploads\/2026\/04\/WildTee-T-shirt-M-dune-WT001WT146.webp","type":"image\/webp"}],"twitter_card":"summary_large_image","twitter_misc":{"Est. reading time":"1 minute"},"schema":{"@context":"https:\/\/schema.org","@graph":[{"@type":"WebPage","@id":"https:\/\/www.miomiorun.com\/fr\/produit\/t-shirt-dune-homme\/","url":"https:\/\/www.miomiorun.com\/fr\/produit\/t-shirt-dune-homme\/","name":"Wild Tee T-shirt dune homme - T-shirt de course \u00e0 pied - MioMioRun","isPartOf":{"@id":"https:\/\/www.miomiorun.com\/fr\/#website"},"primaryImageOfPage":{"@id":"https:\/\/www.miomiorun.com\/fr\/produit\/t-shirt-dune-homme\/#primaryimage"},"image":{"@id":"https:\/\/www.miomiorun.com\/fr\/produit\/t-shirt-dune-homme\/#primaryimage"},"thumbnailUrl":"https:\/\/www.miomiorun.com\/app\/uploads\/2026\/04\/WildTee-T-shirt-M-dune-WT001WT146.webp","datePublished":"2026-04-22T07:33:38+00:00","dateModified":"2026-05-09T13:51:03+00:00","description":"Tissu l\u00e9ger et respirant, inspir\u00e9 du d\u00e9sert, con\u00e7u pour offrir confort, r\u00e9sistance et polyvalence lors des courses de trail et des entra\u00eenements","breadcrumb":{"@id":"https:\/\/www.miomiorun.com\/fr\/produit\/t-shirt-dune-homme\/#breadcrumb"},"inLanguage":"fr-FR","potentialAction":[{"@type":"ReadAction","target":["https:\/\/www.miomiorun.com\/fr\/produit\/t-shirt-dune-homme\/"]}]},{"@type":"ImageObject","inLanguage":"fr-FR","@id":"https:\/\/www.miomiorun.com\/fr\/produit\/t-shirt-dune-homme\/#primaryimage","url":"https:\/\/www.miomiorun.com\/app\/uploads\/2026\/04\/WildTee-T-shirt-M-dune-WT001WT146.webp","contentUrl":"https:\/\/www.miomiorun.com\/app\/uploads\/2026\/04\/WildTee-T-shirt-M-dune-WT001WT146.webp","width":720,"height":720,"caption":"WildTee T-shirt M dune WT001WT146"},{"@type":"BreadcrumbList","@id":"https:\/\/www.miomiorun.com\/fr\/produit\/t-shirt-dune-homme\/#breadcrumb","itemListElement":[{"@type":"ListItem","position":1,"name":"Home","item":"https:\/\/www.miomiorun.com\/fr\/home-page\/"},{"@type":"ListItem","position":2,"name":"Shop","item":"https:\/\/www.miomiorun.com\/shop\/"},{"@type":"ListItem","position":3,"name":"T-shirt dune homme"}]},{"@type":"WebSite","@id":"https:\/\/www.miomiorun.com\/fr\/#website","url":"https:\/\/www.miomiorun.com\/fr\/","name":"MioMioRun","description":"Boutique 100% running et trail","publisher":{"@id":"https:\/\/www.miomiorun.com\/fr\/#organization"},"potentialAction":[{"@type":"SearchAction","target":{"@type":"EntryPoint","urlTemplate":"https:\/\/www.miomiorun.com\/fr\/?s={search_term_string}"},"query-input":{"@type":"PropertyValueSpecification","valueRequired":true,"valueName":"search_term_string"}}],"inLanguage":"fr-FR"},{"@type":"Organization","@id":"https:\/\/www.miomiorun.com\/fr\/#organization","name":"MioMio Run","url":"https:\/\/www.miomiorun.com\/fr\/","logo":{"@type":"ImageObject","inLanguage":"fr-FR","@id":"https:\/\/www.miomiorun.com\/fr\/#\/schema\/logo\/image\/","url":"https:\/\/www.miomiorun.com\/app\/uploads\/2019\/12\/logomio.png","contentUrl":"https:\/\/www.miomiorun.com\/app\/uploads\/2019\/12\/logomio.png","width":115,"height":82,"caption":"MioMio Run"},"image":{"@id":"https:\/\/www.miomiorun.com\/fr\/#\/schema\/logo\/image\/"},"sameAs":["https:\/\/www.facebook.com\/miomiorun\/","https:\/\/www.instagram.com\/miomiorun\/"]}]}},"_links":{"self":[{"href":"https:\/\/www.miomiorun.com\/fr\/wp-json\/wp\/v2\/product\/434352","targetHints":{"allow":["GET"]}}],"collection":[{"href":"https:\/\/www.miomiorun.com\/fr\/wp-json\/wp\/v2\/product"}],"about":[{"href":"https:\/\/www.miomiorun.com\/fr\/wp-json\/wp\/v2\/types\/product"}],"wp:featuredmedia":[{"embeddable":true,"href":"https:\/\/www.miomiorun.com\/fr\/wp-json\/wp\/v2\/media\/434389"}],"wp:attachment":[{"href":"https:\/\/www.miomiorun.com\/fr\/wp-json\/wp\/v2\/media?parent=434352"}],"wp:term":[{"taxonomy":"product_brand","embeddable":true,"href":"https:\/\/www.miomiorun.com\/fr\/wp-json\/wp\/v2\/product_brand?post=434352"},{"taxonomy":"product_cat","embeddable":true,"href":"https:\/\/www.miomiorun.com\/fr\/wp-json\/wp\/v2\/product_cat?post=434352"},{"taxonomy":"product_tag","embeddable":true,"href":"https:\/\/www.miomiorun.com\/fr\/wp-json\/wp\/v2\/product_tag?post=434352"}],"curies":[{"name":"wp","href":"https:\/\/api.w.org\/{rel}","templated":true}]}}