{"id":434291,"date":"2026-04-21T19:17:32","date_gmt":"2026-04-21T17:17:32","guid":{"rendered":"https:\/\/www.miomiorun.com\/?post_type=product&#038;p=434291"},"modified":"2026-05-07T17:38:15","modified_gmt":"2026-05-07T15:38:15","slug":"unstoppable-woven-homme","status":"publish","type":"product","link":"https:\/\/www.miomiorun.com\/fr\/produit\/unstoppable-woven-homme\/","title":{"rendered":"Unstoppable woven homme"},"content":{"rendered":"<p data-start=\"0\" data-end=\"357\">La veste pour homme <span class=\"hover:entity-accent entity-underline inline cursor-pointer align-baseline\"><span class=\"whitespace-normal\">Under Armour<\/span><\/span> UA Unstoppable Woven est con\u00e7ue pour offrir <strong data-start=\"130\" data-end=\"144\">protection<\/strong>, <strong data-start=\"146\" data-end=\"160\">r\u00e9sistance<\/strong> et <strong data-start=\"163\" data-end=\"187\">libert\u00e9 de mouvement<\/strong> en toute circonstance. R\u00e9alis\u00e9e dans un tissu technique de pointe, elle allie fonctionnalit\u00e9 et confort pour vous accompagner aussi bien lors de vos activit\u00e9s sportives que dans votre vie quotidienne.<\/p>\n<p data-start=\"359\" data-end=\"397\">Sa conception est pens\u00e9e pour garantir :<\/p>\n<ul data-start=\"398\" data-end=\"612\">\n<li data-section-id=\"1ihndsf\" data-start=\"398\" data-end=\"481\"><strong data-start=\"400\" data-end=\"428\">Protection contre la pluie<\/strong> gr\u00e2ce \u00e0 la technologie <strong data-start=\"452\" data-end=\"479\">UA Storm hydrofuge<\/strong><\/li>\n<li data-section-id=\"1b6ab6p\" data-start=\"482\" data-end=\"554\"><strong data-start=\"484\" data-end=\"526\">Une libert\u00e9 de mouvement naturelle et sans contrainte<\/strong> gr\u00e2ce au tissu extensible<\/li>\n<li data-section-id=\"onyx90\" data-start=\"555\" data-end=\"612\"><strong data-start=\"557\" data-end=\"584\">R\u00e9sistance et l\u00e9g\u00e8ret\u00e9<\/strong> pour une utilisation polyvalente<\/li>\n<\/ul>\n<p data-start=\"614\" data-end=\"914\">Les <strong data-start=\"617\" data-end=\"644\">poches lat\u00e9rales zipp\u00e9es<\/strong> offrent praticit\u00e9 et s\u00e9curit\u00e9 pour vos effets personnels, tandis que le <strong data-start=\"712\" data-end=\"765\">cordon de serrage r\u00e9glable sur la capuche et l&#8217;ourlet inf\u00e9rieur<\/strong> permet d&#8217;ajuster la coupe selon vos besoins. Une veste con\u00e7ue pour affronter des conditions variables tout en conservant confort et fonctionnalit\u00e9.<\/p>\n","protected":false},"excerpt":{"rendered":"<ul>\n<li data-section-id=\"17bris1\" data-start=\"1118\" data-end=\"1192\"><strong data-start=\"1120\" data-end=\"1158\">Technologie UA Storm hydrofuge<\/strong> pour une protection et une respirabilit\u00e9 optimales<\/li>\n<li data-section-id=\"g55f81\" data-start=\"1193\" data-end=\"1266\"><strong data-start=\"1195\" data-end=\"1241\">Tissu extensible l\u00e9ger et r\u00e9sistant<\/strong> pour plus de confort et de libert\u00e9 de mouvement<\/li>\n<li data-section-id=\"qd8a6g\" data-start=\"1267\" data-end=\"1337\" data-is-last-node=\"\"><strong data-start=\"1269\" data-end=\"1309\">Cordon de serrage r\u00e9glable et poches zipp\u00e9es<\/strong> pour un ajustement parfait et plus de praticit\u00e9<\/li>\n<\/ul>\n","protected":false},"featured_media":434320,"template":"","meta":{"_acf_changed":false,"inline_featured_image":false},"product_brand":[],"product_cat":[24480,24482,24484],"product_tag":[23530,23574],"class_list":{"0":"post-434291","1":"product","2":"type-product","3":"status-publish","4":"has-post-thumbnail","6":"product_cat-vestes-fr-2","7":"product_cat-vetements-pour-hommes-fr","8":"product_cat-homme","9":"product_tag-under-armour-fr","10":"product_tag-under-armour-homme","11":"pa_attivita-fitness-fr","12":"pa_attivita-lifestyle-fr","13":"pa_colore-unstoppable-woven-black","14":"pa_marca-under-armour-fr","15":"pa_sesso-homme","16":"pa_size-small-fr","17":"pa_size-medium-fr","18":"pa_size-large-fr","20":"first","21":"instock","22":"sale","23":"taxable","24":"shipping-taxable","25":"purchasable","26":"product-type-variable","27":"wvs-archive-product-wrapper"},"acf":[],"yoast_head":"<!-- This site is optimized with the Yoast SEO plugin v26.8 - https:\/\/yoast.com\/product\/yoast-seo-wordpress\/ -->\n<title>Under Armour Unstoppable woven homme - Polo de course - MioMioRun<\/title>\n<meta name=\"description\" content=\"Veste technique l\u00e9g\u00e8re et d\u00e9perlante, con\u00e7ue pour offrir protection, r\u00e9sistance et une libert\u00e9 de mouvement maximale en toutes circonstances.\" \/>\n<meta name=\"robots\" content=\"index, follow, max-snippet:-1, max-image-preview:large, max-video-preview:-1\" \/>\n<link rel=\"canonical\" href=\"https:\/\/www.miomiorun.com\/fr\/produit\/unstoppable-woven-homme\/\" \/>\n<meta property=\"og:locale\" content=\"fr_FR\" \/>\n<meta property=\"og:type\" content=\"article\" \/>\n<meta property=\"og:title\" content=\"Under Armour Unstoppable woven homme - Polo de course - MioMioRun\" \/>\n<meta property=\"og:description\" content=\"Veste technique l\u00e9g\u00e8re et d\u00e9perlante, con\u00e7ue pour offrir protection, r\u00e9sistance et une libert\u00e9 de mouvement maximale en toutes circonstances.\" \/>\n<meta property=\"og:url\" content=\"https:\/\/www.miomiorun.com\/fr\/produit\/unstoppable-woven-homme\/\" \/>\n<meta property=\"og:site_name\" content=\"MioMioRun\" \/>\n<meta property=\"article:publisher\" content=\"https:\/\/www.facebook.com\/miomiorun\/\" \/>\n<meta property=\"article:modified_time\" content=\"2026-05-07T15:38:15+00:00\" \/>\n<meta property=\"og:image\" content=\"https:\/\/www.miomiorun.com\/app\/uploads\/2026\/04\/under-armor-Unstoppable-woven-black-6014621-0002.webp\" \/>\n\t<meta property=\"og:image:width\" content=\"720\" \/>\n\t<meta property=\"og:image:height\" content=\"720\" \/>\n\t<meta property=\"og:image:type\" content=\"image\/webp\" \/>\n<meta name=\"twitter:card\" content=\"summary_large_image\" \/>\n<meta name=\"twitter:label1\" content=\"Est. reading time\" \/>\n\t<meta name=\"twitter:data1\" content=\"1 minute\" \/>\n<script type=\"application\/ld+json\" class=\"yoast-schema-graph\">{\"@context\":\"https:\/\/schema.org\",\"@graph\":[{\"@type\":\"WebPage\",\"@id\":\"https:\/\/www.miomiorun.com\/fr\/produit\/unstoppable-woven-homme\/\",\"url\":\"https:\/\/www.miomiorun.com\/fr\/produit\/unstoppable-woven-homme\/\",\"name\":\"Under Armour Unstoppable woven homme - Polo de course - MioMioRun\",\"isPartOf\":{\"@id\":\"https:\/\/www.miomiorun.com\/fr\/#website\"},\"primaryImageOfPage\":{\"@id\":\"https:\/\/www.miomiorun.com\/fr\/produit\/unstoppable-woven-homme\/#primaryimage\"},\"image\":{\"@id\":\"https:\/\/www.miomiorun.com\/fr\/produit\/unstoppable-woven-homme\/#primaryimage\"},\"thumbnailUrl\":\"https:\/\/www.miomiorun.com\/app\/uploads\/2026\/04\/under-armor-Unstoppable-woven-black-6014621-0002.webp\",\"datePublished\":\"2026-04-21T17:17:32+00:00\",\"dateModified\":\"2026-05-07T15:38:15+00:00\",\"description\":\"Veste technique l\u00e9g\u00e8re et d\u00e9perlante, con\u00e7ue pour offrir protection, r\u00e9sistance et une libert\u00e9 de mouvement maximale en toutes circonstances.\",\"breadcrumb\":{\"@id\":\"https:\/\/www.miomiorun.com\/fr\/produit\/unstoppable-woven-homme\/#breadcrumb\"},\"inLanguage\":\"fr-FR\",\"potentialAction\":[{\"@type\":\"ReadAction\",\"target\":[\"https:\/\/www.miomiorun.com\/fr\/produit\/unstoppable-woven-homme\/\"]}]},{\"@type\":\"ImageObject\",\"inLanguage\":\"fr-FR\",\"@id\":\"https:\/\/www.miomiorun.com\/fr\/produit\/unstoppable-woven-homme\/#primaryimage\",\"url\":\"https:\/\/www.miomiorun.com\/app\/uploads\/2026\/04\/under-armor-Unstoppable-woven-black-6014621-0002.webp\",\"contentUrl\":\"https:\/\/www.miomiorun.com\/app\/uploads\/2026\/04\/under-armor-Unstoppable-woven-black-6014621-0002.webp\",\"width\":720,\"height\":720,\"caption\":\"under armor Unstoppable woven black 6014621-0002\"},{\"@type\":\"BreadcrumbList\",\"@id\":\"https:\/\/www.miomiorun.com\/fr\/produit\/unstoppable-woven-homme\/#breadcrumb\",\"itemListElement\":[{\"@type\":\"ListItem\",\"position\":1,\"name\":\"Home\",\"item\":\"https:\/\/www.miomiorun.com\/fr\/home-page\/\"},{\"@type\":\"ListItem\",\"position\":2,\"name\":\"Shop\",\"item\":\"https:\/\/www.miomiorun.com\/shop\/\"},{\"@type\":\"ListItem\",\"position\":3,\"name\":\"Unstoppable woven homme\"}]},{\"@type\":\"WebSite\",\"@id\":\"https:\/\/www.miomiorun.com\/fr\/#website\",\"url\":\"https:\/\/www.miomiorun.com\/fr\/\",\"name\":\"MioMioRun\",\"description\":\"Boutique 100% running et trail\",\"publisher\":{\"@id\":\"https:\/\/www.miomiorun.com\/fr\/#organization\"},\"potentialAction\":[{\"@type\":\"SearchAction\",\"target\":{\"@type\":\"EntryPoint\",\"urlTemplate\":\"https:\/\/www.miomiorun.com\/fr\/?s={search_term_string}\"},\"query-input\":{\"@type\":\"PropertyValueSpecification\",\"valueRequired\":true,\"valueName\":\"search_term_string\"}}],\"inLanguage\":\"fr-FR\"},{\"@type\":\"Organization\",\"@id\":\"https:\/\/www.miomiorun.com\/fr\/#organization\",\"name\":\"MioMio Run\",\"url\":\"https:\/\/www.miomiorun.com\/fr\/\",\"logo\":{\"@type\":\"ImageObject\",\"inLanguage\":\"fr-FR\",\"@id\":\"https:\/\/www.miomiorun.com\/fr\/#\/schema\/logo\/image\/\",\"url\":\"https:\/\/www.miomiorun.com\/app\/uploads\/2019\/12\/logomio.png\",\"contentUrl\":\"https:\/\/www.miomiorun.com\/app\/uploads\/2019\/12\/logomio.png\",\"width\":115,\"height\":82,\"caption\":\"MioMio Run\"},\"image\":{\"@id\":\"https:\/\/www.miomiorun.com\/fr\/#\/schema\/logo\/image\/\"},\"sameAs\":[\"https:\/\/www.facebook.com\/miomiorun\/\",\"https:\/\/www.instagram.com\/miomiorun\/\"]}]}<\/script>\n<!-- \/ Yoast SEO plugin. -->","yoast_head_json":{"title":"Under Armour Unstoppable woven homme - Polo de course - MioMioRun","description":"Veste technique l\u00e9g\u00e8re et d\u00e9perlante, con\u00e7ue pour offrir protection, r\u00e9sistance et une libert\u00e9 de mouvement maximale en toutes circonstances.","robots":{"index":"index","follow":"follow","max-snippet":"max-snippet:-1","max-image-preview":"max-image-preview:large","max-video-preview":"max-video-preview:-1"},"canonical":"https:\/\/www.miomiorun.com\/fr\/produit\/unstoppable-woven-homme\/","og_locale":"fr_FR","og_type":"article","og_title":"Under Armour Unstoppable woven homme - Polo de course - MioMioRun","og_description":"Veste technique l\u00e9g\u00e8re et d\u00e9perlante, con\u00e7ue pour offrir protection, r\u00e9sistance et une libert\u00e9 de mouvement maximale en toutes circonstances.","og_url":"https:\/\/www.miomiorun.com\/fr\/produit\/unstoppable-woven-homme\/","og_site_name":"MioMioRun","article_publisher":"https:\/\/www.facebook.com\/miomiorun\/","article_modified_time":"2026-05-07T15:38:15+00:00","og_image":[{"width":720,"height":720,"url":"https:\/\/www.miomiorun.com\/app\/uploads\/2026\/04\/under-armor-Unstoppable-woven-black-6014621-0002.webp","type":"image\/webp"}],"twitter_card":"summary_large_image","twitter_misc":{"Est. reading time":"1 minute"},"schema":{"@context":"https:\/\/schema.org","@graph":[{"@type":"WebPage","@id":"https:\/\/www.miomiorun.com\/fr\/produit\/unstoppable-woven-homme\/","url":"https:\/\/www.miomiorun.com\/fr\/produit\/unstoppable-woven-homme\/","name":"Under Armour Unstoppable woven homme - Polo de course - MioMioRun","isPartOf":{"@id":"https:\/\/www.miomiorun.com\/fr\/#website"},"primaryImageOfPage":{"@id":"https:\/\/www.miomiorun.com\/fr\/produit\/unstoppable-woven-homme\/#primaryimage"},"image":{"@id":"https:\/\/www.miomiorun.com\/fr\/produit\/unstoppable-woven-homme\/#primaryimage"},"thumbnailUrl":"https:\/\/www.miomiorun.com\/app\/uploads\/2026\/04\/under-armor-Unstoppable-woven-black-6014621-0002.webp","datePublished":"2026-04-21T17:17:32+00:00","dateModified":"2026-05-07T15:38:15+00:00","description":"Veste technique l\u00e9g\u00e8re et d\u00e9perlante, con\u00e7ue pour offrir protection, r\u00e9sistance et une libert\u00e9 de mouvement maximale en toutes circonstances.","breadcrumb":{"@id":"https:\/\/www.miomiorun.com\/fr\/produit\/unstoppable-woven-homme\/#breadcrumb"},"inLanguage":"fr-FR","potentialAction":[{"@type":"ReadAction","target":["https:\/\/www.miomiorun.com\/fr\/produit\/unstoppable-woven-homme\/"]}]},{"@type":"ImageObject","inLanguage":"fr-FR","@id":"https:\/\/www.miomiorun.com\/fr\/produit\/unstoppable-woven-homme\/#primaryimage","url":"https:\/\/www.miomiorun.com\/app\/uploads\/2026\/04\/under-armor-Unstoppable-woven-black-6014621-0002.webp","contentUrl":"https:\/\/www.miomiorun.com\/app\/uploads\/2026\/04\/under-armor-Unstoppable-woven-black-6014621-0002.webp","width":720,"height":720,"caption":"under armor Unstoppable woven black 6014621-0002"},{"@type":"BreadcrumbList","@id":"https:\/\/www.miomiorun.com\/fr\/produit\/unstoppable-woven-homme\/#breadcrumb","itemListElement":[{"@type":"ListItem","position":1,"name":"Home","item":"https:\/\/www.miomiorun.com\/fr\/home-page\/"},{"@type":"ListItem","position":2,"name":"Shop","item":"https:\/\/www.miomiorun.com\/shop\/"},{"@type":"ListItem","position":3,"name":"Unstoppable woven homme"}]},{"@type":"WebSite","@id":"https:\/\/www.miomiorun.com\/fr\/#website","url":"https:\/\/www.miomiorun.com\/fr\/","name":"MioMioRun","description":"Boutique 100% running et trail","publisher":{"@id":"https:\/\/www.miomiorun.com\/fr\/#organization"},"potentialAction":[{"@type":"SearchAction","target":{"@type":"EntryPoint","urlTemplate":"https:\/\/www.miomiorun.com\/fr\/?s={search_term_string}"},"query-input":{"@type":"PropertyValueSpecification","valueRequired":true,"valueName":"search_term_string"}}],"inLanguage":"fr-FR"},{"@type":"Organization","@id":"https:\/\/www.miomiorun.com\/fr\/#organization","name":"MioMio Run","url":"https:\/\/www.miomiorun.com\/fr\/","logo":{"@type":"ImageObject","inLanguage":"fr-FR","@id":"https:\/\/www.miomiorun.com\/fr\/#\/schema\/logo\/image\/","url":"https:\/\/www.miomiorun.com\/app\/uploads\/2019\/12\/logomio.png","contentUrl":"https:\/\/www.miomiorun.com\/app\/uploads\/2019\/12\/logomio.png","width":115,"height":82,"caption":"MioMio Run"},"image":{"@id":"https:\/\/www.miomiorun.com\/fr\/#\/schema\/logo\/image\/"},"sameAs":["https:\/\/www.facebook.com\/miomiorun\/","https:\/\/www.instagram.com\/miomiorun\/"]}]}},"_links":{"self":[{"href":"https:\/\/www.miomiorun.com\/fr\/wp-json\/wp\/v2\/product\/434291","targetHints":{"allow":["GET"]}}],"collection":[{"href":"https:\/\/www.miomiorun.com\/fr\/wp-json\/wp\/v2\/product"}],"about":[{"href":"https:\/\/www.miomiorun.com\/fr\/wp-json\/wp\/v2\/types\/product"}],"wp:featuredmedia":[{"embeddable":true,"href":"https:\/\/www.miomiorun.com\/fr\/wp-json\/wp\/v2\/media\/434320"}],"wp:attachment":[{"href":"https:\/\/www.miomiorun.com\/fr\/wp-json\/wp\/v2\/media?parent=434291"}],"wp:term":[{"taxonomy":"product_brand","embeddable":true,"href":"https:\/\/www.miomiorun.com\/fr\/wp-json\/wp\/v2\/product_brand?post=434291"},{"taxonomy":"product_cat","embeddable":true,"href":"https:\/\/www.miomiorun.com\/fr\/wp-json\/wp\/v2\/product_cat?post=434291"},{"taxonomy":"product_tag","embeddable":true,"href":"https:\/\/www.miomiorun.com\/fr\/wp-json\/wp\/v2\/product_tag?post=434291"}],"curies":[{"name":"wp","href":"https:\/\/api.w.org\/{rel}","templated":true}]}}