{"id":434241,"date":"2026-04-21T19:07:02","date_gmt":"2026-04-21T17:07:02","guid":{"rendered":"https:\/\/www.miomiorun.com\/?post_type=product&#038;p=434241"},"modified":"2026-05-07T17:36:48","modified_gmt":"2026-05-07T15:36:48","slug":"tech-femme","status":"publish","type":"product","link":"https:\/\/www.miomiorun.com\/fr\/produit\/tech-femme\/","title":{"rendered":"Tech femme"},"content":{"rendered":"<p data-start=\"0\" data-end=\"400\">Le t-shirt \u00e0 manches courtes pour femme <span class=\"hover:entity-accent entity-underline inline cursor-pointer align-baseline\"><span class=\"whitespace-normal\">Under Armour<\/span><\/span> UA Tech\u2122 est con\u00e7u pour offrir <strong data-start=\"135\" data-end=\"149\">l\u00e9g\u00e8ret\u00e9<\/strong>, <strong data-start=\"151\" data-end=\"162\">confort<\/strong> et <strong data-start=\"165\" data-end=\"188\">une fra\u00eecheur constante<\/strong> \u00e0 chaque entra\u00eenement. Issu de la ligne la plus embl\u00e9matique de la marque, il est con\u00e7u pour vous accompagner naturellement dans toutes vos activit\u00e9s, en garantissant une sensation agr\u00e9able sur la peau, m\u00eame lors des s\u00e9ances les plus intenses.<\/p>\n<p data-start=\"402\" data-end=\"448\">Sa structure technique est con\u00e7ue pour garantir :<\/p>\n<ul data-start=\"449\" data-end=\"655\">\n<li data-section-id=\"vudg71\" data-start=\"449\" data-end=\"529\"><strong data-start=\"451\" data-end=\"495\">Un s\u00e9chage rapide et une gestion de la transpiration<\/strong> pour garder la peau au sec<\/li>\n<li data-section-id=\"1bz27ie\" data-start=\"530\" data-end=\"590\"><strong data-start=\"532\" data-end=\"552\">Un confort naturel<\/strong> gr\u00e2ce \u00e0 un tissu doux et l\u00e9ger<\/li>\n<li data-section-id=\"ovz0l4\" data-start=\"591\" data-end=\"655\"><strong data-start=\"593\" data-end=\"616\">Une fra\u00eecheur durable<\/strong> m\u00eame pendant les entra\u00eenements prolong\u00e9s<\/li>\n<\/ul>\n<p data-start=\"657\" data-end=\"1046\">Le tissu UA Tech\u2122 offre une <strong data-start=\"687\" data-end=\"720\">sensation douce et naturelle<\/strong>, tandis que sa capacit\u00e9 \u00e0 absorber la transpiration et \u00e0 s\u00e9cher rapidement aide \u00e0 maintenir la concentration et les performances. La <strong data-start=\"840\" data-end=\"865\">technologie anti-odeurs<\/strong> contribue \u00e0 r\u00e9duire la formation de mauvaises odeurs, ce qui rend ce v\u00eatement adapt\u00e9 \u00e0 un usage fr\u00e9quent. Le tissu principal contient au moins <strong data-start=\"1014\" data-end=\"1045\">90 % de polyester recycl\u00e9<\/strong>.<\/p>\n","protected":false},"excerpt":{"rendered":"<ul class=\"m-long-description__features\">\n<li data-section-id=\"1w1cwws\" data-start=\"1248\" data-end=\"1330\"><strong data-start=\"1250\" data-end=\"1288\">Tissu UA Tech\u2122 doux et l\u00e9ger<\/strong> pour une sensation naturelle sur la peau<\/li>\n<li data-section-id=\"vudg71\" data-start=\"1331\" data-end=\"1411\"><strong data-start=\"1333\" data-end=\"1377\">S\u00e9chage rapide et gestion de la transpiration<\/strong> pour garder la peau au sec<\/li>\n<li data-section-id=\"1ybvr7b\" data-start=\"1412\" data-end=\"1495\" data-is-last-node=\"\"><strong data-start=\"1414\" data-end=\"1461\">Technologie anti-odeurs et mat\u00e9riaux recycl\u00e9s<\/strong> pour un confort et une utilisation prolong\u00e9e<\/li>\n<\/ul>\n","protected":false},"featured_media":434270,"template":"","meta":{"_acf_changed":false,"inline_featured_image":false},"product_brand":[],"product_cat":[22604,22596,22595],"product_tag":[23530,23575],"class_list":{"0":"post-434241","1":"product","2":"type-product","3":"status-publish","4":"has-post-thumbnail","6":"product_cat-t-shirt","7":"product_cat-vetements-pour-femmes","8":"product_cat-femme","9":"product_tag-under-armour-fr","10":"product_tag-under-armour-femme","11":"pa_attivita-fitness-fr","12":"pa_attivita-lifestyle-fr","13":"pa_attivita-marcher","14":"pa_attivita-running-fr","15":"pa_colore-tech-pixelate-black","16":"pa_marca-under-armour-fr","17":"pa_sesso-femme","18":"pa_size-extra-small-fr","19":"pa_size-small-fr","20":"pa_size-medium-fr","22":"first","23":"instock","24":"sale","25":"taxable","26":"shipping-taxable","27":"purchasable","28":"product-type-variable","29":"wvs-archive-product-wrapper"},"acf":[],"yoast_head":"<!-- This site is optimized with the Yoast SEO plugin v26.8 - https:\/\/yoast.com\/product\/yoast-seo-wordpress\/ -->\n<title>Under Armour Tech femme - T-shirt de course \u00e0 pied- MioMioRun<\/title>\n<meta name=\"description\" content=\"Maillot d&#039;entra\u00eenement l\u00e9ger et respirant, con\u00e7u pour offrir fra\u00eecheur, confort naturel et s\u00e9chage rapide \u00e0 chaque s\u00e9ance.\" \/>\n<meta name=\"robots\" content=\"index, follow, max-snippet:-1, max-image-preview:large, max-video-preview:-1\" \/>\n<link rel=\"canonical\" href=\"https:\/\/www.miomiorun.com\/fr\/produit\/tech-femme\/\" \/>\n<meta property=\"og:locale\" content=\"fr_FR\" \/>\n<meta property=\"og:type\" content=\"article\" \/>\n<meta property=\"og:title\" content=\"Under Armour Tech femme - T-shirt de course \u00e0 pied- MioMioRun\" \/>\n<meta property=\"og:description\" content=\"Maillot d&#039;entra\u00eenement l\u00e9ger et respirant, con\u00e7u pour offrir fra\u00eecheur, confort naturel et s\u00e9chage rapide \u00e0 chaque s\u00e9ance.\" \/>\n<meta property=\"og:url\" content=\"https:\/\/www.miomiorun.com\/fr\/produit\/tech-femme\/\" \/>\n<meta property=\"og:site_name\" content=\"MioMioRun\" \/>\n<meta property=\"article:publisher\" content=\"https:\/\/www.facebook.com\/miomiorun\/\" \/>\n<meta property=\"article:modified_time\" content=\"2026-05-07T15:36:48+00:00\" \/>\n<meta property=\"og:image\" content=\"https:\/\/www.miomiorun.com\/app\/uploads\/2026\/04\/under-armor-Tech-pixelate-black-6012302-0001.webp\" \/>\n\t<meta property=\"og:image:width\" content=\"720\" \/>\n\t<meta property=\"og:image:height\" content=\"720\" \/>\n\t<meta property=\"og:image:type\" content=\"image\/webp\" \/>\n<meta name=\"twitter:card\" content=\"summary_large_image\" \/>\n<meta name=\"twitter:label1\" content=\"Est. reading time\" \/>\n\t<meta name=\"twitter:data1\" content=\"1 minute\" \/>\n<script type=\"application\/ld+json\" class=\"yoast-schema-graph\">{\"@context\":\"https:\/\/schema.org\",\"@graph\":[{\"@type\":\"WebPage\",\"@id\":\"https:\/\/www.miomiorun.com\/fr\/produit\/tech-femme\/\",\"url\":\"https:\/\/www.miomiorun.com\/fr\/produit\/tech-femme\/\",\"name\":\"Under Armour Tech femme - T-shirt de course \u00e0 pied- MioMioRun\",\"isPartOf\":{\"@id\":\"https:\/\/www.miomiorun.com\/fr\/#website\"},\"primaryImageOfPage\":{\"@id\":\"https:\/\/www.miomiorun.com\/fr\/produit\/tech-femme\/#primaryimage\"},\"image\":{\"@id\":\"https:\/\/www.miomiorun.com\/fr\/produit\/tech-femme\/#primaryimage\"},\"thumbnailUrl\":\"https:\/\/www.miomiorun.com\/app\/uploads\/2026\/04\/under-armor-Tech-pixelate-black-6012302-0001.webp\",\"datePublished\":\"2026-04-21T17:07:02+00:00\",\"dateModified\":\"2026-05-07T15:36:48+00:00\",\"description\":\"Maillot d'entra\u00eenement l\u00e9ger et respirant, con\u00e7u pour offrir fra\u00eecheur, confort naturel et s\u00e9chage rapide \u00e0 chaque s\u00e9ance.\",\"breadcrumb\":{\"@id\":\"https:\/\/www.miomiorun.com\/fr\/produit\/tech-femme\/#breadcrumb\"},\"inLanguage\":\"fr-FR\",\"potentialAction\":[{\"@type\":\"ReadAction\",\"target\":[\"https:\/\/www.miomiorun.com\/fr\/produit\/tech-femme\/\"]}]},{\"@type\":\"ImageObject\",\"inLanguage\":\"fr-FR\",\"@id\":\"https:\/\/www.miomiorun.com\/fr\/produit\/tech-femme\/#primaryimage\",\"url\":\"https:\/\/www.miomiorun.com\/app\/uploads\/2026\/04\/under-armor-Tech-pixelate-black-6012302-0001.webp\",\"contentUrl\":\"https:\/\/www.miomiorun.com\/app\/uploads\/2026\/04\/under-armor-Tech-pixelate-black-6012302-0001.webp\",\"width\":720,\"height\":720,\"caption\":\"under armor Tech pixelate black 6012302-0001\"},{\"@type\":\"BreadcrumbList\",\"@id\":\"https:\/\/www.miomiorun.com\/fr\/produit\/tech-femme\/#breadcrumb\",\"itemListElement\":[{\"@type\":\"ListItem\",\"position\":1,\"name\":\"Home\",\"item\":\"https:\/\/www.miomiorun.com\/fr\/home-page\/\"},{\"@type\":\"ListItem\",\"position\":2,\"name\":\"Shop\",\"item\":\"https:\/\/www.miomiorun.com\/shop\/\"},{\"@type\":\"ListItem\",\"position\":3,\"name\":\"Tech femme\"}]},{\"@type\":\"WebSite\",\"@id\":\"https:\/\/www.miomiorun.com\/fr\/#website\",\"url\":\"https:\/\/www.miomiorun.com\/fr\/\",\"name\":\"MioMioRun\",\"description\":\"Boutique 100% running et trail\",\"publisher\":{\"@id\":\"https:\/\/www.miomiorun.com\/fr\/#organization\"},\"potentialAction\":[{\"@type\":\"SearchAction\",\"target\":{\"@type\":\"EntryPoint\",\"urlTemplate\":\"https:\/\/www.miomiorun.com\/fr\/?s={search_term_string}\"},\"query-input\":{\"@type\":\"PropertyValueSpecification\",\"valueRequired\":true,\"valueName\":\"search_term_string\"}}],\"inLanguage\":\"fr-FR\"},{\"@type\":\"Organization\",\"@id\":\"https:\/\/www.miomiorun.com\/fr\/#organization\",\"name\":\"MioMio Run\",\"url\":\"https:\/\/www.miomiorun.com\/fr\/\",\"logo\":{\"@type\":\"ImageObject\",\"inLanguage\":\"fr-FR\",\"@id\":\"https:\/\/www.miomiorun.com\/fr\/#\/schema\/logo\/image\/\",\"url\":\"https:\/\/www.miomiorun.com\/app\/uploads\/2019\/12\/logomio.png\",\"contentUrl\":\"https:\/\/www.miomiorun.com\/app\/uploads\/2019\/12\/logomio.png\",\"width\":115,\"height\":82,\"caption\":\"MioMio Run\"},\"image\":{\"@id\":\"https:\/\/www.miomiorun.com\/fr\/#\/schema\/logo\/image\/\"},\"sameAs\":[\"https:\/\/www.facebook.com\/miomiorun\/\",\"https:\/\/www.instagram.com\/miomiorun\/\"]}]}<\/script>\n<!-- \/ Yoast SEO plugin. -->","yoast_head_json":{"title":"Under Armour Tech femme - T-shirt de course \u00e0 pied- MioMioRun","description":"Maillot d'entra\u00eenement l\u00e9ger et respirant, con\u00e7u pour offrir fra\u00eecheur, confort naturel et s\u00e9chage rapide \u00e0 chaque s\u00e9ance.","robots":{"index":"index","follow":"follow","max-snippet":"max-snippet:-1","max-image-preview":"max-image-preview:large","max-video-preview":"max-video-preview:-1"},"canonical":"https:\/\/www.miomiorun.com\/fr\/produit\/tech-femme\/","og_locale":"fr_FR","og_type":"article","og_title":"Under Armour Tech femme - T-shirt de course \u00e0 pied- MioMioRun","og_description":"Maillot d'entra\u00eenement l\u00e9ger et respirant, con\u00e7u pour offrir fra\u00eecheur, confort naturel et s\u00e9chage rapide \u00e0 chaque s\u00e9ance.","og_url":"https:\/\/www.miomiorun.com\/fr\/produit\/tech-femme\/","og_site_name":"MioMioRun","article_publisher":"https:\/\/www.facebook.com\/miomiorun\/","article_modified_time":"2026-05-07T15:36:48+00:00","og_image":[{"width":720,"height":720,"url":"https:\/\/www.miomiorun.com\/app\/uploads\/2026\/04\/under-armor-Tech-pixelate-black-6012302-0001.webp","type":"image\/webp"}],"twitter_card":"summary_large_image","twitter_misc":{"Est. reading time":"1 minute"},"schema":{"@context":"https:\/\/schema.org","@graph":[{"@type":"WebPage","@id":"https:\/\/www.miomiorun.com\/fr\/produit\/tech-femme\/","url":"https:\/\/www.miomiorun.com\/fr\/produit\/tech-femme\/","name":"Under Armour Tech femme - T-shirt de course \u00e0 pied- MioMioRun","isPartOf":{"@id":"https:\/\/www.miomiorun.com\/fr\/#website"},"primaryImageOfPage":{"@id":"https:\/\/www.miomiorun.com\/fr\/produit\/tech-femme\/#primaryimage"},"image":{"@id":"https:\/\/www.miomiorun.com\/fr\/produit\/tech-femme\/#primaryimage"},"thumbnailUrl":"https:\/\/www.miomiorun.com\/app\/uploads\/2026\/04\/under-armor-Tech-pixelate-black-6012302-0001.webp","datePublished":"2026-04-21T17:07:02+00:00","dateModified":"2026-05-07T15:36:48+00:00","description":"Maillot d'entra\u00eenement l\u00e9ger et respirant, con\u00e7u pour offrir fra\u00eecheur, confort naturel et s\u00e9chage rapide \u00e0 chaque s\u00e9ance.","breadcrumb":{"@id":"https:\/\/www.miomiorun.com\/fr\/produit\/tech-femme\/#breadcrumb"},"inLanguage":"fr-FR","potentialAction":[{"@type":"ReadAction","target":["https:\/\/www.miomiorun.com\/fr\/produit\/tech-femme\/"]}]},{"@type":"ImageObject","inLanguage":"fr-FR","@id":"https:\/\/www.miomiorun.com\/fr\/produit\/tech-femme\/#primaryimage","url":"https:\/\/www.miomiorun.com\/app\/uploads\/2026\/04\/under-armor-Tech-pixelate-black-6012302-0001.webp","contentUrl":"https:\/\/www.miomiorun.com\/app\/uploads\/2026\/04\/under-armor-Tech-pixelate-black-6012302-0001.webp","width":720,"height":720,"caption":"under armor Tech pixelate black 6012302-0001"},{"@type":"BreadcrumbList","@id":"https:\/\/www.miomiorun.com\/fr\/produit\/tech-femme\/#breadcrumb","itemListElement":[{"@type":"ListItem","position":1,"name":"Home","item":"https:\/\/www.miomiorun.com\/fr\/home-page\/"},{"@type":"ListItem","position":2,"name":"Shop","item":"https:\/\/www.miomiorun.com\/shop\/"},{"@type":"ListItem","position":3,"name":"Tech femme"}]},{"@type":"WebSite","@id":"https:\/\/www.miomiorun.com\/fr\/#website","url":"https:\/\/www.miomiorun.com\/fr\/","name":"MioMioRun","description":"Boutique 100% running et trail","publisher":{"@id":"https:\/\/www.miomiorun.com\/fr\/#organization"},"potentialAction":[{"@type":"SearchAction","target":{"@type":"EntryPoint","urlTemplate":"https:\/\/www.miomiorun.com\/fr\/?s={search_term_string}"},"query-input":{"@type":"PropertyValueSpecification","valueRequired":true,"valueName":"search_term_string"}}],"inLanguage":"fr-FR"},{"@type":"Organization","@id":"https:\/\/www.miomiorun.com\/fr\/#organization","name":"MioMio Run","url":"https:\/\/www.miomiorun.com\/fr\/","logo":{"@type":"ImageObject","inLanguage":"fr-FR","@id":"https:\/\/www.miomiorun.com\/fr\/#\/schema\/logo\/image\/","url":"https:\/\/www.miomiorun.com\/app\/uploads\/2019\/12\/logomio.png","contentUrl":"https:\/\/www.miomiorun.com\/app\/uploads\/2019\/12\/logomio.png","width":115,"height":82,"caption":"MioMio Run"},"image":{"@id":"https:\/\/www.miomiorun.com\/fr\/#\/schema\/logo\/image\/"},"sameAs":["https:\/\/www.facebook.com\/miomiorun\/","https:\/\/www.instagram.com\/miomiorun\/"]}]}},"_links":{"self":[{"href":"https:\/\/www.miomiorun.com\/fr\/wp-json\/wp\/v2\/product\/434241","targetHints":{"allow":["GET"]}}],"collection":[{"href":"https:\/\/www.miomiorun.com\/fr\/wp-json\/wp\/v2\/product"}],"about":[{"href":"https:\/\/www.miomiorun.com\/fr\/wp-json\/wp\/v2\/types\/product"}],"wp:featuredmedia":[{"embeddable":true,"href":"https:\/\/www.miomiorun.com\/fr\/wp-json\/wp\/v2\/media\/434270"}],"wp:attachment":[{"href":"https:\/\/www.miomiorun.com\/fr\/wp-json\/wp\/v2\/media?parent=434241"}],"wp:term":[{"taxonomy":"product_brand","embeddable":true,"href":"https:\/\/www.miomiorun.com\/fr\/wp-json\/wp\/v2\/product_brand?post=434241"},{"taxonomy":"product_cat","embeddable":true,"href":"https:\/\/www.miomiorun.com\/fr\/wp-json\/wp\/v2\/product_cat?post=434241"},{"taxonomy":"product_tag","embeddable":true,"href":"https:\/\/www.miomiorun.com\/fr\/wp-json\/wp\/v2\/product_tag?post=434241"}],"curies":[{"name":"wp","href":"https:\/\/api.w.org\/{rel}","templated":true}]}}