{"id":434112,"date":"2026-04-21T18:19:30","date_gmt":"2026-04-21T16:19:30","guid":{"rendered":"https:\/\/www.miomiorun.com\/?post_type=product&#038;p=434112"},"modified":"2026-05-07T17:35:42","modified_gmt":"2026-05-07T15:35:42","slug":"vanish-ss-femme","status":"publish","type":"product","link":"https:\/\/www.miomiorun.com\/fr\/produit\/vanish-ss-femme\/","title":{"rendered":"Vanish SS femme"},"content":{"rendered":"<p data-start=\"0\" data-end=\"385\">Le t-shirt \u00e0 manches courtes pour femme <span class=\"hover:entity-accent entity-underline inline cursor-pointer align-baseline\"><span class=\"whitespace-normal\">Under Armour<\/span><\/span> UA Vanish est con\u00e7u pour les <strong data-start=\"139\" data-end=\"162\">entra\u00eenements intenses<\/strong>, offrant <strong data-start=\"172\" data-end=\"186\">l\u00e9g\u00e8ret\u00e9<\/strong>, <strong data-start=\"188\" data-end=\"199\">confort<\/strong> et <strong data-start=\"202\" data-end=\"234\">une libert\u00e9 de mouvement maximale<\/strong>. Fabriqu\u00e9 \u00e0 partir de mat\u00e9riaux techniques de pointe, il accompagne chacun de vos mouvements sans vous alourdir, vous permettant ainsi de rester concentr\u00e9e et de maintenir un niveau de performance constant.<\/p>\n<p data-start=\"387\" data-end=\"425\">Sa conception est \u00e9tudi\u00e9e pour garantir :<\/p>\n<ul data-start=\"426\" data-end=\"654\">\n<li data-section-id=\"10nif7a\" data-start=\"426\" data-end=\"504\"><strong data-start=\"428\" data-end=\"465\">Des mouvements naturels et sans limites<\/strong> gr\u00e2ce \u00e0 son \u00e9lasticit\u00e9 dans les 4 sens<\/li>\n<li data-section-id=\"jgwelk\" data-start=\"505\" data-end=\"565\"><strong data-start=\"507\" data-end=\"529\">Un confort prolong\u00e9<\/strong> gr\u00e2ce \u00e0 un tissu doux et respirant<\/li>\n<li data-section-id=\"tn9gc4\" data-start=\"566\" data-end=\"654\"><strong data-start=\"568\" data-end=\"600\">Une gestion efficace de la transpiration<\/strong> pour une sensation de fra\u00eecheur pendant l\u2019activit\u00e9<\/li>\n<\/ul>\n<p data-start=\"656\" data-end=\"944\">L\u2019<strong data-start=\"658\" data-end=\"687\">ourlet avec fentes lat\u00e9rales<\/strong> am\u00e9liore encore la mobilit\u00e9 et offre un look plus soign\u00e9, tandis que la <strong data-start=\"760\" data-end=\"785\">technologie anti-odeurs<\/strong> contribue \u00e0 garder le v\u00eatement frais m\u00eame apr\u00e8s une utilisation prolong\u00e9e. Une solution essentielle et performante pour ceux qui recherchent la fiabilit\u00e9 \u00e0 chaque entra\u00eenement.<\/p>\n","protected":false},"excerpt":{"rendered":"<ul class=\"m-long-description__features\">\n<li data-section-id=\"30upk5\" data-start=\"1168\" data-end=\"1233\"><strong data-start=\"1170\" data-end=\"1199\">Extensibilit\u00e9 dans les 4 sens<\/strong> pour des mouvements fluides et naturels<\/li>\n<li data-section-id=\"adilec\" data-start=\"1234\" data-end=\"1292\"><strong data-start=\"1236\" data-end=\"1269\">Tissu doux et respirant<\/strong> pour un confort durable<\/li>\n<li data-section-id=\"1hgmn30\" data-start=\"1293\" data-end=\"1374\" data-is-last-node=\"\"><strong data-start=\"1295\" data-end=\"1348\">Ourlet avec fentes lat\u00e9rales et technologie anti-odeurs<\/strong> pour plus de libert\u00e9 de mouvement et de fra\u00eecheur<\/li>\n<\/ul>\n","protected":false},"featured_media":434144,"template":"","meta":{"_acf_changed":false,"inline_featured_image":false},"product_brand":[],"product_cat":[22604,22596],"product_tag":[23530,23575],"class_list":{"0":"post-434112","1":"product","2":"type-product","3":"status-publish","4":"has-post-thumbnail","6":"product_cat-t-shirt","7":"product_cat-vetements-pour-femmes","8":"product_tag-under-armour-fr","9":"product_tag-under-armour-femme","10":"pa_attivita-fitness-fr","11":"pa_attivita-lifestyle-fr","12":"pa_attivita-marcher","13":"pa_attivita-running-fr","14":"pa_colore-vanish-ss-bittersw-w","15":"pa_colore-vanish-ss-refresh-w","16":"pa_marca-under-armour-fr","17":"pa_sesso-femme","18":"pa_size-extra-small-fr","19":"pa_size-small-fr","20":"pa_size-medium-fr","22":"first","23":"instock","24":"sale","25":"taxable","26":"shipping-taxable","27":"purchasable","28":"product-type-variable","29":"wvs-archive-product-wrapper"},"acf":[],"yoast_head":"<!-- This site is optimized with the Yoast SEO plugin v26.8 - https:\/\/yoast.com\/product\/yoast-seo-wordpress\/ -->\n<title>Under Armour Vanish SS femme - T-shirt de course \u00e0 pied- MioMioRun<\/title>\n<meta name=\"description\" content=\"L\u00e9g\u00e8re et extensible, con\u00e7ue pour offrir confort, libert\u00e9 de mouvement et performances constantes, m\u00eame lors des s\u00e9ances les plus intenses\" \/>\n<meta name=\"robots\" content=\"index, follow, max-snippet:-1, max-image-preview:large, max-video-preview:-1\" \/>\n<link rel=\"canonical\" href=\"https:\/\/www.miomiorun.com\/fr\/produit\/vanish-ss-femme\/\" \/>\n<meta property=\"og:locale\" content=\"fr_FR\" \/>\n<meta property=\"og:type\" content=\"article\" \/>\n<meta property=\"og:title\" content=\"Under Armour Vanish SS femme - T-shirt de course \u00e0 pied- MioMioRun\" \/>\n<meta property=\"og:description\" content=\"L\u00e9g\u00e8re et extensible, con\u00e7ue pour offrir confort, libert\u00e9 de mouvement et performances constantes, m\u00eame lors des s\u00e9ances les plus intenses\" \/>\n<meta property=\"og:url\" content=\"https:\/\/www.miomiorun.com\/fr\/produit\/vanish-ss-femme\/\" \/>\n<meta property=\"og:site_name\" content=\"MioMioRun\" \/>\n<meta property=\"article:publisher\" content=\"https:\/\/www.facebook.com\/miomiorun\/\" \/>\n<meta property=\"article:modified_time\" content=\"2026-05-07T15:35:42+00:00\" \/>\n<meta property=\"og:image\" content=\"https:\/\/www.miomiorun.com\/app\/uploads\/2026\/04\/under-armor-Vanish-SS-bittersw-W-6010870-0601.webp\" \/>\n\t<meta property=\"og:image:width\" content=\"720\" \/>\n\t<meta property=\"og:image:height\" content=\"720\" \/>\n\t<meta property=\"og:image:type\" content=\"image\/webp\" \/>\n<meta name=\"twitter:card\" content=\"summary_large_image\" \/>\n<meta name=\"twitter:label1\" content=\"Est. reading time\" \/>\n\t<meta name=\"twitter:data1\" content=\"1 minute\" \/>\n<script type=\"application\/ld+json\" class=\"yoast-schema-graph\">{\"@context\":\"https:\/\/schema.org\",\"@graph\":[{\"@type\":\"WebPage\",\"@id\":\"https:\/\/www.miomiorun.com\/fr\/produit\/vanish-ss-femme\/\",\"url\":\"https:\/\/www.miomiorun.com\/fr\/produit\/vanish-ss-femme\/\",\"name\":\"Under Armour Vanish SS femme - T-shirt de course \u00e0 pied- MioMioRun\",\"isPartOf\":{\"@id\":\"https:\/\/www.miomiorun.com\/fr\/#website\"},\"primaryImageOfPage\":{\"@id\":\"https:\/\/www.miomiorun.com\/fr\/produit\/vanish-ss-femme\/#primaryimage\"},\"image\":{\"@id\":\"https:\/\/www.miomiorun.com\/fr\/produit\/vanish-ss-femme\/#primaryimage\"},\"thumbnailUrl\":\"https:\/\/www.miomiorun.com\/app\/uploads\/2026\/04\/under-armor-Vanish-SS-bittersw-W-6010870-0601.webp\",\"datePublished\":\"2026-04-21T16:19:30+00:00\",\"dateModified\":\"2026-05-07T15:35:42+00:00\",\"description\":\"L\u00e9g\u00e8re et extensible, con\u00e7ue pour offrir confort, libert\u00e9 de mouvement et performances constantes, m\u00eame lors des s\u00e9ances les plus intenses\",\"breadcrumb\":{\"@id\":\"https:\/\/www.miomiorun.com\/fr\/produit\/vanish-ss-femme\/#breadcrumb\"},\"inLanguage\":\"fr-FR\",\"potentialAction\":[{\"@type\":\"ReadAction\",\"target\":[\"https:\/\/www.miomiorun.com\/fr\/produit\/vanish-ss-femme\/\"]}]},{\"@type\":\"ImageObject\",\"inLanguage\":\"fr-FR\",\"@id\":\"https:\/\/www.miomiorun.com\/fr\/produit\/vanish-ss-femme\/#primaryimage\",\"url\":\"https:\/\/www.miomiorun.com\/app\/uploads\/2026\/04\/under-armor-Vanish-SS-bittersw-W-6010870-0601.webp\",\"contentUrl\":\"https:\/\/www.miomiorun.com\/app\/uploads\/2026\/04\/under-armor-Vanish-SS-bittersw-W-6010870-0601.webp\",\"width\":720,\"height\":720,\"caption\":\"under armor Vanish SS bittersw W 6010870-0601\"},{\"@type\":\"BreadcrumbList\",\"@id\":\"https:\/\/www.miomiorun.com\/fr\/produit\/vanish-ss-femme\/#breadcrumb\",\"itemListElement\":[{\"@type\":\"ListItem\",\"position\":1,\"name\":\"Home\",\"item\":\"https:\/\/www.miomiorun.com\/fr\/home-page\/\"},{\"@type\":\"ListItem\",\"position\":2,\"name\":\"Shop\",\"item\":\"https:\/\/www.miomiorun.com\/shop\/\"},{\"@type\":\"ListItem\",\"position\":3,\"name\":\"Vanish SS femme\"}]},{\"@type\":\"WebSite\",\"@id\":\"https:\/\/www.miomiorun.com\/fr\/#website\",\"url\":\"https:\/\/www.miomiorun.com\/fr\/\",\"name\":\"MioMioRun\",\"description\":\"Boutique 100% running et trail\",\"publisher\":{\"@id\":\"https:\/\/www.miomiorun.com\/fr\/#organization\"},\"potentialAction\":[{\"@type\":\"SearchAction\",\"target\":{\"@type\":\"EntryPoint\",\"urlTemplate\":\"https:\/\/www.miomiorun.com\/fr\/?s={search_term_string}\"},\"query-input\":{\"@type\":\"PropertyValueSpecification\",\"valueRequired\":true,\"valueName\":\"search_term_string\"}}],\"inLanguage\":\"fr-FR\"},{\"@type\":\"Organization\",\"@id\":\"https:\/\/www.miomiorun.com\/fr\/#organization\",\"name\":\"MioMio Run\",\"url\":\"https:\/\/www.miomiorun.com\/fr\/\",\"logo\":{\"@type\":\"ImageObject\",\"inLanguage\":\"fr-FR\",\"@id\":\"https:\/\/www.miomiorun.com\/fr\/#\/schema\/logo\/image\/\",\"url\":\"https:\/\/www.miomiorun.com\/app\/uploads\/2019\/12\/logomio.png\",\"contentUrl\":\"https:\/\/www.miomiorun.com\/app\/uploads\/2019\/12\/logomio.png\",\"width\":115,\"height\":82,\"caption\":\"MioMio Run\"},\"image\":{\"@id\":\"https:\/\/www.miomiorun.com\/fr\/#\/schema\/logo\/image\/\"},\"sameAs\":[\"https:\/\/www.facebook.com\/miomiorun\/\",\"https:\/\/www.instagram.com\/miomiorun\/\"]}]}<\/script>\n<!-- \/ Yoast SEO plugin. -->","yoast_head_json":{"title":"Under Armour Vanish SS femme - T-shirt de course \u00e0 pied- MioMioRun","description":"L\u00e9g\u00e8re et extensible, con\u00e7ue pour offrir confort, libert\u00e9 de mouvement et performances constantes, m\u00eame lors des s\u00e9ances les plus intenses","robots":{"index":"index","follow":"follow","max-snippet":"max-snippet:-1","max-image-preview":"max-image-preview:large","max-video-preview":"max-video-preview:-1"},"canonical":"https:\/\/www.miomiorun.com\/fr\/produit\/vanish-ss-femme\/","og_locale":"fr_FR","og_type":"article","og_title":"Under Armour Vanish SS femme - T-shirt de course \u00e0 pied- MioMioRun","og_description":"L\u00e9g\u00e8re et extensible, con\u00e7ue pour offrir confort, libert\u00e9 de mouvement et performances constantes, m\u00eame lors des s\u00e9ances les plus intenses","og_url":"https:\/\/www.miomiorun.com\/fr\/produit\/vanish-ss-femme\/","og_site_name":"MioMioRun","article_publisher":"https:\/\/www.facebook.com\/miomiorun\/","article_modified_time":"2026-05-07T15:35:42+00:00","og_image":[{"width":720,"height":720,"url":"https:\/\/www.miomiorun.com\/app\/uploads\/2026\/04\/under-armor-Vanish-SS-bittersw-W-6010870-0601.webp","type":"image\/webp"}],"twitter_card":"summary_large_image","twitter_misc":{"Est. reading time":"1 minute"},"schema":{"@context":"https:\/\/schema.org","@graph":[{"@type":"WebPage","@id":"https:\/\/www.miomiorun.com\/fr\/produit\/vanish-ss-femme\/","url":"https:\/\/www.miomiorun.com\/fr\/produit\/vanish-ss-femme\/","name":"Under Armour Vanish SS femme - T-shirt de course \u00e0 pied- MioMioRun","isPartOf":{"@id":"https:\/\/www.miomiorun.com\/fr\/#website"},"primaryImageOfPage":{"@id":"https:\/\/www.miomiorun.com\/fr\/produit\/vanish-ss-femme\/#primaryimage"},"image":{"@id":"https:\/\/www.miomiorun.com\/fr\/produit\/vanish-ss-femme\/#primaryimage"},"thumbnailUrl":"https:\/\/www.miomiorun.com\/app\/uploads\/2026\/04\/under-armor-Vanish-SS-bittersw-W-6010870-0601.webp","datePublished":"2026-04-21T16:19:30+00:00","dateModified":"2026-05-07T15:35:42+00:00","description":"L\u00e9g\u00e8re et extensible, con\u00e7ue pour offrir confort, libert\u00e9 de mouvement et performances constantes, m\u00eame lors des s\u00e9ances les plus intenses","breadcrumb":{"@id":"https:\/\/www.miomiorun.com\/fr\/produit\/vanish-ss-femme\/#breadcrumb"},"inLanguage":"fr-FR","potentialAction":[{"@type":"ReadAction","target":["https:\/\/www.miomiorun.com\/fr\/produit\/vanish-ss-femme\/"]}]},{"@type":"ImageObject","inLanguage":"fr-FR","@id":"https:\/\/www.miomiorun.com\/fr\/produit\/vanish-ss-femme\/#primaryimage","url":"https:\/\/www.miomiorun.com\/app\/uploads\/2026\/04\/under-armor-Vanish-SS-bittersw-W-6010870-0601.webp","contentUrl":"https:\/\/www.miomiorun.com\/app\/uploads\/2026\/04\/under-armor-Vanish-SS-bittersw-W-6010870-0601.webp","width":720,"height":720,"caption":"under armor Vanish SS bittersw W 6010870-0601"},{"@type":"BreadcrumbList","@id":"https:\/\/www.miomiorun.com\/fr\/produit\/vanish-ss-femme\/#breadcrumb","itemListElement":[{"@type":"ListItem","position":1,"name":"Home","item":"https:\/\/www.miomiorun.com\/fr\/home-page\/"},{"@type":"ListItem","position":2,"name":"Shop","item":"https:\/\/www.miomiorun.com\/shop\/"},{"@type":"ListItem","position":3,"name":"Vanish SS femme"}]},{"@type":"WebSite","@id":"https:\/\/www.miomiorun.com\/fr\/#website","url":"https:\/\/www.miomiorun.com\/fr\/","name":"MioMioRun","description":"Boutique 100% running et trail","publisher":{"@id":"https:\/\/www.miomiorun.com\/fr\/#organization"},"potentialAction":[{"@type":"SearchAction","target":{"@type":"EntryPoint","urlTemplate":"https:\/\/www.miomiorun.com\/fr\/?s={search_term_string}"},"query-input":{"@type":"PropertyValueSpecification","valueRequired":true,"valueName":"search_term_string"}}],"inLanguage":"fr-FR"},{"@type":"Organization","@id":"https:\/\/www.miomiorun.com\/fr\/#organization","name":"MioMio Run","url":"https:\/\/www.miomiorun.com\/fr\/","logo":{"@type":"ImageObject","inLanguage":"fr-FR","@id":"https:\/\/www.miomiorun.com\/fr\/#\/schema\/logo\/image\/","url":"https:\/\/www.miomiorun.com\/app\/uploads\/2019\/12\/logomio.png","contentUrl":"https:\/\/www.miomiorun.com\/app\/uploads\/2019\/12\/logomio.png","width":115,"height":82,"caption":"MioMio Run"},"image":{"@id":"https:\/\/www.miomiorun.com\/fr\/#\/schema\/logo\/image\/"},"sameAs":["https:\/\/www.facebook.com\/miomiorun\/","https:\/\/www.instagram.com\/miomiorun\/"]}]}},"_links":{"self":[{"href":"https:\/\/www.miomiorun.com\/fr\/wp-json\/wp\/v2\/product\/434112","targetHints":{"allow":["GET"]}}],"collection":[{"href":"https:\/\/www.miomiorun.com\/fr\/wp-json\/wp\/v2\/product"}],"about":[{"href":"https:\/\/www.miomiorun.com\/fr\/wp-json\/wp\/v2\/types\/product"}],"wp:featuredmedia":[{"embeddable":true,"href":"https:\/\/www.miomiorun.com\/fr\/wp-json\/wp\/v2\/media\/434144"}],"wp:attachment":[{"href":"https:\/\/www.miomiorun.com\/fr\/wp-json\/wp\/v2\/media?parent=434112"}],"wp:term":[{"taxonomy":"product_brand","embeddable":true,"href":"https:\/\/www.miomiorun.com\/fr\/wp-json\/wp\/v2\/product_brand?post=434112"},{"taxonomy":"product_cat","embeddable":true,"href":"https:\/\/www.miomiorun.com\/fr\/wp-json\/wp\/v2\/product_cat?post=434112"},{"taxonomy":"product_tag","embeddable":true,"href":"https:\/\/www.miomiorun.com\/fr\/wp-json\/wp\/v2\/product_tag?post=434112"}],"curies":[{"name":"wp","href":"https:\/\/api.w.org\/{rel}","templated":true}]}}