{"id":434030,"date":"2026-04-21T18:04:58","date_gmt":"2026-04-21T16:04:58","guid":{"rendered":"https:\/\/www.miomiorun.com\/?post_type=product&#038;p=434030"},"modified":"2026-05-07T17:33:53","modified_gmt":"2026-05-07T15:33:53","slug":"vanish-seamless-homme","status":"publish","type":"product","link":"https:\/\/www.miomiorun.com\/fr\/produit\/vanish-seamless-homme\/","title":{"rendered":"Vanish seamless homme"},"content":{"rendered":"<p data-start=\"0\" data-end=\"387\">Le t-shirt \u00e0 manches courtes pour homme <span class=\"hover:entity-accent entity-underline inline cursor-pointer align-baseline\"><span class=\"whitespace-normal\">Under Armour<\/span><\/span> UA Vanish Seamless est con\u00e7u pour offrir <strong data-start=\"144\" data-end=\"164\">un confort optimal<\/strong>, <strong data-start=\"166\" data-end=\"192\">une respirabilit\u00e9 maximale<\/strong> et <strong data-start=\"195\" data-end=\"219\">une grande libert\u00e9 de mouvement<\/strong> lors de chaque entra\u00eenement. Sa conception quasi sans coutures r\u00e9duit au minimum les frottements, ce qui le rend id\u00e9al m\u00eame pour les s\u00e9ances prolong\u00e9es et de haute intensit\u00e9.<\/p>\n<p data-start=\"389\" data-end=\"435\">Sa structure technique est con\u00e7ue pour garantir :<\/p>\n<ul data-start=\"436\" data-end=\"672\">\n<li data-section-id=\"djba3a\" data-start=\"436\" data-end=\"524\"><strong data-start=\"438\" data-end=\"461\">Une ventilation cibl\u00e9e<\/strong> gr\u00e2ce aux empi\u00e8cements en mesh dans les zones de transpiration intense<\/li>\n<li data-section-id=\"y8hfz6\" data-start=\"525\" data-end=\"601\"><strong data-start=\"527\" data-end=\"569\">Des mouvements naturels et sans restriction<\/strong> gr\u00e2ce \u00e0 une \u00e9lasticit\u00e9 dans les 4 sens<\/li>\n<li data-section-id=\"8yayrd\" data-start=\"602\" data-end=\"672\"><strong data-start=\"604\" data-end=\"634\">Une peau s\u00e8che plus longtemps<\/strong> gr\u00e2ce \u00e0 des mat\u00e9riaux \u00e0 s\u00e9chage rapide<\/li>\n<\/ul>\n<p data-start=\"674\" data-end=\"989\">Le <strong data-start=\"677\" data-end=\"706\">tissu en maille douce<\/strong> assure une sensation agr\u00e9able sur la peau, tandis que la structure sans coutures contribue \u00e0 am\u00e9liorer le confort global. La <strong data-start=\"836\" data-end=\"861\">technologie anti-odeurs<\/strong> aide \u00e0 rester frais m\u00eame pendant les entra\u00eenements les plus intenses, vous permettant de rester concentr\u00e9 sur vos performances.<\/p>\n<p>&nbsp;<\/p>\n<p>&nbsp;<\/p>\n<p>&nbsp;<\/p>\n<p>&nbsp;<\/p>\n","protected":false},"excerpt":{"rendered":"<ul>\n<li data-section-id=\"5fgjs4\" data-start=\"1203\" data-end=\"1279\"><strong data-start=\"1205\" data-end=\"1239\">Structure pratiquement sans coutures<\/strong> pour r\u00e9duire les frottements et les irritations<\/li>\n<li data-section-id=\"1o6wyow\" data-start=\"1280\" data-end=\"1354\"><strong data-start=\"1282\" data-end=\"1313\">Empi\u00e8cements en mesh strat\u00e9giquement plac\u00e9s<\/strong> pour une ventilation et une fra\u00eecheur constantes<\/li>\n<li data-section-id=\"k9ho6d\" data-start=\"1355\" data-end=\"1433\" data-is-last-node=\"\"><strong data-start=\"1357\" data-end=\"1407\">Extensibilit\u00e9 dans les 4 sens et s\u00e9chage rapide<\/strong> pour plus de confort et de performance<\/li>\n<\/ul>\n","protected":false},"featured_media":434064,"template":"","meta":{"_acf_changed":false,"inline_featured_image":false},"product_brand":[],"product_cat":[24449,24482],"product_tag":[23530,23574],"class_list":{"0":"post-434030","1":"product","2":"type-product","3":"status-publish","4":"has-post-thumbnail","6":"product_cat-t-shirt-fr-3","7":"product_cat-vetements-pour-hommes-fr","8":"product_tag-under-armour-fr","9":"product_tag-under-armour-homme","10":"pa_attivita-fitness-fr","11":"pa_attivita-lifestyle-fr","12":"pa_attivita-marcher","13":"pa_attivita-running-fr","14":"pa_colore-vanish-seamless-clay-grey","15":"pa_marca-under-armour-fr","16":"pa_sesso-homme","17":"pa_size-small-fr","18":"pa_size-medium-fr","19":"pa_size-large-fr","20":"pa_size-extra-large-fr","22":"first","23":"instock","24":"sale","25":"taxable","26":"shipping-taxable","27":"purchasable","28":"product-type-variable","29":"wvs-archive-product-wrapper"},"acf":[],"yoast_head":"<!-- This site is optimized with the Yoast SEO plugin v26.8 - https:\/\/yoast.com\/product\/yoast-seo-wordpress\/ -->\n<title>Under Armour Vanish seamless homme - T-shirt de course \u00e0 pied- MioMioRun<\/title>\n<meta name=\"description\" content=\"Maillot d&#039;entra\u00eenement sans coutures, l\u00e9ger et respirant, con\u00e7u pour offrir un confort optimal, une ventilation cibl\u00e9e et une libert\u00e9 de mouvement maximale.\" \/>\n<meta name=\"robots\" content=\"index, follow, max-snippet:-1, max-image-preview:large, max-video-preview:-1\" \/>\n<link rel=\"canonical\" href=\"https:\/\/www.miomiorun.com\/fr\/produit\/vanish-seamless-homme\/\" \/>\n<meta property=\"og:locale\" content=\"fr_FR\" \/>\n<meta property=\"og:type\" content=\"article\" \/>\n<meta property=\"og:title\" content=\"Under Armour Vanish seamless homme - T-shirt de course \u00e0 pied- MioMioRun\" \/>\n<meta property=\"og:description\" content=\"Maillot d&#039;entra\u00eenement sans coutures, l\u00e9ger et respirant, con\u00e7u pour offrir un confort optimal, une ventilation cibl\u00e9e et une libert\u00e9 de mouvement maximale.\" \/>\n<meta property=\"og:url\" content=\"https:\/\/www.miomiorun.com\/fr\/produit\/vanish-seamless-homme\/\" \/>\n<meta property=\"og:site_name\" content=\"MioMioRun\" \/>\n<meta property=\"article:publisher\" content=\"https:\/\/www.facebook.com\/miomiorun\/\" \/>\n<meta property=\"article:modified_time\" content=\"2026-05-07T15:33:53+00:00\" \/>\n<meta property=\"og:image\" content=\"https:\/\/www.miomiorun.com\/app\/uploads\/2026\/04\/under-armor-Vanish-seamless-clay-grey-6010603-0709.webp\" \/>\n\t<meta property=\"og:image:width\" content=\"720\" \/>\n\t<meta property=\"og:image:height\" content=\"720\" \/>\n\t<meta property=\"og:image:type\" content=\"image\/webp\" \/>\n<meta name=\"twitter:card\" content=\"summary_large_image\" \/>\n<meta name=\"twitter:label1\" content=\"Est. reading time\" \/>\n\t<meta name=\"twitter:data1\" content=\"1 minute\" \/>\n<script type=\"application\/ld+json\" class=\"yoast-schema-graph\">{\"@context\":\"https:\/\/schema.org\",\"@graph\":[{\"@type\":\"WebPage\",\"@id\":\"https:\/\/www.miomiorun.com\/fr\/produit\/vanish-seamless-homme\/\",\"url\":\"https:\/\/www.miomiorun.com\/fr\/produit\/vanish-seamless-homme\/\",\"name\":\"Under Armour Vanish seamless homme - T-shirt de course \u00e0 pied- MioMioRun\",\"isPartOf\":{\"@id\":\"https:\/\/www.miomiorun.com\/fr\/#website\"},\"primaryImageOfPage\":{\"@id\":\"https:\/\/www.miomiorun.com\/fr\/produit\/vanish-seamless-homme\/#primaryimage\"},\"image\":{\"@id\":\"https:\/\/www.miomiorun.com\/fr\/produit\/vanish-seamless-homme\/#primaryimage\"},\"thumbnailUrl\":\"https:\/\/www.miomiorun.com\/app\/uploads\/2026\/04\/under-armor-Vanish-seamless-clay-grey-6010603-0709.webp\",\"datePublished\":\"2026-04-21T16:04:58+00:00\",\"dateModified\":\"2026-05-07T15:33:53+00:00\",\"description\":\"Maillot d'entra\u00eenement sans coutures, l\u00e9ger et respirant, con\u00e7u pour offrir un confort optimal, une ventilation cibl\u00e9e et une libert\u00e9 de mouvement maximale.\",\"breadcrumb\":{\"@id\":\"https:\/\/www.miomiorun.com\/fr\/produit\/vanish-seamless-homme\/#breadcrumb\"},\"inLanguage\":\"fr-FR\",\"potentialAction\":[{\"@type\":\"ReadAction\",\"target\":[\"https:\/\/www.miomiorun.com\/fr\/produit\/vanish-seamless-homme\/\"]}]},{\"@type\":\"ImageObject\",\"inLanguage\":\"fr-FR\",\"@id\":\"https:\/\/www.miomiorun.com\/fr\/produit\/vanish-seamless-homme\/#primaryimage\",\"url\":\"https:\/\/www.miomiorun.com\/app\/uploads\/2026\/04\/under-armor-Vanish-seamless-clay-grey-6010603-0709.webp\",\"contentUrl\":\"https:\/\/www.miomiorun.com\/app\/uploads\/2026\/04\/under-armor-Vanish-seamless-clay-grey-6010603-0709.webp\",\"width\":720,\"height\":720,\"caption\":\"under armor Vanish seamless clay grey 6010603-0709\"},{\"@type\":\"BreadcrumbList\",\"@id\":\"https:\/\/www.miomiorun.com\/fr\/produit\/vanish-seamless-homme\/#breadcrumb\",\"itemListElement\":[{\"@type\":\"ListItem\",\"position\":1,\"name\":\"Home\",\"item\":\"https:\/\/www.miomiorun.com\/fr\/home-page\/\"},{\"@type\":\"ListItem\",\"position\":2,\"name\":\"Shop\",\"item\":\"https:\/\/www.miomiorun.com\/shop\/\"},{\"@type\":\"ListItem\",\"position\":3,\"name\":\"Vanish seamless homme\"}]},{\"@type\":\"WebSite\",\"@id\":\"https:\/\/www.miomiorun.com\/fr\/#website\",\"url\":\"https:\/\/www.miomiorun.com\/fr\/\",\"name\":\"MioMioRun\",\"description\":\"Boutique 100% running et trail\",\"publisher\":{\"@id\":\"https:\/\/www.miomiorun.com\/fr\/#organization\"},\"potentialAction\":[{\"@type\":\"SearchAction\",\"target\":{\"@type\":\"EntryPoint\",\"urlTemplate\":\"https:\/\/www.miomiorun.com\/fr\/?s={search_term_string}\"},\"query-input\":{\"@type\":\"PropertyValueSpecification\",\"valueRequired\":true,\"valueName\":\"search_term_string\"}}],\"inLanguage\":\"fr-FR\"},{\"@type\":\"Organization\",\"@id\":\"https:\/\/www.miomiorun.com\/fr\/#organization\",\"name\":\"MioMio Run\",\"url\":\"https:\/\/www.miomiorun.com\/fr\/\",\"logo\":{\"@type\":\"ImageObject\",\"inLanguage\":\"fr-FR\",\"@id\":\"https:\/\/www.miomiorun.com\/fr\/#\/schema\/logo\/image\/\",\"url\":\"https:\/\/www.miomiorun.com\/app\/uploads\/2019\/12\/logomio.png\",\"contentUrl\":\"https:\/\/www.miomiorun.com\/app\/uploads\/2019\/12\/logomio.png\",\"width\":115,\"height\":82,\"caption\":\"MioMio Run\"},\"image\":{\"@id\":\"https:\/\/www.miomiorun.com\/fr\/#\/schema\/logo\/image\/\"},\"sameAs\":[\"https:\/\/www.facebook.com\/miomiorun\/\",\"https:\/\/www.instagram.com\/miomiorun\/\"]}]}<\/script>\n<!-- \/ Yoast SEO plugin. -->","yoast_head_json":{"title":"Under Armour Vanish seamless homme - T-shirt de course \u00e0 pied- MioMioRun","description":"Maillot d'entra\u00eenement sans coutures, l\u00e9ger et respirant, con\u00e7u pour offrir un confort optimal, une ventilation cibl\u00e9e et une libert\u00e9 de mouvement maximale.","robots":{"index":"index","follow":"follow","max-snippet":"max-snippet:-1","max-image-preview":"max-image-preview:large","max-video-preview":"max-video-preview:-1"},"canonical":"https:\/\/www.miomiorun.com\/fr\/produit\/vanish-seamless-homme\/","og_locale":"fr_FR","og_type":"article","og_title":"Under Armour Vanish seamless homme - T-shirt de course \u00e0 pied- MioMioRun","og_description":"Maillot d'entra\u00eenement sans coutures, l\u00e9ger et respirant, con\u00e7u pour offrir un confort optimal, une ventilation cibl\u00e9e et une libert\u00e9 de mouvement maximale.","og_url":"https:\/\/www.miomiorun.com\/fr\/produit\/vanish-seamless-homme\/","og_site_name":"MioMioRun","article_publisher":"https:\/\/www.facebook.com\/miomiorun\/","article_modified_time":"2026-05-07T15:33:53+00:00","og_image":[{"width":720,"height":720,"url":"https:\/\/www.miomiorun.com\/app\/uploads\/2026\/04\/under-armor-Vanish-seamless-clay-grey-6010603-0709.webp","type":"image\/webp"}],"twitter_card":"summary_large_image","twitter_misc":{"Est. reading time":"1 minute"},"schema":{"@context":"https:\/\/schema.org","@graph":[{"@type":"WebPage","@id":"https:\/\/www.miomiorun.com\/fr\/produit\/vanish-seamless-homme\/","url":"https:\/\/www.miomiorun.com\/fr\/produit\/vanish-seamless-homme\/","name":"Under Armour Vanish seamless homme - T-shirt de course \u00e0 pied- MioMioRun","isPartOf":{"@id":"https:\/\/www.miomiorun.com\/fr\/#website"},"primaryImageOfPage":{"@id":"https:\/\/www.miomiorun.com\/fr\/produit\/vanish-seamless-homme\/#primaryimage"},"image":{"@id":"https:\/\/www.miomiorun.com\/fr\/produit\/vanish-seamless-homme\/#primaryimage"},"thumbnailUrl":"https:\/\/www.miomiorun.com\/app\/uploads\/2026\/04\/under-armor-Vanish-seamless-clay-grey-6010603-0709.webp","datePublished":"2026-04-21T16:04:58+00:00","dateModified":"2026-05-07T15:33:53+00:00","description":"Maillot d'entra\u00eenement sans coutures, l\u00e9ger et respirant, con\u00e7u pour offrir un confort optimal, une ventilation cibl\u00e9e et une libert\u00e9 de mouvement maximale.","breadcrumb":{"@id":"https:\/\/www.miomiorun.com\/fr\/produit\/vanish-seamless-homme\/#breadcrumb"},"inLanguage":"fr-FR","potentialAction":[{"@type":"ReadAction","target":["https:\/\/www.miomiorun.com\/fr\/produit\/vanish-seamless-homme\/"]}]},{"@type":"ImageObject","inLanguage":"fr-FR","@id":"https:\/\/www.miomiorun.com\/fr\/produit\/vanish-seamless-homme\/#primaryimage","url":"https:\/\/www.miomiorun.com\/app\/uploads\/2026\/04\/under-armor-Vanish-seamless-clay-grey-6010603-0709.webp","contentUrl":"https:\/\/www.miomiorun.com\/app\/uploads\/2026\/04\/under-armor-Vanish-seamless-clay-grey-6010603-0709.webp","width":720,"height":720,"caption":"under armor Vanish seamless clay grey 6010603-0709"},{"@type":"BreadcrumbList","@id":"https:\/\/www.miomiorun.com\/fr\/produit\/vanish-seamless-homme\/#breadcrumb","itemListElement":[{"@type":"ListItem","position":1,"name":"Home","item":"https:\/\/www.miomiorun.com\/fr\/home-page\/"},{"@type":"ListItem","position":2,"name":"Shop","item":"https:\/\/www.miomiorun.com\/shop\/"},{"@type":"ListItem","position":3,"name":"Vanish seamless homme"}]},{"@type":"WebSite","@id":"https:\/\/www.miomiorun.com\/fr\/#website","url":"https:\/\/www.miomiorun.com\/fr\/","name":"MioMioRun","description":"Boutique 100% running et trail","publisher":{"@id":"https:\/\/www.miomiorun.com\/fr\/#organization"},"potentialAction":[{"@type":"SearchAction","target":{"@type":"EntryPoint","urlTemplate":"https:\/\/www.miomiorun.com\/fr\/?s={search_term_string}"},"query-input":{"@type":"PropertyValueSpecification","valueRequired":true,"valueName":"search_term_string"}}],"inLanguage":"fr-FR"},{"@type":"Organization","@id":"https:\/\/www.miomiorun.com\/fr\/#organization","name":"MioMio Run","url":"https:\/\/www.miomiorun.com\/fr\/","logo":{"@type":"ImageObject","inLanguage":"fr-FR","@id":"https:\/\/www.miomiorun.com\/fr\/#\/schema\/logo\/image\/","url":"https:\/\/www.miomiorun.com\/app\/uploads\/2019\/12\/logomio.png","contentUrl":"https:\/\/www.miomiorun.com\/app\/uploads\/2019\/12\/logomio.png","width":115,"height":82,"caption":"MioMio Run"},"image":{"@id":"https:\/\/www.miomiorun.com\/fr\/#\/schema\/logo\/image\/"},"sameAs":["https:\/\/www.facebook.com\/miomiorun\/","https:\/\/www.instagram.com\/miomiorun\/"]}]}},"_links":{"self":[{"href":"https:\/\/www.miomiorun.com\/fr\/wp-json\/wp\/v2\/product\/434030","targetHints":{"allow":["GET"]}}],"collection":[{"href":"https:\/\/www.miomiorun.com\/fr\/wp-json\/wp\/v2\/product"}],"about":[{"href":"https:\/\/www.miomiorun.com\/fr\/wp-json\/wp\/v2\/types\/product"}],"wp:featuredmedia":[{"embeddable":true,"href":"https:\/\/www.miomiorun.com\/fr\/wp-json\/wp\/v2\/media\/434064"}],"wp:attachment":[{"href":"https:\/\/www.miomiorun.com\/fr\/wp-json\/wp\/v2\/media?parent=434030"}],"wp:term":[{"taxonomy":"product_brand","embeddable":true,"href":"https:\/\/www.miomiorun.com\/fr\/wp-json\/wp\/v2\/product_brand?post=434030"},{"taxonomy":"product_cat","embeddable":true,"href":"https:\/\/www.miomiorun.com\/fr\/wp-json\/wp\/v2\/product_cat?post=434030"},{"taxonomy":"product_tag","embeddable":true,"href":"https:\/\/www.miomiorun.com\/fr\/wp-json\/wp\/v2\/product_tag?post=434030"}],"curies":[{"name":"wp","href":"https:\/\/api.w.org\/{rel}","templated":true}]}}