{"id":433972,"date":"2026-04-21T17:55:35","date_gmt":"2026-04-21T15:55:35","guid":{"rendered":"https:\/\/www.miomiorun.com\/?post_type=product&#038;p=433972"},"modified":"2026-05-07T17:32:25","modified_gmt":"2026-05-07T15:32:25","slug":"tech-mesh-racer-femme","status":"publish","type":"product","link":"https:\/\/www.miomiorun.com\/fr\/produit\/tech-mesh-racer-femme\/","title":{"rendered":"Tech Mesh racer femme"},"content":{"rendered":"<p data-start=\"0\" data-end=\"325\">Le d\u00e9bardeur de course pour femme <span class=\"hover:entity-accent entity-underline inline cursor-pointer align-baseline\"><span class=\"whitespace-normal\">Under Armour<\/span><\/span> UA Tech\u2122 Mesh est con\u00e7u pour offrir <strong data-start=\"131\" data-end=\"145\">l\u00e9g\u00e8ret\u00e9<\/strong>, <strong data-start=\"147\" data-end=\"161\">fra\u00eecheur<\/strong> et <strong data-start=\"164\" data-end=\"184\">confort constant<\/strong> \u00e0 chaque entra\u00eenement. Issu de la gamme UA Tech\u2122, il allie simplicit\u00e9 et performance pour vous accompagner naturellement dans chacun de vos mouvements.<\/p>\n<p data-start=\"327\" data-end=\"373\">Sa conception technique est \u00e9tudi\u00e9e pour garantir :<\/p>\n<ul data-start=\"374\" data-end=\"589\">\n<li data-section-id=\"wyyo9o\" data-start=\"374\" data-end=\"452\"><strong data-start=\"376\" data-end=\"402\">Une respirabilit\u00e9 maximale<\/strong> gr\u00e2ce au tissu en mesh \u00e0 structure pinhole<\/li>\n<li data-section-id=\"8yayrd\" data-start=\"453\" data-end=\"523\"><strong data-start=\"455\" data-end=\"485\">Une peau s\u00e8che plus longtemps<\/strong> gr\u00e2ce \u00e0 des mat\u00e9riaux \u00e0 s\u00e9chage rapide<\/li>\n<li data-section-id=\"jwj4q6\" data-start=\"524\" data-end=\"589\"><strong data-start=\"526\" data-end=\"557\">Une libert\u00e9 de mouvement totale<\/strong> gr\u00e2ce \u00e0 une \u00e9lasticit\u00e9 dans les 4 sens<\/li>\n<\/ul>\n<p data-start=\"591\" data-end=\"916\">Le <strong data-start=\"594\" data-end=\"620\">design racer \u00e0 l&#8217;arri\u00e8re<\/strong> favorise la mobilit\u00e9 et la ventilation, ce qui rend ce d\u00e9bardeur id\u00e9al pour les activit\u00e9s dynamiques. Le tissu doux offre une sensation agr\u00e9able sur la peau sans compromettre la couverture, tandis que la <strong data-start=\"812\" data-end=\"837\">technologie anti-odeurs<\/strong> contribue \u00e0 maintenir la fra\u00eecheur m\u00eame pendant les entra\u00eenements les plus intenses.<\/p>\n","protected":false},"excerpt":{"rendered":"<ul>\n<li data-section-id=\"t9ozh7\" data-start=\"1112\" data-end=\"1184\"><strong data-start=\"1114\" data-end=\"1152\">Tissu en maille \u00e0 structure perfor\u00e9e<\/strong> pour une meilleure ventilation et plus de l\u00e9g\u00e8ret\u00e9<\/li>\n<li data-section-id=\"vudg71\" data-start=\"1185\" data-end=\"1265\"><strong data-start=\"1187\" data-end=\"1231\">S\u00e9chage rapide et gestion de la transpiration<\/strong> pour garder la peau au sec<\/li>\n<li data-section-id=\"qgm1ug\" data-start=\"1266\" data-end=\"1342\" data-is-last-node=\"\"><strong data-start=\"1268\" data-end=\"1308\">Coupe racer et technologie anti-odeurs<\/strong> pour une mobilit\u00e9 et un confort prolong\u00e9s<\/li>\n<\/ul>\n","protected":false},"featured_media":434007,"template":"","meta":{"_acf_changed":false,"inline_featured_image":false},"product_brand":[],"product_cat":[22598,22596,22595],"product_tag":[23530,23575],"class_list":{"0":"post-433972","1":"product","2":"type-product","3":"status-publish","4":"has-post-thumbnail","6":"product_cat-gilets","7":"product_cat-vetements-pour-femmes","8":"product_cat-femme","9":"product_tag-under-armour-fr","10":"product_tag-under-armour-femme","11":"pa_attivita-fitness-fr","12":"pa_attivita-lifestyle-fr","13":"pa_attivita-marcher","14":"pa_attivita-running-fr","15":"pa_colore-tech-mesh-racer-white-w","16":"pa_marca-under-armour-fr","17":"pa_sesso-femme","18":"pa_size-extra-small-fr","19":"pa_size-small-fr","20":"pa_size-medium-fr","22":"first","23":"instock","24":"sale","25":"taxable","26":"shipping-taxable","27":"purchasable","28":"product-type-variable","29":"wvs-archive-product-wrapper"},"acf":[],"yoast_head":"<!-- This site is optimized with the Yoast SEO plugin v26.8 - https:\/\/yoast.com\/product\/yoast-seo-wordpress\/ -->\n<title>Under Armour Tech Mesh racer femme - d\u00e9bardeur de course \u00e0 pied- MioMioRun<\/title>\n<meta name=\"description\" content=\"D\u00e9bardeur d&#039;entra\u00eenement l\u00e9ger et respirant, con\u00e7u pour offrir fra\u00eecheur, confort durable et une libert\u00e9 de mouvement maximale.\" \/>\n<meta name=\"robots\" content=\"index, follow, max-snippet:-1, max-image-preview:large, max-video-preview:-1\" \/>\n<link rel=\"canonical\" href=\"https:\/\/www.miomiorun.com\/fr\/produit\/tech-mesh-racer-femme\/\" \/>\n<meta property=\"og:locale\" content=\"fr_FR\" \/>\n<meta property=\"og:type\" content=\"article\" \/>\n<meta property=\"og:title\" content=\"Under Armour Tech Mesh racer femme - d\u00e9bardeur de course \u00e0 pied- MioMioRun\" \/>\n<meta property=\"og:description\" content=\"D\u00e9bardeur d&#039;entra\u00eenement l\u00e9ger et respirant, con\u00e7u pour offrir fra\u00eecheur, confort durable et une libert\u00e9 de mouvement maximale.\" \/>\n<meta property=\"og:url\" content=\"https:\/\/www.miomiorun.com\/fr\/produit\/tech-mesh-racer-femme\/\" \/>\n<meta property=\"og:site_name\" content=\"MioMioRun\" \/>\n<meta property=\"article:publisher\" content=\"https:\/\/www.facebook.com\/miomiorun\/\" \/>\n<meta property=\"article:modified_time\" content=\"2026-05-07T15:32:25+00:00\" \/>\n<meta property=\"og:image\" content=\"https:\/\/www.miomiorun.com\/app\/uploads\/2026\/04\/under-armor-Tech-Mesh-racer-white-W-6009989-0100.webp\" \/>\n\t<meta property=\"og:image:width\" content=\"720\" \/>\n\t<meta property=\"og:image:height\" content=\"720\" \/>\n\t<meta property=\"og:image:type\" content=\"image\/webp\" \/>\n<meta name=\"twitter:card\" content=\"summary_large_image\" \/>\n<meta name=\"twitter:label1\" content=\"Est. reading time\" \/>\n\t<meta name=\"twitter:data1\" content=\"1 minute\" \/>\n<script type=\"application\/ld+json\" class=\"yoast-schema-graph\">{\"@context\":\"https:\/\/schema.org\",\"@graph\":[{\"@type\":\"WebPage\",\"@id\":\"https:\/\/www.miomiorun.com\/fr\/produit\/tech-mesh-racer-femme\/\",\"url\":\"https:\/\/www.miomiorun.com\/fr\/produit\/tech-mesh-racer-femme\/\",\"name\":\"Under Armour Tech Mesh racer femme - d\u00e9bardeur de course \u00e0 pied- MioMioRun\",\"isPartOf\":{\"@id\":\"https:\/\/www.miomiorun.com\/fr\/#website\"},\"primaryImageOfPage\":{\"@id\":\"https:\/\/www.miomiorun.com\/fr\/produit\/tech-mesh-racer-femme\/#primaryimage\"},\"image\":{\"@id\":\"https:\/\/www.miomiorun.com\/fr\/produit\/tech-mesh-racer-femme\/#primaryimage\"},\"thumbnailUrl\":\"https:\/\/www.miomiorun.com\/app\/uploads\/2026\/04\/under-armor-Tech-Mesh-racer-white-W-6009989-0100.webp\",\"datePublished\":\"2026-04-21T15:55:35+00:00\",\"dateModified\":\"2026-05-07T15:32:25+00:00\",\"description\":\"D\u00e9bardeur d'entra\u00eenement l\u00e9ger et respirant, con\u00e7u pour offrir fra\u00eecheur, confort durable et une libert\u00e9 de mouvement maximale.\",\"breadcrumb\":{\"@id\":\"https:\/\/www.miomiorun.com\/fr\/produit\/tech-mesh-racer-femme\/#breadcrumb\"},\"inLanguage\":\"fr-FR\",\"potentialAction\":[{\"@type\":\"ReadAction\",\"target\":[\"https:\/\/www.miomiorun.com\/fr\/produit\/tech-mesh-racer-femme\/\"]}]},{\"@type\":\"ImageObject\",\"inLanguage\":\"fr-FR\",\"@id\":\"https:\/\/www.miomiorun.com\/fr\/produit\/tech-mesh-racer-femme\/#primaryimage\",\"url\":\"https:\/\/www.miomiorun.com\/app\/uploads\/2026\/04\/under-armor-Tech-Mesh-racer-white-W-6009989-0100.webp\",\"contentUrl\":\"https:\/\/www.miomiorun.com\/app\/uploads\/2026\/04\/under-armor-Tech-Mesh-racer-white-W-6009989-0100.webp\",\"width\":720,\"height\":720,\"caption\":\"under armor Tech Mesh racer white W 6009989-0100\"},{\"@type\":\"BreadcrumbList\",\"@id\":\"https:\/\/www.miomiorun.com\/fr\/produit\/tech-mesh-racer-femme\/#breadcrumb\",\"itemListElement\":[{\"@type\":\"ListItem\",\"position\":1,\"name\":\"Home\",\"item\":\"https:\/\/www.miomiorun.com\/fr\/home-page\/\"},{\"@type\":\"ListItem\",\"position\":2,\"name\":\"Shop\",\"item\":\"https:\/\/www.miomiorun.com\/shop\/\"},{\"@type\":\"ListItem\",\"position\":3,\"name\":\"Tech Mesh racer femme\"}]},{\"@type\":\"WebSite\",\"@id\":\"https:\/\/www.miomiorun.com\/fr\/#website\",\"url\":\"https:\/\/www.miomiorun.com\/fr\/\",\"name\":\"MioMioRun\",\"description\":\"Boutique 100% running et trail\",\"publisher\":{\"@id\":\"https:\/\/www.miomiorun.com\/fr\/#organization\"},\"potentialAction\":[{\"@type\":\"SearchAction\",\"target\":{\"@type\":\"EntryPoint\",\"urlTemplate\":\"https:\/\/www.miomiorun.com\/fr\/?s={search_term_string}\"},\"query-input\":{\"@type\":\"PropertyValueSpecification\",\"valueRequired\":true,\"valueName\":\"search_term_string\"}}],\"inLanguage\":\"fr-FR\"},{\"@type\":\"Organization\",\"@id\":\"https:\/\/www.miomiorun.com\/fr\/#organization\",\"name\":\"MioMio Run\",\"url\":\"https:\/\/www.miomiorun.com\/fr\/\",\"logo\":{\"@type\":\"ImageObject\",\"inLanguage\":\"fr-FR\",\"@id\":\"https:\/\/www.miomiorun.com\/fr\/#\/schema\/logo\/image\/\",\"url\":\"https:\/\/www.miomiorun.com\/app\/uploads\/2019\/12\/logomio.png\",\"contentUrl\":\"https:\/\/www.miomiorun.com\/app\/uploads\/2019\/12\/logomio.png\",\"width\":115,\"height\":82,\"caption\":\"MioMio Run\"},\"image\":{\"@id\":\"https:\/\/www.miomiorun.com\/fr\/#\/schema\/logo\/image\/\"},\"sameAs\":[\"https:\/\/www.facebook.com\/miomiorun\/\",\"https:\/\/www.instagram.com\/miomiorun\/\"]}]}<\/script>\n<!-- \/ Yoast SEO plugin. -->","yoast_head_json":{"title":"Under Armour Tech Mesh racer femme - d\u00e9bardeur de course \u00e0 pied- MioMioRun","description":"D\u00e9bardeur d'entra\u00eenement l\u00e9ger et respirant, con\u00e7u pour offrir fra\u00eecheur, confort durable et une libert\u00e9 de mouvement maximale.","robots":{"index":"index","follow":"follow","max-snippet":"max-snippet:-1","max-image-preview":"max-image-preview:large","max-video-preview":"max-video-preview:-1"},"canonical":"https:\/\/www.miomiorun.com\/fr\/produit\/tech-mesh-racer-femme\/","og_locale":"fr_FR","og_type":"article","og_title":"Under Armour Tech Mesh racer femme - d\u00e9bardeur de course \u00e0 pied- MioMioRun","og_description":"D\u00e9bardeur d'entra\u00eenement l\u00e9ger et respirant, con\u00e7u pour offrir fra\u00eecheur, confort durable et une libert\u00e9 de mouvement maximale.","og_url":"https:\/\/www.miomiorun.com\/fr\/produit\/tech-mesh-racer-femme\/","og_site_name":"MioMioRun","article_publisher":"https:\/\/www.facebook.com\/miomiorun\/","article_modified_time":"2026-05-07T15:32:25+00:00","og_image":[{"width":720,"height":720,"url":"https:\/\/www.miomiorun.com\/app\/uploads\/2026\/04\/under-armor-Tech-Mesh-racer-white-W-6009989-0100.webp","type":"image\/webp"}],"twitter_card":"summary_large_image","twitter_misc":{"Est. reading time":"1 minute"},"schema":{"@context":"https:\/\/schema.org","@graph":[{"@type":"WebPage","@id":"https:\/\/www.miomiorun.com\/fr\/produit\/tech-mesh-racer-femme\/","url":"https:\/\/www.miomiorun.com\/fr\/produit\/tech-mesh-racer-femme\/","name":"Under Armour Tech Mesh racer femme - d\u00e9bardeur de course \u00e0 pied- MioMioRun","isPartOf":{"@id":"https:\/\/www.miomiorun.com\/fr\/#website"},"primaryImageOfPage":{"@id":"https:\/\/www.miomiorun.com\/fr\/produit\/tech-mesh-racer-femme\/#primaryimage"},"image":{"@id":"https:\/\/www.miomiorun.com\/fr\/produit\/tech-mesh-racer-femme\/#primaryimage"},"thumbnailUrl":"https:\/\/www.miomiorun.com\/app\/uploads\/2026\/04\/under-armor-Tech-Mesh-racer-white-W-6009989-0100.webp","datePublished":"2026-04-21T15:55:35+00:00","dateModified":"2026-05-07T15:32:25+00:00","description":"D\u00e9bardeur d'entra\u00eenement l\u00e9ger et respirant, con\u00e7u pour offrir fra\u00eecheur, confort durable et une libert\u00e9 de mouvement maximale.","breadcrumb":{"@id":"https:\/\/www.miomiorun.com\/fr\/produit\/tech-mesh-racer-femme\/#breadcrumb"},"inLanguage":"fr-FR","potentialAction":[{"@type":"ReadAction","target":["https:\/\/www.miomiorun.com\/fr\/produit\/tech-mesh-racer-femme\/"]}]},{"@type":"ImageObject","inLanguage":"fr-FR","@id":"https:\/\/www.miomiorun.com\/fr\/produit\/tech-mesh-racer-femme\/#primaryimage","url":"https:\/\/www.miomiorun.com\/app\/uploads\/2026\/04\/under-armor-Tech-Mesh-racer-white-W-6009989-0100.webp","contentUrl":"https:\/\/www.miomiorun.com\/app\/uploads\/2026\/04\/under-armor-Tech-Mesh-racer-white-W-6009989-0100.webp","width":720,"height":720,"caption":"under armor Tech Mesh racer white W 6009989-0100"},{"@type":"BreadcrumbList","@id":"https:\/\/www.miomiorun.com\/fr\/produit\/tech-mesh-racer-femme\/#breadcrumb","itemListElement":[{"@type":"ListItem","position":1,"name":"Home","item":"https:\/\/www.miomiorun.com\/fr\/home-page\/"},{"@type":"ListItem","position":2,"name":"Shop","item":"https:\/\/www.miomiorun.com\/shop\/"},{"@type":"ListItem","position":3,"name":"Tech Mesh racer femme"}]},{"@type":"WebSite","@id":"https:\/\/www.miomiorun.com\/fr\/#website","url":"https:\/\/www.miomiorun.com\/fr\/","name":"MioMioRun","description":"Boutique 100% running et trail","publisher":{"@id":"https:\/\/www.miomiorun.com\/fr\/#organization"},"potentialAction":[{"@type":"SearchAction","target":{"@type":"EntryPoint","urlTemplate":"https:\/\/www.miomiorun.com\/fr\/?s={search_term_string}"},"query-input":{"@type":"PropertyValueSpecification","valueRequired":true,"valueName":"search_term_string"}}],"inLanguage":"fr-FR"},{"@type":"Organization","@id":"https:\/\/www.miomiorun.com\/fr\/#organization","name":"MioMio Run","url":"https:\/\/www.miomiorun.com\/fr\/","logo":{"@type":"ImageObject","inLanguage":"fr-FR","@id":"https:\/\/www.miomiorun.com\/fr\/#\/schema\/logo\/image\/","url":"https:\/\/www.miomiorun.com\/app\/uploads\/2019\/12\/logomio.png","contentUrl":"https:\/\/www.miomiorun.com\/app\/uploads\/2019\/12\/logomio.png","width":115,"height":82,"caption":"MioMio Run"},"image":{"@id":"https:\/\/www.miomiorun.com\/fr\/#\/schema\/logo\/image\/"},"sameAs":["https:\/\/www.facebook.com\/miomiorun\/","https:\/\/www.instagram.com\/miomiorun\/"]}]}},"_links":{"self":[{"href":"https:\/\/www.miomiorun.com\/fr\/wp-json\/wp\/v2\/product\/433972","targetHints":{"allow":["GET"]}}],"collection":[{"href":"https:\/\/www.miomiorun.com\/fr\/wp-json\/wp\/v2\/product"}],"about":[{"href":"https:\/\/www.miomiorun.com\/fr\/wp-json\/wp\/v2\/types\/product"}],"wp:featuredmedia":[{"embeddable":true,"href":"https:\/\/www.miomiorun.com\/fr\/wp-json\/wp\/v2\/media\/434007"}],"wp:attachment":[{"href":"https:\/\/www.miomiorun.com\/fr\/wp-json\/wp\/v2\/media?parent=433972"}],"wp:term":[{"taxonomy":"product_brand","embeddable":true,"href":"https:\/\/www.miomiorun.com\/fr\/wp-json\/wp\/v2\/product_brand?post=433972"},{"taxonomy":"product_cat","embeddable":true,"href":"https:\/\/www.miomiorun.com\/fr\/wp-json\/wp\/v2\/product_cat?post=433972"},{"taxonomy":"product_tag","embeddable":true,"href":"https:\/\/www.miomiorun.com\/fr\/wp-json\/wp\/v2\/product_tag?post=433972"}],"curies":[{"name":"wp","href":"https:\/\/api.w.org\/{rel}","templated":true}]}}