{"id":433912,"date":"2026-04-21T17:44:08","date_gmt":"2026-04-21T15:44:08","guid":{"rendered":"https:\/\/www.miomiorun.com\/?post_type=product&#038;p=433912"},"modified":"2026-05-07T17:31:04","modified_gmt":"2026-05-07T15:31:04","slug":"vanish-woven-5in-femme","status":"publish","type":"product","link":"https:\/\/www.miomiorun.com\/fr\/produit\/vanish-woven-5in-femme\/","title":{"rendered":"Vanish Woven 5in femme"},"content":{"rendered":"<p data-start=\"0\" data-end=\"388\">Le short pour femme <span class=\"hover:entity-accent entity-underline inline cursor-pointer align-baseline\"><span class=\"whitespace-normal\">Under Armour<\/span><\/span> UA Vanish Woven de 12 cm est con\u00e7u pour offrir <strong data-start=\"139\" data-end=\"161\">un maximum de fra\u00eecheur<\/strong>, <strong data-start=\"163\" data-end=\"177\">de l\u00e9g\u00e8ret\u00e9<\/strong> et <strong data-start=\"180\" data-end=\"204\">des performances constantes<\/strong> \u00e0 chaque entra\u00eenement. Confectionn\u00e9 dans l&#8217;une des mati\u00e8res <strong data-start=\"266\" data-end=\"292\">\u00e0 s\u00e9chage le plus rapide<\/strong>, il aide \u00e0 garder la peau au sec et l&#8217;esprit concentr\u00e9, m\u00eame lors des s\u00e9ances les plus intenses.<\/p>\n<p data-start=\"390\" data-end=\"438\">Sa conception technique est pens\u00e9e pour garantir :<\/p>\n<ul data-start=\"439\" data-end=\"668\">\n<li data-section-id=\"63q40t\" data-start=\"439\" data-end=\"525\"><strong data-start=\"441\" data-end=\"483\">Des mouvements naturels et sans restriction<\/strong> gr\u00e2ce au tissu \u00e9lastique l\u00e9ger<\/li>\n<li data-section-id=\"1kb6gc\" data-start=\"526\" data-end=\"613\"><strong data-start=\"528\" data-end=\"572\">Un s\u00e9chage rapide et une gestion de la transpiration<\/strong> pour une sensation de confort continu<\/li>\n<li data-section-id=\"1mchc35\" data-start=\"614\" data-end=\"668\"><strong data-start=\"616\" data-end=\"636\">Une mobilit\u00e9 maximale<\/strong> gr\u00e2ce \u00e0 l&#8217;\u00e9lasticit\u00e9 dans les 4 sens<\/li>\n<\/ul>\n<p data-start=\"670\" data-end=\"1111\">Le <strong data-start=\"673\" data-end=\"699\">slip int\u00e9gr\u00e9<\/strong> assure maintien et couverture, tandis que la <strong data-start=\"740\" data-end=\"777\">ceinture \u00e9lastique apparente avec logo<\/strong> offre un ajustement stable et une touche distinctive. Les <strong data-start=\"834\" data-end=\"863\">poches ouvertes pour les mains<\/strong> ajoutent une touche pratique, tandis que l&#8217;<strong data-start=\"895\" data-end=\"933\">ourlet profil\u00e9 avec fentes lat\u00e9rales<\/strong> et la couture arri\u00e8re arrondie contribuent \u00e0 am\u00e9liorer l&#8217;ajustement et \u00e0 mettre en valeur la silhouette. Le tissu principal contient au moins 80 % de polyester recycl\u00e9.<\/p>\n","protected":false},"excerpt":{"rendered":"<ul>\n<li data-section-id=\"1pbsg10\" data-start=\"1325\" data-end=\"1412\"><strong data-start=\"1327\" data-end=\"1378\">Tissu l\u00e9ger et extensible dans les quatre sens<\/strong> pour des mouvements fluides et naturels<\/li>\n<li data-section-id=\"14uqo29\" data-start=\"1413\" data-end=\"1491\"><strong data-start=\"1415\" data-end=\"1459\">S\u00e9chage rapide et gestion de la transpiration<\/strong> pour garder la peau au frais<\/li>\n<li data-section-id=\"1hh9o0c\" data-start=\"1492\" data-end=\"1574\" data-is-last-node=\"\"><strong data-start=\"1494\" data-end=\"1528\">Slip int\u00e9gr\u00e9 et coupe ajust\u00e9e<\/strong> pour un confort, une couverture et un ajustement optimaux<\/li>\n<\/ul>\n","protected":false},"featured_media":433938,"template":"","meta":{"_acf_changed":false,"inline_featured_image":false},"product_brand":[],"product_cat":[22602,22596],"product_tag":[23530,23575],"class_list":{"0":"post-433912","1":"product","2":"type-product","3":"status-publish","4":"has-post-thumbnail","6":"product_cat-pantalon-court","7":"product_cat-vetements-pour-femmes","8":"product_tag-under-armour-fr","9":"product_tag-under-armour-femme","10":"pa_attivita-fitness-fr","11":"pa_attivita-running-fr","12":"pa_colore-vanish-woven-5in-ultimate","13":"pa_marca-under-armour-fr","14":"pa_sesso-femme","15":"pa_size-extra-small-fr","16":"pa_size-small-fr","17":"pa_size-medium-fr","18":"pa_size-large-fr","20":"first","21":"instock","22":"sale","23":"taxable","24":"shipping-taxable","25":"purchasable","26":"product-type-variable","27":"wvs-archive-product-wrapper"},"acf":[],"yoast_head":"<!-- This site is optimized with the Yoast SEO plugin v26.8 - https:\/\/yoast.com\/product\/yoast-seo-wordpress\/ -->\n<title>Under Armour Vanish Woven 5in femme - short pour femme - MioMioRun<\/title>\n<meta name=\"description\" content=\"Short de course ultra-l\u00e9ger et \u00e0 s\u00e9chage rapide, con\u00e7u pour offrir fra\u00eecheur, confort et libert\u00e9 de mouvement \u00e0 chaque entra\u00eenement.\" \/>\n<meta name=\"robots\" content=\"index, follow, max-snippet:-1, max-image-preview:large, max-video-preview:-1\" \/>\n<link rel=\"canonical\" href=\"https:\/\/www.miomiorun.com\/fr\/produit\/vanish-woven-5in-femme\/\" \/>\n<meta property=\"og:locale\" content=\"fr_FR\" \/>\n<meta property=\"og:type\" content=\"article\" \/>\n<meta property=\"og:title\" content=\"Under Armour Vanish Woven 5in femme - short pour femme - MioMioRun\" \/>\n<meta property=\"og:description\" content=\"Short de course ultra-l\u00e9ger et \u00e0 s\u00e9chage rapide, con\u00e7u pour offrir fra\u00eecheur, confort et libert\u00e9 de mouvement \u00e0 chaque entra\u00eenement.\" \/>\n<meta property=\"og:url\" content=\"https:\/\/www.miomiorun.com\/fr\/produit\/vanish-woven-5in-femme\/\" \/>\n<meta property=\"og:site_name\" content=\"MioMioRun\" \/>\n<meta property=\"article:publisher\" content=\"https:\/\/www.facebook.com\/miomiorun\/\" \/>\n<meta property=\"article:modified_time\" content=\"2026-05-07T15:31:04+00:00\" \/>\n<meta property=\"og:image\" content=\"https:\/\/www.miomiorun.com\/app\/uploads\/2026\/04\/under-armor-Vanish-Woven-5in-ultimate-6009966-0008-fronte.webp\" \/>\n\t<meta property=\"og:image:width\" content=\"720\" \/>\n\t<meta property=\"og:image:height\" content=\"720\" \/>\n\t<meta property=\"og:image:type\" content=\"image\/webp\" \/>\n<meta name=\"twitter:card\" content=\"summary_large_image\" \/>\n<meta name=\"twitter:label1\" content=\"Est. reading time\" \/>\n\t<meta name=\"twitter:data1\" content=\"1 minute\" \/>\n<script type=\"application\/ld+json\" class=\"yoast-schema-graph\">{\"@context\":\"https:\/\/schema.org\",\"@graph\":[{\"@type\":\"WebPage\",\"@id\":\"https:\/\/www.miomiorun.com\/fr\/produit\/vanish-woven-5in-femme\/\",\"url\":\"https:\/\/www.miomiorun.com\/fr\/produit\/vanish-woven-5in-femme\/\",\"name\":\"Under Armour Vanish Woven 5in femme - short pour femme - MioMioRun\",\"isPartOf\":{\"@id\":\"https:\/\/www.miomiorun.com\/fr\/#website\"},\"primaryImageOfPage\":{\"@id\":\"https:\/\/www.miomiorun.com\/fr\/produit\/vanish-woven-5in-femme\/#primaryimage\"},\"image\":{\"@id\":\"https:\/\/www.miomiorun.com\/fr\/produit\/vanish-woven-5in-femme\/#primaryimage\"},\"thumbnailUrl\":\"https:\/\/www.miomiorun.com\/app\/uploads\/2026\/04\/under-armor-Vanish-Woven-5in-ultimate-6009966-0008-fronte.webp\",\"datePublished\":\"2026-04-21T15:44:08+00:00\",\"dateModified\":\"2026-05-07T15:31:04+00:00\",\"description\":\"Short de course ultra-l\u00e9ger et \u00e0 s\u00e9chage rapide, con\u00e7u pour offrir fra\u00eecheur, confort et libert\u00e9 de mouvement \u00e0 chaque entra\u00eenement.\",\"breadcrumb\":{\"@id\":\"https:\/\/www.miomiorun.com\/fr\/produit\/vanish-woven-5in-femme\/#breadcrumb\"},\"inLanguage\":\"fr-FR\",\"potentialAction\":[{\"@type\":\"ReadAction\",\"target\":[\"https:\/\/www.miomiorun.com\/fr\/produit\/vanish-woven-5in-femme\/\"]}]},{\"@type\":\"ImageObject\",\"inLanguage\":\"fr-FR\",\"@id\":\"https:\/\/www.miomiorun.com\/fr\/produit\/vanish-woven-5in-femme\/#primaryimage\",\"url\":\"https:\/\/www.miomiorun.com\/app\/uploads\/2026\/04\/under-armor-Vanish-Woven-5in-ultimate-6009966-0008-fronte.webp\",\"contentUrl\":\"https:\/\/www.miomiorun.com\/app\/uploads\/2026\/04\/under-armor-Vanish-Woven-5in-ultimate-6009966-0008-fronte.webp\",\"width\":720,\"height\":720,\"caption\":\"under armor Vanish Woven 5in ultimate 6009966-0008 fronte\"},{\"@type\":\"BreadcrumbList\",\"@id\":\"https:\/\/www.miomiorun.com\/fr\/produit\/vanish-woven-5in-femme\/#breadcrumb\",\"itemListElement\":[{\"@type\":\"ListItem\",\"position\":1,\"name\":\"Home\",\"item\":\"https:\/\/www.miomiorun.com\/fr\/home-page\/\"},{\"@type\":\"ListItem\",\"position\":2,\"name\":\"Shop\",\"item\":\"https:\/\/www.miomiorun.com\/shop\/\"},{\"@type\":\"ListItem\",\"position\":3,\"name\":\"Vanish Woven 5in femme\"}]},{\"@type\":\"WebSite\",\"@id\":\"https:\/\/www.miomiorun.com\/fr\/#website\",\"url\":\"https:\/\/www.miomiorun.com\/fr\/\",\"name\":\"MioMioRun\",\"description\":\"Boutique 100% running et trail\",\"publisher\":{\"@id\":\"https:\/\/www.miomiorun.com\/fr\/#organization\"},\"potentialAction\":[{\"@type\":\"SearchAction\",\"target\":{\"@type\":\"EntryPoint\",\"urlTemplate\":\"https:\/\/www.miomiorun.com\/fr\/?s={search_term_string}\"},\"query-input\":{\"@type\":\"PropertyValueSpecification\",\"valueRequired\":true,\"valueName\":\"search_term_string\"}}],\"inLanguage\":\"fr-FR\"},{\"@type\":\"Organization\",\"@id\":\"https:\/\/www.miomiorun.com\/fr\/#organization\",\"name\":\"MioMio Run\",\"url\":\"https:\/\/www.miomiorun.com\/fr\/\",\"logo\":{\"@type\":\"ImageObject\",\"inLanguage\":\"fr-FR\",\"@id\":\"https:\/\/www.miomiorun.com\/fr\/#\/schema\/logo\/image\/\",\"url\":\"https:\/\/www.miomiorun.com\/app\/uploads\/2019\/12\/logomio.png\",\"contentUrl\":\"https:\/\/www.miomiorun.com\/app\/uploads\/2019\/12\/logomio.png\",\"width\":115,\"height\":82,\"caption\":\"MioMio Run\"},\"image\":{\"@id\":\"https:\/\/www.miomiorun.com\/fr\/#\/schema\/logo\/image\/\"},\"sameAs\":[\"https:\/\/www.facebook.com\/miomiorun\/\",\"https:\/\/www.instagram.com\/miomiorun\/\"]}]}<\/script>\n<!-- \/ Yoast SEO plugin. -->","yoast_head_json":{"title":"Under Armour Vanish Woven 5in femme - short pour femme - MioMioRun","description":"Short de course ultra-l\u00e9ger et \u00e0 s\u00e9chage rapide, con\u00e7u pour offrir fra\u00eecheur, confort et libert\u00e9 de mouvement \u00e0 chaque entra\u00eenement.","robots":{"index":"index","follow":"follow","max-snippet":"max-snippet:-1","max-image-preview":"max-image-preview:large","max-video-preview":"max-video-preview:-1"},"canonical":"https:\/\/www.miomiorun.com\/fr\/produit\/vanish-woven-5in-femme\/","og_locale":"fr_FR","og_type":"article","og_title":"Under Armour Vanish Woven 5in femme - short pour femme - MioMioRun","og_description":"Short de course ultra-l\u00e9ger et \u00e0 s\u00e9chage rapide, con\u00e7u pour offrir fra\u00eecheur, confort et libert\u00e9 de mouvement \u00e0 chaque entra\u00eenement.","og_url":"https:\/\/www.miomiorun.com\/fr\/produit\/vanish-woven-5in-femme\/","og_site_name":"MioMioRun","article_publisher":"https:\/\/www.facebook.com\/miomiorun\/","article_modified_time":"2026-05-07T15:31:04+00:00","og_image":[{"width":720,"height":720,"url":"https:\/\/www.miomiorun.com\/app\/uploads\/2026\/04\/under-armor-Vanish-Woven-5in-ultimate-6009966-0008-fronte.webp","type":"image\/webp"}],"twitter_card":"summary_large_image","twitter_misc":{"Est. reading time":"1 minute"},"schema":{"@context":"https:\/\/schema.org","@graph":[{"@type":"WebPage","@id":"https:\/\/www.miomiorun.com\/fr\/produit\/vanish-woven-5in-femme\/","url":"https:\/\/www.miomiorun.com\/fr\/produit\/vanish-woven-5in-femme\/","name":"Under Armour Vanish Woven 5in femme - short pour femme - MioMioRun","isPartOf":{"@id":"https:\/\/www.miomiorun.com\/fr\/#website"},"primaryImageOfPage":{"@id":"https:\/\/www.miomiorun.com\/fr\/produit\/vanish-woven-5in-femme\/#primaryimage"},"image":{"@id":"https:\/\/www.miomiorun.com\/fr\/produit\/vanish-woven-5in-femme\/#primaryimage"},"thumbnailUrl":"https:\/\/www.miomiorun.com\/app\/uploads\/2026\/04\/under-armor-Vanish-Woven-5in-ultimate-6009966-0008-fronte.webp","datePublished":"2026-04-21T15:44:08+00:00","dateModified":"2026-05-07T15:31:04+00:00","description":"Short de course ultra-l\u00e9ger et \u00e0 s\u00e9chage rapide, con\u00e7u pour offrir fra\u00eecheur, confort et libert\u00e9 de mouvement \u00e0 chaque entra\u00eenement.","breadcrumb":{"@id":"https:\/\/www.miomiorun.com\/fr\/produit\/vanish-woven-5in-femme\/#breadcrumb"},"inLanguage":"fr-FR","potentialAction":[{"@type":"ReadAction","target":["https:\/\/www.miomiorun.com\/fr\/produit\/vanish-woven-5in-femme\/"]}]},{"@type":"ImageObject","inLanguage":"fr-FR","@id":"https:\/\/www.miomiorun.com\/fr\/produit\/vanish-woven-5in-femme\/#primaryimage","url":"https:\/\/www.miomiorun.com\/app\/uploads\/2026\/04\/under-armor-Vanish-Woven-5in-ultimate-6009966-0008-fronte.webp","contentUrl":"https:\/\/www.miomiorun.com\/app\/uploads\/2026\/04\/under-armor-Vanish-Woven-5in-ultimate-6009966-0008-fronte.webp","width":720,"height":720,"caption":"under armor Vanish Woven 5in ultimate 6009966-0008 fronte"},{"@type":"BreadcrumbList","@id":"https:\/\/www.miomiorun.com\/fr\/produit\/vanish-woven-5in-femme\/#breadcrumb","itemListElement":[{"@type":"ListItem","position":1,"name":"Home","item":"https:\/\/www.miomiorun.com\/fr\/home-page\/"},{"@type":"ListItem","position":2,"name":"Shop","item":"https:\/\/www.miomiorun.com\/shop\/"},{"@type":"ListItem","position":3,"name":"Vanish Woven 5in femme"}]},{"@type":"WebSite","@id":"https:\/\/www.miomiorun.com\/fr\/#website","url":"https:\/\/www.miomiorun.com\/fr\/","name":"MioMioRun","description":"Boutique 100% running et trail","publisher":{"@id":"https:\/\/www.miomiorun.com\/fr\/#organization"},"potentialAction":[{"@type":"SearchAction","target":{"@type":"EntryPoint","urlTemplate":"https:\/\/www.miomiorun.com\/fr\/?s={search_term_string}"},"query-input":{"@type":"PropertyValueSpecification","valueRequired":true,"valueName":"search_term_string"}}],"inLanguage":"fr-FR"},{"@type":"Organization","@id":"https:\/\/www.miomiorun.com\/fr\/#organization","name":"MioMio Run","url":"https:\/\/www.miomiorun.com\/fr\/","logo":{"@type":"ImageObject","inLanguage":"fr-FR","@id":"https:\/\/www.miomiorun.com\/fr\/#\/schema\/logo\/image\/","url":"https:\/\/www.miomiorun.com\/app\/uploads\/2019\/12\/logomio.png","contentUrl":"https:\/\/www.miomiorun.com\/app\/uploads\/2019\/12\/logomio.png","width":115,"height":82,"caption":"MioMio Run"},"image":{"@id":"https:\/\/www.miomiorun.com\/fr\/#\/schema\/logo\/image\/"},"sameAs":["https:\/\/www.facebook.com\/miomiorun\/","https:\/\/www.instagram.com\/miomiorun\/"]}]}},"_links":{"self":[{"href":"https:\/\/www.miomiorun.com\/fr\/wp-json\/wp\/v2\/product\/433912","targetHints":{"allow":["GET"]}}],"collection":[{"href":"https:\/\/www.miomiorun.com\/fr\/wp-json\/wp\/v2\/product"}],"about":[{"href":"https:\/\/www.miomiorun.com\/fr\/wp-json\/wp\/v2\/types\/product"}],"wp:featuredmedia":[{"embeddable":true,"href":"https:\/\/www.miomiorun.com\/fr\/wp-json\/wp\/v2\/media\/433938"}],"wp:attachment":[{"href":"https:\/\/www.miomiorun.com\/fr\/wp-json\/wp\/v2\/media?parent=433912"}],"wp:term":[{"taxonomy":"product_brand","embeddable":true,"href":"https:\/\/www.miomiorun.com\/fr\/wp-json\/wp\/v2\/product_brand?post=433912"},{"taxonomy":"product_cat","embeddable":true,"href":"https:\/\/www.miomiorun.com\/fr\/wp-json\/wp\/v2\/product_cat?post=433912"},{"taxonomy":"product_tag","embeddable":true,"href":"https:\/\/www.miomiorun.com\/fr\/wp-json\/wp\/v2\/product_tag?post=433912"}],"curies":[{"name":"wp","href":"https:\/\/api.w.org\/{rel}","templated":true}]}}