{"id":433865,"date":"2026-04-21T17:32:04","date_gmt":"2026-04-21T15:32:04","guid":{"rendered":"https:\/\/www.miomiorun.com\/?post_type=product&#038;p=433865"},"modified":"2026-05-07T16:36:59","modified_gmt":"2026-05-07T14:36:59","slug":"velociti-pro-2in1-femme","status":"publish","type":"product","link":"https:\/\/www.miomiorun.com\/fr\/produit\/velociti-pro-2in1-femme\/","title":{"rendered":"Velociti PRO 2in1 femme"},"content":{"rendered":"<p data-start=\"0\" data-end=\"407\">Le short 2-en-1 pour femme <span class=\"hover:entity-accent entity-underline inline cursor-pointer align-baseline\"><span class=\"whitespace-normal\">Under Armour<\/span><\/span> UA Velociti Pro de 10 cm est con\u00e7u pour offrir <strong data-start=\"146\" data-end=\"160\">l\u00e9g\u00e8ret\u00e9<\/strong>, <strong data-start=\"162\" data-end=\"174\">soutien<\/strong> et <strong data-start=\"177\" data-end=\"209\">une libert\u00e9 de mouvement maximale<\/strong> pendant la course. Id\u00e9al pour rester concentr\u00e9e et \u00e0 l&#8217;aise m\u00eame sur de longues distances, il allie une conception technique \u00e0 des mat\u00e9riaux performants qui accompagnent chaque foul\u00e9e sans alourdir.<\/p>\n<p data-start=\"409\" data-end=\"449\">Sa conception est \u00e9tudi\u00e9e pour garantir :<\/p>\n<ul data-start=\"450\" data-end=\"669\">\n<li data-section-id=\"12bdaz7\" data-start=\"450\" data-end=\"525\"><strong data-start=\"452\" data-end=\"483\">Des mouvements fluides et naturels<\/strong> gr\u00e2ce \u00e0 son tissu extensible et l\u00e9ger<\/li>\n<li data-section-id=\"sxvhq9\" data-start=\"526\" data-end=\"598\"><strong data-start=\"528\" data-end=\"552\">Soutien et couverture<\/strong> gr\u00e2ce \u00e0 un short de compression int\u00e9gr\u00e9<\/li>\n<li data-section-id=\"8yayrd\" data-start=\"599\" data-end=\"669\"><strong data-start=\"601\" data-end=\"631\">Une peau s\u00e8che plus longtemps<\/strong> gr\u00e2ce \u00e0 des mat\u00e9riaux \u00e0 s\u00e9chage rapide<\/li>\n<\/ul>\n<p data-start=\"671\" data-end=\"1167\">Le <strong data-start=\"675\" data-end=\"703\">short int\u00e9rieur en maille<\/strong> assure stabilit\u00e9 et confort, tandis que la <strong data-start=\"746\" data-end=\"799\">ceinture \u00e9lastiqu\u00e9e avec cordon de serrage externe<\/strong> permet un ajustement pr\u00e9cis et un maintien stable m\u00eame lors d&#8217;une activit\u00e9 intense. Les <strong data-start=\"896\" data-end=\"917\">poches fonctionnelles<\/strong>, dont une poche arri\u00e8re zipp\u00e9e et des poches int\u00e9rieures, permettent de transporter facilement de petits objets. La <strong data-start=\"1033\" data-end=\"1055\">bande r\u00e9fl\u00e9chissante<\/strong> am\u00e9liore la visibilit\u00e9 dans des conditions de faible luminosit\u00e9, ce qui rend ce short id\u00e9al \u00e9galement pour les sorties en soir\u00e9e.<\/p>\n","protected":false},"excerpt":{"rendered":"<ul>\n<li data-section-id=\"qvgyku\" data-start=\"1388\" data-end=\"1462\"><strong data-start=\"1390\" data-end=\"1435\">Structure 2-en-1 avec compression interne<\/strong> pour un meilleur maintien et une meilleure stabilit\u00e9<\/li>\n<li data-section-id=\"17nz6fn\" data-start=\"1463\" data-end=\"1557\"><strong data-start=\"1465\" data-end=\"1523\">Tissu l\u00e9ger, extensible et \u00e0 s\u00e9chage rapide<\/strong> pour garder la peau au sec<\/li>\n<li data-section-id=\"db51lk\" data-start=\"1558\" data-end=\"1640\" data-is-last-node=\"\"><strong data-start=\"1560\" data-end=\"1604\">D\u00e9tails r\u00e9fl\u00e9chissants et poches fonctionnelles<\/strong> pour plus de praticit\u00e9 et de visibilit\u00e9 pendant la course<\/li>\n<\/ul>\n","protected":false},"featured_media":433897,"template":"","meta":{"_acf_changed":false,"inline_featured_image":false},"product_brand":[],"product_cat":[22602,22596,22595],"product_tag":[23530,23575],"class_list":{"0":"post-433865","1":"product","2":"type-product","3":"status-publish","4":"has-post-thumbnail","6":"product_cat-pantalon-court","7":"product_cat-vetements-pour-femmes","8":"product_cat-femme","9":"product_tag-under-armour-fr","10":"product_tag-under-armour-femme","11":"pa_attivita-running-fr","12":"pa_colore-velociti-pro-2in1-w-ultimate","13":"pa_marca-under-armour-fr","14":"pa_sesso-femme","15":"pa_size-extra-small-fr","16":"pa_size-small-fr","17":"pa_size-medium-fr","18":"pa_size-large-fr","20":"first","21":"instock","22":"sale","23":"taxable","24":"shipping-taxable","25":"purchasable","26":"product-type-variable","27":"wvs-archive-product-wrapper"},"acf":[],"yoast_head":"<!-- This site is optimized with the Yoast SEO plugin v26.8 - https:\/\/yoast.com\/product\/yoast-seo-wordpress\/ -->\n<title>Under Armour Velociti PRO 2in1 femme - Shorts pour femme - MioMioRun<\/title>\n<meta name=\"description\" content=\"Short de course 2-en-1 l\u00e9ger et respirant, con\u00e7u pour offrir un bon maintien, un confort durable et une libert\u00e9 de mouvement maximale \u00e0 chaque entra\u00eenement.\" \/>\n<meta name=\"robots\" content=\"index, follow, max-snippet:-1, max-image-preview:large, max-video-preview:-1\" \/>\n<link rel=\"canonical\" href=\"https:\/\/www.miomiorun.com\/fr\/produit\/velociti-pro-2in1-femme\/\" \/>\n<meta property=\"og:locale\" content=\"fr_FR\" \/>\n<meta property=\"og:type\" content=\"article\" \/>\n<meta property=\"og:title\" content=\"Under Armour Velociti PRO 2in1 femme - Shorts pour femme - MioMioRun\" \/>\n<meta property=\"og:description\" content=\"Short de course 2-en-1 l\u00e9ger et respirant, con\u00e7u pour offrir un bon maintien, un confort durable et une libert\u00e9 de mouvement maximale \u00e0 chaque entra\u00eenement.\" \/>\n<meta property=\"og:url\" content=\"https:\/\/www.miomiorun.com\/fr\/produit\/velociti-pro-2in1-femme\/\" \/>\n<meta property=\"og:site_name\" content=\"MioMioRun\" \/>\n<meta property=\"article:publisher\" content=\"https:\/\/www.facebook.com\/miomiorun\/\" \/>\n<meta property=\"article:modified_time\" content=\"2026-05-07T14:36:59+00:00\" \/>\n<meta property=\"og:image\" content=\"https:\/\/www.miomiorun.com\/app\/uploads\/2026\/04\/under-armor-Velociti-PRO-2in1-ultimate-6009610-0008.webp\" \/>\n\t<meta property=\"og:image:width\" content=\"720\" \/>\n\t<meta property=\"og:image:height\" content=\"720\" \/>\n\t<meta property=\"og:image:type\" content=\"image\/webp\" \/>\n<meta name=\"twitter:card\" content=\"summary_large_image\" \/>\n<meta name=\"twitter:label1\" content=\"Est. reading time\" \/>\n\t<meta name=\"twitter:data1\" content=\"1 minute\" \/>\n<script type=\"application\/ld+json\" class=\"yoast-schema-graph\">{\"@context\":\"https:\/\/schema.org\",\"@graph\":[{\"@type\":\"WebPage\",\"@id\":\"https:\/\/www.miomiorun.com\/fr\/produit\/velociti-pro-2in1-femme\/\",\"url\":\"https:\/\/www.miomiorun.com\/fr\/produit\/velociti-pro-2in1-femme\/\",\"name\":\"Under Armour Velociti PRO 2in1 femme - Shorts pour femme - MioMioRun\",\"isPartOf\":{\"@id\":\"https:\/\/www.miomiorun.com\/fr\/#website\"},\"primaryImageOfPage\":{\"@id\":\"https:\/\/www.miomiorun.com\/fr\/produit\/velociti-pro-2in1-femme\/#primaryimage\"},\"image\":{\"@id\":\"https:\/\/www.miomiorun.com\/fr\/produit\/velociti-pro-2in1-femme\/#primaryimage\"},\"thumbnailUrl\":\"https:\/\/www.miomiorun.com\/app\/uploads\/2026\/04\/under-armor-Velociti-PRO-2in1-ultimate-6009610-0008.webp\",\"datePublished\":\"2026-04-21T15:32:04+00:00\",\"dateModified\":\"2026-05-07T14:36:59+00:00\",\"description\":\"Short de course 2-en-1 l\u00e9ger et respirant, con\u00e7u pour offrir un bon maintien, un confort durable et une libert\u00e9 de mouvement maximale \u00e0 chaque entra\u00eenement.\",\"breadcrumb\":{\"@id\":\"https:\/\/www.miomiorun.com\/fr\/produit\/velociti-pro-2in1-femme\/#breadcrumb\"},\"inLanguage\":\"fr-FR\",\"potentialAction\":[{\"@type\":\"ReadAction\",\"target\":[\"https:\/\/www.miomiorun.com\/fr\/produit\/velociti-pro-2in1-femme\/\"]}]},{\"@type\":\"ImageObject\",\"inLanguage\":\"fr-FR\",\"@id\":\"https:\/\/www.miomiorun.com\/fr\/produit\/velociti-pro-2in1-femme\/#primaryimage\",\"url\":\"https:\/\/www.miomiorun.com\/app\/uploads\/2026\/04\/under-armor-Velociti-PRO-2in1-ultimate-6009610-0008.webp\",\"contentUrl\":\"https:\/\/www.miomiorun.com\/app\/uploads\/2026\/04\/under-armor-Velociti-PRO-2in1-ultimate-6009610-0008.webp\",\"width\":720,\"height\":720,\"caption\":\"under armor Velociti PRO 2in1 ultimate 6009610-0008\"},{\"@type\":\"BreadcrumbList\",\"@id\":\"https:\/\/www.miomiorun.com\/fr\/produit\/velociti-pro-2in1-femme\/#breadcrumb\",\"itemListElement\":[{\"@type\":\"ListItem\",\"position\":1,\"name\":\"Home\",\"item\":\"https:\/\/www.miomiorun.com\/fr\/home-page\/\"},{\"@type\":\"ListItem\",\"position\":2,\"name\":\"Shop\",\"item\":\"https:\/\/www.miomiorun.com\/shop\/\"},{\"@type\":\"ListItem\",\"position\":3,\"name\":\"Velociti PRO 2in1 femme\"}]},{\"@type\":\"WebSite\",\"@id\":\"https:\/\/www.miomiorun.com\/fr\/#website\",\"url\":\"https:\/\/www.miomiorun.com\/fr\/\",\"name\":\"MioMioRun\",\"description\":\"Boutique 100% running et trail\",\"publisher\":{\"@id\":\"https:\/\/www.miomiorun.com\/fr\/#organization\"},\"potentialAction\":[{\"@type\":\"SearchAction\",\"target\":{\"@type\":\"EntryPoint\",\"urlTemplate\":\"https:\/\/www.miomiorun.com\/fr\/?s={search_term_string}\"},\"query-input\":{\"@type\":\"PropertyValueSpecification\",\"valueRequired\":true,\"valueName\":\"search_term_string\"}}],\"inLanguage\":\"fr-FR\"},{\"@type\":\"Organization\",\"@id\":\"https:\/\/www.miomiorun.com\/fr\/#organization\",\"name\":\"MioMio Run\",\"url\":\"https:\/\/www.miomiorun.com\/fr\/\",\"logo\":{\"@type\":\"ImageObject\",\"inLanguage\":\"fr-FR\",\"@id\":\"https:\/\/www.miomiorun.com\/fr\/#\/schema\/logo\/image\/\",\"url\":\"https:\/\/www.miomiorun.com\/app\/uploads\/2019\/12\/logomio.png\",\"contentUrl\":\"https:\/\/www.miomiorun.com\/app\/uploads\/2019\/12\/logomio.png\",\"width\":115,\"height\":82,\"caption\":\"MioMio Run\"},\"image\":{\"@id\":\"https:\/\/www.miomiorun.com\/fr\/#\/schema\/logo\/image\/\"},\"sameAs\":[\"https:\/\/www.facebook.com\/miomiorun\/\",\"https:\/\/www.instagram.com\/miomiorun\/\"]}]}<\/script>\n<!-- \/ Yoast SEO plugin. -->","yoast_head_json":{"title":"Under Armour Velociti PRO 2in1 femme - Shorts pour femme - MioMioRun","description":"Short de course 2-en-1 l\u00e9ger et respirant, con\u00e7u pour offrir un bon maintien, un confort durable et une libert\u00e9 de mouvement maximale \u00e0 chaque entra\u00eenement.","robots":{"index":"index","follow":"follow","max-snippet":"max-snippet:-1","max-image-preview":"max-image-preview:large","max-video-preview":"max-video-preview:-1"},"canonical":"https:\/\/www.miomiorun.com\/fr\/produit\/velociti-pro-2in1-femme\/","og_locale":"fr_FR","og_type":"article","og_title":"Under Armour Velociti PRO 2in1 femme - Shorts pour femme - MioMioRun","og_description":"Short de course 2-en-1 l\u00e9ger et respirant, con\u00e7u pour offrir un bon maintien, un confort durable et une libert\u00e9 de mouvement maximale \u00e0 chaque entra\u00eenement.","og_url":"https:\/\/www.miomiorun.com\/fr\/produit\/velociti-pro-2in1-femme\/","og_site_name":"MioMioRun","article_publisher":"https:\/\/www.facebook.com\/miomiorun\/","article_modified_time":"2026-05-07T14:36:59+00:00","og_image":[{"width":720,"height":720,"url":"https:\/\/www.miomiorun.com\/app\/uploads\/2026\/04\/under-armor-Velociti-PRO-2in1-ultimate-6009610-0008.webp","type":"image\/webp"}],"twitter_card":"summary_large_image","twitter_misc":{"Est. reading time":"1 minute"},"schema":{"@context":"https:\/\/schema.org","@graph":[{"@type":"WebPage","@id":"https:\/\/www.miomiorun.com\/fr\/produit\/velociti-pro-2in1-femme\/","url":"https:\/\/www.miomiorun.com\/fr\/produit\/velociti-pro-2in1-femme\/","name":"Under Armour Velociti PRO 2in1 femme - Shorts pour femme - MioMioRun","isPartOf":{"@id":"https:\/\/www.miomiorun.com\/fr\/#website"},"primaryImageOfPage":{"@id":"https:\/\/www.miomiorun.com\/fr\/produit\/velociti-pro-2in1-femme\/#primaryimage"},"image":{"@id":"https:\/\/www.miomiorun.com\/fr\/produit\/velociti-pro-2in1-femme\/#primaryimage"},"thumbnailUrl":"https:\/\/www.miomiorun.com\/app\/uploads\/2026\/04\/under-armor-Velociti-PRO-2in1-ultimate-6009610-0008.webp","datePublished":"2026-04-21T15:32:04+00:00","dateModified":"2026-05-07T14:36:59+00:00","description":"Short de course 2-en-1 l\u00e9ger et respirant, con\u00e7u pour offrir un bon maintien, un confort durable et une libert\u00e9 de mouvement maximale \u00e0 chaque entra\u00eenement.","breadcrumb":{"@id":"https:\/\/www.miomiorun.com\/fr\/produit\/velociti-pro-2in1-femme\/#breadcrumb"},"inLanguage":"fr-FR","potentialAction":[{"@type":"ReadAction","target":["https:\/\/www.miomiorun.com\/fr\/produit\/velociti-pro-2in1-femme\/"]}]},{"@type":"ImageObject","inLanguage":"fr-FR","@id":"https:\/\/www.miomiorun.com\/fr\/produit\/velociti-pro-2in1-femme\/#primaryimage","url":"https:\/\/www.miomiorun.com\/app\/uploads\/2026\/04\/under-armor-Velociti-PRO-2in1-ultimate-6009610-0008.webp","contentUrl":"https:\/\/www.miomiorun.com\/app\/uploads\/2026\/04\/under-armor-Velociti-PRO-2in1-ultimate-6009610-0008.webp","width":720,"height":720,"caption":"under armor Velociti PRO 2in1 ultimate 6009610-0008"},{"@type":"BreadcrumbList","@id":"https:\/\/www.miomiorun.com\/fr\/produit\/velociti-pro-2in1-femme\/#breadcrumb","itemListElement":[{"@type":"ListItem","position":1,"name":"Home","item":"https:\/\/www.miomiorun.com\/fr\/home-page\/"},{"@type":"ListItem","position":2,"name":"Shop","item":"https:\/\/www.miomiorun.com\/shop\/"},{"@type":"ListItem","position":3,"name":"Velociti PRO 2in1 femme"}]},{"@type":"WebSite","@id":"https:\/\/www.miomiorun.com\/fr\/#website","url":"https:\/\/www.miomiorun.com\/fr\/","name":"MioMioRun","description":"Boutique 100% running et trail","publisher":{"@id":"https:\/\/www.miomiorun.com\/fr\/#organization"},"potentialAction":[{"@type":"SearchAction","target":{"@type":"EntryPoint","urlTemplate":"https:\/\/www.miomiorun.com\/fr\/?s={search_term_string}"},"query-input":{"@type":"PropertyValueSpecification","valueRequired":true,"valueName":"search_term_string"}}],"inLanguage":"fr-FR"},{"@type":"Organization","@id":"https:\/\/www.miomiorun.com\/fr\/#organization","name":"MioMio Run","url":"https:\/\/www.miomiorun.com\/fr\/","logo":{"@type":"ImageObject","inLanguage":"fr-FR","@id":"https:\/\/www.miomiorun.com\/fr\/#\/schema\/logo\/image\/","url":"https:\/\/www.miomiorun.com\/app\/uploads\/2019\/12\/logomio.png","contentUrl":"https:\/\/www.miomiorun.com\/app\/uploads\/2019\/12\/logomio.png","width":115,"height":82,"caption":"MioMio Run"},"image":{"@id":"https:\/\/www.miomiorun.com\/fr\/#\/schema\/logo\/image\/"},"sameAs":["https:\/\/www.facebook.com\/miomiorun\/","https:\/\/www.instagram.com\/miomiorun\/"]}]}},"_links":{"self":[{"href":"https:\/\/www.miomiorun.com\/fr\/wp-json\/wp\/v2\/product\/433865","targetHints":{"allow":["GET"]}}],"collection":[{"href":"https:\/\/www.miomiorun.com\/fr\/wp-json\/wp\/v2\/product"}],"about":[{"href":"https:\/\/www.miomiorun.com\/fr\/wp-json\/wp\/v2\/types\/product"}],"wp:featuredmedia":[{"embeddable":true,"href":"https:\/\/www.miomiorun.com\/fr\/wp-json\/wp\/v2\/media\/433897"}],"wp:attachment":[{"href":"https:\/\/www.miomiorun.com\/fr\/wp-json\/wp\/v2\/media?parent=433865"}],"wp:term":[{"taxonomy":"product_brand","embeddable":true,"href":"https:\/\/www.miomiorun.com\/fr\/wp-json\/wp\/v2\/product_brand?post=433865"},{"taxonomy":"product_cat","embeddable":true,"href":"https:\/\/www.miomiorun.com\/fr\/wp-json\/wp\/v2\/product_cat?post=433865"},{"taxonomy":"product_tag","embeddable":true,"href":"https:\/\/www.miomiorun.com\/fr\/wp-json\/wp\/v2\/product_tag?post=433865"}],"curies":[{"name":"wp","href":"https:\/\/api.w.org\/{rel}","templated":true}]}}