{"id":433812,"date":"2026-04-21T17:23:26","date_gmt":"2026-04-21T15:23:26","guid":{"rendered":"https:\/\/www.miomiorun.com\/?post_type=product&#038;p=433812"},"modified":"2026-05-07T16:34:29","modified_gmt":"2026-05-07T14:34:29","slug":"velociti-pro-storm-femme","status":"publish","type":"product","link":"https:\/\/www.miomiorun.com\/fr\/produit\/velociti-pro-storm-femme\/","title":{"rendered":"Velociti PRO Storm femme"},"content":{"rendered":"<p data-start=\"0\" data-end=\"356\">La veste pour femme <span class=\"hover:entity-accent entity-underline inline cursor-pointer align-baseline\"><span class=\"whitespace-normal\">Under Armour<\/span><\/span> UA Velociti Pro Storm est con\u00e7ue pour offrir <strong data-start=\"132\" data-end=\"171\">une protection contre les intemp\u00e9ries<\/strong>, <strong data-start=\"173\" data-end=\"187\">de la l\u00e9g\u00e8ret\u00e9<\/strong> et <strong data-start=\"190\" data-end=\"208\">une bonne respirabilit\u00e9<\/strong> pendant la course. Id\u00e9ale lorsque le temps est incertain, elle combine des mat\u00e9riaux techniques et des d\u00e9tails fonctionnels pour vous permettre de vous entra\u00eener sans distraction.<\/p>\n<p data-start=\"358\" data-end=\"396\">Sa conception est \u00e9tudi\u00e9e pour garantir :<\/p>\n<ul data-start=\"397\" data-end=\"622\">\n<li data-section-id=\"1ihndsf\" data-start=\"397\" data-end=\"480\"><strong data-start=\"399\" data-end=\"427\">Protection contre la pluie<\/strong> gr\u00e2ce \u00e0 la technologie <strong data-start=\"451\" data-end=\"478\">UA Storm hydrofuge<\/strong><\/li>\n<li data-section-id=\"75wj5r\" data-start=\"481\" data-end=\"557\"><strong data-start=\"483\" data-end=\"514\">Une libert\u00e9 de mouvement totale<\/strong> gr\u00e2ce \u00e0 un tissu extensible dans les 4 sens<\/li>\n<li data-section-id=\"17uw08h\" data-start=\"558\" data-end=\"622\"><strong data-start=\"560\" data-end=\"585\">Une ventilation optimale<\/strong> gr\u00e2ce \u00e0 des ouvertures \u00e0 l&#8217;avant et \u00e0 l&#8217;arri\u00e8re<\/li>\n<\/ul>\n<p data-start=\"624\" data-end=\"1182\">La <strong data-start=\"627\" data-end=\"664\">capuche r\u00e9glable par cordon<\/strong> assure un maintien stable m\u00eame pendant la course, \u00e9vitant ainsi les mouvements g\u00eanants. Les <strong data-start=\"756\" data-end=\"774\">poches zipp\u00e9es<\/strong> permettent de ranger vos effets personnels en toute s\u00e9curit\u00e9, tandis que la poche int\u00e9rieure d\u00e9di\u00e9e vous permet d\u2019emporter avec vous des appareils tels que des smartphones ou des lecteurs multim\u00e9dias. Les <strong data-start=\"935\" data-end=\"959\">finitions \u00e9lastiques<\/strong> aux poignets, \u00e0 l&#8217;ourlet et \u00e0 la capuche am\u00e9liorent l&#8217;ajustement et le confort, tandis que les <strong data-start=\"1034\" data-end=\"1058\">d\u00e9tails r\u00e9fl\u00e9chissants<\/strong> augmentent la visibilit\u00e9 dans des conditions de faible luminosit\u00e9. Le traitement d\u00e9perlant est en outre <strong data-start=\"1162\" data-end=\"1181\">sans fluor<\/strong>.<\/p>\n","protected":false},"excerpt":{"rendered":"<ul>\n<li data-section-id=\"1lw0dbz\" data-start=\"1409\" data-end=\"1517\"><strong data-start=\"1411\" data-end=\"1449\">Technologie UA Storm hydrofuge<\/strong> pour une protection contre la pluie sans compromettre la respirabilit\u00e9<\/li>\n<li data-section-id=\"1wgoy9q\" data-start=\"1518\" data-end=\"1616\"><strong data-start=\"1520\" data-end=\"1585\">Tissu extensible dans les 4 sens et ventilation int\u00e9gr\u00e9e<\/strong> pour un confort optimal pendant la course<\/li>\n<li data-section-id=\"9zjzdd\" data-start=\"1617\" data-end=\"1708\" data-is-last-node=\"\"><strong data-start=\"1619\" data-end=\"1682\">Capuche r\u00e9glable, poches zipp\u00e9es et d\u00e9tails r\u00e9fl\u00e9chissants<\/strong> pour plus de praticit\u00e9 et de s\u00e9curit\u00e9<\/li>\n<\/ul>\n","protected":false},"featured_media":433847,"template":"","meta":{"_acf_changed":false,"inline_featured_image":false},"product_brand":[],"product_cat":[22599,22596],"product_tag":[23530,23575],"class_list":{"0":"post-433812","1":"product","2":"type-product","3":"status-publish","4":"has-post-thumbnail","6":"product_cat-vestes","7":"product_cat-vetements-pour-femmes","8":"product_tag-under-armour-fr","9":"product_tag-under-armour-femme","10":"pa_attivita-marcher","11":"pa_attivita-running-fr","12":"pa_colore-velociti-pro-storm-w-refresh","13":"pa_marca-under-armour-fr","14":"pa_sesso-femme","15":"pa_size-extra-small-fr","16":"pa_size-small-fr","17":"pa_size-medium-fr","19":"first","20":"instock","21":"sale","22":"taxable","23":"shipping-taxable","24":"purchasable","25":"product-type-variable","26":"wvs-archive-product-wrapper"},"acf":[],"yoast_head":"<!-- This site is optimized with the Yoast SEO plugin v26.8 - https:\/\/yoast.com\/product\/yoast-seo-wordpress\/ -->\n<title>Under Amour Velociti PRO Storm femme - Veste de course \u00e0 pied - MioMioRun<\/title>\n<meta name=\"description\" content=\"L\u00e9g\u00e8re et d\u00e9perlante, con\u00e7ue pour offrir protection, respirabilit\u00e9 et libert\u00e9 de mouvement, m\u00eame dans les conditions m\u00e9t\u00e9orologiques les plus changeantes\" \/>\n<meta name=\"robots\" content=\"index, follow, max-snippet:-1, max-image-preview:large, max-video-preview:-1\" \/>\n<link rel=\"canonical\" href=\"https:\/\/www.miomiorun.com\/fr\/produit\/velociti-pro-storm-femme\/\" \/>\n<meta property=\"og:locale\" content=\"fr_FR\" \/>\n<meta property=\"og:type\" content=\"article\" \/>\n<meta property=\"og:title\" content=\"Under Amour Velociti PRO Storm femme - Veste de course \u00e0 pied - MioMioRun\" \/>\n<meta property=\"og:description\" content=\"L\u00e9g\u00e8re et d\u00e9perlante, con\u00e7ue pour offrir protection, respirabilit\u00e9 et libert\u00e9 de mouvement, m\u00eame dans les conditions m\u00e9t\u00e9orologiques les plus changeantes\" \/>\n<meta property=\"og:url\" content=\"https:\/\/www.miomiorun.com\/fr\/produit\/velociti-pro-storm-femme\/\" \/>\n<meta property=\"og:site_name\" content=\"MioMioRun\" \/>\n<meta property=\"article:publisher\" content=\"https:\/\/www.facebook.com\/miomiorun\/\" \/>\n<meta property=\"article:modified_time\" content=\"2026-05-07T14:34:29+00:00\" \/>\n<meta property=\"og:image\" content=\"https:\/\/www.miomiorun.com\/app\/uploads\/2026\/04\/under-armor-Velociti-PRO-Storm-W-refresh-6009542-0703.webp\" \/>\n\t<meta property=\"og:image:width\" content=\"720\" \/>\n\t<meta property=\"og:image:height\" content=\"720\" \/>\n\t<meta property=\"og:image:type\" content=\"image\/webp\" \/>\n<meta name=\"twitter:card\" content=\"summary_large_image\" \/>\n<meta name=\"twitter:label1\" content=\"Est. reading time\" \/>\n\t<meta name=\"twitter:data1\" content=\"1 minute\" \/>\n<script type=\"application\/ld+json\" class=\"yoast-schema-graph\">{\"@context\":\"https:\/\/schema.org\",\"@graph\":[{\"@type\":\"WebPage\",\"@id\":\"https:\/\/www.miomiorun.com\/fr\/produit\/velociti-pro-storm-femme\/\",\"url\":\"https:\/\/www.miomiorun.com\/fr\/produit\/velociti-pro-storm-femme\/\",\"name\":\"Under Amour Velociti PRO Storm femme - Veste de course \u00e0 pied - MioMioRun\",\"isPartOf\":{\"@id\":\"https:\/\/www.miomiorun.com\/fr\/#website\"},\"primaryImageOfPage\":{\"@id\":\"https:\/\/www.miomiorun.com\/fr\/produit\/velociti-pro-storm-femme\/#primaryimage\"},\"image\":{\"@id\":\"https:\/\/www.miomiorun.com\/fr\/produit\/velociti-pro-storm-femme\/#primaryimage\"},\"thumbnailUrl\":\"https:\/\/www.miomiorun.com\/app\/uploads\/2026\/04\/under-armor-Velociti-PRO-Storm-W-refresh-6009542-0703.webp\",\"datePublished\":\"2026-04-21T15:23:26+00:00\",\"dateModified\":\"2026-05-07T14:34:29+00:00\",\"description\":\"L\u00e9g\u00e8re et d\u00e9perlante, con\u00e7ue pour offrir protection, respirabilit\u00e9 et libert\u00e9 de mouvement, m\u00eame dans les conditions m\u00e9t\u00e9orologiques les plus changeantes\",\"breadcrumb\":{\"@id\":\"https:\/\/www.miomiorun.com\/fr\/produit\/velociti-pro-storm-femme\/#breadcrumb\"},\"inLanguage\":\"fr-FR\",\"potentialAction\":[{\"@type\":\"ReadAction\",\"target\":[\"https:\/\/www.miomiorun.com\/fr\/produit\/velociti-pro-storm-femme\/\"]}]},{\"@type\":\"ImageObject\",\"inLanguage\":\"fr-FR\",\"@id\":\"https:\/\/www.miomiorun.com\/fr\/produit\/velociti-pro-storm-femme\/#primaryimage\",\"url\":\"https:\/\/www.miomiorun.com\/app\/uploads\/2026\/04\/under-armor-Velociti-PRO-Storm-W-refresh-6009542-0703.webp\",\"contentUrl\":\"https:\/\/www.miomiorun.com\/app\/uploads\/2026\/04\/under-armor-Velociti-PRO-Storm-W-refresh-6009542-0703.webp\",\"width\":720,\"height\":720,\"caption\":\"under armor Velociti PRO Storm W refresh 6009542-0703\"},{\"@type\":\"BreadcrumbList\",\"@id\":\"https:\/\/www.miomiorun.com\/fr\/produit\/velociti-pro-storm-femme\/#breadcrumb\",\"itemListElement\":[{\"@type\":\"ListItem\",\"position\":1,\"name\":\"Home\",\"item\":\"https:\/\/www.miomiorun.com\/fr\/home-page\/\"},{\"@type\":\"ListItem\",\"position\":2,\"name\":\"Shop\",\"item\":\"https:\/\/www.miomiorun.com\/shop\/\"},{\"@type\":\"ListItem\",\"position\":3,\"name\":\"Velociti PRO Storm femme\"}]},{\"@type\":\"WebSite\",\"@id\":\"https:\/\/www.miomiorun.com\/fr\/#website\",\"url\":\"https:\/\/www.miomiorun.com\/fr\/\",\"name\":\"MioMioRun\",\"description\":\"Boutique 100% running et trail\",\"publisher\":{\"@id\":\"https:\/\/www.miomiorun.com\/fr\/#organization\"},\"potentialAction\":[{\"@type\":\"SearchAction\",\"target\":{\"@type\":\"EntryPoint\",\"urlTemplate\":\"https:\/\/www.miomiorun.com\/fr\/?s={search_term_string}\"},\"query-input\":{\"@type\":\"PropertyValueSpecification\",\"valueRequired\":true,\"valueName\":\"search_term_string\"}}],\"inLanguage\":\"fr-FR\"},{\"@type\":\"Organization\",\"@id\":\"https:\/\/www.miomiorun.com\/fr\/#organization\",\"name\":\"MioMio Run\",\"url\":\"https:\/\/www.miomiorun.com\/fr\/\",\"logo\":{\"@type\":\"ImageObject\",\"inLanguage\":\"fr-FR\",\"@id\":\"https:\/\/www.miomiorun.com\/fr\/#\/schema\/logo\/image\/\",\"url\":\"https:\/\/www.miomiorun.com\/app\/uploads\/2019\/12\/logomio.png\",\"contentUrl\":\"https:\/\/www.miomiorun.com\/app\/uploads\/2019\/12\/logomio.png\",\"width\":115,\"height\":82,\"caption\":\"MioMio Run\"},\"image\":{\"@id\":\"https:\/\/www.miomiorun.com\/fr\/#\/schema\/logo\/image\/\"},\"sameAs\":[\"https:\/\/www.facebook.com\/miomiorun\/\",\"https:\/\/www.instagram.com\/miomiorun\/\"]}]}<\/script>\n<!-- \/ Yoast SEO plugin. -->","yoast_head_json":{"title":"Under Amour Velociti PRO Storm femme - Veste de course \u00e0 pied - MioMioRun","description":"L\u00e9g\u00e8re et d\u00e9perlante, con\u00e7ue pour offrir protection, respirabilit\u00e9 et libert\u00e9 de mouvement, m\u00eame dans les conditions m\u00e9t\u00e9orologiques les plus changeantes","robots":{"index":"index","follow":"follow","max-snippet":"max-snippet:-1","max-image-preview":"max-image-preview:large","max-video-preview":"max-video-preview:-1"},"canonical":"https:\/\/www.miomiorun.com\/fr\/produit\/velociti-pro-storm-femme\/","og_locale":"fr_FR","og_type":"article","og_title":"Under Amour Velociti PRO Storm femme - Veste de course \u00e0 pied - MioMioRun","og_description":"L\u00e9g\u00e8re et d\u00e9perlante, con\u00e7ue pour offrir protection, respirabilit\u00e9 et libert\u00e9 de mouvement, m\u00eame dans les conditions m\u00e9t\u00e9orologiques les plus changeantes","og_url":"https:\/\/www.miomiorun.com\/fr\/produit\/velociti-pro-storm-femme\/","og_site_name":"MioMioRun","article_publisher":"https:\/\/www.facebook.com\/miomiorun\/","article_modified_time":"2026-05-07T14:34:29+00:00","og_image":[{"width":720,"height":720,"url":"https:\/\/www.miomiorun.com\/app\/uploads\/2026\/04\/under-armor-Velociti-PRO-Storm-W-refresh-6009542-0703.webp","type":"image\/webp"}],"twitter_card":"summary_large_image","twitter_misc":{"Est. reading time":"1 minute"},"schema":{"@context":"https:\/\/schema.org","@graph":[{"@type":"WebPage","@id":"https:\/\/www.miomiorun.com\/fr\/produit\/velociti-pro-storm-femme\/","url":"https:\/\/www.miomiorun.com\/fr\/produit\/velociti-pro-storm-femme\/","name":"Under Amour Velociti PRO Storm femme - Veste de course \u00e0 pied - MioMioRun","isPartOf":{"@id":"https:\/\/www.miomiorun.com\/fr\/#website"},"primaryImageOfPage":{"@id":"https:\/\/www.miomiorun.com\/fr\/produit\/velociti-pro-storm-femme\/#primaryimage"},"image":{"@id":"https:\/\/www.miomiorun.com\/fr\/produit\/velociti-pro-storm-femme\/#primaryimage"},"thumbnailUrl":"https:\/\/www.miomiorun.com\/app\/uploads\/2026\/04\/under-armor-Velociti-PRO-Storm-W-refresh-6009542-0703.webp","datePublished":"2026-04-21T15:23:26+00:00","dateModified":"2026-05-07T14:34:29+00:00","description":"L\u00e9g\u00e8re et d\u00e9perlante, con\u00e7ue pour offrir protection, respirabilit\u00e9 et libert\u00e9 de mouvement, m\u00eame dans les conditions m\u00e9t\u00e9orologiques les plus changeantes","breadcrumb":{"@id":"https:\/\/www.miomiorun.com\/fr\/produit\/velociti-pro-storm-femme\/#breadcrumb"},"inLanguage":"fr-FR","potentialAction":[{"@type":"ReadAction","target":["https:\/\/www.miomiorun.com\/fr\/produit\/velociti-pro-storm-femme\/"]}]},{"@type":"ImageObject","inLanguage":"fr-FR","@id":"https:\/\/www.miomiorun.com\/fr\/produit\/velociti-pro-storm-femme\/#primaryimage","url":"https:\/\/www.miomiorun.com\/app\/uploads\/2026\/04\/under-armor-Velociti-PRO-Storm-W-refresh-6009542-0703.webp","contentUrl":"https:\/\/www.miomiorun.com\/app\/uploads\/2026\/04\/under-armor-Velociti-PRO-Storm-W-refresh-6009542-0703.webp","width":720,"height":720,"caption":"under armor Velociti PRO Storm W refresh 6009542-0703"},{"@type":"BreadcrumbList","@id":"https:\/\/www.miomiorun.com\/fr\/produit\/velociti-pro-storm-femme\/#breadcrumb","itemListElement":[{"@type":"ListItem","position":1,"name":"Home","item":"https:\/\/www.miomiorun.com\/fr\/home-page\/"},{"@type":"ListItem","position":2,"name":"Shop","item":"https:\/\/www.miomiorun.com\/shop\/"},{"@type":"ListItem","position":3,"name":"Velociti PRO Storm femme"}]},{"@type":"WebSite","@id":"https:\/\/www.miomiorun.com\/fr\/#website","url":"https:\/\/www.miomiorun.com\/fr\/","name":"MioMioRun","description":"Boutique 100% running et trail","publisher":{"@id":"https:\/\/www.miomiorun.com\/fr\/#organization"},"potentialAction":[{"@type":"SearchAction","target":{"@type":"EntryPoint","urlTemplate":"https:\/\/www.miomiorun.com\/fr\/?s={search_term_string}"},"query-input":{"@type":"PropertyValueSpecification","valueRequired":true,"valueName":"search_term_string"}}],"inLanguage":"fr-FR"},{"@type":"Organization","@id":"https:\/\/www.miomiorun.com\/fr\/#organization","name":"MioMio Run","url":"https:\/\/www.miomiorun.com\/fr\/","logo":{"@type":"ImageObject","inLanguage":"fr-FR","@id":"https:\/\/www.miomiorun.com\/fr\/#\/schema\/logo\/image\/","url":"https:\/\/www.miomiorun.com\/app\/uploads\/2019\/12\/logomio.png","contentUrl":"https:\/\/www.miomiorun.com\/app\/uploads\/2019\/12\/logomio.png","width":115,"height":82,"caption":"MioMio Run"},"image":{"@id":"https:\/\/www.miomiorun.com\/fr\/#\/schema\/logo\/image\/"},"sameAs":["https:\/\/www.facebook.com\/miomiorun\/","https:\/\/www.instagram.com\/miomiorun\/"]}]}},"_links":{"self":[{"href":"https:\/\/www.miomiorun.com\/fr\/wp-json\/wp\/v2\/product\/433812","targetHints":{"allow":["GET"]}}],"collection":[{"href":"https:\/\/www.miomiorun.com\/fr\/wp-json\/wp\/v2\/product"}],"about":[{"href":"https:\/\/www.miomiorun.com\/fr\/wp-json\/wp\/v2\/types\/product"}],"wp:featuredmedia":[{"embeddable":true,"href":"https:\/\/www.miomiorun.com\/fr\/wp-json\/wp\/v2\/media\/433847"}],"wp:attachment":[{"href":"https:\/\/www.miomiorun.com\/fr\/wp-json\/wp\/v2\/media?parent=433812"}],"wp:term":[{"taxonomy":"product_brand","embeddable":true,"href":"https:\/\/www.miomiorun.com\/fr\/wp-json\/wp\/v2\/product_brand?post=433812"},{"taxonomy":"product_cat","embeddable":true,"href":"https:\/\/www.miomiorun.com\/fr\/wp-json\/wp\/v2\/product_cat?post=433812"},{"taxonomy":"product_tag","embeddable":true,"href":"https:\/\/www.miomiorun.com\/fr\/wp-json\/wp\/v2\/product_tag?post=433812"}],"curies":[{"name":"wp","href":"https:\/\/api.w.org\/{rel}","templated":true}]}}