{"id":433752,"date":"2026-04-21T17:10:39","date_gmt":"2026-04-21T15:10:39","guid":{"rendered":"https:\/\/www.miomiorun.com\/?post_type=product&#038;p=433752"},"modified":"2026-05-07T16:33:24","modified_gmt":"2026-05-07T14:33:24","slug":"velociti-pro-2in1-homme","status":"publish","type":"product","link":"https:\/\/www.miomiorun.com\/fr\/produit\/velociti-pro-2in1-homme\/","title":{"rendered":"Velociti PRO 2IN1 homme"},"content":{"rendered":"<p data-start=\"0\" data-end=\"412\">Le short 2-en-1 pour homme <span class=\"hover:entity-accent entity-underline inline cursor-pointer align-baseline\"><span class=\"whitespace-normal\">Under Armour<\/span><\/span> UA Velociti Pro est con\u00e7u pour offrir <strong data-start=\"136\" data-end=\"148\">un bon maintien<\/strong>, <strong data-start=\"150\" data-end=\"164\">de la l\u00e9g\u00e8ret\u00e9<\/strong> et <strong data-start=\"167\" data-end=\"193\">une concentration maximale<\/strong> pendant la course. La combinaison d&#8217;un short ext\u00e9rieur l\u00e9ger et d&#8217;un short int\u00e9rieur de compression garantit un \u00e9quilibre parfait entre libert\u00e9 de mouvement et maintien musculaire, id\u00e9al pour affronter m\u00eame les s\u00e9ances les plus longues.<\/p>\n<p data-start=\"414\" data-end=\"463\">La conception technique est \u00e9tudi\u00e9e pour assurer :<\/p>\n<ul data-start=\"464\" data-end=\"685\">\n<li data-section-id=\"12bdaz7\" data-start=\"464\" data-end=\"539\"><strong data-start=\"466\" data-end=\"497\">Des mouvements fluides et naturels<\/strong> gr\u00e2ce au tissu extensible l\u00e9ger<\/li>\n<li data-section-id=\"1o4ojpg\" data-start=\"540\" data-end=\"612\"><strong data-start=\"542\" data-end=\"566\">Soutien et stabilit\u00e9<\/strong> gr\u00e2ce au short de compression int\u00e9gr\u00e9<\/li>\n<li data-section-id=\"859i5j\" data-start=\"613\" data-end=\"685\"><strong data-start=\"615\" data-end=\"647\">Gestion optimale de la transpiration<\/strong> gr\u00e2ce \u00e0 des mat\u00e9riaux \u00e0 s\u00e9chage rapide<\/li>\n<\/ul>\n<p data-start=\"687\" data-end=\"1284\">Le <strong data-start=\"691\" data-end=\"719\">short int\u00e9rieur en maille<\/strong> offre protection et confort, tandis que la <strong data-start=\"759\" data-end=\"804\">ceinture \u00e9lastique avec cordon de serrage<\/strong> garantit un ajustement stable et r\u00e9glable pour un poids r\u00e9duit. Les <strong data-start=\"874\" data-end=\"924\">poches lat\u00e9rales int\u00e9gr\u00e9es au short int\u00e9rieur<\/strong> permettent de transporter facilement de petits objets. L\u2019<strong data-start=\"989\" data-end=\"1027\">ourlet profil\u00e9 avec fentes lat\u00e9rales<\/strong> am\u00e9liore la libert\u00e9 de mouvement, tandis que les <strong data-start=\"1071\" data-end=\"1095\">d\u00e9tails r\u00e9fl\u00e9chissants<\/strong> augmentent la visibilit\u00e9 lors des courses dans des conditions de faible luminosit\u00e9. La coupe est <strong data-start=\"1193\" data-end=\"1221\">ajust\u00e9e mais \u00e9quilibr\u00e9e<\/strong>, con\u00e7ue pour ne pas \u00eatre ni trop moulante ni trop ample.<\/p>\n","protected":false},"excerpt":{"rendered":"<ul>\n<li data-section-id=\"do188m\" data-start=\"1495\" data-end=\"1569\"><strong data-start=\"1497\" data-end=\"1542\">Structure 2-en-1 avec compression interne<\/strong> pour un meilleur maintien et une meilleure stabilit\u00e9<\/li>\n<li data-section-id=\"1d7bsb6\" data-start=\"1570\" data-end=\"1654\"><strong data-start=\"1572\" data-end=\"1631\">Tissu l\u00e9ger et extensible \u00e0 s\u00e9chage rapide<\/strong> pour un confort durable<\/li>\n<li data-section-id=\"1kt98ao\" data-start=\"1655\" data-end=\"1736\" data-is-last-node=\"\"><strong data-start=\"1657\" data-end=\"1700\">D\u00e9tails r\u00e9fl\u00e9chissants et poches int\u00e9gr\u00e9es<\/strong> pour plus de praticit\u00e9 et de visibilit\u00e9 pendant la course<\/li>\n<\/ul>\n","protected":false},"featured_media":433782,"template":"","meta":{"_acf_changed":false,"inline_featured_image":false},"product_brand":[],"product_cat":[24477,24482],"product_tag":[23530,23574],"class_list":{"0":"post-433752","1":"product","2":"type-product","3":"status-publish","4":"has-post-thumbnail","6":"product_cat-pantalon-court-fr-3","7":"product_cat-vetements-pour-hommes-fr","8":"product_tag-under-armour-fr","9":"product_tag-under-armour-homme","10":"pa_attivita-fitness-fr","11":"pa_attivita-running-fr","12":"pa_colore-velociti-pro-2in1-ultimate","13":"pa_marca-under-armour-fr","14":"pa_sesso-homme","15":"pa_size-small-fr","16":"pa_size-medium-fr","17":"pa_size-large-fr","18":"pa_size-extra-large-fr","20":"first","21":"instock","22":"sale","23":"taxable","24":"shipping-taxable","25":"purchasable","26":"product-type-variable","27":"wvs-archive-product-wrapper"},"acf":[],"yoast_head":"<!-- This site is optimized with the Yoast SEO plugin v26.8 - https:\/\/yoast.com\/product\/yoast-seo-wordpress\/ -->\n<title>Under Armour Velociti PRO 2IN1 homme - shorts pour homme - MioMioRun<\/title>\n<meta name=\"description\" content=\"Short de course 2-en-1 l\u00e9ger et respirant, con\u00e7u pour offrir maintien, confort et une libert\u00e9 de mouvement maximale \u00e0 chaque kilom\u00e8tre\" \/>\n<meta name=\"robots\" content=\"index, follow, max-snippet:-1, max-image-preview:large, max-video-preview:-1\" \/>\n<link rel=\"canonical\" href=\"https:\/\/www.miomiorun.com\/fr\/produit\/velociti-pro-2in1-homme\/\" \/>\n<meta property=\"og:locale\" content=\"fr_FR\" \/>\n<meta property=\"og:type\" content=\"article\" \/>\n<meta property=\"og:title\" content=\"Under Armour Velociti PRO 2IN1 homme - shorts pour homme - MioMioRun\" \/>\n<meta property=\"og:description\" content=\"Short de course 2-en-1 l\u00e9ger et respirant, con\u00e7u pour offrir maintien, confort et une libert\u00e9 de mouvement maximale \u00e0 chaque kilom\u00e8tre\" \/>\n<meta property=\"og:url\" content=\"https:\/\/www.miomiorun.com\/fr\/produit\/velociti-pro-2in1-homme\/\" \/>\n<meta property=\"og:site_name\" content=\"MioMioRun\" \/>\n<meta property=\"article:publisher\" content=\"https:\/\/www.facebook.com\/miomiorun\/\" \/>\n<meta property=\"article:modified_time\" content=\"2026-05-07T14:33:24+00:00\" \/>\n<meta property=\"og:image\" content=\"https:\/\/www.miomiorun.com\/app\/uploads\/2026\/04\/under-armor-VELOCITI-PRO-2IN1-ULTIMATE-6009512-0008.webp\" \/>\n\t<meta property=\"og:image:width\" content=\"720\" \/>\n\t<meta property=\"og:image:height\" content=\"720\" \/>\n\t<meta property=\"og:image:type\" content=\"image\/webp\" \/>\n<meta name=\"twitter:card\" content=\"summary_large_image\" \/>\n<meta name=\"twitter:label1\" content=\"Est. reading time\" \/>\n\t<meta name=\"twitter:data1\" content=\"1 minute\" \/>\n<script type=\"application\/ld+json\" class=\"yoast-schema-graph\">{\"@context\":\"https:\/\/schema.org\",\"@graph\":[{\"@type\":\"WebPage\",\"@id\":\"https:\/\/www.miomiorun.com\/fr\/produit\/velociti-pro-2in1-homme\/\",\"url\":\"https:\/\/www.miomiorun.com\/fr\/produit\/velociti-pro-2in1-homme\/\",\"name\":\"Under Armour Velociti PRO 2IN1 homme - shorts pour homme - MioMioRun\",\"isPartOf\":{\"@id\":\"https:\/\/www.miomiorun.com\/fr\/#website\"},\"primaryImageOfPage\":{\"@id\":\"https:\/\/www.miomiorun.com\/fr\/produit\/velociti-pro-2in1-homme\/#primaryimage\"},\"image\":{\"@id\":\"https:\/\/www.miomiorun.com\/fr\/produit\/velociti-pro-2in1-homme\/#primaryimage\"},\"thumbnailUrl\":\"https:\/\/www.miomiorun.com\/app\/uploads\/2026\/04\/under-armor-VELOCITI-PRO-2IN1-ULTIMATE-6009512-0008.webp\",\"datePublished\":\"2026-04-21T15:10:39+00:00\",\"dateModified\":\"2026-05-07T14:33:24+00:00\",\"description\":\"Short de course 2-en-1 l\u00e9ger et respirant, con\u00e7u pour offrir maintien, confort et une libert\u00e9 de mouvement maximale \u00e0 chaque kilom\u00e8tre\",\"breadcrumb\":{\"@id\":\"https:\/\/www.miomiorun.com\/fr\/produit\/velociti-pro-2in1-homme\/#breadcrumb\"},\"inLanguage\":\"fr-FR\",\"potentialAction\":[{\"@type\":\"ReadAction\",\"target\":[\"https:\/\/www.miomiorun.com\/fr\/produit\/velociti-pro-2in1-homme\/\"]}]},{\"@type\":\"ImageObject\",\"inLanguage\":\"fr-FR\",\"@id\":\"https:\/\/www.miomiorun.com\/fr\/produit\/velociti-pro-2in1-homme\/#primaryimage\",\"url\":\"https:\/\/www.miomiorun.com\/app\/uploads\/2026\/04\/under-armor-VELOCITI-PRO-2IN1-ULTIMATE-6009512-0008.webp\",\"contentUrl\":\"https:\/\/www.miomiorun.com\/app\/uploads\/2026\/04\/under-armor-VELOCITI-PRO-2IN1-ULTIMATE-6009512-0008.webp\",\"width\":720,\"height\":720,\"caption\":\"under armor VELOCITI PRO 2IN1 ULTIMATE 6009512-0008\"},{\"@type\":\"BreadcrumbList\",\"@id\":\"https:\/\/www.miomiorun.com\/fr\/produit\/velociti-pro-2in1-homme\/#breadcrumb\",\"itemListElement\":[{\"@type\":\"ListItem\",\"position\":1,\"name\":\"Home\",\"item\":\"https:\/\/www.miomiorun.com\/fr\/home-page\/\"},{\"@type\":\"ListItem\",\"position\":2,\"name\":\"Shop\",\"item\":\"https:\/\/www.miomiorun.com\/shop\/\"},{\"@type\":\"ListItem\",\"position\":3,\"name\":\"Velociti PRO 2IN1 homme\"}]},{\"@type\":\"WebSite\",\"@id\":\"https:\/\/www.miomiorun.com\/fr\/#website\",\"url\":\"https:\/\/www.miomiorun.com\/fr\/\",\"name\":\"MioMioRun\",\"description\":\"Boutique 100% running et trail\",\"publisher\":{\"@id\":\"https:\/\/www.miomiorun.com\/fr\/#organization\"},\"potentialAction\":[{\"@type\":\"SearchAction\",\"target\":{\"@type\":\"EntryPoint\",\"urlTemplate\":\"https:\/\/www.miomiorun.com\/fr\/?s={search_term_string}\"},\"query-input\":{\"@type\":\"PropertyValueSpecification\",\"valueRequired\":true,\"valueName\":\"search_term_string\"}}],\"inLanguage\":\"fr-FR\"},{\"@type\":\"Organization\",\"@id\":\"https:\/\/www.miomiorun.com\/fr\/#organization\",\"name\":\"MioMio Run\",\"url\":\"https:\/\/www.miomiorun.com\/fr\/\",\"logo\":{\"@type\":\"ImageObject\",\"inLanguage\":\"fr-FR\",\"@id\":\"https:\/\/www.miomiorun.com\/fr\/#\/schema\/logo\/image\/\",\"url\":\"https:\/\/www.miomiorun.com\/app\/uploads\/2019\/12\/logomio.png\",\"contentUrl\":\"https:\/\/www.miomiorun.com\/app\/uploads\/2019\/12\/logomio.png\",\"width\":115,\"height\":82,\"caption\":\"MioMio Run\"},\"image\":{\"@id\":\"https:\/\/www.miomiorun.com\/fr\/#\/schema\/logo\/image\/\"},\"sameAs\":[\"https:\/\/www.facebook.com\/miomiorun\/\",\"https:\/\/www.instagram.com\/miomiorun\/\"]}]}<\/script>\n<!-- \/ Yoast SEO plugin. -->","yoast_head_json":{"title":"Under Armour Velociti PRO 2IN1 homme - shorts pour homme - MioMioRun","description":"Short de course 2-en-1 l\u00e9ger et respirant, con\u00e7u pour offrir maintien, confort et une libert\u00e9 de mouvement maximale \u00e0 chaque kilom\u00e8tre","robots":{"index":"index","follow":"follow","max-snippet":"max-snippet:-1","max-image-preview":"max-image-preview:large","max-video-preview":"max-video-preview:-1"},"canonical":"https:\/\/www.miomiorun.com\/fr\/produit\/velociti-pro-2in1-homme\/","og_locale":"fr_FR","og_type":"article","og_title":"Under Armour Velociti PRO 2IN1 homme - shorts pour homme - MioMioRun","og_description":"Short de course 2-en-1 l\u00e9ger et respirant, con\u00e7u pour offrir maintien, confort et une libert\u00e9 de mouvement maximale \u00e0 chaque kilom\u00e8tre","og_url":"https:\/\/www.miomiorun.com\/fr\/produit\/velociti-pro-2in1-homme\/","og_site_name":"MioMioRun","article_publisher":"https:\/\/www.facebook.com\/miomiorun\/","article_modified_time":"2026-05-07T14:33:24+00:00","og_image":[{"width":720,"height":720,"url":"https:\/\/www.miomiorun.com\/app\/uploads\/2026\/04\/under-armor-VELOCITI-PRO-2IN1-ULTIMATE-6009512-0008.webp","type":"image\/webp"}],"twitter_card":"summary_large_image","twitter_misc":{"Est. reading time":"1 minute"},"schema":{"@context":"https:\/\/schema.org","@graph":[{"@type":"WebPage","@id":"https:\/\/www.miomiorun.com\/fr\/produit\/velociti-pro-2in1-homme\/","url":"https:\/\/www.miomiorun.com\/fr\/produit\/velociti-pro-2in1-homme\/","name":"Under Armour Velociti PRO 2IN1 homme - shorts pour homme - MioMioRun","isPartOf":{"@id":"https:\/\/www.miomiorun.com\/fr\/#website"},"primaryImageOfPage":{"@id":"https:\/\/www.miomiorun.com\/fr\/produit\/velociti-pro-2in1-homme\/#primaryimage"},"image":{"@id":"https:\/\/www.miomiorun.com\/fr\/produit\/velociti-pro-2in1-homme\/#primaryimage"},"thumbnailUrl":"https:\/\/www.miomiorun.com\/app\/uploads\/2026\/04\/under-armor-VELOCITI-PRO-2IN1-ULTIMATE-6009512-0008.webp","datePublished":"2026-04-21T15:10:39+00:00","dateModified":"2026-05-07T14:33:24+00:00","description":"Short de course 2-en-1 l\u00e9ger et respirant, con\u00e7u pour offrir maintien, confort et une libert\u00e9 de mouvement maximale \u00e0 chaque kilom\u00e8tre","breadcrumb":{"@id":"https:\/\/www.miomiorun.com\/fr\/produit\/velociti-pro-2in1-homme\/#breadcrumb"},"inLanguage":"fr-FR","potentialAction":[{"@type":"ReadAction","target":["https:\/\/www.miomiorun.com\/fr\/produit\/velociti-pro-2in1-homme\/"]}]},{"@type":"ImageObject","inLanguage":"fr-FR","@id":"https:\/\/www.miomiorun.com\/fr\/produit\/velociti-pro-2in1-homme\/#primaryimage","url":"https:\/\/www.miomiorun.com\/app\/uploads\/2026\/04\/under-armor-VELOCITI-PRO-2IN1-ULTIMATE-6009512-0008.webp","contentUrl":"https:\/\/www.miomiorun.com\/app\/uploads\/2026\/04\/under-armor-VELOCITI-PRO-2IN1-ULTIMATE-6009512-0008.webp","width":720,"height":720,"caption":"under armor VELOCITI PRO 2IN1 ULTIMATE 6009512-0008"},{"@type":"BreadcrumbList","@id":"https:\/\/www.miomiorun.com\/fr\/produit\/velociti-pro-2in1-homme\/#breadcrumb","itemListElement":[{"@type":"ListItem","position":1,"name":"Home","item":"https:\/\/www.miomiorun.com\/fr\/home-page\/"},{"@type":"ListItem","position":2,"name":"Shop","item":"https:\/\/www.miomiorun.com\/shop\/"},{"@type":"ListItem","position":3,"name":"Velociti PRO 2IN1 homme"}]},{"@type":"WebSite","@id":"https:\/\/www.miomiorun.com\/fr\/#website","url":"https:\/\/www.miomiorun.com\/fr\/","name":"MioMioRun","description":"Boutique 100% running et trail","publisher":{"@id":"https:\/\/www.miomiorun.com\/fr\/#organization"},"potentialAction":[{"@type":"SearchAction","target":{"@type":"EntryPoint","urlTemplate":"https:\/\/www.miomiorun.com\/fr\/?s={search_term_string}"},"query-input":{"@type":"PropertyValueSpecification","valueRequired":true,"valueName":"search_term_string"}}],"inLanguage":"fr-FR"},{"@type":"Organization","@id":"https:\/\/www.miomiorun.com\/fr\/#organization","name":"MioMio Run","url":"https:\/\/www.miomiorun.com\/fr\/","logo":{"@type":"ImageObject","inLanguage":"fr-FR","@id":"https:\/\/www.miomiorun.com\/fr\/#\/schema\/logo\/image\/","url":"https:\/\/www.miomiorun.com\/app\/uploads\/2019\/12\/logomio.png","contentUrl":"https:\/\/www.miomiorun.com\/app\/uploads\/2019\/12\/logomio.png","width":115,"height":82,"caption":"MioMio Run"},"image":{"@id":"https:\/\/www.miomiorun.com\/fr\/#\/schema\/logo\/image\/"},"sameAs":["https:\/\/www.facebook.com\/miomiorun\/","https:\/\/www.instagram.com\/miomiorun\/"]}]}},"_links":{"self":[{"href":"https:\/\/www.miomiorun.com\/fr\/wp-json\/wp\/v2\/product\/433752","targetHints":{"allow":["GET"]}}],"collection":[{"href":"https:\/\/www.miomiorun.com\/fr\/wp-json\/wp\/v2\/product"}],"about":[{"href":"https:\/\/www.miomiorun.com\/fr\/wp-json\/wp\/v2\/types\/product"}],"wp:featuredmedia":[{"embeddable":true,"href":"https:\/\/www.miomiorun.com\/fr\/wp-json\/wp\/v2\/media\/433782"}],"wp:attachment":[{"href":"https:\/\/www.miomiorun.com\/fr\/wp-json\/wp\/v2\/media?parent=433752"}],"wp:term":[{"taxonomy":"product_brand","embeddable":true,"href":"https:\/\/www.miomiorun.com\/fr\/wp-json\/wp\/v2\/product_brand?post=433752"},{"taxonomy":"product_cat","embeddable":true,"href":"https:\/\/www.miomiorun.com\/fr\/wp-json\/wp\/v2\/product_cat?post=433752"},{"taxonomy":"product_tag","embeddable":true,"href":"https:\/\/www.miomiorun.com\/fr\/wp-json\/wp\/v2\/product_tag?post=433752"}],"curies":[{"name":"wp","href":"https:\/\/api.w.org\/{rel}","templated":true}]}}