{"id":433684,"date":"2026-04-21T16:48:35","date_gmt":"2026-04-21T14:48:35","guid":{"rendered":"https:\/\/www.miomiorun.com\/?post_type=product&#038;p=433684"},"modified":"2026-05-07T16:32:17","modified_gmt":"2026-05-07T14:32:17","slug":"velociti-pro-7in-homme","status":"publish","type":"product","link":"https:\/\/www.miomiorun.com\/fr\/produit\/velociti-pro-7in-homme\/","title":{"rendered":"Velociti PRO 7in homme"},"content":{"rendered":"<p data-start=\"0\" data-end=\"362\">Le short pour homme <span class=\"hover:entity-accent entity-underline inline cursor-pointer align-baseline\"><span class=\"whitespace-normal\">Under Armour<\/span><\/span> UA Velociti Pro de 18 cm est con\u00e7u pour offrir <strong data-start=\"138\" data-end=\"149\">confort<\/strong>, <strong data-start=\"151\" data-end=\"165\">l\u00e9g\u00e8ret\u00e9<\/strong> et <strong data-start=\"168\" data-end=\"192\">libert\u00e9 de mouvement<\/strong> \u00e0 chaque course. Con\u00e7us pour vous accompagner aussi bien \u00e0 l&#8217;entra\u00eenement qu&#8217;en comp\u00e9tition, ils associent des mati\u00e8res techniques et une conception fonctionnelle pour garantir des performances constantes.<\/p>\n<p data-start=\"364\" data-end=\"403\">La structure est con\u00e7ue pour assurer :<\/p>\n<ul data-start=\"404\" data-end=\"609\">\n<li data-section-id=\"16hcb1a\" data-start=\"404\" data-end=\"483\"><strong data-start=\"406\" data-end=\"428\">Des mouvements naturels<\/strong> gr\u00e2ce \u00e0 un tissu extensible l\u00e9ger et r\u00e9sistant<\/li>\n<li data-section-id=\"8yayrd\" data-start=\"484\" data-end=\"554\"><strong data-start=\"486\" data-end=\"516\">Une peau s\u00e8che plus longtemps<\/strong> gr\u00e2ce \u00e0 des mat\u00e9riaux \u00e0 s\u00e9chage rapide<\/li>\n<li data-section-id=\"1mchc35\" data-start=\"555\" data-end=\"609\"><strong data-start=\"557\" data-end=\"577\">Une mobilit\u00e9 maximale<\/strong> gr\u00e2ce \u00e0 une \u00e9lasticit\u00e9 dans les 4 directions<\/li>\n<\/ul>\n<p data-start=\"611\" data-end=\"1179\">La <strong data-start=\"614\" data-end=\"640\">doublure int\u00e9rieure en mesh<\/strong> offre maintien et couverture sans compromettre la respirabilit\u00e9, tandis que la <strong data-start=\"717\" data-end=\"762\">ceinture \u00e9lastiqu\u00e9e avec cordon de serrage<\/strong> garantit un ajustement stable et r\u00e9glable, avec un design optimis\u00e9 pour le confort et la l\u00e9g\u00e8ret\u00e9. Les <strong data-start=\"866\" data-end=\"887\">poches fonctionnelles<\/strong>, dont une poche arri\u00e8re zipp\u00e9e et des poches int\u00e9rieures dans le slip, permettent d\u2019emporter avec soi les objets essentiels. L&#8217;<strong data-start=\"1004\" data-end=\"1042\">ourlet profil\u00e9 avec fentes lat\u00e9rales<\/strong> am\u00e9liore encore la libert\u00e9 de mouvement, tandis que les <strong data-start=\"1100\" data-end=\"1124\">d\u00e9tails r\u00e9fl\u00e9chissants<\/strong> augmentent la visibilit\u00e9 dans des conditions de faible luminosit\u00e9.<\/p>\n","protected":false},"excerpt":{"rendered":"<ul>\n<li data-section-id=\"lci7\" data-start=\"1392\" data-end=\"1472\"><strong data-start=\"1394\" data-end=\"1438\">Tissu technique l\u00e9ger et extensible<\/strong> pour des mouvements fluides et naturels<\/li>\n<li data-section-id=\"vudg71\" data-start=\"1473\" data-end=\"1553\"><strong data-start=\"1475\" data-end=\"1519\">S\u00e9chage rapide et gestion de la transpiration<\/strong> pour garder la peau au sec<\/li>\n<li data-section-id=\"ocf3n5\" data-start=\"1554\" data-end=\"1650\" data-is-last-node=\"\"><strong data-start=\"1556\" data-end=\"1614\">Doublure int\u00e9rieure, poches pratiques et d\u00e9tails r\u00e9fl\u00e9chissants<\/strong> pour plus de confort et de fonctionnalit\u00e9 pendant la course<\/li>\n<\/ul>\n","protected":false},"featured_media":433737,"template":"","meta":{"_acf_changed":false,"inline_featured_image":false},"product_brand":[],"product_cat":[24477,24482],"product_tag":[23530,23574],"class_list":{"0":"post-433684","1":"product","2":"type-product","3":"status-publish","4":"has-post-thumbnail","6":"product_cat-pantalon-court-fr-3","7":"product_cat-vetements-pour-hommes-fr","8":"product_tag-under-armour-fr","9":"product_tag-under-armour-homme","10":"pa_attivita-fitness-fr","11":"pa_attivita-running-fr","12":"pa_colore-velociti-pro-7in-titanium","13":"pa_colore-velociti-pro-7in-ultimate","14":"pa_marca-under-armour-fr","15":"pa_sesso-homme","16":"pa_size-small-fr","17":"pa_size-medium-fr","18":"pa_size-large-fr","19":"pa_size-extra-large-fr","21":"first","22":"instock","23":"sale","24":"taxable","25":"shipping-taxable","26":"purchasable","27":"product-type-variable","28":"wvs-archive-product-wrapper"},"acf":[],"yoast_head":"<!-- This site is optimized with the Yoast SEO plugin v26.8 - https:\/\/yoast.com\/product\/yoast-seo-wordpress\/ -->\n<title>Under Armour Velociti PRO 7in homme -shorts pour homme- MioMioRun<\/title>\n<meta name=\"description\" content=\"Short de course l\u00e9ger et extensible, con\u00e7u pour offrir un confort durable, une libert\u00e9 de mouvement maximale et une grande praticit\u00e9 lors de chaque entra\u00eenement ou comp\u00e9tition.\" \/>\n<meta name=\"robots\" content=\"index, follow, max-snippet:-1, max-image-preview:large, max-video-preview:-1\" \/>\n<link rel=\"canonical\" href=\"https:\/\/www.miomiorun.com\/fr\/produit\/velociti-pro-7in-homme\/\" \/>\n<meta property=\"og:locale\" content=\"fr_FR\" \/>\n<meta property=\"og:type\" content=\"article\" \/>\n<meta property=\"og:title\" content=\"Under Armour Velociti PRO 7in homme -shorts pour homme- MioMioRun\" \/>\n<meta property=\"og:description\" content=\"Short de course l\u00e9ger et extensible, con\u00e7u pour offrir un confort durable, une libert\u00e9 de mouvement maximale et une grande praticit\u00e9 lors de chaque entra\u00eenement ou comp\u00e9tition.\" \/>\n<meta property=\"og:url\" content=\"https:\/\/www.miomiorun.com\/fr\/produit\/velociti-pro-7in-homme\/\" \/>\n<meta property=\"og:site_name\" content=\"MioMioRun\" \/>\n<meta property=\"article:publisher\" content=\"https:\/\/www.facebook.com\/miomiorun\/\" \/>\n<meta property=\"article:modified_time\" content=\"2026-05-07T14:32:17+00:00\" \/>\n<meta property=\"og:image\" content=\"https:\/\/www.miomiorun.com\/app\/uploads\/2026\/04\/under-armor-Velociti-PRO-7in-ultimate-6009511-0008.webp\" \/>\n\t<meta property=\"og:image:width\" content=\"720\" \/>\n\t<meta property=\"og:image:height\" content=\"720\" \/>\n\t<meta property=\"og:image:type\" content=\"image\/webp\" \/>\n<meta name=\"twitter:card\" content=\"summary_large_image\" \/>\n<meta name=\"twitter:label1\" content=\"Est. reading time\" \/>\n\t<meta name=\"twitter:data1\" content=\"1 minute\" \/>\n<script type=\"application\/ld+json\" class=\"yoast-schema-graph\">{\"@context\":\"https:\/\/schema.org\",\"@graph\":[{\"@type\":\"WebPage\",\"@id\":\"https:\/\/www.miomiorun.com\/fr\/produit\/velociti-pro-7in-homme\/\",\"url\":\"https:\/\/www.miomiorun.com\/fr\/produit\/velociti-pro-7in-homme\/\",\"name\":\"Under Armour Velociti PRO 7in homme -shorts pour homme- MioMioRun\",\"isPartOf\":{\"@id\":\"https:\/\/www.miomiorun.com\/fr\/#website\"},\"primaryImageOfPage\":{\"@id\":\"https:\/\/www.miomiorun.com\/fr\/produit\/velociti-pro-7in-homme\/#primaryimage\"},\"image\":{\"@id\":\"https:\/\/www.miomiorun.com\/fr\/produit\/velociti-pro-7in-homme\/#primaryimage\"},\"thumbnailUrl\":\"https:\/\/www.miomiorun.com\/app\/uploads\/2026\/04\/under-armor-Velociti-PRO-7in-ultimate-6009511-0008.webp\",\"datePublished\":\"2026-04-21T14:48:35+00:00\",\"dateModified\":\"2026-05-07T14:32:17+00:00\",\"description\":\"Short de course l\u00e9ger et extensible, con\u00e7u pour offrir un confort durable, une libert\u00e9 de mouvement maximale et une grande praticit\u00e9 lors de chaque entra\u00eenement ou comp\u00e9tition.\",\"breadcrumb\":{\"@id\":\"https:\/\/www.miomiorun.com\/fr\/produit\/velociti-pro-7in-homme\/#breadcrumb\"},\"inLanguage\":\"fr-FR\",\"potentialAction\":[{\"@type\":\"ReadAction\",\"target\":[\"https:\/\/www.miomiorun.com\/fr\/produit\/velociti-pro-7in-homme\/\"]}]},{\"@type\":\"ImageObject\",\"inLanguage\":\"fr-FR\",\"@id\":\"https:\/\/www.miomiorun.com\/fr\/produit\/velociti-pro-7in-homme\/#primaryimage\",\"url\":\"https:\/\/www.miomiorun.com\/app\/uploads\/2026\/04\/under-armor-Velociti-PRO-7in-ultimate-6009511-0008.webp\",\"contentUrl\":\"https:\/\/www.miomiorun.com\/app\/uploads\/2026\/04\/under-armor-Velociti-PRO-7in-ultimate-6009511-0008.webp\",\"width\":720,\"height\":720,\"caption\":\"under armor Velociti PRO 7in ultimate 6009511-0008\"},{\"@type\":\"BreadcrumbList\",\"@id\":\"https:\/\/www.miomiorun.com\/fr\/produit\/velociti-pro-7in-homme\/#breadcrumb\",\"itemListElement\":[{\"@type\":\"ListItem\",\"position\":1,\"name\":\"Home\",\"item\":\"https:\/\/www.miomiorun.com\/fr\/home-page\/\"},{\"@type\":\"ListItem\",\"position\":2,\"name\":\"Shop\",\"item\":\"https:\/\/www.miomiorun.com\/shop\/\"},{\"@type\":\"ListItem\",\"position\":3,\"name\":\"Velociti PRO 7in homme\"}]},{\"@type\":\"WebSite\",\"@id\":\"https:\/\/www.miomiorun.com\/fr\/#website\",\"url\":\"https:\/\/www.miomiorun.com\/fr\/\",\"name\":\"MioMioRun\",\"description\":\"Boutique 100% running et trail\",\"publisher\":{\"@id\":\"https:\/\/www.miomiorun.com\/fr\/#organization\"},\"potentialAction\":[{\"@type\":\"SearchAction\",\"target\":{\"@type\":\"EntryPoint\",\"urlTemplate\":\"https:\/\/www.miomiorun.com\/fr\/?s={search_term_string}\"},\"query-input\":{\"@type\":\"PropertyValueSpecification\",\"valueRequired\":true,\"valueName\":\"search_term_string\"}}],\"inLanguage\":\"fr-FR\"},{\"@type\":\"Organization\",\"@id\":\"https:\/\/www.miomiorun.com\/fr\/#organization\",\"name\":\"MioMio Run\",\"url\":\"https:\/\/www.miomiorun.com\/fr\/\",\"logo\":{\"@type\":\"ImageObject\",\"inLanguage\":\"fr-FR\",\"@id\":\"https:\/\/www.miomiorun.com\/fr\/#\/schema\/logo\/image\/\",\"url\":\"https:\/\/www.miomiorun.com\/app\/uploads\/2019\/12\/logomio.png\",\"contentUrl\":\"https:\/\/www.miomiorun.com\/app\/uploads\/2019\/12\/logomio.png\",\"width\":115,\"height\":82,\"caption\":\"MioMio Run\"},\"image\":{\"@id\":\"https:\/\/www.miomiorun.com\/fr\/#\/schema\/logo\/image\/\"},\"sameAs\":[\"https:\/\/www.facebook.com\/miomiorun\/\",\"https:\/\/www.instagram.com\/miomiorun\/\"]}]}<\/script>\n<!-- \/ Yoast SEO plugin. -->","yoast_head_json":{"title":"Under Armour Velociti PRO 7in homme -shorts pour homme- MioMioRun","description":"Short de course l\u00e9ger et extensible, con\u00e7u pour offrir un confort durable, une libert\u00e9 de mouvement maximale et une grande praticit\u00e9 lors de chaque entra\u00eenement ou comp\u00e9tition.","robots":{"index":"index","follow":"follow","max-snippet":"max-snippet:-1","max-image-preview":"max-image-preview:large","max-video-preview":"max-video-preview:-1"},"canonical":"https:\/\/www.miomiorun.com\/fr\/produit\/velociti-pro-7in-homme\/","og_locale":"fr_FR","og_type":"article","og_title":"Under Armour Velociti PRO 7in homme -shorts pour homme- MioMioRun","og_description":"Short de course l\u00e9ger et extensible, con\u00e7u pour offrir un confort durable, une libert\u00e9 de mouvement maximale et une grande praticit\u00e9 lors de chaque entra\u00eenement ou comp\u00e9tition.","og_url":"https:\/\/www.miomiorun.com\/fr\/produit\/velociti-pro-7in-homme\/","og_site_name":"MioMioRun","article_publisher":"https:\/\/www.facebook.com\/miomiorun\/","article_modified_time":"2026-05-07T14:32:17+00:00","og_image":[{"width":720,"height":720,"url":"https:\/\/www.miomiorun.com\/app\/uploads\/2026\/04\/under-armor-Velociti-PRO-7in-ultimate-6009511-0008.webp","type":"image\/webp"}],"twitter_card":"summary_large_image","twitter_misc":{"Est. reading time":"1 minute"},"schema":{"@context":"https:\/\/schema.org","@graph":[{"@type":"WebPage","@id":"https:\/\/www.miomiorun.com\/fr\/produit\/velociti-pro-7in-homme\/","url":"https:\/\/www.miomiorun.com\/fr\/produit\/velociti-pro-7in-homme\/","name":"Under Armour Velociti PRO 7in homme -shorts pour homme- MioMioRun","isPartOf":{"@id":"https:\/\/www.miomiorun.com\/fr\/#website"},"primaryImageOfPage":{"@id":"https:\/\/www.miomiorun.com\/fr\/produit\/velociti-pro-7in-homme\/#primaryimage"},"image":{"@id":"https:\/\/www.miomiorun.com\/fr\/produit\/velociti-pro-7in-homme\/#primaryimage"},"thumbnailUrl":"https:\/\/www.miomiorun.com\/app\/uploads\/2026\/04\/under-armor-Velociti-PRO-7in-ultimate-6009511-0008.webp","datePublished":"2026-04-21T14:48:35+00:00","dateModified":"2026-05-07T14:32:17+00:00","description":"Short de course l\u00e9ger et extensible, con\u00e7u pour offrir un confort durable, une libert\u00e9 de mouvement maximale et une grande praticit\u00e9 lors de chaque entra\u00eenement ou comp\u00e9tition.","breadcrumb":{"@id":"https:\/\/www.miomiorun.com\/fr\/produit\/velociti-pro-7in-homme\/#breadcrumb"},"inLanguage":"fr-FR","potentialAction":[{"@type":"ReadAction","target":["https:\/\/www.miomiorun.com\/fr\/produit\/velociti-pro-7in-homme\/"]}]},{"@type":"ImageObject","inLanguage":"fr-FR","@id":"https:\/\/www.miomiorun.com\/fr\/produit\/velociti-pro-7in-homme\/#primaryimage","url":"https:\/\/www.miomiorun.com\/app\/uploads\/2026\/04\/under-armor-Velociti-PRO-7in-ultimate-6009511-0008.webp","contentUrl":"https:\/\/www.miomiorun.com\/app\/uploads\/2026\/04\/under-armor-Velociti-PRO-7in-ultimate-6009511-0008.webp","width":720,"height":720,"caption":"under armor Velociti PRO 7in ultimate 6009511-0008"},{"@type":"BreadcrumbList","@id":"https:\/\/www.miomiorun.com\/fr\/produit\/velociti-pro-7in-homme\/#breadcrumb","itemListElement":[{"@type":"ListItem","position":1,"name":"Home","item":"https:\/\/www.miomiorun.com\/fr\/home-page\/"},{"@type":"ListItem","position":2,"name":"Shop","item":"https:\/\/www.miomiorun.com\/shop\/"},{"@type":"ListItem","position":3,"name":"Velociti PRO 7in homme"}]},{"@type":"WebSite","@id":"https:\/\/www.miomiorun.com\/fr\/#website","url":"https:\/\/www.miomiorun.com\/fr\/","name":"MioMioRun","description":"Boutique 100% running et trail","publisher":{"@id":"https:\/\/www.miomiorun.com\/fr\/#organization"},"potentialAction":[{"@type":"SearchAction","target":{"@type":"EntryPoint","urlTemplate":"https:\/\/www.miomiorun.com\/fr\/?s={search_term_string}"},"query-input":{"@type":"PropertyValueSpecification","valueRequired":true,"valueName":"search_term_string"}}],"inLanguage":"fr-FR"},{"@type":"Organization","@id":"https:\/\/www.miomiorun.com\/fr\/#organization","name":"MioMio Run","url":"https:\/\/www.miomiorun.com\/fr\/","logo":{"@type":"ImageObject","inLanguage":"fr-FR","@id":"https:\/\/www.miomiorun.com\/fr\/#\/schema\/logo\/image\/","url":"https:\/\/www.miomiorun.com\/app\/uploads\/2019\/12\/logomio.png","contentUrl":"https:\/\/www.miomiorun.com\/app\/uploads\/2019\/12\/logomio.png","width":115,"height":82,"caption":"MioMio Run"},"image":{"@id":"https:\/\/www.miomiorun.com\/fr\/#\/schema\/logo\/image\/"},"sameAs":["https:\/\/www.facebook.com\/miomiorun\/","https:\/\/www.instagram.com\/miomiorun\/"]}]}},"_links":{"self":[{"href":"https:\/\/www.miomiorun.com\/fr\/wp-json\/wp\/v2\/product\/433684","targetHints":{"allow":["GET"]}}],"collection":[{"href":"https:\/\/www.miomiorun.com\/fr\/wp-json\/wp\/v2\/product"}],"about":[{"href":"https:\/\/www.miomiorun.com\/fr\/wp-json\/wp\/v2\/types\/product"}],"wp:featuredmedia":[{"embeddable":true,"href":"https:\/\/www.miomiorun.com\/fr\/wp-json\/wp\/v2\/media\/433737"}],"wp:attachment":[{"href":"https:\/\/www.miomiorun.com\/fr\/wp-json\/wp\/v2\/media?parent=433684"}],"wp:term":[{"taxonomy":"product_brand","embeddable":true,"href":"https:\/\/www.miomiorun.com\/fr\/wp-json\/wp\/v2\/product_brand?post=433684"},{"taxonomy":"product_cat","embeddable":true,"href":"https:\/\/www.miomiorun.com\/fr\/wp-json\/wp\/v2\/product_cat?post=433684"},{"taxonomy":"product_tag","embeddable":true,"href":"https:\/\/www.miomiorun.com\/fr\/wp-json\/wp\/v2\/product_tag?post=433684"}],"curies":[{"name":"wp","href":"https:\/\/api.w.org\/{rel}","templated":true}]}}