{"id":433644,"date":"2026-04-21T16:40:17","date_gmt":"2026-04-21T14:40:17","guid":{"rendered":"https:\/\/www.miomiorun.com\/?post_type=product&#038;p=433644"},"modified":"2026-05-07T16:31:12","modified_gmt":"2026-05-07T14:31:12","slug":"velociti-pro-5in-homme","status":"publish","type":"product","link":"https:\/\/www.miomiorun.com\/fr\/produit\/velociti-pro-5in-homme\/","title":{"rendered":"Velociti PRO 5in homme"},"content":{"rendered":"<p data-start=\"0\" data-end=\"373\">Le short pour homme <span class=\"hover:entity-accent entity-underline inline cursor-pointer align-baseline\"><span class=\"whitespace-normal\">Under Armour<\/span><\/span> UA Velociti Pro de 13 cm est con\u00e7u pour offrir <strong data-start=\"138\" data-end=\"158\">une vitesse maximale<\/strong>, <strong data-start=\"160\" data-end=\"174\">de la l\u00e9g\u00e8ret\u00e9<\/strong> et <strong data-start=\"177\" data-end=\"199\">un confort essentiel<\/strong> pendant la course. Con\u00e7us pour le jour de la course, ils allient des mat\u00e9riaux techniques et un design minimaliste pour vous aider \u00e0 rester concentr\u00e9 et \u00e0 bouger librement \u00e0 chaque \u00e9tape de l&#8217;activit\u00e9.<\/p>\n<p data-start=\"375\" data-end=\"415\">Sa conception est \u00e9tudi\u00e9e pour garantir :<\/p>\n<ul data-start=\"416\" data-end=\"606\">\n<li data-section-id=\"12bdaz7\" data-start=\"416\" data-end=\"491\"><strong data-start=\"418\" data-end=\"449\">Des mouvements fluides et naturels<\/strong> gr\u00e2ce \u00e0 un tissu extensible et l\u00e9ger<\/li>\n<li data-section-id=\"qimnkb\" data-start=\"492\" data-end=\"551\"><strong data-start=\"494\" data-end=\"526\">Une gestion efficace de la transpiration<\/strong> avec un s\u00e9chage rapide<\/li>\n<li data-section-id=\"1mchc35\" data-start=\"552\" data-end=\"606\"><strong data-start=\"554\" data-end=\"574\">Une mobilit\u00e9 maximale<\/strong> gr\u00e2ce \u00e0 l&#8217;\u00e9lasticit\u00e9 dans les 4 sens<\/li>\n<\/ul>\n<p data-start=\"608\" data-end=\"1117\">La <strong data-start=\"611\" data-end=\"637\">doublure int\u00e9rieure en mesh<\/strong> offre maintien et couverture, tandis que la <strong data-start=\"676\" data-end=\"721\">ceinture \u00e9lastiqu\u00e9e avec cordon de serrage<\/strong> assure un ajustement stable et confortable avec un poids r\u00e9duit. Les <strong data-start=\"791\" data-end=\"812\">poches fonctionnelles<\/strong>, dont une poche arri\u00e8re zipp\u00e9e et des poches int\u00e9rieures dans le slip, permettent d&#8217;emporter avec soi les objets essentiels. Le v\u00eatement est compl\u00e9t\u00e9 par un <strong data-start=\"948\" data-end=\"986\">ourlet profil\u00e9 avec fentes lat\u00e9rales<\/strong> pour une plus grande libert\u00e9 de mouvement et des <strong data-start=\"1025\" data-end=\"1049\">d\u00e9tails r\u00e9fl\u00e9chissants<\/strong> pour am\u00e9liorer la visibilit\u00e9 dans des conditions de faible luminosit\u00e9.<\/p>\n","protected":false},"excerpt":{"rendered":"<ul>\n<li data-section-id=\"17vb20u\" data-start=\"1324\" data-end=\"1407\"><strong data-start=\"1326\" data-end=\"1362\">Tissu l\u00e9ger et extensible<\/strong> pour des mouvements naturels et sans contrainte<\/li>\n<li data-section-id=\"vudg71\" data-start=\"1408\" data-end=\"1488\"><strong data-start=\"1410\" data-end=\"1454\">S\u00e9chage rapide et gestion de la transpiration<\/strong> pour garder la peau au sec<\/li>\n<li data-section-id=\"1pihrpb\" data-start=\"1489\" data-end=\"1586\" data-is-last-node=\"\"><strong data-start=\"1491\" data-end=\"1549\">Doublure int\u00e9rieure, poches pratiques et d\u00e9tails r\u00e9fl\u00e9chissants<\/strong> pour un soutien et une fonctionnalit\u00e9 optimaux pendant la course<\/li>\n<\/ul>\n","protected":false},"featured_media":433669,"template":"","meta":{"_acf_changed":false,"inline_featured_image":false},"product_brand":[],"product_cat":[24477,24482],"product_tag":[23530,23574],"class_list":{"0":"post-433644","1":"product","2":"type-product","3":"status-publish","4":"has-post-thumbnail","6":"product_cat-pantalon-court-fr-3","7":"product_cat-vetements-pour-hommes-fr","8":"product_tag-under-armour-fr","9":"product_tag-under-armour-homme","10":"pa_attivita-fitness-fr","11":"pa_attivita-running-fr","12":"pa_colore-velociti-pro-5in-ultimate","13":"pa_marca-under-armour-fr","14":"pa_sesso-homme","15":"pa_size-small-fr","16":"pa_size-medium-fr","17":"pa_size-large-fr","19":"first","20":"instock","21":"sale","22":"taxable","23":"shipping-taxable","24":"purchasable","25":"product-type-variable","26":"wvs-archive-product-wrapper"},"acf":[],"yoast_head":"<!-- This site is optimized with the Yoast SEO plugin v26.8 - https:\/\/yoast.com\/product\/yoast-seo-wordpress\/ -->\n<title>Under Armour Velociti PRO 5in homme -shorts pour homme - MioMioRun<\/title>\n<meta name=\"description\" content=\"Un short de course l\u00e9ger et performant, con\u00e7u pour offrir vitesse, confort et une libert\u00e9 de mouvement maximale pendant les entra\u00eenements et les comp\u00e9titions.\" \/>\n<meta name=\"robots\" content=\"index, follow, max-snippet:-1, max-image-preview:large, max-video-preview:-1\" \/>\n<link rel=\"canonical\" href=\"https:\/\/www.miomiorun.com\/fr\/produit\/velociti-pro-5in-homme\/\" \/>\n<meta property=\"og:locale\" content=\"fr_FR\" \/>\n<meta property=\"og:type\" content=\"article\" \/>\n<meta property=\"og:title\" content=\"Under Armour Velociti PRO 5in homme -shorts pour homme - MioMioRun\" \/>\n<meta property=\"og:description\" content=\"Un short de course l\u00e9ger et performant, con\u00e7u pour offrir vitesse, confort et une libert\u00e9 de mouvement maximale pendant les entra\u00eenements et les comp\u00e9titions.\" \/>\n<meta property=\"og:url\" content=\"https:\/\/www.miomiorun.com\/fr\/produit\/velociti-pro-5in-homme\/\" \/>\n<meta property=\"og:site_name\" content=\"MioMioRun\" \/>\n<meta property=\"article:publisher\" content=\"https:\/\/www.facebook.com\/miomiorun\/\" \/>\n<meta property=\"article:modified_time\" content=\"2026-05-07T14:31:12+00:00\" \/>\n<meta property=\"og:image\" content=\"https:\/\/www.miomiorun.com\/app\/uploads\/2026\/04\/under-armor-Velociti-PRO-5in-ultimate-6009510-0008.webp\" \/>\n\t<meta property=\"og:image:width\" content=\"720\" \/>\n\t<meta property=\"og:image:height\" content=\"720\" \/>\n\t<meta property=\"og:image:type\" content=\"image\/webp\" \/>\n<meta name=\"twitter:card\" content=\"summary_large_image\" \/>\n<meta name=\"twitter:label1\" content=\"Est. reading time\" \/>\n\t<meta name=\"twitter:data1\" content=\"1 minute\" \/>\n<script type=\"application\/ld+json\" class=\"yoast-schema-graph\">{\"@context\":\"https:\/\/schema.org\",\"@graph\":[{\"@type\":\"WebPage\",\"@id\":\"https:\/\/www.miomiorun.com\/fr\/produit\/velociti-pro-5in-homme\/\",\"url\":\"https:\/\/www.miomiorun.com\/fr\/produit\/velociti-pro-5in-homme\/\",\"name\":\"Under Armour Velociti PRO 5in homme -shorts pour homme - MioMioRun\",\"isPartOf\":{\"@id\":\"https:\/\/www.miomiorun.com\/fr\/#website\"},\"primaryImageOfPage\":{\"@id\":\"https:\/\/www.miomiorun.com\/fr\/produit\/velociti-pro-5in-homme\/#primaryimage\"},\"image\":{\"@id\":\"https:\/\/www.miomiorun.com\/fr\/produit\/velociti-pro-5in-homme\/#primaryimage\"},\"thumbnailUrl\":\"https:\/\/www.miomiorun.com\/app\/uploads\/2026\/04\/under-armor-Velociti-PRO-5in-ultimate-6009510-0008.webp\",\"datePublished\":\"2026-04-21T14:40:17+00:00\",\"dateModified\":\"2026-05-07T14:31:12+00:00\",\"description\":\"Un short de course l\u00e9ger et performant, con\u00e7u pour offrir vitesse, confort et une libert\u00e9 de mouvement maximale pendant les entra\u00eenements et les comp\u00e9titions.\",\"breadcrumb\":{\"@id\":\"https:\/\/www.miomiorun.com\/fr\/produit\/velociti-pro-5in-homme\/#breadcrumb\"},\"inLanguage\":\"fr-FR\",\"potentialAction\":[{\"@type\":\"ReadAction\",\"target\":[\"https:\/\/www.miomiorun.com\/fr\/produit\/velociti-pro-5in-homme\/\"]}]},{\"@type\":\"ImageObject\",\"inLanguage\":\"fr-FR\",\"@id\":\"https:\/\/www.miomiorun.com\/fr\/produit\/velociti-pro-5in-homme\/#primaryimage\",\"url\":\"https:\/\/www.miomiorun.com\/app\/uploads\/2026\/04\/under-armor-Velociti-PRO-5in-ultimate-6009510-0008.webp\",\"contentUrl\":\"https:\/\/www.miomiorun.com\/app\/uploads\/2026\/04\/under-armor-Velociti-PRO-5in-ultimate-6009510-0008.webp\",\"width\":720,\"height\":720,\"caption\":\"under armor Velociti PRO 5in ultimate 6009510-0008\"},{\"@type\":\"BreadcrumbList\",\"@id\":\"https:\/\/www.miomiorun.com\/fr\/produit\/velociti-pro-5in-homme\/#breadcrumb\",\"itemListElement\":[{\"@type\":\"ListItem\",\"position\":1,\"name\":\"Home\",\"item\":\"https:\/\/www.miomiorun.com\/fr\/home-page\/\"},{\"@type\":\"ListItem\",\"position\":2,\"name\":\"Shop\",\"item\":\"https:\/\/www.miomiorun.com\/shop\/\"},{\"@type\":\"ListItem\",\"position\":3,\"name\":\"Velociti PRO 5in homme\"}]},{\"@type\":\"WebSite\",\"@id\":\"https:\/\/www.miomiorun.com\/fr\/#website\",\"url\":\"https:\/\/www.miomiorun.com\/fr\/\",\"name\":\"MioMioRun\",\"description\":\"Boutique 100% running et trail\",\"publisher\":{\"@id\":\"https:\/\/www.miomiorun.com\/fr\/#organization\"},\"potentialAction\":[{\"@type\":\"SearchAction\",\"target\":{\"@type\":\"EntryPoint\",\"urlTemplate\":\"https:\/\/www.miomiorun.com\/fr\/?s={search_term_string}\"},\"query-input\":{\"@type\":\"PropertyValueSpecification\",\"valueRequired\":true,\"valueName\":\"search_term_string\"}}],\"inLanguage\":\"fr-FR\"},{\"@type\":\"Organization\",\"@id\":\"https:\/\/www.miomiorun.com\/fr\/#organization\",\"name\":\"MioMio Run\",\"url\":\"https:\/\/www.miomiorun.com\/fr\/\",\"logo\":{\"@type\":\"ImageObject\",\"inLanguage\":\"fr-FR\",\"@id\":\"https:\/\/www.miomiorun.com\/fr\/#\/schema\/logo\/image\/\",\"url\":\"https:\/\/www.miomiorun.com\/app\/uploads\/2019\/12\/logomio.png\",\"contentUrl\":\"https:\/\/www.miomiorun.com\/app\/uploads\/2019\/12\/logomio.png\",\"width\":115,\"height\":82,\"caption\":\"MioMio Run\"},\"image\":{\"@id\":\"https:\/\/www.miomiorun.com\/fr\/#\/schema\/logo\/image\/\"},\"sameAs\":[\"https:\/\/www.facebook.com\/miomiorun\/\",\"https:\/\/www.instagram.com\/miomiorun\/\"]}]}<\/script>\n<!-- \/ Yoast SEO plugin. -->","yoast_head_json":{"title":"Under Armour Velociti PRO 5in homme -shorts pour homme - MioMioRun","description":"Un short de course l\u00e9ger et performant, con\u00e7u pour offrir vitesse, confort et une libert\u00e9 de mouvement maximale pendant les entra\u00eenements et les comp\u00e9titions.","robots":{"index":"index","follow":"follow","max-snippet":"max-snippet:-1","max-image-preview":"max-image-preview:large","max-video-preview":"max-video-preview:-1"},"canonical":"https:\/\/www.miomiorun.com\/fr\/produit\/velociti-pro-5in-homme\/","og_locale":"fr_FR","og_type":"article","og_title":"Under Armour Velociti PRO 5in homme -shorts pour homme - MioMioRun","og_description":"Un short de course l\u00e9ger et performant, con\u00e7u pour offrir vitesse, confort et une libert\u00e9 de mouvement maximale pendant les entra\u00eenements et les comp\u00e9titions.","og_url":"https:\/\/www.miomiorun.com\/fr\/produit\/velociti-pro-5in-homme\/","og_site_name":"MioMioRun","article_publisher":"https:\/\/www.facebook.com\/miomiorun\/","article_modified_time":"2026-05-07T14:31:12+00:00","og_image":[{"width":720,"height":720,"url":"https:\/\/www.miomiorun.com\/app\/uploads\/2026\/04\/under-armor-Velociti-PRO-5in-ultimate-6009510-0008.webp","type":"image\/webp"}],"twitter_card":"summary_large_image","twitter_misc":{"Est. reading time":"1 minute"},"schema":{"@context":"https:\/\/schema.org","@graph":[{"@type":"WebPage","@id":"https:\/\/www.miomiorun.com\/fr\/produit\/velociti-pro-5in-homme\/","url":"https:\/\/www.miomiorun.com\/fr\/produit\/velociti-pro-5in-homme\/","name":"Under Armour Velociti PRO 5in homme -shorts pour homme - MioMioRun","isPartOf":{"@id":"https:\/\/www.miomiorun.com\/fr\/#website"},"primaryImageOfPage":{"@id":"https:\/\/www.miomiorun.com\/fr\/produit\/velociti-pro-5in-homme\/#primaryimage"},"image":{"@id":"https:\/\/www.miomiorun.com\/fr\/produit\/velociti-pro-5in-homme\/#primaryimage"},"thumbnailUrl":"https:\/\/www.miomiorun.com\/app\/uploads\/2026\/04\/under-armor-Velociti-PRO-5in-ultimate-6009510-0008.webp","datePublished":"2026-04-21T14:40:17+00:00","dateModified":"2026-05-07T14:31:12+00:00","description":"Un short de course l\u00e9ger et performant, con\u00e7u pour offrir vitesse, confort et une libert\u00e9 de mouvement maximale pendant les entra\u00eenements et les comp\u00e9titions.","breadcrumb":{"@id":"https:\/\/www.miomiorun.com\/fr\/produit\/velociti-pro-5in-homme\/#breadcrumb"},"inLanguage":"fr-FR","potentialAction":[{"@type":"ReadAction","target":["https:\/\/www.miomiorun.com\/fr\/produit\/velociti-pro-5in-homme\/"]}]},{"@type":"ImageObject","inLanguage":"fr-FR","@id":"https:\/\/www.miomiorun.com\/fr\/produit\/velociti-pro-5in-homme\/#primaryimage","url":"https:\/\/www.miomiorun.com\/app\/uploads\/2026\/04\/under-armor-Velociti-PRO-5in-ultimate-6009510-0008.webp","contentUrl":"https:\/\/www.miomiorun.com\/app\/uploads\/2026\/04\/under-armor-Velociti-PRO-5in-ultimate-6009510-0008.webp","width":720,"height":720,"caption":"under armor Velociti PRO 5in ultimate 6009510-0008"},{"@type":"BreadcrumbList","@id":"https:\/\/www.miomiorun.com\/fr\/produit\/velociti-pro-5in-homme\/#breadcrumb","itemListElement":[{"@type":"ListItem","position":1,"name":"Home","item":"https:\/\/www.miomiorun.com\/fr\/home-page\/"},{"@type":"ListItem","position":2,"name":"Shop","item":"https:\/\/www.miomiorun.com\/shop\/"},{"@type":"ListItem","position":3,"name":"Velociti PRO 5in homme"}]},{"@type":"WebSite","@id":"https:\/\/www.miomiorun.com\/fr\/#website","url":"https:\/\/www.miomiorun.com\/fr\/","name":"MioMioRun","description":"Boutique 100% running et trail","publisher":{"@id":"https:\/\/www.miomiorun.com\/fr\/#organization"},"potentialAction":[{"@type":"SearchAction","target":{"@type":"EntryPoint","urlTemplate":"https:\/\/www.miomiorun.com\/fr\/?s={search_term_string}"},"query-input":{"@type":"PropertyValueSpecification","valueRequired":true,"valueName":"search_term_string"}}],"inLanguage":"fr-FR"},{"@type":"Organization","@id":"https:\/\/www.miomiorun.com\/fr\/#organization","name":"MioMio Run","url":"https:\/\/www.miomiorun.com\/fr\/","logo":{"@type":"ImageObject","inLanguage":"fr-FR","@id":"https:\/\/www.miomiorun.com\/fr\/#\/schema\/logo\/image\/","url":"https:\/\/www.miomiorun.com\/app\/uploads\/2019\/12\/logomio.png","contentUrl":"https:\/\/www.miomiorun.com\/app\/uploads\/2019\/12\/logomio.png","width":115,"height":82,"caption":"MioMio Run"},"image":{"@id":"https:\/\/www.miomiorun.com\/fr\/#\/schema\/logo\/image\/"},"sameAs":["https:\/\/www.facebook.com\/miomiorun\/","https:\/\/www.instagram.com\/miomiorun\/"]}]}},"_links":{"self":[{"href":"https:\/\/www.miomiorun.com\/fr\/wp-json\/wp\/v2\/product\/433644","targetHints":{"allow":["GET"]}}],"collection":[{"href":"https:\/\/www.miomiorun.com\/fr\/wp-json\/wp\/v2\/product"}],"about":[{"href":"https:\/\/www.miomiorun.com\/fr\/wp-json\/wp\/v2\/types\/product"}],"wp:featuredmedia":[{"embeddable":true,"href":"https:\/\/www.miomiorun.com\/fr\/wp-json\/wp\/v2\/media\/433669"}],"wp:attachment":[{"href":"https:\/\/www.miomiorun.com\/fr\/wp-json\/wp\/v2\/media?parent=433644"}],"wp:term":[{"taxonomy":"product_brand","embeddable":true,"href":"https:\/\/www.miomiorun.com\/fr\/wp-json\/wp\/v2\/product_brand?post=433644"},{"taxonomy":"product_cat","embeddable":true,"href":"https:\/\/www.miomiorun.com\/fr\/wp-json\/wp\/v2\/product_cat?post=433644"},{"taxonomy":"product_tag","embeddable":true,"href":"https:\/\/www.miomiorun.com\/fr\/wp-json\/wp\/v2\/product_tag?post=433644"}],"curies":[{"name":"wp","href":"https:\/\/api.w.org\/{rel}","templated":true}]}}