{"id":433594,"date":"2026-04-21T16:26:19","date_gmt":"2026-04-21T14:26:19","guid":{"rendered":"https:\/\/www.miomiorun.com\/?post_type=product&#038;p=433594"},"modified":"2026-05-07T16:30:08","modified_gmt":"2026-05-07T14:30:08","slug":"velociti-pro-shortsleeve-homme","status":"publish","type":"product","link":"https:\/\/www.miomiorun.com\/fr\/produit\/velociti-pro-shortsleeve-homme\/","title":{"rendered":"Velociti PRO shortsleeve homme"},"content":{"rendered":"<p data-start=\"0\" data-end=\"433\">Le maillot \u00e0 manches courtes pour homme <span class=\"hover:entity-accent entity-underline inline cursor-pointer align-baseline\"><span class=\"whitespace-normal\">Under Armour<\/span><\/span> UA Velociti Pro est con\u00e7u pour offrir <strong data-start=\"141\" data-end=\"163\">un maximum de fra\u00eecheur<\/strong>, <strong data-start=\"165\" data-end=\"179\">de l\u00e9g\u00e8ret\u00e9<\/strong> et <strong data-start=\"182\" data-end=\"205\">des performances \u00e9lev\u00e9es<\/strong> pendant la course. Le tissu innovant Iso-Chill aide \u00e0 dissiper la chaleur corporelle, gardant la peau plus fra\u00eeche m\u00eame lors des s\u00e9ances les plus intenses, tandis que la structure technique favorise le confort et la fluidit\u00e9 des mouvements.<\/p>\n<p data-start=\"435\" data-end=\"474\">La conception est pens\u00e9e pour garantir :<\/p>\n<ul data-start=\"475\" data-end=\"670\">\n<li data-section-id=\"mtkc22\" data-start=\"475\" data-end=\"544\"><strong data-start=\"477\" data-end=\"514\">Une sensation de fra\u00eecheur constante<\/strong> gr\u00e2ce au tissu Iso-Chill<\/li>\n<li data-section-id=\"jwj4q6\" data-start=\"545\" data-end=\"610\"><strong data-start=\"547\" data-end=\"578\">Une libert\u00e9 de mouvement totale<\/strong> avec une \u00e9lasticit\u00e9 dans les 4 sens<\/li>\n<li data-section-id=\"1ld6ra8\" data-start=\"611\" data-end=\"670\"><strong data-start=\"613\" data-end=\"645\">Une gestion optimale de la transpiration<\/strong> avec un s\u00e9chage rapide<\/li>\n<\/ul>\n<p data-start=\"672\" data-end=\"1042\">Les <strong data-start=\"675\" data-end=\"697\">perforations laser<\/strong> \u00e0 l&#8217;avant et \u00e0 l&#8217;arri\u00e8re am\u00e9liorent encore la ventilation, tandis que l&#8217;<strong data-start=\"781\" data-end=\"809\">ourlet avec fente lat\u00e9rale<\/strong> augmente la mobilit\u00e9 pendant la course. Les <strong data-start=\"850\" data-end=\"874\">d\u00e9tails r\u00e9fl\u00e9chissants<\/strong> favorisent la visibilit\u00e9 dans des conditions de faible luminosit\u00e9, et la <strong data-start=\"945\" data-end=\"970\">technologie anti-odeurs<\/strong> contribue \u00e0 garder le v\u00eatement frais m\u00eame apr\u00e8s une utilisation prolong\u00e9e.<\/p>\n","protected":false},"excerpt":{"rendered":"<ul>\n<li data-section-id=\"189l7r\" data-start=\"1278\" data-end=\"1365\"><strong data-start=\"1280\" data-end=\"1301\">Tissu Iso-Chill<\/strong> qui \u00e9vacue la chaleur et renforce la sensation de fra\u00eecheur<\/li>\n<li data-section-id=\"1bincx1\" data-start=\"1366\" data-end=\"1446\"><strong data-start=\"1368\" data-end=\"1418\">\u00c9lastique dans les 4 sens et s\u00e9chage rapide<\/strong> pour plus de confort et de performance<\/li>\n<li data-section-id=\"ynl0yy\" data-start=\"1447\" data-end=\"1533\" data-is-last-node=\"\"><strong data-start=\"1449\" data-end=\"1494\">Perforations au laser et d\u00e9tails r\u00e9fl\u00e9chissants<\/strong> pour une ventilation et une visibilit\u00e9 optimales<\/li>\n<\/ul>\n","protected":false},"featured_media":433628,"template":"","meta":{"_acf_changed":false,"inline_featured_image":false},"product_brand":[],"product_cat":[24257,24482],"product_tag":[23530,23574],"class_list":{"0":"post-433594","1":"product","2":"type-product","3":"status-publish","4":"has-post-thumbnail","6":"product_cat-gilets-fr","7":"product_cat-vetements-pour-hommes-fr","8":"product_tag-under-armour-fr","9":"product_tag-under-armour-homme","10":"pa_attivita-fitness-fr","11":"pa_attivita-running-fr","12":"pa_colore-velociti-pro-shortsleeve-black","13":"pa_marca-under-armour-fr","14":"pa_sesso-homme","15":"pa_size-small-fr","16":"pa_size-medium-fr","17":"pa_size-large-fr","18":"pa_size-extra-large-fr","20":"first","21":"instock","22":"sale","23":"taxable","24":"shipping-taxable","25":"purchasable","26":"product-type-variable","27":"wvs-archive-product-wrapper"},"acf":[],"yoast_head":"<!-- This site is optimized with the Yoast SEO plugin v26.8 - https:\/\/yoast.com\/product\/yoast-seo-wordpress\/ -->\n<title>Under Armour Velociti PRO shortsleeve homme - d\u00e9bardeur de course \u00e0 pied - MioMioRun<\/title>\n<meta name=\"description\" content=\"Technique et ultra-l\u00e9g\u00e8re, con\u00e7ue pour offrir une fra\u00eecheur constante, une respirabilit\u00e9 maximale et une grande libert\u00e9 de mouvement, m\u00eame lors des entra\u00eenements les plus intenses.\" \/>\n<meta name=\"robots\" content=\"index, follow, max-snippet:-1, max-image-preview:large, max-video-preview:-1\" \/>\n<link rel=\"canonical\" href=\"https:\/\/www.miomiorun.com\/fr\/produit\/velociti-pro-shortsleeve-homme\/\" \/>\n<meta property=\"og:locale\" content=\"fr_FR\" \/>\n<meta property=\"og:type\" content=\"article\" \/>\n<meta property=\"og:title\" content=\"Under Armour Velociti PRO shortsleeve homme - d\u00e9bardeur de course \u00e0 pied - MioMioRun\" \/>\n<meta property=\"og:description\" content=\"Technique et ultra-l\u00e9g\u00e8re, con\u00e7ue pour offrir une fra\u00eecheur constante, une respirabilit\u00e9 maximale et une grande libert\u00e9 de mouvement, m\u00eame lors des entra\u00eenements les plus intenses.\" \/>\n<meta property=\"og:url\" content=\"https:\/\/www.miomiorun.com\/fr\/produit\/velociti-pro-shortsleeve-homme\/\" \/>\n<meta property=\"og:site_name\" content=\"MioMioRun\" \/>\n<meta property=\"article:publisher\" content=\"https:\/\/www.facebook.com\/miomiorun\/\" \/>\n<meta property=\"article:modified_time\" content=\"2026-05-07T14:30:08+00:00\" \/>\n<meta property=\"og:image\" content=\"https:\/\/www.miomiorun.com\/app\/uploads\/2026\/04\/under-armor-Velociti-PRO-shortsleeve-black-6009506-0001.webp\" \/>\n\t<meta property=\"og:image:width\" content=\"720\" \/>\n\t<meta property=\"og:image:height\" content=\"720\" \/>\n\t<meta property=\"og:image:type\" content=\"image\/webp\" \/>\n<meta name=\"twitter:card\" content=\"summary_large_image\" \/>\n<meta name=\"twitter:label1\" content=\"Est. reading time\" \/>\n\t<meta name=\"twitter:data1\" content=\"1 minute\" \/>\n<script type=\"application\/ld+json\" class=\"yoast-schema-graph\">{\"@context\":\"https:\/\/schema.org\",\"@graph\":[{\"@type\":\"WebPage\",\"@id\":\"https:\/\/www.miomiorun.com\/fr\/produit\/velociti-pro-shortsleeve-homme\/\",\"url\":\"https:\/\/www.miomiorun.com\/fr\/produit\/velociti-pro-shortsleeve-homme\/\",\"name\":\"Under Armour Velociti PRO shortsleeve homme - d\u00e9bardeur de course \u00e0 pied - MioMioRun\",\"isPartOf\":{\"@id\":\"https:\/\/www.miomiorun.com\/fr\/#website\"},\"primaryImageOfPage\":{\"@id\":\"https:\/\/www.miomiorun.com\/fr\/produit\/velociti-pro-shortsleeve-homme\/#primaryimage\"},\"image\":{\"@id\":\"https:\/\/www.miomiorun.com\/fr\/produit\/velociti-pro-shortsleeve-homme\/#primaryimage\"},\"thumbnailUrl\":\"https:\/\/www.miomiorun.com\/app\/uploads\/2026\/04\/under-armor-Velociti-PRO-shortsleeve-black-6009506-0001.webp\",\"datePublished\":\"2026-04-21T14:26:19+00:00\",\"dateModified\":\"2026-05-07T14:30:08+00:00\",\"description\":\"Technique et ultra-l\u00e9g\u00e8re, con\u00e7ue pour offrir une fra\u00eecheur constante, une respirabilit\u00e9 maximale et une grande libert\u00e9 de mouvement, m\u00eame lors des entra\u00eenements les plus intenses.\",\"breadcrumb\":{\"@id\":\"https:\/\/www.miomiorun.com\/fr\/produit\/velociti-pro-shortsleeve-homme\/#breadcrumb\"},\"inLanguage\":\"fr-FR\",\"potentialAction\":[{\"@type\":\"ReadAction\",\"target\":[\"https:\/\/www.miomiorun.com\/fr\/produit\/velociti-pro-shortsleeve-homme\/\"]}]},{\"@type\":\"ImageObject\",\"inLanguage\":\"fr-FR\",\"@id\":\"https:\/\/www.miomiorun.com\/fr\/produit\/velociti-pro-shortsleeve-homme\/#primaryimage\",\"url\":\"https:\/\/www.miomiorun.com\/app\/uploads\/2026\/04\/under-armor-Velociti-PRO-shortsleeve-black-6009506-0001.webp\",\"contentUrl\":\"https:\/\/www.miomiorun.com\/app\/uploads\/2026\/04\/under-armor-Velociti-PRO-shortsleeve-black-6009506-0001.webp\",\"width\":720,\"height\":720,\"caption\":\"under armor Velociti PRO shortsleeve black 6009506-0001\"},{\"@type\":\"BreadcrumbList\",\"@id\":\"https:\/\/www.miomiorun.com\/fr\/produit\/velociti-pro-shortsleeve-homme\/#breadcrumb\",\"itemListElement\":[{\"@type\":\"ListItem\",\"position\":1,\"name\":\"Home\",\"item\":\"https:\/\/www.miomiorun.com\/fr\/home-page\/\"},{\"@type\":\"ListItem\",\"position\":2,\"name\":\"Shop\",\"item\":\"https:\/\/www.miomiorun.com\/shop\/\"},{\"@type\":\"ListItem\",\"position\":3,\"name\":\"Velociti PRO shortsleeve homme\"}]},{\"@type\":\"WebSite\",\"@id\":\"https:\/\/www.miomiorun.com\/fr\/#website\",\"url\":\"https:\/\/www.miomiorun.com\/fr\/\",\"name\":\"MioMioRun\",\"description\":\"Boutique 100% running et trail\",\"publisher\":{\"@id\":\"https:\/\/www.miomiorun.com\/fr\/#organization\"},\"potentialAction\":[{\"@type\":\"SearchAction\",\"target\":{\"@type\":\"EntryPoint\",\"urlTemplate\":\"https:\/\/www.miomiorun.com\/fr\/?s={search_term_string}\"},\"query-input\":{\"@type\":\"PropertyValueSpecification\",\"valueRequired\":true,\"valueName\":\"search_term_string\"}}],\"inLanguage\":\"fr-FR\"},{\"@type\":\"Organization\",\"@id\":\"https:\/\/www.miomiorun.com\/fr\/#organization\",\"name\":\"MioMio Run\",\"url\":\"https:\/\/www.miomiorun.com\/fr\/\",\"logo\":{\"@type\":\"ImageObject\",\"inLanguage\":\"fr-FR\",\"@id\":\"https:\/\/www.miomiorun.com\/fr\/#\/schema\/logo\/image\/\",\"url\":\"https:\/\/www.miomiorun.com\/app\/uploads\/2019\/12\/logomio.png\",\"contentUrl\":\"https:\/\/www.miomiorun.com\/app\/uploads\/2019\/12\/logomio.png\",\"width\":115,\"height\":82,\"caption\":\"MioMio Run\"},\"image\":{\"@id\":\"https:\/\/www.miomiorun.com\/fr\/#\/schema\/logo\/image\/\"},\"sameAs\":[\"https:\/\/www.facebook.com\/miomiorun\/\",\"https:\/\/www.instagram.com\/miomiorun\/\"]}]}<\/script>\n<!-- \/ Yoast SEO plugin. -->","yoast_head_json":{"title":"Under Armour Velociti PRO shortsleeve homme - d\u00e9bardeur de course \u00e0 pied - MioMioRun","description":"Technique et ultra-l\u00e9g\u00e8re, con\u00e7ue pour offrir une fra\u00eecheur constante, une respirabilit\u00e9 maximale et une grande libert\u00e9 de mouvement, m\u00eame lors des entra\u00eenements les plus intenses.","robots":{"index":"index","follow":"follow","max-snippet":"max-snippet:-1","max-image-preview":"max-image-preview:large","max-video-preview":"max-video-preview:-1"},"canonical":"https:\/\/www.miomiorun.com\/fr\/produit\/velociti-pro-shortsleeve-homme\/","og_locale":"fr_FR","og_type":"article","og_title":"Under Armour Velociti PRO shortsleeve homme - d\u00e9bardeur de course \u00e0 pied - MioMioRun","og_description":"Technique et ultra-l\u00e9g\u00e8re, con\u00e7ue pour offrir une fra\u00eecheur constante, une respirabilit\u00e9 maximale et une grande libert\u00e9 de mouvement, m\u00eame lors des entra\u00eenements les plus intenses.","og_url":"https:\/\/www.miomiorun.com\/fr\/produit\/velociti-pro-shortsleeve-homme\/","og_site_name":"MioMioRun","article_publisher":"https:\/\/www.facebook.com\/miomiorun\/","article_modified_time":"2026-05-07T14:30:08+00:00","og_image":[{"width":720,"height":720,"url":"https:\/\/www.miomiorun.com\/app\/uploads\/2026\/04\/under-armor-Velociti-PRO-shortsleeve-black-6009506-0001.webp","type":"image\/webp"}],"twitter_card":"summary_large_image","twitter_misc":{"Est. reading time":"1 minute"},"schema":{"@context":"https:\/\/schema.org","@graph":[{"@type":"WebPage","@id":"https:\/\/www.miomiorun.com\/fr\/produit\/velociti-pro-shortsleeve-homme\/","url":"https:\/\/www.miomiorun.com\/fr\/produit\/velociti-pro-shortsleeve-homme\/","name":"Under Armour Velociti PRO shortsleeve homme - d\u00e9bardeur de course \u00e0 pied - MioMioRun","isPartOf":{"@id":"https:\/\/www.miomiorun.com\/fr\/#website"},"primaryImageOfPage":{"@id":"https:\/\/www.miomiorun.com\/fr\/produit\/velociti-pro-shortsleeve-homme\/#primaryimage"},"image":{"@id":"https:\/\/www.miomiorun.com\/fr\/produit\/velociti-pro-shortsleeve-homme\/#primaryimage"},"thumbnailUrl":"https:\/\/www.miomiorun.com\/app\/uploads\/2026\/04\/under-armor-Velociti-PRO-shortsleeve-black-6009506-0001.webp","datePublished":"2026-04-21T14:26:19+00:00","dateModified":"2026-05-07T14:30:08+00:00","description":"Technique et ultra-l\u00e9g\u00e8re, con\u00e7ue pour offrir une fra\u00eecheur constante, une respirabilit\u00e9 maximale et une grande libert\u00e9 de mouvement, m\u00eame lors des entra\u00eenements les plus intenses.","breadcrumb":{"@id":"https:\/\/www.miomiorun.com\/fr\/produit\/velociti-pro-shortsleeve-homme\/#breadcrumb"},"inLanguage":"fr-FR","potentialAction":[{"@type":"ReadAction","target":["https:\/\/www.miomiorun.com\/fr\/produit\/velociti-pro-shortsleeve-homme\/"]}]},{"@type":"ImageObject","inLanguage":"fr-FR","@id":"https:\/\/www.miomiorun.com\/fr\/produit\/velociti-pro-shortsleeve-homme\/#primaryimage","url":"https:\/\/www.miomiorun.com\/app\/uploads\/2026\/04\/under-armor-Velociti-PRO-shortsleeve-black-6009506-0001.webp","contentUrl":"https:\/\/www.miomiorun.com\/app\/uploads\/2026\/04\/under-armor-Velociti-PRO-shortsleeve-black-6009506-0001.webp","width":720,"height":720,"caption":"under armor Velociti PRO shortsleeve black 6009506-0001"},{"@type":"BreadcrumbList","@id":"https:\/\/www.miomiorun.com\/fr\/produit\/velociti-pro-shortsleeve-homme\/#breadcrumb","itemListElement":[{"@type":"ListItem","position":1,"name":"Home","item":"https:\/\/www.miomiorun.com\/fr\/home-page\/"},{"@type":"ListItem","position":2,"name":"Shop","item":"https:\/\/www.miomiorun.com\/shop\/"},{"@type":"ListItem","position":3,"name":"Velociti PRO shortsleeve homme"}]},{"@type":"WebSite","@id":"https:\/\/www.miomiorun.com\/fr\/#website","url":"https:\/\/www.miomiorun.com\/fr\/","name":"MioMioRun","description":"Boutique 100% running et trail","publisher":{"@id":"https:\/\/www.miomiorun.com\/fr\/#organization"},"potentialAction":[{"@type":"SearchAction","target":{"@type":"EntryPoint","urlTemplate":"https:\/\/www.miomiorun.com\/fr\/?s={search_term_string}"},"query-input":{"@type":"PropertyValueSpecification","valueRequired":true,"valueName":"search_term_string"}}],"inLanguage":"fr-FR"},{"@type":"Organization","@id":"https:\/\/www.miomiorun.com\/fr\/#organization","name":"MioMio Run","url":"https:\/\/www.miomiorun.com\/fr\/","logo":{"@type":"ImageObject","inLanguage":"fr-FR","@id":"https:\/\/www.miomiorun.com\/fr\/#\/schema\/logo\/image\/","url":"https:\/\/www.miomiorun.com\/app\/uploads\/2019\/12\/logomio.png","contentUrl":"https:\/\/www.miomiorun.com\/app\/uploads\/2019\/12\/logomio.png","width":115,"height":82,"caption":"MioMio Run"},"image":{"@id":"https:\/\/www.miomiorun.com\/fr\/#\/schema\/logo\/image\/"},"sameAs":["https:\/\/www.facebook.com\/miomiorun\/","https:\/\/www.instagram.com\/miomiorun\/"]}]}},"_links":{"self":[{"href":"https:\/\/www.miomiorun.com\/fr\/wp-json\/wp\/v2\/product\/433594","targetHints":{"allow":["GET"]}}],"collection":[{"href":"https:\/\/www.miomiorun.com\/fr\/wp-json\/wp\/v2\/product"}],"about":[{"href":"https:\/\/www.miomiorun.com\/fr\/wp-json\/wp\/v2\/types\/product"}],"wp:featuredmedia":[{"embeddable":true,"href":"https:\/\/www.miomiorun.com\/fr\/wp-json\/wp\/v2\/media\/433628"}],"wp:attachment":[{"href":"https:\/\/www.miomiorun.com\/fr\/wp-json\/wp\/v2\/media?parent=433594"}],"wp:term":[{"taxonomy":"product_brand","embeddable":true,"href":"https:\/\/www.miomiorun.com\/fr\/wp-json\/wp\/v2\/product_brand?post=433594"},{"taxonomy":"product_cat","embeddable":true,"href":"https:\/\/www.miomiorun.com\/fr\/wp-json\/wp\/v2\/product_cat?post=433594"},{"taxonomy":"product_tag","embeddable":true,"href":"https:\/\/www.miomiorun.com\/fr\/wp-json\/wp\/v2\/product_tag?post=433594"}],"curies":[{"name":"wp","href":"https:\/\/api.w.org\/{rel}","templated":true}]}}