{"id":433531,"date":"2026-04-21T16:03:57","date_gmt":"2026-04-21T14:03:57","guid":{"rendered":"https:\/\/www.miomiorun.com\/?post_type=product&#038;p=433531"},"modified":"2026-05-07T16:25:02","modified_gmt":"2026-05-07T14:25:02","slug":"velociti-elite-tank-homme","status":"publish","type":"product","link":"https:\/\/www.miomiorun.com\/fr\/produit\/velociti-elite-tank-homme\/","title":{"rendered":"Velociti Elite tank homme"},"content":{"rendered":"<p data-start=\"0\" data-end=\"358\">Le d\u00e9bardeur pour homme <span class=\"hover:entity-accent entity-underline inline cursor-pointer align-baseline\"><span class=\"whitespace-normal\">Under Armour<\/span><\/span> UA Velociti Elite est con\u00e7u pour offrir <strong data-start=\"128\" data-end=\"151\">des performances de haut niveau<\/strong>, <strong data-start=\"153\" data-end=\"167\">de la l\u00e9g\u00e8ret\u00e9<\/strong> et <strong data-start=\"170\" data-end=\"196\">une respirabilit\u00e9 maximale<\/strong> pendant la course. Con\u00e7u pour les coureurs exigeants, il combine des mat\u00e9riaux techniques et une construction \u00e9pur\u00e9e pour garantir confort et fluidit\u00e9 \u00e0 chaque \u00e9tape de l&#8217;entra\u00eenement.<\/p>\n<p data-start=\"360\" data-end=\"408\">La structure du v\u00eatement est \u00e9tudi\u00e9e pour assurer :<\/p>\n<ul data-start=\"409\" data-end=\"630\">\n<li data-section-id=\"1gazi8w\" data-start=\"409\" data-end=\"487\"><strong data-start=\"411\" data-end=\"433\">Une libert\u00e9 de mouvement naturelle<\/strong> gr\u00e2ce au tissu extensible et l\u00e9ger sur le devant<\/li>\n<li data-section-id=\"12g8kzf\" data-start=\"488\" data-end=\"570\"><strong data-start=\"490\" data-end=\"515\">Une ventilation continue<\/strong> gr\u00e2ce \u00e0 un panneau arri\u00e8re en ripstop ultra-respirant<\/li>\n<li data-section-id=\"qimnkb\" data-start=\"571\" data-end=\"630\"><strong data-start=\"573\" data-end=\"605\">Une gestion efficace de la transpiration<\/strong> avec un s\u00e9chage rapide<\/li>\n<\/ul>\n<p data-start=\"632\" data-end=\"957\">Les d\u00e9tails doubl\u00e9s au niveau de l&#8217;<strong data-start=\"657\" data-end=\"696\">encolure, des emmanchures et de l&#8217;ourlet inf\u00e9rieur<\/strong> offrent une sensation de libert\u00e9 totale et un look \u00e9pur\u00e9, tout en r\u00e9duisant au minimum les frottements pendant la course. Le tissu int\u00e8gre \u00e9galement une <strong data-start=\"841\" data-end=\"880\">technologie de contr\u00f4le des odeurs<\/strong>, id\u00e9ale pour rester frais et \u00e0 l&#8217;aise m\u00eame lors des s\u00e9ances les plus intenses.<\/p>\n","protected":false},"excerpt":{"rendered":"<ul>\n<li data-section-id=\"1cav70b\" data-start=\"1176\" data-end=\"1256\"><strong data-start=\"1178\" data-end=\"1222\">Tissu technique l\u00e9ger et extensible<\/strong> pour une course fluide et naturelle<\/li>\n<li data-section-id=\"1jdthcg\" data-start=\"1257\" data-end=\"1333\"><strong data-start=\"1259\" data-end=\"1305\">Empi\u00e8cement arri\u00e8re en ripstop respirant<\/strong> pour une ventilation constante<\/li>\n<li data-section-id=\"zl28ct\" data-start=\"1334\" data-end=\"1415\" data-is-last-node=\"\"><strong data-start=\"1336\" data-end=\"1383\">Finitions doubl\u00e9es et technologie anti-odeurs<\/strong> pour un confort et une hygi\u00e8ne durables<\/li>\n<\/ul>\n","protected":false},"featured_media":433573,"template":"","meta":{"_acf_changed":false,"inline_featured_image":false},"product_brand":[],"product_cat":[24257,24482],"product_tag":[23530,23574],"class_list":{"0":"post-433531","1":"product","2":"type-product","3":"status-publish","4":"has-post-thumbnail","6":"product_cat-gilets-fr","7":"product_cat-vetements-pour-hommes-fr","8":"product_tag-under-armour-fr","9":"product_tag-under-armour-homme","10":"pa_attivita-fitness-fr","11":"pa_attivita-running-fr","12":"pa_colore-velociti-elite-tank-refresh","13":"pa_marca-under-armour-fr","14":"pa_sesso-homme","15":"pa_size-small-fr","16":"pa_size-medium-fr","17":"pa_size-large-fr","18":"pa_size-extra-large-fr","20":"first","21":"instock","22":"sale","23":"taxable","24":"shipping-taxable","25":"purchasable","26":"product-type-variable","27":"wvs-archive-product-wrapper"},"acf":[],"yoast_head":"<!-- This site is optimized with the Yoast SEO plugin v26.8 - https:\/\/yoast.com\/product\/yoast-seo-wordpress\/ -->\n<title>Under Armour Velociti Elite tank homme - d\u00e9bardeur de course \u00e0 pied - MioMioRun<\/title>\n<meta name=\"description\" content=\"D\u00e9bardeur de course l\u00e9ger et respirant, con\u00e7u pour offrir une ventilation optimale, une grande libert\u00e9 de mouvement et un confort durable \u00e0 chaque entra\u00eenement.\" \/>\n<meta name=\"robots\" content=\"index, follow, max-snippet:-1, max-image-preview:large, max-video-preview:-1\" \/>\n<link rel=\"canonical\" href=\"https:\/\/www.miomiorun.com\/fr\/produit\/velociti-elite-tank-homme\/\" \/>\n<meta property=\"og:locale\" content=\"fr_FR\" \/>\n<meta property=\"og:type\" content=\"article\" \/>\n<meta property=\"og:title\" content=\"Under Armour Velociti Elite tank homme - d\u00e9bardeur de course \u00e0 pied - MioMioRun\" \/>\n<meta property=\"og:description\" content=\"D\u00e9bardeur de course l\u00e9ger et respirant, con\u00e7u pour offrir une ventilation optimale, une grande libert\u00e9 de mouvement et un confort durable \u00e0 chaque entra\u00eenement.\" \/>\n<meta property=\"og:url\" content=\"https:\/\/www.miomiorun.com\/fr\/produit\/velociti-elite-tank-homme\/\" \/>\n<meta property=\"og:site_name\" content=\"MioMioRun\" \/>\n<meta property=\"article:publisher\" content=\"https:\/\/www.facebook.com\/miomiorun\/\" \/>\n<meta property=\"article:modified_time\" content=\"2026-05-07T14:25:02+00:00\" \/>\n<meta property=\"og:image\" content=\"https:\/\/www.miomiorun.com\/app\/uploads\/2026\/04\/under-armor-Velociti-Elite-tank-refresh-6009502-0703.webp\" \/>\n\t<meta property=\"og:image:width\" content=\"720\" \/>\n\t<meta property=\"og:image:height\" content=\"720\" \/>\n\t<meta property=\"og:image:type\" content=\"image\/webp\" \/>\n<meta name=\"twitter:card\" content=\"summary_large_image\" \/>\n<meta name=\"twitter:label1\" content=\"Est. reading time\" \/>\n\t<meta name=\"twitter:data1\" content=\"1 minute\" \/>\n<script type=\"application\/ld+json\" class=\"yoast-schema-graph\">{\"@context\":\"https:\/\/schema.org\",\"@graph\":[{\"@type\":\"WebPage\",\"@id\":\"https:\/\/www.miomiorun.com\/fr\/produit\/velociti-elite-tank-homme\/\",\"url\":\"https:\/\/www.miomiorun.com\/fr\/produit\/velociti-elite-tank-homme\/\",\"name\":\"Under Armour Velociti Elite tank homme - d\u00e9bardeur de course \u00e0 pied - MioMioRun\",\"isPartOf\":{\"@id\":\"https:\/\/www.miomiorun.com\/fr\/#website\"},\"primaryImageOfPage\":{\"@id\":\"https:\/\/www.miomiorun.com\/fr\/produit\/velociti-elite-tank-homme\/#primaryimage\"},\"image\":{\"@id\":\"https:\/\/www.miomiorun.com\/fr\/produit\/velociti-elite-tank-homme\/#primaryimage\"},\"thumbnailUrl\":\"https:\/\/www.miomiorun.com\/app\/uploads\/2026\/04\/under-armor-Velociti-Elite-tank-refresh-6009502-0703.webp\",\"datePublished\":\"2026-04-21T14:03:57+00:00\",\"dateModified\":\"2026-05-07T14:25:02+00:00\",\"description\":\"D\u00e9bardeur de course l\u00e9ger et respirant, con\u00e7u pour offrir une ventilation optimale, une grande libert\u00e9 de mouvement et un confort durable \u00e0 chaque entra\u00eenement.\",\"breadcrumb\":{\"@id\":\"https:\/\/www.miomiorun.com\/fr\/produit\/velociti-elite-tank-homme\/#breadcrumb\"},\"inLanguage\":\"fr-FR\",\"potentialAction\":[{\"@type\":\"ReadAction\",\"target\":[\"https:\/\/www.miomiorun.com\/fr\/produit\/velociti-elite-tank-homme\/\"]}]},{\"@type\":\"ImageObject\",\"inLanguage\":\"fr-FR\",\"@id\":\"https:\/\/www.miomiorun.com\/fr\/produit\/velociti-elite-tank-homme\/#primaryimage\",\"url\":\"https:\/\/www.miomiorun.com\/app\/uploads\/2026\/04\/under-armor-Velociti-Elite-tank-refresh-6009502-0703.webp\",\"contentUrl\":\"https:\/\/www.miomiorun.com\/app\/uploads\/2026\/04\/under-armor-Velociti-Elite-tank-refresh-6009502-0703.webp\",\"width\":720,\"height\":720,\"caption\":\"under armor Velociti Elite tank refresh 6009502-0703\"},{\"@type\":\"BreadcrumbList\",\"@id\":\"https:\/\/www.miomiorun.com\/fr\/produit\/velociti-elite-tank-homme\/#breadcrumb\",\"itemListElement\":[{\"@type\":\"ListItem\",\"position\":1,\"name\":\"Home\",\"item\":\"https:\/\/www.miomiorun.com\/fr\/home-page\/\"},{\"@type\":\"ListItem\",\"position\":2,\"name\":\"Shop\",\"item\":\"https:\/\/www.miomiorun.com\/shop\/\"},{\"@type\":\"ListItem\",\"position\":3,\"name\":\"Velociti Elite tank homme\"}]},{\"@type\":\"WebSite\",\"@id\":\"https:\/\/www.miomiorun.com\/fr\/#website\",\"url\":\"https:\/\/www.miomiorun.com\/fr\/\",\"name\":\"MioMioRun\",\"description\":\"Boutique 100% running et trail\",\"publisher\":{\"@id\":\"https:\/\/www.miomiorun.com\/fr\/#organization\"},\"potentialAction\":[{\"@type\":\"SearchAction\",\"target\":{\"@type\":\"EntryPoint\",\"urlTemplate\":\"https:\/\/www.miomiorun.com\/fr\/?s={search_term_string}\"},\"query-input\":{\"@type\":\"PropertyValueSpecification\",\"valueRequired\":true,\"valueName\":\"search_term_string\"}}],\"inLanguage\":\"fr-FR\"},{\"@type\":\"Organization\",\"@id\":\"https:\/\/www.miomiorun.com\/fr\/#organization\",\"name\":\"MioMio Run\",\"url\":\"https:\/\/www.miomiorun.com\/fr\/\",\"logo\":{\"@type\":\"ImageObject\",\"inLanguage\":\"fr-FR\",\"@id\":\"https:\/\/www.miomiorun.com\/fr\/#\/schema\/logo\/image\/\",\"url\":\"https:\/\/www.miomiorun.com\/app\/uploads\/2019\/12\/logomio.png\",\"contentUrl\":\"https:\/\/www.miomiorun.com\/app\/uploads\/2019\/12\/logomio.png\",\"width\":115,\"height\":82,\"caption\":\"MioMio Run\"},\"image\":{\"@id\":\"https:\/\/www.miomiorun.com\/fr\/#\/schema\/logo\/image\/\"},\"sameAs\":[\"https:\/\/www.facebook.com\/miomiorun\/\",\"https:\/\/www.instagram.com\/miomiorun\/\"]}]}<\/script>\n<!-- \/ Yoast SEO plugin. -->","yoast_head_json":{"title":"Under Armour Velociti Elite tank homme - d\u00e9bardeur de course \u00e0 pied - MioMioRun","description":"D\u00e9bardeur de course l\u00e9ger et respirant, con\u00e7u pour offrir une ventilation optimale, une grande libert\u00e9 de mouvement et un confort durable \u00e0 chaque entra\u00eenement.","robots":{"index":"index","follow":"follow","max-snippet":"max-snippet:-1","max-image-preview":"max-image-preview:large","max-video-preview":"max-video-preview:-1"},"canonical":"https:\/\/www.miomiorun.com\/fr\/produit\/velociti-elite-tank-homme\/","og_locale":"fr_FR","og_type":"article","og_title":"Under Armour Velociti Elite tank homme - d\u00e9bardeur de course \u00e0 pied - MioMioRun","og_description":"D\u00e9bardeur de course l\u00e9ger et respirant, con\u00e7u pour offrir une ventilation optimale, une grande libert\u00e9 de mouvement et un confort durable \u00e0 chaque entra\u00eenement.","og_url":"https:\/\/www.miomiorun.com\/fr\/produit\/velociti-elite-tank-homme\/","og_site_name":"MioMioRun","article_publisher":"https:\/\/www.facebook.com\/miomiorun\/","article_modified_time":"2026-05-07T14:25:02+00:00","og_image":[{"width":720,"height":720,"url":"https:\/\/www.miomiorun.com\/app\/uploads\/2026\/04\/under-armor-Velociti-Elite-tank-refresh-6009502-0703.webp","type":"image\/webp"}],"twitter_card":"summary_large_image","twitter_misc":{"Est. reading time":"1 minute"},"schema":{"@context":"https:\/\/schema.org","@graph":[{"@type":"WebPage","@id":"https:\/\/www.miomiorun.com\/fr\/produit\/velociti-elite-tank-homme\/","url":"https:\/\/www.miomiorun.com\/fr\/produit\/velociti-elite-tank-homme\/","name":"Under Armour Velociti Elite tank homme - d\u00e9bardeur de course \u00e0 pied - MioMioRun","isPartOf":{"@id":"https:\/\/www.miomiorun.com\/fr\/#website"},"primaryImageOfPage":{"@id":"https:\/\/www.miomiorun.com\/fr\/produit\/velociti-elite-tank-homme\/#primaryimage"},"image":{"@id":"https:\/\/www.miomiorun.com\/fr\/produit\/velociti-elite-tank-homme\/#primaryimage"},"thumbnailUrl":"https:\/\/www.miomiorun.com\/app\/uploads\/2026\/04\/under-armor-Velociti-Elite-tank-refresh-6009502-0703.webp","datePublished":"2026-04-21T14:03:57+00:00","dateModified":"2026-05-07T14:25:02+00:00","description":"D\u00e9bardeur de course l\u00e9ger et respirant, con\u00e7u pour offrir une ventilation optimale, une grande libert\u00e9 de mouvement et un confort durable \u00e0 chaque entra\u00eenement.","breadcrumb":{"@id":"https:\/\/www.miomiorun.com\/fr\/produit\/velociti-elite-tank-homme\/#breadcrumb"},"inLanguage":"fr-FR","potentialAction":[{"@type":"ReadAction","target":["https:\/\/www.miomiorun.com\/fr\/produit\/velociti-elite-tank-homme\/"]}]},{"@type":"ImageObject","inLanguage":"fr-FR","@id":"https:\/\/www.miomiorun.com\/fr\/produit\/velociti-elite-tank-homme\/#primaryimage","url":"https:\/\/www.miomiorun.com\/app\/uploads\/2026\/04\/under-armor-Velociti-Elite-tank-refresh-6009502-0703.webp","contentUrl":"https:\/\/www.miomiorun.com\/app\/uploads\/2026\/04\/under-armor-Velociti-Elite-tank-refresh-6009502-0703.webp","width":720,"height":720,"caption":"under armor Velociti Elite tank refresh 6009502-0703"},{"@type":"BreadcrumbList","@id":"https:\/\/www.miomiorun.com\/fr\/produit\/velociti-elite-tank-homme\/#breadcrumb","itemListElement":[{"@type":"ListItem","position":1,"name":"Home","item":"https:\/\/www.miomiorun.com\/fr\/home-page\/"},{"@type":"ListItem","position":2,"name":"Shop","item":"https:\/\/www.miomiorun.com\/shop\/"},{"@type":"ListItem","position":3,"name":"Velociti Elite tank homme"}]},{"@type":"WebSite","@id":"https:\/\/www.miomiorun.com\/fr\/#website","url":"https:\/\/www.miomiorun.com\/fr\/","name":"MioMioRun","description":"Boutique 100% running et trail","publisher":{"@id":"https:\/\/www.miomiorun.com\/fr\/#organization"},"potentialAction":[{"@type":"SearchAction","target":{"@type":"EntryPoint","urlTemplate":"https:\/\/www.miomiorun.com\/fr\/?s={search_term_string}"},"query-input":{"@type":"PropertyValueSpecification","valueRequired":true,"valueName":"search_term_string"}}],"inLanguage":"fr-FR"},{"@type":"Organization","@id":"https:\/\/www.miomiorun.com\/fr\/#organization","name":"MioMio Run","url":"https:\/\/www.miomiorun.com\/fr\/","logo":{"@type":"ImageObject","inLanguage":"fr-FR","@id":"https:\/\/www.miomiorun.com\/fr\/#\/schema\/logo\/image\/","url":"https:\/\/www.miomiorun.com\/app\/uploads\/2019\/12\/logomio.png","contentUrl":"https:\/\/www.miomiorun.com\/app\/uploads\/2019\/12\/logomio.png","width":115,"height":82,"caption":"MioMio Run"},"image":{"@id":"https:\/\/www.miomiorun.com\/fr\/#\/schema\/logo\/image\/"},"sameAs":["https:\/\/www.facebook.com\/miomiorun\/","https:\/\/www.instagram.com\/miomiorun\/"]}]}},"_links":{"self":[{"href":"https:\/\/www.miomiorun.com\/fr\/wp-json\/wp\/v2\/product\/433531","targetHints":{"allow":["GET"]}}],"collection":[{"href":"https:\/\/www.miomiorun.com\/fr\/wp-json\/wp\/v2\/product"}],"about":[{"href":"https:\/\/www.miomiorun.com\/fr\/wp-json\/wp\/v2\/types\/product"}],"wp:featuredmedia":[{"embeddable":true,"href":"https:\/\/www.miomiorun.com\/fr\/wp-json\/wp\/v2\/media\/433573"}],"wp:attachment":[{"href":"https:\/\/www.miomiorun.com\/fr\/wp-json\/wp\/v2\/media?parent=433531"}],"wp:term":[{"taxonomy":"product_brand","embeddable":true,"href":"https:\/\/www.miomiorun.com\/fr\/wp-json\/wp\/v2\/product_brand?post=433531"},{"taxonomy":"product_cat","embeddable":true,"href":"https:\/\/www.miomiorun.com\/fr\/wp-json\/wp\/v2\/product_cat?post=433531"},{"taxonomy":"product_tag","embeddable":true,"href":"https:\/\/www.miomiorun.com\/fr\/wp-json\/wp\/v2\/product_tag?post=433531"}],"curies":[{"name":"wp","href":"https:\/\/api.w.org\/{rel}","templated":true}]}}