{"id":433482,"date":"2026-04-21T15:48:44","date_gmt":"2026-04-21T13:48:44","guid":{"rendered":"https:\/\/www.miomiorun.com\/?post_type=product&#038;p=433482"},"modified":"2026-05-07T16:23:20","modified_gmt":"2026-05-07T14:23:20","slug":"velociti-elite-short-femme","status":"publish","type":"product","link":"https:\/\/www.miomiorun.com\/fr\/produit\/velociti-elite-short-femme\/","title":{"rendered":"Velociti Elite short femme"},"content":{"rendered":"<p data-start=\"0\" data-end=\"373\">Le short pour femme <span class=\"hover:entity-accent entity-underline inline cursor-pointer align-baseline\"><span class=\"whitespace-normal\">Under Armour<\/span><\/span> UA Velociti Elite est con\u00e7u pour offrir <strong data-start=\"132\" data-end=\"155\">des performances de haut niveau<\/strong>, <strong data-start=\"157\" data-end=\"171\">de la l\u00e9g\u00e8ret\u00e9<\/strong> et <strong data-start=\"174\" data-end=\"200\">une respirabilit\u00e9 maximale<\/strong> \u00e0 chaque course. Id\u00e9al pour les coureuses en qu\u00eate de vitesse et de confort, il allie des mat\u00e9riaux techniques et un design \u00e9pur\u00e9 pour vous accompagner m\u00eame lors des entra\u00eenements les plus intenses.<\/p>\n<p data-start=\"375\" data-end=\"415\">Sa conception est \u00e9tudi\u00e9e pour garantir :<\/p>\n<ul data-start=\"416\" data-end=\"629\">\n<li data-section-id=\"1c9aar5\" data-start=\"416\" data-end=\"486\"><strong data-start=\"418\" data-end=\"440\">Une libert\u00e9 de mouvement naturelle<\/strong> gr\u00e2ce au tissu extensible \u00e0 l&#8217;avant<\/li>\n<li data-section-id=\"v7st63\" data-start=\"487\" data-end=\"569\"><strong data-start=\"489\" data-end=\"514\">Une ventilation constante<\/strong> gr\u00e2ce \u00e0 un panneau arri\u00e8re en ripstop ultra-respirant<\/li>\n<li data-section-id=\"1ld6ra8\" data-start=\"570\" data-end=\"629\"><strong data-start=\"572\" data-end=\"604\">Une gestion optimale de la transpiration<\/strong> avec un s\u00e9chage rapide<\/li>\n<\/ul>\n<p data-start=\"631\" data-end=\"1042\">Le <strong data-start=\"634\" data-end=\"660\">slip int\u00e9gr\u00e9<\/strong> assure une meilleure couverture et un confort accru, tandis que la <strong data-start=\"710\" data-end=\"747\">ceinture \u00e9lastique avec cordon de serrage<\/strong> permet un ajustement pr\u00e9cis de la coupe. Les <strong data-start=\"803\" data-end=\"824\">poches fonctionnelles<\/strong>, dont une poche arri\u00e8re zipp\u00e9e et des poches int\u00e9rieures, offrent un c\u00f4t\u00e9 pratique pendant la course. Le v\u00eatement est compl\u00e9t\u00e9 par des <strong data-start=\"933\" data-end=\"966\">coutures lat\u00e9rales superpos\u00e9es<\/strong> pour une ligne \u00e9pur\u00e9e et un tissu compos\u00e9 d&#8217;au moins 80 % de polyester recycl\u00e9.<\/p>\n","protected":false},"excerpt":{"rendered":"<ul>\n<li data-section-id=\"1c413vj\" data-start=\"1259\" data-end=\"1337\"><strong data-start=\"1261\" data-end=\"1300\">Tissu technique l\u00e9ger et respirant<\/strong> avec empi\u00e8cement arri\u00e8re en ripstop<\/li>\n<li data-section-id=\"vudg71\" data-start=\"1338\" data-end=\"1418\"><strong data-start=\"1340\" data-end=\"1384\">S\u00e9chage rapide et gestion de la transpiration<\/strong> pour garder la peau au sec<\/li>\n<li data-section-id=\"yi0iil\" data-start=\"1419\" data-end=\"1498\" data-is-last-node=\"\"><strong data-start=\"1421\" data-end=\"1457\">Slip int\u00e9gr\u00e9 et poches fonctionnelles<\/strong> pour plus de confort et de praticit\u00e9 pendant la course<\/li>\n<\/ul>\n","protected":false},"featured_media":433508,"template":"","meta":{"_acf_changed":false,"inline_featured_image":false},"product_brand":[],"product_cat":[22602,22596],"product_tag":[23530,23575],"class_list":{"0":"post-433482","1":"product","2":"type-product","3":"status-publish","4":"has-post-thumbnail","6":"product_cat-pantalon-court","7":"product_cat-vetements-pour-femmes","8":"product_tag-under-armour-fr","9":"product_tag-under-armour-femme","10":"pa_attivita-fitness-fr","11":"pa_attivita-running-fr","12":"pa_colore-velociti-elite-short-w-ultimate","13":"pa_marca-under-armour-fr","14":"pa_sesso-femme","15":"pa_size-extra-small-fr","16":"pa_size-small-fr","17":"pa_size-medium-fr","19":"first","20":"instock","21":"sale","22":"taxable","23":"shipping-taxable","24":"purchasable","25":"product-type-variable","26":"wvs-archive-product-wrapper"},"acf":[],"yoast_head":"<!-- This site is optimized with the Yoast SEO plugin v26.8 - https:\/\/yoast.com\/product\/yoast-seo-wordpress\/ -->\n<title>Under Armour Velociti Elite short femme - pantalons pour femmes - MioMioRun<\/title>\n<meta name=\"description\" content=\"Short de course l\u00e9ger et respirant, con\u00e7u pour offrir une libert\u00e9 de mouvement maximale, un confort durable et une grande praticit\u00e9 pendant les entra\u00eenements et les comp\u00e9titions.\" \/>\n<meta name=\"robots\" content=\"index, follow, max-snippet:-1, max-image-preview:large, max-video-preview:-1\" \/>\n<link rel=\"canonical\" href=\"https:\/\/www.miomiorun.com\/fr\/produit\/velociti-elite-short-femme\/\" \/>\n<meta property=\"og:locale\" content=\"fr_FR\" \/>\n<meta property=\"og:type\" content=\"article\" \/>\n<meta property=\"og:title\" content=\"Under Armour Velociti Elite short femme - pantalons pour femmes - MioMioRun\" \/>\n<meta property=\"og:description\" content=\"Short de course l\u00e9ger et respirant, con\u00e7u pour offrir une libert\u00e9 de mouvement maximale, un confort durable et une grande praticit\u00e9 pendant les entra\u00eenements et les comp\u00e9titions.\" \/>\n<meta property=\"og:url\" content=\"https:\/\/www.miomiorun.com\/fr\/produit\/velociti-elite-short-femme\/\" \/>\n<meta property=\"og:site_name\" content=\"MioMioRun\" \/>\n<meta property=\"article:publisher\" content=\"https:\/\/www.facebook.com\/miomiorun\/\" \/>\n<meta property=\"article:modified_time\" content=\"2026-05-07T14:23:20+00:00\" \/>\n<meta property=\"og:image\" content=\"https:\/\/www.miomiorun.com\/app\/uploads\/2026\/04\/under-armor-Velociti-Elite-short-ultimate-W-6009501-0008.webp\" \/>\n\t<meta property=\"og:image:width\" content=\"720\" \/>\n\t<meta property=\"og:image:height\" content=\"720\" \/>\n\t<meta property=\"og:image:type\" content=\"image\/webp\" \/>\n<meta name=\"twitter:card\" content=\"summary_large_image\" \/>\n<meta name=\"twitter:label1\" content=\"Est. reading time\" \/>\n\t<meta name=\"twitter:data1\" content=\"1 minute\" \/>\n<script type=\"application\/ld+json\" class=\"yoast-schema-graph\">{\"@context\":\"https:\/\/schema.org\",\"@graph\":[{\"@type\":\"WebPage\",\"@id\":\"https:\/\/www.miomiorun.com\/fr\/produit\/velociti-elite-short-femme\/\",\"url\":\"https:\/\/www.miomiorun.com\/fr\/produit\/velociti-elite-short-femme\/\",\"name\":\"Under Armour Velociti Elite short femme - pantalons pour femmes - MioMioRun\",\"isPartOf\":{\"@id\":\"https:\/\/www.miomiorun.com\/fr\/#website\"},\"primaryImageOfPage\":{\"@id\":\"https:\/\/www.miomiorun.com\/fr\/produit\/velociti-elite-short-femme\/#primaryimage\"},\"image\":{\"@id\":\"https:\/\/www.miomiorun.com\/fr\/produit\/velociti-elite-short-femme\/#primaryimage\"},\"thumbnailUrl\":\"https:\/\/www.miomiorun.com\/app\/uploads\/2026\/04\/under-armor-Velociti-Elite-short-ultimate-W-6009501-0008.webp\",\"datePublished\":\"2026-04-21T13:48:44+00:00\",\"dateModified\":\"2026-05-07T14:23:20+00:00\",\"description\":\"Short de course l\u00e9ger et respirant, con\u00e7u pour offrir une libert\u00e9 de mouvement maximale, un confort durable et une grande praticit\u00e9 pendant les entra\u00eenements et les comp\u00e9titions.\",\"breadcrumb\":{\"@id\":\"https:\/\/www.miomiorun.com\/fr\/produit\/velociti-elite-short-femme\/#breadcrumb\"},\"inLanguage\":\"fr-FR\",\"potentialAction\":[{\"@type\":\"ReadAction\",\"target\":[\"https:\/\/www.miomiorun.com\/fr\/produit\/velociti-elite-short-femme\/\"]}]},{\"@type\":\"ImageObject\",\"inLanguage\":\"fr-FR\",\"@id\":\"https:\/\/www.miomiorun.com\/fr\/produit\/velociti-elite-short-femme\/#primaryimage\",\"url\":\"https:\/\/www.miomiorun.com\/app\/uploads\/2026\/04\/under-armor-Velociti-Elite-short-ultimate-W-6009501-0008.webp\",\"contentUrl\":\"https:\/\/www.miomiorun.com\/app\/uploads\/2026\/04\/under-armor-Velociti-Elite-short-ultimate-W-6009501-0008.webp\",\"width\":720,\"height\":720,\"caption\":\"under armor Velociti Elite short ultimate W 6009501-0008\"},{\"@type\":\"BreadcrumbList\",\"@id\":\"https:\/\/www.miomiorun.com\/fr\/produit\/velociti-elite-short-femme\/#breadcrumb\",\"itemListElement\":[{\"@type\":\"ListItem\",\"position\":1,\"name\":\"Home\",\"item\":\"https:\/\/www.miomiorun.com\/fr\/home-page\/\"},{\"@type\":\"ListItem\",\"position\":2,\"name\":\"Shop\",\"item\":\"https:\/\/www.miomiorun.com\/shop\/\"},{\"@type\":\"ListItem\",\"position\":3,\"name\":\"Velociti Elite short femme\"}]},{\"@type\":\"WebSite\",\"@id\":\"https:\/\/www.miomiorun.com\/fr\/#website\",\"url\":\"https:\/\/www.miomiorun.com\/fr\/\",\"name\":\"MioMioRun\",\"description\":\"Boutique 100% running et trail\",\"publisher\":{\"@id\":\"https:\/\/www.miomiorun.com\/fr\/#organization\"},\"potentialAction\":[{\"@type\":\"SearchAction\",\"target\":{\"@type\":\"EntryPoint\",\"urlTemplate\":\"https:\/\/www.miomiorun.com\/fr\/?s={search_term_string}\"},\"query-input\":{\"@type\":\"PropertyValueSpecification\",\"valueRequired\":true,\"valueName\":\"search_term_string\"}}],\"inLanguage\":\"fr-FR\"},{\"@type\":\"Organization\",\"@id\":\"https:\/\/www.miomiorun.com\/fr\/#organization\",\"name\":\"MioMio Run\",\"url\":\"https:\/\/www.miomiorun.com\/fr\/\",\"logo\":{\"@type\":\"ImageObject\",\"inLanguage\":\"fr-FR\",\"@id\":\"https:\/\/www.miomiorun.com\/fr\/#\/schema\/logo\/image\/\",\"url\":\"https:\/\/www.miomiorun.com\/app\/uploads\/2019\/12\/logomio.png\",\"contentUrl\":\"https:\/\/www.miomiorun.com\/app\/uploads\/2019\/12\/logomio.png\",\"width\":115,\"height\":82,\"caption\":\"MioMio Run\"},\"image\":{\"@id\":\"https:\/\/www.miomiorun.com\/fr\/#\/schema\/logo\/image\/\"},\"sameAs\":[\"https:\/\/www.facebook.com\/miomiorun\/\",\"https:\/\/www.instagram.com\/miomiorun\/\"]}]}<\/script>\n<!-- \/ Yoast SEO plugin. -->","yoast_head_json":{"title":"Under Armour Velociti Elite short femme - pantalons pour femmes - MioMioRun","description":"Short de course l\u00e9ger et respirant, con\u00e7u pour offrir une libert\u00e9 de mouvement maximale, un confort durable et une grande praticit\u00e9 pendant les entra\u00eenements et les comp\u00e9titions.","robots":{"index":"index","follow":"follow","max-snippet":"max-snippet:-1","max-image-preview":"max-image-preview:large","max-video-preview":"max-video-preview:-1"},"canonical":"https:\/\/www.miomiorun.com\/fr\/produit\/velociti-elite-short-femme\/","og_locale":"fr_FR","og_type":"article","og_title":"Under Armour Velociti Elite short femme - pantalons pour femmes - MioMioRun","og_description":"Short de course l\u00e9ger et respirant, con\u00e7u pour offrir une libert\u00e9 de mouvement maximale, un confort durable et une grande praticit\u00e9 pendant les entra\u00eenements et les comp\u00e9titions.","og_url":"https:\/\/www.miomiorun.com\/fr\/produit\/velociti-elite-short-femme\/","og_site_name":"MioMioRun","article_publisher":"https:\/\/www.facebook.com\/miomiorun\/","article_modified_time":"2026-05-07T14:23:20+00:00","og_image":[{"width":720,"height":720,"url":"https:\/\/www.miomiorun.com\/app\/uploads\/2026\/04\/under-armor-Velociti-Elite-short-ultimate-W-6009501-0008.webp","type":"image\/webp"}],"twitter_card":"summary_large_image","twitter_misc":{"Est. reading time":"1 minute"},"schema":{"@context":"https:\/\/schema.org","@graph":[{"@type":"WebPage","@id":"https:\/\/www.miomiorun.com\/fr\/produit\/velociti-elite-short-femme\/","url":"https:\/\/www.miomiorun.com\/fr\/produit\/velociti-elite-short-femme\/","name":"Under Armour Velociti Elite short femme - pantalons pour femmes - MioMioRun","isPartOf":{"@id":"https:\/\/www.miomiorun.com\/fr\/#website"},"primaryImageOfPage":{"@id":"https:\/\/www.miomiorun.com\/fr\/produit\/velociti-elite-short-femme\/#primaryimage"},"image":{"@id":"https:\/\/www.miomiorun.com\/fr\/produit\/velociti-elite-short-femme\/#primaryimage"},"thumbnailUrl":"https:\/\/www.miomiorun.com\/app\/uploads\/2026\/04\/under-armor-Velociti-Elite-short-ultimate-W-6009501-0008.webp","datePublished":"2026-04-21T13:48:44+00:00","dateModified":"2026-05-07T14:23:20+00:00","description":"Short de course l\u00e9ger et respirant, con\u00e7u pour offrir une libert\u00e9 de mouvement maximale, un confort durable et une grande praticit\u00e9 pendant les entra\u00eenements et les comp\u00e9titions.","breadcrumb":{"@id":"https:\/\/www.miomiorun.com\/fr\/produit\/velociti-elite-short-femme\/#breadcrumb"},"inLanguage":"fr-FR","potentialAction":[{"@type":"ReadAction","target":["https:\/\/www.miomiorun.com\/fr\/produit\/velociti-elite-short-femme\/"]}]},{"@type":"ImageObject","inLanguage":"fr-FR","@id":"https:\/\/www.miomiorun.com\/fr\/produit\/velociti-elite-short-femme\/#primaryimage","url":"https:\/\/www.miomiorun.com\/app\/uploads\/2026\/04\/under-armor-Velociti-Elite-short-ultimate-W-6009501-0008.webp","contentUrl":"https:\/\/www.miomiorun.com\/app\/uploads\/2026\/04\/under-armor-Velociti-Elite-short-ultimate-W-6009501-0008.webp","width":720,"height":720,"caption":"under armor Velociti Elite short ultimate W 6009501-0008"},{"@type":"BreadcrumbList","@id":"https:\/\/www.miomiorun.com\/fr\/produit\/velociti-elite-short-femme\/#breadcrumb","itemListElement":[{"@type":"ListItem","position":1,"name":"Home","item":"https:\/\/www.miomiorun.com\/fr\/home-page\/"},{"@type":"ListItem","position":2,"name":"Shop","item":"https:\/\/www.miomiorun.com\/shop\/"},{"@type":"ListItem","position":3,"name":"Velociti Elite short femme"}]},{"@type":"WebSite","@id":"https:\/\/www.miomiorun.com\/fr\/#website","url":"https:\/\/www.miomiorun.com\/fr\/","name":"MioMioRun","description":"Boutique 100% running et trail","publisher":{"@id":"https:\/\/www.miomiorun.com\/fr\/#organization"},"potentialAction":[{"@type":"SearchAction","target":{"@type":"EntryPoint","urlTemplate":"https:\/\/www.miomiorun.com\/fr\/?s={search_term_string}"},"query-input":{"@type":"PropertyValueSpecification","valueRequired":true,"valueName":"search_term_string"}}],"inLanguage":"fr-FR"},{"@type":"Organization","@id":"https:\/\/www.miomiorun.com\/fr\/#organization","name":"MioMio Run","url":"https:\/\/www.miomiorun.com\/fr\/","logo":{"@type":"ImageObject","inLanguage":"fr-FR","@id":"https:\/\/www.miomiorun.com\/fr\/#\/schema\/logo\/image\/","url":"https:\/\/www.miomiorun.com\/app\/uploads\/2019\/12\/logomio.png","contentUrl":"https:\/\/www.miomiorun.com\/app\/uploads\/2019\/12\/logomio.png","width":115,"height":82,"caption":"MioMio Run"},"image":{"@id":"https:\/\/www.miomiorun.com\/fr\/#\/schema\/logo\/image\/"},"sameAs":["https:\/\/www.facebook.com\/miomiorun\/","https:\/\/www.instagram.com\/miomiorun\/"]}]}},"_links":{"self":[{"href":"https:\/\/www.miomiorun.com\/fr\/wp-json\/wp\/v2\/product\/433482","targetHints":{"allow":["GET"]}}],"collection":[{"href":"https:\/\/www.miomiorun.com\/fr\/wp-json\/wp\/v2\/product"}],"about":[{"href":"https:\/\/www.miomiorun.com\/fr\/wp-json\/wp\/v2\/types\/product"}],"wp:featuredmedia":[{"embeddable":true,"href":"https:\/\/www.miomiorun.com\/fr\/wp-json\/wp\/v2\/media\/433508"}],"wp:attachment":[{"href":"https:\/\/www.miomiorun.com\/fr\/wp-json\/wp\/v2\/media?parent=433482"}],"wp:term":[{"taxonomy":"product_brand","embeddable":true,"href":"https:\/\/www.miomiorun.com\/fr\/wp-json\/wp\/v2\/product_brand?post=433482"},{"taxonomy":"product_cat","embeddable":true,"href":"https:\/\/www.miomiorun.com\/fr\/wp-json\/wp\/v2\/product_cat?post=433482"},{"taxonomy":"product_tag","embeddable":true,"href":"https:\/\/www.miomiorun.com\/fr\/wp-json\/wp\/v2\/product_tag?post=433482"}],"curies":[{"name":"wp","href":"https:\/\/api.w.org\/{rel}","templated":true}]}}