{"id":433403,"date":"2026-04-21T12:26:54","date_gmt":"2026-04-21T10:26:54","guid":{"rendered":"https:\/\/www.miomiorun.com\/?post_type=product&#038;p=433403"},"modified":"2026-05-07T16:17:28","modified_gmt":"2026-05-07T14:17:28","slug":"velociti-elite-crop-top-femme","status":"publish","type":"product","link":"https:\/\/www.miomiorun.com\/fr\/produit\/velociti-elite-crop-top-femme\/","title":{"rendered":"Velociti elite crop top femme"},"content":{"rendered":"<p>Le soutien-gorge de sport <span class=\"hover:entity-accent entity-underline inline cursor-pointer align-baseline\"><span class=\"whitespace-normal\">HeatGear<\/span><\/span> est con\u00e7u comme une couche de base haute performance, id\u00e9ale pour offrir confort, maintien et respirabilit\u00e9 lors de tout type d&#8217;entra\u00eenement.<\/p>\n<p>Le tissu ultra-l\u00e9ger et doux assure un maintien efficace sans alourdir, tandis que la structure extensible dans les 4 sens suit naturellement les mouvements du corps, am\u00e9liorant ainsi la libert\u00e9 et la pr\u00e9cision des gestes.<\/p>\n<p>La mati\u00e8re technique absorbe la transpiration et s\u00e8che rapidement, contribuant \u00e0 garder la peau fra\u00eeche et s\u00e8che m\u00eame pendant les s\u00e9ances les plus intenses.<\/p>\n<p>Les empi\u00e8cements en power mesh sur le haut augmentent la ventilation, tandis que la conception avec des bretelles fines et une ouverture dans le dos favorise une meilleure a\u00e9ration et une plus grande libert\u00e9 de mouvement.<\/p>\n<p>Les poches int\u00e9rieures \u00e0 l&#8217;avant ajoutent un c\u00f4t\u00e9 pratique, tandis que la technologie anti-odeurs permet une utilisation prolong\u00e9e tout en conservant une sensation de fra\u00eecheur.<\/p>\n","protected":false},"excerpt":{"rendered":"<ul>\n<li data-section-id=\"4nmntd\" data-start=\"1252\" data-end=\"1354\">Tissu HeatGear\u00ae ultra-l\u00e9ger, respirant et \u00e0 s\u00e9chage rapide pour garder la peau au frais<\/li>\n<li data-section-id=\"hlwlwr\" data-start=\"1355\" data-end=\"1449\">Extensibilit\u00e9 dans les 4 sens qui am\u00e9liore la mobilit\u00e9, l&#8217;ajustement et le maintien pendant l&#8217;activit\u00e9<\/li>\n<li data-section-id=\"1md0htm\" data-start=\"1450\" data-end=\"1552\" data-is-last-node=\"\">Conception a\u00e9r\u00e9e avec empi\u00e8cements en mesh, bretelles fines et technologie anti-odeurs pour un confort durable<\/li>\n<\/ul>\n","protected":false},"featured_media":433460,"template":"","meta":{"_acf_changed":false,"inline_featured_image":false},"product_brand":[],"product_cat":[22598,22596],"product_tag":[23530,23575],"class_list":{"0":"post-433403","1":"product","2":"type-product","3":"status-publish","4":"has-post-thumbnail","6":"product_cat-gilets","7":"product_cat-vetements-pour-femmes","8":"product_tag-under-armour-fr","9":"product_tag-under-armour-femme","10":"pa_attivita-fitness-fr","11":"pa_attivita-running-fr","12":"pa_colore-velociti-elite-crop-top-w-ultimate","13":"pa_marca-under-armour-fr","14":"pa_sesso-femme","15":"pa_size-small-fr","16":"pa_size-medium-fr","18":"first","19":"instock","20":"sale","21":"taxable","22":"shipping-taxable","23":"purchasable","24":"product-type-variable","25":"wvs-archive-product-wrapper"},"acf":[],"yoast_head":"<!-- This site is optimized with the Yoast SEO plugin v26.8 - https:\/\/yoast.com\/product\/yoast-seo-wordpress\/ -->\n<title>Under Armour Velociti elite crop top femme - Course en soutien-gorge - MioMioRun<\/title>\n<meta name=\"description\" content=\"Technique et respirant, con\u00e7u pour garantir confort, maintien et libert\u00e9 de mouvement, m\u00eame lors des entra\u00eenements les plus intenses et les plus longs.\" \/>\n<meta name=\"robots\" content=\"index, follow, max-snippet:-1, max-image-preview:large, max-video-preview:-1\" \/>\n<link rel=\"canonical\" href=\"https:\/\/www.miomiorun.com\/fr\/produit\/velociti-elite-crop-top-femme\/\" \/>\n<meta property=\"og:locale\" content=\"fr_FR\" \/>\n<meta property=\"og:type\" content=\"article\" \/>\n<meta property=\"og:title\" content=\"Under Armour Velociti elite crop top femme - Course en soutien-gorge - MioMioRun\" \/>\n<meta property=\"og:description\" content=\"Technique et respirant, con\u00e7u pour garantir confort, maintien et libert\u00e9 de mouvement, m\u00eame lors des entra\u00eenements les plus intenses et les plus longs.\" \/>\n<meta property=\"og:url\" content=\"https:\/\/www.miomiorun.com\/fr\/produit\/velociti-elite-crop-top-femme\/\" \/>\n<meta property=\"og:site_name\" content=\"MioMioRun\" \/>\n<meta property=\"article:publisher\" content=\"https:\/\/www.facebook.com\/miomiorun\/\" \/>\n<meta property=\"article:modified_time\" content=\"2026-05-07T14:17:28+00:00\" \/>\n<meta property=\"og:image\" content=\"https:\/\/www.miomiorun.com\/app\/uploads\/2026\/04\/under-armor-Velociti-elite-ultimate-crop-top-W-6009499-0008.webp\" \/>\n\t<meta property=\"og:image:width\" content=\"720\" \/>\n\t<meta property=\"og:image:height\" content=\"720\" \/>\n\t<meta property=\"og:image:type\" content=\"image\/webp\" \/>\n<meta name=\"twitter:card\" content=\"summary_large_image\" \/>\n<meta name=\"twitter:label1\" content=\"Est. reading time\" \/>\n\t<meta name=\"twitter:data1\" content=\"1 minute\" \/>\n<script type=\"application\/ld+json\" class=\"yoast-schema-graph\">{\"@context\":\"https:\/\/schema.org\",\"@graph\":[{\"@type\":\"WebPage\",\"@id\":\"https:\/\/www.miomiorun.com\/fr\/produit\/velociti-elite-crop-top-femme\/\",\"url\":\"https:\/\/www.miomiorun.com\/fr\/produit\/velociti-elite-crop-top-femme\/\",\"name\":\"Under Armour Velociti elite crop top femme - Course en soutien-gorge - MioMioRun\",\"isPartOf\":{\"@id\":\"https:\/\/www.miomiorun.com\/fr\/#website\"},\"primaryImageOfPage\":{\"@id\":\"https:\/\/www.miomiorun.com\/fr\/produit\/velociti-elite-crop-top-femme\/#primaryimage\"},\"image\":{\"@id\":\"https:\/\/www.miomiorun.com\/fr\/produit\/velociti-elite-crop-top-femme\/#primaryimage\"},\"thumbnailUrl\":\"https:\/\/www.miomiorun.com\/app\/uploads\/2026\/04\/under-armor-Velociti-elite-ultimate-crop-top-W-6009499-0008.webp\",\"datePublished\":\"2026-04-21T10:26:54+00:00\",\"dateModified\":\"2026-05-07T14:17:28+00:00\",\"description\":\"Technique et respirant, con\u00e7u pour garantir confort, maintien et libert\u00e9 de mouvement, m\u00eame lors des entra\u00eenements les plus intenses et les plus longs.\",\"breadcrumb\":{\"@id\":\"https:\/\/www.miomiorun.com\/fr\/produit\/velociti-elite-crop-top-femme\/#breadcrumb\"},\"inLanguage\":\"fr-FR\",\"potentialAction\":[{\"@type\":\"ReadAction\",\"target\":[\"https:\/\/www.miomiorun.com\/fr\/produit\/velociti-elite-crop-top-femme\/\"]}]},{\"@type\":\"ImageObject\",\"inLanguage\":\"fr-FR\",\"@id\":\"https:\/\/www.miomiorun.com\/fr\/produit\/velociti-elite-crop-top-femme\/#primaryimage\",\"url\":\"https:\/\/www.miomiorun.com\/app\/uploads\/2026\/04\/under-armor-Velociti-elite-ultimate-crop-top-W-6009499-0008.webp\",\"contentUrl\":\"https:\/\/www.miomiorun.com\/app\/uploads\/2026\/04\/under-armor-Velociti-elite-ultimate-crop-top-W-6009499-0008.webp\",\"width\":720,\"height\":720,\"caption\":\"under armor Velociti elite ultimate crop top W 6009499-0008\"},{\"@type\":\"BreadcrumbList\",\"@id\":\"https:\/\/www.miomiorun.com\/fr\/produit\/velociti-elite-crop-top-femme\/#breadcrumb\",\"itemListElement\":[{\"@type\":\"ListItem\",\"position\":1,\"name\":\"Home\",\"item\":\"https:\/\/www.miomiorun.com\/fr\/home-page\/\"},{\"@type\":\"ListItem\",\"position\":2,\"name\":\"Shop\",\"item\":\"https:\/\/www.miomiorun.com\/shop\/\"},{\"@type\":\"ListItem\",\"position\":3,\"name\":\"Velociti elite crop top femme\"}]},{\"@type\":\"WebSite\",\"@id\":\"https:\/\/www.miomiorun.com\/fr\/#website\",\"url\":\"https:\/\/www.miomiorun.com\/fr\/\",\"name\":\"MioMioRun\",\"description\":\"Boutique 100% running et trail\",\"publisher\":{\"@id\":\"https:\/\/www.miomiorun.com\/fr\/#organization\"},\"potentialAction\":[{\"@type\":\"SearchAction\",\"target\":{\"@type\":\"EntryPoint\",\"urlTemplate\":\"https:\/\/www.miomiorun.com\/fr\/?s={search_term_string}\"},\"query-input\":{\"@type\":\"PropertyValueSpecification\",\"valueRequired\":true,\"valueName\":\"search_term_string\"}}],\"inLanguage\":\"fr-FR\"},{\"@type\":\"Organization\",\"@id\":\"https:\/\/www.miomiorun.com\/fr\/#organization\",\"name\":\"MioMio Run\",\"url\":\"https:\/\/www.miomiorun.com\/fr\/\",\"logo\":{\"@type\":\"ImageObject\",\"inLanguage\":\"fr-FR\",\"@id\":\"https:\/\/www.miomiorun.com\/fr\/#\/schema\/logo\/image\/\",\"url\":\"https:\/\/www.miomiorun.com\/app\/uploads\/2019\/12\/logomio.png\",\"contentUrl\":\"https:\/\/www.miomiorun.com\/app\/uploads\/2019\/12\/logomio.png\",\"width\":115,\"height\":82,\"caption\":\"MioMio Run\"},\"image\":{\"@id\":\"https:\/\/www.miomiorun.com\/fr\/#\/schema\/logo\/image\/\"},\"sameAs\":[\"https:\/\/www.facebook.com\/miomiorun\/\",\"https:\/\/www.instagram.com\/miomiorun\/\"]}]}<\/script>\n<!-- \/ Yoast SEO plugin. -->","yoast_head_json":{"title":"Under Armour Velociti elite crop top femme - Course en soutien-gorge - MioMioRun","description":"Technique et respirant, con\u00e7u pour garantir confort, maintien et libert\u00e9 de mouvement, m\u00eame lors des entra\u00eenements les plus intenses et les plus longs.","robots":{"index":"index","follow":"follow","max-snippet":"max-snippet:-1","max-image-preview":"max-image-preview:large","max-video-preview":"max-video-preview:-1"},"canonical":"https:\/\/www.miomiorun.com\/fr\/produit\/velociti-elite-crop-top-femme\/","og_locale":"fr_FR","og_type":"article","og_title":"Under Armour Velociti elite crop top femme - Course en soutien-gorge - MioMioRun","og_description":"Technique et respirant, con\u00e7u pour garantir confort, maintien et libert\u00e9 de mouvement, m\u00eame lors des entra\u00eenements les plus intenses et les plus longs.","og_url":"https:\/\/www.miomiorun.com\/fr\/produit\/velociti-elite-crop-top-femme\/","og_site_name":"MioMioRun","article_publisher":"https:\/\/www.facebook.com\/miomiorun\/","article_modified_time":"2026-05-07T14:17:28+00:00","og_image":[{"width":720,"height":720,"url":"https:\/\/www.miomiorun.com\/app\/uploads\/2026\/04\/under-armor-Velociti-elite-ultimate-crop-top-W-6009499-0008.webp","type":"image\/webp"}],"twitter_card":"summary_large_image","twitter_misc":{"Est. reading time":"1 minute"},"schema":{"@context":"https:\/\/schema.org","@graph":[{"@type":"WebPage","@id":"https:\/\/www.miomiorun.com\/fr\/produit\/velociti-elite-crop-top-femme\/","url":"https:\/\/www.miomiorun.com\/fr\/produit\/velociti-elite-crop-top-femme\/","name":"Under Armour Velociti elite crop top femme - Course en soutien-gorge - MioMioRun","isPartOf":{"@id":"https:\/\/www.miomiorun.com\/fr\/#website"},"primaryImageOfPage":{"@id":"https:\/\/www.miomiorun.com\/fr\/produit\/velociti-elite-crop-top-femme\/#primaryimage"},"image":{"@id":"https:\/\/www.miomiorun.com\/fr\/produit\/velociti-elite-crop-top-femme\/#primaryimage"},"thumbnailUrl":"https:\/\/www.miomiorun.com\/app\/uploads\/2026\/04\/under-armor-Velociti-elite-ultimate-crop-top-W-6009499-0008.webp","datePublished":"2026-04-21T10:26:54+00:00","dateModified":"2026-05-07T14:17:28+00:00","description":"Technique et respirant, con\u00e7u pour garantir confort, maintien et libert\u00e9 de mouvement, m\u00eame lors des entra\u00eenements les plus intenses et les plus longs.","breadcrumb":{"@id":"https:\/\/www.miomiorun.com\/fr\/produit\/velociti-elite-crop-top-femme\/#breadcrumb"},"inLanguage":"fr-FR","potentialAction":[{"@type":"ReadAction","target":["https:\/\/www.miomiorun.com\/fr\/produit\/velociti-elite-crop-top-femme\/"]}]},{"@type":"ImageObject","inLanguage":"fr-FR","@id":"https:\/\/www.miomiorun.com\/fr\/produit\/velociti-elite-crop-top-femme\/#primaryimage","url":"https:\/\/www.miomiorun.com\/app\/uploads\/2026\/04\/under-armor-Velociti-elite-ultimate-crop-top-W-6009499-0008.webp","contentUrl":"https:\/\/www.miomiorun.com\/app\/uploads\/2026\/04\/under-armor-Velociti-elite-ultimate-crop-top-W-6009499-0008.webp","width":720,"height":720,"caption":"under armor Velociti elite ultimate crop top W 6009499-0008"},{"@type":"BreadcrumbList","@id":"https:\/\/www.miomiorun.com\/fr\/produit\/velociti-elite-crop-top-femme\/#breadcrumb","itemListElement":[{"@type":"ListItem","position":1,"name":"Home","item":"https:\/\/www.miomiorun.com\/fr\/home-page\/"},{"@type":"ListItem","position":2,"name":"Shop","item":"https:\/\/www.miomiorun.com\/shop\/"},{"@type":"ListItem","position":3,"name":"Velociti elite crop top femme"}]},{"@type":"WebSite","@id":"https:\/\/www.miomiorun.com\/fr\/#website","url":"https:\/\/www.miomiorun.com\/fr\/","name":"MioMioRun","description":"Boutique 100% running et trail","publisher":{"@id":"https:\/\/www.miomiorun.com\/fr\/#organization"},"potentialAction":[{"@type":"SearchAction","target":{"@type":"EntryPoint","urlTemplate":"https:\/\/www.miomiorun.com\/fr\/?s={search_term_string}"},"query-input":{"@type":"PropertyValueSpecification","valueRequired":true,"valueName":"search_term_string"}}],"inLanguage":"fr-FR"},{"@type":"Organization","@id":"https:\/\/www.miomiorun.com\/fr\/#organization","name":"MioMio Run","url":"https:\/\/www.miomiorun.com\/fr\/","logo":{"@type":"ImageObject","inLanguage":"fr-FR","@id":"https:\/\/www.miomiorun.com\/fr\/#\/schema\/logo\/image\/","url":"https:\/\/www.miomiorun.com\/app\/uploads\/2019\/12\/logomio.png","contentUrl":"https:\/\/www.miomiorun.com\/app\/uploads\/2019\/12\/logomio.png","width":115,"height":82,"caption":"MioMio Run"},"image":{"@id":"https:\/\/www.miomiorun.com\/fr\/#\/schema\/logo\/image\/"},"sameAs":["https:\/\/www.facebook.com\/miomiorun\/","https:\/\/www.instagram.com\/miomiorun\/"]}]}},"_links":{"self":[{"href":"https:\/\/www.miomiorun.com\/fr\/wp-json\/wp\/v2\/product\/433403","targetHints":{"allow":["GET"]}}],"collection":[{"href":"https:\/\/www.miomiorun.com\/fr\/wp-json\/wp\/v2\/product"}],"about":[{"href":"https:\/\/www.miomiorun.com\/fr\/wp-json\/wp\/v2\/types\/product"}],"wp:featuredmedia":[{"embeddable":true,"href":"https:\/\/www.miomiorun.com\/fr\/wp-json\/wp\/v2\/media\/433460"}],"wp:attachment":[{"href":"https:\/\/www.miomiorun.com\/fr\/wp-json\/wp\/v2\/media?parent=433403"}],"wp:term":[{"taxonomy":"product_brand","embeddable":true,"href":"https:\/\/www.miomiorun.com\/fr\/wp-json\/wp\/v2\/product_brand?post=433403"},{"taxonomy":"product_cat","embeddable":true,"href":"https:\/\/www.miomiorun.com\/fr\/wp-json\/wp\/v2\/product_cat?post=433403"},{"taxonomy":"product_tag","embeddable":true,"href":"https:\/\/www.miomiorun.com\/fr\/wp-json\/wp\/v2\/product_tag?post=433403"}],"curies":[{"name":"wp","href":"https:\/\/api.w.org\/{rel}","templated":true}]}}