{"id":433350,"date":"2026-04-21T12:12:42","date_gmt":"2026-04-21T10:12:42","guid":{"rendered":"https:\/\/www.miomiorun.com\/?post_type=product&#038;p=433350"},"modified":"2026-05-07T16:16:24","modified_gmt":"2026-05-07T14:16:24","slug":"unstoppable-tight-ta-homme","status":"publish","type":"product","link":"https:\/\/www.miomiorun.com\/fr\/produit\/unstoppable-tight-ta-homme\/","title":{"rendered":"Unstoppable tight TA homme"},"content":{"rendered":"<p>Un pantalon fusel\u00e9 con\u00e7u pour offrir confort, r\u00e9sistance et libert\u00e9 de mouvement en toute circonstance.<\/p>\n<p>Confectionn\u00e9 dans un tissu technique l\u00e9ger et extensible, il \u00e9pouse les mouvements du corps pour garantir une mobilit\u00e9 maximale pendant l&#8217;activit\u00e9.<\/p>\n<p>La technologie UA Storm repousse l&#8217;eau tout en conservant une bonne respirabilit\u00e9, tandis que sa structure r\u00e9sistante le rend id\u00e9al aussi bien pour l&#8217;entra\u00eenement que pour un usage quotidien.<\/p>\n<p>La ceinture \u00e9lastiqu\u00e9e avec cordon de serrage interne assure un ajustement r\u00e9glable, compl\u00e9t\u00e9 par des poches lat\u00e9rales pratiques et une poche arri\u00e8re zipp\u00e9e.<\/p>\n<p>Le tissu principal contient au moins 90 % de polyester recycl\u00e9, pour un choix plus respectueux des mat\u00e9riaux.<\/p>\n","protected":false},"excerpt":{"rendered":"<ul>\n<li data-section-id=\"tghwd4\" data-start=\"860\" data-end=\"912\">Technologie UA Storm : imperm\u00e9able et respirante<\/li>\n<li data-section-id=\"1cjl8h1\" data-start=\"913\" data-end=\"974\">Tissu extensible dans les quatre sens pour une libert\u00e9 de mouvement optimale<\/li>\n<li data-section-id=\"h745hi\" data-start=\"975\" data-end=\"1033\" data-is-last-node=\"\">Structure l\u00e9g\u00e8re et r\u00e9sistante \u00e0 base de mat\u00e9riaux recycl\u00e9s<\/li>\n<\/ul>\n","protected":false},"featured_media":433375,"template":"","meta":{"_acf_changed":false,"inline_featured_image":false},"product_brand":[],"product_cat":[24450,24482,24484],"product_tag":[23530,23574],"class_list":{"0":"post-433350","1":"product","2":"type-product","3":"status-publish","4":"has-post-thumbnail","6":"product_cat-pantalon-long-fr-3","7":"product_cat-vetements-pour-hommes-fr","8":"product_cat-homme","9":"product_tag-under-armour-fr","10":"product_tag-under-armour-homme","11":"pa_attivita-fitness-fr","12":"pa_attivita-lifestyle-fr","13":"pa_attivita-marcher","14":"pa_attivita-running-fr","15":"pa_colore-unstoppable-tight-ta-black","16":"pa_marca-under-armour-fr","17":"pa_sesso-homme","18":"pa_size-small-fr","19":"pa_size-medium-fr","20":"pa_size-large-fr","22":"first","23":"instock","24":"sale","25":"taxable","26":"shipping-taxable","27":"purchasable","28":"product-type-variable","29":"wvs-archive-product-wrapper"},"acf":[],"yoast_head":"<!-- This site is optimized with the Yoast SEO plugin v26.8 - https:\/\/yoast.com\/product\/yoast-seo-wordpress\/ -->\n<title>Under Armour Unstoppable tight TA homme - Pantalon de course \u00e0 piedMioMioRun<\/title>\n<meta name=\"description\" content=\"Pantalon technique ajust\u00e9, d\u00e9perlant et extensible, id\u00e9al pour bouger en tout confort et en toute libert\u00e9, quelle que soit la situation.\" \/>\n<meta name=\"robots\" content=\"index, follow, max-snippet:-1, max-image-preview:large, max-video-preview:-1\" \/>\n<link rel=\"canonical\" href=\"https:\/\/www.miomiorun.com\/fr\/produit\/unstoppable-tight-ta-homme\/\" \/>\n<meta property=\"og:locale\" content=\"fr_FR\" \/>\n<meta property=\"og:type\" content=\"article\" \/>\n<meta property=\"og:title\" content=\"Under Armour Unstoppable tight TA homme - Pantalon de course \u00e0 piedMioMioRun\" \/>\n<meta property=\"og:description\" content=\"Pantalon technique ajust\u00e9, d\u00e9perlant et extensible, id\u00e9al pour bouger en tout confort et en toute libert\u00e9, quelle que soit la situation.\" \/>\n<meta property=\"og:url\" content=\"https:\/\/www.miomiorun.com\/fr\/produit\/unstoppable-tight-ta-homme\/\" \/>\n<meta property=\"og:site_name\" content=\"MioMioRun\" \/>\n<meta property=\"article:publisher\" content=\"https:\/\/www.facebook.com\/miomiorun\/\" \/>\n<meta property=\"article:modified_time\" content=\"2026-05-07T14:16:24+00:00\" \/>\n<meta property=\"og:image\" content=\"https:\/\/www.miomiorun.com\/app\/uploads\/2026\/04\/under-armor-Unstoppable-tight-TA-black-6003861-0001.webp\" \/>\n\t<meta property=\"og:image:width\" content=\"720\" \/>\n\t<meta property=\"og:image:height\" content=\"720\" \/>\n\t<meta property=\"og:image:type\" content=\"image\/webp\" \/>\n<meta name=\"twitter:card\" content=\"summary_large_image\" \/>\n<meta name=\"twitter:label1\" content=\"Est. reading time\" \/>\n\t<meta name=\"twitter:data1\" content=\"1 minute\" \/>\n<script type=\"application\/ld+json\" class=\"yoast-schema-graph\">{\"@context\":\"https:\/\/schema.org\",\"@graph\":[{\"@type\":\"WebPage\",\"@id\":\"https:\/\/www.miomiorun.com\/fr\/produit\/unstoppable-tight-ta-homme\/\",\"url\":\"https:\/\/www.miomiorun.com\/fr\/produit\/unstoppable-tight-ta-homme\/\",\"name\":\"Under Armour Unstoppable tight TA homme - Pantalon de course \u00e0 piedMioMioRun\",\"isPartOf\":{\"@id\":\"https:\/\/www.miomiorun.com\/fr\/#website\"},\"primaryImageOfPage\":{\"@id\":\"https:\/\/www.miomiorun.com\/fr\/produit\/unstoppable-tight-ta-homme\/#primaryimage\"},\"image\":{\"@id\":\"https:\/\/www.miomiorun.com\/fr\/produit\/unstoppable-tight-ta-homme\/#primaryimage\"},\"thumbnailUrl\":\"https:\/\/www.miomiorun.com\/app\/uploads\/2026\/04\/under-armor-Unstoppable-tight-TA-black-6003861-0001.webp\",\"datePublished\":\"2026-04-21T10:12:42+00:00\",\"dateModified\":\"2026-05-07T14:16:24+00:00\",\"description\":\"Pantalon technique ajust\u00e9, d\u00e9perlant et extensible, id\u00e9al pour bouger en tout confort et en toute libert\u00e9, quelle que soit la situation.\",\"breadcrumb\":{\"@id\":\"https:\/\/www.miomiorun.com\/fr\/produit\/unstoppable-tight-ta-homme\/#breadcrumb\"},\"inLanguage\":\"fr-FR\",\"potentialAction\":[{\"@type\":\"ReadAction\",\"target\":[\"https:\/\/www.miomiorun.com\/fr\/produit\/unstoppable-tight-ta-homme\/\"]}]},{\"@type\":\"ImageObject\",\"inLanguage\":\"fr-FR\",\"@id\":\"https:\/\/www.miomiorun.com\/fr\/produit\/unstoppable-tight-ta-homme\/#primaryimage\",\"url\":\"https:\/\/www.miomiorun.com\/app\/uploads\/2026\/04\/under-armor-Unstoppable-tight-TA-black-6003861-0001.webp\",\"contentUrl\":\"https:\/\/www.miomiorun.com\/app\/uploads\/2026\/04\/under-armor-Unstoppable-tight-TA-black-6003861-0001.webp\",\"width\":720,\"height\":720,\"caption\":\"under armor Unstoppable tight TA black 6003861-0001\"},{\"@type\":\"BreadcrumbList\",\"@id\":\"https:\/\/www.miomiorun.com\/fr\/produit\/unstoppable-tight-ta-homme\/#breadcrumb\",\"itemListElement\":[{\"@type\":\"ListItem\",\"position\":1,\"name\":\"Home\",\"item\":\"https:\/\/www.miomiorun.com\/fr\/home-page\/\"},{\"@type\":\"ListItem\",\"position\":2,\"name\":\"Shop\",\"item\":\"https:\/\/www.miomiorun.com\/shop\/\"},{\"@type\":\"ListItem\",\"position\":3,\"name\":\"Unstoppable tight TA homme\"}]},{\"@type\":\"WebSite\",\"@id\":\"https:\/\/www.miomiorun.com\/fr\/#website\",\"url\":\"https:\/\/www.miomiorun.com\/fr\/\",\"name\":\"MioMioRun\",\"description\":\"Boutique 100% running et trail\",\"publisher\":{\"@id\":\"https:\/\/www.miomiorun.com\/fr\/#organization\"},\"potentialAction\":[{\"@type\":\"SearchAction\",\"target\":{\"@type\":\"EntryPoint\",\"urlTemplate\":\"https:\/\/www.miomiorun.com\/fr\/?s={search_term_string}\"},\"query-input\":{\"@type\":\"PropertyValueSpecification\",\"valueRequired\":true,\"valueName\":\"search_term_string\"}}],\"inLanguage\":\"fr-FR\"},{\"@type\":\"Organization\",\"@id\":\"https:\/\/www.miomiorun.com\/fr\/#organization\",\"name\":\"MioMio Run\",\"url\":\"https:\/\/www.miomiorun.com\/fr\/\",\"logo\":{\"@type\":\"ImageObject\",\"inLanguage\":\"fr-FR\",\"@id\":\"https:\/\/www.miomiorun.com\/fr\/#\/schema\/logo\/image\/\",\"url\":\"https:\/\/www.miomiorun.com\/app\/uploads\/2019\/12\/logomio.png\",\"contentUrl\":\"https:\/\/www.miomiorun.com\/app\/uploads\/2019\/12\/logomio.png\",\"width\":115,\"height\":82,\"caption\":\"MioMio Run\"},\"image\":{\"@id\":\"https:\/\/www.miomiorun.com\/fr\/#\/schema\/logo\/image\/\"},\"sameAs\":[\"https:\/\/www.facebook.com\/miomiorun\/\",\"https:\/\/www.instagram.com\/miomiorun\/\"]}]}<\/script>\n<!-- \/ Yoast SEO plugin. -->","yoast_head_json":{"title":"Under Armour Unstoppable tight TA homme - Pantalon de course \u00e0 piedMioMioRun","description":"Pantalon technique ajust\u00e9, d\u00e9perlant et extensible, id\u00e9al pour bouger en tout confort et en toute libert\u00e9, quelle que soit la situation.","robots":{"index":"index","follow":"follow","max-snippet":"max-snippet:-1","max-image-preview":"max-image-preview:large","max-video-preview":"max-video-preview:-1"},"canonical":"https:\/\/www.miomiorun.com\/fr\/produit\/unstoppable-tight-ta-homme\/","og_locale":"fr_FR","og_type":"article","og_title":"Under Armour Unstoppable tight TA homme - Pantalon de course \u00e0 piedMioMioRun","og_description":"Pantalon technique ajust\u00e9, d\u00e9perlant et extensible, id\u00e9al pour bouger en tout confort et en toute libert\u00e9, quelle que soit la situation.","og_url":"https:\/\/www.miomiorun.com\/fr\/produit\/unstoppable-tight-ta-homme\/","og_site_name":"MioMioRun","article_publisher":"https:\/\/www.facebook.com\/miomiorun\/","article_modified_time":"2026-05-07T14:16:24+00:00","og_image":[{"width":720,"height":720,"url":"https:\/\/www.miomiorun.com\/app\/uploads\/2026\/04\/under-armor-Unstoppable-tight-TA-black-6003861-0001.webp","type":"image\/webp"}],"twitter_card":"summary_large_image","twitter_misc":{"Est. reading time":"1 minute"},"schema":{"@context":"https:\/\/schema.org","@graph":[{"@type":"WebPage","@id":"https:\/\/www.miomiorun.com\/fr\/produit\/unstoppable-tight-ta-homme\/","url":"https:\/\/www.miomiorun.com\/fr\/produit\/unstoppable-tight-ta-homme\/","name":"Under Armour Unstoppable tight TA homme - Pantalon de course \u00e0 piedMioMioRun","isPartOf":{"@id":"https:\/\/www.miomiorun.com\/fr\/#website"},"primaryImageOfPage":{"@id":"https:\/\/www.miomiorun.com\/fr\/produit\/unstoppable-tight-ta-homme\/#primaryimage"},"image":{"@id":"https:\/\/www.miomiorun.com\/fr\/produit\/unstoppable-tight-ta-homme\/#primaryimage"},"thumbnailUrl":"https:\/\/www.miomiorun.com\/app\/uploads\/2026\/04\/under-armor-Unstoppable-tight-TA-black-6003861-0001.webp","datePublished":"2026-04-21T10:12:42+00:00","dateModified":"2026-05-07T14:16:24+00:00","description":"Pantalon technique ajust\u00e9, d\u00e9perlant et extensible, id\u00e9al pour bouger en tout confort et en toute libert\u00e9, quelle que soit la situation.","breadcrumb":{"@id":"https:\/\/www.miomiorun.com\/fr\/produit\/unstoppable-tight-ta-homme\/#breadcrumb"},"inLanguage":"fr-FR","potentialAction":[{"@type":"ReadAction","target":["https:\/\/www.miomiorun.com\/fr\/produit\/unstoppable-tight-ta-homme\/"]}]},{"@type":"ImageObject","inLanguage":"fr-FR","@id":"https:\/\/www.miomiorun.com\/fr\/produit\/unstoppable-tight-ta-homme\/#primaryimage","url":"https:\/\/www.miomiorun.com\/app\/uploads\/2026\/04\/under-armor-Unstoppable-tight-TA-black-6003861-0001.webp","contentUrl":"https:\/\/www.miomiorun.com\/app\/uploads\/2026\/04\/under-armor-Unstoppable-tight-TA-black-6003861-0001.webp","width":720,"height":720,"caption":"under armor Unstoppable tight TA black 6003861-0001"},{"@type":"BreadcrumbList","@id":"https:\/\/www.miomiorun.com\/fr\/produit\/unstoppable-tight-ta-homme\/#breadcrumb","itemListElement":[{"@type":"ListItem","position":1,"name":"Home","item":"https:\/\/www.miomiorun.com\/fr\/home-page\/"},{"@type":"ListItem","position":2,"name":"Shop","item":"https:\/\/www.miomiorun.com\/shop\/"},{"@type":"ListItem","position":3,"name":"Unstoppable tight TA homme"}]},{"@type":"WebSite","@id":"https:\/\/www.miomiorun.com\/fr\/#website","url":"https:\/\/www.miomiorun.com\/fr\/","name":"MioMioRun","description":"Boutique 100% running et trail","publisher":{"@id":"https:\/\/www.miomiorun.com\/fr\/#organization"},"potentialAction":[{"@type":"SearchAction","target":{"@type":"EntryPoint","urlTemplate":"https:\/\/www.miomiorun.com\/fr\/?s={search_term_string}"},"query-input":{"@type":"PropertyValueSpecification","valueRequired":true,"valueName":"search_term_string"}}],"inLanguage":"fr-FR"},{"@type":"Organization","@id":"https:\/\/www.miomiorun.com\/fr\/#organization","name":"MioMio Run","url":"https:\/\/www.miomiorun.com\/fr\/","logo":{"@type":"ImageObject","inLanguage":"fr-FR","@id":"https:\/\/www.miomiorun.com\/fr\/#\/schema\/logo\/image\/","url":"https:\/\/www.miomiorun.com\/app\/uploads\/2019\/12\/logomio.png","contentUrl":"https:\/\/www.miomiorun.com\/app\/uploads\/2019\/12\/logomio.png","width":115,"height":82,"caption":"MioMio Run"},"image":{"@id":"https:\/\/www.miomiorun.com\/fr\/#\/schema\/logo\/image\/"},"sameAs":["https:\/\/www.facebook.com\/miomiorun\/","https:\/\/www.instagram.com\/miomiorun\/"]}]}},"_links":{"self":[{"href":"https:\/\/www.miomiorun.com\/fr\/wp-json\/wp\/v2\/product\/433350","targetHints":{"allow":["GET"]}}],"collection":[{"href":"https:\/\/www.miomiorun.com\/fr\/wp-json\/wp\/v2\/product"}],"about":[{"href":"https:\/\/www.miomiorun.com\/fr\/wp-json\/wp\/v2\/types\/product"}],"wp:featuredmedia":[{"embeddable":true,"href":"https:\/\/www.miomiorun.com\/fr\/wp-json\/wp\/v2\/media\/433375"}],"wp:attachment":[{"href":"https:\/\/www.miomiorun.com\/fr\/wp-json\/wp\/v2\/media?parent=433350"}],"wp:term":[{"taxonomy":"product_brand","embeddable":true,"href":"https:\/\/www.miomiorun.com\/fr\/wp-json\/wp\/v2\/product_brand?post=433350"},{"taxonomy":"product_cat","embeddable":true,"href":"https:\/\/www.miomiorun.com\/fr\/wp-json\/wp\/v2\/product_cat?post=433350"},{"taxonomy":"product_tag","embeddable":true,"href":"https:\/\/www.miomiorun.com\/fr\/wp-json\/wp\/v2\/product_tag?post=433350"}],"curies":[{"name":"wp","href":"https:\/\/api.w.org\/{rel}","templated":true}]}}