{"id":432852,"date":"2026-04-16T19:19:18","date_gmt":"2026-04-16T17:19:18","guid":{"rendered":"https:\/\/www.miomiorun.com\/?post_type=product&#038;p=432852"},"modified":"2026-05-07T16:13:56","modified_gmt":"2026-05-07T14:13:56","slug":"heatgear-fitted-homme","status":"publish","type":"product","link":"https:\/\/www.miomiorun.com\/fr\/produit\/heatgear-fitted-homme\/","title":{"rendered":"Heatgear fitted homme"},"content":{"rendered":"<p>La gamme <strong data-start=\"9\" data-end=\"22\">HeatGear\u00ae<\/strong> incarne la couche de base haute performance par excellence : le premier v\u00eatement que vous enfilez et le dernier que vous retirez. Con\u00e7ue pour offrir un confort maximal, elle est fabriqu\u00e9e dans un tissu extensible qui \u00e9pouse les mouvements du corps et \u00e9vacue efficacement la transpiration, gardant ainsi la peau fra\u00eeche et s\u00e8che m\u00eame pendant les entra\u00eenements les plus intenses. Id\u00e9al en toutes conditions, il garantit une libert\u00e9 de mouvement et des performances constantes.<\/p>\n<section class=\"text-token-text-primary w-full focus:outline-none [--shadow-height:45px] has-data-writing-block:pointer-events-none has-data-writing-block:-mt-(--shadow-height) has-data-writing-block:pt-(--shadow-height) [&amp;:has([data-writing-block])&gt;*]:pointer-events-auto scroll-mt-[calc(var(--header-height)+min(200px,max(70px,20svh)))]\" dir=\"auto\" data-turn-id=\"request-69dfb6f1-5f88-8389-850d-293d733da817-26\" data-testid=\"conversation-turn-76\" data-scroll-anchor=\"true\" data-turn=\"assistant\">\n<div class=\"text-base my-auto mx-auto pb-10 [--thread-content-margin:var(--thread-content-margin-xs,calc(var(--spacing)*4))] @w-sm\/main:[--thread-content-margin:var(--thread-content-margin-sm,calc(var(--spacing)*6))] @w-lg\/main:[--thread-content-margin:var(--thread-content-margin-lg,calc(var(--spacing)*16))] px-(--thread-content-margin)\">\n<div class=\"[--thread-content-max-width:40rem] @w-lg\/main:[--thread-content-max-width:48rem] mx-auto max-w-(--thread-content-max-width) flex-1 group\/turn-messages focus-visible:outline-hidden relative flex w-full min-w-0 flex-col agent-turn\">\n<div class=\"flex max-w-full flex-col gap-4 grow\">\n<div class=\"min-h-8 text-message relative flex w-full flex-col items-end gap-2 text-start break-words whitespace-normal outline-none keyboard-focused:focus-ring [.text-message+&amp;]:mt-1\" dir=\"auto\" data-message-author-role=\"assistant\" data-message-id=\"eeabc966-4bc2-405f-9359-8d543749d1cc\" data-message-model-slug=\"gpt-5-3\" data-turn-start-message=\"true\">\n<div class=\"flex w-full flex-col gap-1 empty:hidden\">\n<div class=\"markdown prose dark:prose-invert w-full wrap-break-word light markdown-new-styling\">\n<ul data-start=\"448\" data-end=\"523\">\n<li data-section-id=\"45mzn0\" data-start=\"448\" data-end=\"470\">Fra\u00eecheur maximale<\/li>\n<li data-section-id=\"ucs3uq\" data-start=\"471\" data-end=\"500\">\u00c9lastique dans les 4 sens<\/li>\n<li data-section-id=\"rqvm5a\" data-start=\"501\" data-end=\"523\">S\u00e9chage rapide<\/li>\n<\/ul>\n<\/div>\n<\/div>\n<\/div>\n<\/div>\n<\/div>\n<\/div>\n<\/section>\n<p>&nbsp;<\/p>\n<p>&nbsp;<\/p>\n<p>&nbsp;<\/p>\n<p>&nbsp;<\/p>\n","protected":false},"excerpt":{"rendered":"<ul>\n<li data-section-id=\"156xxqg\" data-start=\"756\" data-end=\"817\"><strong data-start=\"758\" data-end=\"777\">Confort actif :<\/strong> tissu doux qui absorbe la transpiration<\/li>\n<li data-section-id=\"kcac3t\" data-start=\"818\" data-end=\"869\"><strong data-start=\"820\" data-end=\"841\">Mobilit\u00e9 maximale :<\/strong> \u00e9lasticit\u00e9 dans les 4 sens<\/li>\n<li data-section-id=\"19r5ctk\" data-start=\"870\" data-end=\"940\" data-is-last-node=\"\"><strong data-start=\"872\" data-end=\"897\">Performance constante :<\/strong> s\u00e9chage rapide et fra\u00eecheur prolong\u00e9e<\/li>\n<\/ul>\n","protected":false},"featured_media":432897,"template":"","meta":{"_acf_changed":false,"inline_featured_image":false},"product_brand":[],"product_cat":[24449,24482],"product_tag":[23530,23574],"class_list":{"0":"post-432852","1":"product","2":"type-product","3":"status-publish","4":"has-post-thumbnail","6":"product_cat-t-shirt-fr-3","7":"product_cat-vetements-pour-hommes-fr","8":"product_tag-under-armour-fr","9":"product_tag-under-armour-homme","10":"pa_attivita-fitness-fr","11":"pa_attivita-lifestyle-fr","12":"pa_attivita-marcher","13":"pa_attivita-running-fr","14":"pa_colore-heatgear-fitte-white","15":"pa_marca-under-armour-fr","16":"pa_sesso-homme","17":"pa_size-small-fr","18":"pa_size-medium-fr","19":"pa_size-large-fr","21":"first","22":"instock","23":"sale","24":"taxable","25":"shipping-taxable","26":"purchasable","27":"product-type-variable","28":"wvs-archive-product-wrapper"},"acf":[],"yoast_head":"<!-- This site is optimized with the Yoast SEO plugin v26.8 - https:\/\/yoast.com\/product\/yoast-seo-wordpress\/ -->\n<title>Under Armour Heatgear fitted homme - T-shirt de course \u00e0 pied- MioMioRun<\/title>\n<meta name=\"description\" content=\"Sous-v\u00eatement HeatGear\u00ae l\u00e9ger et performant, con\u00e7u pour garantir fra\u00eecheur, libert\u00e9 de mouvement et s\u00e9chage rapide pendant l&#039;activit\u00e9 sportive.\" \/>\n<meta name=\"robots\" content=\"index, follow, max-snippet:-1, max-image-preview:large, max-video-preview:-1\" \/>\n<link rel=\"canonical\" href=\"https:\/\/www.miomiorun.com\/fr\/produit\/heatgear-fitted-homme\/\" \/>\n<meta property=\"og:locale\" content=\"fr_FR\" \/>\n<meta property=\"og:type\" content=\"article\" \/>\n<meta property=\"og:title\" content=\"Under Armour Heatgear fitted homme - T-shirt de course \u00e0 pied- MioMioRun\" \/>\n<meta property=\"og:description\" content=\"Sous-v\u00eatement HeatGear\u00ae l\u00e9ger et performant, con\u00e7u pour garantir fra\u00eecheur, libert\u00e9 de mouvement et s\u00e9chage rapide pendant l&#039;activit\u00e9 sportive.\" \/>\n<meta property=\"og:url\" content=\"https:\/\/www.miomiorun.com\/fr\/produit\/heatgear-fitted-homme\/\" \/>\n<meta property=\"og:site_name\" content=\"MioMioRun\" \/>\n<meta property=\"article:publisher\" content=\"https:\/\/www.facebook.com\/miomiorun\/\" \/>\n<meta property=\"article:modified_time\" content=\"2026-05-07T14:13:56+00:00\" \/>\n<meta property=\"og:image\" content=\"https:\/\/www.miomiorun.com\/app\/uploads\/2026\/04\/under-armor-Heatgear-fitte-white-6000939-0100.webp\" \/>\n\t<meta property=\"og:image:width\" content=\"720\" \/>\n\t<meta property=\"og:image:height\" content=\"720\" \/>\n\t<meta property=\"og:image:type\" content=\"image\/webp\" \/>\n<meta name=\"twitter:card\" content=\"summary_large_image\" \/>\n<script type=\"application\/ld+json\" class=\"yoast-schema-graph\">{\"@context\":\"https:\/\/schema.org\",\"@graph\":[{\"@type\":\"WebPage\",\"@id\":\"https:\/\/www.miomiorun.com\/fr\/produit\/heatgear-fitted-homme\/\",\"url\":\"https:\/\/www.miomiorun.com\/fr\/produit\/heatgear-fitted-homme\/\",\"name\":\"Under Armour Heatgear fitted homme - T-shirt de course \u00e0 pied- MioMioRun\",\"isPartOf\":{\"@id\":\"https:\/\/www.miomiorun.com\/fr\/#website\"},\"primaryImageOfPage\":{\"@id\":\"https:\/\/www.miomiorun.com\/fr\/produit\/heatgear-fitted-homme\/#primaryimage\"},\"image\":{\"@id\":\"https:\/\/www.miomiorun.com\/fr\/produit\/heatgear-fitted-homme\/#primaryimage\"},\"thumbnailUrl\":\"https:\/\/www.miomiorun.com\/app\/uploads\/2026\/04\/under-armor-Heatgear-fitte-white-6000939-0100.webp\",\"datePublished\":\"2026-04-16T17:19:18+00:00\",\"dateModified\":\"2026-05-07T14:13:56+00:00\",\"description\":\"Sous-v\u00eatement HeatGear\u00ae l\u00e9ger et performant, con\u00e7u pour garantir fra\u00eecheur, libert\u00e9 de mouvement et s\u00e9chage rapide pendant l'activit\u00e9 sportive.\",\"breadcrumb\":{\"@id\":\"https:\/\/www.miomiorun.com\/fr\/produit\/heatgear-fitted-homme\/#breadcrumb\"},\"inLanguage\":\"fr-FR\",\"potentialAction\":[{\"@type\":\"ReadAction\",\"target\":[\"https:\/\/www.miomiorun.com\/fr\/produit\/heatgear-fitted-homme\/\"]}]},{\"@type\":\"ImageObject\",\"inLanguage\":\"fr-FR\",\"@id\":\"https:\/\/www.miomiorun.com\/fr\/produit\/heatgear-fitted-homme\/#primaryimage\",\"url\":\"https:\/\/www.miomiorun.com\/app\/uploads\/2026\/04\/under-armor-Heatgear-fitte-white-6000939-0100.webp\",\"contentUrl\":\"https:\/\/www.miomiorun.com\/app\/uploads\/2026\/04\/under-armor-Heatgear-fitte-white-6000939-0100.webp\",\"width\":720,\"height\":720,\"caption\":\"under armor Heatgear fitte white 6000939-0100\"},{\"@type\":\"BreadcrumbList\",\"@id\":\"https:\/\/www.miomiorun.com\/fr\/produit\/heatgear-fitted-homme\/#breadcrumb\",\"itemListElement\":[{\"@type\":\"ListItem\",\"position\":1,\"name\":\"Home\",\"item\":\"https:\/\/www.miomiorun.com\/fr\/home-page\/\"},{\"@type\":\"ListItem\",\"position\":2,\"name\":\"Shop\",\"item\":\"https:\/\/www.miomiorun.com\/shop\/\"},{\"@type\":\"ListItem\",\"position\":3,\"name\":\"Heatgear fitted homme\"}]},{\"@type\":\"WebSite\",\"@id\":\"https:\/\/www.miomiorun.com\/fr\/#website\",\"url\":\"https:\/\/www.miomiorun.com\/fr\/\",\"name\":\"MioMioRun\",\"description\":\"Boutique 100% running et trail\",\"publisher\":{\"@id\":\"https:\/\/www.miomiorun.com\/fr\/#organization\"},\"potentialAction\":[{\"@type\":\"SearchAction\",\"target\":{\"@type\":\"EntryPoint\",\"urlTemplate\":\"https:\/\/www.miomiorun.com\/fr\/?s={search_term_string}\"},\"query-input\":{\"@type\":\"PropertyValueSpecification\",\"valueRequired\":true,\"valueName\":\"search_term_string\"}}],\"inLanguage\":\"fr-FR\"},{\"@type\":\"Organization\",\"@id\":\"https:\/\/www.miomiorun.com\/fr\/#organization\",\"name\":\"MioMio Run\",\"url\":\"https:\/\/www.miomiorun.com\/fr\/\",\"logo\":{\"@type\":\"ImageObject\",\"inLanguage\":\"fr-FR\",\"@id\":\"https:\/\/www.miomiorun.com\/fr\/#\/schema\/logo\/image\/\",\"url\":\"https:\/\/www.miomiorun.com\/app\/uploads\/2019\/12\/logomio.png\",\"contentUrl\":\"https:\/\/www.miomiorun.com\/app\/uploads\/2019\/12\/logomio.png\",\"width\":115,\"height\":82,\"caption\":\"MioMio Run\"},\"image\":{\"@id\":\"https:\/\/www.miomiorun.com\/fr\/#\/schema\/logo\/image\/\"},\"sameAs\":[\"https:\/\/www.facebook.com\/miomiorun\/\",\"https:\/\/www.instagram.com\/miomiorun\/\"]}]}<\/script>\n<!-- \/ Yoast SEO plugin. -->","yoast_head_json":{"title":"Under Armour Heatgear fitted homme - T-shirt de course \u00e0 pied- MioMioRun","description":"Sous-v\u00eatement HeatGear\u00ae l\u00e9ger et performant, con\u00e7u pour garantir fra\u00eecheur, libert\u00e9 de mouvement et s\u00e9chage rapide pendant l'activit\u00e9 sportive.","robots":{"index":"index","follow":"follow","max-snippet":"max-snippet:-1","max-image-preview":"max-image-preview:large","max-video-preview":"max-video-preview:-1"},"canonical":"https:\/\/www.miomiorun.com\/fr\/produit\/heatgear-fitted-homme\/","og_locale":"fr_FR","og_type":"article","og_title":"Under Armour Heatgear fitted homme - T-shirt de course \u00e0 pied- MioMioRun","og_description":"Sous-v\u00eatement HeatGear\u00ae l\u00e9ger et performant, con\u00e7u pour garantir fra\u00eecheur, libert\u00e9 de mouvement et s\u00e9chage rapide pendant l'activit\u00e9 sportive.","og_url":"https:\/\/www.miomiorun.com\/fr\/produit\/heatgear-fitted-homme\/","og_site_name":"MioMioRun","article_publisher":"https:\/\/www.facebook.com\/miomiorun\/","article_modified_time":"2026-05-07T14:13:56+00:00","og_image":[{"width":720,"height":720,"url":"https:\/\/www.miomiorun.com\/app\/uploads\/2026\/04\/under-armor-Heatgear-fitte-white-6000939-0100.webp","type":"image\/webp"}],"twitter_card":"summary_large_image","schema":{"@context":"https:\/\/schema.org","@graph":[{"@type":"WebPage","@id":"https:\/\/www.miomiorun.com\/fr\/produit\/heatgear-fitted-homme\/","url":"https:\/\/www.miomiorun.com\/fr\/produit\/heatgear-fitted-homme\/","name":"Under Armour Heatgear fitted homme - T-shirt de course \u00e0 pied- MioMioRun","isPartOf":{"@id":"https:\/\/www.miomiorun.com\/fr\/#website"},"primaryImageOfPage":{"@id":"https:\/\/www.miomiorun.com\/fr\/produit\/heatgear-fitted-homme\/#primaryimage"},"image":{"@id":"https:\/\/www.miomiorun.com\/fr\/produit\/heatgear-fitted-homme\/#primaryimage"},"thumbnailUrl":"https:\/\/www.miomiorun.com\/app\/uploads\/2026\/04\/under-armor-Heatgear-fitte-white-6000939-0100.webp","datePublished":"2026-04-16T17:19:18+00:00","dateModified":"2026-05-07T14:13:56+00:00","description":"Sous-v\u00eatement HeatGear\u00ae l\u00e9ger et performant, con\u00e7u pour garantir fra\u00eecheur, libert\u00e9 de mouvement et s\u00e9chage rapide pendant l'activit\u00e9 sportive.","breadcrumb":{"@id":"https:\/\/www.miomiorun.com\/fr\/produit\/heatgear-fitted-homme\/#breadcrumb"},"inLanguage":"fr-FR","potentialAction":[{"@type":"ReadAction","target":["https:\/\/www.miomiorun.com\/fr\/produit\/heatgear-fitted-homme\/"]}]},{"@type":"ImageObject","inLanguage":"fr-FR","@id":"https:\/\/www.miomiorun.com\/fr\/produit\/heatgear-fitted-homme\/#primaryimage","url":"https:\/\/www.miomiorun.com\/app\/uploads\/2026\/04\/under-armor-Heatgear-fitte-white-6000939-0100.webp","contentUrl":"https:\/\/www.miomiorun.com\/app\/uploads\/2026\/04\/under-armor-Heatgear-fitte-white-6000939-0100.webp","width":720,"height":720,"caption":"under armor Heatgear fitte white 6000939-0100"},{"@type":"BreadcrumbList","@id":"https:\/\/www.miomiorun.com\/fr\/produit\/heatgear-fitted-homme\/#breadcrumb","itemListElement":[{"@type":"ListItem","position":1,"name":"Home","item":"https:\/\/www.miomiorun.com\/fr\/home-page\/"},{"@type":"ListItem","position":2,"name":"Shop","item":"https:\/\/www.miomiorun.com\/shop\/"},{"@type":"ListItem","position":3,"name":"Heatgear fitted homme"}]},{"@type":"WebSite","@id":"https:\/\/www.miomiorun.com\/fr\/#website","url":"https:\/\/www.miomiorun.com\/fr\/","name":"MioMioRun","description":"Boutique 100% running et trail","publisher":{"@id":"https:\/\/www.miomiorun.com\/fr\/#organization"},"potentialAction":[{"@type":"SearchAction","target":{"@type":"EntryPoint","urlTemplate":"https:\/\/www.miomiorun.com\/fr\/?s={search_term_string}"},"query-input":{"@type":"PropertyValueSpecification","valueRequired":true,"valueName":"search_term_string"}}],"inLanguage":"fr-FR"},{"@type":"Organization","@id":"https:\/\/www.miomiorun.com\/fr\/#organization","name":"MioMio Run","url":"https:\/\/www.miomiorun.com\/fr\/","logo":{"@type":"ImageObject","inLanguage":"fr-FR","@id":"https:\/\/www.miomiorun.com\/fr\/#\/schema\/logo\/image\/","url":"https:\/\/www.miomiorun.com\/app\/uploads\/2019\/12\/logomio.png","contentUrl":"https:\/\/www.miomiorun.com\/app\/uploads\/2019\/12\/logomio.png","width":115,"height":82,"caption":"MioMio Run"},"image":{"@id":"https:\/\/www.miomiorun.com\/fr\/#\/schema\/logo\/image\/"},"sameAs":["https:\/\/www.facebook.com\/miomiorun\/","https:\/\/www.instagram.com\/miomiorun\/"]}]}},"_links":{"self":[{"href":"https:\/\/www.miomiorun.com\/fr\/wp-json\/wp\/v2\/product\/432852","targetHints":{"allow":["GET"]}}],"collection":[{"href":"https:\/\/www.miomiorun.com\/fr\/wp-json\/wp\/v2\/product"}],"about":[{"href":"https:\/\/www.miomiorun.com\/fr\/wp-json\/wp\/v2\/types\/product"}],"wp:featuredmedia":[{"embeddable":true,"href":"https:\/\/www.miomiorun.com\/fr\/wp-json\/wp\/v2\/media\/432897"}],"wp:attachment":[{"href":"https:\/\/www.miomiorun.com\/fr\/wp-json\/wp\/v2\/media?parent=432852"}],"wp:term":[{"taxonomy":"product_brand","embeddable":true,"href":"https:\/\/www.miomiorun.com\/fr\/wp-json\/wp\/v2\/product_brand?post=432852"},{"taxonomy":"product_cat","embeddable":true,"href":"https:\/\/www.miomiorun.com\/fr\/wp-json\/wp\/v2\/product_cat?post=432852"},{"taxonomy":"product_tag","embeddable":true,"href":"https:\/\/www.miomiorun.com\/fr\/wp-json\/wp\/v2\/product_tag?post=432852"}],"curies":[{"name":"wp","href":"https:\/\/api.w.org\/{rel}","templated":true}]}}