{"id":432795,"date":"2026-04-16T19:12:25","date_gmt":"2026-04-16T17:12:25","guid":{"rendered":"https:\/\/www.miomiorun.com\/?post_type=product&#038;p=432795"},"modified":"2026-05-07T16:12:54","modified_gmt":"2026-05-07T14:12:54","slug":"tech-vent-homme","status":"publish","type":"product","link":"https:\/\/www.miomiorun.com\/fr\/produit\/tech-vent-homme\/","title":{"rendered":"Tech Vent homme"},"content":{"rendered":"<p data-start=\"0\" data-end=\"496\">La gamme <strong data-start=\"9\" data-end=\"21\">UA Tech\u2122<\/strong> propose des v\u00eatements indispensables pour l&#8217;entra\u00eenement, con\u00e7us pour offrir confort et hautes performances. Ce t-shirt est fabriqu\u00e9 dans un tissu jacquard ultra-respirant, con\u00e7u pour garder la peau fra\u00eeche et s\u00e8che m\u00eame par forte chaleur. La mati\u00e8re douce favorise l&#8217;\u00e9vacuation de la transpiration et garantit un s\u00e9chage rapide, tandis que la technologie anti-odeurs contribue \u00e0 maintenir une sensation de fra\u00eecheur plus longtemps pendant l&#8217;activit\u00e9.<\/p>\n<ul data-start=\"498\" data-end=\"670\">\n<li data-section-id=\"7lx57y\" data-start=\"498\" data-end=\"549\">Tissu jacquard UA Tech\u2122 hautement respirant<\/li>\n<li data-section-id=\"429nnn\" data-start=\"550\" data-end=\"596\">S\u00e9chage rapide et gestion de l&#8217;humidit\u00e9<\/li>\n<li data-section-id=\"1995hfa\" data-start=\"597\" data-end=\"644\">Sensation de fra\u00eecheur m\u00eame par temps chaud<\/li>\n<li data-section-id=\"gpwg7v\" data-start=\"645\" data-end=\"670\">Technologie anti-odeurs<\/li>\n<\/ul>\n<p>&nbsp;<\/p>\n<p>&nbsp;<\/p>\n<p>&nbsp;<\/p>\n","protected":false},"excerpt":{"rendered":"<ul>\n<li data-section-id=\"w2jeef\" data-start=\"881\" data-end=\"955\"><strong data-start=\"883\" data-end=\"910\">Respirabilit\u00e9 maximale :<\/strong> tissu jacquard ultra-l\u00e9ger et a\u00e9r\u00e9<\/li>\n<li data-section-id=\"1fu7hjn\" data-start=\"956\" data-end=\"1026\"><strong data-start=\"958\" data-end=\"983\">Performances constantes :<\/strong> s\u00e9chage rapide et gestion de la transpiration<\/li>\n<li data-section-id=\"1eu4t64\" data-start=\"1027\" data-end=\"1092\" data-is-last-node=\"\"><strong data-start=\"1029\" data-end=\"1050\">Confort durable :<\/strong> technologie anti-odeurs et texture douce<\/li>\n<\/ul>\n","protected":false},"featured_media":432831,"template":"","meta":{"_acf_changed":false,"inline_featured_image":false},"product_brand":[],"product_cat":[24449,24482],"product_tag":[23530,23574],"class_list":{"0":"post-432795","1":"product","2":"type-product","3":"status-publish","4":"has-post-thumbnail","6":"product_cat-t-shirt-fr-3","7":"product_cat-vetements-pour-hommes-fr","8":"product_tag-under-armour-fr","9":"product_tag-under-armour-homme","10":"pa_attivita-fitness-fr","11":"pa_attivita-lifestyle-fr","12":"pa_attivita-marcher","13":"pa_attivita-running-fr","14":"pa_colore-tech-vent-jcqr-marine","15":"pa_marca-under-armour-fr","16":"pa_sesso-homme","17":"pa_size-extra-small-fr","18":"pa_size-small-fr","19":"pa_size-medium-fr","20":"pa_size-large-fr","22":"first","23":"instock","24":"sale","25":"taxable","26":"shipping-taxable","27":"purchasable","28":"product-type-variable","29":"wvs-archive-product-wrapper"},"acf":[],"yoast_head":"<!-- This site is optimized with the Yoast SEO plugin v26.8 - https:\/\/yoast.com\/product\/yoast-seo-wordpress\/ -->\n<title>Under Armour Tech Vent homme -T-shirt de course \u00e0 pied- MioMioRun<\/title>\n<meta name=\"description\" content=\"Maillot technique UA Tech\u2122 l\u00e9ger et respirant, id\u00e9al pour les entra\u00eenements intenses gr\u00e2ce \u00e0 son confort, sa fra\u00eecheur et son s\u00e9chage rapide.\" \/>\n<meta name=\"robots\" content=\"index, follow, max-snippet:-1, max-image-preview:large, max-video-preview:-1\" \/>\n<link rel=\"canonical\" href=\"https:\/\/www.miomiorun.com\/fr\/produit\/tech-vent-homme\/\" \/>\n<meta property=\"og:locale\" content=\"fr_FR\" \/>\n<meta property=\"og:type\" content=\"article\" \/>\n<meta property=\"og:title\" content=\"Under Armour Tech Vent homme -T-shirt de course \u00e0 pied- MioMioRun\" \/>\n<meta property=\"og:description\" content=\"Maillot technique UA Tech\u2122 l\u00e9ger et respirant, id\u00e9al pour les entra\u00eenements intenses gr\u00e2ce \u00e0 son confort, sa fra\u00eecheur et son s\u00e9chage rapide.\" \/>\n<meta property=\"og:url\" content=\"https:\/\/www.miomiorun.com\/fr\/produit\/tech-vent-homme\/\" \/>\n<meta property=\"og:site_name\" content=\"MioMioRun\" \/>\n<meta property=\"article:publisher\" content=\"https:\/\/www.facebook.com\/miomiorun\/\" \/>\n<meta property=\"article:modified_time\" content=\"2026-05-07T14:12:54+00:00\" \/>\n<meta property=\"og:image\" content=\"https:\/\/www.miomiorun.com\/app\/uploads\/2026\/04\/under-armor-Tech-Vent-JCQR-marine-1390047-0390.webp\" \/>\n\t<meta property=\"og:image:width\" content=\"720\" \/>\n\t<meta property=\"og:image:height\" content=\"720\" \/>\n\t<meta property=\"og:image:type\" content=\"image\/webp\" \/>\n<meta name=\"twitter:card\" content=\"summary_large_image\" \/>\n<meta name=\"twitter:label1\" content=\"Est. reading time\" \/>\n\t<meta name=\"twitter:data1\" content=\"1 minute\" \/>\n<script type=\"application\/ld+json\" class=\"yoast-schema-graph\">{\"@context\":\"https:\/\/schema.org\",\"@graph\":[{\"@type\":\"WebPage\",\"@id\":\"https:\/\/www.miomiorun.com\/fr\/produit\/tech-vent-homme\/\",\"url\":\"https:\/\/www.miomiorun.com\/fr\/produit\/tech-vent-homme\/\",\"name\":\"Under Armour Tech Vent homme -T-shirt de course \u00e0 pied- MioMioRun\",\"isPartOf\":{\"@id\":\"https:\/\/www.miomiorun.com\/fr\/#website\"},\"primaryImageOfPage\":{\"@id\":\"https:\/\/www.miomiorun.com\/fr\/produit\/tech-vent-homme\/#primaryimage\"},\"image\":{\"@id\":\"https:\/\/www.miomiorun.com\/fr\/produit\/tech-vent-homme\/#primaryimage\"},\"thumbnailUrl\":\"https:\/\/www.miomiorun.com\/app\/uploads\/2026\/04\/under-armor-Tech-Vent-JCQR-marine-1390047-0390.webp\",\"datePublished\":\"2026-04-16T17:12:25+00:00\",\"dateModified\":\"2026-05-07T14:12:54+00:00\",\"description\":\"Maillot technique UA Tech\u2122 l\u00e9ger et respirant, id\u00e9al pour les entra\u00eenements intenses gr\u00e2ce \u00e0 son confort, sa fra\u00eecheur et son s\u00e9chage rapide.\",\"breadcrumb\":{\"@id\":\"https:\/\/www.miomiorun.com\/fr\/produit\/tech-vent-homme\/#breadcrumb\"},\"inLanguage\":\"fr-FR\",\"potentialAction\":[{\"@type\":\"ReadAction\",\"target\":[\"https:\/\/www.miomiorun.com\/fr\/produit\/tech-vent-homme\/\"]}]},{\"@type\":\"ImageObject\",\"inLanguage\":\"fr-FR\",\"@id\":\"https:\/\/www.miomiorun.com\/fr\/produit\/tech-vent-homme\/#primaryimage\",\"url\":\"https:\/\/www.miomiorun.com\/app\/uploads\/2026\/04\/under-armor-Tech-Vent-JCQR-marine-1390047-0390.webp\",\"contentUrl\":\"https:\/\/www.miomiorun.com\/app\/uploads\/2026\/04\/under-armor-Tech-Vent-JCQR-marine-1390047-0390.webp\",\"width\":720,\"height\":720,\"caption\":\"under armor Tech Vent JCQR marine 1390047-0390\"},{\"@type\":\"BreadcrumbList\",\"@id\":\"https:\/\/www.miomiorun.com\/fr\/produit\/tech-vent-homme\/#breadcrumb\",\"itemListElement\":[{\"@type\":\"ListItem\",\"position\":1,\"name\":\"Home\",\"item\":\"https:\/\/www.miomiorun.com\/fr\/home-page\/\"},{\"@type\":\"ListItem\",\"position\":2,\"name\":\"Shop\",\"item\":\"https:\/\/www.miomiorun.com\/shop\/\"},{\"@type\":\"ListItem\",\"position\":3,\"name\":\"Tech Vent homme\"}]},{\"@type\":\"WebSite\",\"@id\":\"https:\/\/www.miomiorun.com\/fr\/#website\",\"url\":\"https:\/\/www.miomiorun.com\/fr\/\",\"name\":\"MioMioRun\",\"description\":\"Boutique 100% running et trail\",\"publisher\":{\"@id\":\"https:\/\/www.miomiorun.com\/fr\/#organization\"},\"potentialAction\":[{\"@type\":\"SearchAction\",\"target\":{\"@type\":\"EntryPoint\",\"urlTemplate\":\"https:\/\/www.miomiorun.com\/fr\/?s={search_term_string}\"},\"query-input\":{\"@type\":\"PropertyValueSpecification\",\"valueRequired\":true,\"valueName\":\"search_term_string\"}}],\"inLanguage\":\"fr-FR\"},{\"@type\":\"Organization\",\"@id\":\"https:\/\/www.miomiorun.com\/fr\/#organization\",\"name\":\"MioMio Run\",\"url\":\"https:\/\/www.miomiorun.com\/fr\/\",\"logo\":{\"@type\":\"ImageObject\",\"inLanguage\":\"fr-FR\",\"@id\":\"https:\/\/www.miomiorun.com\/fr\/#\/schema\/logo\/image\/\",\"url\":\"https:\/\/www.miomiorun.com\/app\/uploads\/2019\/12\/logomio.png\",\"contentUrl\":\"https:\/\/www.miomiorun.com\/app\/uploads\/2019\/12\/logomio.png\",\"width\":115,\"height\":82,\"caption\":\"MioMio Run\"},\"image\":{\"@id\":\"https:\/\/www.miomiorun.com\/fr\/#\/schema\/logo\/image\/\"},\"sameAs\":[\"https:\/\/www.facebook.com\/miomiorun\/\",\"https:\/\/www.instagram.com\/miomiorun\/\"]}]}<\/script>\n<!-- \/ Yoast SEO plugin. -->","yoast_head_json":{"title":"Under Armour Tech Vent homme -T-shirt de course \u00e0 pied- MioMioRun","description":"Maillot technique UA Tech\u2122 l\u00e9ger et respirant, id\u00e9al pour les entra\u00eenements intenses gr\u00e2ce \u00e0 son confort, sa fra\u00eecheur et son s\u00e9chage rapide.","robots":{"index":"index","follow":"follow","max-snippet":"max-snippet:-1","max-image-preview":"max-image-preview:large","max-video-preview":"max-video-preview:-1"},"canonical":"https:\/\/www.miomiorun.com\/fr\/produit\/tech-vent-homme\/","og_locale":"fr_FR","og_type":"article","og_title":"Under Armour Tech Vent homme -T-shirt de course \u00e0 pied- MioMioRun","og_description":"Maillot technique UA Tech\u2122 l\u00e9ger et respirant, id\u00e9al pour les entra\u00eenements intenses gr\u00e2ce \u00e0 son confort, sa fra\u00eecheur et son s\u00e9chage rapide.","og_url":"https:\/\/www.miomiorun.com\/fr\/produit\/tech-vent-homme\/","og_site_name":"MioMioRun","article_publisher":"https:\/\/www.facebook.com\/miomiorun\/","article_modified_time":"2026-05-07T14:12:54+00:00","og_image":[{"width":720,"height":720,"url":"https:\/\/www.miomiorun.com\/app\/uploads\/2026\/04\/under-armor-Tech-Vent-JCQR-marine-1390047-0390.webp","type":"image\/webp"}],"twitter_card":"summary_large_image","twitter_misc":{"Est. reading time":"1 minute"},"schema":{"@context":"https:\/\/schema.org","@graph":[{"@type":"WebPage","@id":"https:\/\/www.miomiorun.com\/fr\/produit\/tech-vent-homme\/","url":"https:\/\/www.miomiorun.com\/fr\/produit\/tech-vent-homme\/","name":"Under Armour Tech Vent homme -T-shirt de course \u00e0 pied- MioMioRun","isPartOf":{"@id":"https:\/\/www.miomiorun.com\/fr\/#website"},"primaryImageOfPage":{"@id":"https:\/\/www.miomiorun.com\/fr\/produit\/tech-vent-homme\/#primaryimage"},"image":{"@id":"https:\/\/www.miomiorun.com\/fr\/produit\/tech-vent-homme\/#primaryimage"},"thumbnailUrl":"https:\/\/www.miomiorun.com\/app\/uploads\/2026\/04\/under-armor-Tech-Vent-JCQR-marine-1390047-0390.webp","datePublished":"2026-04-16T17:12:25+00:00","dateModified":"2026-05-07T14:12:54+00:00","description":"Maillot technique UA Tech\u2122 l\u00e9ger et respirant, id\u00e9al pour les entra\u00eenements intenses gr\u00e2ce \u00e0 son confort, sa fra\u00eecheur et son s\u00e9chage rapide.","breadcrumb":{"@id":"https:\/\/www.miomiorun.com\/fr\/produit\/tech-vent-homme\/#breadcrumb"},"inLanguage":"fr-FR","potentialAction":[{"@type":"ReadAction","target":["https:\/\/www.miomiorun.com\/fr\/produit\/tech-vent-homme\/"]}]},{"@type":"ImageObject","inLanguage":"fr-FR","@id":"https:\/\/www.miomiorun.com\/fr\/produit\/tech-vent-homme\/#primaryimage","url":"https:\/\/www.miomiorun.com\/app\/uploads\/2026\/04\/under-armor-Tech-Vent-JCQR-marine-1390047-0390.webp","contentUrl":"https:\/\/www.miomiorun.com\/app\/uploads\/2026\/04\/under-armor-Tech-Vent-JCQR-marine-1390047-0390.webp","width":720,"height":720,"caption":"under armor Tech Vent JCQR marine 1390047-0390"},{"@type":"BreadcrumbList","@id":"https:\/\/www.miomiorun.com\/fr\/produit\/tech-vent-homme\/#breadcrumb","itemListElement":[{"@type":"ListItem","position":1,"name":"Home","item":"https:\/\/www.miomiorun.com\/fr\/home-page\/"},{"@type":"ListItem","position":2,"name":"Shop","item":"https:\/\/www.miomiorun.com\/shop\/"},{"@type":"ListItem","position":3,"name":"Tech Vent homme"}]},{"@type":"WebSite","@id":"https:\/\/www.miomiorun.com\/fr\/#website","url":"https:\/\/www.miomiorun.com\/fr\/","name":"MioMioRun","description":"Boutique 100% running et trail","publisher":{"@id":"https:\/\/www.miomiorun.com\/fr\/#organization"},"potentialAction":[{"@type":"SearchAction","target":{"@type":"EntryPoint","urlTemplate":"https:\/\/www.miomiorun.com\/fr\/?s={search_term_string}"},"query-input":{"@type":"PropertyValueSpecification","valueRequired":true,"valueName":"search_term_string"}}],"inLanguage":"fr-FR"},{"@type":"Organization","@id":"https:\/\/www.miomiorun.com\/fr\/#organization","name":"MioMio Run","url":"https:\/\/www.miomiorun.com\/fr\/","logo":{"@type":"ImageObject","inLanguage":"fr-FR","@id":"https:\/\/www.miomiorun.com\/fr\/#\/schema\/logo\/image\/","url":"https:\/\/www.miomiorun.com\/app\/uploads\/2019\/12\/logomio.png","contentUrl":"https:\/\/www.miomiorun.com\/app\/uploads\/2019\/12\/logomio.png","width":115,"height":82,"caption":"MioMio Run"},"image":{"@id":"https:\/\/www.miomiorun.com\/fr\/#\/schema\/logo\/image\/"},"sameAs":["https:\/\/www.facebook.com\/miomiorun\/","https:\/\/www.instagram.com\/miomiorun\/"]}]}},"_links":{"self":[{"href":"https:\/\/www.miomiorun.com\/fr\/wp-json\/wp\/v2\/product\/432795","targetHints":{"allow":["GET"]}}],"collection":[{"href":"https:\/\/www.miomiorun.com\/fr\/wp-json\/wp\/v2\/product"}],"about":[{"href":"https:\/\/www.miomiorun.com\/fr\/wp-json\/wp\/v2\/types\/product"}],"wp:featuredmedia":[{"embeddable":true,"href":"https:\/\/www.miomiorun.com\/fr\/wp-json\/wp\/v2\/media\/432831"}],"wp:attachment":[{"href":"https:\/\/www.miomiorun.com\/fr\/wp-json\/wp\/v2\/media?parent=432795"}],"wp:term":[{"taxonomy":"product_brand","embeddable":true,"href":"https:\/\/www.miomiorun.com\/fr\/wp-json\/wp\/v2\/product_brand?post=432795"},{"taxonomy":"product_cat","embeddable":true,"href":"https:\/\/www.miomiorun.com\/fr\/wp-json\/wp\/v2\/product_cat?post=432795"},{"taxonomy":"product_tag","embeddable":true,"href":"https:\/\/www.miomiorun.com\/fr\/wp-json\/wp\/v2\/product_tag?post=432795"}],"curies":[{"name":"wp","href":"https:\/\/api.w.org\/{rel}","templated":true}]}}