{"id":432618,"date":"2026-04-16T18:28:40","date_gmt":"2026-04-16T16:28:40","guid":{"rendered":"https:\/\/www.miomiorun.com\/?post_type=product&#038;p=432618"},"modified":"2026-05-11T16:42:46","modified_gmt":"2026-05-11T14:42:46","slug":"launch-half-tight-homme","status":"publish","type":"product","link":"https:\/\/www.miomiorun.com\/fr\/produit\/launch-half-tight-homme\/","title":{"rendered":"Launch half tight homme"},"content":{"rendered":"<section class=\"text-token-text-primary w-full focus:outline-none [--shadow-height:45px] has-data-writing-block:pointer-events-none has-data-writing-block:-mt-(--shadow-height) has-data-writing-block:pt-(--shadow-height) [&amp;:has([data-writing-block])&gt;*]:pointer-events-auto scroll-mt-(--header-height)\" dir=\"auto\" data-turn-id=\"42d9701e-eade-47a9-bc2a-e6ab99a91065\" data-testid=\"conversation-turn-67\" data-scroll-anchor=\"false\" data-turn=\"user\">\n<div class=\"text-base my-auto mx-auto pt-12 [--thread-content-margin:var(--thread-content-margin-xs,calc(var(--spacing)*4))] @w-sm\/main:[--thread-content-margin:var(--thread-content-margin-sm,calc(var(--spacing)*6))] @w-lg\/main:[--thread-content-margin:var(--thread-content-margin-lg,calc(var(--spacing)*16))] px-(--thread-content-margin)\">\n<div class=\"[--thread-content-max-width:40rem] @w-lg\/main:[--thread-content-max-width:48rem] mx-auto max-w-(--thread-content-max-width) flex-1 group\/turn-messages focus-visible:outline-hidden relative flex w-full min-w-0 flex-col\">\n<div class=\"z-0 flex justify-end\">Ces collants sont con\u00e7us pour offrir une coupe ajust\u00e9e mais confortable, id\u00e9ale pour vous accompagner dans chacun de vos mouvements. Le tissu doux et \u00e0 s\u00e9chage rapide met en valeur la silhouette tout en garantissant maintien et respirabilit\u00e9. La structure du tissu assure une couverture et un confort optimaux, tandis que l&#8217;\u00e9lasticit\u00e9 dans les 4 sens am\u00e9liore la libert\u00e9 de mouvement. La ceinture \u00e9lastiqu\u00e9e avec cordon de serrage interne permet un ajustement pr\u00e9cis, tandis que les poches int\u00e9rieures et les d\u00e9tails r\u00e9fl\u00e9chissants compl\u00e8tent le v\u00eatement, le rendant pratique et fonctionnel m\u00eame dans des conditions de faible luminosit\u00e9. La technologie anti-odeurs contribue \u00e0 maintenir une sensation de fra\u00eecheur plus longtemps.<\/div>\n<\/div>\n<\/div>\n<\/section>\n<section class=\"text-token-text-primary w-full focus:outline-none [--shadow-height:45px] has-data-writing-block:pointer-events-none has-data-writing-block:-mt-(--shadow-height) has-data-writing-block:pt-(--shadow-height) [&amp;:has([data-writing-block])&gt;*]:pointer-events-auto scroll-mt-[calc(var(--header-height)+min(200px,max(70px,20svh)))]\" dir=\"auto\" data-turn-id=\"request-69dfb6f1-5f88-8389-850d-293d733da817-22\" data-testid=\"conversation-turn-68\" data-scroll-anchor=\"true\" data-turn=\"assistant\">\n<div class=\"text-base my-auto mx-auto pb-10 [--thread-content-margin:var(--thread-content-margin-xs,calc(var(--spacing)*4))] @w-sm\/main:[--thread-content-margin:var(--thread-content-margin-sm,calc(var(--spacing)*6))] @w-lg\/main:[--thread-content-margin:var(--thread-content-margin-lg,calc(var(--spacing)*16))] px-(--thread-content-margin)\">\n<div class=\"[--thread-content-max-width:40rem] @w-lg\/main:[--thread-content-max-width:48rem] mx-auto max-w-(--thread-content-max-width) flex-1 group\/turn-messages focus-visible:outline-hidden relative flex w-full min-w-0 flex-col agent-turn\">\n<div class=\"flex max-w-full flex-col gap-4 grow\">\n<div class=\"min-h-8 text-message relative flex w-full flex-col items-end gap-2 text-start break-words whitespace-normal outline-none keyboard-focused:focus-ring [.text-message+&amp;]:mt-1\" dir=\"auto\" data-message-author-role=\"assistant\" data-message-id=\"cc783cdd-4ce1-495d-bd39-12b258817a9d\" data-message-model-slug=\"gpt-5-3\" data-turn-start-message=\"true\">\n<div class=\"flex w-full flex-col gap-1 empty:hidden\">\n<div class=\"markdown prose dark:prose-invert w-full wrap-break-word light markdown-new-styling\">\n<ul data-start=\"705\" data-end=\"956\">\n<li data-section-id=\"1bapego\" data-start=\"705\" data-end=\"760\">Tissu doux, respirant et \u00e0 s\u00e9chage rapide<\/li>\n<li data-section-id=\"1k9rntr\" data-start=\"761\" data-end=\"810\">Extensibilit\u00e9 4 directions pour une mobilit\u00e9 maximale<\/li>\n<li data-section-id=\"grv9wx\" data-start=\"811\" data-end=\"853\">Ceinture avec cordon de serrage r\u00e9glable<\/li>\n<li data-section-id=\"h1i134\" data-start=\"854\" data-end=\"890\">Deux poches int\u00e9rieures pour ranger des objets<\/li>\n<li data-section-id=\"1849io3\" data-start=\"891\" data-end=\"930\">D\u00e9tails r\u00e9fl\u00e9chissants pour une meilleure visibilit\u00e9<\/li>\n<li data-section-id=\"gpwg7v\" data-start=\"931\" data-end=\"956\">Technologie anti-odeurs<\/li>\n<\/ul>\n<\/div>\n<\/div>\n<\/div>\n<\/div>\n<\/div>\n<\/div>\n<\/section>\n","protected":false},"excerpt":{"rendered":"<ul>\n<li data-section-id=\"1xi5cp8\" data-start=\"1181\" data-end=\"1255\"><strong data-start=\"1183\" data-end=\"1206\">Soutien et confort :<\/strong> tissu doux qui soutient sans serrer<\/li>\n<li data-section-id=\"z69kek\" data-start=\"1256\" data-end=\"1329\"><strong data-start=\"1258\" data-end=\"1278\">Libert\u00e9 maximale :<\/strong> \u00e9lasticit\u00e9 dans les 4 sens pour des mouvements naturels<\/li>\n<li data-section-id=\"133rr72\" data-start=\"1330\" data-end=\"1419\" data-is-last-node=\"\"><strong data-start=\"1332\" data-end=\"1358\">Fonctionnalit\u00e9 compl\u00e8te :<\/strong> poches int\u00e9rieures, d\u00e9tails r\u00e9fl\u00e9chissants et technologie anti-odeurs<\/li>\n<\/ul>\n","protected":false},"featured_media":382156,"template":"","meta":{"_acf_changed":false,"inline_featured_image":false},"product_brand":[],"product_cat":[24477,24482],"product_tag":[23530,23574],"class_list":{"0":"post-432618","1":"product","2":"type-product","3":"status-publish","4":"has-post-thumbnail","6":"product_cat-pantalon-court-fr-3","7":"product_cat-vetements-pour-hommes-fr","8":"product_tag-under-armour-fr","9":"product_tag-under-armour-homme","10":"pa_attivita-fitness-fr","11":"pa_attivita-running-fr","12":"pa_colore-launch-half-tight-black","13":"pa_marca-under-armour-fr","14":"pa_sesso-homme","15":"pa_size-small-fr","16":"pa_size-medium-fr","17":"pa_size-large-fr","18":"pa_size-extra-large-fr","20":"first","21":"instock","22":"sale","23":"taxable","24":"shipping-taxable","25":"purchasable","26":"product-type-variable","27":"wvs-archive-product-wrapper"},"acf":[],"yoast_head":"<!-- This site is optimized with the Yoast SEO plugin v26.8 - https:\/\/yoast.com\/product\/yoast-seo-wordpress\/ -->\n<title>Under Armour Launch half tight homme -shorts pour homme - MioMioRun<\/title>\n<meta name=\"description\" content=\"Collant technique moulant et confortable, id\u00e9al pour garantir maintien, respirabilit\u00e9 et libert\u00e9 de mouvement pendant la pratique sportive.\" \/>\n<meta name=\"robots\" content=\"index, follow, max-snippet:-1, max-image-preview:large, max-video-preview:-1\" \/>\n<link rel=\"canonical\" href=\"https:\/\/www.miomiorun.com\/fr\/produit\/launch-half-tight-homme\/\" \/>\n<meta property=\"og:locale\" content=\"fr_FR\" \/>\n<meta property=\"og:type\" content=\"article\" \/>\n<meta property=\"og:title\" content=\"Under Armour Launch half tight homme -shorts pour homme - MioMioRun\" \/>\n<meta property=\"og:description\" content=\"Collant technique moulant et confortable, id\u00e9al pour garantir maintien, respirabilit\u00e9 et libert\u00e9 de mouvement pendant la pratique sportive.\" \/>\n<meta property=\"og:url\" content=\"https:\/\/www.miomiorun.com\/fr\/produit\/launch-half-tight-homme\/\" \/>\n<meta property=\"og:site_name\" content=\"MioMioRun\" \/>\n<meta property=\"article:publisher\" content=\"https:\/\/www.facebook.com\/miomiorun\/\" \/>\n<meta property=\"article:modified_time\" content=\"2026-05-11T14:42:46+00:00\" \/>\n<meta property=\"og:image\" content=\"https:\/\/www.miomiorun.com\/app\/uploads\/2025\/12\/under-armour-Launch-5in1-shorts-black-1382640-0001.webp\" \/>\n\t<meta property=\"og:image:width\" content=\"720\" \/>\n\t<meta property=\"og:image:height\" content=\"720\" \/>\n\t<meta property=\"og:image:type\" content=\"image\/webp\" \/>\n<meta name=\"twitter:card\" content=\"summary_large_image\" \/>\n<meta name=\"twitter:label1\" content=\"Est. reading time\" \/>\n\t<meta name=\"twitter:data1\" content=\"1 minute\" \/>\n<script type=\"application\/ld+json\" class=\"yoast-schema-graph\">{\"@context\":\"https:\/\/schema.org\",\"@graph\":[{\"@type\":\"WebPage\",\"@id\":\"https:\/\/www.miomiorun.com\/fr\/produit\/launch-half-tight-homme\/\",\"url\":\"https:\/\/www.miomiorun.com\/fr\/produit\/launch-half-tight-homme\/\",\"name\":\"Under Armour Launch half tight homme -shorts pour homme - MioMioRun\",\"isPartOf\":{\"@id\":\"https:\/\/www.miomiorun.com\/fr\/#website\"},\"primaryImageOfPage\":{\"@id\":\"https:\/\/www.miomiorun.com\/fr\/produit\/launch-half-tight-homme\/#primaryimage\"},\"image\":{\"@id\":\"https:\/\/www.miomiorun.com\/fr\/produit\/launch-half-tight-homme\/#primaryimage\"},\"thumbnailUrl\":\"https:\/\/www.miomiorun.com\/app\/uploads\/2025\/12\/under-armour-Launch-5in1-shorts-black-1382640-0001.webp\",\"datePublished\":\"2026-04-16T16:28:40+00:00\",\"dateModified\":\"2026-05-11T14:42:46+00:00\",\"description\":\"Collant technique moulant et confortable, id\u00e9al pour garantir maintien, respirabilit\u00e9 et libert\u00e9 de mouvement pendant la pratique sportive.\",\"breadcrumb\":{\"@id\":\"https:\/\/www.miomiorun.com\/fr\/produit\/launch-half-tight-homme\/#breadcrumb\"},\"inLanguage\":\"fr-FR\",\"potentialAction\":[{\"@type\":\"ReadAction\",\"target\":[\"https:\/\/www.miomiorun.com\/fr\/produit\/launch-half-tight-homme\/\"]}]},{\"@type\":\"ImageObject\",\"inLanguage\":\"fr-FR\",\"@id\":\"https:\/\/www.miomiorun.com\/fr\/produit\/launch-half-tight-homme\/#primaryimage\",\"url\":\"https:\/\/www.miomiorun.com\/app\/uploads\/2025\/12\/under-armour-Launch-5in1-shorts-black-1382640-0001.webp\",\"contentUrl\":\"https:\/\/www.miomiorun.com\/app\/uploads\/2025\/12\/under-armour-Launch-5in1-shorts-black-1382640-0001.webp\",\"width\":720,\"height\":720,\"caption\":\"under armour Launch 5in1 shorts black 1382640-0001\"},{\"@type\":\"BreadcrumbList\",\"@id\":\"https:\/\/www.miomiorun.com\/fr\/produit\/launch-half-tight-homme\/#breadcrumb\",\"itemListElement\":[{\"@type\":\"ListItem\",\"position\":1,\"name\":\"Home\",\"item\":\"https:\/\/www.miomiorun.com\/fr\/home-page\/\"},{\"@type\":\"ListItem\",\"position\":2,\"name\":\"Shop\",\"item\":\"https:\/\/www.miomiorun.com\/shop\/\"},{\"@type\":\"ListItem\",\"position\":3,\"name\":\"Launch half tight homme\"}]},{\"@type\":\"WebSite\",\"@id\":\"https:\/\/www.miomiorun.com\/fr\/#website\",\"url\":\"https:\/\/www.miomiorun.com\/fr\/\",\"name\":\"MioMioRun\",\"description\":\"Boutique 100% running et trail\",\"publisher\":{\"@id\":\"https:\/\/www.miomiorun.com\/fr\/#organization\"},\"potentialAction\":[{\"@type\":\"SearchAction\",\"target\":{\"@type\":\"EntryPoint\",\"urlTemplate\":\"https:\/\/www.miomiorun.com\/fr\/?s={search_term_string}\"},\"query-input\":{\"@type\":\"PropertyValueSpecification\",\"valueRequired\":true,\"valueName\":\"search_term_string\"}}],\"inLanguage\":\"fr-FR\"},{\"@type\":\"Organization\",\"@id\":\"https:\/\/www.miomiorun.com\/fr\/#organization\",\"name\":\"MioMio Run\",\"url\":\"https:\/\/www.miomiorun.com\/fr\/\",\"logo\":{\"@type\":\"ImageObject\",\"inLanguage\":\"fr-FR\",\"@id\":\"https:\/\/www.miomiorun.com\/fr\/#\/schema\/logo\/image\/\",\"url\":\"https:\/\/www.miomiorun.com\/app\/uploads\/2019\/12\/logomio.png\",\"contentUrl\":\"https:\/\/www.miomiorun.com\/app\/uploads\/2019\/12\/logomio.png\",\"width\":115,\"height\":82,\"caption\":\"MioMio Run\"},\"image\":{\"@id\":\"https:\/\/www.miomiorun.com\/fr\/#\/schema\/logo\/image\/\"},\"sameAs\":[\"https:\/\/www.facebook.com\/miomiorun\/\",\"https:\/\/www.instagram.com\/miomiorun\/\"]}]}<\/script>\n<!-- \/ Yoast SEO plugin. -->","yoast_head_json":{"title":"Under Armour Launch half tight homme -shorts pour homme - MioMioRun","description":"Collant technique moulant et confortable, id\u00e9al pour garantir maintien, respirabilit\u00e9 et libert\u00e9 de mouvement pendant la pratique sportive.","robots":{"index":"index","follow":"follow","max-snippet":"max-snippet:-1","max-image-preview":"max-image-preview:large","max-video-preview":"max-video-preview:-1"},"canonical":"https:\/\/www.miomiorun.com\/fr\/produit\/launch-half-tight-homme\/","og_locale":"fr_FR","og_type":"article","og_title":"Under Armour Launch half tight homme -shorts pour homme - MioMioRun","og_description":"Collant technique moulant et confortable, id\u00e9al pour garantir maintien, respirabilit\u00e9 et libert\u00e9 de mouvement pendant la pratique sportive.","og_url":"https:\/\/www.miomiorun.com\/fr\/produit\/launch-half-tight-homme\/","og_site_name":"MioMioRun","article_publisher":"https:\/\/www.facebook.com\/miomiorun\/","article_modified_time":"2026-05-11T14:42:46+00:00","og_image":[{"width":720,"height":720,"url":"https:\/\/www.miomiorun.com\/app\/uploads\/2025\/12\/under-armour-Launch-5in1-shorts-black-1382640-0001.webp","type":"image\/webp"}],"twitter_card":"summary_large_image","twitter_misc":{"Est. reading time":"1 minute"},"schema":{"@context":"https:\/\/schema.org","@graph":[{"@type":"WebPage","@id":"https:\/\/www.miomiorun.com\/fr\/produit\/launch-half-tight-homme\/","url":"https:\/\/www.miomiorun.com\/fr\/produit\/launch-half-tight-homme\/","name":"Under Armour Launch half tight homme -shorts pour homme - MioMioRun","isPartOf":{"@id":"https:\/\/www.miomiorun.com\/fr\/#website"},"primaryImageOfPage":{"@id":"https:\/\/www.miomiorun.com\/fr\/produit\/launch-half-tight-homme\/#primaryimage"},"image":{"@id":"https:\/\/www.miomiorun.com\/fr\/produit\/launch-half-tight-homme\/#primaryimage"},"thumbnailUrl":"https:\/\/www.miomiorun.com\/app\/uploads\/2025\/12\/under-armour-Launch-5in1-shorts-black-1382640-0001.webp","datePublished":"2026-04-16T16:28:40+00:00","dateModified":"2026-05-11T14:42:46+00:00","description":"Collant technique moulant et confortable, id\u00e9al pour garantir maintien, respirabilit\u00e9 et libert\u00e9 de mouvement pendant la pratique sportive.","breadcrumb":{"@id":"https:\/\/www.miomiorun.com\/fr\/produit\/launch-half-tight-homme\/#breadcrumb"},"inLanguage":"fr-FR","potentialAction":[{"@type":"ReadAction","target":["https:\/\/www.miomiorun.com\/fr\/produit\/launch-half-tight-homme\/"]}]},{"@type":"ImageObject","inLanguage":"fr-FR","@id":"https:\/\/www.miomiorun.com\/fr\/produit\/launch-half-tight-homme\/#primaryimage","url":"https:\/\/www.miomiorun.com\/app\/uploads\/2025\/12\/under-armour-Launch-5in1-shorts-black-1382640-0001.webp","contentUrl":"https:\/\/www.miomiorun.com\/app\/uploads\/2025\/12\/under-armour-Launch-5in1-shorts-black-1382640-0001.webp","width":720,"height":720,"caption":"under armour Launch 5in1 shorts black 1382640-0001"},{"@type":"BreadcrumbList","@id":"https:\/\/www.miomiorun.com\/fr\/produit\/launch-half-tight-homme\/#breadcrumb","itemListElement":[{"@type":"ListItem","position":1,"name":"Home","item":"https:\/\/www.miomiorun.com\/fr\/home-page\/"},{"@type":"ListItem","position":2,"name":"Shop","item":"https:\/\/www.miomiorun.com\/shop\/"},{"@type":"ListItem","position":3,"name":"Launch half tight homme"}]},{"@type":"WebSite","@id":"https:\/\/www.miomiorun.com\/fr\/#website","url":"https:\/\/www.miomiorun.com\/fr\/","name":"MioMioRun","description":"Boutique 100% running et trail","publisher":{"@id":"https:\/\/www.miomiorun.com\/fr\/#organization"},"potentialAction":[{"@type":"SearchAction","target":{"@type":"EntryPoint","urlTemplate":"https:\/\/www.miomiorun.com\/fr\/?s={search_term_string}"},"query-input":{"@type":"PropertyValueSpecification","valueRequired":true,"valueName":"search_term_string"}}],"inLanguage":"fr-FR"},{"@type":"Organization","@id":"https:\/\/www.miomiorun.com\/fr\/#organization","name":"MioMio Run","url":"https:\/\/www.miomiorun.com\/fr\/","logo":{"@type":"ImageObject","inLanguage":"fr-FR","@id":"https:\/\/www.miomiorun.com\/fr\/#\/schema\/logo\/image\/","url":"https:\/\/www.miomiorun.com\/app\/uploads\/2019\/12\/logomio.png","contentUrl":"https:\/\/www.miomiorun.com\/app\/uploads\/2019\/12\/logomio.png","width":115,"height":82,"caption":"MioMio Run"},"image":{"@id":"https:\/\/www.miomiorun.com\/fr\/#\/schema\/logo\/image\/"},"sameAs":["https:\/\/www.facebook.com\/miomiorun\/","https:\/\/www.instagram.com\/miomiorun\/"]}]}},"_links":{"self":[{"href":"https:\/\/www.miomiorun.com\/fr\/wp-json\/wp\/v2\/product\/432618","targetHints":{"allow":["GET"]}}],"collection":[{"href":"https:\/\/www.miomiorun.com\/fr\/wp-json\/wp\/v2\/product"}],"about":[{"href":"https:\/\/www.miomiorun.com\/fr\/wp-json\/wp\/v2\/types\/product"}],"wp:featuredmedia":[{"embeddable":true,"href":"https:\/\/www.miomiorun.com\/fr\/wp-json\/wp\/v2\/media\/382156"}],"wp:attachment":[{"href":"https:\/\/www.miomiorun.com\/fr\/wp-json\/wp\/v2\/media?parent=432618"}],"wp:term":[{"taxonomy":"product_brand","embeddable":true,"href":"https:\/\/www.miomiorun.com\/fr\/wp-json\/wp\/v2\/product_brand?post=432618"},{"taxonomy":"product_cat","embeddable":true,"href":"https:\/\/www.miomiorun.com\/fr\/wp-json\/wp\/v2\/product_cat?post=432618"},{"taxonomy":"product_tag","embeddable":true,"href":"https:\/\/www.miomiorun.com\/fr\/wp-json\/wp\/v2\/product_tag?post=432618"}],"curies":[{"name":"wp","href":"https:\/\/api.w.org\/{rel}","templated":true}]}}