{"id":432425,"date":"2026-04-16T17:29:29","date_gmt":"2026-04-16T15:29:29","guid":{"rendered":"https:\/\/www.miomiorun.com\/?post_type=product&#038;p=432425"},"modified":"2026-04-30T11:06:08","modified_gmt":"2026-04-30T09:06:08","slug":"fly-by-3in-short-femme","status":"publish","type":"product","link":"https:\/\/www.miomiorun.com\/fr\/produit\/fly-by-3in-short-femme\/","title":{"rendered":"Fly by 3in short femme"},"content":{"rendered":"<section class=\"text-token-text-primary w-full focus:outline-none [--shadow-height:45px] has-data-writing-block:pointer-events-none has-data-writing-block:-mt-(--shadow-height) has-data-writing-block:pt-(--shadow-height) [&amp;:has([data-writing-block])&gt;*]:pointer-events-auto scroll-mt-(--header-height)\" dir=\"auto\" data-turn-id=\"f31bd53d-3baf-42ea-93db-894e703b1089\" data-testid=\"conversation-turn-65\" data-scroll-anchor=\"false\" data-turn=\"user\">\n<div class=\"text-base my-auto mx-auto pt-12 [--thread-content-margin:var(--thread-content-margin-xs,calc(var(--spacing)*4))] @w-sm\/main:[--thread-content-margin:var(--thread-content-margin-sm,calc(var(--spacing)*6))] @w-lg\/main:[--thread-content-margin:var(--thread-content-margin-lg,calc(var(--spacing)*16))] px-(--thread-content-margin)\">\n<div class=\"[--thread-content-max-width:40rem] @w-lg\/main:[--thread-content-max-width:48rem] mx-auto max-w-(--thread-content-max-width) flex-1 group\/turn-messages focus-visible:outline-hidden relative flex w-full min-w-0 flex-col\">\n<div class=\"z-0 flex justify-end\">Nous avons revisit\u00e9 ton short pr\u00e9f\u00e9r\u00e9 en conservant le tissu l\u00e9ger et performant que tu connais d\u00e9j\u00e0, tout en y ajoutant une nouvelle ceinture et une poche lat\u00e9rale zipp\u00e9e tr\u00e8s pratique pour ranger tes objets essentiels. Le tissu est l\u00e9ger, r\u00e9sistant et confortable, avec d&#8217;excellentes propri\u00e9t\u00e9s d&#8217;absorption de la transpiration et de s\u00e9chage rapide. Les empi\u00e8cements en mesh ultra-respirants am\u00e9liorent la ventilation, tandis que le slip int\u00e9gr\u00e9 assure une bonne couverture et un maintien s\u00fbr pendant le mouvement. La taille mi-haute \u00e9lastiqu\u00e9e avec cordon de serrage interne offre un ajustement r\u00e9glable et stable. Le tissu principal contient au moins 90 % de polyester recycl\u00e9, pour un choix plus durable.<\/div>\n<\/div>\n<\/div>\n<\/section>\n<section class=\"text-token-text-primary w-full focus:outline-none [--shadow-height:45px] has-data-writing-block:pointer-events-none has-data-writing-block:-mt-(--shadow-height) has-data-writing-block:pt-(--shadow-height) [&amp;:has([data-writing-block])&gt;*]:pointer-events-auto scroll-mt-[calc(var(--header-height)+min(200px,max(70px,20svh)))]\" dir=\"auto\" data-turn-id=\"request-69dfb6f1-5f88-8389-850d-293d733da817-21\" data-testid=\"conversation-turn-66\" data-scroll-anchor=\"true\" data-turn=\"assistant\">\n<div class=\"text-base my-auto mx-auto pb-10 [--thread-content-margin:var(--thread-content-margin-xs,calc(var(--spacing)*4))] @w-sm\/main:[--thread-content-margin:var(--thread-content-margin-sm,calc(var(--spacing)*6))] @w-lg\/main:[--thread-content-margin:var(--thread-content-margin-lg,calc(var(--spacing)*16))] px-(--thread-content-margin)\">\n<div class=\"[--thread-content-max-width:40rem] @w-lg\/main:[--thread-content-max-width:48rem] mx-auto max-w-(--thread-content-max-width) flex-1 group\/turn-messages focus-visible:outline-hidden relative flex w-full min-w-0 flex-col agent-turn\">\n<div class=\"flex max-w-full flex-col gap-4 grow\">\n<div class=\"min-h-8 text-message relative flex w-full flex-col items-end gap-2 text-start break-words whitespace-normal outline-none keyboard-focused:focus-ring [.text-message+&amp;]:mt-1\" dir=\"auto\" data-message-author-role=\"assistant\" data-message-id=\"5a63d131-3772-4340-a1b9-0f62a020d8c4\" data-message-model-slug=\"gpt-5-3\" data-turn-start-message=\"true\">\n<div class=\"flex w-full flex-col gap-1 empty:hidden\">\n<div class=\"markdown prose dark:prose-invert w-full wrap-break-word light markdown-new-styling\">\n<ul data-start=\"677\" data-end=\"955\">\n<li data-section-id=\"3m15s8\" data-start=\"677\" data-end=\"731\">Tissu l\u00e9ger, r\u00e9sistant et \u00e0 s\u00e9chage rapide<\/li>\n<li data-section-id=\"b7v8jj\" data-start=\"732\" data-end=\"780\">Empi\u00e8cements en mesh pour une meilleure respirabilit\u00e9<\/li>\n<li data-section-id=\"1j5mcou\" data-start=\"781\" data-end=\"821\">Slip int\u00e9gr\u00e9 pour plus de confort et de couvrance<\/li>\n<li data-section-id=\"rsi565\" data-start=\"822\" data-end=\"860\">Taille mi-haute avec cordon de serrage r\u00e9glable<\/li>\n<li data-section-id=\"yan53f\" data-start=\"861\" data-end=\"898\">Poche lat\u00e9rale avec fermeture \u00e9clair invisible<\/li>\n<li data-section-id=\"127f34d\" data-start=\"899\" data-end=\"955\">Fabriqu\u00e9 avec au moins 90 % de polyester recycl\u00e9<\/li>\n<\/ul>\n<\/div>\n<\/div>\n<\/div>\n<\/div>\n<\/div>\n<\/div>\n<\/section>\n","protected":false},"excerpt":{"rendered":"<ul>\n<li data-section-id=\"wtqale\" data-start=\"1170\" data-end=\"1257\"><strong data-start=\"1172\" data-end=\"1197\">Confort et fra\u00eecheur :<\/strong> tissu l\u00e9ger \u00e0 s\u00e9chage rapide et empi\u00e8cements en maille<\/li>\n<li data-section-id=\"1wn33ik\" data-start=\"1258\" data-end=\"1322\"><strong data-start=\"1260\" data-end=\"1274\">Fonctionnalit\u00e9 :<\/strong> poche lat\u00e9rale zipp\u00e9e pour les objets essentiels<\/li>\n<li data-section-id=\"17oabkk\" data-start=\"1323\" data-end=\"1396\" data-is-last-node=\"\"><strong data-start=\"1325\" data-end=\"1343\">Durabilit\u00e9 :<\/strong> fabriqu\u00e9 \u00e0 partir d&#8217;au moins 90 % de polyester recycl\u00e9<\/li>\n<\/ul>\n","protected":false},"featured_media":432452,"template":"","meta":{"_acf_changed":false,"inline_featured_image":false},"product_brand":[],"product_cat":[22602,22596],"product_tag":[23530,23575],"class_list":{"0":"post-432425","1":"product","2":"type-product","3":"status-publish","4":"has-post-thumbnail","6":"product_cat-pantalon-court","7":"product_cat-vetements-pour-femmes","8":"product_tag-under-armour-fr","9":"product_tag-under-armour-femme","10":"pa_attivita-fitness-fr","11":"pa_attivita-marcher","12":"pa_attivita-running-fr","13":"pa_colore-fly-by-3in-short-w-wham-blue","14":"pa_marca-under-armour-fr","15":"pa_sesso-femme","16":"pa_size-extra-small-fr","17":"pa_size-small-fr","18":"pa_size-medium-fr","20":"first","21":"instock","22":"sale","23":"taxable","24":"shipping-taxable","25":"purchasable","26":"product-type-variable","27":"wvs-archive-product-wrapper"},"acf":[],"yoast_head":"<!-- This site is optimized with the Yoast SEO plugin v26.8 - https:\/\/yoast.com\/product\/yoast-seo-wordpress\/ -->\n<title>Under Armour Fly by 3in short femme -pantalons pour femmes - MioMioRun<\/title>\n<meta name=\"description\" content=\"Short de course l\u00e9ger et respirant, dot\u00e9 d&#039;un slip int\u00e9gr\u00e9, d&#039;une poche zipp\u00e9e et de mat\u00e9riaux durables pour un confort et des performances au quotidien.\" \/>\n<meta name=\"robots\" content=\"index, follow, max-snippet:-1, max-image-preview:large, max-video-preview:-1\" \/>\n<link rel=\"canonical\" href=\"https:\/\/www.miomiorun.com\/fr\/produit\/fly-by-3in-short-femme\/\" \/>\n<meta property=\"og:locale\" content=\"fr_FR\" \/>\n<meta property=\"og:type\" content=\"article\" \/>\n<meta property=\"og:title\" content=\"Under Armour Fly by 3in short femme -pantalons pour femmes - MioMioRun\" \/>\n<meta property=\"og:description\" content=\"Short de course l\u00e9ger et respirant, dot\u00e9 d&#039;un slip int\u00e9gr\u00e9, d&#039;une poche zipp\u00e9e et de mat\u00e9riaux durables pour un confort et des performances au quotidien.\" \/>\n<meta property=\"og:url\" content=\"https:\/\/www.miomiorun.com\/fr\/produit\/fly-by-3in-short-femme\/\" \/>\n<meta property=\"og:site_name\" content=\"MioMioRun\" \/>\n<meta property=\"article:publisher\" content=\"https:\/\/www.facebook.com\/miomiorun\/\" \/>\n<meta property=\"article:modified_time\" content=\"2026-04-30T09:06:08+00:00\" \/>\n<meta property=\"og:image\" content=\"https:\/\/www.miomiorun.com\/app\/uploads\/2026\/04\/under-armor-Fly-by-3in-short-wham-blue-W-1382438-0498.webp\" \/>\n\t<meta property=\"og:image:width\" content=\"720\" \/>\n\t<meta property=\"og:image:height\" content=\"720\" \/>\n\t<meta property=\"og:image:type\" content=\"image\/webp\" \/>\n<meta name=\"twitter:card\" content=\"summary_large_image\" \/>\n<meta name=\"twitter:label1\" content=\"Est. reading time\" \/>\n\t<meta name=\"twitter:data1\" content=\"1 minute\" \/>\n<script type=\"application\/ld+json\" class=\"yoast-schema-graph\">{\"@context\":\"https:\/\/schema.org\",\"@graph\":[{\"@type\":\"WebPage\",\"@id\":\"https:\/\/www.miomiorun.com\/fr\/produit\/fly-by-3in-short-femme\/\",\"url\":\"https:\/\/www.miomiorun.com\/fr\/produit\/fly-by-3in-short-femme\/\",\"name\":\"Under Armour Fly by 3in short femme -pantalons pour femmes - MioMioRun\",\"isPartOf\":{\"@id\":\"https:\/\/www.miomiorun.com\/fr\/#website\"},\"primaryImageOfPage\":{\"@id\":\"https:\/\/www.miomiorun.com\/fr\/produit\/fly-by-3in-short-femme\/#primaryimage\"},\"image\":{\"@id\":\"https:\/\/www.miomiorun.com\/fr\/produit\/fly-by-3in-short-femme\/#primaryimage\"},\"thumbnailUrl\":\"https:\/\/www.miomiorun.com\/app\/uploads\/2026\/04\/under-armor-Fly-by-3in-short-wham-blue-W-1382438-0498.webp\",\"datePublished\":\"2026-04-16T15:29:29+00:00\",\"dateModified\":\"2026-04-30T09:06:08+00:00\",\"description\":\"Short de course l\u00e9ger et respirant, dot\u00e9 d'un slip int\u00e9gr\u00e9, d'une poche zipp\u00e9e et de mat\u00e9riaux durables pour un confort et des performances au quotidien.\",\"breadcrumb\":{\"@id\":\"https:\/\/www.miomiorun.com\/fr\/produit\/fly-by-3in-short-femme\/#breadcrumb\"},\"inLanguage\":\"fr-FR\",\"potentialAction\":[{\"@type\":\"ReadAction\",\"target\":[\"https:\/\/www.miomiorun.com\/fr\/produit\/fly-by-3in-short-femme\/\"]}]},{\"@type\":\"ImageObject\",\"inLanguage\":\"fr-FR\",\"@id\":\"https:\/\/www.miomiorun.com\/fr\/produit\/fly-by-3in-short-femme\/#primaryimage\",\"url\":\"https:\/\/www.miomiorun.com\/app\/uploads\/2026\/04\/under-armor-Fly-by-3in-short-wham-blue-W-1382438-0498.webp\",\"contentUrl\":\"https:\/\/www.miomiorun.com\/app\/uploads\/2026\/04\/under-armor-Fly-by-3in-short-wham-blue-W-1382438-0498.webp\",\"width\":720,\"height\":720,\"caption\":\"under armor Fly by 3in short wham blue W 1382438-0498\"},{\"@type\":\"BreadcrumbList\",\"@id\":\"https:\/\/www.miomiorun.com\/fr\/produit\/fly-by-3in-short-femme\/#breadcrumb\",\"itemListElement\":[{\"@type\":\"ListItem\",\"position\":1,\"name\":\"Home\",\"item\":\"https:\/\/www.miomiorun.com\/fr\/home-page\/\"},{\"@type\":\"ListItem\",\"position\":2,\"name\":\"Shop\",\"item\":\"https:\/\/www.miomiorun.com\/shop\/\"},{\"@type\":\"ListItem\",\"position\":3,\"name\":\"Fly by 3in short femme\"}]},{\"@type\":\"WebSite\",\"@id\":\"https:\/\/www.miomiorun.com\/fr\/#website\",\"url\":\"https:\/\/www.miomiorun.com\/fr\/\",\"name\":\"MioMioRun\",\"description\":\"Boutique 100% running et trail\",\"publisher\":{\"@id\":\"https:\/\/www.miomiorun.com\/fr\/#organization\"},\"potentialAction\":[{\"@type\":\"SearchAction\",\"target\":{\"@type\":\"EntryPoint\",\"urlTemplate\":\"https:\/\/www.miomiorun.com\/fr\/?s={search_term_string}\"},\"query-input\":{\"@type\":\"PropertyValueSpecification\",\"valueRequired\":true,\"valueName\":\"search_term_string\"}}],\"inLanguage\":\"fr-FR\"},{\"@type\":\"Organization\",\"@id\":\"https:\/\/www.miomiorun.com\/fr\/#organization\",\"name\":\"MioMio Run\",\"url\":\"https:\/\/www.miomiorun.com\/fr\/\",\"logo\":{\"@type\":\"ImageObject\",\"inLanguage\":\"fr-FR\",\"@id\":\"https:\/\/www.miomiorun.com\/fr\/#\/schema\/logo\/image\/\",\"url\":\"https:\/\/www.miomiorun.com\/app\/uploads\/2019\/12\/logomio.png\",\"contentUrl\":\"https:\/\/www.miomiorun.com\/app\/uploads\/2019\/12\/logomio.png\",\"width\":115,\"height\":82,\"caption\":\"MioMio Run\"},\"image\":{\"@id\":\"https:\/\/www.miomiorun.com\/fr\/#\/schema\/logo\/image\/\"},\"sameAs\":[\"https:\/\/www.facebook.com\/miomiorun\/\",\"https:\/\/www.instagram.com\/miomiorun\/\"]}]}<\/script>\n<!-- \/ Yoast SEO plugin. -->","yoast_head_json":{"title":"Under Armour Fly by 3in short femme -pantalons pour femmes - MioMioRun","description":"Short de course l\u00e9ger et respirant, dot\u00e9 d'un slip int\u00e9gr\u00e9, d'une poche zipp\u00e9e et de mat\u00e9riaux durables pour un confort et des performances au quotidien.","robots":{"index":"index","follow":"follow","max-snippet":"max-snippet:-1","max-image-preview":"max-image-preview:large","max-video-preview":"max-video-preview:-1"},"canonical":"https:\/\/www.miomiorun.com\/fr\/produit\/fly-by-3in-short-femme\/","og_locale":"fr_FR","og_type":"article","og_title":"Under Armour Fly by 3in short femme -pantalons pour femmes - MioMioRun","og_description":"Short de course l\u00e9ger et respirant, dot\u00e9 d'un slip int\u00e9gr\u00e9, d'une poche zipp\u00e9e et de mat\u00e9riaux durables pour un confort et des performances au quotidien.","og_url":"https:\/\/www.miomiorun.com\/fr\/produit\/fly-by-3in-short-femme\/","og_site_name":"MioMioRun","article_publisher":"https:\/\/www.facebook.com\/miomiorun\/","article_modified_time":"2026-04-30T09:06:08+00:00","og_image":[{"width":720,"height":720,"url":"https:\/\/www.miomiorun.com\/app\/uploads\/2026\/04\/under-armor-Fly-by-3in-short-wham-blue-W-1382438-0498.webp","type":"image\/webp"}],"twitter_card":"summary_large_image","twitter_misc":{"Est. reading time":"1 minute"},"schema":{"@context":"https:\/\/schema.org","@graph":[{"@type":"WebPage","@id":"https:\/\/www.miomiorun.com\/fr\/produit\/fly-by-3in-short-femme\/","url":"https:\/\/www.miomiorun.com\/fr\/produit\/fly-by-3in-short-femme\/","name":"Under Armour Fly by 3in short femme -pantalons pour femmes - MioMioRun","isPartOf":{"@id":"https:\/\/www.miomiorun.com\/fr\/#website"},"primaryImageOfPage":{"@id":"https:\/\/www.miomiorun.com\/fr\/produit\/fly-by-3in-short-femme\/#primaryimage"},"image":{"@id":"https:\/\/www.miomiorun.com\/fr\/produit\/fly-by-3in-short-femme\/#primaryimage"},"thumbnailUrl":"https:\/\/www.miomiorun.com\/app\/uploads\/2026\/04\/under-armor-Fly-by-3in-short-wham-blue-W-1382438-0498.webp","datePublished":"2026-04-16T15:29:29+00:00","dateModified":"2026-04-30T09:06:08+00:00","description":"Short de course l\u00e9ger et respirant, dot\u00e9 d'un slip int\u00e9gr\u00e9, d'une poche zipp\u00e9e et de mat\u00e9riaux durables pour un confort et des performances au quotidien.","breadcrumb":{"@id":"https:\/\/www.miomiorun.com\/fr\/produit\/fly-by-3in-short-femme\/#breadcrumb"},"inLanguage":"fr-FR","potentialAction":[{"@type":"ReadAction","target":["https:\/\/www.miomiorun.com\/fr\/produit\/fly-by-3in-short-femme\/"]}]},{"@type":"ImageObject","inLanguage":"fr-FR","@id":"https:\/\/www.miomiorun.com\/fr\/produit\/fly-by-3in-short-femme\/#primaryimage","url":"https:\/\/www.miomiorun.com\/app\/uploads\/2026\/04\/under-armor-Fly-by-3in-short-wham-blue-W-1382438-0498.webp","contentUrl":"https:\/\/www.miomiorun.com\/app\/uploads\/2026\/04\/under-armor-Fly-by-3in-short-wham-blue-W-1382438-0498.webp","width":720,"height":720,"caption":"under armor Fly by 3in short wham blue W 1382438-0498"},{"@type":"BreadcrumbList","@id":"https:\/\/www.miomiorun.com\/fr\/produit\/fly-by-3in-short-femme\/#breadcrumb","itemListElement":[{"@type":"ListItem","position":1,"name":"Home","item":"https:\/\/www.miomiorun.com\/fr\/home-page\/"},{"@type":"ListItem","position":2,"name":"Shop","item":"https:\/\/www.miomiorun.com\/shop\/"},{"@type":"ListItem","position":3,"name":"Fly by 3in short femme"}]},{"@type":"WebSite","@id":"https:\/\/www.miomiorun.com\/fr\/#website","url":"https:\/\/www.miomiorun.com\/fr\/","name":"MioMioRun","description":"Boutique 100% running et trail","publisher":{"@id":"https:\/\/www.miomiorun.com\/fr\/#organization"},"potentialAction":[{"@type":"SearchAction","target":{"@type":"EntryPoint","urlTemplate":"https:\/\/www.miomiorun.com\/fr\/?s={search_term_string}"},"query-input":{"@type":"PropertyValueSpecification","valueRequired":true,"valueName":"search_term_string"}}],"inLanguage":"fr-FR"},{"@type":"Organization","@id":"https:\/\/www.miomiorun.com\/fr\/#organization","name":"MioMio Run","url":"https:\/\/www.miomiorun.com\/fr\/","logo":{"@type":"ImageObject","inLanguage":"fr-FR","@id":"https:\/\/www.miomiorun.com\/fr\/#\/schema\/logo\/image\/","url":"https:\/\/www.miomiorun.com\/app\/uploads\/2019\/12\/logomio.png","contentUrl":"https:\/\/www.miomiorun.com\/app\/uploads\/2019\/12\/logomio.png","width":115,"height":82,"caption":"MioMio Run"},"image":{"@id":"https:\/\/www.miomiorun.com\/fr\/#\/schema\/logo\/image\/"},"sameAs":["https:\/\/www.facebook.com\/miomiorun\/","https:\/\/www.instagram.com\/miomiorun\/"]}]}},"_links":{"self":[{"href":"https:\/\/www.miomiorun.com\/fr\/wp-json\/wp\/v2\/product\/432425","targetHints":{"allow":["GET"]}}],"collection":[{"href":"https:\/\/www.miomiorun.com\/fr\/wp-json\/wp\/v2\/product"}],"about":[{"href":"https:\/\/www.miomiorun.com\/fr\/wp-json\/wp\/v2\/types\/product"}],"wp:featuredmedia":[{"embeddable":true,"href":"https:\/\/www.miomiorun.com\/fr\/wp-json\/wp\/v2\/media\/432452"}],"wp:attachment":[{"href":"https:\/\/www.miomiorun.com\/fr\/wp-json\/wp\/v2\/media?parent=432425"}],"wp:term":[{"taxonomy":"product_brand","embeddable":true,"href":"https:\/\/www.miomiorun.com\/fr\/wp-json\/wp\/v2\/product_brand?post=432425"},{"taxonomy":"product_cat","embeddable":true,"href":"https:\/\/www.miomiorun.com\/fr\/wp-json\/wp\/v2\/product_cat?post=432425"},{"taxonomy":"product_tag","embeddable":true,"href":"https:\/\/www.miomiorun.com\/fr\/wp-json\/wp\/v2\/product_tag?post=432425"}],"curies":[{"name":"wp","href":"https:\/\/api.w.org\/{rel}","templated":true}]}}