{"id":432288,"date":"2026-04-16T16:28:40","date_gmt":"2026-04-16T14:28:40","guid":{"rendered":"https:\/\/www.miomiorun.com\/?post_type=product&#038;p=432288"},"modified":"2026-04-30T10:37:39","modified_gmt":"2026-04-30T08:37:39","slug":"cable-de-chargement-de-donnees-usb-c","status":"publish","type":"product","link":"https:\/\/www.miomiorun.com\/fr\/produit\/cable-de-chargement-de-donnees-usb-c\/","title":{"rendered":"C\u00e2ble de donn\u00e9es\/charge USB-C"},"content":{"rendered":"<p>Branchez ce c\u00e2ble \u00e0 un adaptateur d&#8217;alimentation USB-C (vendu s\u00e9par\u00e9ment) pour recharger rapidement et facilement votre appareil compatible.<\/p>\n<p>Id\u00e9al pour un usage quotidien, il garantit une connexion stable et fiable pendant la recharge.<\/p>\n","protected":false},"excerpt":{"rendered":"<ul>\n<li data-section-id=\"1kmj3og\" data-start=\"410\" data-end=\"463\">Compatible avec les appareils \u00e9quip\u00e9s d&#8217;un port USB-C<\/li>\n<li data-section-id=\"1e7qrrh\" data-start=\"464\" data-end=\"518\">Recharge simple et rapide gr\u00e2ce \u00e0 un adaptateur d\u00e9di\u00e9<\/li>\n<li data-section-id=\"hqyb7m\" data-start=\"519\" data-end=\"578\" data-is-last-node=\"\">Connexion stable pour une utilisation quotidienne fiable<\/li>\n<\/ul>\n","protected":false},"featured_media":433179,"template":"","meta":{"_acf_changed":false,"inline_featured_image":false},"product_brand":[],"product_cat":[22537,22566],"product_tag":[23480],"class_list":{"0":"post-432288","1":"product","2":"type-product","3":"status-publish","4":"has-post-thumbnail","6":"product_cat-garmin-fr","7":"product_cat-accessoires-fr","8":"product_tag-garmin-fr","9":"pa_marca-garmin-fr","10":"pa_sesso-femme","11":"pa_sesso-homme","13":"first","14":"instock","15":"sale","16":"taxable","17":"shipping-taxable","18":"purchasable","19":"product-type-simple"},"acf":[],"yoast_head":"<!-- This site is optimized with the Yoast SEO plugin v26.8 - https:\/\/yoast.com\/product\/yoast-seo-wordpress\/ -->\n<title>Garmin C\u00e2ble de donn\u00e9es\/charge USB-C - accessoires Garmin - MioMioRun<\/title>\n<meta name=\"description\" content=\"Branchez ce c\u00e2ble \u00e0 un adaptateur d&#039;alimentation USB-C (vendu s\u00e9par\u00e9ment) pour recharger rapidement et facilement votre appareil compatible\" \/>\n<meta name=\"robots\" content=\"index, follow, max-snippet:-1, max-image-preview:large, max-video-preview:-1\" \/>\n<link rel=\"canonical\" href=\"https:\/\/www.miomiorun.com\/fr\/produit\/cable-de-chargement-de-donnees-usb-c\/\" \/>\n<meta property=\"og:locale\" content=\"fr_FR\" \/>\n<meta property=\"og:type\" content=\"article\" \/>\n<meta property=\"og:title\" content=\"Garmin C\u00e2ble de donn\u00e9es\/charge USB-C - accessoires Garmin - MioMioRun\" \/>\n<meta property=\"og:description\" content=\"Branchez ce c\u00e2ble \u00e0 un adaptateur d&#039;alimentation USB-C (vendu s\u00e9par\u00e9ment) pour recharger rapidement et facilement votre appareil compatible\" \/>\n<meta property=\"og:url\" content=\"https:\/\/www.miomiorun.com\/fr\/produit\/cable-de-chargement-de-donnees-usb-c\/\" \/>\n<meta property=\"og:site_name\" content=\"MioMioRun\" \/>\n<meta property=\"article:publisher\" content=\"https:\/\/www.facebook.com\/miomiorun\/\" \/>\n<meta property=\"article:modified_time\" content=\"2026-04-30T08:37:39+00:00\" \/>\n<meta property=\"og:image\" content=\"https:\/\/www.miomiorun.com\/app\/uploads\/2026\/04\/garmin-CAVO-RICARICA-USB-C-010-13278-00.webp\" \/>\n\t<meta property=\"og:image:width\" content=\"720\" \/>\n\t<meta property=\"og:image:height\" content=\"720\" \/>\n\t<meta property=\"og:image:type\" content=\"image\/webp\" \/>\n<meta name=\"twitter:card\" content=\"summary_large_image\" \/>\n<script type=\"application\/ld+json\" class=\"yoast-schema-graph\">{\"@context\":\"https:\/\/schema.org\",\"@graph\":[{\"@type\":\"WebPage\",\"@id\":\"https:\/\/www.miomiorun.com\/fr\/produit\/cable-de-chargement-de-donnees-usb-c\/\",\"url\":\"https:\/\/www.miomiorun.com\/fr\/produit\/cable-de-chargement-de-donnees-usb-c\/\",\"name\":\"Garmin C\u00e2ble de donn\u00e9es\/charge USB-C - accessoires Garmin - MioMioRun\",\"isPartOf\":{\"@id\":\"https:\/\/www.miomiorun.com\/fr\/#website\"},\"primaryImageOfPage\":{\"@id\":\"https:\/\/www.miomiorun.com\/fr\/produit\/cable-de-chargement-de-donnees-usb-c\/#primaryimage\"},\"image\":{\"@id\":\"https:\/\/www.miomiorun.com\/fr\/produit\/cable-de-chargement-de-donnees-usb-c\/#primaryimage\"},\"thumbnailUrl\":\"https:\/\/www.miomiorun.com\/app\/uploads\/2026\/04\/garmin-CAVO-RICARICA-USB-C-010-13278-00.webp\",\"datePublished\":\"2026-04-16T14:28:40+00:00\",\"dateModified\":\"2026-04-30T08:37:39+00:00\",\"description\":\"Branchez ce c\u00e2ble \u00e0 un adaptateur d'alimentation USB-C (vendu s\u00e9par\u00e9ment) pour recharger rapidement et facilement votre appareil compatible\",\"breadcrumb\":{\"@id\":\"https:\/\/www.miomiorun.com\/fr\/produit\/cable-de-chargement-de-donnees-usb-c\/#breadcrumb\"},\"inLanguage\":\"fr-FR\",\"potentialAction\":[{\"@type\":\"ReadAction\",\"target\":[\"https:\/\/www.miomiorun.com\/fr\/produit\/cable-de-chargement-de-donnees-usb-c\/\"]}]},{\"@type\":\"ImageObject\",\"inLanguage\":\"fr-FR\",\"@id\":\"https:\/\/www.miomiorun.com\/fr\/produit\/cable-de-chargement-de-donnees-usb-c\/#primaryimage\",\"url\":\"https:\/\/www.miomiorun.com\/app\/uploads\/2026\/04\/garmin-CAVO-RICARICA-USB-C-010-13278-00.webp\",\"contentUrl\":\"https:\/\/www.miomiorun.com\/app\/uploads\/2026\/04\/garmin-CAVO-RICARICA-USB-C-010-13278-00.webp\",\"width\":720,\"height\":720,\"caption\":\"garmin CAVO RICARICA USB-C 010-13278-00\"},{\"@type\":\"BreadcrumbList\",\"@id\":\"https:\/\/www.miomiorun.com\/fr\/produit\/cable-de-chargement-de-donnees-usb-c\/#breadcrumb\",\"itemListElement\":[{\"@type\":\"ListItem\",\"position\":1,\"name\":\"Home\",\"item\":\"https:\/\/www.miomiorun.com\/fr\/home-page\/\"},{\"@type\":\"ListItem\",\"position\":2,\"name\":\"Shop\",\"item\":\"https:\/\/www.miomiorun.com\/shop\/\"},{\"@type\":\"ListItem\",\"position\":3,\"name\":\"C\u00e2ble de donn\u00e9es\/charge USB-C\"}]},{\"@type\":\"WebSite\",\"@id\":\"https:\/\/www.miomiorun.com\/fr\/#website\",\"url\":\"https:\/\/www.miomiorun.com\/fr\/\",\"name\":\"MioMioRun\",\"description\":\"Boutique 100% running et trail\",\"publisher\":{\"@id\":\"https:\/\/www.miomiorun.com\/fr\/#organization\"},\"potentialAction\":[{\"@type\":\"SearchAction\",\"target\":{\"@type\":\"EntryPoint\",\"urlTemplate\":\"https:\/\/www.miomiorun.com\/fr\/?s={search_term_string}\"},\"query-input\":{\"@type\":\"PropertyValueSpecification\",\"valueRequired\":true,\"valueName\":\"search_term_string\"}}],\"inLanguage\":\"fr-FR\"},{\"@type\":\"Organization\",\"@id\":\"https:\/\/www.miomiorun.com\/fr\/#organization\",\"name\":\"MioMio Run\",\"url\":\"https:\/\/www.miomiorun.com\/fr\/\",\"logo\":{\"@type\":\"ImageObject\",\"inLanguage\":\"fr-FR\",\"@id\":\"https:\/\/www.miomiorun.com\/fr\/#\/schema\/logo\/image\/\",\"url\":\"https:\/\/www.miomiorun.com\/app\/uploads\/2019\/12\/logomio.png\",\"contentUrl\":\"https:\/\/www.miomiorun.com\/app\/uploads\/2019\/12\/logomio.png\",\"width\":115,\"height\":82,\"caption\":\"MioMio Run\"},\"image\":{\"@id\":\"https:\/\/www.miomiorun.com\/fr\/#\/schema\/logo\/image\/\"},\"sameAs\":[\"https:\/\/www.facebook.com\/miomiorun\/\",\"https:\/\/www.instagram.com\/miomiorun\/\"]}]}<\/script>\n<!-- \/ Yoast SEO plugin. -->","yoast_head_json":{"title":"Garmin C\u00e2ble de donn\u00e9es\/charge USB-C - accessoires Garmin - MioMioRun","description":"Branchez ce c\u00e2ble \u00e0 un adaptateur d'alimentation USB-C (vendu s\u00e9par\u00e9ment) pour recharger rapidement et facilement votre appareil compatible","robots":{"index":"index","follow":"follow","max-snippet":"max-snippet:-1","max-image-preview":"max-image-preview:large","max-video-preview":"max-video-preview:-1"},"canonical":"https:\/\/www.miomiorun.com\/fr\/produit\/cable-de-chargement-de-donnees-usb-c\/","og_locale":"fr_FR","og_type":"article","og_title":"Garmin C\u00e2ble de donn\u00e9es\/charge USB-C - accessoires Garmin - MioMioRun","og_description":"Branchez ce c\u00e2ble \u00e0 un adaptateur d'alimentation USB-C (vendu s\u00e9par\u00e9ment) pour recharger rapidement et facilement votre appareil compatible","og_url":"https:\/\/www.miomiorun.com\/fr\/produit\/cable-de-chargement-de-donnees-usb-c\/","og_site_name":"MioMioRun","article_publisher":"https:\/\/www.facebook.com\/miomiorun\/","article_modified_time":"2026-04-30T08:37:39+00:00","og_image":[{"width":720,"height":720,"url":"https:\/\/www.miomiorun.com\/app\/uploads\/2026\/04\/garmin-CAVO-RICARICA-USB-C-010-13278-00.webp","type":"image\/webp"}],"twitter_card":"summary_large_image","schema":{"@context":"https:\/\/schema.org","@graph":[{"@type":"WebPage","@id":"https:\/\/www.miomiorun.com\/fr\/produit\/cable-de-chargement-de-donnees-usb-c\/","url":"https:\/\/www.miomiorun.com\/fr\/produit\/cable-de-chargement-de-donnees-usb-c\/","name":"Garmin C\u00e2ble de donn\u00e9es\/charge USB-C - accessoires Garmin - MioMioRun","isPartOf":{"@id":"https:\/\/www.miomiorun.com\/fr\/#website"},"primaryImageOfPage":{"@id":"https:\/\/www.miomiorun.com\/fr\/produit\/cable-de-chargement-de-donnees-usb-c\/#primaryimage"},"image":{"@id":"https:\/\/www.miomiorun.com\/fr\/produit\/cable-de-chargement-de-donnees-usb-c\/#primaryimage"},"thumbnailUrl":"https:\/\/www.miomiorun.com\/app\/uploads\/2026\/04\/garmin-CAVO-RICARICA-USB-C-010-13278-00.webp","datePublished":"2026-04-16T14:28:40+00:00","dateModified":"2026-04-30T08:37:39+00:00","description":"Branchez ce c\u00e2ble \u00e0 un adaptateur d'alimentation USB-C (vendu s\u00e9par\u00e9ment) pour recharger rapidement et facilement votre appareil compatible","breadcrumb":{"@id":"https:\/\/www.miomiorun.com\/fr\/produit\/cable-de-chargement-de-donnees-usb-c\/#breadcrumb"},"inLanguage":"fr-FR","potentialAction":[{"@type":"ReadAction","target":["https:\/\/www.miomiorun.com\/fr\/produit\/cable-de-chargement-de-donnees-usb-c\/"]}]},{"@type":"ImageObject","inLanguage":"fr-FR","@id":"https:\/\/www.miomiorun.com\/fr\/produit\/cable-de-chargement-de-donnees-usb-c\/#primaryimage","url":"https:\/\/www.miomiorun.com\/app\/uploads\/2026\/04\/garmin-CAVO-RICARICA-USB-C-010-13278-00.webp","contentUrl":"https:\/\/www.miomiorun.com\/app\/uploads\/2026\/04\/garmin-CAVO-RICARICA-USB-C-010-13278-00.webp","width":720,"height":720,"caption":"garmin CAVO RICARICA USB-C 010-13278-00"},{"@type":"BreadcrumbList","@id":"https:\/\/www.miomiorun.com\/fr\/produit\/cable-de-chargement-de-donnees-usb-c\/#breadcrumb","itemListElement":[{"@type":"ListItem","position":1,"name":"Home","item":"https:\/\/www.miomiorun.com\/fr\/home-page\/"},{"@type":"ListItem","position":2,"name":"Shop","item":"https:\/\/www.miomiorun.com\/shop\/"},{"@type":"ListItem","position":3,"name":"C\u00e2ble de donn\u00e9es\/charge USB-C"}]},{"@type":"WebSite","@id":"https:\/\/www.miomiorun.com\/fr\/#website","url":"https:\/\/www.miomiorun.com\/fr\/","name":"MioMioRun","description":"Boutique 100% running et trail","publisher":{"@id":"https:\/\/www.miomiorun.com\/fr\/#organization"},"potentialAction":[{"@type":"SearchAction","target":{"@type":"EntryPoint","urlTemplate":"https:\/\/www.miomiorun.com\/fr\/?s={search_term_string}"},"query-input":{"@type":"PropertyValueSpecification","valueRequired":true,"valueName":"search_term_string"}}],"inLanguage":"fr-FR"},{"@type":"Organization","@id":"https:\/\/www.miomiorun.com\/fr\/#organization","name":"MioMio Run","url":"https:\/\/www.miomiorun.com\/fr\/","logo":{"@type":"ImageObject","inLanguage":"fr-FR","@id":"https:\/\/www.miomiorun.com\/fr\/#\/schema\/logo\/image\/","url":"https:\/\/www.miomiorun.com\/app\/uploads\/2019\/12\/logomio.png","contentUrl":"https:\/\/www.miomiorun.com\/app\/uploads\/2019\/12\/logomio.png","width":115,"height":82,"caption":"MioMio Run"},"image":{"@id":"https:\/\/www.miomiorun.com\/fr\/#\/schema\/logo\/image\/"},"sameAs":["https:\/\/www.facebook.com\/miomiorun\/","https:\/\/www.instagram.com\/miomiorun\/"]}]}},"_links":{"self":[{"href":"https:\/\/www.miomiorun.com\/fr\/wp-json\/wp\/v2\/product\/432288","targetHints":{"allow":["GET"]}}],"collection":[{"href":"https:\/\/www.miomiorun.com\/fr\/wp-json\/wp\/v2\/product"}],"about":[{"href":"https:\/\/www.miomiorun.com\/fr\/wp-json\/wp\/v2\/types\/product"}],"wp:featuredmedia":[{"embeddable":true,"href":"https:\/\/www.miomiorun.com\/fr\/wp-json\/wp\/v2\/media\/433179"}],"wp:attachment":[{"href":"https:\/\/www.miomiorun.com\/fr\/wp-json\/wp\/v2\/media?parent=432288"}],"wp:term":[{"taxonomy":"product_brand","embeddable":true,"href":"https:\/\/www.miomiorun.com\/fr\/wp-json\/wp\/v2\/product_brand?post=432288"},{"taxonomy":"product_cat","embeddable":true,"href":"https:\/\/www.miomiorun.com\/fr\/wp-json\/wp\/v2\/product_cat?post=432288"},{"taxonomy":"product_tag","embeddable":true,"href":"https:\/\/www.miomiorun.com\/fr\/wp-json\/wp\/v2\/product_tag?post=432288"}],"curies":[{"name":"wp","href":"https:\/\/api.w.org\/{rel}","templated":true}]}}