{"id":432000,"date":"2026-04-16T12:12:48","date_gmt":"2026-04-16T10:12:48","guid":{"rendered":"https:\/\/www.miomiorun.com\/?post_type=product&#038;p=432000"},"modified":"2026-04-30T10:35:45","modified_gmt":"2026-04-30T08:35:45","slug":"short-alpinstar-femme","status":"publish","type":"product","link":"https:\/\/www.miomiorun.com\/fr\/produit\/short-alpinstar-femme\/","title":{"rendered":"Short alpinstar femme"},"content":{"rendered":"<div class=\"single-product-description\">\n<p data-start=\"0\" data-end=\"596\">Notre short le plus technique, id\u00e9al pour la randonn\u00e9e estivale, allie performance et confort dans un design \u00e9pur\u00e9 et moderne. Confectionn\u00e9 en tissu <strong data-start=\"146\" data-end=\"160\">Lite-Guard<\/strong>, il offre respirabilit\u00e9, \u00e9lasticit\u00e9 et protection contre le vent, pour vous accompagner m\u00eame lors de vos sorties les plus exigeantes. Le look a \u00e9t\u00e9 encore \u00e9pur\u00e9 gr\u00e2ce \u00e0 des d\u00e9tails modernis\u00e9s sur les c\u00f4t\u00e9s et \u00e0 un ourlet coll\u00e9, arrondi avec une fente lat\u00e9rale superpos\u00e9e. La taille ouverte avec fermeture \u00e9clair invisible et bouton plat dissimul\u00e9 assure un ajustement pr\u00e9cis et confortable, tandis que les deux poches zipp\u00e9es le rendent pratique pour toutes les activit\u00e9s de plein air.<\/p>\n<ul data-start=\"598\" data-end=\"704\">\n<li data-section-id=\"13u9ay2\" data-start=\"598\" data-end=\"621\">Poches pour les mains zipp\u00e9es<\/li>\n<li data-section-id=\"yqkqxa\" data-start=\"622\" data-end=\"646\">Coutures contrast\u00e9es<\/li>\n<li data-section-id=\"1dwu5ag\" data-start=\"647\" data-end=\"682\">Taille ouverte avec bande \u00e9lastique<\/li>\n<li data-section-id=\"j0d6n0\" data-start=\"683\" data-end=\"704\">Logos r\u00e9fl\u00e9chissants<\/li>\n<\/ul>\n<\/div>\n","protected":false},"excerpt":{"rendered":"<ul>\n<li data-section-id=\"14rzxdq\" data-start=\"1114\" data-end=\"1201\"><strong data-start=\"1116\" data-end=\"1143\">Respirabilit\u00e9 avanc\u00e9e :<\/strong> double tissu avec perforations au laser et empi\u00e8cements microperfor\u00e9s<\/li>\n<li data-section-id=\"oqa5xe\" data-start=\"1202\" data-end=\"1283\"><strong data-start=\"1204\" data-end=\"1227\">Confort et maintien :<\/strong> slip int\u00e9rieur en microfibre et taille \u00e9lastique r\u00e9glable<\/li>\n<li data-section-id=\"16a9mb7\" data-start=\"1284\" data-end=\"1363\" data-is-last-node=\"\"><strong data-start=\"1286\" data-end=\"1302\">Polyvalence :<\/strong> poches pratiques et design adapt\u00e9 au trail et \u00e0 la course quotidienne<\/li>\n<\/ul>\n","protected":false},"featured_media":432021,"template":"","meta":{"_acf_changed":false,"inline_featured_image":false},"product_brand":[],"product_cat":[22602,22596],"product_tag":[23489,23491],"class_list":{"0":"post-432000","1":"product","2":"type-product","3":"status-publish","4":"has-post-thumbnail","6":"product_cat-pantalon-court","7":"product_cat-vetements-pour-femmes","8":"product_tag-crazy-idea-fr","9":"product_tag-crazy-idea-femme","10":"pa_attivita-marcher","11":"pa_attivita-outdoor-fr","12":"pa_colore-short-alpinstar-black-w","13":"pa_colore-short-alpinstar-w-lake","14":"pa_marca-crazy-idea-fr","15":"pa_sesso-femme","16":"pa_size-extra-small-fr","17":"pa_size-small-fr","18":"pa_size-medium-fr","19":"pa_size-large-fr","21":"first","22":"instock","23":"sale","24":"taxable","25":"shipping-taxable","26":"purchasable","27":"product-type-variable","28":"wvs-archive-product-wrapper"},"acf":[],"yoast_head":"<!-- This site is optimized with the Yoast SEO plugin v26.8 - https:\/\/yoast.com\/product\/yoast-seo-wordpress\/ -->\n<title>Crazy Idea Short alpinstar femme - Shorts pour femmes - MioMioRun<\/title>\n<meta name=\"description\" content=\"Un short technique de randonn\u00e9e, l\u00e9ger et respirant, con\u00e7u pour garantir confort, protection et fonctionnalit\u00e9 lors des sorties estivales.\" \/>\n<meta name=\"robots\" content=\"index, follow, max-snippet:-1, max-image-preview:large, max-video-preview:-1\" \/>\n<link rel=\"canonical\" href=\"https:\/\/www.miomiorun.com\/fr\/produit\/short-alpinstar-femme\/\" \/>\n<meta property=\"og:locale\" content=\"fr_FR\" \/>\n<meta property=\"og:type\" content=\"article\" \/>\n<meta property=\"og:title\" content=\"Crazy Idea Short alpinstar femme - Shorts pour femmes - MioMioRun\" \/>\n<meta property=\"og:description\" content=\"Un short technique de randonn\u00e9e, l\u00e9ger et respirant, con\u00e7u pour garantir confort, protection et fonctionnalit\u00e9 lors des sorties estivales.\" \/>\n<meta property=\"og:url\" content=\"https:\/\/www.miomiorun.com\/fr\/produit\/short-alpinstar-femme\/\" \/>\n<meta property=\"og:site_name\" content=\"MioMioRun\" \/>\n<meta property=\"article:publisher\" content=\"https:\/\/www.facebook.com\/miomiorun\/\" \/>\n<meta property=\"article:modified_time\" content=\"2026-04-30T08:35:45+00:00\" \/>\n<meta property=\"og:image\" content=\"https:\/\/www.miomiorun.com\/app\/uploads\/2026\/04\/crazy-Short-alpinstar-black-W-S26015167D-0001.webp\" \/>\n\t<meta property=\"og:image:width\" content=\"720\" \/>\n\t<meta property=\"og:image:height\" content=\"720\" \/>\n\t<meta property=\"og:image:type\" content=\"image\/webp\" \/>\n<meta name=\"twitter:card\" content=\"summary_large_image\" \/>\n<meta name=\"twitter:label1\" content=\"Est. reading time\" \/>\n\t<meta name=\"twitter:data1\" content=\"1 minute\" \/>\n<script type=\"application\/ld+json\" class=\"yoast-schema-graph\">{\"@context\":\"https:\/\/schema.org\",\"@graph\":[{\"@type\":\"WebPage\",\"@id\":\"https:\/\/www.miomiorun.com\/fr\/produit\/short-alpinstar-femme\/\",\"url\":\"https:\/\/www.miomiorun.com\/fr\/produit\/short-alpinstar-femme\/\",\"name\":\"Crazy Idea Short alpinstar femme - Shorts pour femmes - MioMioRun\",\"isPartOf\":{\"@id\":\"https:\/\/www.miomiorun.com\/fr\/#website\"},\"primaryImageOfPage\":{\"@id\":\"https:\/\/www.miomiorun.com\/fr\/produit\/short-alpinstar-femme\/#primaryimage\"},\"image\":{\"@id\":\"https:\/\/www.miomiorun.com\/fr\/produit\/short-alpinstar-femme\/#primaryimage\"},\"thumbnailUrl\":\"https:\/\/www.miomiorun.com\/app\/uploads\/2026\/04\/crazy-Short-alpinstar-black-W-S26015167D-0001.webp\",\"datePublished\":\"2026-04-16T10:12:48+00:00\",\"dateModified\":\"2026-04-30T08:35:45+00:00\",\"description\":\"Un short technique de randonn\u00e9e, l\u00e9ger et respirant, con\u00e7u pour garantir confort, protection et fonctionnalit\u00e9 lors des sorties estivales.\",\"breadcrumb\":{\"@id\":\"https:\/\/www.miomiorun.com\/fr\/produit\/short-alpinstar-femme\/#breadcrumb\"},\"inLanguage\":\"fr-FR\",\"potentialAction\":[{\"@type\":\"ReadAction\",\"target\":[\"https:\/\/www.miomiorun.com\/fr\/produit\/short-alpinstar-femme\/\"]}]},{\"@type\":\"ImageObject\",\"inLanguage\":\"fr-FR\",\"@id\":\"https:\/\/www.miomiorun.com\/fr\/produit\/short-alpinstar-femme\/#primaryimage\",\"url\":\"https:\/\/www.miomiorun.com\/app\/uploads\/2026\/04\/crazy-Short-alpinstar-black-W-S26015167D-0001.webp\",\"contentUrl\":\"https:\/\/www.miomiorun.com\/app\/uploads\/2026\/04\/crazy-Short-alpinstar-black-W-S26015167D-0001.webp\",\"width\":720,\"height\":720,\"caption\":\"crazy Short alpinstar black W S26015167D-0001\"},{\"@type\":\"BreadcrumbList\",\"@id\":\"https:\/\/www.miomiorun.com\/fr\/produit\/short-alpinstar-femme\/#breadcrumb\",\"itemListElement\":[{\"@type\":\"ListItem\",\"position\":1,\"name\":\"Home\",\"item\":\"https:\/\/www.miomiorun.com\/fr\/home-page\/\"},{\"@type\":\"ListItem\",\"position\":2,\"name\":\"Shop\",\"item\":\"https:\/\/www.miomiorun.com\/shop\/\"},{\"@type\":\"ListItem\",\"position\":3,\"name\":\"Short alpinstar femme\"}]},{\"@type\":\"WebSite\",\"@id\":\"https:\/\/www.miomiorun.com\/fr\/#website\",\"url\":\"https:\/\/www.miomiorun.com\/fr\/\",\"name\":\"MioMioRun\",\"description\":\"Boutique 100% running et trail\",\"publisher\":{\"@id\":\"https:\/\/www.miomiorun.com\/fr\/#organization\"},\"potentialAction\":[{\"@type\":\"SearchAction\",\"target\":{\"@type\":\"EntryPoint\",\"urlTemplate\":\"https:\/\/www.miomiorun.com\/fr\/?s={search_term_string}\"},\"query-input\":{\"@type\":\"PropertyValueSpecification\",\"valueRequired\":true,\"valueName\":\"search_term_string\"}}],\"inLanguage\":\"fr-FR\"},{\"@type\":\"Organization\",\"@id\":\"https:\/\/www.miomiorun.com\/fr\/#organization\",\"name\":\"MioMio Run\",\"url\":\"https:\/\/www.miomiorun.com\/fr\/\",\"logo\":{\"@type\":\"ImageObject\",\"inLanguage\":\"fr-FR\",\"@id\":\"https:\/\/www.miomiorun.com\/fr\/#\/schema\/logo\/image\/\",\"url\":\"https:\/\/www.miomiorun.com\/app\/uploads\/2019\/12\/logomio.png\",\"contentUrl\":\"https:\/\/www.miomiorun.com\/app\/uploads\/2019\/12\/logomio.png\",\"width\":115,\"height\":82,\"caption\":\"MioMio Run\"},\"image\":{\"@id\":\"https:\/\/www.miomiorun.com\/fr\/#\/schema\/logo\/image\/\"},\"sameAs\":[\"https:\/\/www.facebook.com\/miomiorun\/\",\"https:\/\/www.instagram.com\/miomiorun\/\"]}]}<\/script>\n<!-- \/ Yoast SEO plugin. -->","yoast_head_json":{"title":"Crazy Idea Short alpinstar femme - Shorts pour femmes - MioMioRun","description":"Un short technique de randonn\u00e9e, l\u00e9ger et respirant, con\u00e7u pour garantir confort, protection et fonctionnalit\u00e9 lors des sorties estivales.","robots":{"index":"index","follow":"follow","max-snippet":"max-snippet:-1","max-image-preview":"max-image-preview:large","max-video-preview":"max-video-preview:-1"},"canonical":"https:\/\/www.miomiorun.com\/fr\/produit\/short-alpinstar-femme\/","og_locale":"fr_FR","og_type":"article","og_title":"Crazy Idea Short alpinstar femme - Shorts pour femmes - MioMioRun","og_description":"Un short technique de randonn\u00e9e, l\u00e9ger et respirant, con\u00e7u pour garantir confort, protection et fonctionnalit\u00e9 lors des sorties estivales.","og_url":"https:\/\/www.miomiorun.com\/fr\/produit\/short-alpinstar-femme\/","og_site_name":"MioMioRun","article_publisher":"https:\/\/www.facebook.com\/miomiorun\/","article_modified_time":"2026-04-30T08:35:45+00:00","og_image":[{"width":720,"height":720,"url":"https:\/\/www.miomiorun.com\/app\/uploads\/2026\/04\/crazy-Short-alpinstar-black-W-S26015167D-0001.webp","type":"image\/webp"}],"twitter_card":"summary_large_image","twitter_misc":{"Est. reading time":"1 minute"},"schema":{"@context":"https:\/\/schema.org","@graph":[{"@type":"WebPage","@id":"https:\/\/www.miomiorun.com\/fr\/produit\/short-alpinstar-femme\/","url":"https:\/\/www.miomiorun.com\/fr\/produit\/short-alpinstar-femme\/","name":"Crazy Idea Short alpinstar femme - Shorts pour femmes - MioMioRun","isPartOf":{"@id":"https:\/\/www.miomiorun.com\/fr\/#website"},"primaryImageOfPage":{"@id":"https:\/\/www.miomiorun.com\/fr\/produit\/short-alpinstar-femme\/#primaryimage"},"image":{"@id":"https:\/\/www.miomiorun.com\/fr\/produit\/short-alpinstar-femme\/#primaryimage"},"thumbnailUrl":"https:\/\/www.miomiorun.com\/app\/uploads\/2026\/04\/crazy-Short-alpinstar-black-W-S26015167D-0001.webp","datePublished":"2026-04-16T10:12:48+00:00","dateModified":"2026-04-30T08:35:45+00:00","description":"Un short technique de randonn\u00e9e, l\u00e9ger et respirant, con\u00e7u pour garantir confort, protection et fonctionnalit\u00e9 lors des sorties estivales.","breadcrumb":{"@id":"https:\/\/www.miomiorun.com\/fr\/produit\/short-alpinstar-femme\/#breadcrumb"},"inLanguage":"fr-FR","potentialAction":[{"@type":"ReadAction","target":["https:\/\/www.miomiorun.com\/fr\/produit\/short-alpinstar-femme\/"]}]},{"@type":"ImageObject","inLanguage":"fr-FR","@id":"https:\/\/www.miomiorun.com\/fr\/produit\/short-alpinstar-femme\/#primaryimage","url":"https:\/\/www.miomiorun.com\/app\/uploads\/2026\/04\/crazy-Short-alpinstar-black-W-S26015167D-0001.webp","contentUrl":"https:\/\/www.miomiorun.com\/app\/uploads\/2026\/04\/crazy-Short-alpinstar-black-W-S26015167D-0001.webp","width":720,"height":720,"caption":"crazy Short alpinstar black W S26015167D-0001"},{"@type":"BreadcrumbList","@id":"https:\/\/www.miomiorun.com\/fr\/produit\/short-alpinstar-femme\/#breadcrumb","itemListElement":[{"@type":"ListItem","position":1,"name":"Home","item":"https:\/\/www.miomiorun.com\/fr\/home-page\/"},{"@type":"ListItem","position":2,"name":"Shop","item":"https:\/\/www.miomiorun.com\/shop\/"},{"@type":"ListItem","position":3,"name":"Short alpinstar femme"}]},{"@type":"WebSite","@id":"https:\/\/www.miomiorun.com\/fr\/#website","url":"https:\/\/www.miomiorun.com\/fr\/","name":"MioMioRun","description":"Boutique 100% running et trail","publisher":{"@id":"https:\/\/www.miomiorun.com\/fr\/#organization"},"potentialAction":[{"@type":"SearchAction","target":{"@type":"EntryPoint","urlTemplate":"https:\/\/www.miomiorun.com\/fr\/?s={search_term_string}"},"query-input":{"@type":"PropertyValueSpecification","valueRequired":true,"valueName":"search_term_string"}}],"inLanguage":"fr-FR"},{"@type":"Organization","@id":"https:\/\/www.miomiorun.com\/fr\/#organization","name":"MioMio Run","url":"https:\/\/www.miomiorun.com\/fr\/","logo":{"@type":"ImageObject","inLanguage":"fr-FR","@id":"https:\/\/www.miomiorun.com\/fr\/#\/schema\/logo\/image\/","url":"https:\/\/www.miomiorun.com\/app\/uploads\/2019\/12\/logomio.png","contentUrl":"https:\/\/www.miomiorun.com\/app\/uploads\/2019\/12\/logomio.png","width":115,"height":82,"caption":"MioMio Run"},"image":{"@id":"https:\/\/www.miomiorun.com\/fr\/#\/schema\/logo\/image\/"},"sameAs":["https:\/\/www.facebook.com\/miomiorun\/","https:\/\/www.instagram.com\/miomiorun\/"]}]}},"_links":{"self":[{"href":"https:\/\/www.miomiorun.com\/fr\/wp-json\/wp\/v2\/product\/432000","targetHints":{"allow":["GET"]}}],"collection":[{"href":"https:\/\/www.miomiorun.com\/fr\/wp-json\/wp\/v2\/product"}],"about":[{"href":"https:\/\/www.miomiorun.com\/fr\/wp-json\/wp\/v2\/types\/product"}],"wp:featuredmedia":[{"embeddable":true,"href":"https:\/\/www.miomiorun.com\/fr\/wp-json\/wp\/v2\/media\/432021"}],"wp:attachment":[{"href":"https:\/\/www.miomiorun.com\/fr\/wp-json\/wp\/v2\/media?parent=432000"}],"wp:term":[{"taxonomy":"product_brand","embeddable":true,"href":"https:\/\/www.miomiorun.com\/fr\/wp-json\/wp\/v2\/product_brand?post=432000"},{"taxonomy":"product_cat","embeddable":true,"href":"https:\/\/www.miomiorun.com\/fr\/wp-json\/wp\/v2\/product_cat?post=432000"},{"taxonomy":"product_tag","embeddable":true,"href":"https:\/\/www.miomiorun.com\/fr\/wp-json\/wp\/v2\/product_tag?post=432000"}],"curies":[{"name":"wp","href":"https:\/\/api.w.org\/{rel}","templated":true}]}}