{"id":431876,"date":"2026-04-16T11:34:11","date_gmt":"2026-04-16T09:34:11","guid":{"rendered":"https:\/\/www.miomiorun.com\/?post_type=product&#038;p=431876"},"modified":"2026-04-30T10:31:22","modified_gmt":"2026-04-30T08:31:22","slug":"short-light-up-femme","status":"publish","type":"product","link":"https:\/\/www.miomiorun.com\/fr\/produit\/short-light-up-femme\/","title":{"rendered":"Short light up femme"},"content":{"rendered":"<div class=\"single-product-description\">\n<p data-start=\"0\" data-end=\"757\">Le nouveau <strong data-start=\"9\" data-end=\"27\">Short Light Up<\/strong> est un short de course polyvalent au design moderne, id\u00e9al aussi bien pour le trail que pour des activit\u00e9s moins intenses, gr\u00e2ce \u00e0 sa coupe confortable et \u00e0 son look \u00e9pur\u00e9 agr\u00e9ment\u00e9 de poches ouvertes pratiques. Sa conception est hautement technique, r\u00e9alis\u00e9e \u00e0 partir de deux tissus ultra-l\u00e9gers : \u00e0 l&#8217;avant, il pr\u00e9sente des perforations au laser qui am\u00e9liorent la ventilation et la l\u00e9g\u00e8ret\u00e9, tandis qu&#8217;\u00e0 l&#8217;arri\u00e8re, le tissu est enti\u00e8rement microperfor\u00e9, respirant et \u00e0 s\u00e9chage rapide. La ceinture plate, \u00e0 la coupe \u00e9pur\u00e9e, est r\u00e9alis\u00e9e dans un mat\u00e9riau offrant maintien et respirabilit\u00e9 ; le slip int\u00e9rieur en microfibre de derni\u00e8re g\u00e9n\u00e9ration assure confort et protection, tandis que les ourlets dot\u00e9s de bandes r\u00e9fl\u00e9chissantes r\u00e9duisent les frottements pendant l&#8217;activit\u00e9.<\/p>\n<ul data-start=\"759\" data-end=\"889\">\n<li data-section-id=\"zuz55a\" data-start=\"759\" data-end=\"783\">2 poches ouvertes<\/li>\n<li data-section-id=\"kshjmr\" data-start=\"784\" data-end=\"817\">1 petite poche arri\u00e8re zipp\u00e9e<\/li>\n<li data-section-id=\"ccfl03\" data-start=\"818\" data-end=\"848\">Bande r\u00e9fl\u00e9chissante au bas du pantalon<\/li>\n<li data-section-id=\"l1cio6\" data-start=\"849\" data-end=\"889\">Taille \u00e9lastique r\u00e9glable par cordon<\/li>\n<\/ul>\n<\/div>\n","protected":false},"excerpt":{"rendered":"<ul>\n<li data-section-id=\"14rzxdq\" data-start=\"1114\" data-end=\"1201\"><strong data-start=\"1116\" data-end=\"1143\">Respirabilit\u00e9 avanc\u00e9e :<\/strong> double tissu avec perforations au laser et empi\u00e8cements microperfor\u00e9s<\/li>\n<li data-section-id=\"oqa5xe\" data-start=\"1202\" data-end=\"1283\"><strong data-start=\"1204\" data-end=\"1227\">Confort et maintien :<\/strong> slip int\u00e9rieur en microfibre et taille \u00e9lastique r\u00e9glable<\/li>\n<li data-section-id=\"16a9mb7\" data-start=\"1284\" data-end=\"1363\" data-is-last-node=\"\"><strong data-start=\"1286\" data-end=\"1302\">Polyvalence :<\/strong> poches pratiques et design adapt\u00e9 au trail et \u00e0 la course quotidienne<\/li>\n<\/ul>\n","protected":false},"featured_media":431900,"template":"","meta":{"_acf_changed":false,"inline_featured_image":false},"product_brand":[],"product_cat":[22602,22596],"product_tag":[23489,23491],"class_list":{"0":"post-431876","1":"product","2":"type-product","3":"status-publish","4":"has-post-thumbnail","6":"product_cat-pantalon-court","7":"product_cat-vetements-pour-femmes","8":"product_tag-crazy-idea-fr","9":"product_tag-crazy-idea-femme","10":"pa_attivita-marcher","11":"pa_attivita-outdoor-fr","12":"pa_attivita-running-fr","13":"pa_attivita-trail-fr","14":"pa_colore-short-light-up-w-aster","15":"pa_colore-short-light-up-w-pop","16":"pa_marca-crazy-idea-fr","17":"pa_sesso-femme","18":"pa_size-extra-small-fr","19":"pa_size-small-fr","20":"pa_size-medium-fr","21":"pa_size-large-fr","23":"first","24":"instock","25":"sale","26":"taxable","27":"shipping-taxable","28":"purchasable","29":"product-type-variable","30":"wvs-archive-product-wrapper"},"acf":[],"yoast_head":"<!-- This site is optimized with the Yoast SEO plugin v26.8 - https:\/\/yoast.com\/product\/yoast-seo-wordpress\/ -->\n<title>Crazy Idea Short light up femme - Shorts pour femmes- MioMioRun<\/title>\n<meta name=\"description\" content=\"Le short Light Up est un short de course \u00e0 pied l\u00e9ger et technique, con\u00e7u pour offrir confort, respirabilit\u00e9 et polyvalence sur route et en trail.\" \/>\n<meta name=\"robots\" content=\"index, follow, max-snippet:-1, max-image-preview:large, max-video-preview:-1\" \/>\n<link rel=\"canonical\" href=\"https:\/\/www.miomiorun.com\/fr\/produit\/short-light-up-femme\/\" \/>\n<meta property=\"og:locale\" content=\"fr_FR\" \/>\n<meta property=\"og:type\" content=\"article\" \/>\n<meta property=\"og:title\" content=\"Crazy Idea Short light up femme - Shorts pour femmes- MioMioRun\" \/>\n<meta property=\"og:description\" content=\"Le short Light Up est un short de course \u00e0 pied l\u00e9ger et technique, con\u00e7u pour offrir confort, respirabilit\u00e9 et polyvalence sur route et en trail.\" \/>\n<meta property=\"og:url\" content=\"https:\/\/www.miomiorun.com\/fr\/produit\/short-light-up-femme\/\" \/>\n<meta property=\"og:site_name\" content=\"MioMioRun\" \/>\n<meta property=\"article:publisher\" content=\"https:\/\/www.facebook.com\/miomiorun\/\" \/>\n<meta property=\"article:modified_time\" content=\"2026-04-30T08:31:22+00:00\" \/>\n<meta property=\"og:image\" content=\"https:\/\/www.miomiorun.com\/app\/uploads\/2026\/04\/crazy-Short-light-up-W-pop-S26015212D-0063.webp\" \/>\n\t<meta property=\"og:image:width\" content=\"720\" \/>\n\t<meta property=\"og:image:height\" content=\"720\" \/>\n\t<meta property=\"og:image:type\" content=\"image\/webp\" \/>\n<meta name=\"twitter:card\" content=\"summary_large_image\" \/>\n<meta name=\"twitter:label1\" content=\"Est. reading time\" \/>\n\t<meta name=\"twitter:data1\" content=\"1 minute\" \/>\n<script type=\"application\/ld+json\" class=\"yoast-schema-graph\">{\"@context\":\"https:\/\/schema.org\",\"@graph\":[{\"@type\":\"WebPage\",\"@id\":\"https:\/\/www.miomiorun.com\/fr\/produit\/short-light-up-femme\/\",\"url\":\"https:\/\/www.miomiorun.com\/fr\/produit\/short-light-up-femme\/\",\"name\":\"Crazy Idea Short light up femme - Shorts pour femmes- MioMioRun\",\"isPartOf\":{\"@id\":\"https:\/\/www.miomiorun.com\/fr\/#website\"},\"primaryImageOfPage\":{\"@id\":\"https:\/\/www.miomiorun.com\/fr\/produit\/short-light-up-femme\/#primaryimage\"},\"image\":{\"@id\":\"https:\/\/www.miomiorun.com\/fr\/produit\/short-light-up-femme\/#primaryimage\"},\"thumbnailUrl\":\"https:\/\/www.miomiorun.com\/app\/uploads\/2026\/04\/crazy-Short-light-up-W-pop-S26015212D-0063.webp\",\"datePublished\":\"2026-04-16T09:34:11+00:00\",\"dateModified\":\"2026-04-30T08:31:22+00:00\",\"description\":\"Le short Light Up est un short de course \u00e0 pied l\u00e9ger et technique, con\u00e7u pour offrir confort, respirabilit\u00e9 et polyvalence sur route et en trail.\",\"breadcrumb\":{\"@id\":\"https:\/\/www.miomiorun.com\/fr\/produit\/short-light-up-femme\/#breadcrumb\"},\"inLanguage\":\"fr-FR\",\"potentialAction\":[{\"@type\":\"ReadAction\",\"target\":[\"https:\/\/www.miomiorun.com\/fr\/produit\/short-light-up-femme\/\"]}]},{\"@type\":\"ImageObject\",\"inLanguage\":\"fr-FR\",\"@id\":\"https:\/\/www.miomiorun.com\/fr\/produit\/short-light-up-femme\/#primaryimage\",\"url\":\"https:\/\/www.miomiorun.com\/app\/uploads\/2026\/04\/crazy-Short-light-up-W-pop-S26015212D-0063.webp\",\"contentUrl\":\"https:\/\/www.miomiorun.com\/app\/uploads\/2026\/04\/crazy-Short-light-up-W-pop-S26015212D-0063.webp\",\"width\":720,\"height\":720,\"caption\":\"crazy Short light up W pop S26015212D-0063\"},{\"@type\":\"BreadcrumbList\",\"@id\":\"https:\/\/www.miomiorun.com\/fr\/produit\/short-light-up-femme\/#breadcrumb\",\"itemListElement\":[{\"@type\":\"ListItem\",\"position\":1,\"name\":\"Home\",\"item\":\"https:\/\/www.miomiorun.com\/fr\/home-page\/\"},{\"@type\":\"ListItem\",\"position\":2,\"name\":\"Shop\",\"item\":\"https:\/\/www.miomiorun.com\/shop\/\"},{\"@type\":\"ListItem\",\"position\":3,\"name\":\"Short light up femme\"}]},{\"@type\":\"WebSite\",\"@id\":\"https:\/\/www.miomiorun.com\/fr\/#website\",\"url\":\"https:\/\/www.miomiorun.com\/fr\/\",\"name\":\"MioMioRun\",\"description\":\"Boutique 100% running et trail\",\"publisher\":{\"@id\":\"https:\/\/www.miomiorun.com\/fr\/#organization\"},\"potentialAction\":[{\"@type\":\"SearchAction\",\"target\":{\"@type\":\"EntryPoint\",\"urlTemplate\":\"https:\/\/www.miomiorun.com\/fr\/?s={search_term_string}\"},\"query-input\":{\"@type\":\"PropertyValueSpecification\",\"valueRequired\":true,\"valueName\":\"search_term_string\"}}],\"inLanguage\":\"fr-FR\"},{\"@type\":\"Organization\",\"@id\":\"https:\/\/www.miomiorun.com\/fr\/#organization\",\"name\":\"MioMio Run\",\"url\":\"https:\/\/www.miomiorun.com\/fr\/\",\"logo\":{\"@type\":\"ImageObject\",\"inLanguage\":\"fr-FR\",\"@id\":\"https:\/\/www.miomiorun.com\/fr\/#\/schema\/logo\/image\/\",\"url\":\"https:\/\/www.miomiorun.com\/app\/uploads\/2019\/12\/logomio.png\",\"contentUrl\":\"https:\/\/www.miomiorun.com\/app\/uploads\/2019\/12\/logomio.png\",\"width\":115,\"height\":82,\"caption\":\"MioMio Run\"},\"image\":{\"@id\":\"https:\/\/www.miomiorun.com\/fr\/#\/schema\/logo\/image\/\"},\"sameAs\":[\"https:\/\/www.facebook.com\/miomiorun\/\",\"https:\/\/www.instagram.com\/miomiorun\/\"]}]}<\/script>\n<!-- \/ Yoast SEO plugin. -->","yoast_head_json":{"title":"Crazy Idea Short light up femme - Shorts pour femmes- MioMioRun","description":"Le short Light Up est un short de course \u00e0 pied l\u00e9ger et technique, con\u00e7u pour offrir confort, respirabilit\u00e9 et polyvalence sur route et en trail.","robots":{"index":"index","follow":"follow","max-snippet":"max-snippet:-1","max-image-preview":"max-image-preview:large","max-video-preview":"max-video-preview:-1"},"canonical":"https:\/\/www.miomiorun.com\/fr\/produit\/short-light-up-femme\/","og_locale":"fr_FR","og_type":"article","og_title":"Crazy Idea Short light up femme - Shorts pour femmes- MioMioRun","og_description":"Le short Light Up est un short de course \u00e0 pied l\u00e9ger et technique, con\u00e7u pour offrir confort, respirabilit\u00e9 et polyvalence sur route et en trail.","og_url":"https:\/\/www.miomiorun.com\/fr\/produit\/short-light-up-femme\/","og_site_name":"MioMioRun","article_publisher":"https:\/\/www.facebook.com\/miomiorun\/","article_modified_time":"2026-04-30T08:31:22+00:00","og_image":[{"width":720,"height":720,"url":"https:\/\/www.miomiorun.com\/app\/uploads\/2026\/04\/crazy-Short-light-up-W-pop-S26015212D-0063.webp","type":"image\/webp"}],"twitter_card":"summary_large_image","twitter_misc":{"Est. reading time":"1 minute"},"schema":{"@context":"https:\/\/schema.org","@graph":[{"@type":"WebPage","@id":"https:\/\/www.miomiorun.com\/fr\/produit\/short-light-up-femme\/","url":"https:\/\/www.miomiorun.com\/fr\/produit\/short-light-up-femme\/","name":"Crazy Idea Short light up femme - Shorts pour femmes- MioMioRun","isPartOf":{"@id":"https:\/\/www.miomiorun.com\/fr\/#website"},"primaryImageOfPage":{"@id":"https:\/\/www.miomiorun.com\/fr\/produit\/short-light-up-femme\/#primaryimage"},"image":{"@id":"https:\/\/www.miomiorun.com\/fr\/produit\/short-light-up-femme\/#primaryimage"},"thumbnailUrl":"https:\/\/www.miomiorun.com\/app\/uploads\/2026\/04\/crazy-Short-light-up-W-pop-S26015212D-0063.webp","datePublished":"2026-04-16T09:34:11+00:00","dateModified":"2026-04-30T08:31:22+00:00","description":"Le short Light Up est un short de course \u00e0 pied l\u00e9ger et technique, con\u00e7u pour offrir confort, respirabilit\u00e9 et polyvalence sur route et en trail.","breadcrumb":{"@id":"https:\/\/www.miomiorun.com\/fr\/produit\/short-light-up-femme\/#breadcrumb"},"inLanguage":"fr-FR","potentialAction":[{"@type":"ReadAction","target":["https:\/\/www.miomiorun.com\/fr\/produit\/short-light-up-femme\/"]}]},{"@type":"ImageObject","inLanguage":"fr-FR","@id":"https:\/\/www.miomiorun.com\/fr\/produit\/short-light-up-femme\/#primaryimage","url":"https:\/\/www.miomiorun.com\/app\/uploads\/2026\/04\/crazy-Short-light-up-W-pop-S26015212D-0063.webp","contentUrl":"https:\/\/www.miomiorun.com\/app\/uploads\/2026\/04\/crazy-Short-light-up-W-pop-S26015212D-0063.webp","width":720,"height":720,"caption":"crazy Short light up W pop S26015212D-0063"},{"@type":"BreadcrumbList","@id":"https:\/\/www.miomiorun.com\/fr\/produit\/short-light-up-femme\/#breadcrumb","itemListElement":[{"@type":"ListItem","position":1,"name":"Home","item":"https:\/\/www.miomiorun.com\/fr\/home-page\/"},{"@type":"ListItem","position":2,"name":"Shop","item":"https:\/\/www.miomiorun.com\/shop\/"},{"@type":"ListItem","position":3,"name":"Short light up femme"}]},{"@type":"WebSite","@id":"https:\/\/www.miomiorun.com\/fr\/#website","url":"https:\/\/www.miomiorun.com\/fr\/","name":"MioMioRun","description":"Boutique 100% running et trail","publisher":{"@id":"https:\/\/www.miomiorun.com\/fr\/#organization"},"potentialAction":[{"@type":"SearchAction","target":{"@type":"EntryPoint","urlTemplate":"https:\/\/www.miomiorun.com\/fr\/?s={search_term_string}"},"query-input":{"@type":"PropertyValueSpecification","valueRequired":true,"valueName":"search_term_string"}}],"inLanguage":"fr-FR"},{"@type":"Organization","@id":"https:\/\/www.miomiorun.com\/fr\/#organization","name":"MioMio Run","url":"https:\/\/www.miomiorun.com\/fr\/","logo":{"@type":"ImageObject","inLanguage":"fr-FR","@id":"https:\/\/www.miomiorun.com\/fr\/#\/schema\/logo\/image\/","url":"https:\/\/www.miomiorun.com\/app\/uploads\/2019\/12\/logomio.png","contentUrl":"https:\/\/www.miomiorun.com\/app\/uploads\/2019\/12\/logomio.png","width":115,"height":82,"caption":"MioMio Run"},"image":{"@id":"https:\/\/www.miomiorun.com\/fr\/#\/schema\/logo\/image\/"},"sameAs":["https:\/\/www.facebook.com\/miomiorun\/","https:\/\/www.instagram.com\/miomiorun\/"]}]}},"_links":{"self":[{"href":"https:\/\/www.miomiorun.com\/fr\/wp-json\/wp\/v2\/product\/431876","targetHints":{"allow":["GET"]}}],"collection":[{"href":"https:\/\/www.miomiorun.com\/fr\/wp-json\/wp\/v2\/product"}],"about":[{"href":"https:\/\/www.miomiorun.com\/fr\/wp-json\/wp\/v2\/types\/product"}],"wp:featuredmedia":[{"embeddable":true,"href":"https:\/\/www.miomiorun.com\/fr\/wp-json\/wp\/v2\/media\/431900"}],"wp:attachment":[{"href":"https:\/\/www.miomiorun.com\/fr\/wp-json\/wp\/v2\/media?parent=431876"}],"wp:term":[{"taxonomy":"product_brand","embeddable":true,"href":"https:\/\/www.miomiorun.com\/fr\/wp-json\/wp\/v2\/product_brand?post=431876"},{"taxonomy":"product_cat","embeddable":true,"href":"https:\/\/www.miomiorun.com\/fr\/wp-json\/wp\/v2\/product_cat?post=431876"},{"taxonomy":"product_tag","embeddable":true,"href":"https:\/\/www.miomiorun.com\/fr\/wp-json\/wp\/v2\/product_tag?post=431876"}],"curies":[{"name":"wp","href":"https:\/\/api.w.org\/{rel}","templated":true}]}}