{"id":431846,"date":"2026-04-16T11:22:37","date_gmt":"2026-04-16T09:22:37","guid":{"rendered":"https:\/\/www.miomiorun.com\/?post_type=product&#038;p=431846"},"modified":"2026-04-30T10:30:21","modified_gmt":"2026-04-30T08:30:21","slug":"short-thunder-homme","status":"publish","type":"product","link":"https:\/\/www.miomiorun.com\/fr\/produit\/short-thunder-homme\/","title":{"rendered":"Short thunder homme"},"content":{"rendered":"<div class=\"single-product-description\">\n<div class=\"single-product-description\">\n<section class=\"text-token-text-primary w-full focus:outline-none [--shadow-height:45px] has-data-writing-block:pointer-events-none has-data-writing-block:-mt-(--shadow-height) has-data-writing-block:pt-(--shadow-height) [&amp;:has([data-writing-block])&gt;*]:pointer-events-auto scroll-mt-[calc(var(--header-height)+min(200px,max(70px,20svh)))]\" dir=\"auto\" data-turn-id=\"request-69dfb6f1-5f88-8389-850d-293d733da817-13\" data-testid=\"conversation-turn-50\" data-scroll-anchor=\"true\" data-turn=\"assistant\">\n<div class=\"text-base my-auto mx-auto pb-10 [--thread-content-margin:var(--thread-content-margin-xs,calc(var(--spacing)*4))] @w-sm\/main:[--thread-content-margin:var(--thread-content-margin-sm,calc(var(--spacing)*6))] @w-lg\/main:[--thread-content-margin:var(--thread-content-margin-lg,calc(var(--spacing)*16))] px-(--thread-content-margin)\">\n<div class=\"[--thread-content-max-width:40rem] @w-lg\/main:[--thread-content-max-width:48rem] mx-auto max-w-(--thread-content-max-width) flex-1 group\/turn-messages focus-visible:outline-hidden relative flex w-full min-w-0 flex-col agent-turn\">\n<div class=\"flex max-w-full flex-col gap-4 grow\">\n<div class=\"min-h-8 text-message relative flex w-full flex-col items-end gap-2 text-start break-words whitespace-normal outline-none keyboard-focused:focus-ring [.text-message+&amp;]:mt-1\" dir=\"auto\" data-message-author-role=\"assistant\" data-message-id=\"dcd7e517-8743-4e14-8da7-e6d2c2b3d19c\" data-message-model-slug=\"gpt-5-3\" data-turn-start-message=\"true\">\n<div class=\"flex w-full flex-col gap-1 empty:hidden\">\n<div class=\"markdown prose dark:prose-invert w-full wrap-break-word light markdown-new-styling\">\n<p data-start=\"0\" data-end=\"529\">Le <strong data-start=\"3\" data-end=\"20\">short Thunder<\/strong> est le short le plus l\u00e9ger de la collection et figure parmi les mod\u00e8les de course \u00e0 pied les plus minimalistes et les plus performants du march\u00e9. Id\u00e9al pour la course en montagne et les journ\u00e9es particuli\u00e8rement chaudes, il est confectionn\u00e9 dans un tissu unique ultra-l\u00e9ger, microperfor\u00e9 et ajour\u00e9, qui garantit une respirabilit\u00e9 maximale et un s\u00e9chage rapide. La ceinture plate, au design \u00e9pur\u00e9 et moderne, est r\u00e9alis\u00e9e dans un tissu de maintien enti\u00e8rement microperfor\u00e9, tandis que les ourlets dot\u00e9s de bandes r\u00e9fl\u00e9chissantes r\u00e9duisent les frottements pendant la course.<\/p>\n<ul data-start=\"531\" data-end=\"720\">\n<li data-section-id=\"1gw2qjw\" data-start=\"531\" data-end=\"587\">Ceinture multipoches avec poche arri\u00e8re zipp\u00e9e<\/li>\n<li data-section-id=\"ccfl03\" data-start=\"588\" data-end=\"618\">Bande r\u00e9fl\u00e9chissante sur le bas<\/li>\n<li data-section-id=\"1xzg76w\" data-start=\"619\" data-end=\"649\">Slip int\u00e9rieur en microfibre<\/li>\n<li data-section-id=\"17aozk2\" data-start=\"650\" data-end=\"681\">Taille r\u00e9glable par cordon<\/li>\n<li data-section-id=\"1tk6xue\" data-start=\"682\" data-end=\"720\">Passants arri\u00e8re pour b\u00e2tons<\/li>\n<\/ul>\n<\/div>\n<\/div>\n<\/div>\n<\/div>\n<\/div>\n<\/div>\n<\/section>\n<\/div>\n<\/div>\n","protected":false},"excerpt":{"rendered":"<ul>\n<li data-section-id=\"1ofxgfs\" data-start=\"956\" data-end=\"1047\"><strong data-start=\"958\" data-end=\"976\">Ultra-l\u00e9ger :<\/strong> tissu micro-perfor\u00e9 pour une fra\u00eecheur maximale et un s\u00e9chage rapide<\/li>\n<li data-section-id=\"1n3ek68\" data-start=\"1048\" data-end=\"1132\"><strong data-start=\"1050\" data-end=\"1074\">Performance course \u00e0 pied :<\/strong> coupe \u00e9pur\u00e9e avec slip int\u00e9gr\u00e9 et taille ajustable<\/li>\n<li data-section-id=\"162m1ht\" data-start=\"1133\" data-end=\"1213\" data-is-last-node=\"\"><strong data-start=\"1135\" data-end=\"1158\">Fonctionnalit\u00e9 trail :<\/strong> poches, d\u00e9tails r\u00e9fl\u00e9chissants et passants pour b\u00e2tons<\/li>\n<\/ul>\n","protected":false},"featured_media":431863,"template":"","meta":{"_acf_changed":false,"inline_featured_image":false},"product_brand":[],"product_cat":[24477,24482],"product_tag":[23489,23610],"class_list":{"0":"post-431846","1":"product","2":"type-product","3":"status-publish","4":"has-post-thumbnail","6":"product_cat-pantalon-court-fr-3","7":"product_cat-vetements-pour-hommes-fr","8":"product_tag-crazy-idea-fr","9":"product_tag-crazy-idea-homme","10":"pa_attivita-running-fr","11":"pa_attivita-trail-fr","12":"pa_colore-short-thunder-print-light-jeans","13":"pa_marca-crazy-idea-fr","14":"pa_sesso-homme","15":"pa_size-small-fr","17":"first","18":"instock","19":"sale","20":"taxable","21":"shipping-taxable","22":"purchasable","23":"product-type-variable","24":"wvs-archive-product-wrapper"},"acf":[],"yoast_head":"<!-- This site is optimized with the Yoast SEO plugin v26.8 - https:\/\/yoast.com\/product\/yoast-seo-wordpress\/ -->\n<title>Crazy Idea Short thunder homme - Short pour homme - MioMioRun<\/title>\n<meta name=\"description\" content=\"short de course ultral\u00e9ger et respirant, id\u00e9al pour les performances de vitesse lors des journ\u00e9es les plus chaudes et des courses en montagne\" \/>\n<meta name=\"robots\" content=\"index, follow, max-snippet:-1, max-image-preview:large, max-video-preview:-1\" \/>\n<link rel=\"canonical\" href=\"https:\/\/www.miomiorun.com\/fr\/produit\/short-thunder-homme\/\" \/>\n<meta property=\"og:locale\" content=\"fr_FR\" \/>\n<meta property=\"og:type\" content=\"article\" \/>\n<meta property=\"og:title\" content=\"Crazy Idea Short thunder homme - Short pour homme - MioMioRun\" \/>\n<meta property=\"og:description\" content=\"short de course ultral\u00e9ger et respirant, id\u00e9al pour les performances de vitesse lors des journ\u00e9es les plus chaudes et des courses en montagne\" \/>\n<meta property=\"og:url\" content=\"https:\/\/www.miomiorun.com\/fr\/produit\/short-thunder-homme\/\" \/>\n<meta property=\"og:site_name\" content=\"MioMioRun\" \/>\n<meta property=\"article:publisher\" content=\"https:\/\/www.facebook.com\/miomiorun\/\" \/>\n<meta property=\"article:modified_time\" content=\"2026-04-30T08:30:21+00:00\" \/>\n<meta property=\"og:image\" content=\"https:\/\/www.miomiorun.com\/app\/uploads\/2026\/04\/crazy-Short-thunder-print-light-jeans-S26015259U-00X015.webp\" \/>\n\t<meta property=\"og:image:width\" content=\"720\" \/>\n\t<meta property=\"og:image:height\" content=\"720\" \/>\n\t<meta property=\"og:image:type\" content=\"image\/webp\" \/>\n<meta name=\"twitter:card\" content=\"summary_large_image\" \/>\n<meta name=\"twitter:label1\" content=\"Est. reading time\" \/>\n\t<meta name=\"twitter:data1\" content=\"1 minute\" \/>\n<script type=\"application\/ld+json\" class=\"yoast-schema-graph\">{\"@context\":\"https:\/\/schema.org\",\"@graph\":[{\"@type\":\"WebPage\",\"@id\":\"https:\/\/www.miomiorun.com\/fr\/produit\/short-thunder-homme\/\",\"url\":\"https:\/\/www.miomiorun.com\/fr\/produit\/short-thunder-homme\/\",\"name\":\"Crazy Idea Short thunder homme - Short pour homme - MioMioRun\",\"isPartOf\":{\"@id\":\"https:\/\/www.miomiorun.com\/fr\/#website\"},\"primaryImageOfPage\":{\"@id\":\"https:\/\/www.miomiorun.com\/fr\/produit\/short-thunder-homme\/#primaryimage\"},\"image\":{\"@id\":\"https:\/\/www.miomiorun.com\/fr\/produit\/short-thunder-homme\/#primaryimage\"},\"thumbnailUrl\":\"https:\/\/www.miomiorun.com\/app\/uploads\/2026\/04\/crazy-Short-thunder-print-light-jeans-S26015259U-00X015.webp\",\"datePublished\":\"2026-04-16T09:22:37+00:00\",\"dateModified\":\"2026-04-30T08:30:21+00:00\",\"description\":\"short de course ultral\u00e9ger et respirant, id\u00e9al pour les performances de vitesse lors des journ\u00e9es les plus chaudes et des courses en montagne\",\"breadcrumb\":{\"@id\":\"https:\/\/www.miomiorun.com\/fr\/produit\/short-thunder-homme\/#breadcrumb\"},\"inLanguage\":\"fr-FR\",\"potentialAction\":[{\"@type\":\"ReadAction\",\"target\":[\"https:\/\/www.miomiorun.com\/fr\/produit\/short-thunder-homme\/\"]}]},{\"@type\":\"ImageObject\",\"inLanguage\":\"fr-FR\",\"@id\":\"https:\/\/www.miomiorun.com\/fr\/produit\/short-thunder-homme\/#primaryimage\",\"url\":\"https:\/\/www.miomiorun.com\/app\/uploads\/2026\/04\/crazy-Short-thunder-print-light-jeans-S26015259U-00X015.webp\",\"contentUrl\":\"https:\/\/www.miomiorun.com\/app\/uploads\/2026\/04\/crazy-Short-thunder-print-light-jeans-S26015259U-00X015.webp\",\"width\":720,\"height\":720,\"caption\":\"crazy Short thunder print light jeans S26015259U-00X015\"},{\"@type\":\"BreadcrumbList\",\"@id\":\"https:\/\/www.miomiorun.com\/fr\/produit\/short-thunder-homme\/#breadcrumb\",\"itemListElement\":[{\"@type\":\"ListItem\",\"position\":1,\"name\":\"Home\",\"item\":\"https:\/\/www.miomiorun.com\/fr\/home-page\/\"},{\"@type\":\"ListItem\",\"position\":2,\"name\":\"Shop\",\"item\":\"https:\/\/www.miomiorun.com\/shop\/\"},{\"@type\":\"ListItem\",\"position\":3,\"name\":\"Short thunder homme\"}]},{\"@type\":\"WebSite\",\"@id\":\"https:\/\/www.miomiorun.com\/fr\/#website\",\"url\":\"https:\/\/www.miomiorun.com\/fr\/\",\"name\":\"MioMioRun\",\"description\":\"Boutique 100% running et trail\",\"publisher\":{\"@id\":\"https:\/\/www.miomiorun.com\/fr\/#organization\"},\"potentialAction\":[{\"@type\":\"SearchAction\",\"target\":{\"@type\":\"EntryPoint\",\"urlTemplate\":\"https:\/\/www.miomiorun.com\/fr\/?s={search_term_string}\"},\"query-input\":{\"@type\":\"PropertyValueSpecification\",\"valueRequired\":true,\"valueName\":\"search_term_string\"}}],\"inLanguage\":\"fr-FR\"},{\"@type\":\"Organization\",\"@id\":\"https:\/\/www.miomiorun.com\/fr\/#organization\",\"name\":\"MioMio Run\",\"url\":\"https:\/\/www.miomiorun.com\/fr\/\",\"logo\":{\"@type\":\"ImageObject\",\"inLanguage\":\"fr-FR\",\"@id\":\"https:\/\/www.miomiorun.com\/fr\/#\/schema\/logo\/image\/\",\"url\":\"https:\/\/www.miomiorun.com\/app\/uploads\/2019\/12\/logomio.png\",\"contentUrl\":\"https:\/\/www.miomiorun.com\/app\/uploads\/2019\/12\/logomio.png\",\"width\":115,\"height\":82,\"caption\":\"MioMio Run\"},\"image\":{\"@id\":\"https:\/\/www.miomiorun.com\/fr\/#\/schema\/logo\/image\/\"},\"sameAs\":[\"https:\/\/www.facebook.com\/miomiorun\/\",\"https:\/\/www.instagram.com\/miomiorun\/\"]}]}<\/script>\n<!-- \/ Yoast SEO plugin. -->","yoast_head_json":{"title":"Crazy Idea Short thunder homme - Short pour homme - MioMioRun","description":"short de course ultral\u00e9ger et respirant, id\u00e9al pour les performances de vitesse lors des journ\u00e9es les plus chaudes et des courses en montagne","robots":{"index":"index","follow":"follow","max-snippet":"max-snippet:-1","max-image-preview":"max-image-preview:large","max-video-preview":"max-video-preview:-1"},"canonical":"https:\/\/www.miomiorun.com\/fr\/produit\/short-thunder-homme\/","og_locale":"fr_FR","og_type":"article","og_title":"Crazy Idea Short thunder homme - Short pour homme - MioMioRun","og_description":"short de course ultral\u00e9ger et respirant, id\u00e9al pour les performances de vitesse lors des journ\u00e9es les plus chaudes et des courses en montagne","og_url":"https:\/\/www.miomiorun.com\/fr\/produit\/short-thunder-homme\/","og_site_name":"MioMioRun","article_publisher":"https:\/\/www.facebook.com\/miomiorun\/","article_modified_time":"2026-04-30T08:30:21+00:00","og_image":[{"width":720,"height":720,"url":"https:\/\/www.miomiorun.com\/app\/uploads\/2026\/04\/crazy-Short-thunder-print-light-jeans-S26015259U-00X015.webp","type":"image\/webp"}],"twitter_card":"summary_large_image","twitter_misc":{"Est. reading time":"1 minute"},"schema":{"@context":"https:\/\/schema.org","@graph":[{"@type":"WebPage","@id":"https:\/\/www.miomiorun.com\/fr\/produit\/short-thunder-homme\/","url":"https:\/\/www.miomiorun.com\/fr\/produit\/short-thunder-homme\/","name":"Crazy Idea Short thunder homme - Short pour homme - MioMioRun","isPartOf":{"@id":"https:\/\/www.miomiorun.com\/fr\/#website"},"primaryImageOfPage":{"@id":"https:\/\/www.miomiorun.com\/fr\/produit\/short-thunder-homme\/#primaryimage"},"image":{"@id":"https:\/\/www.miomiorun.com\/fr\/produit\/short-thunder-homme\/#primaryimage"},"thumbnailUrl":"https:\/\/www.miomiorun.com\/app\/uploads\/2026\/04\/crazy-Short-thunder-print-light-jeans-S26015259U-00X015.webp","datePublished":"2026-04-16T09:22:37+00:00","dateModified":"2026-04-30T08:30:21+00:00","description":"short de course ultral\u00e9ger et respirant, id\u00e9al pour les performances de vitesse lors des journ\u00e9es les plus chaudes et des courses en montagne","breadcrumb":{"@id":"https:\/\/www.miomiorun.com\/fr\/produit\/short-thunder-homme\/#breadcrumb"},"inLanguage":"fr-FR","potentialAction":[{"@type":"ReadAction","target":["https:\/\/www.miomiorun.com\/fr\/produit\/short-thunder-homme\/"]}]},{"@type":"ImageObject","inLanguage":"fr-FR","@id":"https:\/\/www.miomiorun.com\/fr\/produit\/short-thunder-homme\/#primaryimage","url":"https:\/\/www.miomiorun.com\/app\/uploads\/2026\/04\/crazy-Short-thunder-print-light-jeans-S26015259U-00X015.webp","contentUrl":"https:\/\/www.miomiorun.com\/app\/uploads\/2026\/04\/crazy-Short-thunder-print-light-jeans-S26015259U-00X015.webp","width":720,"height":720,"caption":"crazy Short thunder print light jeans S26015259U-00X015"},{"@type":"BreadcrumbList","@id":"https:\/\/www.miomiorun.com\/fr\/produit\/short-thunder-homme\/#breadcrumb","itemListElement":[{"@type":"ListItem","position":1,"name":"Home","item":"https:\/\/www.miomiorun.com\/fr\/home-page\/"},{"@type":"ListItem","position":2,"name":"Shop","item":"https:\/\/www.miomiorun.com\/shop\/"},{"@type":"ListItem","position":3,"name":"Short thunder homme"}]},{"@type":"WebSite","@id":"https:\/\/www.miomiorun.com\/fr\/#website","url":"https:\/\/www.miomiorun.com\/fr\/","name":"MioMioRun","description":"Boutique 100% running et trail","publisher":{"@id":"https:\/\/www.miomiorun.com\/fr\/#organization"},"potentialAction":[{"@type":"SearchAction","target":{"@type":"EntryPoint","urlTemplate":"https:\/\/www.miomiorun.com\/fr\/?s={search_term_string}"},"query-input":{"@type":"PropertyValueSpecification","valueRequired":true,"valueName":"search_term_string"}}],"inLanguage":"fr-FR"},{"@type":"Organization","@id":"https:\/\/www.miomiorun.com\/fr\/#organization","name":"MioMio Run","url":"https:\/\/www.miomiorun.com\/fr\/","logo":{"@type":"ImageObject","inLanguage":"fr-FR","@id":"https:\/\/www.miomiorun.com\/fr\/#\/schema\/logo\/image\/","url":"https:\/\/www.miomiorun.com\/app\/uploads\/2019\/12\/logomio.png","contentUrl":"https:\/\/www.miomiorun.com\/app\/uploads\/2019\/12\/logomio.png","width":115,"height":82,"caption":"MioMio Run"},"image":{"@id":"https:\/\/www.miomiorun.com\/fr\/#\/schema\/logo\/image\/"},"sameAs":["https:\/\/www.facebook.com\/miomiorun\/","https:\/\/www.instagram.com\/miomiorun\/"]}]}},"_links":{"self":[{"href":"https:\/\/www.miomiorun.com\/fr\/wp-json\/wp\/v2\/product\/431846","targetHints":{"allow":["GET"]}}],"collection":[{"href":"https:\/\/www.miomiorun.com\/fr\/wp-json\/wp\/v2\/product"}],"about":[{"href":"https:\/\/www.miomiorun.com\/fr\/wp-json\/wp\/v2\/types\/product"}],"wp:featuredmedia":[{"embeddable":true,"href":"https:\/\/www.miomiorun.com\/fr\/wp-json\/wp\/v2\/media\/431863"}],"wp:attachment":[{"href":"https:\/\/www.miomiorun.com\/fr\/wp-json\/wp\/v2\/media?parent=431846"}],"wp:term":[{"taxonomy":"product_brand","embeddable":true,"href":"https:\/\/www.miomiorun.com\/fr\/wp-json\/wp\/v2\/product_brand?post=431846"},{"taxonomy":"product_cat","embeddable":true,"href":"https:\/\/www.miomiorun.com\/fr\/wp-json\/wp\/v2\/product_cat?post=431846"},{"taxonomy":"product_tag","embeddable":true,"href":"https:\/\/www.miomiorun.com\/fr\/wp-json\/wp\/v2\/product_tag?post=431846"}],"curies":[{"name":"wp","href":"https:\/\/api.w.org\/{rel}","templated":true}]}}