{"id":431771,"date":"2026-04-16T11:07:15","date_gmt":"2026-04-16T09:07:15","guid":{"rendered":"https:\/\/www.miomiorun.com\/?post_type=product&#038;p=431771"},"modified":"2026-04-30T10:23:56","modified_gmt":"2026-04-30T08:23:56","slug":"sun-hoodie-femme","status":"publish","type":"product","link":"https:\/\/www.miomiorun.com\/fr\/produit\/sun-hoodie-femme\/","title":{"rendered":"Sun Hoodie femme"},"content":{"rendered":"<p data-start=\"0\" data-end=\"783\">Le <strong data-start=\"3\" data-end=\"23\">Sun Hoodie Woman<\/strong> est un sweat \u00e0 manches longues con\u00e7u pour les journ\u00e9es les plus ensoleill\u00e9es. Il offre une couverture compl\u00e8te, de la fra\u00eecheur et une bonne respirabilit\u00e9, ainsi qu&#8217;une protection \u00e9lev\u00e9e <strong data-start=\"185\" data-end=\"196\">UPF 50+<\/strong> contre les rayons du soleil. Son design \u00e9pur\u00e9, rehauss\u00e9 d\u2019imprim\u00e9s modernes, la rend adapt\u00e9e aussi bien aux activit\u00e9s de plein air les plus techniques qu\u2019\u00e0 un usage quotidien, gr\u00e2ce notamment \u00e0 son tissu technique ultra-l\u00e9ger. La v\u00e9ritable innovation r\u00e9side dans l&#8217;int\u00e9gration de la technologie <strong data-start=\"447\" data-end=\"476\">F.I.R. (Far Infrared Ray)<\/strong> dans le tissu : en r\u00e9fl\u00e9chissant la chaleur corporelle sous forme de rayons infrarouges, elle aide \u00e0 stimuler la circulation, \u00e0 am\u00e9liorer l&#8217;oxyg\u00e9nation musculaire et \u00e0 favoriser l&#8217;\u00e9limination des toxines. Un soutien naturel \u00e0 la r\u00e9cup\u00e9ration et au bien-\u00eatre, id\u00e9al pour vous accompagner dans toutes vos activit\u00e9s avec un confort maximal.<\/p>\n<ul data-start=\"785\" data-end=\"884\">\n<li data-section-id=\"1f0grz1\" data-start=\"785\" data-end=\"804\">Imprim\u00e9 sur toute la surface<\/li>\n<li data-section-id=\"1mepawp\" data-start=\"805\" data-end=\"860\">Tissu frais et respirant avec protection UPF 50+<\/li>\n<li data-section-id=\"1n3r734\" data-start=\"861\" data-end=\"884\">Capuche int\u00e9gr\u00e9e<\/li>\n<\/ul>\n","protected":false},"excerpt":{"rendered":"<ul>\n<li data-section-id=\"66ygd4\" data-start=\"1130\" data-end=\"1194\"><strong data-start=\"1132\" data-end=\"1154\">Protection solaire :<\/strong> tissu UPF 50+ l\u00e9ger et respirant<\/li>\n<li data-section-id=\"p6ksfh\" data-start=\"1195\" data-end=\"1276\"><strong data-start=\"1197\" data-end=\"1218\">Bien-\u00eatre actif :<\/strong> technologie F.I.R. favorisant la circulation sanguine et la r\u00e9cup\u00e9ration<\/li>\n<li data-section-id=\"d91k1\" data-start=\"1277\" data-end=\"1359\" data-is-last-node=\"\"><strong data-start=\"1279\" data-end=\"1295\">Polyvalence :<\/strong> design moderne avec capuche, parfait pour le sport et les loisirs<\/li>\n<\/ul>\n","protected":false},"featured_media":431795,"template":"","meta":{"_acf_changed":false,"inline_featured_image":false},"product_brand":[],"product_cat":[22601,22596,22595],"product_tag":[23489,23491],"class_list":{"0":"post-431771","1":"product","2":"type-product","3":"status-publish","4":"has-post-thumbnail","6":"product_cat-maillots","7":"product_cat-vetements-pour-femmes","8":"product_cat-femme","9":"product_tag-crazy-idea-fr","10":"product_tag-crazy-idea-femme","11":"pa_attivita-lifestyle-fr","12":"pa_attivita-marcher","13":"pa_attivita-outdoor-fr","14":"pa_colore-sun-hoodie-w-aster","15":"pa_colore-sun-hoodie-w-pop-black","16":"pa_marca-crazy-idea-fr","17":"pa_sesso-femme","18":"pa_size-extra-small-fr","19":"pa_size-small-fr","20":"pa_size-medium-fr","22":"first","23":"instock","24":"sale","25":"taxable","26":"shipping-taxable","27":"purchasable","28":"product-type-variable","29":"wvs-archive-product-wrapper"},"acf":[],"yoast_head":"<!-- This site is optimized with the Yoast SEO plugin v26.8 - https:\/\/yoast.com\/product\/yoast-seo-wordpress\/ -->\n<title>Crazy Idea Sun Hoodie femme -Maillot- MioMioRun<\/title>\n<meta name=\"description\" content=\"Pull technique l\u00e9ger \u00e0 capuche, id\u00e9al pour la protection solaire, le confort et le soutien \u00e0 la r\u00e9cup\u00e9ration lors d&#039;activit\u00e9s en plein air et au quotidien\" \/>\n<meta name=\"robots\" content=\"index, follow, max-snippet:-1, max-image-preview:large, max-video-preview:-1\" \/>\n<link rel=\"canonical\" href=\"https:\/\/www.miomiorun.com\/fr\/produit\/sun-hoodie-femme\/\" \/>\n<meta property=\"og:locale\" content=\"fr_FR\" \/>\n<meta property=\"og:type\" content=\"article\" \/>\n<meta property=\"og:title\" content=\"Crazy Idea Sun Hoodie femme -Maillot- MioMioRun\" \/>\n<meta property=\"og:description\" content=\"Pull technique l\u00e9ger \u00e0 capuche, id\u00e9al pour la protection solaire, le confort et le soutien \u00e0 la r\u00e9cup\u00e9ration lors d&#039;activit\u00e9s en plein air et au quotidien\" \/>\n<meta property=\"og:url\" content=\"https:\/\/www.miomiorun.com\/fr\/produit\/sun-hoodie-femme\/\" \/>\n<meta property=\"og:site_name\" content=\"MioMioRun\" \/>\n<meta property=\"article:publisher\" content=\"https:\/\/www.facebook.com\/miomiorun\/\" \/>\n<meta property=\"article:modified_time\" content=\"2026-04-30T08:23:56+00:00\" \/>\n<meta property=\"og:image\" content=\"https:\/\/www.miomiorun.com\/app\/uploads\/2026\/04\/crazy-Sun-hoodie-W-pop-black-S26026084D-0063.webp\" \/>\n\t<meta property=\"og:image:width\" content=\"720\" \/>\n\t<meta property=\"og:image:height\" content=\"720\" \/>\n\t<meta property=\"og:image:type\" content=\"image\/webp\" \/>\n<meta name=\"twitter:card\" content=\"summary_large_image\" \/>\n<meta name=\"twitter:label1\" content=\"Est. reading time\" \/>\n\t<meta name=\"twitter:data1\" content=\"1 minute\" \/>\n<script type=\"application\/ld+json\" class=\"yoast-schema-graph\">{\"@context\":\"https:\/\/schema.org\",\"@graph\":[{\"@type\":\"WebPage\",\"@id\":\"https:\/\/www.miomiorun.com\/fr\/produit\/sun-hoodie-femme\/\",\"url\":\"https:\/\/www.miomiorun.com\/fr\/produit\/sun-hoodie-femme\/\",\"name\":\"Crazy Idea Sun Hoodie femme -Maillot- MioMioRun\",\"isPartOf\":{\"@id\":\"https:\/\/www.miomiorun.com\/fr\/#website\"},\"primaryImageOfPage\":{\"@id\":\"https:\/\/www.miomiorun.com\/fr\/produit\/sun-hoodie-femme\/#primaryimage\"},\"image\":{\"@id\":\"https:\/\/www.miomiorun.com\/fr\/produit\/sun-hoodie-femme\/#primaryimage\"},\"thumbnailUrl\":\"https:\/\/www.miomiorun.com\/app\/uploads\/2026\/04\/crazy-Sun-hoodie-W-pop-black-S26026084D-0063.webp\",\"datePublished\":\"2026-04-16T09:07:15+00:00\",\"dateModified\":\"2026-04-30T08:23:56+00:00\",\"description\":\"Pull technique l\u00e9ger \u00e0 capuche, id\u00e9al pour la protection solaire, le confort et le soutien \u00e0 la r\u00e9cup\u00e9ration lors d'activit\u00e9s en plein air et au quotidien\",\"breadcrumb\":{\"@id\":\"https:\/\/www.miomiorun.com\/fr\/produit\/sun-hoodie-femme\/#breadcrumb\"},\"inLanguage\":\"fr-FR\",\"potentialAction\":[{\"@type\":\"ReadAction\",\"target\":[\"https:\/\/www.miomiorun.com\/fr\/produit\/sun-hoodie-femme\/\"]}]},{\"@type\":\"ImageObject\",\"inLanguage\":\"fr-FR\",\"@id\":\"https:\/\/www.miomiorun.com\/fr\/produit\/sun-hoodie-femme\/#primaryimage\",\"url\":\"https:\/\/www.miomiorun.com\/app\/uploads\/2026\/04\/crazy-Sun-hoodie-W-pop-black-S26026084D-0063.webp\",\"contentUrl\":\"https:\/\/www.miomiorun.com\/app\/uploads\/2026\/04\/crazy-Sun-hoodie-W-pop-black-S26026084D-0063.webp\",\"width\":720,\"height\":720,\"caption\":\"crazy Sun hoodie W pop black S26026084D-0063\"},{\"@type\":\"BreadcrumbList\",\"@id\":\"https:\/\/www.miomiorun.com\/fr\/produit\/sun-hoodie-femme\/#breadcrumb\",\"itemListElement\":[{\"@type\":\"ListItem\",\"position\":1,\"name\":\"Home\",\"item\":\"https:\/\/www.miomiorun.com\/fr\/home-page\/\"},{\"@type\":\"ListItem\",\"position\":2,\"name\":\"Shop\",\"item\":\"https:\/\/www.miomiorun.com\/shop\/\"},{\"@type\":\"ListItem\",\"position\":3,\"name\":\"Sun Hoodie femme\"}]},{\"@type\":\"WebSite\",\"@id\":\"https:\/\/www.miomiorun.com\/fr\/#website\",\"url\":\"https:\/\/www.miomiorun.com\/fr\/\",\"name\":\"MioMioRun\",\"description\":\"Boutique 100% running et trail\",\"publisher\":{\"@id\":\"https:\/\/www.miomiorun.com\/fr\/#organization\"},\"potentialAction\":[{\"@type\":\"SearchAction\",\"target\":{\"@type\":\"EntryPoint\",\"urlTemplate\":\"https:\/\/www.miomiorun.com\/fr\/?s={search_term_string}\"},\"query-input\":{\"@type\":\"PropertyValueSpecification\",\"valueRequired\":true,\"valueName\":\"search_term_string\"}}],\"inLanguage\":\"fr-FR\"},{\"@type\":\"Organization\",\"@id\":\"https:\/\/www.miomiorun.com\/fr\/#organization\",\"name\":\"MioMio Run\",\"url\":\"https:\/\/www.miomiorun.com\/fr\/\",\"logo\":{\"@type\":\"ImageObject\",\"inLanguage\":\"fr-FR\",\"@id\":\"https:\/\/www.miomiorun.com\/fr\/#\/schema\/logo\/image\/\",\"url\":\"https:\/\/www.miomiorun.com\/app\/uploads\/2019\/12\/logomio.png\",\"contentUrl\":\"https:\/\/www.miomiorun.com\/app\/uploads\/2019\/12\/logomio.png\",\"width\":115,\"height\":82,\"caption\":\"MioMio Run\"},\"image\":{\"@id\":\"https:\/\/www.miomiorun.com\/fr\/#\/schema\/logo\/image\/\"},\"sameAs\":[\"https:\/\/www.facebook.com\/miomiorun\/\",\"https:\/\/www.instagram.com\/miomiorun\/\"]}]}<\/script>\n<!-- \/ Yoast SEO plugin. -->","yoast_head_json":{"title":"Crazy Idea Sun Hoodie femme -Maillot- MioMioRun","description":"Pull technique l\u00e9ger \u00e0 capuche, id\u00e9al pour la protection solaire, le confort et le soutien \u00e0 la r\u00e9cup\u00e9ration lors d'activit\u00e9s en plein air et au quotidien","robots":{"index":"index","follow":"follow","max-snippet":"max-snippet:-1","max-image-preview":"max-image-preview:large","max-video-preview":"max-video-preview:-1"},"canonical":"https:\/\/www.miomiorun.com\/fr\/produit\/sun-hoodie-femme\/","og_locale":"fr_FR","og_type":"article","og_title":"Crazy Idea Sun Hoodie femme -Maillot- MioMioRun","og_description":"Pull technique l\u00e9ger \u00e0 capuche, id\u00e9al pour la protection solaire, le confort et le soutien \u00e0 la r\u00e9cup\u00e9ration lors d'activit\u00e9s en plein air et au quotidien","og_url":"https:\/\/www.miomiorun.com\/fr\/produit\/sun-hoodie-femme\/","og_site_name":"MioMioRun","article_publisher":"https:\/\/www.facebook.com\/miomiorun\/","article_modified_time":"2026-04-30T08:23:56+00:00","og_image":[{"width":720,"height":720,"url":"https:\/\/www.miomiorun.com\/app\/uploads\/2026\/04\/crazy-Sun-hoodie-W-pop-black-S26026084D-0063.webp","type":"image\/webp"}],"twitter_card":"summary_large_image","twitter_misc":{"Est. reading time":"1 minute"},"schema":{"@context":"https:\/\/schema.org","@graph":[{"@type":"WebPage","@id":"https:\/\/www.miomiorun.com\/fr\/produit\/sun-hoodie-femme\/","url":"https:\/\/www.miomiorun.com\/fr\/produit\/sun-hoodie-femme\/","name":"Crazy Idea Sun Hoodie femme -Maillot- MioMioRun","isPartOf":{"@id":"https:\/\/www.miomiorun.com\/fr\/#website"},"primaryImageOfPage":{"@id":"https:\/\/www.miomiorun.com\/fr\/produit\/sun-hoodie-femme\/#primaryimage"},"image":{"@id":"https:\/\/www.miomiorun.com\/fr\/produit\/sun-hoodie-femme\/#primaryimage"},"thumbnailUrl":"https:\/\/www.miomiorun.com\/app\/uploads\/2026\/04\/crazy-Sun-hoodie-W-pop-black-S26026084D-0063.webp","datePublished":"2026-04-16T09:07:15+00:00","dateModified":"2026-04-30T08:23:56+00:00","description":"Pull technique l\u00e9ger \u00e0 capuche, id\u00e9al pour la protection solaire, le confort et le soutien \u00e0 la r\u00e9cup\u00e9ration lors d'activit\u00e9s en plein air et au quotidien","breadcrumb":{"@id":"https:\/\/www.miomiorun.com\/fr\/produit\/sun-hoodie-femme\/#breadcrumb"},"inLanguage":"fr-FR","potentialAction":[{"@type":"ReadAction","target":["https:\/\/www.miomiorun.com\/fr\/produit\/sun-hoodie-femme\/"]}]},{"@type":"ImageObject","inLanguage":"fr-FR","@id":"https:\/\/www.miomiorun.com\/fr\/produit\/sun-hoodie-femme\/#primaryimage","url":"https:\/\/www.miomiorun.com\/app\/uploads\/2026\/04\/crazy-Sun-hoodie-W-pop-black-S26026084D-0063.webp","contentUrl":"https:\/\/www.miomiorun.com\/app\/uploads\/2026\/04\/crazy-Sun-hoodie-W-pop-black-S26026084D-0063.webp","width":720,"height":720,"caption":"crazy Sun hoodie W pop black S26026084D-0063"},{"@type":"BreadcrumbList","@id":"https:\/\/www.miomiorun.com\/fr\/produit\/sun-hoodie-femme\/#breadcrumb","itemListElement":[{"@type":"ListItem","position":1,"name":"Home","item":"https:\/\/www.miomiorun.com\/fr\/home-page\/"},{"@type":"ListItem","position":2,"name":"Shop","item":"https:\/\/www.miomiorun.com\/shop\/"},{"@type":"ListItem","position":3,"name":"Sun Hoodie femme"}]},{"@type":"WebSite","@id":"https:\/\/www.miomiorun.com\/fr\/#website","url":"https:\/\/www.miomiorun.com\/fr\/","name":"MioMioRun","description":"Boutique 100% running et trail","publisher":{"@id":"https:\/\/www.miomiorun.com\/fr\/#organization"},"potentialAction":[{"@type":"SearchAction","target":{"@type":"EntryPoint","urlTemplate":"https:\/\/www.miomiorun.com\/fr\/?s={search_term_string}"},"query-input":{"@type":"PropertyValueSpecification","valueRequired":true,"valueName":"search_term_string"}}],"inLanguage":"fr-FR"},{"@type":"Organization","@id":"https:\/\/www.miomiorun.com\/fr\/#organization","name":"MioMio Run","url":"https:\/\/www.miomiorun.com\/fr\/","logo":{"@type":"ImageObject","inLanguage":"fr-FR","@id":"https:\/\/www.miomiorun.com\/fr\/#\/schema\/logo\/image\/","url":"https:\/\/www.miomiorun.com\/app\/uploads\/2019\/12\/logomio.png","contentUrl":"https:\/\/www.miomiorun.com\/app\/uploads\/2019\/12\/logomio.png","width":115,"height":82,"caption":"MioMio Run"},"image":{"@id":"https:\/\/www.miomiorun.com\/fr\/#\/schema\/logo\/image\/"},"sameAs":["https:\/\/www.facebook.com\/miomiorun\/","https:\/\/www.instagram.com\/miomiorun\/"]}]}},"_links":{"self":[{"href":"https:\/\/www.miomiorun.com\/fr\/wp-json\/wp\/v2\/product\/431771","targetHints":{"allow":["GET"]}}],"collection":[{"href":"https:\/\/www.miomiorun.com\/fr\/wp-json\/wp\/v2\/product"}],"about":[{"href":"https:\/\/www.miomiorun.com\/fr\/wp-json\/wp\/v2\/types\/product"}],"wp:featuredmedia":[{"embeddable":true,"href":"https:\/\/www.miomiorun.com\/fr\/wp-json\/wp\/v2\/media\/431795"}],"wp:attachment":[{"href":"https:\/\/www.miomiorun.com\/fr\/wp-json\/wp\/v2\/media?parent=431771"}],"wp:term":[{"taxonomy":"product_brand","embeddable":true,"href":"https:\/\/www.miomiorun.com\/fr\/wp-json\/wp\/v2\/product_brand?post=431771"},{"taxonomy":"product_cat","embeddable":true,"href":"https:\/\/www.miomiorun.com\/fr\/wp-json\/wp\/v2\/product_cat?post=431771"},{"taxonomy":"product_tag","embeddable":true,"href":"https:\/\/www.miomiorun.com\/fr\/wp-json\/wp\/v2\/product_tag?post=431771"}],"curies":[{"name":"wp","href":"https:\/\/api.w.org\/{rel}","templated":true}]}}