{"id":431608,"date":"2026-04-16T10:32:46","date_gmt":"2026-04-16T08:32:46","guid":{"rendered":"https:\/\/www.miomiorun.com\/?post_type=product&#038;p=431608"},"modified":"2026-04-30T10:22:48","modified_gmt":"2026-04-30T08:22:48","slug":"skirt-exit-femme","status":"publish","type":"product","link":"https:\/\/www.miomiorun.com\/fr\/produit\/skirt-exit-femme\/","title":{"rendered":"Skirt exit femme"},"content":{"rendered":"<p>La <strong>Skirt Exit<\/strong> allie un tissu technique con\u00e7u pour les activit\u00e9s de plein air \u00e0 un design f\u00e9minin et moderne, gr\u00e2ce \u00e0 sa coupe pliss\u00e9e unique en son genre. Outre son style, elle offre une grande fonctionnalit\u00e9 gr\u00e2ce \u00e0 son short int\u00e9gr\u00e9 en <strong>Revolutional Slim<\/strong> italien, appr\u00e9ci\u00e9 pour son effet de micro-massage qui favorise la microcirculation. Le tissu ext\u00e9rieur, frais et bi-\u00e9lastique, garantit une grande libert\u00e9 de mouvement et des performances \u00e9lev\u00e9es, m\u00eame lors des activit\u00e9s les plus intenses.<\/p>\n<ul>\n<li>Poche ouverte \u00e0 l&#8217;avant<\/li>\n<li>Bande \u00e9lastique \u00e0 la taille<\/li>\n<li>Coupe portefeuille avec ourlets coll\u00e9s<\/li>\n<li>Logos r\u00e9fl\u00e9chissants<\/li>\n<li>Coutures contrast\u00e9es<\/li>\n<\/ul>\n","protected":false},"excerpt":{"rendered":"<ul>\n<li><strong>Style et performance :<\/strong> un design f\u00e9minin de type portefeuille associ\u00e9 \u00e0 un tissu technique d&#8217;ext\u00e9rieur<strong><\/strong><\/li>\n<li><strong>Soutien et confort :<\/strong> short int\u00e9rieur en Revolutional Slim avec effet de micro-massage<\/li>\n<li><strong>Libert\u00e9 maximale :<\/strong> tissu bi-\u00e9lastique, l\u00e9ger et respirant pour les activit\u00e9s intenses<\/li>\n<\/ul>\n","protected":false},"featured_media":431637,"template":"","meta":{"_acf_changed":false,"inline_featured_image":false},"product_brand":[],"product_cat":[22602,22596,22595],"product_tag":[23489,23491],"class_list":{"0":"post-431608","1":"product","2":"type-product","3":"status-publish","4":"has-post-thumbnail","6":"product_cat-pantalon-court","7":"product_cat-vetements-pour-femmes","8":"product_cat-femme","9":"product_tag-crazy-idea-fr","10":"product_tag-crazy-idea-femme","11":"pa_attivita-outdoor-fr","12":"pa_attivita-trail-fr","13":"pa_colore-skirt-exit-w-aster","14":"pa_colore-skirt-exit-w-pop","15":"pa_marca-crazy-idea-fr","16":"pa_sesso-femme","17":"pa_size-extra-small-fr","18":"pa_size-small-fr","19":"pa_size-medium-fr","20":"pa_size-large-fr","22":"first","23":"instock","24":"sale","25":"taxable","26":"shipping-taxable","27":"purchasable","28":"product-type-variable","29":"wvs-archive-product-wrapper"},"acf":[],"yoast_head":"<!-- This site is optimized with the Yoast SEO plugin v26.8 - https:\/\/yoast.com\/product\/yoast-seo-wordpress\/ -->\n<title>Crazy Idea Skirt exit femme - je vais courir - MioMioRun<\/title>\n<meta name=\"description\" content=\"Jupe technique d&#039;ext\u00e9rieur avec short int\u00e9gr\u00e9, alliant style f\u00e9minin, confort et hautes performances lors des activit\u00e9s les plus intenses\" \/>\n<meta name=\"robots\" content=\"index, follow, max-snippet:-1, max-image-preview:large, max-video-preview:-1\" \/>\n<link rel=\"canonical\" href=\"https:\/\/www.miomiorun.com\/fr\/produit\/skirt-exit-femme\/\" \/>\n<meta property=\"og:locale\" content=\"fr_FR\" \/>\n<meta property=\"og:type\" content=\"article\" \/>\n<meta property=\"og:title\" content=\"Crazy Idea Skirt exit femme - je vais courir - MioMioRun\" \/>\n<meta property=\"og:description\" content=\"Jupe technique d&#039;ext\u00e9rieur avec short int\u00e9gr\u00e9, alliant style f\u00e9minin, confort et hautes performances lors des activit\u00e9s les plus intenses\" \/>\n<meta property=\"og:url\" content=\"https:\/\/www.miomiorun.com\/fr\/produit\/skirt-exit-femme\/\" \/>\n<meta property=\"og:site_name\" content=\"MioMioRun\" \/>\n<meta property=\"article:publisher\" content=\"https:\/\/www.facebook.com\/miomiorun\/\" \/>\n<meta property=\"article:modified_time\" content=\"2026-04-30T08:22:48+00:00\" \/>\n<meta property=\"og:image\" content=\"https:\/\/www.miomiorun.com\/app\/uploads\/2026\/04\/crazy-Skirt-exit-W-aster-S26045017D-143-lato.webp\" \/>\n\t<meta property=\"og:image:width\" content=\"720\" \/>\n\t<meta property=\"og:image:height\" content=\"720\" \/>\n\t<meta property=\"og:image:type\" content=\"image\/webp\" \/>\n<meta name=\"twitter:card\" content=\"summary_large_image\" \/>\n<meta name=\"twitter:label1\" content=\"Est. reading time\" \/>\n\t<meta name=\"twitter:data1\" content=\"1 minute\" \/>\n<script type=\"application\/ld+json\" class=\"yoast-schema-graph\">{\"@context\":\"https:\/\/schema.org\",\"@graph\":[{\"@type\":\"WebPage\",\"@id\":\"https:\/\/www.miomiorun.com\/fr\/produit\/skirt-exit-femme\/\",\"url\":\"https:\/\/www.miomiorun.com\/fr\/produit\/skirt-exit-femme\/\",\"name\":\"Crazy Idea Skirt exit femme - je vais courir - MioMioRun\",\"isPartOf\":{\"@id\":\"https:\/\/www.miomiorun.com\/fr\/#website\"},\"primaryImageOfPage\":{\"@id\":\"https:\/\/www.miomiorun.com\/fr\/produit\/skirt-exit-femme\/#primaryimage\"},\"image\":{\"@id\":\"https:\/\/www.miomiorun.com\/fr\/produit\/skirt-exit-femme\/#primaryimage\"},\"thumbnailUrl\":\"https:\/\/www.miomiorun.com\/app\/uploads\/2026\/04\/crazy-Skirt-exit-W-aster-S26045017D-143-lato.webp\",\"datePublished\":\"2026-04-16T08:32:46+00:00\",\"dateModified\":\"2026-04-30T08:22:48+00:00\",\"description\":\"Jupe technique d'ext\u00e9rieur avec short int\u00e9gr\u00e9, alliant style f\u00e9minin, confort et hautes performances lors des activit\u00e9s les plus intenses\",\"breadcrumb\":{\"@id\":\"https:\/\/www.miomiorun.com\/fr\/produit\/skirt-exit-femme\/#breadcrumb\"},\"inLanguage\":\"fr-FR\",\"potentialAction\":[{\"@type\":\"ReadAction\",\"target\":[\"https:\/\/www.miomiorun.com\/fr\/produit\/skirt-exit-femme\/\"]}]},{\"@type\":\"ImageObject\",\"inLanguage\":\"fr-FR\",\"@id\":\"https:\/\/www.miomiorun.com\/fr\/produit\/skirt-exit-femme\/#primaryimage\",\"url\":\"https:\/\/www.miomiorun.com\/app\/uploads\/2026\/04\/crazy-Skirt-exit-W-aster-S26045017D-143-lato.webp\",\"contentUrl\":\"https:\/\/www.miomiorun.com\/app\/uploads\/2026\/04\/crazy-Skirt-exit-W-aster-S26045017D-143-lato.webp\",\"width\":720,\"height\":720,\"caption\":\"crazy Skirt exit W aster S26045017D-143 lato\"},{\"@type\":\"BreadcrumbList\",\"@id\":\"https:\/\/www.miomiorun.com\/fr\/produit\/skirt-exit-femme\/#breadcrumb\",\"itemListElement\":[{\"@type\":\"ListItem\",\"position\":1,\"name\":\"Home\",\"item\":\"https:\/\/www.miomiorun.com\/fr\/home-page\/\"},{\"@type\":\"ListItem\",\"position\":2,\"name\":\"Shop\",\"item\":\"https:\/\/www.miomiorun.com\/shop\/\"},{\"@type\":\"ListItem\",\"position\":3,\"name\":\"Skirt exit femme\"}]},{\"@type\":\"WebSite\",\"@id\":\"https:\/\/www.miomiorun.com\/fr\/#website\",\"url\":\"https:\/\/www.miomiorun.com\/fr\/\",\"name\":\"MioMioRun\",\"description\":\"Boutique 100% running et trail\",\"publisher\":{\"@id\":\"https:\/\/www.miomiorun.com\/fr\/#organization\"},\"potentialAction\":[{\"@type\":\"SearchAction\",\"target\":{\"@type\":\"EntryPoint\",\"urlTemplate\":\"https:\/\/www.miomiorun.com\/fr\/?s={search_term_string}\"},\"query-input\":{\"@type\":\"PropertyValueSpecification\",\"valueRequired\":true,\"valueName\":\"search_term_string\"}}],\"inLanguage\":\"fr-FR\"},{\"@type\":\"Organization\",\"@id\":\"https:\/\/www.miomiorun.com\/fr\/#organization\",\"name\":\"MioMio Run\",\"url\":\"https:\/\/www.miomiorun.com\/fr\/\",\"logo\":{\"@type\":\"ImageObject\",\"inLanguage\":\"fr-FR\",\"@id\":\"https:\/\/www.miomiorun.com\/fr\/#\/schema\/logo\/image\/\",\"url\":\"https:\/\/www.miomiorun.com\/app\/uploads\/2019\/12\/logomio.png\",\"contentUrl\":\"https:\/\/www.miomiorun.com\/app\/uploads\/2019\/12\/logomio.png\",\"width\":115,\"height\":82,\"caption\":\"MioMio Run\"},\"image\":{\"@id\":\"https:\/\/www.miomiorun.com\/fr\/#\/schema\/logo\/image\/\"},\"sameAs\":[\"https:\/\/www.facebook.com\/miomiorun\/\",\"https:\/\/www.instagram.com\/miomiorun\/\"]}]}<\/script>\n<!-- \/ Yoast SEO plugin. -->","yoast_head_json":{"title":"Crazy Idea Skirt exit femme - je vais courir - MioMioRun","description":"Jupe technique d'ext\u00e9rieur avec short int\u00e9gr\u00e9, alliant style f\u00e9minin, confort et hautes performances lors des activit\u00e9s les plus intenses","robots":{"index":"index","follow":"follow","max-snippet":"max-snippet:-1","max-image-preview":"max-image-preview:large","max-video-preview":"max-video-preview:-1"},"canonical":"https:\/\/www.miomiorun.com\/fr\/produit\/skirt-exit-femme\/","og_locale":"fr_FR","og_type":"article","og_title":"Crazy Idea Skirt exit femme - je vais courir - MioMioRun","og_description":"Jupe technique d'ext\u00e9rieur avec short int\u00e9gr\u00e9, alliant style f\u00e9minin, confort et hautes performances lors des activit\u00e9s les plus intenses","og_url":"https:\/\/www.miomiorun.com\/fr\/produit\/skirt-exit-femme\/","og_site_name":"MioMioRun","article_publisher":"https:\/\/www.facebook.com\/miomiorun\/","article_modified_time":"2026-04-30T08:22:48+00:00","og_image":[{"width":720,"height":720,"url":"https:\/\/www.miomiorun.com\/app\/uploads\/2026\/04\/crazy-Skirt-exit-W-aster-S26045017D-143-lato.webp","type":"image\/webp"}],"twitter_card":"summary_large_image","twitter_misc":{"Est. reading time":"1 minute"},"schema":{"@context":"https:\/\/schema.org","@graph":[{"@type":"WebPage","@id":"https:\/\/www.miomiorun.com\/fr\/produit\/skirt-exit-femme\/","url":"https:\/\/www.miomiorun.com\/fr\/produit\/skirt-exit-femme\/","name":"Crazy Idea Skirt exit femme - je vais courir - MioMioRun","isPartOf":{"@id":"https:\/\/www.miomiorun.com\/fr\/#website"},"primaryImageOfPage":{"@id":"https:\/\/www.miomiorun.com\/fr\/produit\/skirt-exit-femme\/#primaryimage"},"image":{"@id":"https:\/\/www.miomiorun.com\/fr\/produit\/skirt-exit-femme\/#primaryimage"},"thumbnailUrl":"https:\/\/www.miomiorun.com\/app\/uploads\/2026\/04\/crazy-Skirt-exit-W-aster-S26045017D-143-lato.webp","datePublished":"2026-04-16T08:32:46+00:00","dateModified":"2026-04-30T08:22:48+00:00","description":"Jupe technique d'ext\u00e9rieur avec short int\u00e9gr\u00e9, alliant style f\u00e9minin, confort et hautes performances lors des activit\u00e9s les plus intenses","breadcrumb":{"@id":"https:\/\/www.miomiorun.com\/fr\/produit\/skirt-exit-femme\/#breadcrumb"},"inLanguage":"fr-FR","potentialAction":[{"@type":"ReadAction","target":["https:\/\/www.miomiorun.com\/fr\/produit\/skirt-exit-femme\/"]}]},{"@type":"ImageObject","inLanguage":"fr-FR","@id":"https:\/\/www.miomiorun.com\/fr\/produit\/skirt-exit-femme\/#primaryimage","url":"https:\/\/www.miomiorun.com\/app\/uploads\/2026\/04\/crazy-Skirt-exit-W-aster-S26045017D-143-lato.webp","contentUrl":"https:\/\/www.miomiorun.com\/app\/uploads\/2026\/04\/crazy-Skirt-exit-W-aster-S26045017D-143-lato.webp","width":720,"height":720,"caption":"crazy Skirt exit W aster S26045017D-143 lato"},{"@type":"BreadcrumbList","@id":"https:\/\/www.miomiorun.com\/fr\/produit\/skirt-exit-femme\/#breadcrumb","itemListElement":[{"@type":"ListItem","position":1,"name":"Home","item":"https:\/\/www.miomiorun.com\/fr\/home-page\/"},{"@type":"ListItem","position":2,"name":"Shop","item":"https:\/\/www.miomiorun.com\/shop\/"},{"@type":"ListItem","position":3,"name":"Skirt exit femme"}]},{"@type":"WebSite","@id":"https:\/\/www.miomiorun.com\/fr\/#website","url":"https:\/\/www.miomiorun.com\/fr\/","name":"MioMioRun","description":"Boutique 100% running et trail","publisher":{"@id":"https:\/\/www.miomiorun.com\/fr\/#organization"},"potentialAction":[{"@type":"SearchAction","target":{"@type":"EntryPoint","urlTemplate":"https:\/\/www.miomiorun.com\/fr\/?s={search_term_string}"},"query-input":{"@type":"PropertyValueSpecification","valueRequired":true,"valueName":"search_term_string"}}],"inLanguage":"fr-FR"},{"@type":"Organization","@id":"https:\/\/www.miomiorun.com\/fr\/#organization","name":"MioMio Run","url":"https:\/\/www.miomiorun.com\/fr\/","logo":{"@type":"ImageObject","inLanguage":"fr-FR","@id":"https:\/\/www.miomiorun.com\/fr\/#\/schema\/logo\/image\/","url":"https:\/\/www.miomiorun.com\/app\/uploads\/2019\/12\/logomio.png","contentUrl":"https:\/\/www.miomiorun.com\/app\/uploads\/2019\/12\/logomio.png","width":115,"height":82,"caption":"MioMio Run"},"image":{"@id":"https:\/\/www.miomiorun.com\/fr\/#\/schema\/logo\/image\/"},"sameAs":["https:\/\/www.facebook.com\/miomiorun\/","https:\/\/www.instagram.com\/miomiorun\/"]}]}},"_links":{"self":[{"href":"https:\/\/www.miomiorun.com\/fr\/wp-json\/wp\/v2\/product\/431608","targetHints":{"allow":["GET"]}}],"collection":[{"href":"https:\/\/www.miomiorun.com\/fr\/wp-json\/wp\/v2\/product"}],"about":[{"href":"https:\/\/www.miomiorun.com\/fr\/wp-json\/wp\/v2\/types\/product"}],"wp:featuredmedia":[{"embeddable":true,"href":"https:\/\/www.miomiorun.com\/fr\/wp-json\/wp\/v2\/media\/431637"}],"wp:attachment":[{"href":"https:\/\/www.miomiorun.com\/fr\/wp-json\/wp\/v2\/media?parent=431608"}],"wp:term":[{"taxonomy":"product_brand","embeddable":true,"href":"https:\/\/www.miomiorun.com\/fr\/wp-json\/wp\/v2\/product_brand?post=431608"},{"taxonomy":"product_cat","embeddable":true,"href":"https:\/\/www.miomiorun.com\/fr\/wp-json\/wp\/v2\/product_cat?post=431608"},{"taxonomy":"product_tag","embeddable":true,"href":"https:\/\/www.miomiorun.com\/fr\/wp-json\/wp\/v2\/product_tag?post=431608"}],"curies":[{"name":"wp","href":"https:\/\/api.w.org\/{rel}","templated":true}]}}