{"id":431355,"date":"2026-04-16T09:53:02","date_gmt":"2026-04-16T07:53:02","guid":{"rendered":"https:\/\/www.miomiorun.com\/?post_type=product&#038;p=431355"},"modified":"2026-04-30T10:19:37","modified_gmt":"2026-04-30T08:19:37","slug":"t-shirt-exit-femme","status":"publish","type":"product","link":"https:\/\/www.miomiorun.com\/fr\/produit\/t-shirt-exit-femme\/","title":{"rendered":"T-Shirt exit femme"},"content":{"rendered":"<div class=\"single-product-description\">\n<div class=\"single-product-description\">\n<p data-start=\"0\" data-end=\"505\">Le <strong data-start=\"3\" data-end=\"19\">T-shirt Exit<\/strong> fait peau neuve avec un design revisit\u00e9, de nouvelles couleurs et des motifs graphiques modernes. Con\u00e7u pour les activit\u00e9s de plein air, ce t-shirt \u00e0 la coupe \u00e9pur\u00e9e pr\u00e9sente une coupe technique soign\u00e9e, avec un ourlet arrondi et une fente lat\u00e9rale pour une plus grande libert\u00e9 de mouvement. Sa structure sans emmanchures, associ\u00e9e \u00e0 un tissu en maille micro-perfor\u00e9e l\u00e9ger et frais avec traitement <strong data-start=\"403\" data-end=\"413\">S-Caf\u00e9<\/strong>, assure un confort \u00e9lev\u00e9 et une respirabilit\u00e9 maximale, m\u00eame lors des activit\u00e9s les plus intenses.<\/p>\n<ul data-start=\"507\" data-end=\"608\" data-is-last-node=\"\" data-is-only-node=\"\">\n<li data-section-id=\"d0a1ri\" data-start=\"507\" data-end=\"530\">Impressions s\u00e9rigraphiques<\/li>\n<li data-section-id=\"5krw6i\" data-start=\"531\" data-end=\"564\">Coupe sans emmanchures<\/li>\n<li data-section-id=\"j0d6n0\" data-start=\"565\" data-end=\"586\">Logos r\u00e9fl\u00e9chissants<\/li>\n<li data-section-id=\"1d2uhlw\" data-start=\"587\" data-end=\"608\" data-is-last-node=\"\">Fentes lat\u00e9rales<\/li>\n<\/ul>\n<\/div>\n<\/div>\n","protected":false},"excerpt":{"rendered":"<ul>\n<li data-section-id=\"a516so\" data-start=\"0\" data-end=\"100\"><strong data-start=\"2\" data-end=\"29\" data-is-only-node=\"\">Respirabilit\u00e9 maximale :<\/strong> tissu en maille microperfor\u00e9e avec traitement S-Caf\u00e9, l\u00e9ger et frais<\/li>\n<li data-section-id=\"1j65jao\" data-start=\"101\" data-end=\"182\"><strong data-start=\"103\" data-end=\"128\" data-is-only-node=\"\">Libert\u00e9 de mouvement :<\/strong> coupe sans emmanchures et fentes lat\u00e9rales<\/li>\n<li data-section-id=\"ngs0xl\" data-start=\"183\" data-end=\"274\" data-is-last-node=\"\"><strong data-start=\"185\" data-end=\"204\" data-is-only-node=\"\">Design technique :<\/strong> coupe ajust\u00e9e, ourlet arrondi et d\u00e9tails r\u00e9fl\u00e9chissants pour un look moderne<\/li>\n<\/ul>\n","protected":false},"featured_media":431452,"template":"","meta":{"_acf_changed":false,"inline_featured_image":false},"product_brand":[],"product_cat":[24436,24444],"product_tag":[23489,23491],"class_list":{"0":"post-431355","1":"product","2":"type-product","3":"status-publish","4":"has-post-thumbnail","6":"product_cat-t-shirt-fr-2","7":"product_cat-vetements-pour-femmes-fr","8":"product_tag-crazy-idea-fr","9":"product_tag-crazy-idea-femme","10":"pa_attivita-lifestyle-fr","11":"pa_attivita-outdoor-fr","12":"pa_colore-shirt-exit-w-black","13":"pa_colore-shirt-exit-w-vento","14":"pa_marca-crazy-idea-fr","15":"pa_sesso-femme","16":"pa_size-extra-small-fr","17":"pa_size-small-fr","18":"pa_size-medium-fr","19":"pa_size-large-fr","21":"first","22":"instock","23":"sale","24":"taxable","25":"shipping-taxable","26":"purchasable","27":"product-type-variable","28":"wvs-archive-product-wrapper"},"acf":[],"yoast_head":"<!-- This site is optimized with the Yoast SEO plugin v26.8 - https:\/\/yoast.com\/product\/yoast-seo-wordpress\/ -->\n<title>Crazy Idea T-Shirt exit femme - T-shirt de course \u00e0 pied - MioMioRun<\/title>\n<meta name=\"description\" content=\"Le T-shirt Exit est un t-shirt technique l\u00e9ger et respirant, con\u00e7u pour les activit\u00e9s de plein air, qui allie confort, libert\u00e9 de mouvement et design moderne.\" \/>\n<meta name=\"robots\" content=\"index, follow, max-snippet:-1, max-image-preview:large, max-video-preview:-1\" \/>\n<link rel=\"canonical\" href=\"https:\/\/www.miomiorun.com\/fr\/produit\/t-shirt-exit-femme\/\" \/>\n<meta property=\"og:locale\" content=\"fr_FR\" \/>\n<meta property=\"og:type\" content=\"article\" \/>\n<meta property=\"og:title\" content=\"Crazy Idea T-Shirt exit femme - T-shirt de course \u00e0 pied - MioMioRun\" \/>\n<meta property=\"og:description\" content=\"Le T-shirt Exit est un t-shirt technique l\u00e9ger et respirant, con\u00e7u pour les activit\u00e9s de plein air, qui allie confort, libert\u00e9 de mouvement et design moderne.\" \/>\n<meta property=\"og:url\" content=\"https:\/\/www.miomiorun.com\/fr\/produit\/t-shirt-exit-femme\/\" \/>\n<meta property=\"og:site_name\" content=\"MioMioRun\" \/>\n<meta property=\"article:publisher\" content=\"https:\/\/www.facebook.com\/miomiorun\/\" \/>\n<meta property=\"article:modified_time\" content=\"2026-04-30T08:19:37+00:00\" \/>\n<meta property=\"og:image\" content=\"https:\/\/www.miomiorun.com\/app\/uploads\/2026\/04\/crazy-Shirt-exit-W-black-S26096149D-01.webp\" \/>\n\t<meta property=\"og:image:width\" content=\"720\" \/>\n\t<meta property=\"og:image:height\" content=\"720\" \/>\n\t<meta property=\"og:image:type\" content=\"image\/webp\" \/>\n<meta name=\"twitter:card\" content=\"summary_large_image\" \/>\n<meta name=\"twitter:label1\" content=\"Est. reading time\" \/>\n\t<meta name=\"twitter:data1\" content=\"1 minute\" \/>\n<script type=\"application\/ld+json\" class=\"yoast-schema-graph\">{\"@context\":\"https:\/\/schema.org\",\"@graph\":[{\"@type\":\"WebPage\",\"@id\":\"https:\/\/www.miomiorun.com\/fr\/produit\/t-shirt-exit-femme\/\",\"url\":\"https:\/\/www.miomiorun.com\/fr\/produit\/t-shirt-exit-femme\/\",\"name\":\"Crazy Idea T-Shirt exit femme - T-shirt de course \u00e0 pied - MioMioRun\",\"isPartOf\":{\"@id\":\"https:\/\/www.miomiorun.com\/fr\/#website\"},\"primaryImageOfPage\":{\"@id\":\"https:\/\/www.miomiorun.com\/fr\/produit\/t-shirt-exit-femme\/#primaryimage\"},\"image\":{\"@id\":\"https:\/\/www.miomiorun.com\/fr\/produit\/t-shirt-exit-femme\/#primaryimage\"},\"thumbnailUrl\":\"https:\/\/www.miomiorun.com\/app\/uploads\/2026\/04\/crazy-Shirt-exit-W-black-S26096149D-01.webp\",\"datePublished\":\"2026-04-16T07:53:02+00:00\",\"dateModified\":\"2026-04-30T08:19:37+00:00\",\"description\":\"Le T-shirt Exit est un t-shirt technique l\u00e9ger et respirant, con\u00e7u pour les activit\u00e9s de plein air, qui allie confort, libert\u00e9 de mouvement et design moderne.\",\"breadcrumb\":{\"@id\":\"https:\/\/www.miomiorun.com\/fr\/produit\/t-shirt-exit-femme\/#breadcrumb\"},\"inLanguage\":\"fr-FR\",\"potentialAction\":[{\"@type\":\"ReadAction\",\"target\":[\"https:\/\/www.miomiorun.com\/fr\/produit\/t-shirt-exit-femme\/\"]}]},{\"@type\":\"ImageObject\",\"inLanguage\":\"fr-FR\",\"@id\":\"https:\/\/www.miomiorun.com\/fr\/produit\/t-shirt-exit-femme\/#primaryimage\",\"url\":\"https:\/\/www.miomiorun.com\/app\/uploads\/2026\/04\/crazy-Shirt-exit-W-black-S26096149D-01.webp\",\"contentUrl\":\"https:\/\/www.miomiorun.com\/app\/uploads\/2026\/04\/crazy-Shirt-exit-W-black-S26096149D-01.webp\",\"width\":720,\"height\":720,\"caption\":\"crazy Shirt exit W black S26096149D-01\"},{\"@type\":\"BreadcrumbList\",\"@id\":\"https:\/\/www.miomiorun.com\/fr\/produit\/t-shirt-exit-femme\/#breadcrumb\",\"itemListElement\":[{\"@type\":\"ListItem\",\"position\":1,\"name\":\"Home\",\"item\":\"https:\/\/www.miomiorun.com\/fr\/home-page\/\"},{\"@type\":\"ListItem\",\"position\":2,\"name\":\"Shop\",\"item\":\"https:\/\/www.miomiorun.com\/shop\/\"},{\"@type\":\"ListItem\",\"position\":3,\"name\":\"T-Shirt exit femme\"}]},{\"@type\":\"WebSite\",\"@id\":\"https:\/\/www.miomiorun.com\/fr\/#website\",\"url\":\"https:\/\/www.miomiorun.com\/fr\/\",\"name\":\"MioMioRun\",\"description\":\"Boutique 100% running et trail\",\"publisher\":{\"@id\":\"https:\/\/www.miomiorun.com\/fr\/#organization\"},\"potentialAction\":[{\"@type\":\"SearchAction\",\"target\":{\"@type\":\"EntryPoint\",\"urlTemplate\":\"https:\/\/www.miomiorun.com\/fr\/?s={search_term_string}\"},\"query-input\":{\"@type\":\"PropertyValueSpecification\",\"valueRequired\":true,\"valueName\":\"search_term_string\"}}],\"inLanguage\":\"fr-FR\"},{\"@type\":\"Organization\",\"@id\":\"https:\/\/www.miomiorun.com\/fr\/#organization\",\"name\":\"MioMio Run\",\"url\":\"https:\/\/www.miomiorun.com\/fr\/\",\"logo\":{\"@type\":\"ImageObject\",\"inLanguage\":\"fr-FR\",\"@id\":\"https:\/\/www.miomiorun.com\/fr\/#\/schema\/logo\/image\/\",\"url\":\"https:\/\/www.miomiorun.com\/app\/uploads\/2019\/12\/logomio.png\",\"contentUrl\":\"https:\/\/www.miomiorun.com\/app\/uploads\/2019\/12\/logomio.png\",\"width\":115,\"height\":82,\"caption\":\"MioMio Run\"},\"image\":{\"@id\":\"https:\/\/www.miomiorun.com\/fr\/#\/schema\/logo\/image\/\"},\"sameAs\":[\"https:\/\/www.facebook.com\/miomiorun\/\",\"https:\/\/www.instagram.com\/miomiorun\/\"]}]}<\/script>\n<!-- \/ Yoast SEO plugin. -->","yoast_head_json":{"title":"Crazy Idea T-Shirt exit femme - T-shirt de course \u00e0 pied - MioMioRun","description":"Le T-shirt Exit est un t-shirt technique l\u00e9ger et respirant, con\u00e7u pour les activit\u00e9s de plein air, qui allie confort, libert\u00e9 de mouvement et design moderne.","robots":{"index":"index","follow":"follow","max-snippet":"max-snippet:-1","max-image-preview":"max-image-preview:large","max-video-preview":"max-video-preview:-1"},"canonical":"https:\/\/www.miomiorun.com\/fr\/produit\/t-shirt-exit-femme\/","og_locale":"fr_FR","og_type":"article","og_title":"Crazy Idea T-Shirt exit femme - T-shirt de course \u00e0 pied - MioMioRun","og_description":"Le T-shirt Exit est un t-shirt technique l\u00e9ger et respirant, con\u00e7u pour les activit\u00e9s de plein air, qui allie confort, libert\u00e9 de mouvement et design moderne.","og_url":"https:\/\/www.miomiorun.com\/fr\/produit\/t-shirt-exit-femme\/","og_site_name":"MioMioRun","article_publisher":"https:\/\/www.facebook.com\/miomiorun\/","article_modified_time":"2026-04-30T08:19:37+00:00","og_image":[{"width":720,"height":720,"url":"https:\/\/www.miomiorun.com\/app\/uploads\/2026\/04\/crazy-Shirt-exit-W-black-S26096149D-01.webp","type":"image\/webp"}],"twitter_card":"summary_large_image","twitter_misc":{"Est. reading time":"1 minute"},"schema":{"@context":"https:\/\/schema.org","@graph":[{"@type":"WebPage","@id":"https:\/\/www.miomiorun.com\/fr\/produit\/t-shirt-exit-femme\/","url":"https:\/\/www.miomiorun.com\/fr\/produit\/t-shirt-exit-femme\/","name":"Crazy Idea T-Shirt exit femme - T-shirt de course \u00e0 pied - MioMioRun","isPartOf":{"@id":"https:\/\/www.miomiorun.com\/fr\/#website"},"primaryImageOfPage":{"@id":"https:\/\/www.miomiorun.com\/fr\/produit\/t-shirt-exit-femme\/#primaryimage"},"image":{"@id":"https:\/\/www.miomiorun.com\/fr\/produit\/t-shirt-exit-femme\/#primaryimage"},"thumbnailUrl":"https:\/\/www.miomiorun.com\/app\/uploads\/2026\/04\/crazy-Shirt-exit-W-black-S26096149D-01.webp","datePublished":"2026-04-16T07:53:02+00:00","dateModified":"2026-04-30T08:19:37+00:00","description":"Le T-shirt Exit est un t-shirt technique l\u00e9ger et respirant, con\u00e7u pour les activit\u00e9s de plein air, qui allie confort, libert\u00e9 de mouvement et design moderne.","breadcrumb":{"@id":"https:\/\/www.miomiorun.com\/fr\/produit\/t-shirt-exit-femme\/#breadcrumb"},"inLanguage":"fr-FR","potentialAction":[{"@type":"ReadAction","target":["https:\/\/www.miomiorun.com\/fr\/produit\/t-shirt-exit-femme\/"]}]},{"@type":"ImageObject","inLanguage":"fr-FR","@id":"https:\/\/www.miomiorun.com\/fr\/produit\/t-shirt-exit-femme\/#primaryimage","url":"https:\/\/www.miomiorun.com\/app\/uploads\/2026\/04\/crazy-Shirt-exit-W-black-S26096149D-01.webp","contentUrl":"https:\/\/www.miomiorun.com\/app\/uploads\/2026\/04\/crazy-Shirt-exit-W-black-S26096149D-01.webp","width":720,"height":720,"caption":"crazy Shirt exit W black S26096149D-01"},{"@type":"BreadcrumbList","@id":"https:\/\/www.miomiorun.com\/fr\/produit\/t-shirt-exit-femme\/#breadcrumb","itemListElement":[{"@type":"ListItem","position":1,"name":"Home","item":"https:\/\/www.miomiorun.com\/fr\/home-page\/"},{"@type":"ListItem","position":2,"name":"Shop","item":"https:\/\/www.miomiorun.com\/shop\/"},{"@type":"ListItem","position":3,"name":"T-Shirt exit femme"}]},{"@type":"WebSite","@id":"https:\/\/www.miomiorun.com\/fr\/#website","url":"https:\/\/www.miomiorun.com\/fr\/","name":"MioMioRun","description":"Boutique 100% running et trail","publisher":{"@id":"https:\/\/www.miomiorun.com\/fr\/#organization"},"potentialAction":[{"@type":"SearchAction","target":{"@type":"EntryPoint","urlTemplate":"https:\/\/www.miomiorun.com\/fr\/?s={search_term_string}"},"query-input":{"@type":"PropertyValueSpecification","valueRequired":true,"valueName":"search_term_string"}}],"inLanguage":"fr-FR"},{"@type":"Organization","@id":"https:\/\/www.miomiorun.com\/fr\/#organization","name":"MioMio Run","url":"https:\/\/www.miomiorun.com\/fr\/","logo":{"@type":"ImageObject","inLanguage":"fr-FR","@id":"https:\/\/www.miomiorun.com\/fr\/#\/schema\/logo\/image\/","url":"https:\/\/www.miomiorun.com\/app\/uploads\/2019\/12\/logomio.png","contentUrl":"https:\/\/www.miomiorun.com\/app\/uploads\/2019\/12\/logomio.png","width":115,"height":82,"caption":"MioMio Run"},"image":{"@id":"https:\/\/www.miomiorun.com\/fr\/#\/schema\/logo\/image\/"},"sameAs":["https:\/\/www.facebook.com\/miomiorun\/","https:\/\/www.instagram.com\/miomiorun\/"]}]}},"_links":{"self":[{"href":"https:\/\/www.miomiorun.com\/fr\/wp-json\/wp\/v2\/product\/431355","targetHints":{"allow":["GET"]}}],"collection":[{"href":"https:\/\/www.miomiorun.com\/fr\/wp-json\/wp\/v2\/product"}],"about":[{"href":"https:\/\/www.miomiorun.com\/fr\/wp-json\/wp\/v2\/types\/product"}],"wp:featuredmedia":[{"embeddable":true,"href":"https:\/\/www.miomiorun.com\/fr\/wp-json\/wp\/v2\/media\/431452"}],"wp:attachment":[{"href":"https:\/\/www.miomiorun.com\/fr\/wp-json\/wp\/v2\/media?parent=431355"}],"wp:term":[{"taxonomy":"product_brand","embeddable":true,"href":"https:\/\/www.miomiorun.com\/fr\/wp-json\/wp\/v2\/product_brand?post=431355"},{"taxonomy":"product_cat","embeddable":true,"href":"https:\/\/www.miomiorun.com\/fr\/wp-json\/wp\/v2\/product_cat?post=431355"},{"taxonomy":"product_tag","embeddable":true,"href":"https:\/\/www.miomiorun.com\/fr\/wp-json\/wp\/v2\/product_tag?post=431355"}],"curies":[{"name":"wp","href":"https:\/\/api.w.org\/{rel}","templated":true}]}}